{"id":82644,"date":"2022-11-30T10:04:14","date_gmt":"2022-11-30T09:04:14","guid":{"rendered":"https:\/\/www.kinderwunschteam.berlin\/hizmet-alanlarimiz\/dogurganlik-rezervi-kopie"},"modified":"2022-11-30T10:04:15","modified_gmt":"2022-11-30T09:04:15","slug":"dogurganlik-rezervi-kopie","status":"publish","type":"page","link":"https:\/\/kwt.meiio.net\/tr\/uzun-omur\/dogurganlik-rezervi-kopie","title":{"rendered":"Do\u011furganl\u0131k rezervi [Kopie]"},"content":{"rendered":"<p>Do\u011furganl\u0131k rezervi, daha ilerideki bir zamanda hamile kalabilmek i\u00e7in, \u00fcreme h\u00fccre veya dokular\u0131n\u0131n dondurulmas\u0131\/saklanmas\u0131 anlam\u0131na gelmektedir. Bu se\u00e7imin nedenleri t\u0131bbi veya ya\u015fam tarz\u0131yla ilgili olabilir.<\/p>\n<p>Bunun ger\u00e7ekle\u015fmesi, en modern dondurma\/saklama y\u00f6ntemleriyle m\u00fcmk\u00fcnd\u00fcr.<\/p>\n<h2>Do\u011furganl\u0131k rezervi \u2013\u00a0<em>social freezing<\/em><\/h2>\n<h2><em>Ya\u015fam tarz\u0131<\/em>\u00a0\u00f6nlemi olarak do\u011furganl\u0131k rezervi<\/h2>\n<h3>\u00d6n s\u00f6z<\/h3>\n<p>Bir k\u0131z bebe\u011fin do\u011fumu itibariyle yumurtal\u0131klar\u0131ndaki yumurta say\u0131s\u0131 2 milyondur. Bu say\u0131 ergenli\u011fe kadarki s\u00fcrede 400.000\u2019e d\u00fc\u015fer. Kad\u0131n bundan sonraki do\u011furgan d\u00f6neminde her ay yakla\u015f\u0131k 1000 yumurta kaybeder. Yumurta kaybederken ayn\u0131 zamanda yumurtalar\u0131n kalitesi de k\u00f6t\u00fcle\u015fir. 30 ya\u015f\u0131ndaki bir kad\u0131nda her iki \u00fc\u00e7 yumurtadan biri kromozomal olarak d\u00fczg\u00fcnken, bu say\u0131 40 ya\u015f\u0131ndaki bir kad\u0131nda her be\u015f alt\u0131 yumurtada bire d\u00fc\u015fer.<\/p>\n<p>40\u2019l\u0131 ya\u015flar\u0131n ba\u015f\u0131ndaki bir kad\u0131n\u0131n spontan olarak gebe kalabilme oran\u0131 %10\u2019dur. 45 ya\u015f\u0131n\u0131 a\u015fm\u0131\u015f bir kad\u0131n\u0131n \u00e7ocuk do\u011furmas\u0131 ender g\u00f6r\u00fclen bir durumdur.<\/p>\n<p>Bug\u00fcn art\u0131k modern dondurma teknikleri sayesinde, hamileli\u011fin ileriki bir zamana ertelenmesi ve bunun i\u00e7in de yumurtalar\u0131n \u00f6nceden saklamaya al\u0131nmas\u0131 m\u00fcmk\u00fcn. \u201cDo\u011furganl\u0131k rezervi\u201c\u2019nin \u00f6n ko\u015fulu, yumurtalar\u0131n sa\u011fl\u0131kl\u0131 bir hamilelik i\u00e7in uygun kalitede oldu\u011fu bir zaman biriminde dondurulmu\u015f olmas\u0131d\u0131r.<\/p>\n<p>Bu y\u00f6ntem i\u00e7in kad\u0131nlarda en iyi ya\u015f 20\u2019lerin sonu, 30\u2019lar\u0131n ba\u015f\u0131d\u0131r. Fakat tecr\u00fcbelere g\u00f6re bir\u00e7ok kad\u0131n ancak 30\u2019lu ya\u015flar\u0131n ortalar\u0131nda \u00e7ocuk yapma konusuyla ciddi anlamda ilgilenmektedir.<\/p>\n<h3>Y\u00f6ntem<\/h3>\n<p>Prensip olarak normal siklusunda olan bir yumurta al\u0131n\u0131p saklanabilir. Fakat bunu yapmay\u0131 a\u015fa\u011f\u0131daki nedenlerden dolay\u0131 tavsiye etmiyoruz:<\/p>\n<ul>\n<li>Yumurtan\u0131n donma ve \u00e7\u00f6z\u00fclme i\u015flemine dayan\u0131kl\u0131 olaca\u011f\u0131 garanti edilemez.<\/li>\n<li>Her yumurtan\u0131n d\u00f6llenece\u011fi garanti edilemez.<\/li>\n<li>Her geli\u015fen embriyonun tutunaca\u011f\u0131 garanti edilemez.<\/li>\n<li>Takip eden d\u00f6nemde d\u00fc\u015f\u00fck yap\u0131lmayaca\u011f\u0131 garanti edilemez.<\/li>\n<\/ul>\n<p>30 ya\u015f\u0131ndaki bir kad\u0131nda embriyonlar\u0131n sadece % 30\u2019unun geli\u015fmeye m\u00fcsait bir embriyoya (blastokist) d\u00f6n\u00fc\u015febildi\u011fi dikkate al\u0131nd\u0131\u011f\u0131nda, daha fazla say\u0131da yumurtan\u0131n al\u0131n\u0131p dondurulmas\u0131 gerekti\u011fi a\u00e7\u0131k ve net olarak ortaya \u00e7\u0131kmaktad\u0131r. 30 ya\u015f\u0131ndaki bir kad\u0131na bir blastokist transfer edildi\u011finde, kad\u0131n\u0131n % 35 hamile olabilece\u011fi d\u00fc\u015f\u00fcn\u00fcl\u00fcr. \u0130ki blastokist transfer edildi\u011finde, % 50 -% 60 l\u0131k bir y\u00fczde s\u00f6z konusudur. K\u00fcm\u00fclatif olarak \u00fc\u00e7 kez iki adet blastokist transfer edildi\u011finde bu oran % 90\u2019\u0131 bulur!<\/p>\n<p>\u0130ki embriyonun transferinde ikiz olma riski \u00e7ok y\u00fcksek oldu\u011fundan biz\u00a0<em>SET<\/em>\u00a0(<strong>S<\/strong>ingle\u00a0<strong>E<\/strong>mbryo\u00a0<strong>T<\/strong>ransfer) metodunu tercih etmekteyiz. \u00d6nerimiz yakla\u015f\u0131k 30 yumurtan\u0131n al\u0131nmas\u0131 ve dondurulmas\u0131d\u0131r.<\/p>\n<p>Bu i\u015flemde, birinci d\u00f6nemde hormon stim\u00fclasyonu yap\u0131l\u0131r. Yap\u0131lacak tedaviye ve doza g\u00f6re siklus ba\u015f\u0131na 5-15 (20?) yumurta al\u0131nabilir. Konvansiyonel\u00a0<a title=\"Konvansiyonel IVF\" href=\"https:\/\/kwt.meiio.net\/tr\/?page_id=364\" target=\"_self\" rel=\"noopener noreferrer\">IVF<\/a>, tipik olarak y\u00fcksek dozda stim\u00fclasyon gibi riskleri de beraberinde getirdi\u011finden, ve bu y\u00fczden \u00f6zellikle do\u011furganl\u0131k rezervinin optimal\u00a0<strong>bir \u00e7\u00f6z\u00fcm<\/strong>\u00a0gibi g\u00f6r\u00fclemeyece\u011finden, size az stim\u00fcle eden\u00a0<a title=\"Mini IVF\" href=\"https:\/\/kwt.meiio.net\/tr\/?page_id=373\" target=\"_self\" rel=\"noopener noreferrer\">Mini IVF<\/a>\u00a0tekni\u011fini \u00f6neririz.<\/p>\n<p>30 yumurta alabilmek i\u00e7in, 4-6 tedavi siklusu planlaman\u0131z gerekir. Tedavi ba\u015f\u0131na \u00fccret: yakla\u015f\u0131k 1.200,00 EUR, ilaveten uzun s\u00fcreli depolama \u00fccreti yakla\u015f\u0131k 300,00 EUR\/y\u0131l.<\/p>\n<p>Bunu olabilecek IVF masraflar\u0131n\u0131 da ekleyerek bir perspektife getirdi\u011fimizde, 40 ya\u015f ba\u015flang\u0131c\u0131nda yumurtalar\u0131n \u00e7al\u0131\u015fmad\u0131\u011f\u0131 ortaya \u00e7\u0131kt\u0131\u011f\u0131nda, burada iyi yat\u0131r\u0131m yap\u0131ld\u0131\u011f\u0131 anla\u015f\u0131lacakt\u0131r. Konvansiyonel IVF, ila\u00e7larla birlikte 4.000,00 \u2013 5.000,00 EUR dolay\u0131nda bir masraf ve siklus ba\u015f\u0131na % 15\u2019lik bir ba\u015far\u0131 \u015fans\u0131 vaad etmektedir. (42\/43 ya\u015f\u0131nda)<\/p>\n<h3>Riskler<\/h3>\n<p>Klomifen ve d\u00fc\u015f\u00fck dozda gonadotropin ile stim\u00fclasyonun (uyar\u0131m\u0131n) riskleri d\u00fc\u015f\u00fckt\u00fcr. Belirgin bir \u015fi\u015fkinlik hissi olabilir. A\u015f\u0131r\u0131 stim\u00fclasyon ender, fakat k\u0131sa s\u00fcrelidir (birka\u00e7 g\u00fcn)<\/p>\n<h2>Medikal nedenlerden dolay\u0131 do\u011furganl\u0131k rezervi veya do\u011furganl\u0131\u011f\u0131n korumas\u0131<\/h2>\n<h3>\u00d6n s\u00f6z<\/h3>\n<p>Bir k\u0131z bebe\u011fin do\u011fumu itibariyle yumurtal\u0131klar\u0131ndaki yumurta say\u0131s\u0131 iki milyondur. Bu say\u0131 ergenli\u011fe kadarki s\u00fcrede 400.000\u2019e d\u00fc\u015fer. Kad\u0131n bundan sonraki do\u011furgan d\u00f6neminde her ay yakla\u015f\u0131k 1000 yumurta kaybeder. Yumurta kaybederken ayn\u0131 zamanda yumurtalar\u0131n kalitesi de k\u00f6t\u00fcle\u015fir. 30 ya\u015f\u0131ndaki bir kad\u0131nda her 2-3 yumurtadan biri kromozomal olarak d\u00fczg\u00fcnken, bu say\u0131 40 ya\u015f\u0131ndaki bir kad\u0131nda her 5-6 yumurtada bire d\u00fc\u015fer.<\/p>\n<p>40\u2019l\u0131 ya\u015flar\u0131n ba\u015f\u0131ndaki bir kad\u0131n\u0131n spontan olarak gebe kalabilme oran\u0131 %10\u2019dur. 45 ya\u015f\u0131n\u0131 a\u015fm\u0131\u015f bir kad\u0131n\u0131n \u00e7ocuk do\u011furmas\u0131 ender g\u00f6r\u00fclen bir durumdur.<\/p>\n<p>Ne yaz\u0131k ki daha \u00e7ocuk plan\u0131 yapmadan baz\u0131 hastal\u0131klarla y\u00fcz y\u00fcze kalabilirsiniz. Tedavilerle hayatta kalman\u0131z sa\u011flanm\u0131\u015f olsa bile, do\u011furganl\u0131k zarar g\u00f6rm\u00fc\u015f olabilir. Kanser ve endometriozis bu tip hastal\u0131klardand\u0131r. Genelde te\u015fhis ve tedavinin ba\u015flang\u0131c\u0131 (kemoterapi, \u0131\u015f\u0131n tedavisi, ameliyat) aras\u0131nda fazla zaman olmaz.<\/p>\n<p>O zaman yumurta dondurulup dondurulmayaca\u011f\u0131na \u00e7abucak karar verilmesi gerekmektedir. Modern dondurma teknikleri sayesinde, bug\u00fcn yumurtalar\u0131m\u0131z\u0131 uzun bir s\u00fcreli\u011fine saklayabiliyoruz. Bu y\u00fczden, g\u00fcn\u00fcm\u00fczde kad\u0131n, ba\u015far\u0131l\u0131 bir tedavi ald\u0131\u011f\u0131 ve bu i\u015fe belli bir zaman ay\u0131rd\u0131\u011f\u0131 takdirde hamile kalabilir.<\/p>\n<h3>Endometriozis<\/h3>\n<p>Endometriozis\u00a0farkl\u0131 \u015fekillerde do\u011furganl\u0131\u011f\u0131n azalmas\u0131na neden olan s\u0131k\u00e7a g\u00f6r\u00fclen bir hastal\u0131kt\u0131r. Bu hastal\u0131\u011f\u0131n do\u011fmas\u0131nda \u015fu fakt\u00f6rler rol oynayabilir:<\/p>\n<ul>\n<li>Sperm veya yumurta transferinde mekanik bir engel varsa.<\/li>\n<li>Endometriozisli b\u00f6lgedeki enfeksiyonlar, yumurtan\u0131n ve rahim mukozas\u0131n\u0131n embriyonu kabul etme yetene\u011fini azalt\u0131r.<\/li>\n<li>Endometriozisli b\u00f6lgenin cerrahi m\u00fcdahale ile al\u0131nmas\u0131 s\u0131ras\u0131nda her zaman sa\u011fl\u0131kl\u0131 doku kayb\u0131 da olur.<\/li>\n<\/ul>\n<p>Endometriozis sonucu do\u011furganl\u0131kta ortaya \u00e7\u0131kan mekanik bozukluklar t\u00fcp bebek y\u00f6ntemiyle (IVF) tedavi edilebilir.<\/p>\n<p>Yumurtal\u0131k dokusunda olu\u015facak doku kay\u0131plar\u0131n\u0131 geriye getiremeyiz.<\/p>\n<p>Hastal\u0131k ne kadar erken ba\u015flarsa, ne kadar uzun s\u00fcrerse ve gerekli tedavi ne kadar a\u011f\u0131r olursa, bir kad\u0131n\u0131n do\u011fal yolla gebe kalma ihtimali o kadar d\u00fc\u015f\u00fckt\u00fcr.<\/p>\n<p>Hastal\u0131k \u00e7o\u011funlukla, hen\u00fcz istese de \u00e7ocuk sahibi olamam\u0131\u015f kad\u0131nlar \u00fczerinde ara\u015ft\u0131r\u0131l\u0131r.<\/p>\n<h3>Kanser<\/h3>\n<p>Bir kad\u0131n do\u011furgan ya\u015flar\u0131ndan\u00a0<strong>\u00f6nce<\/strong>\u00a0veya do\u011furgan d\u00f6neminde kansere yakalan\u0131rsa, hayat\u0131 \u00fczerine verece\u011fi kararlar da almas\u0131 gereken kemoterapi ve\/veya \u0131\u015f\u0131n tedavisi sonucu tehlikeye girer.<\/p>\n<h3>Do\u011furganl\u0131\u011f\u0131 koruma Do\u011furganl\u0131k rezervi<\/h3>\n<p>Kad\u0131n hastal\u0131\u011f\u0131n\u0131 atlatt\u0131ktan sonra gerekli tedbirler al\u0131narak kad\u0131n\u0131n \u00e7ocuk yapabilmesi sa\u011flanabilir.<\/p>\n<p>Kad\u0131n\u0131n ya\u015f\u0131na, tedaviye kadar olan zamana, kad\u0131n\u0131n e\u015fiyle ili\u015fkisine ve di\u011fer fakt\u00f6rlere ba\u011fl\u0131 olarak de\u011fi\u015fik y\u00f6ntemler uygulanabilir.<\/p>\n<p>Genelde kemoterapiden fazla etkilenmemeleri i\u00e7in yumurtal\u0131klar\u0131n fonksiyonlar\u0131n\u0131 r\u00f6lantiye almak yeterli olacakt\u0131r. Yumurtal\u0131klar\u0131 \u0131\u015f\u0131n tedavisinden korumak amac\u0131yla v\u00fccut i\u00e7erisinde yerlerini de\u011fi\u015ftiren cerrahi m\u00fcdahaleler mevcuttur.<\/p>\n<p>Veya ilerideki bir zamanda yumurta geli\u015ftirilebilece\u011fi veya bu dokunun geri naklinden sonra fonksiyonlar\u0131na kavu\u015faca\u011f\u0131 umudu ile yumurtal\u0131k dokusu al\u0131n\u0131r.<\/p>\n<p>Do\u011furganl\u0131\u011f\u0131n s\u00fcreklili\u011finin sa\u011flanabilmesi i\u00e7in en kolay y\u00f6ntem yumurta h\u00fccrelerinin dondurularak saklanmas\u0131d\u0131r. Almanya\u2019da yayg\u0131nla\u015fm\u0131\u015f olan \u201cslow cooling\u201c y\u00f6ntemi ile sadece (\u00f6nceden) d\u00f6llenmi\u015f yumurtalar saklanabilmektedir. Bu anlamda, do\u011furganl\u0131k rezervi sadece kad\u0131n\u0131n gelecekte \u015fu anki partneri ile bir \u00e7ocuk sahibi olmay\u0131 planlamas\u0131 halinde anlaml\u0131 olacakt\u0131r.<\/p>\n<p>Sadece\u00a0vitrifikasyon\u00a0y\u00f6ntemi ile dondurularak korunan d\u00f6llenmemi\u015f yumurtalar ileride ya\u015fama \u015fans\u0131na sahiptirler. Bu y\u00f6ntemle bekar kad\u0131nlar veya \u00e7ocuk sahibi olmak istediklerinden emin olmayan kad\u0131nlar, d\u00f6llenmemi\u015f yumurtalar\u0131n\u0131 y\u0131llarca saklayabilirler.<\/p>\n","protected":false},"excerpt":{"rendered":"<p>Do\u011furganl\u0131k rezervi, daha ilerideki bir zamanda hamile kalabilmek i\u00e7in, \u00fcreme h\u00fccre veya dokular\u0131n\u0131n dondurulmas\u0131\/saklanmas\u0131 anlam\u0131na gelmektedir. Bu se\u00e7imin nedenleri t\u0131bbi [&hellip;]<\/p>\n","protected":false},"author":6,"featured_media":7576,"parent":7498,"menu_order":3,"comment_status":"closed","ping_status":"closed","template":"page-subnavi.php","meta":{"footnotes":""},"class_list":["post-82644","page","type-page","status-publish","has-post-thumbnail","hentry","page_category-startseitenteaser"],"yoast_head":"<!-- This site is optimized with the Yoast SEO plugin v25.6 - https:\/\/yoast.com\/wordpress\/plugins\/seo\/ -->\n<title>Do\u011furganl\u0131k rezervi [Kopie] &#8226; Kinderwunschteam Berlin<\/title>\n<meta name=\"description\" content=\"Do\u011furganl\u0131k rezervi, daha ilerideki bir zamanda hamile kalabilmek i\u00e7in, \u00fcreme h\u00fccre veya dokular\u0131n\u0131n dondurulmas\u0131\/saklanmas\u0131 anlam\u0131na gelmektedir. Bu\" \/>\n<meta name=\"robots\" content=\"noindex, follow, max-snippet:-1, max-image-preview:large, max-video-preview:-1\" \/>\n<meta property=\"og:locale\" content=\"tr_TR\" \/>\n<meta property=\"og:type\" content=\"article\" \/>\n<meta property=\"og:title\" content=\"Do\u011furganl\u0131k rezervi [Kopie] &#8226; Kinderwunschteam Berlin\" \/>\n<meta property=\"og:description\" content=\"Do\u011furganl\u0131k rezervi, daha ilerideki bir zamanda hamile kalabilmek i\u00e7in, \u00fcreme h\u00fccre veya dokular\u0131n\u0131n dondurulmas\u0131\/saklanmas\u0131 anlam\u0131na gelmektedir. Bu\" \/>\n<meta property=\"og:url\" content=\"https:\/\/kwt.meiio.net\/tr\/uzun-omur\/dogurganlik-rezervi-kopie\" \/>\n<meta property=\"og:site_name\" content=\"Kinderwunschteam Berlin\" \/>\n<meta property=\"article:publisher\" content=\"https:\/\/www.facebook.com\/kinderwunschteam.berlin\/\" \/>\n<meta property=\"article:modified_time\" content=\"2022-11-30T09:04:15+00:00\" \/>\n<meta property=\"og:image\" content=\"https:\/\/kwt.meiio.net\/wp-content\/uploads\/KWT-8501-Kryo.jpg\" \/>\n\t<meta property=\"og:image:width\" content=\"2000\" \/>\n\t<meta property=\"og:image:height\" content=\"670\" \/>\n\t<meta property=\"og:image:type\" content=\"image\/jpeg\" \/>\n<meta name=\"twitter:card\" content=\"summary_large_image\" \/>\n<script type=\"application\/ld+json\" class=\"yoast-schema-graph\">{\"@context\":\"https:\/\/schema.org\",\"@graph\":[{\"@type\":\"WebPage\",\"@id\":\"https:\/\/kwt.meiio.net\/tr\/uzun-omur\/dogurganlik-rezervi-kopie\",\"url\":\"https:\/\/kwt.meiio.net\/tr\/uzun-omur\/dogurganlik-rezervi-kopie\",\"name\":\"Do\u011furganl\u0131k rezervi [Kopie] &#8226; Kinderwunschteam Berlin\",\"isPartOf\":{\"@id\":\"https:\/\/kwt.meiio.net\/tr#website\"},\"primaryImageOfPage\":{\"@id\":\"https:\/\/kwt.meiio.net\/tr\/uzun-omur\/dogurganlik-rezervi-kopie#primaryimage\"},\"image\":{\"@id\":\"https:\/\/kwt.meiio.net\/tr\/uzun-omur\/dogurganlik-rezervi-kopie#primaryimage\"},\"thumbnailUrl\":\"https:\/\/kwt.meiio.net\/wp-content\/uploads\/KWT-8501-Kryo.jpg\",\"datePublished\":\"2022-11-30T09:04:14+00:00\",\"dateModified\":\"2022-11-30T09:04:15+00:00\",\"description\":\"Do\u011furganl\u0131k rezervi, daha ilerideki bir zamanda hamile kalabilmek i\u00e7in, \u00fcreme h\u00fccre veya dokular\u0131n\u0131n dondurulmas\u0131\/saklanmas\u0131 anlam\u0131na gelmektedir. Bu\",\"breadcrumb\":{\"@id\":\"https:\/\/kwt.meiio.net\/tr\/uzun-omur\/dogurganlik-rezervi-kopie#breadcrumb\"},\"inLanguage\":\"tr\",\"potentialAction\":[{\"@type\":\"ReadAction\",\"target\":[\"https:\/\/kwt.meiio.net\/tr\/uzun-omur\/dogurganlik-rezervi-kopie\"]}]},{\"@type\":\"ImageObject\",\"inLanguage\":\"tr\",\"@id\":\"https:\/\/kwt.meiio.net\/tr\/uzun-omur\/dogurganlik-rezervi-kopie#primaryimage\",\"url\":\"https:\/\/kwt.meiio.net\/wp-content\/uploads\/KWT-8501-Kryo.jpg\",\"contentUrl\":\"https:\/\/kwt.meiio.net\/wp-content\/uploads\/KWT-8501-Kryo.jpg\",\"width\":2000,\"height\":670,\"caption\":\"Kryo\"},{\"@type\":\"BreadcrumbList\",\"@id\":\"https:\/\/kwt.meiio.net\/tr\/uzun-omur\/dogurganlik-rezervi-kopie#breadcrumb\",\"itemListElement\":[{\"@type\":\"ListItem\",\"position\":1,\"name\":\"Startseite\",\"item\":\"https:\/\/kwt.meiio.net\/tr\"},{\"@type\":\"ListItem\",\"position\":2,\"name\":\"Hizmet alanlar\u0131m\u0131z\",\"item\":\"https:\/\/kwt.meiio.net\/tr\/uzun-omur\"},{\"@type\":\"ListItem\",\"position\":3,\"name\":\"Do\u011furganl\u0131k rezervi [Kopie]\"}]},{\"@type\":\"WebSite\",\"@id\":\"https:\/\/kwt.meiio.net\/tr#website\",\"url\":\"https:\/\/kwt.meiio.net\/tr\",\"name\":\"Kinderwunschteam Berlin\",\"description\":\"Kinderwunsch- und Endometriose-Zentrum\",\"publisher\":{\"@id\":\"https:\/\/kwt.meiio.net\/tr#organization\"},\"potentialAction\":[{\"@type\":\"SearchAction\",\"target\":{\"@type\":\"EntryPoint\",\"urlTemplate\":\"https:\/\/kwt.meiio.net\/tr?s={search_term_string}\"},\"query-input\":{\"@type\":\"PropertyValueSpecification\",\"valueRequired\":true,\"valueName\":\"search_term_string\"}}],\"inLanguage\":\"tr\"},{\"@type\":\"Organization\",\"@id\":\"https:\/\/kwt.meiio.net\/tr#organization\",\"name\":\"Kinderwunschteam Berlin\",\"url\":\"https:\/\/kwt.meiio.net\/tr\",\"logo\":{\"@type\":\"ImageObject\",\"inLanguage\":\"tr\",\"@id\":\"https:\/\/kwt.meiio.net\/tr#\/schema\/logo\/image\/\",\"url\":\"https:\/\/kwt.meiio.net\/wp-content\/uploads\/Logo-KinderwunschteamBerlin-NavBar@2.png\",\"contentUrl\":\"https:\/\/kwt.meiio.net\/wp-content\/uploads\/Logo-KinderwunschteamBerlin-NavBar@2.png\",\"width\":800,\"height\":200,\"caption\":\"Kinderwunschteam Berlin\"},\"image\":{\"@id\":\"https:\/\/kwt.meiio.net\/tr#\/schema\/logo\/image\/\"},\"sameAs\":[\"https:\/\/www.facebook.com\/kinderwunschteam.berlin\/\",\"https:\/\/www.instagram.com\/kinderwunschteamberlin\/\"]}]}<\/script>\n<!-- \/ Yoast SEO plugin. -->","yoast_head_json":{"title":"Do\u011furganl\u0131k rezervi [Kopie] &#8226; Kinderwunschteam Berlin","description":"Do\u011furganl\u0131k rezervi, daha ilerideki bir zamanda hamile kalabilmek i\u00e7in, \u00fcreme h\u00fccre veya dokular\u0131n\u0131n dondurulmas\u0131\/saklanmas\u0131 anlam\u0131na gelmektedir. Bu","robots":{"index":"noindex","follow":"follow","max-snippet":"max-snippet:-1","max-image-preview":"max-image-preview:large","max-video-preview":"max-video-preview:-1"},"og_locale":"tr_TR","og_type":"article","og_title":"Do\u011furganl\u0131k rezervi [Kopie] &#8226; Kinderwunschteam Berlin","og_description":"Do\u011furganl\u0131k rezervi, daha ilerideki bir zamanda hamile kalabilmek i\u00e7in, \u00fcreme h\u00fccre veya dokular\u0131n\u0131n dondurulmas\u0131\/saklanmas\u0131 anlam\u0131na gelmektedir. Bu","og_url":"https:\/\/kwt.meiio.net\/tr\/uzun-omur\/dogurganlik-rezervi-kopie","og_site_name":"Kinderwunschteam Berlin","article_publisher":"https:\/\/www.facebook.com\/kinderwunschteam.berlin\/","article_modified_time":"2022-11-30T09:04:15+00:00","og_image":[{"width":2000,"height":670,"url":"https:\/\/kwt.meiio.net\/wp-content\/uploads\/KWT-8501-Kryo.jpg","type":"image\/jpeg"}],"twitter_card":"summary_large_image","schema":{"@context":"https:\/\/schema.org","@graph":[{"@type":"WebPage","@id":"https:\/\/kwt.meiio.net\/tr\/uzun-omur\/dogurganlik-rezervi-kopie","url":"https:\/\/kwt.meiio.net\/tr\/uzun-omur\/dogurganlik-rezervi-kopie","name":"Do\u011furganl\u0131k rezervi [Kopie] &#8226; Kinderwunschteam Berlin","isPartOf":{"@id":"https:\/\/kwt.meiio.net\/tr#website"},"primaryImageOfPage":{"@id":"https:\/\/kwt.meiio.net\/tr\/uzun-omur\/dogurganlik-rezervi-kopie#primaryimage"},"image":{"@id":"https:\/\/kwt.meiio.net\/tr\/uzun-omur\/dogurganlik-rezervi-kopie#primaryimage"},"thumbnailUrl":"https:\/\/kwt.meiio.net\/wp-content\/uploads\/KWT-8501-Kryo.jpg","datePublished":"2022-11-30T09:04:14+00:00","dateModified":"2022-11-30T09:04:15+00:00","description":"Do\u011furganl\u0131k rezervi, daha ilerideki bir zamanda hamile kalabilmek i\u00e7in, \u00fcreme h\u00fccre veya dokular\u0131n\u0131n dondurulmas\u0131\/saklanmas\u0131 anlam\u0131na gelmektedir. Bu","breadcrumb":{"@id":"https:\/\/kwt.meiio.net\/tr\/uzun-omur\/dogurganlik-rezervi-kopie#breadcrumb"},"inLanguage":"tr","potentialAction":[{"@type":"ReadAction","target":["https:\/\/kwt.meiio.net\/tr\/uzun-omur\/dogurganlik-rezervi-kopie"]}]},{"@type":"ImageObject","inLanguage":"tr","@id":"https:\/\/kwt.meiio.net\/tr\/uzun-omur\/dogurganlik-rezervi-kopie#primaryimage","url":"https:\/\/kwt.meiio.net\/wp-content\/uploads\/KWT-8501-Kryo.jpg","contentUrl":"https:\/\/kwt.meiio.net\/wp-content\/uploads\/KWT-8501-Kryo.jpg","width":2000,"height":670,"caption":"Kryo"},{"@type":"BreadcrumbList","@id":"https:\/\/kwt.meiio.net\/tr\/uzun-omur\/dogurganlik-rezervi-kopie#breadcrumb","itemListElement":[{"@type":"ListItem","position":1,"name":"Startseite","item":"https:\/\/kwt.meiio.net\/tr"},{"@type":"ListItem","position":2,"name":"Hizmet alanlar\u0131m\u0131z","item":"https:\/\/kwt.meiio.net\/tr\/uzun-omur"},{"@type":"ListItem","position":3,"name":"Do\u011furganl\u0131k rezervi [Kopie]"}]},{"@type":"WebSite","@id":"https:\/\/kwt.meiio.net\/tr#website","url":"https:\/\/kwt.meiio.net\/tr","name":"Kinderwunschteam Berlin","description":"Kinderwunsch- und Endometriose-Zentrum","publisher":{"@id":"https:\/\/kwt.meiio.net\/tr#organization"},"potentialAction":[{"@type":"SearchAction","target":{"@type":"EntryPoint","urlTemplate":"https:\/\/kwt.meiio.net\/tr?s={search_term_string}"},"query-input":{"@type":"PropertyValueSpecification","valueRequired":true,"valueName":"search_term_string"}}],"inLanguage":"tr"},{"@type":"Organization","@id":"https:\/\/kwt.meiio.net\/tr#organization","name":"Kinderwunschteam Berlin","url":"https:\/\/kwt.meiio.net\/tr","logo":{"@type":"ImageObject","inLanguage":"tr","@id":"https:\/\/kwt.meiio.net\/tr#\/schema\/logo\/image\/","url":"https:\/\/kwt.meiio.net\/wp-content\/uploads\/Logo-KinderwunschteamBerlin-NavBar@2.png","contentUrl":"https:\/\/kwt.meiio.net\/wp-content\/uploads\/Logo-KinderwunschteamBerlin-NavBar@2.png","width":800,"height":200,"caption":"Kinderwunschteam Berlin"},"image":{"@id":"https:\/\/kwt.meiio.net\/tr#\/schema\/logo\/image\/"},"sameAs":["https:\/\/www.facebook.com\/kinderwunschteam.berlin\/","https:\/\/www.instagram.com\/kinderwunschteamberlin\/"]}]}},"_links":{"self":[{"href":"https:\/\/kwt.meiio.net\/tr\/wp-json\/wp\/v2\/pages\/82644","targetHints":{"allow":["GET"]}}],"collection":[{"href":"https:\/\/kwt.meiio.net\/tr\/wp-json\/wp\/v2\/pages"}],"about":[{"href":"https:\/\/kwt.meiio.net\/tr\/wp-json\/wp\/v2\/types\/page"}],"author":[{"embeddable":true,"href":"https:\/\/kwt.meiio.net\/tr\/wp-json\/wp\/v2\/users\/6"}],"replies":[{"embeddable":true,"href":"https:\/\/kwt.meiio.net\/tr\/wp-json\/wp\/v2\/comments?post=82644"}],"version-history":[{"count":0,"href":"https:\/\/kwt.meiio.net\/tr\/wp-json\/wp\/v2\/pages\/82644\/revisions"}],"up":[{"embeddable":true,"href":"https:\/\/kwt.meiio.net\/tr\/wp-json\/wp\/v2\/pages\/7498"}],"wp:featuredmedia":[{"embeddable":true,"href":"https:\/\/kwt.meiio.net\/tr\/wp-json\/wp\/v2\/media\/7576"}],"wp:attachment":[{"href":"https:\/\/kwt.meiio.net\/tr\/wp-json\/wp\/v2\/media?parent=82644"}],"curies":[{"name":"wp","href":"https:\/\/api.w.org\/{rel}","templated":true}]}}