{"id":82431,"date":"2021-02-25T10:58:10","date_gmt":"2021-02-25T09:58:10","guid":{"rendered":"https:\/\/www.kinderwunschteam.berlin\/?page_id=82431"},"modified":"2021-08-09T13:59:18","modified_gmt":"2021-08-09T11:59:18","slug":"prof-dr-med-juergen-weiss","status":"publish","type":"page","link":"https:\/\/kwt.meiio.net\/tr\/muayenehane\/ekip\/prof-dr-med-juergen-weiss","title":{"rendered":"Prof. Dr. med. J\u00fcrgen Wei\u00df"},"content":{"rendered":"<p><strong> K\u0131demli Hekim<br \/>\n<\/strong> <strong> Jinekoloji ve Obstetrik Uzman\u0131, Jinekolojik Endokrinoloji &amp; \u00fcreme t\u0131bb\u0131<br \/>\n<\/strong><strong>Temel, psikosomatik bak\u0131m <\/strong><\/p>\n<h2>\u00d6zge\u00e7mi\u015f<\/h2>\n<table>\n<tbody>\n<tr>\n<td><b> Soyad\u0131<\/b><\/td>\n<td>Prof. Dr. med. Weiss<\/td>\n<\/tr>\n<tr>\n<td><b> Ad\u0131<\/b><\/td>\n<td>J\u00fcrgen M.<\/td>\n<\/tr>\n<tr>\n<td><b> Aile Durumu<\/b><\/td>\n<td>evli<\/td>\n<\/tr>\n<tr>\n<td><b> Yeterlilik<\/b><\/td>\n<td>Jinekoloji ve Obstetrik Uzman\u0131, Jinekolojik Endokrinoloji &amp; amp; \u00dcreme t\u0131bb\u0131 Temel psikosomatik bak\u0131m<\/td>\n<\/tr>\n<tr>\n<td><b> \u00c7al\u0131\u015fmalar <\/b><\/td>\n<td>T\u00fcbingen \u00dcniversitesi&#8217;nde insan t\u0131bb\u0131 \u00e7al\u0131\u015fmas\u0131<\/td>\n<\/tr>\n<tr>\n<td><b> Tez<\/b><\/td>\n<td><\/td>\n<\/tr>\n<tr>\n<td colspan=\"2\"><b> Mezuniyetten bu yana t\u0131bbi aktivite <\/b><\/td>\n<\/tr>\n<tr>\n<td><b> 1996-2001 <\/b><\/td>\n<td>Jinekolog olmak i\u00e7in uzmanl\u0131k e\u011fitimi: L\u00fcbeck \u00dcniversitesi&#8217;nde kad\u0131n klini\u011fi<\/td>\n<\/tr>\n<tr>\n<td><b> 2001 <\/b><\/td>\n<td>Jinekoloji ve do\u011fum uzman\u0131 sertifikas\u0131: L\u00fcbeck \u00dcniversitesi jinekoloji klini\u011fi<\/td>\n<\/tr>\n<tr>\n<td><b> 2005 <\/b><\/td>\n<td>&#8220;Jinekolojik Endokrinoloji ve \u00dcreme T\u0131bb\u0131&#8221;nda iste\u011fe ba\u011fl\u0131 ileri e\u011fitimin tan\u0131nmas\u0131<\/td>\n<\/tr>\n<tr>\n<td><b> 2007-2010<\/b><\/td>\n<td>Jinekolojik Endokrinoloji ve \u00dcreme T\u0131bb\u0131 B\u00f6l\u00fcm ba\u015fkan\u0131 olarak W3 profes\u00f6rl\u00fc\u011f\u00fc: Ulm \u00dcniversitesi<\/td>\n<\/tr>\n<tr>\n<td><b>2010-2012<\/b><\/td>\n<td>Y\u00f6netici K\u0131demli Hekim ve \u00dcreme T\u0131bb\u0131 ve Jinekolojik Endokrinoloji Ba\u015fkan\u0131: Jena \u00dcniversitesi Kad\u0131n Klini\u011fi<\/td>\n<\/tr>\n<tr>\n<td><b>2013-2019<\/b><\/td>\n<td>\u0130svi\u00e7re, Luzern&#8217;de \u00fcreme t\u0131bb\u0131 ve jinekolojik endokrinoloji alan\u0131nda k\u0131demli doktor<\/td>\n<\/tr>\n<tr>\n<td><b>2020-2021<\/b><\/td>\n<td>VivaNeo \/ TFP uygulama klini\u011finde t\u0131bbi direkt\u00f6r<\/td>\n<\/tr>\n<tr>\n<td><b> 07\/2021&#8217;den beri <\/b><\/td>\n<td>MVZ Kinderwunschteam Berlin GmbH&#8217;de ba\u015f doktor<\/td>\n<\/tr>\n<\/tbody>\n<\/table>\n<h3>A\u015fa\u011f\u0131daki meslek birliklerinin \u00fcyesi<\/h3>\n<p>&nbsp;<\/p>\n","protected":false},"excerpt":{"rendered":"<p>Jinekoloji ve Obstetrik Uzman\u0131, Jinekolojik Endokrinoloji &#038; \u00fcreme t\u0131bb\u0131, Temel psikosomatik bak\u0131m<\/p>\n","protected":false},"author":6,"featured_media":82519,"parent":7777,"menu_order":2,"comment_status":"closed","ping_status":"closed","template":"","meta":{"footnotes":""},"class_list":["post-82431","page","type-page","status-publish","has-post-thumbnail","hentry"],"yoast_head":"<!-- This site is optimized with the Yoast SEO plugin v25.6 - https:\/\/yoast.com\/wordpress\/plugins\/seo\/ -->\n<title>Prof. Dr. med. J\u00fcrgen Wei\u00df &#8226; Kinderwunschteam Berlin<\/title>\n<meta name=\"description\" content=\"Jinekoloji ve Obstetrik Uzman\u0131, Jinekolojik Endokrinoloji &amp; \u00fcreme t\u0131bb\u0131, Temel psikosomatik bak\u0131m\" \/>\n<meta name=\"robots\" content=\"noindex, follow, max-snippet:-1, max-image-preview:large, max-video-preview:-1\" \/>\n<meta property=\"og:locale\" content=\"tr_TR\" \/>\n<meta property=\"og:type\" content=\"article\" \/>\n<meta property=\"og:title\" content=\"Prof. Dr. med. J\u00fcrgen Wei\u00df &#8226; Kinderwunschteam Berlin\" \/>\n<meta property=\"og:description\" content=\"Jinekoloji ve Obstetrik Uzman\u0131, Jinekolojik Endokrinoloji &amp; \u00fcreme t\u0131bb\u0131, Temel psikosomatik bak\u0131m\" \/>\n<meta property=\"og:url\" content=\"https:\/\/kwt.meiio.net\/tr\/muayenehane\/ekip\/prof-dr-med-juergen-weiss\" \/>\n<meta property=\"og:site_name\" content=\"Kinderwunschteam Berlin\" \/>\n<meta property=\"article:publisher\" content=\"https:\/\/www.facebook.com\/kinderwunschteam.berlin\/\" \/>\n<meta property=\"article:modified_time\" content=\"2021-08-09T11:59:18+00:00\" \/>\n<meta property=\"og:image\" content=\"https:\/\/kwt.meiio.net\/wp-content\/uploads\/Kinderwunschteam-Aerzte-ProfDrWeiss-gruen.jpg\" \/>\n\t<meta property=\"og:image:width\" content=\"2000\" \/>\n\t<meta property=\"og:image:height\" content=\"670\" \/>\n\t<meta property=\"og:image:type\" content=\"image\/jpeg\" \/>\n<meta name=\"twitter:card\" content=\"summary_large_image\" \/>\n<script type=\"application\/ld+json\" class=\"yoast-schema-graph\">{\"@context\":\"https:\/\/schema.org\",\"@graph\":[{\"@type\":\"WebPage\",\"@id\":\"https:\/\/kwt.meiio.net\/tr\/muayenehane\/ekip\/prof-dr-med-juergen-weiss\",\"url\":\"https:\/\/kwt.meiio.net\/tr\/muayenehane\/ekip\/prof-dr-med-juergen-weiss\",\"name\":\"Prof. Dr. med. J\u00fcrgen Wei\u00df &#8226; Kinderwunschteam Berlin\",\"isPartOf\":{\"@id\":\"https:\/\/kwt.meiio.net\/tr#website\"},\"primaryImageOfPage\":{\"@id\":\"https:\/\/kwt.meiio.net\/tr\/muayenehane\/ekip\/prof-dr-med-juergen-weiss#primaryimage\"},\"image\":{\"@id\":\"https:\/\/kwt.meiio.net\/tr\/muayenehane\/ekip\/prof-dr-med-juergen-weiss#primaryimage\"},\"thumbnailUrl\":\"https:\/\/kwt.meiio.net\/wp-content\/uploads\/Kinderwunschteam-Aerzte-ProfDrWeiss-gruen.jpg\",\"datePublished\":\"2021-02-25T09:58:10+00:00\",\"dateModified\":\"2021-08-09T11:59:18+00:00\",\"description\":\"Jinekoloji ve Obstetrik Uzman\u0131, Jinekolojik Endokrinoloji & \u00fcreme t\u0131bb\u0131, Temel psikosomatik bak\u0131m\",\"breadcrumb\":{\"@id\":\"https:\/\/kwt.meiio.net\/tr\/muayenehane\/ekip\/prof-dr-med-juergen-weiss#breadcrumb\"},\"inLanguage\":\"tr\",\"potentialAction\":[{\"@type\":\"ReadAction\",\"target\":[\"https:\/\/kwt.meiio.net\/tr\/muayenehane\/ekip\/prof-dr-med-juergen-weiss\"]}]},{\"@type\":\"ImageObject\",\"inLanguage\":\"tr\",\"@id\":\"https:\/\/kwt.meiio.net\/tr\/muayenehane\/ekip\/prof-dr-med-juergen-weiss#primaryimage\",\"url\":\"https:\/\/kwt.meiio.net\/wp-content\/uploads\/Kinderwunschteam-Aerzte-ProfDrWeiss-gruen.jpg\",\"contentUrl\":\"https:\/\/kwt.meiio.net\/wp-content\/uploads\/Kinderwunschteam-Aerzte-ProfDrWeiss-gruen.jpg\",\"width\":2000,\"height\":670,\"caption\":\"Prof. Dr. J\u00fcrgen Weiss \u00a9 Fabian Biasio\"},{\"@type\":\"BreadcrumbList\",\"@id\":\"https:\/\/kwt.meiio.net\/tr\/muayenehane\/ekip\/prof-dr-med-juergen-weiss#breadcrumb\",\"itemListElement\":[{\"@type\":\"ListItem\",\"position\":1,\"name\":\"Startseite\",\"item\":\"https:\/\/kwt.meiio.net\/tr\"},{\"@type\":\"ListItem\",\"position\":2,\"name\":\"Muayenehane\",\"item\":\"https:\/\/kwt.meiio.net\/tr\/muayenehane\"},{\"@type\":\"ListItem\",\"position\":3,\"name\":\"Ekip\",\"item\":\"https:\/\/kwt.meiio.net\/tr\/muayenehane\/ekip\"},{\"@type\":\"ListItem\",\"position\":4,\"name\":\"Prof. Dr. med. J\u00fcrgen Wei\u00df\"}]},{\"@type\":\"WebSite\",\"@id\":\"https:\/\/kwt.meiio.net\/tr#website\",\"url\":\"https:\/\/kwt.meiio.net\/tr\",\"name\":\"Kinderwunschteam Berlin\",\"description\":\"Kinderwunsch- und Endometriose-Zentrum\",\"publisher\":{\"@id\":\"https:\/\/kwt.meiio.net\/tr#organization\"},\"potentialAction\":[{\"@type\":\"SearchAction\",\"target\":{\"@type\":\"EntryPoint\",\"urlTemplate\":\"https:\/\/kwt.meiio.net\/tr?s={search_term_string}\"},\"query-input\":{\"@type\":\"PropertyValueSpecification\",\"valueRequired\":true,\"valueName\":\"search_term_string\"}}],\"inLanguage\":\"tr\"},{\"@type\":\"Organization\",\"@id\":\"https:\/\/kwt.meiio.net\/tr#organization\",\"name\":\"Kinderwunschteam Berlin\",\"url\":\"https:\/\/kwt.meiio.net\/tr\",\"logo\":{\"@type\":\"ImageObject\",\"inLanguage\":\"tr\",\"@id\":\"https:\/\/kwt.meiio.net\/tr#\/schema\/logo\/image\/\",\"url\":\"https:\/\/kwt.meiio.net\/wp-content\/uploads\/Logo-KinderwunschteamBerlin-NavBar@2.png\",\"contentUrl\":\"https:\/\/kwt.meiio.net\/wp-content\/uploads\/Logo-KinderwunschteamBerlin-NavBar@2.png\",\"width\":800,\"height\":200,\"caption\":\"Kinderwunschteam Berlin\"},\"image\":{\"@id\":\"https:\/\/kwt.meiio.net\/tr#\/schema\/logo\/image\/\"},\"sameAs\":[\"https:\/\/www.facebook.com\/kinderwunschteam.berlin\/\",\"https:\/\/www.instagram.com\/kinderwunschteamberlin\/\"]}]}<\/script>\n<!-- \/ Yoast SEO plugin. -->","yoast_head_json":{"title":"Prof. Dr. med. J\u00fcrgen Wei\u00df &#8226; Kinderwunschteam Berlin","description":"Jinekoloji ve Obstetrik Uzman\u0131, Jinekolojik Endokrinoloji & \u00fcreme t\u0131bb\u0131, Temel psikosomatik bak\u0131m","robots":{"index":"noindex","follow":"follow","max-snippet":"max-snippet:-1","max-image-preview":"max-image-preview:large","max-video-preview":"max-video-preview:-1"},"og_locale":"tr_TR","og_type":"article","og_title":"Prof. Dr. med. J\u00fcrgen Wei\u00df &#8226; Kinderwunschteam Berlin","og_description":"Jinekoloji ve Obstetrik Uzman\u0131, Jinekolojik Endokrinoloji & \u00fcreme t\u0131bb\u0131, Temel psikosomatik bak\u0131m","og_url":"https:\/\/kwt.meiio.net\/tr\/muayenehane\/ekip\/prof-dr-med-juergen-weiss","og_site_name":"Kinderwunschteam Berlin","article_publisher":"https:\/\/www.facebook.com\/kinderwunschteam.berlin\/","article_modified_time":"2021-08-09T11:59:18+00:00","og_image":[{"width":2000,"height":670,"url":"https:\/\/kwt.meiio.net\/wp-content\/uploads\/Kinderwunschteam-Aerzte-ProfDrWeiss-gruen.jpg","type":"image\/jpeg"}],"twitter_card":"summary_large_image","schema":{"@context":"https:\/\/schema.org","@graph":[{"@type":"WebPage","@id":"https:\/\/kwt.meiio.net\/tr\/muayenehane\/ekip\/prof-dr-med-juergen-weiss","url":"https:\/\/kwt.meiio.net\/tr\/muayenehane\/ekip\/prof-dr-med-juergen-weiss","name":"Prof. Dr. med. J\u00fcrgen Wei\u00df &#8226; Kinderwunschteam Berlin","isPartOf":{"@id":"https:\/\/kwt.meiio.net\/tr#website"},"primaryImageOfPage":{"@id":"https:\/\/kwt.meiio.net\/tr\/muayenehane\/ekip\/prof-dr-med-juergen-weiss#primaryimage"},"image":{"@id":"https:\/\/kwt.meiio.net\/tr\/muayenehane\/ekip\/prof-dr-med-juergen-weiss#primaryimage"},"thumbnailUrl":"https:\/\/kwt.meiio.net\/wp-content\/uploads\/Kinderwunschteam-Aerzte-ProfDrWeiss-gruen.jpg","datePublished":"2021-02-25T09:58:10+00:00","dateModified":"2021-08-09T11:59:18+00:00","description":"Jinekoloji ve Obstetrik Uzman\u0131, Jinekolojik Endokrinoloji & \u00fcreme t\u0131bb\u0131, Temel psikosomatik bak\u0131m","breadcrumb":{"@id":"https:\/\/kwt.meiio.net\/tr\/muayenehane\/ekip\/prof-dr-med-juergen-weiss#breadcrumb"},"inLanguage":"tr","potentialAction":[{"@type":"ReadAction","target":["https:\/\/kwt.meiio.net\/tr\/muayenehane\/ekip\/prof-dr-med-juergen-weiss"]}]},{"@type":"ImageObject","inLanguage":"tr","@id":"https:\/\/kwt.meiio.net\/tr\/muayenehane\/ekip\/prof-dr-med-juergen-weiss#primaryimage","url":"https:\/\/kwt.meiio.net\/wp-content\/uploads\/Kinderwunschteam-Aerzte-ProfDrWeiss-gruen.jpg","contentUrl":"https:\/\/kwt.meiio.net\/wp-content\/uploads\/Kinderwunschteam-Aerzte-ProfDrWeiss-gruen.jpg","width":2000,"height":670,"caption":"Prof. Dr. J\u00fcrgen Weiss \u00a9 Fabian Biasio"},{"@type":"BreadcrumbList","@id":"https:\/\/kwt.meiio.net\/tr\/muayenehane\/ekip\/prof-dr-med-juergen-weiss#breadcrumb","itemListElement":[{"@type":"ListItem","position":1,"name":"Startseite","item":"https:\/\/kwt.meiio.net\/tr"},{"@type":"ListItem","position":2,"name":"Muayenehane","item":"https:\/\/kwt.meiio.net\/tr\/muayenehane"},{"@type":"ListItem","position":3,"name":"Ekip","item":"https:\/\/kwt.meiio.net\/tr\/muayenehane\/ekip"},{"@type":"ListItem","position":4,"name":"Prof. Dr. med. J\u00fcrgen Wei\u00df"}]},{"@type":"WebSite","@id":"https:\/\/kwt.meiio.net\/tr#website","url":"https:\/\/kwt.meiio.net\/tr","name":"Kinderwunschteam Berlin","description":"Kinderwunsch- und Endometriose-Zentrum","publisher":{"@id":"https:\/\/kwt.meiio.net\/tr#organization"},"potentialAction":[{"@type":"SearchAction","target":{"@type":"EntryPoint","urlTemplate":"https:\/\/kwt.meiio.net\/tr?s={search_term_string}"},"query-input":{"@type":"PropertyValueSpecification","valueRequired":true,"valueName":"search_term_string"}}],"inLanguage":"tr"},{"@type":"Organization","@id":"https:\/\/kwt.meiio.net\/tr#organization","name":"Kinderwunschteam Berlin","url":"https:\/\/kwt.meiio.net\/tr","logo":{"@type":"ImageObject","inLanguage":"tr","@id":"https:\/\/kwt.meiio.net\/tr#\/schema\/logo\/image\/","url":"https:\/\/kwt.meiio.net\/wp-content\/uploads\/Logo-KinderwunschteamBerlin-NavBar@2.png","contentUrl":"https:\/\/kwt.meiio.net\/wp-content\/uploads\/Logo-KinderwunschteamBerlin-NavBar@2.png","width":800,"height":200,"caption":"Kinderwunschteam Berlin"},"image":{"@id":"https:\/\/kwt.meiio.net\/tr#\/schema\/logo\/image\/"},"sameAs":["https:\/\/www.facebook.com\/kinderwunschteam.berlin\/","https:\/\/www.instagram.com\/kinderwunschteamberlin\/"]}]}},"_links":{"self":[{"href":"https:\/\/kwt.meiio.net\/tr\/wp-json\/wp\/v2\/pages\/82431","targetHints":{"allow":["GET"]}}],"collection":[{"href":"https:\/\/kwt.meiio.net\/tr\/wp-json\/wp\/v2\/pages"}],"about":[{"href":"https:\/\/kwt.meiio.net\/tr\/wp-json\/wp\/v2\/types\/page"}],"author":[{"embeddable":true,"href":"https:\/\/kwt.meiio.net\/tr\/wp-json\/wp\/v2\/users\/6"}],"replies":[{"embeddable":true,"href":"https:\/\/kwt.meiio.net\/tr\/wp-json\/wp\/v2\/comments?post=82431"}],"version-history":[{"count":0,"href":"https:\/\/kwt.meiio.net\/tr\/wp-json\/wp\/v2\/pages\/82431\/revisions"}],"up":[{"embeddable":true,"href":"https:\/\/kwt.meiio.net\/tr\/wp-json\/wp\/v2\/pages\/7777"}],"wp:featuredmedia":[{"embeddable":true,"href":"https:\/\/kwt.meiio.net\/tr\/wp-json\/wp\/v2\/media\/82519"}],"wp:attachment":[{"href":"https:\/\/kwt.meiio.net\/tr\/wp-json\/wp\/v2\/media?parent=82431"}],"curies":[{"name":"wp","href":"https:\/\/api.w.org\/{rel}","templated":true}]}}