{"id":82419,"date":"2021-02-25T10:34:56","date_gmt":"2021-02-25T09:34:56","guid":{"rendered":"https:\/\/www.kinderwunschteam.berlin\/muayenehane\/ekip\/dr-med-sophie-freifrau-von-welser-kopie"},"modified":"2021-08-10T14:09:02","modified_gmt":"2021-08-10T12:09:02","slug":"dr-med-franziska-klatt","status":"publish","type":"page","link":"https:\/\/kwt.meiio.net\/tr\/muayenehane\/ekip\/dr-med-franziska-klatt","title":{"rendered":"Dr. med. Franziska Klatt"},"content":{"rendered":"<p><strong> Jinekolog ve Do\u011fum Uzman\u0131 <\/strong><\/p>\n<h2>\u00d6zge\u00e7mi\u015f<\/h2>\n<table>\n<tbody>\n<tr>\n<td><b> Soyad\u0131<\/b><\/td>\n<td>Dr. med. Klatt<\/td>\n<\/tr>\n<tr>\n<td><b> Ad\u0131<\/b><\/td>\n<td>Franziska<\/td>\n<\/tr>\n<tr>\n<td><\/td>\n<td>evli, iki \u00e7ocuk<\/td>\n<\/tr>\n<tr>\n<td><b> \u00c7al\u0131\u015fmalar<\/b><\/td>\n<td>Charles \u00dcniversitesi&#8217;nde insan t\u0131bb\u0131 \u00e7al\u0131\u015fmas\u0131 (2006-2012)<\/td>\n<\/tr>\n<tr>\n<td><b> Tez<\/b><\/td>\n<td>Uygulamada endometriozis hastalar\u0131n\u0131n bak\u0131m\u0131 sa\u011fl\u0131k ekonomisi a\u00e7\u0131s\u0131ndan anlaml\u0131 m\u0131? Jinekolojik uygulamada endometriozis tedavisinin klinik ve sa\u011fl\u0131k a\u00e7\u0131s\u0131ndan ekonomik analizi ve poliklinik cerrahi alan\u0131 (2017)<\/td>\n<\/tr>\n<tr>\n<td colspan=\"2\"><b> Mezuniyetten bu yana t\u0131bbi aktivite <\/b><\/td>\n<\/tr>\n<tr>\n<td>2012-2020<\/td>\n<td>Jinekoloji ve obstetrik alan\u0131nda uzman e\u011fitimi &#8211; en son Prof. Dr. Dr. Ebert<\/td>\n<\/tr>\n<tr>\n<td>2021&#8217;den beri<\/td>\n<td>Dr. med. G\u00fclden Halis<\/td>\n<\/tr>\n<\/tbody>\n<\/table>\n<h3>A\u015fa\u011f\u0131daki meslek birliklerinin \u00fcyesi<\/h3>\n<p>Jinekologlar Meslek Birli\u011fi<\/p>\n","protected":false},"excerpt":{"rendered":"<p>Jinekolog ve Do\u011fum Uzman\u0131<\/p>\n","protected":false},"author":6,"featured_media":80131,"parent":7777,"menu_order":4,"comment_status":"closed","ping_status":"closed","template":"","meta":{"footnotes":""},"class_list":["post-82419","page","type-page","status-publish","has-post-thumbnail","hentry"],"yoast_head":"<!-- This site is optimized with the Yoast SEO plugin v25.6 - https:\/\/yoast.com\/wordpress\/plugins\/seo\/ -->\n<title>Dr. med. Franziska Klatt &#8226; Kinderwunschteam Berlin<\/title>\n<meta name=\"description\" content=\"Jinekolog ve Do\u011fum Uzman\u0131\" \/>\n<meta name=\"robots\" content=\"noindex, follow, max-snippet:-1, max-image-preview:large, max-video-preview:-1\" \/>\n<meta property=\"og:locale\" content=\"tr_TR\" \/>\n<meta property=\"og:type\" content=\"article\" \/>\n<meta property=\"og:title\" content=\"Dr. med. Franziska Klatt &#8226; Kinderwunschteam Berlin\" \/>\n<meta property=\"og:description\" content=\"Jinekolog ve Do\u011fum Uzman\u0131\" \/>\n<meta property=\"og:url\" content=\"https:\/\/kwt.meiio.net\/tr\/muayenehane\/ekip\/dr-med-franziska-klatt\" \/>\n<meta property=\"og:site_name\" content=\"Kinderwunschteam Berlin\" \/>\n<meta property=\"article:publisher\" content=\"https:\/\/www.facebook.com\/kinderwunschteam.berlin\/\" \/>\n<meta property=\"article:modified_time\" content=\"2021-08-10T12:09:02+00:00\" \/>\n<meta property=\"og:image\" content=\"https:\/\/kwt.meiio.net\/wp-content\/uploads\/platzhalter-seitentitel-portrait.jpg\" \/>\n\t<meta property=\"og:image:width\" content=\"2000\" \/>\n\t<meta property=\"og:image:height\" content=\"670\" \/>\n\t<meta property=\"og:image:type\" content=\"image\/jpeg\" \/>\n<meta name=\"twitter:card\" content=\"summary_large_image\" \/>\n<script type=\"application\/ld+json\" class=\"yoast-schema-graph\">{\"@context\":\"https:\/\/schema.org\",\"@graph\":[{\"@type\":\"WebPage\",\"@id\":\"https:\/\/kwt.meiio.net\/tr\/muayenehane\/ekip\/dr-med-franziska-klatt\",\"url\":\"https:\/\/kwt.meiio.net\/tr\/muayenehane\/ekip\/dr-med-franziska-klatt\",\"name\":\"Dr. med. Franziska Klatt &#8226; Kinderwunschteam Berlin\",\"isPartOf\":{\"@id\":\"https:\/\/kwt.meiio.net\/tr#website\"},\"primaryImageOfPage\":{\"@id\":\"https:\/\/kwt.meiio.net\/tr\/muayenehane\/ekip\/dr-med-franziska-klatt#primaryimage\"},\"image\":{\"@id\":\"https:\/\/kwt.meiio.net\/tr\/muayenehane\/ekip\/dr-med-franziska-klatt#primaryimage\"},\"thumbnailUrl\":\"https:\/\/kwt.meiio.net\/wp-content\/uploads\/platzhalter-seitentitel-portrait.jpg\",\"datePublished\":\"2021-02-25T09:34:56+00:00\",\"dateModified\":\"2021-08-10T12:09:02+00:00\",\"description\":\"Jinekolog ve Do\u011fum Uzman\u0131\",\"breadcrumb\":{\"@id\":\"https:\/\/kwt.meiio.net\/tr\/muayenehane\/ekip\/dr-med-franziska-klatt#breadcrumb\"},\"inLanguage\":\"tr\",\"potentialAction\":[{\"@type\":\"ReadAction\",\"target\":[\"https:\/\/kwt.meiio.net\/tr\/muayenehane\/ekip\/dr-med-franziska-klatt\"]}]},{\"@type\":\"ImageObject\",\"inLanguage\":\"tr\",\"@id\":\"https:\/\/kwt.meiio.net\/tr\/muayenehane\/ekip\/dr-med-franziska-klatt#primaryimage\",\"url\":\"https:\/\/kwt.meiio.net\/wp-content\/uploads\/platzhalter-seitentitel-portrait.jpg\",\"contentUrl\":\"https:\/\/kwt.meiio.net\/wp-content\/uploads\/platzhalter-seitentitel-portrait.jpg\",\"width\":2000,\"height\":670},{\"@type\":\"BreadcrumbList\",\"@id\":\"https:\/\/kwt.meiio.net\/tr\/muayenehane\/ekip\/dr-med-franziska-klatt#breadcrumb\",\"itemListElement\":[{\"@type\":\"ListItem\",\"position\":1,\"name\":\"Startseite\",\"item\":\"https:\/\/kwt.meiio.net\/tr\"},{\"@type\":\"ListItem\",\"position\":2,\"name\":\"Muayenehane\",\"item\":\"https:\/\/kwt.meiio.net\/tr\/muayenehane\"},{\"@type\":\"ListItem\",\"position\":3,\"name\":\"Ekip\",\"item\":\"https:\/\/kwt.meiio.net\/tr\/muayenehane\/ekip\"},{\"@type\":\"ListItem\",\"position\":4,\"name\":\"Dr. med. Franziska Klatt\"}]},{\"@type\":\"WebSite\",\"@id\":\"https:\/\/kwt.meiio.net\/tr#website\",\"url\":\"https:\/\/kwt.meiio.net\/tr\",\"name\":\"Kinderwunschteam Berlin\",\"description\":\"Kinderwunsch- und Endometriose-Zentrum\",\"publisher\":{\"@id\":\"https:\/\/kwt.meiio.net\/tr#organization\"},\"potentialAction\":[{\"@type\":\"SearchAction\",\"target\":{\"@type\":\"EntryPoint\",\"urlTemplate\":\"https:\/\/kwt.meiio.net\/tr?s={search_term_string}\"},\"query-input\":{\"@type\":\"PropertyValueSpecification\",\"valueRequired\":true,\"valueName\":\"search_term_string\"}}],\"inLanguage\":\"tr\"},{\"@type\":\"Organization\",\"@id\":\"https:\/\/kwt.meiio.net\/tr#organization\",\"name\":\"Kinderwunschteam Berlin\",\"url\":\"https:\/\/kwt.meiio.net\/tr\",\"logo\":{\"@type\":\"ImageObject\",\"inLanguage\":\"tr\",\"@id\":\"https:\/\/kwt.meiio.net\/tr#\/schema\/logo\/image\/\",\"url\":\"https:\/\/kwt.meiio.net\/wp-content\/uploads\/Logo-KinderwunschteamBerlin-NavBar@2.png\",\"contentUrl\":\"https:\/\/kwt.meiio.net\/wp-content\/uploads\/Logo-KinderwunschteamBerlin-NavBar@2.png\",\"width\":800,\"height\":200,\"caption\":\"Kinderwunschteam Berlin\"},\"image\":{\"@id\":\"https:\/\/kwt.meiio.net\/tr#\/schema\/logo\/image\/\"},\"sameAs\":[\"https:\/\/www.facebook.com\/kinderwunschteam.berlin\/\",\"https:\/\/www.instagram.com\/kinderwunschteamberlin\/\"]}]}<\/script>\n<!-- \/ Yoast SEO plugin. -->","yoast_head_json":{"title":"Dr. med. Franziska Klatt &#8226; Kinderwunschteam Berlin","description":"Jinekolog ve Do\u011fum Uzman\u0131","robots":{"index":"noindex","follow":"follow","max-snippet":"max-snippet:-1","max-image-preview":"max-image-preview:large","max-video-preview":"max-video-preview:-1"},"og_locale":"tr_TR","og_type":"article","og_title":"Dr. med. Franziska Klatt &#8226; Kinderwunschteam Berlin","og_description":"Jinekolog ve Do\u011fum Uzman\u0131","og_url":"https:\/\/kwt.meiio.net\/tr\/muayenehane\/ekip\/dr-med-franziska-klatt","og_site_name":"Kinderwunschteam Berlin","article_publisher":"https:\/\/www.facebook.com\/kinderwunschteam.berlin\/","article_modified_time":"2021-08-10T12:09:02+00:00","og_image":[{"width":2000,"height":670,"url":"https:\/\/kwt.meiio.net\/wp-content\/uploads\/platzhalter-seitentitel-portrait.jpg","type":"image\/jpeg"}],"twitter_card":"summary_large_image","schema":{"@context":"https:\/\/schema.org","@graph":[{"@type":"WebPage","@id":"https:\/\/kwt.meiio.net\/tr\/muayenehane\/ekip\/dr-med-franziska-klatt","url":"https:\/\/kwt.meiio.net\/tr\/muayenehane\/ekip\/dr-med-franziska-klatt","name":"Dr. med. Franziska Klatt &#8226; Kinderwunschteam Berlin","isPartOf":{"@id":"https:\/\/kwt.meiio.net\/tr#website"},"primaryImageOfPage":{"@id":"https:\/\/kwt.meiio.net\/tr\/muayenehane\/ekip\/dr-med-franziska-klatt#primaryimage"},"image":{"@id":"https:\/\/kwt.meiio.net\/tr\/muayenehane\/ekip\/dr-med-franziska-klatt#primaryimage"},"thumbnailUrl":"https:\/\/kwt.meiio.net\/wp-content\/uploads\/platzhalter-seitentitel-portrait.jpg","datePublished":"2021-02-25T09:34:56+00:00","dateModified":"2021-08-10T12:09:02+00:00","description":"Jinekolog ve Do\u011fum Uzman\u0131","breadcrumb":{"@id":"https:\/\/kwt.meiio.net\/tr\/muayenehane\/ekip\/dr-med-franziska-klatt#breadcrumb"},"inLanguage":"tr","potentialAction":[{"@type":"ReadAction","target":["https:\/\/kwt.meiio.net\/tr\/muayenehane\/ekip\/dr-med-franziska-klatt"]}]},{"@type":"ImageObject","inLanguage":"tr","@id":"https:\/\/kwt.meiio.net\/tr\/muayenehane\/ekip\/dr-med-franziska-klatt#primaryimage","url":"https:\/\/kwt.meiio.net\/wp-content\/uploads\/platzhalter-seitentitel-portrait.jpg","contentUrl":"https:\/\/kwt.meiio.net\/wp-content\/uploads\/platzhalter-seitentitel-portrait.jpg","width":2000,"height":670},{"@type":"BreadcrumbList","@id":"https:\/\/kwt.meiio.net\/tr\/muayenehane\/ekip\/dr-med-franziska-klatt#breadcrumb","itemListElement":[{"@type":"ListItem","position":1,"name":"Startseite","item":"https:\/\/kwt.meiio.net\/tr"},{"@type":"ListItem","position":2,"name":"Muayenehane","item":"https:\/\/kwt.meiio.net\/tr\/muayenehane"},{"@type":"ListItem","position":3,"name":"Ekip","item":"https:\/\/kwt.meiio.net\/tr\/muayenehane\/ekip"},{"@type":"ListItem","position":4,"name":"Dr. med. Franziska Klatt"}]},{"@type":"WebSite","@id":"https:\/\/kwt.meiio.net\/tr#website","url":"https:\/\/kwt.meiio.net\/tr","name":"Kinderwunschteam Berlin","description":"Kinderwunsch- und Endometriose-Zentrum","publisher":{"@id":"https:\/\/kwt.meiio.net\/tr#organization"},"potentialAction":[{"@type":"SearchAction","target":{"@type":"EntryPoint","urlTemplate":"https:\/\/kwt.meiio.net\/tr?s={search_term_string}"},"query-input":{"@type":"PropertyValueSpecification","valueRequired":true,"valueName":"search_term_string"}}],"inLanguage":"tr"},{"@type":"Organization","@id":"https:\/\/kwt.meiio.net\/tr#organization","name":"Kinderwunschteam Berlin","url":"https:\/\/kwt.meiio.net\/tr","logo":{"@type":"ImageObject","inLanguage":"tr","@id":"https:\/\/kwt.meiio.net\/tr#\/schema\/logo\/image\/","url":"https:\/\/kwt.meiio.net\/wp-content\/uploads\/Logo-KinderwunschteamBerlin-NavBar@2.png","contentUrl":"https:\/\/kwt.meiio.net\/wp-content\/uploads\/Logo-KinderwunschteamBerlin-NavBar@2.png","width":800,"height":200,"caption":"Kinderwunschteam Berlin"},"image":{"@id":"https:\/\/kwt.meiio.net\/tr#\/schema\/logo\/image\/"},"sameAs":["https:\/\/www.facebook.com\/kinderwunschteam.berlin\/","https:\/\/www.instagram.com\/kinderwunschteamberlin\/"]}]}},"_links":{"self":[{"href":"https:\/\/kwt.meiio.net\/tr\/wp-json\/wp\/v2\/pages\/82419","targetHints":{"allow":["GET"]}}],"collection":[{"href":"https:\/\/kwt.meiio.net\/tr\/wp-json\/wp\/v2\/pages"}],"about":[{"href":"https:\/\/kwt.meiio.net\/tr\/wp-json\/wp\/v2\/types\/page"}],"author":[{"embeddable":true,"href":"https:\/\/kwt.meiio.net\/tr\/wp-json\/wp\/v2\/users\/6"}],"replies":[{"embeddable":true,"href":"https:\/\/kwt.meiio.net\/tr\/wp-json\/wp\/v2\/comments?post=82419"}],"version-history":[{"count":0,"href":"https:\/\/kwt.meiio.net\/tr\/wp-json\/wp\/v2\/pages\/82419\/revisions"}],"up":[{"embeddable":true,"href":"https:\/\/kwt.meiio.net\/tr\/wp-json\/wp\/v2\/pages\/7777"}],"wp:featuredmedia":[{"embeddable":true,"href":"https:\/\/kwt.meiio.net\/tr\/wp-json\/wp\/v2\/media\/80131"}],"wp:attachment":[{"href":"https:\/\/kwt.meiio.net\/tr\/wp-json\/wp\/v2\/media?parent=82419"}],"curies":[{"name":"wp","href":"https:\/\/api.w.org\/{rel}","templated":true}]}}