{"id":81543,"date":"2020-10-04T17:02:31","date_gmt":"2020-10-04T15:02:31","guid":{"rendered":"https:\/\/www.kinderwunschteam.berlin\/?page_id=81543"},"modified":"2021-02-02T10:44:22","modified_gmt":"2021-02-02T09:44:22","slug":"hamilelik-hesaplayici","status":"publish","type":"page","link":"https:\/\/kwt.meiio.net\/tr\/uzun-omur\/tuep-bebek-ve-kisirlik\/hamilelik-hesaplayici","title":{"rendered":"Hamilelik hesaplay\u0131c\u0131"},"content":{"rendered":"<p>[todo]<\/p>\n\t<!-- Design und Programmierung: Simon Obitz, meiio ux design, Berlin | meiio.net -->\n\t<!-- Start Gravidarium -->\n\t<div id=\"grav-wrapper\">\n\t\t<div id=\"grav-form\">\n\t\t\t<form>\n\t\t\t\t<div>\n\t\t\t\t\t<label for=\"grav-form-event-type\">Von welchem Ereignis aus soll berechnet werden?<\/label>\n\t\t\t\t\t<select id=\"grav-form-event-type\" name=\"grav-form-event-type\">\n\t\t\t\t\t\t<option value=\"1\" selected>Erster Tag der letzten Periode<\/option>\n\t\t\t\t\t\t<option value=\"2\">Eisprung<\/option>\n\t\t\t\t\t\t<option value=\"4\">Insemination<\/option>\n\t\t\t\t\t\t<option value=\"5\">IVF<\/option>\n\t\t\t\t\t\t<option value=\"6\">ICSI<\/option>\n\t\t\t\t\t<\/select>\n\t\t\t\t<\/div>\n\t\t\t\t\n\t\t\t\t<div>\n\t\t\t\t\t<label for=\"grav-form-eventdate\" id=\"grav-form-eventdate-label\">Wann war der erste Tag der letzten Periode?<\/label>\n\t\t\t\t\t<input type=\"text\" id=\"grav-form-event-date\" name=\"grav-form-event-date\" value=\"30.9.2020\" pattern=\"[0-9]{2}\\.[0-9]{2}\\.[0-9]{4}\\\" title=\"Datum (TT.MM.JJJJ)\">\n\t\t\t\t<\/div>\n\t\t\t\t\n\t\t\t\t<div id=\"grav-form-cycle-container\">\n\t\t\t\t\t<label for=\"grav-form-cycle\">Wie lange ist Ihr Zyklus?<\/label>\n\t\t\t\t\t<select id=\"grav-form-cycle\" name=\"grav-form-cycle\">\n\t\t\t\t\t\t<option value=\"20\">20<\/option>\n\t\t\t\t\t\t<option value=\"21\">21<\/option>\n\t\t\t\t\t\t<option value=\"22\">22<\/option>\n\t\t\t\t\t\t<option value=\"23\">23<\/option>\n\t\t\t\t\t\t<option value=\"24\">24<\/option>\n\t\t\t\t\t\t<option value=\"25\">25<\/option>\n\t\t\t\t\t\t<option value=\"26\">26<\/option>\n\t\t\t\t\t\t<option value=\"27\">27<\/option>\n\t\t\t\t\t\t<option value=\"28\" selected>28<\/option>\n\t\t\t\t\t\t<option value=\"29\">29<\/option>\n\t\t\t\t\t\t<option value=\"30\">30<\/option>\n\t\t\t\t\t\t<option value=\"31\">31<\/option>\n\t\t\t\t\t\t<option value=\"32\">32<\/option>\n\t\t\t\t\t\t<option value=\"33\">33<\/option>\n\t\t\t\t\t\t<option value=\"34\">34<\/option>\n\t\t\t\t\t\t<option value=\"35\">35<\/option>\n\t\t\t\t\t\t<option value=\"36\">36<\/option>\n\t\t\t\t\t\t<option value=\"37\">37<\/option>\n\t\t\t\t\t\t<option value=\"38\">38<\/option>\n\t\t\t\t\t\t<option value=\"39\">39<\/option>\n\t\t\t\t\t\t<option value=\"40\">40<\/option>\n\t\t\t\t\t<\/select>\n\t\t\t\t<\/div>\n\t\t\t\n\t\t\t\t<div>\n\t\t\t\t\t<label for=\"grav-form-referencedate\">F\u00fcr welches Datum soll die Schwangerschaftswoche berechnet werden?<\/label>\n\t\t\t\t\t<input type=\"text\" id=\"grav-form-reference-date\" name=\"grav-form-reference-date\" value=\"31.10.2020\" pattern=\"[0-9]{2}\\.[0-9]{2}\\.[0-9]{4}\\\" title=\"Datum (TT.MM.JJJJ)\">\n\t\t\t\t<\/div>\n\t\t\t\t\n\t\t\t\t<div id=\"grav-form-multiple-container\">\n\t\t\t\t\t<label for=\"grav-form-multiple\">Ist es eine Mehrlings-Schwangerschaft?<\/label>\n\t\t\t\t\t<select id=\"grav-form-multiple\" name=\"grav-form-multiple\">\n\t\t\t\t\t\t<option value=\"0\" selected>nein<\/option>\n\t\t\t\t\t\t<option value=\"1\">ja<\/option>\n\t\t\t\t\t<\/select>\n\t\t\t\t<\/div>\n\t\t\t\t\n\t\t\t\t<a href=\"\" class=\"grav-button\" id=\"grav-update\">Ergebnis anzeigen<\/a>\n\t\t\t\t\n\t\t\t<\/form>\n\t\t<\/div>\n\t\t\n\t\t<div id=\"grav-result\" class=\"grav-result-hide\">\n\t\t\t<h2 class=\"do-not-print\">Ihr Schwangerschafts&shy;kalender<\/h2>\n\t\t\t<h2 class=\"print-only\">Mein Schwangerschaftskalender<\/h2>\n\t\t\t\n\t\t\t<p id=\"grav-congrats\" class=\"print-only\">Liebe werdende Mutter, <br \/>\n\t\t\t\tunseren herzlichen Gl\u00fcckwunsch zu Ihrer Schwangerschaft. Wir freuen uns mit Ihnen und w\u00fcnschen Ihnen eine gesunde Schwangerschaft und gl\u00fcckliche Entbindung.\n\t\t\t<\/p>\n\t\t\t\n\t\t\t<div id=\"grav-table\">\n\t\t\t<\/div>\n\t\t\t\n\t\t\t<p id=\"grav-info-base\"><\/p>\n\t\t\t\n\t\t\t<p id=\"grav-info-add\">* Bitte beachten Sie: <br\/>\n\t\t\t\tJede Schwangerschaft ist individuell. Nur etwa 1 von 25 Schwangerschaften endet tats\u00e4chlich genau am errechneten Termin. 9 von 10 Kindern werden in einem Zeitraum von \u00b1 14 Tagen um den errechneten Termin herum geboren.\n\t\t\t<\/p>\n\t\t\t\n\t\t\t<p id=\"grav-info-disclaimer\">Dieser Schwangerschaftsrechner wurde nach bestem Wissen erstellt. Bitte beachten Sie, dass wir f\u00fcr die Richtigkeit der Termine (insbesondere gesetzliche Anforderungen wie Antr\u00e4ge bei den Krankenkassen etc., die h\u00e4ufigen \u00c4nderungen unterliegen) keine Gew\u00e4hr \u00fcbernehmen k\u00f6nnen. Dieser Kalender ersetzt keine \u00e4rztlichen Beratung. Jede Frau und jede Schwangerschaft ist individuell und sollte durch eine:n Fach\u00e4rztin:arzt betreut werden.\n\t\t\t<\/p>\n\t\t\t\n\t\t\t<div id=\"grav-result-actions\">\n\t\t\t\t<div id=\"grav-result-actions-print\">\n\t\t\t\t\t<h3>Ausdrucken<\/h3>\n\t\t\t\t\t<p>Sie ko\u0308nnen Ihren Schwangerschaftskalender passend f\u00fcr den Mutterpass ausdrucken:<\/p>\n\t\t\t\t\t<a href=\"\" class=\"grav-button\" id=\"grav-print\">Ergebnis ausdrucken<\/a>\n\t\t\t\t<\/div>\n\t\t\t\t\n\t\t\t\t<h3>Digitaler Kalender<\/h3>\n\t\t\t\t<p>Sie ko\u0308nnen die Daten Ihres Schwangerschaftskalenders auch herunterladen und in Ihren Kalender importieren. \n\t\t\t\t\tAlle Termine werden in einem neuen Kalender zusammengefasst.<\/p>\n\t\t\t\t<a href=\"\" class=\"grav-button\" id=\"grav-import\" download=\"Schwangerschaftskalender.ics\">Ergebnis als Kalender importieren<\/a>\n\t\t\t\t\n\t\t\t\t<p id=\"grav-info-browser\">Leider kann nicht jeder mobile Browser eine Kalenderdatei herunterladen. Sollte es nicht funktionieren, versuchen Sie es bitte mit einem Desktop-PC.<\/p>\n\t\t\t\t\n\t\t\t<\/div>\n\t\t<\/div>\n\t<\/div>\n\t\n\t<script src='https:\/\/kwt.meiio.net\/wp-content\/themes\/uncode-child\/assets\/grav\/gravidarium.min.js'><\/script>\t<!-- Ende Gravidarium -->\n\t\n","protected":false},"excerpt":{"rendered":"<p>Finden Sie schnell die wichtigsten Termine Ihrer Schwangerschaft und den Geburtstermin heraus: mit unserem Schwangerschaftsrechner.<\/p>\n","protected":false},"author":6,"featured_media":81537,"parent":7487,"menu_order":8,"comment_status":"closed","ping_status":"closed","template":"","meta":{"footnotes":""},"class_list":["post-81543","page","type-page","status-publish","has-post-thumbnail","hentry","page_category-startseitenteaser-tr"],"yoast_head":"<!-- This site is optimized with the Yoast SEO plugin v25.6 - https:\/\/yoast.com\/wordpress\/plugins\/seo\/ -->\n<title>Hamilelik hesaplay\u0131c\u0131 &#8226; Kinderwunschteam Berlin<\/title>\n<meta name=\"description\" content=\"Finden Sie schnell die wichtigsten Termine Ihrer Schwangerschaft und den Geburtstermin heraus: mit unserem Schwangerschaftsrechner.\" \/>\n<meta name=\"robots\" content=\"noindex, follow, max-snippet:-1, max-image-preview:large, max-video-preview:-1\" \/>\n<meta property=\"og:locale\" content=\"tr_TR\" \/>\n<meta property=\"og:type\" content=\"article\" \/>\n<meta property=\"og:title\" content=\"Hamilelik hesaplay\u0131c\u0131 &#8226; Kinderwunschteam Berlin\" \/>\n<meta property=\"og:description\" content=\"Finden Sie schnell die wichtigsten Termine Ihrer Schwangerschaft und den Geburtstermin heraus: mit unserem Schwangerschaftsrechner.\" \/>\n<meta property=\"og:url\" content=\"https:\/\/kwt.meiio.net\/tr\/uzun-omur\/tuep-bebek-ve-kisirlik\/hamilelik-hesaplayici\" \/>\n<meta property=\"og:site_name\" content=\"Kinderwunschteam Berlin\" \/>\n<meta property=\"article:publisher\" content=\"https:\/\/www.facebook.com\/kinderwunschteam.berlin\/\" \/>\n<meta property=\"article:modified_time\" content=\"2021-02-02T09:44:22+00:00\" \/>\n<meta property=\"og:image\" content=\"https:\/\/kwt.meiio.net\/wp-content\/uploads\/KWT-Gravidarium.jpg\" \/>\n\t<meta property=\"og:image:width\" content=\"2000\" \/>\n\t<meta property=\"og:image:height\" content=\"670\" \/>\n\t<meta property=\"og:image:type\" content=\"image\/jpeg\" \/>\n<meta name=\"twitter:card\" content=\"summary_large_image\" \/>\n<script type=\"application\/ld+json\" class=\"yoast-schema-graph\">{\"@context\":\"https:\/\/schema.org\",\"@graph\":[{\"@type\":\"WebPage\",\"@id\":\"https:\/\/kwt.meiio.net\/tr\/uzun-omur\/tuep-bebek-ve-kisirlik\/hamilelik-hesaplayici\",\"url\":\"https:\/\/kwt.meiio.net\/tr\/uzun-omur\/tuep-bebek-ve-kisirlik\/hamilelik-hesaplayici\",\"name\":\"Hamilelik hesaplay\u0131c\u0131 &#8226; Kinderwunschteam Berlin\",\"isPartOf\":{\"@id\":\"https:\/\/kwt.meiio.net\/tr#website\"},\"primaryImageOfPage\":{\"@id\":\"https:\/\/kwt.meiio.net\/tr\/uzun-omur\/tuep-bebek-ve-kisirlik\/hamilelik-hesaplayici#primaryimage\"},\"image\":{\"@id\":\"https:\/\/kwt.meiio.net\/tr\/uzun-omur\/tuep-bebek-ve-kisirlik\/hamilelik-hesaplayici#primaryimage\"},\"thumbnailUrl\":\"https:\/\/kwt.meiio.net\/wp-content\/uploads\/KWT-Gravidarium.jpg\",\"datePublished\":\"2020-10-04T15:02:31+00:00\",\"dateModified\":\"2021-02-02T09:44:22+00:00\",\"description\":\"Finden Sie schnell die wichtigsten Termine Ihrer Schwangerschaft und den Geburtstermin heraus: mit unserem Schwangerschaftsrechner.\",\"breadcrumb\":{\"@id\":\"https:\/\/kwt.meiio.net\/tr\/uzun-omur\/tuep-bebek-ve-kisirlik\/hamilelik-hesaplayici#breadcrumb\"},\"inLanguage\":\"tr\",\"potentialAction\":[{\"@type\":\"ReadAction\",\"target\":[\"https:\/\/kwt.meiio.net\/tr\/uzun-omur\/tuep-bebek-ve-kisirlik\/hamilelik-hesaplayici\"]}]},{\"@type\":\"ImageObject\",\"inLanguage\":\"tr\",\"@id\":\"https:\/\/kwt.meiio.net\/tr\/uzun-omur\/tuep-bebek-ve-kisirlik\/hamilelik-hesaplayici#primaryimage\",\"url\":\"https:\/\/kwt.meiio.net\/wp-content\/uploads\/KWT-Gravidarium.jpg\",\"contentUrl\":\"https:\/\/kwt.meiio.net\/wp-content\/uploads\/KWT-Gravidarium.jpg\",\"width\":2000,\"height\":670,\"caption\":\"Schangerschaftsrechner\"},{\"@type\":\"BreadcrumbList\",\"@id\":\"https:\/\/kwt.meiio.net\/tr\/uzun-omur\/tuep-bebek-ve-kisirlik\/hamilelik-hesaplayici#breadcrumb\",\"itemListElement\":[{\"@type\":\"ListItem\",\"position\":1,\"name\":\"Startseite\",\"item\":\"https:\/\/kwt.meiio.net\/tr\"},{\"@type\":\"ListItem\",\"position\":2,\"name\":\"Hizmet alanlar\u0131m\u0131z\",\"item\":\"https:\/\/kwt.meiio.net\/tr\/uzun-omur\"},{\"@type\":\"ListItem\",\"position\":3,\"name\":\"T\u00fcp bebek ve k\u0131s\u0131rl\u0131k\",\"item\":\"https:\/\/kwt.meiio.net\/tr\/uzun-omur\/tuep-bebek-ve-kisirlik\"},{\"@type\":\"ListItem\",\"position\":4,\"name\":\"Hamilelik hesaplay\u0131c\u0131\"}]},{\"@type\":\"WebSite\",\"@id\":\"https:\/\/kwt.meiio.net\/tr#website\",\"url\":\"https:\/\/kwt.meiio.net\/tr\",\"name\":\"Kinderwunschteam Berlin\",\"description\":\"Kinderwunsch- und Endometriose-Zentrum\",\"publisher\":{\"@id\":\"https:\/\/kwt.meiio.net\/tr#organization\"},\"potentialAction\":[{\"@type\":\"SearchAction\",\"target\":{\"@type\":\"EntryPoint\",\"urlTemplate\":\"https:\/\/kwt.meiio.net\/tr?s={search_term_string}\"},\"query-input\":{\"@type\":\"PropertyValueSpecification\",\"valueRequired\":true,\"valueName\":\"search_term_string\"}}],\"inLanguage\":\"tr\"},{\"@type\":\"Organization\",\"@id\":\"https:\/\/kwt.meiio.net\/tr#organization\",\"name\":\"Kinderwunschteam Berlin\",\"url\":\"https:\/\/kwt.meiio.net\/tr\",\"logo\":{\"@type\":\"ImageObject\",\"inLanguage\":\"tr\",\"@id\":\"https:\/\/kwt.meiio.net\/tr#\/schema\/logo\/image\/\",\"url\":\"https:\/\/kwt.meiio.net\/wp-content\/uploads\/Logo-KinderwunschteamBerlin-NavBar@2.png\",\"contentUrl\":\"https:\/\/kwt.meiio.net\/wp-content\/uploads\/Logo-KinderwunschteamBerlin-NavBar@2.png\",\"width\":800,\"height\":200,\"caption\":\"Kinderwunschteam Berlin\"},\"image\":{\"@id\":\"https:\/\/kwt.meiio.net\/tr#\/schema\/logo\/image\/\"},\"sameAs\":[\"https:\/\/www.facebook.com\/kinderwunschteam.berlin\/\",\"https:\/\/www.instagram.com\/kinderwunschteamberlin\/\"]}]}<\/script>\n<!-- \/ Yoast SEO plugin. -->","yoast_head_json":{"title":"Hamilelik hesaplay\u0131c\u0131 &#8226; Kinderwunschteam Berlin","description":"Finden Sie schnell die wichtigsten Termine Ihrer Schwangerschaft und den Geburtstermin heraus: mit unserem Schwangerschaftsrechner.","robots":{"index":"noindex","follow":"follow","max-snippet":"max-snippet:-1","max-image-preview":"max-image-preview:large","max-video-preview":"max-video-preview:-1"},"og_locale":"tr_TR","og_type":"article","og_title":"Hamilelik hesaplay\u0131c\u0131 &#8226; Kinderwunschteam Berlin","og_description":"Finden Sie schnell die wichtigsten Termine Ihrer Schwangerschaft und den Geburtstermin heraus: mit unserem Schwangerschaftsrechner.","og_url":"https:\/\/kwt.meiio.net\/tr\/uzun-omur\/tuep-bebek-ve-kisirlik\/hamilelik-hesaplayici","og_site_name":"Kinderwunschteam Berlin","article_publisher":"https:\/\/www.facebook.com\/kinderwunschteam.berlin\/","article_modified_time":"2021-02-02T09:44:22+00:00","og_image":[{"width":2000,"height":670,"url":"https:\/\/kwt.meiio.net\/wp-content\/uploads\/KWT-Gravidarium.jpg","type":"image\/jpeg"}],"twitter_card":"summary_large_image","schema":{"@context":"https:\/\/schema.org","@graph":[{"@type":"WebPage","@id":"https:\/\/kwt.meiio.net\/tr\/uzun-omur\/tuep-bebek-ve-kisirlik\/hamilelik-hesaplayici","url":"https:\/\/kwt.meiio.net\/tr\/uzun-omur\/tuep-bebek-ve-kisirlik\/hamilelik-hesaplayici","name":"Hamilelik hesaplay\u0131c\u0131 &#8226; Kinderwunschteam Berlin","isPartOf":{"@id":"https:\/\/kwt.meiio.net\/tr#website"},"primaryImageOfPage":{"@id":"https:\/\/kwt.meiio.net\/tr\/uzun-omur\/tuep-bebek-ve-kisirlik\/hamilelik-hesaplayici#primaryimage"},"image":{"@id":"https:\/\/kwt.meiio.net\/tr\/uzun-omur\/tuep-bebek-ve-kisirlik\/hamilelik-hesaplayici#primaryimage"},"thumbnailUrl":"https:\/\/kwt.meiio.net\/wp-content\/uploads\/KWT-Gravidarium.jpg","datePublished":"2020-10-04T15:02:31+00:00","dateModified":"2021-02-02T09:44:22+00:00","description":"Finden Sie schnell die wichtigsten Termine Ihrer Schwangerschaft und den Geburtstermin heraus: mit unserem Schwangerschaftsrechner.","breadcrumb":{"@id":"https:\/\/kwt.meiio.net\/tr\/uzun-omur\/tuep-bebek-ve-kisirlik\/hamilelik-hesaplayici#breadcrumb"},"inLanguage":"tr","potentialAction":[{"@type":"ReadAction","target":["https:\/\/kwt.meiio.net\/tr\/uzun-omur\/tuep-bebek-ve-kisirlik\/hamilelik-hesaplayici"]}]},{"@type":"ImageObject","inLanguage":"tr","@id":"https:\/\/kwt.meiio.net\/tr\/uzun-omur\/tuep-bebek-ve-kisirlik\/hamilelik-hesaplayici#primaryimage","url":"https:\/\/kwt.meiio.net\/wp-content\/uploads\/KWT-Gravidarium.jpg","contentUrl":"https:\/\/kwt.meiio.net\/wp-content\/uploads\/KWT-Gravidarium.jpg","width":2000,"height":670,"caption":"Schangerschaftsrechner"},{"@type":"BreadcrumbList","@id":"https:\/\/kwt.meiio.net\/tr\/uzun-omur\/tuep-bebek-ve-kisirlik\/hamilelik-hesaplayici#breadcrumb","itemListElement":[{"@type":"ListItem","position":1,"name":"Startseite","item":"https:\/\/kwt.meiio.net\/tr"},{"@type":"ListItem","position":2,"name":"Hizmet alanlar\u0131m\u0131z","item":"https:\/\/kwt.meiio.net\/tr\/uzun-omur"},{"@type":"ListItem","position":3,"name":"T\u00fcp bebek ve k\u0131s\u0131rl\u0131k","item":"https:\/\/kwt.meiio.net\/tr\/uzun-omur\/tuep-bebek-ve-kisirlik"},{"@type":"ListItem","position":4,"name":"Hamilelik hesaplay\u0131c\u0131"}]},{"@type":"WebSite","@id":"https:\/\/kwt.meiio.net\/tr#website","url":"https:\/\/kwt.meiio.net\/tr","name":"Kinderwunschteam Berlin","description":"Kinderwunsch- und Endometriose-Zentrum","publisher":{"@id":"https:\/\/kwt.meiio.net\/tr#organization"},"potentialAction":[{"@type":"SearchAction","target":{"@type":"EntryPoint","urlTemplate":"https:\/\/kwt.meiio.net\/tr?s={search_term_string}"},"query-input":{"@type":"PropertyValueSpecification","valueRequired":true,"valueName":"search_term_string"}}],"inLanguage":"tr"},{"@type":"Organization","@id":"https:\/\/kwt.meiio.net\/tr#organization","name":"Kinderwunschteam Berlin","url":"https:\/\/kwt.meiio.net\/tr","logo":{"@type":"ImageObject","inLanguage":"tr","@id":"https:\/\/kwt.meiio.net\/tr#\/schema\/logo\/image\/","url":"https:\/\/kwt.meiio.net\/wp-content\/uploads\/Logo-KinderwunschteamBerlin-NavBar@2.png","contentUrl":"https:\/\/kwt.meiio.net\/wp-content\/uploads\/Logo-KinderwunschteamBerlin-NavBar@2.png","width":800,"height":200,"caption":"Kinderwunschteam Berlin"},"image":{"@id":"https:\/\/kwt.meiio.net\/tr#\/schema\/logo\/image\/"},"sameAs":["https:\/\/www.facebook.com\/kinderwunschteam.berlin\/","https:\/\/www.instagram.com\/kinderwunschteamberlin\/"]}]}},"_links":{"self":[{"href":"https:\/\/kwt.meiio.net\/tr\/wp-json\/wp\/v2\/pages\/81543","targetHints":{"allow":["GET"]}}],"collection":[{"href":"https:\/\/kwt.meiio.net\/tr\/wp-json\/wp\/v2\/pages"}],"about":[{"href":"https:\/\/kwt.meiio.net\/tr\/wp-json\/wp\/v2\/types\/page"}],"author":[{"embeddable":true,"href":"https:\/\/kwt.meiio.net\/tr\/wp-json\/wp\/v2\/users\/6"}],"replies":[{"embeddable":true,"href":"https:\/\/kwt.meiio.net\/tr\/wp-json\/wp\/v2\/comments?post=81543"}],"version-history":[{"count":0,"href":"https:\/\/kwt.meiio.net\/tr\/wp-json\/wp\/v2\/pages\/81543\/revisions"}],"up":[{"embeddable":true,"href":"https:\/\/kwt.meiio.net\/tr\/wp-json\/wp\/v2\/pages\/7487"}],"wp:featuredmedia":[{"embeddable":true,"href":"https:\/\/kwt.meiio.net\/tr\/wp-json\/wp\/v2\/media\/81537"}],"wp:attachment":[{"href":"https:\/\/kwt.meiio.net\/tr\/wp-json\/wp\/v2\/media?parent=81543"}],"curies":[{"name":"wp","href":"https:\/\/api.w.org\/{rel}","templated":true}]}}