{"id":81035,"date":"2020-09-07T09:23:36","date_gmt":"2020-09-07T07:23:36","guid":{"rendered":"https:\/\/www.kinderwunschteam.berlin\/muayenehane\/ekip\/dr-med-sophie-freifrau-von-welser-kopie\/"},"modified":"2021-08-09T13:42:05","modified_gmt":"2021-08-09T11:42:05","slug":"dr-med-julia-herbstleb","status":"publish","type":"page","link":"https:\/\/kwt.meiio.net\/tr\/muayenehane\/ekip\/dr-med-julia-herbstleb","title":{"rendered":"Dr. med. Julia Herbstleb"},"content":{"rendered":"<h2>\u00d6zge\u00e7mi\u015f<\/h2>\n<table>\n<tbody>\n<tr>\n<td><b>Ad<\/b><\/td>\n<td>Herbstleb, Dr. med.<\/td>\n<\/tr>\n<tr>\n<td><b> Ad\u0131<\/b><\/td>\n<td>Julia<\/td>\n<\/tr>\n<tr>\n<td><b> Yeterlilik<\/b><\/td>\n<td>Temel psikosomatik bak\u0131m<br \/>\nOtojenik e\u011fitim<\/td>\n<\/tr>\n<tr>\n<td><b> \u00c7al\u0131\u015fmalar <\/b> 2007-2013<\/td>\n<td>Berlin Charit\u00e9-Universit\u00e4tsmedizin&#8217;de be\u015feri t\u0131p \u00e7al\u0131\u015fmas\u0131<\/td>\n<\/tr>\n<tr>\n<td><strong> Tez<\/strong><\/td>\n<td>&#8220;Ba\u011f\u0131rsak infiltrasyonu olan ve olmayan rektovajinal septum endometriozisi olan hastalarda klinik semptomlar, do\u011furganl\u0131k ve ya\u015fam kalitesi&#8221; (PD Dr. med. M. Mangler, Charit\u00e9-Universit\u00e4tsmedizin Berlin)<\/td>\n<\/tr>\n<tr>\n<td colspan=\"2\"><b> Mezuniyetten bu yana t\u0131bbi aktivite <\/b><\/td>\n<\/tr>\n<tr>\n<td>2014 &#8211; 2015<\/td>\n<td>Vivantes Klinikum Spandau Berlin&#8217;de dahiliye klini\u011fi (gastroenteroloji ve hematoloji \/ onkoloji)<\/td>\n<\/tr>\n<tr>\n<td>2015 &#8211; 2020<\/td>\n<td>Jinekolojide uzmanl\u0131k e\u011fitimi &#8211; en son AVK Berlin&#8217;de PD Dr. Mandy Mangler<\/td>\n<\/tr>\n<tr>\n<td>2020&#8217;den beri<\/td>\n<td>Berlin Do\u011furganl\u0131k Ekibi Dr. med. G. Halis<\/td>\n<\/tr>\n<\/tbody>\n<\/table>\n<p>Bayan Dr. med. Julia Herbstleb, Charit\u00e9 &#8211; Universit\u00e4tsmedizin Berlin&#8217;de insan t\u0131bb\u0131 okudu. Bu s\u00fcre zarf\u0131nda klinik e\u011fitiminin bir par\u00e7as\u0131 olarak Londra (Kuzey Middlesex Hastanesi) ve Malta&#8217;da (Mater Dei \u00dcniversite Hastanesi) \u00e7al\u0131\u015ft\u0131.<br \/>\n\u00d6\u011frenimini tamamlad\u0131ktan sonra bir y\u0131l kadar dahiliyede asistan olarak \u00e7al\u0131\u015ft\u0131. Daha sonra, son olarak Berlin&#8217;deki Vivantes Auguste Viktoria Klini\u011fi&#8217;nde jinekoloji ve do\u011fum uzmanl\u0131\u011f\u0131 e\u011fitiminin bir par\u00e7as\u0131 olarak \u00e7al\u0131\u015ft\u0131.<br \/>\n2016&#8217;dan beri jinekoloji ve do\u011fum i\u00e7in ultrason te\u015fhisi konusunda d\u00fczenli olarak e\u011fitim almaktad\u0131r.<br \/>\nEndometriozisin klinik tablosunun bilimsel ve klinik incelemesi ve ilgili kad\u0131nlar\u0131n do\u011furganl\u0131\u011f\u0131 \u00fczerindeki olas\u0131 etkileri sayesinde, Dr. Herbtleb, jinekolojik endokrinoloji ve \u00fcreme t\u0131bb\u0131na olan ilgisini dile getirdi.<br \/>\n2020&#8217;den beri Do\u00e7. Herbtleb, do\u011furganl\u0131k ve endometriozis merkezinde \u2013 do\u011furganl\u0131k ekibi Berlin&#8217;de Dr. med. G\u00fclden Halis.<\/p>\n","protected":false},"excerpt":{"rendered":"<p>Temel psikosomatik bak\u0131m, Otojenik e\u011fitim<\/p>\n","protected":false},"author":6,"featured_media":81087,"parent":7777,"menu_order":3,"comment_status":"closed","ping_status":"closed","template":"","meta":{"footnotes":""},"class_list":["post-81035","page","type-page","status-publish","has-post-thumbnail","hentry"],"yoast_head":"<!-- This site is optimized with the Yoast SEO plugin v25.6 - https:\/\/yoast.com\/wordpress\/plugins\/seo\/ -->\n<title>Dr. med. Julia Herbstleb &#8226; Kinderwunschteam Berlin<\/title>\n<meta name=\"description\" content=\"Temel psikosomatik bak\u0131m, Otojenik e\u011fitim\" \/>\n<meta name=\"robots\" content=\"noindex, follow, max-snippet:-1, max-image-preview:large, max-video-preview:-1\" \/>\n<meta property=\"og:locale\" content=\"tr_TR\" \/>\n<meta property=\"og:type\" content=\"article\" \/>\n<meta property=\"og:title\" content=\"Dr. med. Julia Herbstleb &#8226; Kinderwunschteam Berlin\" \/>\n<meta property=\"og:description\" content=\"Temel psikosomatik bak\u0131m, Otojenik e\u011fitim\" \/>\n<meta property=\"og:url\" content=\"https:\/\/kwt.meiio.net\/tr\/muayenehane\/ekip\/dr-med-julia-herbstleb\" \/>\n<meta property=\"og:site_name\" content=\"Kinderwunschteam Berlin\" \/>\n<meta property=\"article:publisher\" content=\"https:\/\/www.facebook.com\/kinderwunschteam.berlin\/\" \/>\n<meta property=\"article:modified_time\" content=\"2021-08-09T11:42:05+00:00\" \/>\n<meta property=\"og:image\" content=\"https:\/\/kwt.meiio.net\/wp-content\/uploads\/Kinderwunschteam-Aerztinnen-DrHerbstleb-2.jpg\" \/>\n\t<meta property=\"og:image:width\" content=\"2000\" \/>\n\t<meta property=\"og:image:height\" content=\"670\" \/>\n\t<meta property=\"og:image:type\" content=\"image\/jpeg\" \/>\n<meta name=\"twitter:card\" content=\"summary_large_image\" \/>\n<script type=\"application\/ld+json\" class=\"yoast-schema-graph\">{\"@context\":\"https:\/\/schema.org\",\"@graph\":[{\"@type\":\"WebPage\",\"@id\":\"https:\/\/kwt.meiio.net\/tr\/muayenehane\/ekip\/dr-med-julia-herbstleb\",\"url\":\"https:\/\/kwt.meiio.net\/tr\/muayenehane\/ekip\/dr-med-julia-herbstleb\",\"name\":\"Dr. med. Julia Herbstleb &#8226; Kinderwunschteam Berlin\",\"isPartOf\":{\"@id\":\"https:\/\/kwt.meiio.net\/tr#website\"},\"primaryImageOfPage\":{\"@id\":\"https:\/\/kwt.meiio.net\/tr\/muayenehane\/ekip\/dr-med-julia-herbstleb#primaryimage\"},\"image\":{\"@id\":\"https:\/\/kwt.meiio.net\/tr\/muayenehane\/ekip\/dr-med-julia-herbstleb#primaryimage\"},\"thumbnailUrl\":\"https:\/\/kwt.meiio.net\/wp-content\/uploads\/Kinderwunschteam-Aerztinnen-DrHerbstleb-2.jpg\",\"datePublished\":\"2020-09-07T07:23:36+00:00\",\"dateModified\":\"2021-08-09T11:42:05+00:00\",\"description\":\"Temel psikosomatik bak\u0131m, Otojenik e\u011fitim\",\"breadcrumb\":{\"@id\":\"https:\/\/kwt.meiio.net\/tr\/muayenehane\/ekip\/dr-med-julia-herbstleb#breadcrumb\"},\"inLanguage\":\"tr\",\"potentialAction\":[{\"@type\":\"ReadAction\",\"target\":[\"https:\/\/kwt.meiio.net\/tr\/muayenehane\/ekip\/dr-med-julia-herbstleb\"]}]},{\"@type\":\"ImageObject\",\"inLanguage\":\"tr\",\"@id\":\"https:\/\/kwt.meiio.net\/tr\/muayenehane\/ekip\/dr-med-julia-herbstleb#primaryimage\",\"url\":\"https:\/\/kwt.meiio.net\/wp-content\/uploads\/Kinderwunschteam-Aerztinnen-DrHerbstleb-2.jpg\",\"contentUrl\":\"https:\/\/kwt.meiio.net\/wp-content\/uploads\/Kinderwunschteam-Aerztinnen-DrHerbstleb-2.jpg\",\"width\":2000,\"height\":670,\"caption\":\"Dr. med. Julia Herbstleb\"},{\"@type\":\"BreadcrumbList\",\"@id\":\"https:\/\/kwt.meiio.net\/tr\/muayenehane\/ekip\/dr-med-julia-herbstleb#breadcrumb\",\"itemListElement\":[{\"@type\":\"ListItem\",\"position\":1,\"name\":\"Startseite\",\"item\":\"https:\/\/kwt.meiio.net\/tr\"},{\"@type\":\"ListItem\",\"position\":2,\"name\":\"Muayenehane\",\"item\":\"https:\/\/kwt.meiio.net\/tr\/muayenehane\"},{\"@type\":\"ListItem\",\"position\":3,\"name\":\"Ekip\",\"item\":\"https:\/\/kwt.meiio.net\/tr\/muayenehane\/ekip\"},{\"@type\":\"ListItem\",\"position\":4,\"name\":\"Dr. med. Julia Herbstleb\"}]},{\"@type\":\"WebSite\",\"@id\":\"https:\/\/kwt.meiio.net\/tr#website\",\"url\":\"https:\/\/kwt.meiio.net\/tr\",\"name\":\"Kinderwunschteam Berlin\",\"description\":\"Kinderwunsch- und Endometriose-Zentrum\",\"publisher\":{\"@id\":\"https:\/\/kwt.meiio.net\/tr#organization\"},\"potentialAction\":[{\"@type\":\"SearchAction\",\"target\":{\"@type\":\"EntryPoint\",\"urlTemplate\":\"https:\/\/kwt.meiio.net\/tr?s={search_term_string}\"},\"query-input\":{\"@type\":\"PropertyValueSpecification\",\"valueRequired\":true,\"valueName\":\"search_term_string\"}}],\"inLanguage\":\"tr\"},{\"@type\":\"Organization\",\"@id\":\"https:\/\/kwt.meiio.net\/tr#organization\",\"name\":\"Kinderwunschteam Berlin\",\"url\":\"https:\/\/kwt.meiio.net\/tr\",\"logo\":{\"@type\":\"ImageObject\",\"inLanguage\":\"tr\",\"@id\":\"https:\/\/kwt.meiio.net\/tr#\/schema\/logo\/image\/\",\"url\":\"https:\/\/kwt.meiio.net\/wp-content\/uploads\/Logo-KinderwunschteamBerlin-NavBar@2.png\",\"contentUrl\":\"https:\/\/kwt.meiio.net\/wp-content\/uploads\/Logo-KinderwunschteamBerlin-NavBar@2.png\",\"width\":800,\"height\":200,\"caption\":\"Kinderwunschteam Berlin\"},\"image\":{\"@id\":\"https:\/\/kwt.meiio.net\/tr#\/schema\/logo\/image\/\"},\"sameAs\":[\"https:\/\/www.facebook.com\/kinderwunschteam.berlin\/\",\"https:\/\/www.instagram.com\/kinderwunschteamberlin\/\"]}]}<\/script>\n<!-- \/ Yoast SEO plugin. -->","yoast_head_json":{"title":"Dr. med. Julia Herbstleb &#8226; Kinderwunschteam Berlin","description":"Temel psikosomatik bak\u0131m, Otojenik e\u011fitim","robots":{"index":"noindex","follow":"follow","max-snippet":"max-snippet:-1","max-image-preview":"max-image-preview:large","max-video-preview":"max-video-preview:-1"},"og_locale":"tr_TR","og_type":"article","og_title":"Dr. med. Julia Herbstleb &#8226; Kinderwunschteam Berlin","og_description":"Temel psikosomatik bak\u0131m, Otojenik e\u011fitim","og_url":"https:\/\/kwt.meiio.net\/tr\/muayenehane\/ekip\/dr-med-julia-herbstleb","og_site_name":"Kinderwunschteam Berlin","article_publisher":"https:\/\/www.facebook.com\/kinderwunschteam.berlin\/","article_modified_time":"2021-08-09T11:42:05+00:00","og_image":[{"width":2000,"height":670,"url":"https:\/\/kwt.meiio.net\/wp-content\/uploads\/Kinderwunschteam-Aerztinnen-DrHerbstleb-2.jpg","type":"image\/jpeg"}],"twitter_card":"summary_large_image","schema":{"@context":"https:\/\/schema.org","@graph":[{"@type":"WebPage","@id":"https:\/\/kwt.meiio.net\/tr\/muayenehane\/ekip\/dr-med-julia-herbstleb","url":"https:\/\/kwt.meiio.net\/tr\/muayenehane\/ekip\/dr-med-julia-herbstleb","name":"Dr. med. Julia Herbstleb &#8226; Kinderwunschteam Berlin","isPartOf":{"@id":"https:\/\/kwt.meiio.net\/tr#website"},"primaryImageOfPage":{"@id":"https:\/\/kwt.meiio.net\/tr\/muayenehane\/ekip\/dr-med-julia-herbstleb#primaryimage"},"image":{"@id":"https:\/\/kwt.meiio.net\/tr\/muayenehane\/ekip\/dr-med-julia-herbstleb#primaryimage"},"thumbnailUrl":"https:\/\/kwt.meiio.net\/wp-content\/uploads\/Kinderwunschteam-Aerztinnen-DrHerbstleb-2.jpg","datePublished":"2020-09-07T07:23:36+00:00","dateModified":"2021-08-09T11:42:05+00:00","description":"Temel psikosomatik bak\u0131m, Otojenik e\u011fitim","breadcrumb":{"@id":"https:\/\/kwt.meiio.net\/tr\/muayenehane\/ekip\/dr-med-julia-herbstleb#breadcrumb"},"inLanguage":"tr","potentialAction":[{"@type":"ReadAction","target":["https:\/\/kwt.meiio.net\/tr\/muayenehane\/ekip\/dr-med-julia-herbstleb"]}]},{"@type":"ImageObject","inLanguage":"tr","@id":"https:\/\/kwt.meiio.net\/tr\/muayenehane\/ekip\/dr-med-julia-herbstleb#primaryimage","url":"https:\/\/kwt.meiio.net\/wp-content\/uploads\/Kinderwunschteam-Aerztinnen-DrHerbstleb-2.jpg","contentUrl":"https:\/\/kwt.meiio.net\/wp-content\/uploads\/Kinderwunschteam-Aerztinnen-DrHerbstleb-2.jpg","width":2000,"height":670,"caption":"Dr. med. Julia Herbstleb"},{"@type":"BreadcrumbList","@id":"https:\/\/kwt.meiio.net\/tr\/muayenehane\/ekip\/dr-med-julia-herbstleb#breadcrumb","itemListElement":[{"@type":"ListItem","position":1,"name":"Startseite","item":"https:\/\/kwt.meiio.net\/tr"},{"@type":"ListItem","position":2,"name":"Muayenehane","item":"https:\/\/kwt.meiio.net\/tr\/muayenehane"},{"@type":"ListItem","position":3,"name":"Ekip","item":"https:\/\/kwt.meiio.net\/tr\/muayenehane\/ekip"},{"@type":"ListItem","position":4,"name":"Dr. med. Julia Herbstleb"}]},{"@type":"WebSite","@id":"https:\/\/kwt.meiio.net\/tr#website","url":"https:\/\/kwt.meiio.net\/tr","name":"Kinderwunschteam Berlin","description":"Kinderwunsch- und Endometriose-Zentrum","publisher":{"@id":"https:\/\/kwt.meiio.net\/tr#organization"},"potentialAction":[{"@type":"SearchAction","target":{"@type":"EntryPoint","urlTemplate":"https:\/\/kwt.meiio.net\/tr?s={search_term_string}"},"query-input":{"@type":"PropertyValueSpecification","valueRequired":true,"valueName":"search_term_string"}}],"inLanguage":"tr"},{"@type":"Organization","@id":"https:\/\/kwt.meiio.net\/tr#organization","name":"Kinderwunschteam Berlin","url":"https:\/\/kwt.meiio.net\/tr","logo":{"@type":"ImageObject","inLanguage":"tr","@id":"https:\/\/kwt.meiio.net\/tr#\/schema\/logo\/image\/","url":"https:\/\/kwt.meiio.net\/wp-content\/uploads\/Logo-KinderwunschteamBerlin-NavBar@2.png","contentUrl":"https:\/\/kwt.meiio.net\/wp-content\/uploads\/Logo-KinderwunschteamBerlin-NavBar@2.png","width":800,"height":200,"caption":"Kinderwunschteam Berlin"},"image":{"@id":"https:\/\/kwt.meiio.net\/tr#\/schema\/logo\/image\/"},"sameAs":["https:\/\/www.facebook.com\/kinderwunschteam.berlin\/","https:\/\/www.instagram.com\/kinderwunschteamberlin\/"]}]}},"_links":{"self":[{"href":"https:\/\/kwt.meiio.net\/tr\/wp-json\/wp\/v2\/pages\/81035","targetHints":{"allow":["GET"]}}],"collection":[{"href":"https:\/\/kwt.meiio.net\/tr\/wp-json\/wp\/v2\/pages"}],"about":[{"href":"https:\/\/kwt.meiio.net\/tr\/wp-json\/wp\/v2\/types\/page"}],"author":[{"embeddable":true,"href":"https:\/\/kwt.meiio.net\/tr\/wp-json\/wp\/v2\/users\/6"}],"replies":[{"embeddable":true,"href":"https:\/\/kwt.meiio.net\/tr\/wp-json\/wp\/v2\/comments?post=81035"}],"version-history":[{"count":0,"href":"https:\/\/kwt.meiio.net\/tr\/wp-json\/wp\/v2\/pages\/81035\/revisions"}],"up":[{"embeddable":true,"href":"https:\/\/kwt.meiio.net\/tr\/wp-json\/wp\/v2\/pages\/7777"}],"wp:featuredmedia":[{"embeddable":true,"href":"https:\/\/kwt.meiio.net\/tr\/wp-json\/wp\/v2\/media\/81087"}],"wp:attachment":[{"href":"https:\/\/kwt.meiio.net\/tr\/wp-json\/wp\/v2\/media?parent=81035"}],"curies":[{"name":"wp","href":"https:\/\/api.w.org\/{rel}","templated":true}]}}