{"id":80184,"date":"2020-02-07T14:35:41","date_gmt":"2020-02-07T13:35:41","guid":{"rendered":"https:\/\/www.kinderwunschteam.berlin\/?page_id=80184"},"modified":"2021-08-09T13:57:00","modified_gmt":"2021-08-09T11:57:00","slug":"dr-med-elisabeth-weise","status":"publish","type":"page","link":"https:\/\/kwt.meiio.net\/tr\/muayenehane\/ekip\/dr-med-elisabeth-weise","title":{"rendered":"Dr. med. Elisabeth Weise"},"content":{"rendered":"<h2>\u00d6zge\u00e7mi\u015f<\/h2>\n<table>\n<tbody>\n<tr>\n<td><b>Ad<\/b><\/td>\n<td>Dr. med. Weise<\/td>\n<\/tr>\n<tr>\n<td><b> Ad\u0131<\/b><\/td>\n<td>Elisabeth Katrin<\/td>\n<\/tr>\n<tr>\n<td><\/td>\n<td>1 \u00e7ocuk<\/td>\n<\/tr>\n<tr>\n<td><b> Yeterlilik<\/b><\/td>\n<td>Kad\u0131n hastal\u0131klar\u0131 ve do\u011fum uzman\u0131,<br \/>\nTemel psikosomatik bak\u0131m,<br \/>\nKolposkopi Diplomas\u0131<\/td>\n<\/tr>\n<tr>\n<td><b> \u00c7al\u0131\u015fmalar <\/b> 2005-2012<\/td>\n<td>Charit\u00e9-Universit\u00e4tsmedizin Berlin ve Universidad de Moron \/ Universidad de Buenos Aires&#8217;te be\u015feri t\u0131p e\u011fitimi<\/td>\n<\/tr>\n<tr>\n<td><b>Tez<\/b><\/td>\n<td>&#8220;Gastroenteritli hastalarda norovir\u00fcse \u00f6zg\u00fc yatak ba\u015f\u0131 testinin de\u011ferlendirilmesi&#8221;<br \/>\nCharit\u00e9 T\u0131p Fak\u00fcltesi Hematoloji, Onkoloji ve T\u00fcm\u00f6r \u0130mm\u00fcnolojisi Klini\u011fi &#8211; Universit\u00e4tsmedizin Berlin<br \/>\nDoktora s\u00fcperviz\u00f6r\u00fc: PD Dr. med. Stefan Schwarz<\/td>\n<\/tr>\n<tr>\n<td colspan=\"2\"><b> Mezuniyetten bu yana t\u0131bbi aktivite <\/b><\/td>\n<\/tr>\n<tr>\n<td>05\/2013 &#8211; 09\/2015<\/td>\n<td>Kad\u0131n Hastal\u0131klar\u0131 ve Do\u011fum Klini\u011fi,<br \/>\nHelios Clinic Bad Saarow<\/td>\n<\/tr>\n<tr>\n<td>10\/2015 &#8211; 09\/2019<\/td>\n<td>Kad\u0131n Hastal\u0131klar\u0131 ve Do\u011fum Klini\u011fi,<br \/>\nSana Klinikum Berlin Lichtenberg (Perinatal Merkezi II. Seviye)<\/td>\n<\/tr>\n<tr>\n<td>10\/2019&#8217;dan beri<\/td>\n<td>Do\u011furganl\u0131k Ekibi Berlin<br \/>\nDr. ba\u015fkanl\u0131\u011f\u0131nda med. G\u00fclden Halis<\/td>\n<\/tr>\n<tr>\n<td>07\/2020<\/td>\n<td>Jinekoloji ve do\u011fum uzman\u0131 olarak tan\u0131nma<\/td>\n<\/tr>\n<tr>\n<td>Mevcut<\/td>\n<td>Dr. med. G\u00fclden Halis<\/td>\n<\/tr>\n<\/tbody>\n<\/table>\n<h3>A\u015fa\u011f\u0131daki topluluklar\u0131n \u00fcyesi<\/h3>\n<p>Berufsverband der Frauen\u00e4rzte<br \/>\nAG CPC (Arbeitsgemeinschaft Zervixpathologie und Kolposkopie e.V.)<\/p>\n","protected":false},"excerpt":{"rendered":"<p>Kad\u0131n hastal\u0131klar\u0131 ve do\u011fum uzman\u0131, Temel psikosomatik bak\u0131m, Kolposkopi Diplomas\u0131<\/p>\n","protected":false},"author":6,"featured_media":81164,"parent":7777,"menu_order":3,"comment_status":"closed","ping_status":"closed","template":"","meta":{"footnotes":""},"class_list":["post-80184","page","type-page","status-publish","has-post-thumbnail","hentry"],"yoast_head":"<!-- This site is optimized with the Yoast SEO plugin v25.6 - https:\/\/yoast.com\/wordpress\/plugins\/seo\/ -->\n<title>Dr. med. Elisabeth Weise &#8226; Kinderwunschteam Berlin<\/title>\n<meta name=\"description\" content=\"Kad\u0131n hastal\u0131klar\u0131 ve do\u011fum uzman\u0131, Temel psikosomatik bak\u0131m, Kolposkopi Diplomas\u0131\" \/>\n<meta name=\"robots\" content=\"noindex, follow, max-snippet:-1, max-image-preview:large, max-video-preview:-1\" \/>\n<meta property=\"og:locale\" content=\"tr_TR\" \/>\n<meta property=\"og:type\" content=\"article\" \/>\n<meta property=\"og:title\" content=\"Dr. med. Elisabeth Weise &#8226; Kinderwunschteam Berlin\" \/>\n<meta property=\"og:description\" content=\"Kad\u0131n hastal\u0131klar\u0131 ve do\u011fum uzman\u0131, Temel psikosomatik bak\u0131m, Kolposkopi Diplomas\u0131\" \/>\n<meta property=\"og:url\" content=\"https:\/\/kwt.meiio.net\/tr\/muayenehane\/ekip\/dr-med-elisabeth-weise\" \/>\n<meta property=\"og:site_name\" content=\"Kinderwunschteam Berlin\" \/>\n<meta property=\"article:publisher\" content=\"https:\/\/www.facebook.com\/kinderwunschteam.berlin\/\" \/>\n<meta property=\"article:modified_time\" content=\"2021-08-09T11:57:00+00:00\" \/>\n<meta property=\"og:image\" content=\"https:\/\/kwt.meiio.net\/wp-content\/uploads\/Kinderwunschteam-Aerztinnen-DrWeise.jpg\" \/>\n\t<meta property=\"og:image:width\" content=\"2000\" \/>\n\t<meta property=\"og:image:height\" content=\"670\" \/>\n\t<meta property=\"og:image:type\" content=\"image\/jpeg\" \/>\n<meta name=\"twitter:card\" content=\"summary_large_image\" \/>\n<script type=\"application\/ld+json\" class=\"yoast-schema-graph\">{\"@context\":\"https:\/\/schema.org\",\"@graph\":[{\"@type\":\"WebPage\",\"@id\":\"https:\/\/kwt.meiio.net\/tr\/muayenehane\/ekip\/dr-med-elisabeth-weise\",\"url\":\"https:\/\/kwt.meiio.net\/tr\/muayenehane\/ekip\/dr-med-elisabeth-weise\",\"name\":\"Dr. med. Elisabeth Weise &#8226; Kinderwunschteam Berlin\",\"isPartOf\":{\"@id\":\"https:\/\/kwt.meiio.net\/tr#website\"},\"primaryImageOfPage\":{\"@id\":\"https:\/\/kwt.meiio.net\/tr\/muayenehane\/ekip\/dr-med-elisabeth-weise#primaryimage\"},\"image\":{\"@id\":\"https:\/\/kwt.meiio.net\/tr\/muayenehane\/ekip\/dr-med-elisabeth-weise#primaryimage\"},\"thumbnailUrl\":\"https:\/\/kwt.meiio.net\/wp-content\/uploads\/Kinderwunschteam-Aerztinnen-DrWeise.jpg\",\"datePublished\":\"2020-02-07T13:35:41+00:00\",\"dateModified\":\"2021-08-09T11:57:00+00:00\",\"description\":\"Kad\u0131n hastal\u0131klar\u0131 ve do\u011fum uzman\u0131, Temel psikosomatik bak\u0131m, Kolposkopi Diplomas\u0131\",\"breadcrumb\":{\"@id\":\"https:\/\/kwt.meiio.net\/tr\/muayenehane\/ekip\/dr-med-elisabeth-weise#breadcrumb\"},\"inLanguage\":\"tr\",\"potentialAction\":[{\"@type\":\"ReadAction\",\"target\":[\"https:\/\/kwt.meiio.net\/tr\/muayenehane\/ekip\/dr-med-elisabeth-weise\"]}]},{\"@type\":\"ImageObject\",\"inLanguage\":\"tr\",\"@id\":\"https:\/\/kwt.meiio.net\/tr\/muayenehane\/ekip\/dr-med-elisabeth-weise#primaryimage\",\"url\":\"https:\/\/kwt.meiio.net\/wp-content\/uploads\/Kinderwunschteam-Aerztinnen-DrWeise.jpg\",\"contentUrl\":\"https:\/\/kwt.meiio.net\/wp-content\/uploads\/Kinderwunschteam-Aerztinnen-DrWeise.jpg\",\"width\":2000,\"height\":670,\"caption\":\"Dr. med. Elisabeth Weise\"},{\"@type\":\"BreadcrumbList\",\"@id\":\"https:\/\/kwt.meiio.net\/tr\/muayenehane\/ekip\/dr-med-elisabeth-weise#breadcrumb\",\"itemListElement\":[{\"@type\":\"ListItem\",\"position\":1,\"name\":\"Startseite\",\"item\":\"https:\/\/kwt.meiio.net\/tr\"},{\"@type\":\"ListItem\",\"position\":2,\"name\":\"Muayenehane\",\"item\":\"https:\/\/kwt.meiio.net\/tr\/muayenehane\"},{\"@type\":\"ListItem\",\"position\":3,\"name\":\"Ekip\",\"item\":\"https:\/\/kwt.meiio.net\/tr\/muayenehane\/ekip\"},{\"@type\":\"ListItem\",\"position\":4,\"name\":\"Dr. med. Elisabeth Weise\"}]},{\"@type\":\"WebSite\",\"@id\":\"https:\/\/kwt.meiio.net\/tr#website\",\"url\":\"https:\/\/kwt.meiio.net\/tr\",\"name\":\"Kinderwunschteam Berlin\",\"description\":\"Kinderwunsch- und Endometriose-Zentrum\",\"publisher\":{\"@id\":\"https:\/\/kwt.meiio.net\/tr#organization\"},\"potentialAction\":[{\"@type\":\"SearchAction\",\"target\":{\"@type\":\"EntryPoint\",\"urlTemplate\":\"https:\/\/kwt.meiio.net\/tr?s={search_term_string}\"},\"query-input\":{\"@type\":\"PropertyValueSpecification\",\"valueRequired\":true,\"valueName\":\"search_term_string\"}}],\"inLanguage\":\"tr\"},{\"@type\":\"Organization\",\"@id\":\"https:\/\/kwt.meiio.net\/tr#organization\",\"name\":\"Kinderwunschteam Berlin\",\"url\":\"https:\/\/kwt.meiio.net\/tr\",\"logo\":{\"@type\":\"ImageObject\",\"inLanguage\":\"tr\",\"@id\":\"https:\/\/kwt.meiio.net\/tr#\/schema\/logo\/image\/\",\"url\":\"https:\/\/kwt.meiio.net\/wp-content\/uploads\/Logo-KinderwunschteamBerlin-NavBar@2.png\",\"contentUrl\":\"https:\/\/kwt.meiio.net\/wp-content\/uploads\/Logo-KinderwunschteamBerlin-NavBar@2.png\",\"width\":800,\"height\":200,\"caption\":\"Kinderwunschteam Berlin\"},\"image\":{\"@id\":\"https:\/\/kwt.meiio.net\/tr#\/schema\/logo\/image\/\"},\"sameAs\":[\"https:\/\/www.facebook.com\/kinderwunschteam.berlin\/\",\"https:\/\/www.instagram.com\/kinderwunschteamberlin\/\"]}]}<\/script>\n<!-- \/ Yoast SEO plugin. -->","yoast_head_json":{"title":"Dr. med. Elisabeth Weise &#8226; Kinderwunschteam Berlin","description":"Kad\u0131n hastal\u0131klar\u0131 ve do\u011fum uzman\u0131, Temel psikosomatik bak\u0131m, Kolposkopi Diplomas\u0131","robots":{"index":"noindex","follow":"follow","max-snippet":"max-snippet:-1","max-image-preview":"max-image-preview:large","max-video-preview":"max-video-preview:-1"},"og_locale":"tr_TR","og_type":"article","og_title":"Dr. med. Elisabeth Weise &#8226; Kinderwunschteam Berlin","og_description":"Kad\u0131n hastal\u0131klar\u0131 ve do\u011fum uzman\u0131, Temel psikosomatik bak\u0131m, Kolposkopi Diplomas\u0131","og_url":"https:\/\/kwt.meiio.net\/tr\/muayenehane\/ekip\/dr-med-elisabeth-weise","og_site_name":"Kinderwunschteam Berlin","article_publisher":"https:\/\/www.facebook.com\/kinderwunschteam.berlin\/","article_modified_time":"2021-08-09T11:57:00+00:00","og_image":[{"width":2000,"height":670,"url":"https:\/\/kwt.meiio.net\/wp-content\/uploads\/Kinderwunschteam-Aerztinnen-DrWeise.jpg","type":"image\/jpeg"}],"twitter_card":"summary_large_image","schema":{"@context":"https:\/\/schema.org","@graph":[{"@type":"WebPage","@id":"https:\/\/kwt.meiio.net\/tr\/muayenehane\/ekip\/dr-med-elisabeth-weise","url":"https:\/\/kwt.meiio.net\/tr\/muayenehane\/ekip\/dr-med-elisabeth-weise","name":"Dr. med. Elisabeth Weise &#8226; Kinderwunschteam Berlin","isPartOf":{"@id":"https:\/\/kwt.meiio.net\/tr#website"},"primaryImageOfPage":{"@id":"https:\/\/kwt.meiio.net\/tr\/muayenehane\/ekip\/dr-med-elisabeth-weise#primaryimage"},"image":{"@id":"https:\/\/kwt.meiio.net\/tr\/muayenehane\/ekip\/dr-med-elisabeth-weise#primaryimage"},"thumbnailUrl":"https:\/\/kwt.meiio.net\/wp-content\/uploads\/Kinderwunschteam-Aerztinnen-DrWeise.jpg","datePublished":"2020-02-07T13:35:41+00:00","dateModified":"2021-08-09T11:57:00+00:00","description":"Kad\u0131n hastal\u0131klar\u0131 ve do\u011fum uzman\u0131, Temel psikosomatik bak\u0131m, Kolposkopi Diplomas\u0131","breadcrumb":{"@id":"https:\/\/kwt.meiio.net\/tr\/muayenehane\/ekip\/dr-med-elisabeth-weise#breadcrumb"},"inLanguage":"tr","potentialAction":[{"@type":"ReadAction","target":["https:\/\/kwt.meiio.net\/tr\/muayenehane\/ekip\/dr-med-elisabeth-weise"]}]},{"@type":"ImageObject","inLanguage":"tr","@id":"https:\/\/kwt.meiio.net\/tr\/muayenehane\/ekip\/dr-med-elisabeth-weise#primaryimage","url":"https:\/\/kwt.meiio.net\/wp-content\/uploads\/Kinderwunschteam-Aerztinnen-DrWeise.jpg","contentUrl":"https:\/\/kwt.meiio.net\/wp-content\/uploads\/Kinderwunschteam-Aerztinnen-DrWeise.jpg","width":2000,"height":670,"caption":"Dr. med. Elisabeth Weise"},{"@type":"BreadcrumbList","@id":"https:\/\/kwt.meiio.net\/tr\/muayenehane\/ekip\/dr-med-elisabeth-weise#breadcrumb","itemListElement":[{"@type":"ListItem","position":1,"name":"Startseite","item":"https:\/\/kwt.meiio.net\/tr"},{"@type":"ListItem","position":2,"name":"Muayenehane","item":"https:\/\/kwt.meiio.net\/tr\/muayenehane"},{"@type":"ListItem","position":3,"name":"Ekip","item":"https:\/\/kwt.meiio.net\/tr\/muayenehane\/ekip"},{"@type":"ListItem","position":4,"name":"Dr. med. Elisabeth Weise"}]},{"@type":"WebSite","@id":"https:\/\/kwt.meiio.net\/tr#website","url":"https:\/\/kwt.meiio.net\/tr","name":"Kinderwunschteam Berlin","description":"Kinderwunsch- und Endometriose-Zentrum","publisher":{"@id":"https:\/\/kwt.meiio.net\/tr#organization"},"potentialAction":[{"@type":"SearchAction","target":{"@type":"EntryPoint","urlTemplate":"https:\/\/kwt.meiio.net\/tr?s={search_term_string}"},"query-input":{"@type":"PropertyValueSpecification","valueRequired":true,"valueName":"search_term_string"}}],"inLanguage":"tr"},{"@type":"Organization","@id":"https:\/\/kwt.meiio.net\/tr#organization","name":"Kinderwunschteam Berlin","url":"https:\/\/kwt.meiio.net\/tr","logo":{"@type":"ImageObject","inLanguage":"tr","@id":"https:\/\/kwt.meiio.net\/tr#\/schema\/logo\/image\/","url":"https:\/\/kwt.meiio.net\/wp-content\/uploads\/Logo-KinderwunschteamBerlin-NavBar@2.png","contentUrl":"https:\/\/kwt.meiio.net\/wp-content\/uploads\/Logo-KinderwunschteamBerlin-NavBar@2.png","width":800,"height":200,"caption":"Kinderwunschteam Berlin"},"image":{"@id":"https:\/\/kwt.meiio.net\/tr#\/schema\/logo\/image\/"},"sameAs":["https:\/\/www.facebook.com\/kinderwunschteam.berlin\/","https:\/\/www.instagram.com\/kinderwunschteamberlin\/"]}]}},"_links":{"self":[{"href":"https:\/\/kwt.meiio.net\/tr\/wp-json\/wp\/v2\/pages\/80184","targetHints":{"allow":["GET"]}}],"collection":[{"href":"https:\/\/kwt.meiio.net\/tr\/wp-json\/wp\/v2\/pages"}],"about":[{"href":"https:\/\/kwt.meiio.net\/tr\/wp-json\/wp\/v2\/types\/page"}],"author":[{"embeddable":true,"href":"https:\/\/kwt.meiio.net\/tr\/wp-json\/wp\/v2\/users\/6"}],"replies":[{"embeddable":true,"href":"https:\/\/kwt.meiio.net\/tr\/wp-json\/wp\/v2\/comments?post=80184"}],"version-history":[{"count":0,"href":"https:\/\/kwt.meiio.net\/tr\/wp-json\/wp\/v2\/pages\/80184\/revisions"}],"up":[{"embeddable":true,"href":"https:\/\/kwt.meiio.net\/tr\/wp-json\/wp\/v2\/pages\/7777"}],"wp:featuredmedia":[{"embeddable":true,"href":"https:\/\/kwt.meiio.net\/tr\/wp-json\/wp\/v2\/media\/81164"}],"wp:attachment":[{"href":"https:\/\/kwt.meiio.net\/tr\/wp-json\/wp\/v2\/media?parent=80184"}],"curies":[{"name":"wp","href":"https:\/\/api.w.org\/{rel}","templated":true}]}}