{"id":80012,"date":"2020-11-24T18:00:50","date_gmt":"2020-11-24T17:00:50","guid":{"rendered":"https:\/\/www.kinderwunschteam.berlin\/?page_id=80012"},"modified":"2026-04-23T14:16:53","modified_gmt":"2026-04-23T12:16:53","slug":"hosgeldiniz","status":"publish","type":"page","link":"https:\/\/kwt.meiio.net\/tr","title":{"rendered":"Ho\u015fgeldiniz"},"content":{"rendered":"<div class=\"wpb-content-wrapper\"><p>[vc_row row_height_percent=&#8221;40&#8243; back_color=&#8221;color-gyho&#8221; back_image=&#8221;8757&#8243; overlay_alpha=&#8221;50&#8243; gutter_size=&#8221;3&#8243; column_width_percent=&#8221;100&#8243; shift_y=&#8221;0&#8243; z_index=&#8221;0&#8243; row_height_pixel=&#8221;200&#8243; el_class=&#8221;.kwt-startpage-heroimage&#8221;][vc_column width=&#8221;1\/1&#8243;][\/vc_column][\/vc_row][vc_row row_height_percent=&#8221;0&#8243; back_color=&#8221;color-gyho&#8221; overlay_alpha=&#8221;50&#8243; gutter_size=&#8221;4&#8243; column_width_percent=&#8221;100&#8243; shift_y=&#8221;0&#8243; z_index=&#8221;0&#8243; el_class=&#8221;.kwt-startpage-herotext&#8221;][vc_column column_width_percent=&#8221;100&#8243; position_horizontal=&#8221;left&#8221; position_vertical=&#8221;middle&#8221; gutter_size=&#8221;3&#8243; overlay_alpha=&#8221;50&#8243; shift_x=&#8221;0&#8243; shift_y=&#8221;0&#8243; shift_y_down=&#8221;0&#8243; z_index=&#8221;0&#8243; medium_width=&#8221;7&#8243; mobile_width=&#8221;7&#8243; width=&#8221;2\/3&#8243;][vc_custom_heading heading_semantic=&#8221;h1&#8243; text_size=&#8221;h1&#8243; text_weight=&#8221;500&#8243;]\u00c7ocuk mu istiyorsunuz?[\/vc_custom_heading][vc_column_text text_lead=&#8221;yes&#8221;]Berlin`de tecr\u00fcbeli ve duyarl\u0131 bir ekip, kapsaml\u0131 bir dan\u0131\u0219manl\u0131k ile beraber tedavi deste\u1e21i mi ar\u0131yorsunuz? O zaman do\u1e21ru yerdesiniz. Hemen randevu al\u0131n\u0131z.<\/p>\n<p>Sizleri bekliyoruz.<\/p>\n<p>Klini\u1e21imiz Friedrichstrasse 79 adresinde<br \/>\nDr. med. G\u00fclden Halis.[\/vc_column_text][\/vc_column][vc_column column_width_percent=&#8221;100&#8243; gutter_size=&#8221;3&#8243; override_padding=&#8221;yes&#8221; column_padding=&#8221;0&#8243; overlay_alpha=&#8221;50&#8243; shift_x=&#8221;0&#8243; shift_y=&#8221;0&#8243; shift_y_down=&#8221;0&#8243; z_index=&#8221;0&#8243; medium_width=&#8221;0&#8243; mobile_width=&#8221;0&#8243; width=&#8221;1\/3&#8243; el_class=&#8221;.kwt-startpage-header-jameda&#8221;][\/vc_column][\/vc_row][vc_row row_height_percent=&#8221;0&#8243; override_padding=&#8221;yes&#8221; h_padding=&#8221;2&#8243; top_padding=&#8221;4&#8243; bottom_padding=&#8221;4&#8243; overlay_alpha=&#8221;50&#8243; gutter_size=&#8221;4&#8243; column_width_percent=&#8221;100&#8243; shift_y=&#8221;0&#8243; z_index=&#8221;0&#8243; el_class=&#8221;.kwt-startpage-introsection&#8221;][vc_column column_width_percent=&#8221;100&#8243; gutter_size=&#8221;3&#8243; overlay_alpha=&#8221;50&#8243; shift_x=&#8221;0&#8243; shift_y=&#8221;0&#8243; shift_y_down=&#8221;0&#8243; z_index=&#8221;0&#8243; medium_width=&#8221;5&#8243; mobile_width=&#8221;7&#8243; width=&#8221;2\/3&#8243;][vc_column_text]<\/p>\n<h2>\u00c7ocuk I\u0307ste\u011fi\u0307nde Bi\u0307reysel Beraberli\u0307k<\/h2>\n<p>\u00c7ocuk sahibi olamama nedenlerini anlamak olduk\u04aba geni\u0219 kapsaml\u0131 bir anlay\u0131\u0219 gerektirir. Bireysel ve beraber her bir hasta ve her bir \u04abift ile \u00f6zel tedavi plan\u0131 \u04aber\u04abevesinde \u04ab\u00f6z\u00fcme gidilebilir. Klini\u1e21imizde y\u0131llar\u0131n verdi\u1e21i tecr\u00fcbe ve beceriyi i\u0219inde sevgiyle birle\u0219tiren bir ekip bulabilirsiniz. Ekibimiz \u04abocuk sahibi olamama tan\u0131s\u0131 ve tedavisi alan\u0131nda oldu\u1e21u kadar endometriozis alan\u0131nda da uzmand\u0131r..<\/p>\n<h2>Modern Terapi\u0307leri\u0307 Tamamlayici Yakla\u015fimlarla Bi\u0307rle\u015fti\u0307rmek<\/h2>\n<p>Yenilik\u04abi tedavi konseptlerini, disiplinli bir ekip ile birlikte modern k\u0131s\u0131rl\u0131k tedavisi yelpazesinde sunmaktay\u0131z. Gerek haz\u0131rl\u0131k a\u0219amas\u0131nda ve gerekse tedavi s\u0131ras\u0131nda geleneksel \u00c7in t\u0131bb\u0131ndan, fizyoterpiye, beslenme t\u0131bb\u0131ndan psikolojik hizmete kadar geni\u0219 kapsaml\u0131 ve destekleyici tedavileri de merkezimizde bulabilirsiniz.<\/p>\n<h2>Serti\u0307fi\u0307kali Endometri\u0307ozi\u0307s Merkezi\u0307 ve Myom<\/h2>\n<p>Endometriozis ve Myom hastalar\u0131, \u04abocuk iste\u1e21i olsun yada olmas\u0131n, tecr\u00fcbeli ekibi ile hizmet alabilir ve hasta \u0219undan emin olabilir ki i\u0219lem, endokrinolojik ve a\u1e21r\u0131 tedavisi i\u04abin ilgili deneyimli ki\u0219iyi merkezimizde bulabilir. Merkezimiz endometriozis merkezi olarak y\u00fcksek bilimsel ve klinik kalite y\u00f6netimi ve DIN-ISO 2010 sertifikas\u0131 ile sertifikaland\u0131r\u0131lm\u0131\u0219t\u0131r.[\/vc_column_text][\/vc_column][vc_column column_width_percent=&#8221;100&#8243; gutter_size=&#8221;3&#8243; overlay_alpha=&#8221;50&#8243; shift_x=&#8221;0&#8243; shift_y=&#8221;0&#8243; shift_y_down=&#8221;0&#8243; z_index=&#8221;0&#8243; medium_width=&#8221;3&#8243; mobile_visibility=&#8221;yes&#8221; mobile_width=&#8221;7&#8243; width=&#8221;1\/3&#8243;][vc_widget_sidebar sidebar_id=&#8221;sidebar-133107&#8243;][\/vc_column][\/vc_row][vc_row row_height_percent=&#8221;0&#8243; overlay_alpha=&#8221;50&#8243; gutter_size=&#8221;3&#8243; column_width_percent=&#8221;100&#8243; shift_y=&#8221;0&#8243; z_index=&#8221;0&#8243; el_class=&#8221;.kwt-startpage-teasersection&#8221;][vc_column width=&#8221;1\/1&#8243;][uncode_index el_id=&#8221;index-130979&#8243; isotope_mode=&#8221;fitRows&#8221; loop=&#8221;size:24|order_by:menu_order|order:ASC|post_type:page|tax_query:210&#8243; gutter_size=&#8221;3&#8243; page_items=&#8221;media|featured|onpost|original,title,text|excerpt&#8221; portfolio_items=&#8221;media|featured|onpost|original,title,text|full&#8221; screen_lg=&#8221;1000&#8243; screen_md=&#8221;800&#8243; screen_sm=&#8221;640&#8243; images_size=&#8221;twentyone-nine&#8221; single_overlay_color=&#8221;color-962624&#8243; single_overlay_opacity=&#8221;15&#8243; single_overlay_visible=&#8221;yes&#8221; single_text_visible=&#8221;yes&#8221; single_text_anim=&#8221;no&#8221; single_h_align_mobile=&#8221;left&#8221; single_padding=&#8221;2&#8243; single_text_reduced=&#8221;yes&#8221; single_title_dimension=&#8221;h3&#8243; single_title_weight=&#8221;500&#8243; single_border=&#8221;yes&#8221; single_css_animation=&#8221;bottom-t-top&#8221; single_animation_delay=&#8221;200&#8243; custom_order=&#8221;yes&#8221; no_double_tap=&#8221;yes&#8221; items=&#8221;eyI3OTY0MV9pIjp7InNpbmdsZV9saW5rIjoidXJsOmh0dHAlM0ElMkYlMkZrd3QtZGV2Mi5tZWlpby5uZXQlMkZzcGVrdHJ1bSUyRmtpbmRlcnd1bnNjaCUyRnx8fCJ9fQ==&#8221; title=&#8221;Teaser&#8221; order_ids=&#8221;7487,7575,7521,7559,79807,79813,7590,7629,7777,7773,7863,7900&#8243;][\/vc_column][\/vc_row][vc_row row_height_percent=&#8221;0&#8243; back_color=&#8221;color-xsdn&#8221; overlay_alpha=&#8221;50&#8243; gutter_size=&#8221;3&#8243; column_width_percent=&#8221;100&#8243; shift_y=&#8221;0&#8243; z_index=&#8221;0&#8243; el_class=&#8221;.kwt-startpage-engagement&#8221;][vc_column width=&#8221;1\/1&#8243;][vc_custom_heading]<\/p>\n<h3>Unser Engagement<\/h3>\n<p>[\/vc_custom_heading][vc_column_text]Hier ein kurzer Text \u00fcber unser Engagement. [todo][\/vc_column_text][vc_gallery el_id=&#8221;gallery-838391&#8243; isotope_mode=&#8221;cellsByRow&#8221; medias=&#8221;79585,79589,79593,79597,79601&#8243; gutter_size=&#8221;2&#8243; media_items=&#8221;media|custom_link|original&#8221; screen_lg=&#8221;800&#8243; screen_md=&#8221;480&#8243; screen_sm=&#8221;100&#8243; single_width=&#8221;2&#8243; single_overlay_opacity=&#8221;50&#8243; single_overlay_anim=&#8221;no&#8221; single_text_anim=&#8221;no&#8221; single_image_anim=&#8221;no&#8221; single_padding=&#8221;2&#8243; single_border=&#8221;yes&#8221; items=&#8221;eyI3OTU4Ml9pIjp7InNpbmdsZV9saW5rIjoidXJsOmh0dHBzJTNBJTJGJTJGcmVwcm9tZWQuZGUlMkZ8fHRhcmdldDolMjBfYmxhbmt8In0sIjc5NTg2X2kiOnsic2luZ2xlX2xpbmsiOiJ1cmw6aHR0cHMlM0ElMkYlMkZ3d3cuZGV1dHNjaGVzLWl2Zi1yZWdpc3Rlci5kZSUyRnx8dGFyZ2V0OiUyMF9ibGFua3wifSwiNzk1OTBfaSI6eyJzaW5nbGVfbGluayI6InVybDpodHRwcyUzQSUyRiUyRnd3dy5lbmRvbWV0cmlvc2UtbGlnYS5ldSUyRnx8dGFyZ2V0OiUyMF9ibGFua3wifSwiNzk1OTRfaSI6eyJzaW5nbGVfbGluayI6InVybDpodHRwcyUzQSUyRiUyRmZlcnRpcHJvdGVrdC5jb20lMkZ8fHRhcmdldDolMjBfYmxhbmt8In0sIjc5NTk4X2kiOnsic2luZ2xlX2xpbmsiOiJ1cmw6aHR0cHMlM0ElMkYlMkZ3d3cucGxhbi5kZSUyRnx8dGFyZ2V0OiUyMF9ibGFua3wifX0=&#8221;][\/vc_column][\/vc_row]<\/p>\n<\/div>","protected":false},"excerpt":{"rendered":"<p>[vc_row row_height_percent=&#8221;40&#8243; back_color=&#8221;color-gyho&#8221; back_image=&#8221;8757&#8243; overlay_alpha=&#8221;50&#8243; gutter_size=&#8221;3&#8243; column_width_percent=&#8221;100&#8243; shift_y=&#8221;0&#8243; z_index=&#8221;0&#8243; row_height_pixel=&#8221;200&#8243; el_class=&#8221;.kwt-startpage-heroimage&#8221;][vc_column width=&#8221;1\/1&#8243;][\/vc_column][\/vc_row][vc_row row_height_percent=&#8221;0&#8243; back_color=&#8221;color-gyho&#8221; overlay_alpha=&#8221;50&#8243; gutter_size=&#8221;4&#8243; column_width_percent=&#8221;100&#8243; shift_y=&#8221;0&#8243; z_index=&#8221;0&#8243; el_class=&#8221;.kwt-startpage-herotext&#8221;][vc_column [&hellip;]<\/p>\n","protected":false},"author":6,"featured_media":8760,"parent":0,"menu_order":1,"comment_status":"closed","ping_status":"closed","template":"","meta":{"footnotes":""},"class_list":["post-80012","page","type-page","status-publish","has-post-thumbnail","hentry"],"yoast_head":"<!-- This site is optimized with the Yoast SEO plugin v25.6 - https:\/\/yoast.com\/wordpress\/plugins\/seo\/ -->\n<title>Ho\u015fgeldiniz &#8226; Kinderwunschteam Berlin<\/title>\n<meta name=\"description\" content=\"\u00c7ocuk mu istiyorsunuz?Berlin`de tecr\u00fcbeli ve duyarl\u0131 bir ekip, kapsaml\u0131 bir dan\u0131\u0219manl\u0131k ile beraber tedavi deste\u1e21i mi ar\u0131yorsunuz? O zaman do\u1e21ru\" \/>\n<meta name=\"robots\" content=\"noindex, follow, max-snippet:-1, max-image-preview:large, max-video-preview:-1\" \/>\n<meta property=\"og:locale\" content=\"tr_TR\" \/>\n<meta property=\"og:type\" content=\"article\" \/>\n<meta property=\"og:title\" content=\"Ho\u015fgeldiniz &#8226; Kinderwunschteam Berlin\" \/>\n<meta property=\"og:description\" content=\"\u00c7ocuk mu istiyorsunuz?Berlin`de tecr\u00fcbeli ve duyarl\u0131 bir ekip, kapsaml\u0131 bir dan\u0131\u0219manl\u0131k ile beraber tedavi deste\u1e21i mi ar\u0131yorsunuz? O zaman do\u1e21ru\" \/>\n<meta property=\"og:url\" content=\"https:\/\/kwt.meiio.net\/tr\" \/>\n<meta property=\"og:site_name\" content=\"Kinderwunschteam Berlin\" \/>\n<meta property=\"article:publisher\" content=\"https:\/\/www.facebook.com\/kinderwunschteam.berlin\/\" \/>\n<meta property=\"article:modified_time\" content=\"2026-04-23T12:16:53+00:00\" \/>\n<meta property=\"og:image\" content=\"https:\/\/kwt.meiio.net\/wp-content\/uploads\/sidebar-storch-2-1.jpg\" \/>\n<meta name=\"twitter:card\" content=\"summary_large_image\" \/>\n<meta name=\"twitter:image\" content=\"https:\/\/kwt.meiio.net\/wp-content\/uploads\/sidebar-storch-2-1.jpg\" \/>\n<script type=\"application\/ld+json\" class=\"yoast-schema-graph\">{\"@context\":\"https:\/\/schema.org\",\"@graph\":[{\"@type\":\"WebPage\",\"@id\":\"https:\/\/kwt.meiio.net\/tr\",\"url\":\"https:\/\/kwt.meiio.net\/tr\",\"name\":\"Ho\u015fgeldiniz &#8226; Kinderwunschteam Berlin\",\"isPartOf\":{\"@id\":\"https:\/\/kwt.meiio.net\/tr#website\"},\"primaryImageOfPage\":{\"@id\":\"https:\/\/kwt.meiio.net\/tr#primaryimage\"},\"image\":{\"@id\":\"https:\/\/kwt.meiio.net\/tr#primaryimage\"},\"thumbnailUrl\":\"https:\/\/kwt.meiio.net\/wp-content\/uploads\/Kinderwunschteam-Mutter-Kind-2000.jpg\",\"datePublished\":\"2020-11-24T17:00:50+00:00\",\"dateModified\":\"2026-04-23T12:16:53+00:00\",\"description\":\"\u00c7ocuk mu istiyorsunuz?Berlin`de tecr\u00fcbeli ve duyarl\u0131 bir ekip, kapsaml\u0131 bir dan\u0131\u0219manl\u0131k ile beraber tedavi deste\u1e21i mi ar\u0131yorsunuz? O zaman do\u1e21ru\",\"breadcrumb\":{\"@id\":\"https:\/\/kwt.meiio.net\/tr#breadcrumb\"},\"inLanguage\":\"tr\",\"potentialAction\":[{\"@type\":\"ReadAction\",\"target\":[\"https:\/\/kwt.meiio.net\/tr\"]}]},{\"@type\":\"ImageObject\",\"inLanguage\":\"tr\",\"@id\":\"https:\/\/kwt.meiio.net\/tr#primaryimage\",\"url\":\"https:\/\/kwt.meiio.net\/wp-content\/uploads\/Kinderwunschteam-Mutter-Kind-2000.jpg\",\"contentUrl\":\"https:\/\/kwt.meiio.net\/wp-content\/uploads\/Kinderwunschteam-Mutter-Kind-2000.jpg\",\"width\":2000,\"height\":612},{\"@type\":\"BreadcrumbList\",\"@id\":\"https:\/\/kwt.meiio.net\/tr#breadcrumb\",\"itemListElement\":[{\"@type\":\"ListItem\",\"position\":1,\"name\":\"Startseite\",\"item\":\"https:\/\/kwt.meiio.net\/tr\"},{\"@type\":\"ListItem\",\"position\":2,\"name\":\"Ho\u015fgeldiniz\"}]},{\"@type\":\"WebSite\",\"@id\":\"https:\/\/kwt.meiio.net\/tr#website\",\"url\":\"https:\/\/kwt.meiio.net\/tr\",\"name\":\"Kinderwunschteam Berlin\",\"description\":\"Kinderwunsch- und Endometriose-Zentrum\",\"publisher\":{\"@id\":\"https:\/\/kwt.meiio.net\/tr#organization\"},\"potentialAction\":[{\"@type\":\"SearchAction\",\"target\":{\"@type\":\"EntryPoint\",\"urlTemplate\":\"https:\/\/kwt.meiio.net\/tr?s={search_term_string}\"},\"query-input\":{\"@type\":\"PropertyValueSpecification\",\"valueRequired\":true,\"valueName\":\"search_term_string\"}}],\"inLanguage\":\"tr\"},{\"@type\":\"Organization\",\"@id\":\"https:\/\/kwt.meiio.net\/tr#organization\",\"name\":\"Kinderwunschteam Berlin\",\"url\":\"https:\/\/kwt.meiio.net\/tr\",\"logo\":{\"@type\":\"ImageObject\",\"inLanguage\":\"tr\",\"@id\":\"https:\/\/kwt.meiio.net\/tr#\/schema\/logo\/image\/\",\"url\":\"https:\/\/kwt.meiio.net\/wp-content\/uploads\/Logo-KinderwunschteamBerlin-NavBar@2.png\",\"contentUrl\":\"https:\/\/kwt.meiio.net\/wp-content\/uploads\/Logo-KinderwunschteamBerlin-NavBar@2.png\",\"width\":800,\"height\":200,\"caption\":\"Kinderwunschteam Berlin\"},\"image\":{\"@id\":\"https:\/\/kwt.meiio.net\/tr#\/schema\/logo\/image\/\"},\"sameAs\":[\"https:\/\/www.facebook.com\/kinderwunschteam.berlin\/\",\"https:\/\/www.instagram.com\/kinderwunschteamberlin\/\"]}]}<\/script>\n<!-- \/ Yoast SEO plugin. -->","yoast_head_json":{"title":"Ho\u015fgeldiniz &#8226; Kinderwunschteam Berlin","description":"\u00c7ocuk mu istiyorsunuz?Berlin`de tecr\u00fcbeli ve duyarl\u0131 bir ekip, kapsaml\u0131 bir dan\u0131\u0219manl\u0131k ile beraber tedavi deste\u1e21i mi ar\u0131yorsunuz? O zaman do\u1e21ru","robots":{"index":"noindex","follow":"follow","max-snippet":"max-snippet:-1","max-image-preview":"max-image-preview:large","max-video-preview":"max-video-preview:-1"},"og_locale":"tr_TR","og_type":"article","og_title":"Ho\u015fgeldiniz &#8226; Kinderwunschteam Berlin","og_description":"\u00c7ocuk mu istiyorsunuz?Berlin`de tecr\u00fcbeli ve duyarl\u0131 bir ekip, kapsaml\u0131 bir dan\u0131\u0219manl\u0131k ile beraber tedavi deste\u1e21i mi ar\u0131yorsunuz? O zaman do\u1e21ru","og_url":"https:\/\/kwt.meiio.net\/tr","og_site_name":"Kinderwunschteam Berlin","article_publisher":"https:\/\/www.facebook.com\/kinderwunschteam.berlin\/","article_modified_time":"2026-04-23T12:16:53+00:00","og_image":[{"url":"https:\/\/kwt.meiio.net\/wp-content\/uploads\/sidebar-storch-2-1.jpg","type":"","width":"","height":""}],"twitter_card":"summary_large_image","twitter_image":"https:\/\/kwt.meiio.net\/wp-content\/uploads\/sidebar-storch-2-1.jpg","schema":{"@context":"https:\/\/schema.org","@graph":[{"@type":"WebPage","@id":"https:\/\/kwt.meiio.net\/tr","url":"https:\/\/kwt.meiio.net\/tr","name":"Ho\u015fgeldiniz &#8226; Kinderwunschteam Berlin","isPartOf":{"@id":"https:\/\/kwt.meiio.net\/tr#website"},"primaryImageOfPage":{"@id":"https:\/\/kwt.meiio.net\/tr#primaryimage"},"image":{"@id":"https:\/\/kwt.meiio.net\/tr#primaryimage"},"thumbnailUrl":"https:\/\/kwt.meiio.net\/wp-content\/uploads\/Kinderwunschteam-Mutter-Kind-2000.jpg","datePublished":"2020-11-24T17:00:50+00:00","dateModified":"2026-04-23T12:16:53+00:00","description":"\u00c7ocuk mu istiyorsunuz?Berlin`de tecr\u00fcbeli ve duyarl\u0131 bir ekip, kapsaml\u0131 bir dan\u0131\u0219manl\u0131k ile beraber tedavi deste\u1e21i mi ar\u0131yorsunuz? O zaman do\u1e21ru","breadcrumb":{"@id":"https:\/\/kwt.meiio.net\/tr#breadcrumb"},"inLanguage":"tr","potentialAction":[{"@type":"ReadAction","target":["https:\/\/kwt.meiio.net\/tr"]}]},{"@type":"ImageObject","inLanguage":"tr","@id":"https:\/\/kwt.meiio.net\/tr#primaryimage","url":"https:\/\/kwt.meiio.net\/wp-content\/uploads\/Kinderwunschteam-Mutter-Kind-2000.jpg","contentUrl":"https:\/\/kwt.meiio.net\/wp-content\/uploads\/Kinderwunschteam-Mutter-Kind-2000.jpg","width":2000,"height":612},{"@type":"BreadcrumbList","@id":"https:\/\/kwt.meiio.net\/tr#breadcrumb","itemListElement":[{"@type":"ListItem","position":1,"name":"Startseite","item":"https:\/\/kwt.meiio.net\/tr"},{"@type":"ListItem","position":2,"name":"Ho\u015fgeldiniz"}]},{"@type":"WebSite","@id":"https:\/\/kwt.meiio.net\/tr#website","url":"https:\/\/kwt.meiio.net\/tr","name":"Kinderwunschteam Berlin","description":"Kinderwunsch- und Endometriose-Zentrum","publisher":{"@id":"https:\/\/kwt.meiio.net\/tr#organization"},"potentialAction":[{"@type":"SearchAction","target":{"@type":"EntryPoint","urlTemplate":"https:\/\/kwt.meiio.net\/tr?s={search_term_string}"},"query-input":{"@type":"PropertyValueSpecification","valueRequired":true,"valueName":"search_term_string"}}],"inLanguage":"tr"},{"@type":"Organization","@id":"https:\/\/kwt.meiio.net\/tr#organization","name":"Kinderwunschteam Berlin","url":"https:\/\/kwt.meiio.net\/tr","logo":{"@type":"ImageObject","inLanguage":"tr","@id":"https:\/\/kwt.meiio.net\/tr#\/schema\/logo\/image\/","url":"https:\/\/kwt.meiio.net\/wp-content\/uploads\/Logo-KinderwunschteamBerlin-NavBar@2.png","contentUrl":"https:\/\/kwt.meiio.net\/wp-content\/uploads\/Logo-KinderwunschteamBerlin-NavBar@2.png","width":800,"height":200,"caption":"Kinderwunschteam Berlin"},"image":{"@id":"https:\/\/kwt.meiio.net\/tr#\/schema\/logo\/image\/"},"sameAs":["https:\/\/www.facebook.com\/kinderwunschteam.berlin\/","https:\/\/www.instagram.com\/kinderwunschteamberlin\/"]}]}},"_links":{"self":[{"href":"https:\/\/kwt.meiio.net\/tr\/wp-json\/wp\/v2\/pages\/80012","targetHints":{"allow":["GET"]}}],"collection":[{"href":"https:\/\/kwt.meiio.net\/tr\/wp-json\/wp\/v2\/pages"}],"about":[{"href":"https:\/\/kwt.meiio.net\/tr\/wp-json\/wp\/v2\/types\/page"}],"author":[{"embeddable":true,"href":"https:\/\/kwt.meiio.net\/tr\/wp-json\/wp\/v2\/users\/6"}],"replies":[{"embeddable":true,"href":"https:\/\/kwt.meiio.net\/tr\/wp-json\/wp\/v2\/comments?post=80012"}],"version-history":[{"count":0,"href":"https:\/\/kwt.meiio.net\/tr\/wp-json\/wp\/v2\/pages\/80012\/revisions"}],"wp:featuredmedia":[{"embeddable":true,"href":"https:\/\/kwt.meiio.net\/tr\/wp-json\/wp\/v2\/media\/8760"}],"wp:attachment":[{"href":"https:\/\/kwt.meiio.net\/tr\/wp-json\/wp\/v2\/media?parent=80012"}],"curies":[{"name":"wp","href":"https:\/\/api.w.org\/{rel}","templated":true}]}}