{"id":79813,"date":"2020-08-20T16:34:05","date_gmt":"2020-08-20T14:34:05","guid":{"rendered":"https:\/\/www.kinderwunschteam.berlin\/diagnostik-therapie\/diagnostik\/genetik-kopie\/"},"modified":"2020-08-28T18:52:10","modified_gmt":"2020-08-28T16:52:10","slug":"embriyonun-genetik-testi","status":"publish","type":"page","link":"https:\/\/kwt.meiio.net\/tr\/uzun-omur\/tuep-bebek-ve-kisirlik\/diagnostik\/embriyonun-genetik-testi","title":{"rendered":"Embriyonun genetik testi"},"content":{"rendered":"<p>Her ya\u015fayan organizmada kromozom \u00e7iftleri bulunur ve bunlara karyotip denir. \u0130nsanlar\u0131n karyotipi 46 kromozomdan olu\u015fur \u2013 bunlar 22 \u00e7ift otozom ve bir \u00e7ift cinsiyet kromozomlar\u0131d\u0131r.<\/p>\n<p>Kad\u0131nlarda iki adet X kromozomu vard\u0131r (Karyotip: 46, XX), erkeklerde ise bir adet X kromozomu ve bir adet Y kromozomu vard\u0131r (Karyotip: 46, XY).<\/p>\n<p>Her bir kromozomda kal\u0131t\u0131msal bilgiler ta\u015f\u0131yan genler yer al\u0131r. Karyotip kontrol\u00fc sitogenetik ve molek\u00fcler genetik analiz y\u00f6ntemleriyle yap\u0131l\u0131r.<\/p>\n<p>Her h\u00fccrede veya bir b\u00f6l\u00fcm\u00fcnde (mozaik) kromozomlarda yanl\u0131\u015f da\u011f\u0131l\u0131m varsa, bunun do\u011furganl\u0131k \u00fczerinde etkisi b\u00fcy\u00fck olabilir. Tek bir kromozomun bile de\u011fi\u015fimi k\u0131s\u0131rl\u0131k, do\u011furganl\u0131\u011f\u0131n d\u00fc\u015fmesi veya d\u00fc\u015f\u00fcklere yol a\u00e7abilir.<\/p>\n<p>D\u00fc\u015f\u00fck olu\u015fumunun \u00e7ok de\u011fi\u015fik sebepleri vard\u0131r; fakat d\u00fc\u015f\u00fcklerin yakla\u015f\u0131k % 85\u2019inin nedeni embriyoda kromozomal anomalisi olmas\u0131d\u0131r. D\u00fc\u015f\u00fck yapan hastalarda, f\u00f6tal kalp at\u0131\u015f\u0131n\u0131n olup olmad\u0131\u011f\u0131n\u0131 \u00f6\u011frendikten sonra, bu d\u00fc\u015f\u00fc\u011fe p\u0131ht\u0131la\u015fma bozuklu\u011funun (trombofili), hormon bozukluklar\u0131 veya hastal\u0131kl\u0131 bir de\u011fi\u015fimin neden olup olmad\u0131\u011f\u0131n\u0131n ara\u015ft\u0131r\u0131lmas\u0131 gerekir.<\/p>\n<p><strong>Genetik dan\u0131\u015fmanl\u0131k<\/strong><\/p>\n<p>\u015eu durumda genetik dan\u0131\u015fmanl\u0131k hizmeti alman\u0131z gerekebilir:<\/p>\n<ul>\n<li>Genetik bir hastal\u0131k \u015f\u00fcphesi varsa<\/li>\n<li>E\u015flerden biri (veya ikisi de) bilinen genetik bir hastal\u0131\u011f\u0131n ta\u015f\u0131y\u0131c\u0131s\u0131 ise<\/li>\n<li>Ailede genetik bir hastal\u0131k ortaya \u00e7\u0131kt\u0131ysa<\/li>\n<li>Daha \u00f6nce do\u011frulan \u00e7ocukta genetik bir hastal\u0131k \u00e7\u0131km\u0131\u015fsa<\/li>\n<li>E\u015fler akraba ise<\/li>\n<li>E\u015flerin ya\u015flar\u0131 ilerlemi\u015fse<\/li>\n<li>Birka\u00e7 kez d\u00fc\u015f\u00fck yapt\u0131ysan\u0131z ve bunun nedeni bilinmiyorsa<\/li>\n<li>Do\u011furganl\u0131kla ilgili bir problem varsa<\/li>\n<\/ul>\n","protected":false},"excerpt":{"rendered":"<p>Her ya\u015fayan organizmada kromozom \u00e7iftleri bulunur ve bunlara karyotip denir. \u0130nsanlar\u0131n karyotipi 46 kromozomdan olu\u015fur \u2013 bunlar 22 \u00e7ift otozom [&hellip;]<\/p>\n","protected":false},"author":6,"featured_media":7667,"parent":7642,"menu_order":5,"comment_status":"closed","ping_status":"closed","template":"page-siblingnavi.php","meta":{"footnotes":""},"class_list":["post-79813","page","type-page","status-publish","has-post-thumbnail","hentry","page_category-startseitenteaser-tr"],"yoast_head":"<!-- This site is optimized with the Yoast SEO plugin v25.6 - https:\/\/yoast.com\/wordpress\/plugins\/seo\/ -->\n<title>Embriyonun genetik testi &#8226; Kinderwunschteam Berlin<\/title>\n<meta name=\"description\" content=\"Her ya\u015fayan organizmada kromozom \u00e7iftleri bulunur ve bunlara karyotip denir. \u0130nsanlar\u0131n karyotipi 46 kromozomdan olu\u015fur \u2013 bunlar 22 \u00e7ift otozom ve bir\" \/>\n<meta name=\"robots\" content=\"noindex, follow, max-snippet:-1, max-image-preview:large, max-video-preview:-1\" \/>\n<meta property=\"og:locale\" content=\"tr_TR\" \/>\n<meta property=\"og:type\" content=\"article\" \/>\n<meta property=\"og:title\" content=\"Embriyonun genetik testi &#8226; Kinderwunschteam Berlin\" \/>\n<meta property=\"og:description\" content=\"Her ya\u015fayan organizmada kromozom \u00e7iftleri bulunur ve bunlara karyotip denir. \u0130nsanlar\u0131n karyotipi 46 kromozomdan olu\u015fur \u2013 bunlar 22 \u00e7ift otozom ve bir\" \/>\n<meta property=\"og:url\" content=\"https:\/\/kwt.meiio.net\/tr\/uzun-omur\/tuep-bebek-ve-kisirlik\/diagnostik\/embriyonun-genetik-testi\" \/>\n<meta property=\"og:site_name\" content=\"Kinderwunschteam Berlin\" \/>\n<meta property=\"article:publisher\" content=\"https:\/\/www.facebook.com\/kinderwunschteam.berlin\/\" \/>\n<meta property=\"article:modified_time\" content=\"2020-08-28T16:52:10+00:00\" \/>\n<meta property=\"og:image\" content=\"https:\/\/kwt.meiio.net\/wp-content\/uploads\/KWT-7862-Labor-Mikroskop.jpg\" \/>\n\t<meta property=\"og:image:width\" content=\"2000\" \/>\n\t<meta property=\"og:image:height\" content=\"670\" \/>\n\t<meta property=\"og:image:type\" content=\"image\/jpeg\" \/>\n<meta name=\"twitter:card\" content=\"summary_large_image\" \/>\n<script type=\"application\/ld+json\" class=\"yoast-schema-graph\">{\"@context\":\"https:\/\/schema.org\",\"@graph\":[{\"@type\":\"WebPage\",\"@id\":\"https:\/\/kwt.meiio.net\/tr\/uzun-omur\/tuep-bebek-ve-kisirlik\/diagnostik\/embriyonun-genetik-testi\",\"url\":\"https:\/\/kwt.meiio.net\/tr\/uzun-omur\/tuep-bebek-ve-kisirlik\/diagnostik\/embriyonun-genetik-testi\",\"name\":\"Embriyonun genetik testi &#8226; Kinderwunschteam Berlin\",\"isPartOf\":{\"@id\":\"https:\/\/kwt.meiio.net\/tr#website\"},\"primaryImageOfPage\":{\"@id\":\"https:\/\/kwt.meiio.net\/tr\/uzun-omur\/tuep-bebek-ve-kisirlik\/diagnostik\/embriyonun-genetik-testi#primaryimage\"},\"image\":{\"@id\":\"https:\/\/kwt.meiio.net\/tr\/uzun-omur\/tuep-bebek-ve-kisirlik\/diagnostik\/embriyonun-genetik-testi#primaryimage\"},\"thumbnailUrl\":\"https:\/\/kwt.meiio.net\/wp-content\/uploads\/KWT-7862-Labor-Mikroskop.jpg\",\"datePublished\":\"2020-08-20T14:34:05+00:00\",\"dateModified\":\"2020-08-28T16:52:10+00:00\",\"description\":\"Her ya\u015fayan organizmada kromozom \u00e7iftleri bulunur ve bunlara karyotip denir. \u0130nsanlar\u0131n karyotipi 46 kromozomdan olu\u015fur \u2013 bunlar 22 \u00e7ift otozom ve bir\",\"breadcrumb\":{\"@id\":\"https:\/\/kwt.meiio.net\/tr\/uzun-omur\/tuep-bebek-ve-kisirlik\/diagnostik\/embriyonun-genetik-testi#breadcrumb\"},\"inLanguage\":\"tr\",\"potentialAction\":[{\"@type\":\"ReadAction\",\"target\":[\"https:\/\/kwt.meiio.net\/tr\/uzun-omur\/tuep-bebek-ve-kisirlik\/diagnostik\/embriyonun-genetik-testi\"]}]},{\"@type\":\"ImageObject\",\"inLanguage\":\"tr\",\"@id\":\"https:\/\/kwt.meiio.net\/tr\/uzun-omur\/tuep-bebek-ve-kisirlik\/diagnostik\/embriyonun-genetik-testi#primaryimage\",\"url\":\"https:\/\/kwt.meiio.net\/wp-content\/uploads\/KWT-7862-Labor-Mikroskop.jpg\",\"contentUrl\":\"https:\/\/kwt.meiio.net\/wp-content\/uploads\/KWT-7862-Labor-Mikroskop.jpg\",\"width\":2000,\"height\":670},{\"@type\":\"BreadcrumbList\",\"@id\":\"https:\/\/kwt.meiio.net\/tr\/uzun-omur\/tuep-bebek-ve-kisirlik\/diagnostik\/embriyonun-genetik-testi#breadcrumb\",\"itemListElement\":[{\"@type\":\"ListItem\",\"position\":1,\"name\":\"Startseite\",\"item\":\"https:\/\/kwt.meiio.net\/tr\"},{\"@type\":\"ListItem\",\"position\":2,\"name\":\"Hizmet alanlar\u0131m\u0131z\",\"item\":\"https:\/\/kwt.meiio.net\/tr\/uzun-omur\"},{\"@type\":\"ListItem\",\"position\":3,\"name\":\"T\u00fcp bebek ve k\u0131s\u0131rl\u0131k\",\"item\":\"https:\/\/kwt.meiio.net\/tr\/uzun-omur\/tuep-bebek-ve-kisirlik\"},{\"@type\":\"ListItem\",\"position\":4,\"name\":\"Te\u015fhis\",\"item\":\"https:\/\/kwt.meiio.net\/tr\/uzun-omur\/tuep-bebek-ve-kisirlik\/diagnostik\"},{\"@type\":\"ListItem\",\"position\":5,\"name\":\"Embriyonun genetik testi\"}]},{\"@type\":\"WebSite\",\"@id\":\"https:\/\/kwt.meiio.net\/tr#website\",\"url\":\"https:\/\/kwt.meiio.net\/tr\",\"name\":\"Kinderwunschteam Berlin\",\"description\":\"Kinderwunsch- und Endometriose-Zentrum\",\"publisher\":{\"@id\":\"https:\/\/kwt.meiio.net\/tr#organization\"},\"potentialAction\":[{\"@type\":\"SearchAction\",\"target\":{\"@type\":\"EntryPoint\",\"urlTemplate\":\"https:\/\/kwt.meiio.net\/tr?s={search_term_string}\"},\"query-input\":{\"@type\":\"PropertyValueSpecification\",\"valueRequired\":true,\"valueName\":\"search_term_string\"}}],\"inLanguage\":\"tr\"},{\"@type\":\"Organization\",\"@id\":\"https:\/\/kwt.meiio.net\/tr#organization\",\"name\":\"Kinderwunschteam Berlin\",\"url\":\"https:\/\/kwt.meiio.net\/tr\",\"logo\":{\"@type\":\"ImageObject\",\"inLanguage\":\"tr\",\"@id\":\"https:\/\/kwt.meiio.net\/tr#\/schema\/logo\/image\/\",\"url\":\"https:\/\/kwt.meiio.net\/wp-content\/uploads\/Logo-KinderwunschteamBerlin-NavBar@2.png\",\"contentUrl\":\"https:\/\/kwt.meiio.net\/wp-content\/uploads\/Logo-KinderwunschteamBerlin-NavBar@2.png\",\"width\":800,\"height\":200,\"caption\":\"Kinderwunschteam Berlin\"},\"image\":{\"@id\":\"https:\/\/kwt.meiio.net\/tr#\/schema\/logo\/image\/\"},\"sameAs\":[\"https:\/\/www.facebook.com\/kinderwunschteam.berlin\/\",\"https:\/\/www.instagram.com\/kinderwunschteamberlin\/\"]}]}<\/script>\n<!-- \/ Yoast SEO plugin. -->","yoast_head_json":{"title":"Embriyonun genetik testi &#8226; Kinderwunschteam Berlin","description":"Her ya\u015fayan organizmada kromozom \u00e7iftleri bulunur ve bunlara karyotip denir. \u0130nsanlar\u0131n karyotipi 46 kromozomdan olu\u015fur \u2013 bunlar 22 \u00e7ift otozom ve bir","robots":{"index":"noindex","follow":"follow","max-snippet":"max-snippet:-1","max-image-preview":"max-image-preview:large","max-video-preview":"max-video-preview:-1"},"og_locale":"tr_TR","og_type":"article","og_title":"Embriyonun genetik testi &#8226; Kinderwunschteam Berlin","og_description":"Her ya\u015fayan organizmada kromozom \u00e7iftleri bulunur ve bunlara karyotip denir. \u0130nsanlar\u0131n karyotipi 46 kromozomdan olu\u015fur \u2013 bunlar 22 \u00e7ift otozom ve bir","og_url":"https:\/\/kwt.meiio.net\/tr\/uzun-omur\/tuep-bebek-ve-kisirlik\/diagnostik\/embriyonun-genetik-testi","og_site_name":"Kinderwunschteam Berlin","article_publisher":"https:\/\/www.facebook.com\/kinderwunschteam.berlin\/","article_modified_time":"2020-08-28T16:52:10+00:00","og_image":[{"width":2000,"height":670,"url":"https:\/\/kwt.meiio.net\/wp-content\/uploads\/KWT-7862-Labor-Mikroskop.jpg","type":"image\/jpeg"}],"twitter_card":"summary_large_image","schema":{"@context":"https:\/\/schema.org","@graph":[{"@type":"WebPage","@id":"https:\/\/kwt.meiio.net\/tr\/uzun-omur\/tuep-bebek-ve-kisirlik\/diagnostik\/embriyonun-genetik-testi","url":"https:\/\/kwt.meiio.net\/tr\/uzun-omur\/tuep-bebek-ve-kisirlik\/diagnostik\/embriyonun-genetik-testi","name":"Embriyonun genetik testi &#8226; Kinderwunschteam Berlin","isPartOf":{"@id":"https:\/\/kwt.meiio.net\/tr#website"},"primaryImageOfPage":{"@id":"https:\/\/kwt.meiio.net\/tr\/uzun-omur\/tuep-bebek-ve-kisirlik\/diagnostik\/embriyonun-genetik-testi#primaryimage"},"image":{"@id":"https:\/\/kwt.meiio.net\/tr\/uzun-omur\/tuep-bebek-ve-kisirlik\/diagnostik\/embriyonun-genetik-testi#primaryimage"},"thumbnailUrl":"https:\/\/kwt.meiio.net\/wp-content\/uploads\/KWT-7862-Labor-Mikroskop.jpg","datePublished":"2020-08-20T14:34:05+00:00","dateModified":"2020-08-28T16:52:10+00:00","description":"Her ya\u015fayan organizmada kromozom \u00e7iftleri bulunur ve bunlara karyotip denir. \u0130nsanlar\u0131n karyotipi 46 kromozomdan olu\u015fur \u2013 bunlar 22 \u00e7ift otozom ve bir","breadcrumb":{"@id":"https:\/\/kwt.meiio.net\/tr\/uzun-omur\/tuep-bebek-ve-kisirlik\/diagnostik\/embriyonun-genetik-testi#breadcrumb"},"inLanguage":"tr","potentialAction":[{"@type":"ReadAction","target":["https:\/\/kwt.meiio.net\/tr\/uzun-omur\/tuep-bebek-ve-kisirlik\/diagnostik\/embriyonun-genetik-testi"]}]},{"@type":"ImageObject","inLanguage":"tr","@id":"https:\/\/kwt.meiio.net\/tr\/uzun-omur\/tuep-bebek-ve-kisirlik\/diagnostik\/embriyonun-genetik-testi#primaryimage","url":"https:\/\/kwt.meiio.net\/wp-content\/uploads\/KWT-7862-Labor-Mikroskop.jpg","contentUrl":"https:\/\/kwt.meiio.net\/wp-content\/uploads\/KWT-7862-Labor-Mikroskop.jpg","width":2000,"height":670},{"@type":"BreadcrumbList","@id":"https:\/\/kwt.meiio.net\/tr\/uzun-omur\/tuep-bebek-ve-kisirlik\/diagnostik\/embriyonun-genetik-testi#breadcrumb","itemListElement":[{"@type":"ListItem","position":1,"name":"Startseite","item":"https:\/\/kwt.meiio.net\/tr"},{"@type":"ListItem","position":2,"name":"Hizmet alanlar\u0131m\u0131z","item":"https:\/\/kwt.meiio.net\/tr\/uzun-omur"},{"@type":"ListItem","position":3,"name":"T\u00fcp bebek ve k\u0131s\u0131rl\u0131k","item":"https:\/\/kwt.meiio.net\/tr\/uzun-omur\/tuep-bebek-ve-kisirlik"},{"@type":"ListItem","position":4,"name":"Te\u015fhis","item":"https:\/\/kwt.meiio.net\/tr\/uzun-omur\/tuep-bebek-ve-kisirlik\/diagnostik"},{"@type":"ListItem","position":5,"name":"Embriyonun genetik testi"}]},{"@type":"WebSite","@id":"https:\/\/kwt.meiio.net\/tr#website","url":"https:\/\/kwt.meiio.net\/tr","name":"Kinderwunschteam Berlin","description":"Kinderwunsch- und Endometriose-Zentrum","publisher":{"@id":"https:\/\/kwt.meiio.net\/tr#organization"},"potentialAction":[{"@type":"SearchAction","target":{"@type":"EntryPoint","urlTemplate":"https:\/\/kwt.meiio.net\/tr?s={search_term_string}"},"query-input":{"@type":"PropertyValueSpecification","valueRequired":true,"valueName":"search_term_string"}}],"inLanguage":"tr"},{"@type":"Organization","@id":"https:\/\/kwt.meiio.net\/tr#organization","name":"Kinderwunschteam Berlin","url":"https:\/\/kwt.meiio.net\/tr","logo":{"@type":"ImageObject","inLanguage":"tr","@id":"https:\/\/kwt.meiio.net\/tr#\/schema\/logo\/image\/","url":"https:\/\/kwt.meiio.net\/wp-content\/uploads\/Logo-KinderwunschteamBerlin-NavBar@2.png","contentUrl":"https:\/\/kwt.meiio.net\/wp-content\/uploads\/Logo-KinderwunschteamBerlin-NavBar@2.png","width":800,"height":200,"caption":"Kinderwunschteam Berlin"},"image":{"@id":"https:\/\/kwt.meiio.net\/tr#\/schema\/logo\/image\/"},"sameAs":["https:\/\/www.facebook.com\/kinderwunschteam.berlin\/","https:\/\/www.instagram.com\/kinderwunschteamberlin\/"]}]}},"_links":{"self":[{"href":"https:\/\/kwt.meiio.net\/tr\/wp-json\/wp\/v2\/pages\/79813","targetHints":{"allow":["GET"]}}],"collection":[{"href":"https:\/\/kwt.meiio.net\/tr\/wp-json\/wp\/v2\/pages"}],"about":[{"href":"https:\/\/kwt.meiio.net\/tr\/wp-json\/wp\/v2\/types\/page"}],"author":[{"embeddable":true,"href":"https:\/\/kwt.meiio.net\/tr\/wp-json\/wp\/v2\/users\/6"}],"replies":[{"embeddable":true,"href":"https:\/\/kwt.meiio.net\/tr\/wp-json\/wp\/v2\/comments?post=79813"}],"version-history":[{"count":0,"href":"https:\/\/kwt.meiio.net\/tr\/wp-json\/wp\/v2\/pages\/79813\/revisions"}],"up":[{"embeddable":true,"href":"https:\/\/kwt.meiio.net\/tr\/wp-json\/wp\/v2\/pages\/7642"}],"wp:featuredmedia":[{"embeddable":true,"href":"https:\/\/kwt.meiio.net\/tr\/wp-json\/wp\/v2\/media\/7667"}],"wp:attachment":[{"href":"https:\/\/kwt.meiio.net\/tr\/wp-json\/wp\/v2\/media?parent=79813"}],"curies":[{"name":"wp","href":"https:\/\/api.w.org\/{rel}","templated":true}]}}