{"id":7904,"date":"2018-09-18T15:46:50","date_gmt":"2018-09-18T13:46:50","guid":{"rendered":"https:\/\/www.kinderwunschteam.berlin\/?page_id=7904"},"modified":"2020-08-30T15:01:58","modified_gmt":"2020-08-30T13:01:58","slug":"damga","status":"publish","type":"page","link":"https:\/\/kwt.meiio.net\/tr\/damga","title":{"rendered":"Damga"},"content":{"rendered":"<h2>\u00a7 5 TMG&#8217;ye g\u00f6re<\/h2>\n<p>MVZ Kinderwunschteam Berlin GmbH<br \/>\nFriedrichstrasse 79<br \/>\n10117 Berlin<\/p>\n<p>Ticari sicil: HRB 192836 B<br \/>\nKay\u0131t mahkemesi: Berlin (Charlottenburg)<\/p>\n<p><strong>\u0130le temsil edilen:<\/strong><br \/>\nDr. Guilder Halis<\/p>\n<h2>\u0130leti\u015fim<\/h2>\n<p>Telefon: +49 (0) 30 20 65 80 50<br \/>\nFaks: +49 (0) 30 20 65 80520<br \/>\nE-posta: info@kinderwunschteam.berlin<\/p>\n<h2>Vergi numaras\u0131<\/h2>\n<p>Sat\u0131\u015f vergisi kimlik numaras\u0131 \u00a7 27 a sat\u0131\u015f vergisi yasas\u0131na g\u00f6re:<br \/>\n[todo]<\/p>\n<h2>\u0130\u015f unvan\u0131 ve mesleki d\u00fczenlemeler<\/h2>\n<p>\u0130\u015f ismi:<br \/>\nDoktor (Federal Almanya Cumhuriyeti&#8217;nde \u00f6d\u00fcllendirildi)<\/p>\n<p>Yetkili Daire:<br \/>\nBerlin T\u0131p Derne\u011fi<\/p>\n<p>\u00d6d\u00fcl\u00fc:<br \/>\nAlmanya<\/p>\n<p>Meslek kodu, i\u015f unvan\u0131 ve mesleki d\u00fczenlemelerle ilgili bilgiler Berlin Tabipler Birli\u011fi&#8217;nin Friedrichstr adresindeki web sitesinde bulunabilir. 16, 10969 Berlin.<br \/>\nY\u00f6netmelikler \u015fu adreste g\u00f6r\u00fclebilir: https:\/\/www.aerztekammer-berlin.de<\/p>\n<h2>\u00a7 55 Abs. 2 RStV&#8217;ye g\u00f6re i\u00e7erikten sorumlu<\/h2>\n<p>Dr. Guilder Halis<\/p>\n<h2>\u0130\u00e7erik sorumlulu\u011fu<\/h2>\n<p>Bir servis sa\u011flay\u0131c\u0131 olarak, Alman Telemedia Yasas\u0131n\u0131n 7. B\u00f6l\u00fcm, 1. Paragraf\u0131 uyar\u0131nca genel yasaya uygun olarak bu sayfalardaki kendi i\u00e7eri\u011fimizden sorumluyuz. TMG&#8217;nin 8. ila 10. B\u00f6l\u00fcmlerine g\u00f6re, bir hizmet sa\u011flay\u0131c\u0131 olarak, iletilen veya saklanan \u00fc\u00e7\u00fcnc\u00fc taraf bilgilerini izlemek veya yasa d\u0131\u015f\u0131 faaliyet g\u00f6steren ko\u015fullar\u0131 ara\u015ft\u0131rmak zorunda de\u011filiz.<\/p>\n<p>Genel yasalar uyar\u0131nca bilgilerin kullan\u0131m\u0131n\u0131n kald\u0131r\u0131lmas\u0131 veya engellenmesi y\u00fck\u00fcml\u00fcl\u00fc\u011f\u00fc etkilenmez. Bu konudaki sorumluluk ancak belirli bir yasal ihlalin fark\u0131na vard\u0131\u011f\u0131m\u0131z andan itibaren m\u00fcmk\u00fcnd\u00fcr. Bu t\u00fcr yasal ihlallerin fark\u0131na var\u0131r varmaz, bu i\u00e7eri\u011fi derhal kald\u0131raca\u011f\u0131z.<\/p>\n<h2>Ba\u011flant\u0131 sorumlulu\u011fu<\/h2>\n<p>Teklifimiz, i\u00e7eri\u011fi \u00fczerinde hi\u00e7bir etkimizin olmad\u0131\u011f\u0131 harici \u00fc\u00e7\u00fcnc\u00fc taraf web sitelerine ba\u011flant\u0131lar i\u00e7erir. Bu nedenle, bu \u00fc\u00e7\u00fcnc\u00fc \u015fah\u0131s i\u00e7eri\u011fi i\u00e7in herhangi bir sorumluluk kabul edemiyoruz. Sayfalar\u0131n ilgili sa\u011flay\u0131c\u0131s\u0131 veya operat\u00f6r\u00fc, ba\u011flant\u0131l\u0131 sayfalar\u0131n i\u00e7eri\u011finden her zaman sorumludur. Ba\u011flant\u0131l\u0131 sayfalar, ba\u011flant\u0131 kuruldu\u011fu s\u0131rada olas\u0131 yasal ihlallere kar\u015f\u0131 kontrol edildi. Ba\u011flant\u0131n\u0131n olu\u015fturuldu\u011fu s\u0131rada yasad\u0131\u015f\u0131 i\u00e7erik bulunamad\u0131.<\/p>\n<p>Ba\u011flant\u0131l\u0131 sayfalar\u0131n i\u00e7eri\u011finin s\u00fcrekli olarak izlenmesi, yasan\u0131n ihlal edildi\u011fine dair somut kan\u0131tlar olmadan makul de\u011fildir. Yasal ihlallerin fark\u0131na var\u0131rsak, bu t\u00fcr ba\u011flant\u0131lar\u0131 derhal kald\u0131raca\u011f\u0131z.<\/p>\n<h2>telif hakk\u0131<\/h2>\n<p>Web sitesi operat\u00f6r\u00fc taraf\u0131ndan olu\u015fturulan bu sayfalardaki i\u00e7erik ve eserler Alman telif hakk\u0131 yasas\u0131na tabidir. Telif hakk\u0131 yasas\u0131n\u0131n s\u0131n\u0131rlar\u0131 d\u0131\u015f\u0131nda kalan her t\u00fcrl\u00fc s\u00f6m\u00fcr\u00fc, \u00e7o\u011faltma, i\u015fleme, da\u011f\u0131t\u0131m ve her t\u00fcrl\u00fc s\u00f6m\u00fcr\u00fc, ilgili yazar\u0131n veya yarat\u0131c\u0131n\u0131n yaz\u0131l\u0131 onay\u0131n\u0131 gerektirir. Bu web sitesinin indirilmesine ve kopyalanmas\u0131na yaln\u0131zca \u00f6zel, ticari olmayan kullan\u0131m i\u00e7in izin verilmektedir.<\/p>\n<p>Bu sitedeki i\u00e7erik operat\u00f6r taraf\u0131ndan olu\u015fturulmad\u0131\u011f\u0131 \u00f6l\u00e7\u00fcde, \u00fc\u00e7\u00fcnc\u00fc \u015fah\u0131slar\u0131n telif haklar\u0131 g\u00f6zetilir. \u00d6zellikle \u00fc\u00e7\u00fcnc\u00fc \u015fah\u0131slar\u0131n i\u00e7erikleri bu \u015fekilde i\u015faretlenmi\u015ftir. Yine de bir telif hakk\u0131 ihlalinden haberdar olursan\u0131z, bunu bize uygun \u015fekilde bildirmenizi rica ederiz. Yasal ihlallerin fark\u0131na var\u0131r varmaz, bu t\u00fcr i\u00e7erikleri derhal kald\u0131raca\u011f\u0131z.<\/p>\n<p>&nbsp;<\/p>\n<p><em>Kaynak: eRecht24<\/em><\/p>\n<p><em>\u00c7eviri: Google Translate<\/em><\/p>\n","protected":false},"excerpt":{"rendered":"<p>\u00a7 5 TMG&#8217;ye g\u00f6re MVZ Kinderwunschteam Berlin GmbH Friedrichstrasse 79 10117 Berlin Ticari sicil: HRB 192836 B Kay\u0131t mahkemesi: Berlin [&hellip;]<\/p>\n","protected":false},"author":6,"featured_media":79007,"parent":0,"menu_order":7,"comment_status":"closed","ping_status":"closed","template":"","meta":{"footnotes":""},"class_list":["post-7904","page","type-page","status-publish","has-post-thumbnail","hentry"],"yoast_head":"<!-- This site is optimized with the Yoast SEO plugin v25.6 - https:\/\/yoast.com\/wordpress\/plugins\/seo\/ -->\n<title>Damga &#8226; Kinderwunschteam Berlin<\/title>\n<meta name=\"description\" content=\"\u00a7 5 TMG&#039;ye g\u00f6re MVZ Kinderwunschteam Berlin GmbH Friedrichstrasse 79 10117 Berlin Ticari sicil: HRB 192836 B Kay\u0131t mahkemesi: Berlin (Charlottenburg) \u0130le\" \/>\n<meta name=\"robots\" content=\"noindex, follow, max-snippet:-1, max-image-preview:large, max-video-preview:-1\" \/>\n<meta property=\"og:locale\" content=\"tr_TR\" \/>\n<meta property=\"og:type\" content=\"article\" \/>\n<meta property=\"og:title\" content=\"Damga &#8226; Kinderwunschteam Berlin\" \/>\n<meta property=\"og:description\" content=\"\u00a7 5 TMG&#039;ye g\u00f6re MVZ Kinderwunschteam Berlin GmbH Friedrichstrasse 79 10117 Berlin Ticari sicil: HRB 192836 B Kay\u0131t mahkemesi: Berlin (Charlottenburg) \u0130le\" \/>\n<meta property=\"og:url\" content=\"https:\/\/kwt.meiio.net\/tr\/damga\" \/>\n<meta property=\"og:site_name\" content=\"Kinderwunschteam Berlin\" \/>\n<meta property=\"article:publisher\" content=\"https:\/\/www.facebook.com\/kinderwunschteam.berlin\/\" \/>\n<meta property=\"article:modified_time\" content=\"2020-08-30T13:01:58+00:00\" \/>\n<meta property=\"og:image\" content=\"https:\/\/kwt.meiio.net\/wp-content\/uploads\/KWT-8670-Archiv.jpg\" \/>\n\t<meta property=\"og:image:width\" content=\"2000\" \/>\n\t<meta property=\"og:image:height\" content=\"670\" \/>\n\t<meta property=\"og:image:type\" content=\"image\/jpeg\" \/>\n<meta name=\"twitter:card\" content=\"summary_large_image\" \/>\n<script type=\"application\/ld+json\" class=\"yoast-schema-graph\">{\"@context\":\"https:\/\/schema.org\",\"@graph\":[{\"@type\":\"WebPage\",\"@id\":\"https:\/\/kwt.meiio.net\/tr\/damga\",\"url\":\"https:\/\/kwt.meiio.net\/tr\/damga\",\"name\":\"Damga &#8226; Kinderwunschteam Berlin\",\"isPartOf\":{\"@id\":\"https:\/\/kwt.meiio.net\/tr#website\"},\"primaryImageOfPage\":{\"@id\":\"https:\/\/kwt.meiio.net\/tr\/damga#primaryimage\"},\"image\":{\"@id\":\"https:\/\/kwt.meiio.net\/tr\/damga#primaryimage\"},\"thumbnailUrl\":\"https:\/\/kwt.meiio.net\/wp-content\/uploads\/KWT-8670-Archiv.jpg\",\"datePublished\":\"2018-09-18T13:46:50+00:00\",\"dateModified\":\"2020-08-30T13:01:58+00:00\",\"description\":\"\u00a7 5 TMG'ye g\u00f6re MVZ Kinderwunschteam Berlin GmbH Friedrichstrasse 79 10117 Berlin Ticari sicil: HRB 192836 B Kay\u0131t mahkemesi: Berlin (Charlottenburg) \u0130le\",\"breadcrumb\":{\"@id\":\"https:\/\/kwt.meiio.net\/tr\/damga#breadcrumb\"},\"inLanguage\":\"tr\",\"potentialAction\":[{\"@type\":\"ReadAction\",\"target\":[\"https:\/\/kwt.meiio.net\/tr\/damga\"]}]},{\"@type\":\"ImageObject\",\"inLanguage\":\"tr\",\"@id\":\"https:\/\/kwt.meiio.net\/tr\/damga#primaryimage\",\"url\":\"https:\/\/kwt.meiio.net\/wp-content\/uploads\/KWT-8670-Archiv.jpg\",\"contentUrl\":\"https:\/\/kwt.meiio.net\/wp-content\/uploads\/KWT-8670-Archiv.jpg\",\"width\":2000,\"height\":670},{\"@type\":\"BreadcrumbList\",\"@id\":\"https:\/\/kwt.meiio.net\/tr\/damga#breadcrumb\",\"itemListElement\":[{\"@type\":\"ListItem\",\"position\":1,\"name\":\"Startseite\",\"item\":\"https:\/\/kwt.meiio.net\/tr\"},{\"@type\":\"ListItem\",\"position\":2,\"name\":\"Damga\"}]},{\"@type\":\"WebSite\",\"@id\":\"https:\/\/kwt.meiio.net\/tr#website\",\"url\":\"https:\/\/kwt.meiio.net\/tr\",\"name\":\"Kinderwunschteam Berlin\",\"description\":\"Kinderwunsch- und Endometriose-Zentrum\",\"publisher\":{\"@id\":\"https:\/\/kwt.meiio.net\/tr#organization\"},\"potentialAction\":[{\"@type\":\"SearchAction\",\"target\":{\"@type\":\"EntryPoint\",\"urlTemplate\":\"https:\/\/kwt.meiio.net\/tr?s={search_term_string}\"},\"query-input\":{\"@type\":\"PropertyValueSpecification\",\"valueRequired\":true,\"valueName\":\"search_term_string\"}}],\"inLanguage\":\"tr\"},{\"@type\":\"Organization\",\"@id\":\"https:\/\/kwt.meiio.net\/tr#organization\",\"name\":\"Kinderwunschteam Berlin\",\"url\":\"https:\/\/kwt.meiio.net\/tr\",\"logo\":{\"@type\":\"ImageObject\",\"inLanguage\":\"tr\",\"@id\":\"https:\/\/kwt.meiio.net\/tr#\/schema\/logo\/image\/\",\"url\":\"https:\/\/kwt.meiio.net\/wp-content\/uploads\/Logo-KinderwunschteamBerlin-NavBar@2.png\",\"contentUrl\":\"https:\/\/kwt.meiio.net\/wp-content\/uploads\/Logo-KinderwunschteamBerlin-NavBar@2.png\",\"width\":800,\"height\":200,\"caption\":\"Kinderwunschteam Berlin\"},\"image\":{\"@id\":\"https:\/\/kwt.meiio.net\/tr#\/schema\/logo\/image\/\"},\"sameAs\":[\"https:\/\/www.facebook.com\/kinderwunschteam.berlin\/\",\"https:\/\/www.instagram.com\/kinderwunschteamberlin\/\"]}]}<\/script>\n<!-- \/ Yoast SEO plugin. -->","yoast_head_json":{"title":"Damga &#8226; Kinderwunschteam Berlin","description":"\u00a7 5 TMG'ye g\u00f6re MVZ Kinderwunschteam Berlin GmbH Friedrichstrasse 79 10117 Berlin Ticari sicil: HRB 192836 B Kay\u0131t mahkemesi: Berlin (Charlottenburg) \u0130le","robots":{"index":"noindex","follow":"follow","max-snippet":"max-snippet:-1","max-image-preview":"max-image-preview:large","max-video-preview":"max-video-preview:-1"},"og_locale":"tr_TR","og_type":"article","og_title":"Damga &#8226; Kinderwunschteam Berlin","og_description":"\u00a7 5 TMG'ye g\u00f6re MVZ Kinderwunschteam Berlin GmbH Friedrichstrasse 79 10117 Berlin Ticari sicil: HRB 192836 B Kay\u0131t mahkemesi: Berlin (Charlottenburg) \u0130le","og_url":"https:\/\/kwt.meiio.net\/tr\/damga","og_site_name":"Kinderwunschteam Berlin","article_publisher":"https:\/\/www.facebook.com\/kinderwunschteam.berlin\/","article_modified_time":"2020-08-30T13:01:58+00:00","og_image":[{"width":2000,"height":670,"url":"https:\/\/kwt.meiio.net\/wp-content\/uploads\/KWT-8670-Archiv.jpg","type":"image\/jpeg"}],"twitter_card":"summary_large_image","schema":{"@context":"https:\/\/schema.org","@graph":[{"@type":"WebPage","@id":"https:\/\/kwt.meiio.net\/tr\/damga","url":"https:\/\/kwt.meiio.net\/tr\/damga","name":"Damga &#8226; Kinderwunschteam Berlin","isPartOf":{"@id":"https:\/\/kwt.meiio.net\/tr#website"},"primaryImageOfPage":{"@id":"https:\/\/kwt.meiio.net\/tr\/damga#primaryimage"},"image":{"@id":"https:\/\/kwt.meiio.net\/tr\/damga#primaryimage"},"thumbnailUrl":"https:\/\/kwt.meiio.net\/wp-content\/uploads\/KWT-8670-Archiv.jpg","datePublished":"2018-09-18T13:46:50+00:00","dateModified":"2020-08-30T13:01:58+00:00","description":"\u00a7 5 TMG'ye g\u00f6re MVZ Kinderwunschteam Berlin GmbH Friedrichstrasse 79 10117 Berlin Ticari sicil: HRB 192836 B Kay\u0131t mahkemesi: Berlin (Charlottenburg) \u0130le","breadcrumb":{"@id":"https:\/\/kwt.meiio.net\/tr\/damga#breadcrumb"},"inLanguage":"tr","potentialAction":[{"@type":"ReadAction","target":["https:\/\/kwt.meiio.net\/tr\/damga"]}]},{"@type":"ImageObject","inLanguage":"tr","@id":"https:\/\/kwt.meiio.net\/tr\/damga#primaryimage","url":"https:\/\/kwt.meiio.net\/wp-content\/uploads\/KWT-8670-Archiv.jpg","contentUrl":"https:\/\/kwt.meiio.net\/wp-content\/uploads\/KWT-8670-Archiv.jpg","width":2000,"height":670},{"@type":"BreadcrumbList","@id":"https:\/\/kwt.meiio.net\/tr\/damga#breadcrumb","itemListElement":[{"@type":"ListItem","position":1,"name":"Startseite","item":"https:\/\/kwt.meiio.net\/tr"},{"@type":"ListItem","position":2,"name":"Damga"}]},{"@type":"WebSite","@id":"https:\/\/kwt.meiio.net\/tr#website","url":"https:\/\/kwt.meiio.net\/tr","name":"Kinderwunschteam Berlin","description":"Kinderwunsch- und Endometriose-Zentrum","publisher":{"@id":"https:\/\/kwt.meiio.net\/tr#organization"},"potentialAction":[{"@type":"SearchAction","target":{"@type":"EntryPoint","urlTemplate":"https:\/\/kwt.meiio.net\/tr?s={search_term_string}"},"query-input":{"@type":"PropertyValueSpecification","valueRequired":true,"valueName":"search_term_string"}}],"inLanguage":"tr"},{"@type":"Organization","@id":"https:\/\/kwt.meiio.net\/tr#organization","name":"Kinderwunschteam Berlin","url":"https:\/\/kwt.meiio.net\/tr","logo":{"@type":"ImageObject","inLanguage":"tr","@id":"https:\/\/kwt.meiio.net\/tr#\/schema\/logo\/image\/","url":"https:\/\/kwt.meiio.net\/wp-content\/uploads\/Logo-KinderwunschteamBerlin-NavBar@2.png","contentUrl":"https:\/\/kwt.meiio.net\/wp-content\/uploads\/Logo-KinderwunschteamBerlin-NavBar@2.png","width":800,"height":200,"caption":"Kinderwunschteam Berlin"},"image":{"@id":"https:\/\/kwt.meiio.net\/tr#\/schema\/logo\/image\/"},"sameAs":["https:\/\/www.facebook.com\/kinderwunschteam.berlin\/","https:\/\/www.instagram.com\/kinderwunschteamberlin\/"]}]}},"_links":{"self":[{"href":"https:\/\/kwt.meiio.net\/tr\/wp-json\/wp\/v2\/pages\/7904","targetHints":{"allow":["GET"]}}],"collection":[{"href":"https:\/\/kwt.meiio.net\/tr\/wp-json\/wp\/v2\/pages"}],"about":[{"href":"https:\/\/kwt.meiio.net\/tr\/wp-json\/wp\/v2\/types\/page"}],"author":[{"embeddable":true,"href":"https:\/\/kwt.meiio.net\/tr\/wp-json\/wp\/v2\/users\/6"}],"replies":[{"embeddable":true,"href":"https:\/\/kwt.meiio.net\/tr\/wp-json\/wp\/v2\/comments?post=7904"}],"version-history":[{"count":0,"href":"https:\/\/kwt.meiio.net\/tr\/wp-json\/wp\/v2\/pages\/7904\/revisions"}],"wp:featuredmedia":[{"embeddable":true,"href":"https:\/\/kwt.meiio.net\/tr\/wp-json\/wp\/v2\/media\/79007"}],"wp:attachment":[{"href":"https:\/\/kwt.meiio.net\/tr\/wp-json\/wp\/v2\/media?parent=7904"}],"curies":[{"name":"wp","href":"https:\/\/api.w.org\/{rel}","templated":true}]}}