{"id":7890,"date":"2010-03-22T19:25:05","date_gmt":"2010-03-22T18:25:05","guid":{"rendered":"https:\/\/www.kinderwunschteam.berlin\/?page_id=7890"},"modified":"2019-04-02T16:16:23","modified_gmt":"2019-04-02T14:16:23","slug":"links","status":"publish","type":"page","link":"https:\/\/kwt.meiio.net\/tr\/muayenehane\/links","title":{"rendered":"Links"},"content":{"rendered":"<h4>Bundeszentrale f\u00fcr gesundheitliche Aufkl\u00e4rung<\/h4>\n<p>Informationen zu Familienplanung, Verh\u00fctung, Schwangerschaft, Kinderwunsch, Beratungsangeboten<br \/>\nWebsite: <a title=\"familienplanung.de\" href=\"https:\/\/www.familienplanung.de\" target=\"_blank\" rel=\"noopener\">familienplanung.de<\/a><br \/>\nUnterseite: <a title=\"Kinderwunsch\" href=\"https:\/\/www.familienplanung.de\/kinderwunsch.de\/\" target=\"_blank\" rel=\"noopener\">Kinderwunsch<\/a><\/p>\n<h4>Hamburger Informationszentrum f\u00fcr Kinderwunschbehandlung e. V. (H.I.K. e.V.)<\/h4>\n<p>Informationen zu M\u00f6glichkeiten der Behandlung bei unerf\u00fclltem Kinderwunsch,<br \/>\nKontakte zu anderen Betroffenen (u.a. Selbsthilfegruppen)<br \/>\nWebsite: <a title=\"Kinderwunsch H.I.K. e.V.\" href=\"https:\/\/www.kinderwunsch-hh.de\/\" target=\"_blank\" rel=\"noopener\">kinderwunsch-hh.de<\/a><\/p>\n<h4>Deutsche Gesellschaft f\u00fcr Reproduktionsmedizin e.V. (DGRM)<\/h4>\n<p>Deutschlands gr\u00f6\u00dfte wissenschaftliche interdisziplin\u00e4re Vereinigung, die sich seit mehr als 50 Jahren dem Thema Reproduktionsmedizin widmet<br \/>\nWebsite: <a title=\"Reproduktionsmedizin\" href=\"https:\/\/www.repromedizin.de\" target=\"_blank\" rel=\"noopener\">repromedizin.de<\/a><\/p>\n<h4>Deutsches IVF-Register<\/h4>\n<p>Portal zur Qualit\u00e4tssicherung in der humanen Reproduktionsmedizin in Deutschland, das zu diesem Zweck seit 1982 bei den an der Teilnahme verpflichteten Einrichtungen Daten erhebt.<br \/>\nWebsite: <a title=\"Deutsches IVF-Register\" href=\"https:\/\/www.deutsches-ivf-register.de\/\" target=\"_blank\" rel=\"noopener\">deutsches-ivf-register.de<\/a><\/p>\n<h4>Kinderwunschseite klein-putz.net<\/h4>\n<p><a href=\"https:\/\/www.klein-putz.net\/\" target=\"_blank\" rel=\"noopener\"><img decoding=\"async\" src=\"https:\/\/www.klein-putz.net\/docs\/banner\/kpbanner234_60.gif\" alt=\"\" width=\"234\" height=\"60\" border=\"0\" \/><\/a><\/p>\n<h4><strong> Forum der Kinderwunschseite klein-putz<\/strong><\/h4>\n<p>Website: <a title=\"Forum\" href=\"https:\/\/www.klein-putz.de\/\" target=\"_blank\" rel=\"noopener\">www.klein-putz.de<br \/>\n<\/a>Unterseite: <a title=\"Foren\u00fcbersicht\" href=\"https:\/\/www.klein-putz.net\/forum\/index.php\" target=\"_blank\" rel=\"noopener\">Foren\u00fcbersicht<\/a><\/p>\n<h4>Elternforen.com<\/h4>\n<p>Kostenloses Portal und Ratgeber f\u00fcr Eltern und Familien.<br \/>\nWebsite: <a title=\"Elternforen\" href=\"https:\/\/www.elternforen.com\" target=\"_blank\" rel=\"noopener\">www.elternforen.com<\/a><\/p>\n<h4>Die Kinder-Wunsch Seite<\/h4>\n<p>Foren zum Austausch von Schwangeren, ungewollt Kinderlosen, zu Zyklen u.v.a.m.,<br \/>\nInformationen zu Diagnostik, Behandlung, Ursachen von Sterilit\u00e4t, nat\u00fcrlicher Familienplanung, alternativen Therapien, Kosten, Gesetzen usw.<br \/>\nWebsite: <a title=\"Kinderwunschseite\" href=\"https:\/\/www.wunschkinder.net\/\" target=\"_blank\" rel=\"noopener\">wunschkinder.net<\/a><\/p>\n<h4>Kinderwunsch-Expertenforum<\/h4>\n<p>Experten beantworten Fragen zu Kinderwunsch und damit verkn\u00fcpften Themen<br \/>\nWebsite: <a title=\"Rund ums Baby\" href=\"https:\/\/www.rund-ums-baby.de\/\" target=\"_blank\" rel=\"noopener\">rund-ums-baby.de <\/a><br \/>\nUnterseite: <a title=\"Kinderwunsch-Expertenforum\" href=\"https:\/\/www.rund-ums-baby.de\/kinderwunsch_expertenforum\/mebboard.php3\" target=\"_blank\" rel=\"noopener\">Kinderwunsch-Expertenforum<\/a><\/p>\n<h4>Wunschkind e.V.<\/h4>\n<p>Aktions- und Informationsplattform der Initiative <em>Wunschkind &#8211; Zukunft f\u00fcr Deutschland<\/em>. Anliegen sind Unterst\u00fctzung und Entwicklung von Verst\u00e4ndnis f\u00fcr ungewollt kinderlose Paare mit Kinderwunsch, der nur mithilfe medizinischer Therapien verwirklichen l\u00e4sst. Informationen zu Finanzierung, zur haltung der Gesllschaft, Daten und Fakten und zu Kinderwunschbehandlungen.<br \/>\nWebsite: <a title=\"kinderwunsch.de\" href=\"https:\/\/www.wunschkind.de\/\" target=\"_blank\" rel=\"noopener\">kinderwunsch.de<\/a><\/p>\n<h4>Gesundheitsportal der QualiMedic: 9 Monate<\/h4>\n<p>Informationsangebot vom Wunschkind \u00fcber Schwangerschaft bis hin zur Geburt. Eine Plattformt, 1999 aufgebaut von Fach\u00e4rzten und Unternehmern, die die Kommunikation zwischen Patienten und \u00c4rzten erleichtern bzw. unterst\u00fctzen soll. In Experten-Sprechstunden online erfolgt kostenlose fach\u00e4rztliche Beantwortung von Fragen.<br \/>\nWebsite: <a title=\"9Monate.de\" href=\"https:\/\/www.9monate.de\" target=\"_blank\" rel=\"noopener\">9monate.de<\/a><\/p>\n<p>&nbsp;<\/p>\n<p>&nbsp;<\/p>\n<p>&nbsp;<\/p>\n<p>. . .<\/p>\n","protected":false},"excerpt":{"rendered":"<p>Bundeszentrale f\u00fcr gesundheitliche Aufkl\u00e4rung Informationen zu Familienplanung, Verh\u00fctung, Schwangerschaft, Kinderwunsch, Beratungsangeboten Website: familienplanung.de Unterseite: Kinderwunsch Hamburger Informationszentrum f\u00fcr Kinderwunschbehandlung e. [&hellip;]<\/p>\n","protected":false},"author":6,"featured_media":4328,"parent":7773,"menu_order":8,"comment_status":"closed","ping_status":"closed","template":"","meta":{"footnotes":""},"class_list":["post-7890","page","type-page","status-publish","has-post-thumbnail","hentry"],"yoast_head":"<!-- This site is optimized with the Yoast SEO plugin v25.6 - https:\/\/yoast.com\/wordpress\/plugins\/seo\/ -->\n<title>Links &#8226; Kinderwunschteam Berlin<\/title>\n<meta name=\"description\" content=\"Bundeszentrale f\u00fcr gesundheitliche Aufkl\u00e4rung Informationen zu Familienplanung, Verh\u00fctung, Schwangerschaft, Kinderwunsch, Beratungsangeboten Website:\" \/>\n<meta name=\"robots\" content=\"noindex, follow, max-snippet:-1, max-image-preview:large, max-video-preview:-1\" \/>\n<meta property=\"og:locale\" content=\"tr_TR\" \/>\n<meta property=\"og:type\" content=\"article\" \/>\n<meta property=\"og:title\" content=\"Links &#8226; Kinderwunschteam Berlin\" \/>\n<meta property=\"og:description\" content=\"Bundeszentrale f\u00fcr gesundheitliche Aufkl\u00e4rung Informationen zu Familienplanung, Verh\u00fctung, Schwangerschaft, Kinderwunsch, Beratungsangeboten Website:\" \/>\n<meta property=\"og:url\" content=\"https:\/\/kwt.meiio.net\/tr\/muayenehane\/links\" \/>\n<meta property=\"og:site_name\" content=\"Kinderwunschteam Berlin\" \/>\n<meta property=\"article:publisher\" content=\"https:\/\/www.facebook.com\/kinderwunschteam.berlin\/\" \/>\n<meta property=\"article:modified_time\" content=\"2019-04-02T14:16:23+00:00\" \/>\n<meta property=\"og:image\" content=\"https:\/\/kwt.meiio.net\/wp-content\/uploads\/KWT-8168-Storch.jpg\" \/>\n\t<meta property=\"og:image:width\" content=\"2000\" \/>\n\t<meta property=\"og:image:height\" content=\"670\" \/>\n\t<meta property=\"og:image:type\" content=\"image\/jpeg\" \/>\n<meta name=\"twitter:card\" content=\"summary_large_image\" \/>\n<script type=\"application\/ld+json\" class=\"yoast-schema-graph\">{\"@context\":\"https:\/\/schema.org\",\"@graph\":[{\"@type\":\"WebPage\",\"@id\":\"https:\/\/kwt.meiio.net\/tr\/muayenehane\/links\",\"url\":\"https:\/\/kwt.meiio.net\/tr\/muayenehane\/links\",\"name\":\"Links &#8226; Kinderwunschteam Berlin\",\"isPartOf\":{\"@id\":\"https:\/\/kwt.meiio.net\/tr#website\"},\"primaryImageOfPage\":{\"@id\":\"https:\/\/kwt.meiio.net\/tr\/muayenehane\/links#primaryimage\"},\"image\":{\"@id\":\"https:\/\/kwt.meiio.net\/tr\/muayenehane\/links#primaryimage\"},\"thumbnailUrl\":\"https:\/\/kwt.meiio.net\/wp-content\/uploads\/KWT-8168-Storch.jpg\",\"datePublished\":\"2010-03-22T18:25:05+00:00\",\"dateModified\":\"2019-04-02T14:16:23+00:00\",\"description\":\"Bundeszentrale f\u00fcr gesundheitliche Aufkl\u00e4rung Informationen zu Familienplanung, Verh\u00fctung, Schwangerschaft, Kinderwunsch, Beratungsangeboten Website:\",\"breadcrumb\":{\"@id\":\"https:\/\/kwt.meiio.net\/tr\/muayenehane\/links#breadcrumb\"},\"inLanguage\":\"tr\",\"potentialAction\":[{\"@type\":\"ReadAction\",\"target\":[\"https:\/\/kwt.meiio.net\/tr\/muayenehane\/links\"]}]},{\"@type\":\"ImageObject\",\"inLanguage\":\"tr\",\"@id\":\"https:\/\/kwt.meiio.net\/tr\/muayenehane\/links#primaryimage\",\"url\":\"https:\/\/kwt.meiio.net\/wp-content\/uploads\/KWT-8168-Storch.jpg\",\"contentUrl\":\"https:\/\/kwt.meiio.net\/wp-content\/uploads\/KWT-8168-Storch.jpg\",\"width\":2000,\"height\":670},{\"@type\":\"BreadcrumbList\",\"@id\":\"https:\/\/kwt.meiio.net\/tr\/muayenehane\/links#breadcrumb\",\"itemListElement\":[{\"@type\":\"ListItem\",\"position\":1,\"name\":\"Startseite\",\"item\":\"https:\/\/kwt.meiio.net\/tr\"},{\"@type\":\"ListItem\",\"position\":2,\"name\":\"Muayenehane\",\"item\":\"https:\/\/kwt.meiio.net\/tr\/muayenehane\"},{\"@type\":\"ListItem\",\"position\":3,\"name\":\"Links\"}]},{\"@type\":\"WebSite\",\"@id\":\"https:\/\/kwt.meiio.net\/tr#website\",\"url\":\"https:\/\/kwt.meiio.net\/tr\",\"name\":\"Kinderwunschteam Berlin\",\"description\":\"Kinderwunsch- und Endometriose-Zentrum\",\"publisher\":{\"@id\":\"https:\/\/kwt.meiio.net\/tr#organization\"},\"potentialAction\":[{\"@type\":\"SearchAction\",\"target\":{\"@type\":\"EntryPoint\",\"urlTemplate\":\"https:\/\/kwt.meiio.net\/tr?s={search_term_string}\"},\"query-input\":{\"@type\":\"PropertyValueSpecification\",\"valueRequired\":true,\"valueName\":\"search_term_string\"}}],\"inLanguage\":\"tr\"},{\"@type\":\"Organization\",\"@id\":\"https:\/\/kwt.meiio.net\/tr#organization\",\"name\":\"Kinderwunschteam Berlin\",\"url\":\"https:\/\/kwt.meiio.net\/tr\",\"logo\":{\"@type\":\"ImageObject\",\"inLanguage\":\"tr\",\"@id\":\"https:\/\/kwt.meiio.net\/tr#\/schema\/logo\/image\/\",\"url\":\"https:\/\/kwt.meiio.net\/wp-content\/uploads\/Logo-KinderwunschteamBerlin-NavBar@2.png\",\"contentUrl\":\"https:\/\/kwt.meiio.net\/wp-content\/uploads\/Logo-KinderwunschteamBerlin-NavBar@2.png\",\"width\":800,\"height\":200,\"caption\":\"Kinderwunschteam Berlin\"},\"image\":{\"@id\":\"https:\/\/kwt.meiio.net\/tr#\/schema\/logo\/image\/\"},\"sameAs\":[\"https:\/\/www.facebook.com\/kinderwunschteam.berlin\/\",\"https:\/\/www.instagram.com\/kinderwunschteamberlin\/\"]}]}<\/script>\n<!-- \/ Yoast SEO plugin. -->","yoast_head_json":{"title":"Links &#8226; Kinderwunschteam Berlin","description":"Bundeszentrale f\u00fcr gesundheitliche Aufkl\u00e4rung Informationen zu Familienplanung, Verh\u00fctung, Schwangerschaft, Kinderwunsch, Beratungsangeboten Website:","robots":{"index":"noindex","follow":"follow","max-snippet":"max-snippet:-1","max-image-preview":"max-image-preview:large","max-video-preview":"max-video-preview:-1"},"og_locale":"tr_TR","og_type":"article","og_title":"Links &#8226; Kinderwunschteam Berlin","og_description":"Bundeszentrale f\u00fcr gesundheitliche Aufkl\u00e4rung Informationen zu Familienplanung, Verh\u00fctung, Schwangerschaft, Kinderwunsch, Beratungsangeboten Website:","og_url":"https:\/\/kwt.meiio.net\/tr\/muayenehane\/links","og_site_name":"Kinderwunschteam Berlin","article_publisher":"https:\/\/www.facebook.com\/kinderwunschteam.berlin\/","article_modified_time":"2019-04-02T14:16:23+00:00","og_image":[{"width":2000,"height":670,"url":"https:\/\/kwt.meiio.net\/wp-content\/uploads\/KWT-8168-Storch.jpg","type":"image\/jpeg"}],"twitter_card":"summary_large_image","schema":{"@context":"https:\/\/schema.org","@graph":[{"@type":"WebPage","@id":"https:\/\/kwt.meiio.net\/tr\/muayenehane\/links","url":"https:\/\/kwt.meiio.net\/tr\/muayenehane\/links","name":"Links &#8226; Kinderwunschteam Berlin","isPartOf":{"@id":"https:\/\/kwt.meiio.net\/tr#website"},"primaryImageOfPage":{"@id":"https:\/\/kwt.meiio.net\/tr\/muayenehane\/links#primaryimage"},"image":{"@id":"https:\/\/kwt.meiio.net\/tr\/muayenehane\/links#primaryimage"},"thumbnailUrl":"https:\/\/kwt.meiio.net\/wp-content\/uploads\/KWT-8168-Storch.jpg","datePublished":"2010-03-22T18:25:05+00:00","dateModified":"2019-04-02T14:16:23+00:00","description":"Bundeszentrale f\u00fcr gesundheitliche Aufkl\u00e4rung Informationen zu Familienplanung, Verh\u00fctung, Schwangerschaft, Kinderwunsch, Beratungsangeboten Website:","breadcrumb":{"@id":"https:\/\/kwt.meiio.net\/tr\/muayenehane\/links#breadcrumb"},"inLanguage":"tr","potentialAction":[{"@type":"ReadAction","target":["https:\/\/kwt.meiio.net\/tr\/muayenehane\/links"]}]},{"@type":"ImageObject","inLanguage":"tr","@id":"https:\/\/kwt.meiio.net\/tr\/muayenehane\/links#primaryimage","url":"https:\/\/kwt.meiio.net\/wp-content\/uploads\/KWT-8168-Storch.jpg","contentUrl":"https:\/\/kwt.meiio.net\/wp-content\/uploads\/KWT-8168-Storch.jpg","width":2000,"height":670},{"@type":"BreadcrumbList","@id":"https:\/\/kwt.meiio.net\/tr\/muayenehane\/links#breadcrumb","itemListElement":[{"@type":"ListItem","position":1,"name":"Startseite","item":"https:\/\/kwt.meiio.net\/tr"},{"@type":"ListItem","position":2,"name":"Muayenehane","item":"https:\/\/kwt.meiio.net\/tr\/muayenehane"},{"@type":"ListItem","position":3,"name":"Links"}]},{"@type":"WebSite","@id":"https:\/\/kwt.meiio.net\/tr#website","url":"https:\/\/kwt.meiio.net\/tr","name":"Kinderwunschteam Berlin","description":"Kinderwunsch- und Endometriose-Zentrum","publisher":{"@id":"https:\/\/kwt.meiio.net\/tr#organization"},"potentialAction":[{"@type":"SearchAction","target":{"@type":"EntryPoint","urlTemplate":"https:\/\/kwt.meiio.net\/tr?s={search_term_string}"},"query-input":{"@type":"PropertyValueSpecification","valueRequired":true,"valueName":"search_term_string"}}],"inLanguage":"tr"},{"@type":"Organization","@id":"https:\/\/kwt.meiio.net\/tr#organization","name":"Kinderwunschteam Berlin","url":"https:\/\/kwt.meiio.net\/tr","logo":{"@type":"ImageObject","inLanguage":"tr","@id":"https:\/\/kwt.meiio.net\/tr#\/schema\/logo\/image\/","url":"https:\/\/kwt.meiio.net\/wp-content\/uploads\/Logo-KinderwunschteamBerlin-NavBar@2.png","contentUrl":"https:\/\/kwt.meiio.net\/wp-content\/uploads\/Logo-KinderwunschteamBerlin-NavBar@2.png","width":800,"height":200,"caption":"Kinderwunschteam Berlin"},"image":{"@id":"https:\/\/kwt.meiio.net\/tr#\/schema\/logo\/image\/"},"sameAs":["https:\/\/www.facebook.com\/kinderwunschteam.berlin\/","https:\/\/www.instagram.com\/kinderwunschteamberlin\/"]}]}},"_links":{"self":[{"href":"https:\/\/kwt.meiio.net\/tr\/wp-json\/wp\/v2\/pages\/7890","targetHints":{"allow":["GET"]}}],"collection":[{"href":"https:\/\/kwt.meiio.net\/tr\/wp-json\/wp\/v2\/pages"}],"about":[{"href":"https:\/\/kwt.meiio.net\/tr\/wp-json\/wp\/v2\/types\/page"}],"author":[{"embeddable":true,"href":"https:\/\/kwt.meiio.net\/tr\/wp-json\/wp\/v2\/users\/6"}],"replies":[{"embeddable":true,"href":"https:\/\/kwt.meiio.net\/tr\/wp-json\/wp\/v2\/comments?post=7890"}],"version-history":[{"count":0,"href":"https:\/\/kwt.meiio.net\/tr\/wp-json\/wp\/v2\/pages\/7890\/revisions"}],"up":[{"embeddable":true,"href":"https:\/\/kwt.meiio.net\/tr\/wp-json\/wp\/v2\/pages\/7773"}],"wp:featuredmedia":[{"embeddable":true,"href":"https:\/\/kwt.meiio.net\/tr\/wp-json\/wp\/v2\/media\/4328"}],"wp:attachment":[{"href":"https:\/\/kwt.meiio.net\/tr\/wp-json\/wp\/v2\/media?parent=7890"}],"curies":[{"name":"wp","href":"https:\/\/api.w.org\/{rel}","templated":true}]}}