{"id":7869,"date":"2010-03-17T02:30:15","date_gmt":"2010-03-17T01:30:15","guid":{"rendered":"https:\/\/www.kinderwunschteam.berlin\/?page_id=7869"},"modified":"2019-09-29T19:10:33","modified_gmt":"2019-09-29T17:10:33","slug":"anestezi","status":"publish","type":"page","link":"https:\/\/kwt.meiio.net\/tr\/muayenehane\/ortaklar\/anestezi","title":{"rendered":"Anestezi"},"content":{"rendered":"<h2><a href=\"https:\/\/www.dreamteam-anaesthesie.de\/index.htm\" target=\"_blank\" rel=\"noopener\">Dr. med. Ronald Thoms<\/a><\/h2>\n<p>Hastanede anestezi, yo\u011fun ve acil bak\u0131m gibi farkl\u0131 alanlarda uzun y\u0131llar \u00e7al\u0131\u015f\u0131p mesleki deneyim elde ettikten sonra\u00a0Doktor Dr. med. R. Thoms, y\u0131llard\u0131r ayakta tedavi alan\u0131nda anesteziyoloji i\u00e7in kay\u0131tl\u0131 doktor olarak g\u00f6rev yapmaktad\u0131r.<\/p>\n<p>Dr. med. R. Thoms\u00a0etkisi k\u0131sa s\u00fcren ila\u00e7lar\u0131 ve hassas, modern anestezi y\u00f6ntemlerini kullanarak -bunun genel hatlar\u0131n\u0131 daha sonra \u00f6\u011freneceksiniz-, gerek operatif muamele \u00f6ncesinde, gerek giri\u015fim devam ederken gerekse onu izleyen s\u00fcrede hayati \u00f6nemi olan v\u00fccut fonksiyonlar\u0131n\u0131 g\u00fcvenilir bir bi\u00e7imde teknik olarak en yeni takip etme cihazlar\u0131 ile kontrol eder.<\/p>\n<p>Uluslararas\u0131 tedavi standart\u0131n\u0131n korunmas\u0131 ile birlikte sizin g\u00fcvenli\u011finizi garanti alt\u0131na almak bizim en temel g\u00f6revimizdir.<\/p>\n<p>Dr. med. R. Thoms\u00a0sizi bir \u00f6n g\u00f6r\u00fc\u015fmeye alarak size genel anestezi, ameliyat ve uyanma fazlar\u0131 hakk\u0131nda bilgi verecek ve sonraki randevunun ne zaman olaca\u011f\u0131n\u0131 s\u00f6yleyecektir.<\/p>\n","protected":false},"excerpt":{"rendered":"<p>Dr. med. Ronald Thoms Hastanede anestezi, yo\u011fun ve acil bak\u0131m gibi farkl\u0131 alanlarda uzun y\u0131llar \u00e7al\u0131\u015f\u0131p mesleki deneyim elde ettikten [&hellip;]<\/p>\n","protected":false},"author":6,"featured_media":4357,"parent":7865,"menu_order":0,"comment_status":"closed","ping_status":"closed","template":"page-siblingnavi.php","meta":{"footnotes":""},"class_list":["post-7869","page","type-page","status-publish","has-post-thumbnail","hentry"],"yoast_head":"<!-- This site is optimized with the Yoast SEO plugin v25.6 - https:\/\/yoast.com\/wordpress\/plugins\/seo\/ -->\n<title>Anestezi &#8226; Kinderwunschteam Berlin<\/title>\n<meta name=\"description\" content=\"Dr. med. Ronald Thoms Hastanede anestezi, yo\u011fun ve acil bak\u0131m gibi farkl\u0131 alanlarda uzun y\u0131llar \u00e7al\u0131\u015f\u0131p mesleki deneyim elde ettikten sonra\u00a0Doktor Dr.\" \/>\n<meta name=\"robots\" content=\"noindex, follow, max-snippet:-1, max-image-preview:large, max-video-preview:-1\" \/>\n<meta property=\"og:locale\" content=\"tr_TR\" \/>\n<meta property=\"og:type\" content=\"article\" \/>\n<meta property=\"og:title\" content=\"Anestezi &#8226; Kinderwunschteam Berlin\" \/>\n<meta property=\"og:description\" content=\"Dr. med. Ronald Thoms Hastanede anestezi, yo\u011fun ve acil bak\u0131m gibi farkl\u0131 alanlarda uzun y\u0131llar \u00e7al\u0131\u015f\u0131p mesleki deneyim elde ettikten sonra\u00a0Doktor Dr.\" \/>\n<meta property=\"og:url\" content=\"https:\/\/kwt.meiio.net\/tr\/muayenehane\/ortaklar\/anestezi\" \/>\n<meta property=\"og:site_name\" content=\"Kinderwunschteam Berlin\" \/>\n<meta property=\"article:publisher\" content=\"https:\/\/www.facebook.com\/kinderwunschteam.berlin\/\" \/>\n<meta property=\"article:modified_time\" content=\"2019-09-29T17:10:33+00:00\" \/>\n<meta property=\"og:image\" content=\"https:\/\/kwt.meiio.net\/wp-content\/uploads\/KWT-9493-Anaesthesie.jpg\" \/>\n\t<meta property=\"og:image:width\" content=\"2000\" \/>\n\t<meta property=\"og:image:height\" content=\"670\" \/>\n\t<meta property=\"og:image:type\" content=\"image\/jpeg\" \/>\n<meta name=\"twitter:card\" content=\"summary_large_image\" \/>\n<script type=\"application\/ld+json\" class=\"yoast-schema-graph\">{\"@context\":\"https:\/\/schema.org\",\"@graph\":[{\"@type\":\"WebPage\",\"@id\":\"https:\/\/kwt.meiio.net\/tr\/muayenehane\/ortaklar\/anestezi\",\"url\":\"https:\/\/kwt.meiio.net\/tr\/muayenehane\/ortaklar\/anestezi\",\"name\":\"Anestezi &#8226; Kinderwunschteam Berlin\",\"isPartOf\":{\"@id\":\"https:\/\/kwt.meiio.net\/tr#website\"},\"primaryImageOfPage\":{\"@id\":\"https:\/\/kwt.meiio.net\/tr\/muayenehane\/ortaklar\/anestezi#primaryimage\"},\"image\":{\"@id\":\"https:\/\/kwt.meiio.net\/tr\/muayenehane\/ortaklar\/anestezi#primaryimage\"},\"thumbnailUrl\":\"https:\/\/kwt.meiio.net\/wp-content\/uploads\/KWT-9493-Anaesthesie.jpg\",\"datePublished\":\"2010-03-17T01:30:15+00:00\",\"dateModified\":\"2019-09-29T17:10:33+00:00\",\"description\":\"Dr. med. Ronald Thoms Hastanede anestezi, yo\u011fun ve acil bak\u0131m gibi farkl\u0131 alanlarda uzun y\u0131llar \u00e7al\u0131\u015f\u0131p mesleki deneyim elde ettikten sonra\u00a0Doktor Dr.\",\"breadcrumb\":{\"@id\":\"https:\/\/kwt.meiio.net\/tr\/muayenehane\/ortaklar\/anestezi#breadcrumb\"},\"inLanguage\":\"tr\",\"potentialAction\":[{\"@type\":\"ReadAction\",\"target\":[\"https:\/\/kwt.meiio.net\/tr\/muayenehane\/ortaklar\/anestezi\"]}]},{\"@type\":\"ImageObject\",\"inLanguage\":\"tr\",\"@id\":\"https:\/\/kwt.meiio.net\/tr\/muayenehane\/ortaklar\/anestezi#primaryimage\",\"url\":\"https:\/\/kwt.meiio.net\/wp-content\/uploads\/KWT-9493-Anaesthesie.jpg\",\"contentUrl\":\"https:\/\/kwt.meiio.net\/wp-content\/uploads\/KWT-9493-Anaesthesie.jpg\",\"width\":2000,\"height\":670},{\"@type\":\"BreadcrumbList\",\"@id\":\"https:\/\/kwt.meiio.net\/tr\/muayenehane\/ortaklar\/anestezi#breadcrumb\",\"itemListElement\":[{\"@type\":\"ListItem\",\"position\":1,\"name\":\"Startseite\",\"item\":\"https:\/\/kwt.meiio.net\/tr\"},{\"@type\":\"ListItem\",\"position\":2,\"name\":\"Muayenehane\",\"item\":\"https:\/\/kwt.meiio.net\/tr\/muayenehane\"},{\"@type\":\"ListItem\",\"position\":3,\"name\":\"Ortaklar\",\"item\":\"https:\/\/kwt.meiio.net\/tr\/muayenehane\/ortaklar\"},{\"@type\":\"ListItem\",\"position\":4,\"name\":\"Anestezi\"}]},{\"@type\":\"WebSite\",\"@id\":\"https:\/\/kwt.meiio.net\/tr#website\",\"url\":\"https:\/\/kwt.meiio.net\/tr\",\"name\":\"Kinderwunschteam Berlin\",\"description\":\"Kinderwunsch- und Endometriose-Zentrum\",\"publisher\":{\"@id\":\"https:\/\/kwt.meiio.net\/tr#organization\"},\"potentialAction\":[{\"@type\":\"SearchAction\",\"target\":{\"@type\":\"EntryPoint\",\"urlTemplate\":\"https:\/\/kwt.meiio.net\/tr?s={search_term_string}\"},\"query-input\":{\"@type\":\"PropertyValueSpecification\",\"valueRequired\":true,\"valueName\":\"search_term_string\"}}],\"inLanguage\":\"tr\"},{\"@type\":\"Organization\",\"@id\":\"https:\/\/kwt.meiio.net\/tr#organization\",\"name\":\"Kinderwunschteam Berlin\",\"url\":\"https:\/\/kwt.meiio.net\/tr\",\"logo\":{\"@type\":\"ImageObject\",\"inLanguage\":\"tr\",\"@id\":\"https:\/\/kwt.meiio.net\/tr#\/schema\/logo\/image\/\",\"url\":\"https:\/\/kwt.meiio.net\/wp-content\/uploads\/Logo-KinderwunschteamBerlin-NavBar@2.png\",\"contentUrl\":\"https:\/\/kwt.meiio.net\/wp-content\/uploads\/Logo-KinderwunschteamBerlin-NavBar@2.png\",\"width\":800,\"height\":200,\"caption\":\"Kinderwunschteam Berlin\"},\"image\":{\"@id\":\"https:\/\/kwt.meiio.net\/tr#\/schema\/logo\/image\/\"},\"sameAs\":[\"https:\/\/www.facebook.com\/kinderwunschteam.berlin\/\",\"https:\/\/www.instagram.com\/kinderwunschteamberlin\/\"]}]}<\/script>\n<!-- \/ Yoast SEO plugin. -->","yoast_head_json":{"title":"Anestezi &#8226; Kinderwunschteam Berlin","description":"Dr. med. Ronald Thoms Hastanede anestezi, yo\u011fun ve acil bak\u0131m gibi farkl\u0131 alanlarda uzun y\u0131llar \u00e7al\u0131\u015f\u0131p mesleki deneyim elde ettikten sonra\u00a0Doktor Dr.","robots":{"index":"noindex","follow":"follow","max-snippet":"max-snippet:-1","max-image-preview":"max-image-preview:large","max-video-preview":"max-video-preview:-1"},"og_locale":"tr_TR","og_type":"article","og_title":"Anestezi &#8226; Kinderwunschteam Berlin","og_description":"Dr. med. Ronald Thoms Hastanede anestezi, yo\u011fun ve acil bak\u0131m gibi farkl\u0131 alanlarda uzun y\u0131llar \u00e7al\u0131\u015f\u0131p mesleki deneyim elde ettikten sonra\u00a0Doktor Dr.","og_url":"https:\/\/kwt.meiio.net\/tr\/muayenehane\/ortaklar\/anestezi","og_site_name":"Kinderwunschteam Berlin","article_publisher":"https:\/\/www.facebook.com\/kinderwunschteam.berlin\/","article_modified_time":"2019-09-29T17:10:33+00:00","og_image":[{"width":2000,"height":670,"url":"https:\/\/kwt.meiio.net\/wp-content\/uploads\/KWT-9493-Anaesthesie.jpg","type":"image\/jpeg"}],"twitter_card":"summary_large_image","schema":{"@context":"https:\/\/schema.org","@graph":[{"@type":"WebPage","@id":"https:\/\/kwt.meiio.net\/tr\/muayenehane\/ortaklar\/anestezi","url":"https:\/\/kwt.meiio.net\/tr\/muayenehane\/ortaklar\/anestezi","name":"Anestezi &#8226; Kinderwunschteam Berlin","isPartOf":{"@id":"https:\/\/kwt.meiio.net\/tr#website"},"primaryImageOfPage":{"@id":"https:\/\/kwt.meiio.net\/tr\/muayenehane\/ortaklar\/anestezi#primaryimage"},"image":{"@id":"https:\/\/kwt.meiio.net\/tr\/muayenehane\/ortaklar\/anestezi#primaryimage"},"thumbnailUrl":"https:\/\/kwt.meiio.net\/wp-content\/uploads\/KWT-9493-Anaesthesie.jpg","datePublished":"2010-03-17T01:30:15+00:00","dateModified":"2019-09-29T17:10:33+00:00","description":"Dr. med. Ronald Thoms Hastanede anestezi, yo\u011fun ve acil bak\u0131m gibi farkl\u0131 alanlarda uzun y\u0131llar \u00e7al\u0131\u015f\u0131p mesleki deneyim elde ettikten sonra\u00a0Doktor Dr.","breadcrumb":{"@id":"https:\/\/kwt.meiio.net\/tr\/muayenehane\/ortaklar\/anestezi#breadcrumb"},"inLanguage":"tr","potentialAction":[{"@type":"ReadAction","target":["https:\/\/kwt.meiio.net\/tr\/muayenehane\/ortaklar\/anestezi"]}]},{"@type":"ImageObject","inLanguage":"tr","@id":"https:\/\/kwt.meiio.net\/tr\/muayenehane\/ortaklar\/anestezi#primaryimage","url":"https:\/\/kwt.meiio.net\/wp-content\/uploads\/KWT-9493-Anaesthesie.jpg","contentUrl":"https:\/\/kwt.meiio.net\/wp-content\/uploads\/KWT-9493-Anaesthesie.jpg","width":2000,"height":670},{"@type":"BreadcrumbList","@id":"https:\/\/kwt.meiio.net\/tr\/muayenehane\/ortaklar\/anestezi#breadcrumb","itemListElement":[{"@type":"ListItem","position":1,"name":"Startseite","item":"https:\/\/kwt.meiio.net\/tr"},{"@type":"ListItem","position":2,"name":"Muayenehane","item":"https:\/\/kwt.meiio.net\/tr\/muayenehane"},{"@type":"ListItem","position":3,"name":"Ortaklar","item":"https:\/\/kwt.meiio.net\/tr\/muayenehane\/ortaklar"},{"@type":"ListItem","position":4,"name":"Anestezi"}]},{"@type":"WebSite","@id":"https:\/\/kwt.meiio.net\/tr#website","url":"https:\/\/kwt.meiio.net\/tr","name":"Kinderwunschteam Berlin","description":"Kinderwunsch- und Endometriose-Zentrum","publisher":{"@id":"https:\/\/kwt.meiio.net\/tr#organization"},"potentialAction":[{"@type":"SearchAction","target":{"@type":"EntryPoint","urlTemplate":"https:\/\/kwt.meiio.net\/tr?s={search_term_string}"},"query-input":{"@type":"PropertyValueSpecification","valueRequired":true,"valueName":"search_term_string"}}],"inLanguage":"tr"},{"@type":"Organization","@id":"https:\/\/kwt.meiio.net\/tr#organization","name":"Kinderwunschteam Berlin","url":"https:\/\/kwt.meiio.net\/tr","logo":{"@type":"ImageObject","inLanguage":"tr","@id":"https:\/\/kwt.meiio.net\/tr#\/schema\/logo\/image\/","url":"https:\/\/kwt.meiio.net\/wp-content\/uploads\/Logo-KinderwunschteamBerlin-NavBar@2.png","contentUrl":"https:\/\/kwt.meiio.net\/wp-content\/uploads\/Logo-KinderwunschteamBerlin-NavBar@2.png","width":800,"height":200,"caption":"Kinderwunschteam Berlin"},"image":{"@id":"https:\/\/kwt.meiio.net\/tr#\/schema\/logo\/image\/"},"sameAs":["https:\/\/www.facebook.com\/kinderwunschteam.berlin\/","https:\/\/www.instagram.com\/kinderwunschteamberlin\/"]}]}},"_links":{"self":[{"href":"https:\/\/kwt.meiio.net\/tr\/wp-json\/wp\/v2\/pages\/7869","targetHints":{"allow":["GET"]}}],"collection":[{"href":"https:\/\/kwt.meiio.net\/tr\/wp-json\/wp\/v2\/pages"}],"about":[{"href":"https:\/\/kwt.meiio.net\/tr\/wp-json\/wp\/v2\/types\/page"}],"author":[{"embeddable":true,"href":"https:\/\/kwt.meiio.net\/tr\/wp-json\/wp\/v2\/users\/6"}],"replies":[{"embeddable":true,"href":"https:\/\/kwt.meiio.net\/tr\/wp-json\/wp\/v2\/comments?post=7869"}],"version-history":[{"count":0,"href":"https:\/\/kwt.meiio.net\/tr\/wp-json\/wp\/v2\/pages\/7869\/revisions"}],"up":[{"embeddable":true,"href":"https:\/\/kwt.meiio.net\/tr\/wp-json\/wp\/v2\/pages\/7865"}],"wp:featuredmedia":[{"embeddable":true,"href":"https:\/\/kwt.meiio.net\/tr\/wp-json\/wp\/v2\/media\/4357"}],"wp:attachment":[{"href":"https:\/\/kwt.meiio.net\/tr\/wp-json\/wp\/v2\/media?parent=7869"}],"curies":[{"name":"wp","href":"https:\/\/api.w.org\/{rel}","templated":true}]}}