{"id":7865,"date":"2010-03-08T05:57:04","date_gmt":"2010-03-08T04:57:04","guid":{"rendered":"https:\/\/www.kinderwunschteam.berlin\/?page_id=7865"},"modified":"2019-04-02T15:53:37","modified_gmt":"2019-04-02T13:53:37","slug":"ortaklar","status":"publish","type":"page","link":"https:\/\/kwt.meiio.net\/tr\/muayenehane\/ortaklar","title":{"rendered":"Ortaklar"},"content":{"rendered":"<header class=\"entry-header\"><\/header>\n<div class=\"entry-content\">\n<p><a title=\"Berlin SEJ Sperm Bankas\u0131\" href=\"https:\/\/www.samenbank-berlin.de\/\" target=\"_blank\" rel=\"noopener\">Berlin SEJ Sperm Bankas\u0131<\/a><\/p>\n<p><a title=\"Berlin Humboldt Hastanesi\" href=\"https:\/\/www.vivantes.de\/web\/einrichtungen\/huk_geb_gyn.htm\" target=\"_blank\" rel=\"noopener\">Humboldt Klini\u011fi<\/a><\/p>\n<p><a title=\"Berlin St. Joseph Hastanesi\" href=\"https:\/\/sjk.de\/Gynaekologie.33.0.html\" target=\"_blank\" rel=\"noopener\">Berlin St. Joseph Hastanesi<\/a><\/p>\n<p><a title=\"Doktor Reichel-Fentz\" href=\"https:\/\/www.immu-baby.de\/\" target=\"_blank\" rel=\"noopener\">Doktor Reichel-Fentz<\/a><\/p>\n<p><a title=\"Fertiprotekt (fertilite projesi)\" href=\"https:\/\/www.fertiprotekt.de\/\" target=\"_blank\" rel=\"noopener\">Fertiprotekt (fertilite projesi)<\/a><\/p>\n<p><a title=\"Doktor Sabine Boedewig\" href=\"https:\/\/www.doc-boedewig.de\/\" target=\"_blank\" rel=\"noopener\">Doktor Sabine Boedewig<\/a><cite><\/cite><cite><\/cite><\/p>\n<p><a href=\"https:\/\/www.ivf-erlangen.de\/\" target=\"_blank\" rel=\"noopener\"><cite><\/cite>Dr. Hamori\/Behrens\/Hammel \u2013\u00a0 Erlangen<\/a><\/p>\n<p><a href=\"https:\/\/www.vanuem.com\/\" target=\"_blank\" rel=\"noopener\"><cite><\/cite>Dr. Van Uem muayenehanesi, Erlangen<\/a><\/p>\n<p><a title=\"Magdeburg \u00dcniversitesi\" href=\"https:\/\/www.med.uni-magdeburg.de\/fme\/krge\" target=\"_blank\" rel=\"noopener\">Magdeburg \u00dcniversitesi<\/a><\/p>\n<p><a href=\"https:\/\/www.ivf-rostock.de\/\" target=\"_blank\" rel=\"noopener\">Rostock (\u00fcreme t\u0131bb\u0131 i\u00e7in) muayenehane<\/a><\/p>\n<p><a href=\"https:\/\/www.fertility-center-hh.de\/\" target=\"_blank\" rel=\"noopener\">Fertility Center Hamburg<\/a><\/p>\n<p><a href=\"https:\/\/www.kinderwunsch-ulm.de\/\" target=\"_blank\" rel=\"noopener\">Endokrinologikum Ulm<\/a><\/p>\n<p><a href=\"https:\/\/www.ivf-zentrum.de\/\" target=\"_blank\" rel=\"noopener\">IVF Praxisklinik Ulm<\/a><\/p>\n<p><a href=\"https:\/\/www.kinderwunschpraxis.de\/\" target=\"_blank\" rel=\"noopener\">Praxis Villa Haag, Dr. Meyer-Eichberger, Stuttgart<\/a><\/p>\n<p><a title=\"New Hope Fertility\" href=\"https:\/\/www.newhopefertility.com\/\" target=\"_blank\" rel=\"noopener\">New Hope Fertility Center New York<\/a><cite><\/cite><\/p>\n<p><cite><\/cite><a title=\"IVF International Consulting\" href=\"https:\/\/ivf-international-consulting.net\/\" target=\"_blank\" rel=\"noopener\">IVF Internatonal Consulting<\/a><cite><\/cite><\/p>\n<p><cite><\/cite><a title=\"Eugin Barcelona\" href=\"https:\/\/www.eugin.net\/\" target=\"_blank\" rel=\"noopener\">Eugin Barcelona<\/a><cite><\/cite><\/p>\n<p><cite><\/cite><a title=\"Dexeus Barcelona\" href=\"https:\/\/www.dexeus.es\/\" target=\"_blank\" rel=\"noopener\">Dexeus Barcelona<\/a><cite><\/cite><\/p>\n<p><a title=\"Tahe Fertilidad Murcia\" href=\"https:\/\/www.tahefertilidad.es\/\" target=\"_blank\" rel=\"noopener\">Tahe Fertilidad Murcia<\/a><\/p>\n<\/div>\n","protected":false},"excerpt":{"rendered":"<p>Berlin SEJ Sperm Bankas\u0131 Humboldt Klini\u011fi Berlin St. Joseph Hastanesi Doktor Reichel-Fentz Fertiprotekt (fertilite projesi) Doktor Sabine Boedewig Dr. Hamori\/Behrens\/Hammel [&hellip;]<\/p>\n","protected":false},"author":6,"featured_media":4513,"parent":7773,"menu_order":4,"comment_status":"closed","ping_status":"closed","template":"page-subnavi.php","meta":{"footnotes":""},"class_list":["post-7865","page","type-page","status-publish","has-post-thumbnail","hentry"],"yoast_head":"<!-- This site is optimized with the Yoast SEO plugin v25.6 - https:\/\/yoast.com\/wordpress\/plugins\/seo\/ -->\n<title>Ortaklar &#8226; Kinderwunschteam Berlin<\/title>\n<meta name=\"description\" content=\"Berlin SEJ Sperm Bankas\u0131 Humboldt Klini\u011fi Berlin St. Joseph Hastanesi Doktor Reichel-Fentz Fertiprotekt (fertilite projesi) Doktor Sabine Boedewig Dr.\" \/>\n<meta name=\"robots\" content=\"noindex, follow, max-snippet:-1, max-image-preview:large, max-video-preview:-1\" \/>\n<meta property=\"og:locale\" content=\"tr_TR\" \/>\n<meta property=\"og:type\" content=\"article\" \/>\n<meta property=\"og:title\" content=\"Ortaklar &#8226; Kinderwunschteam Berlin\" \/>\n<meta property=\"og:description\" content=\"Berlin SEJ Sperm Bankas\u0131 Humboldt Klini\u011fi Berlin St. Joseph Hastanesi Doktor Reichel-Fentz Fertiprotekt (fertilite projesi) Doktor Sabine Boedewig Dr.\" \/>\n<meta property=\"og:url\" content=\"https:\/\/kwt.meiio.net\/tr\/muayenehane\/ortaklar\" \/>\n<meta property=\"og:site_name\" content=\"Kinderwunschteam Berlin\" \/>\n<meta property=\"article:publisher\" content=\"https:\/\/www.facebook.com\/kinderwunschteam.berlin\/\" \/>\n<meta property=\"article:modified_time\" content=\"2019-04-02T13:53:37+00:00\" \/>\n<meta property=\"og:image\" content=\"https:\/\/kwt.meiio.net\/wp-content\/uploads\/Kooperationspartner-Halis-Ebert.jpg\" \/>\n\t<meta property=\"og:image:width\" content=\"2000\" \/>\n\t<meta property=\"og:image:height\" content=\"612\" \/>\n\t<meta property=\"og:image:type\" content=\"image\/jpeg\" \/>\n<meta name=\"twitter:card\" content=\"summary_large_image\" \/>\n<script type=\"application\/ld+json\" class=\"yoast-schema-graph\">{\"@context\":\"https:\/\/schema.org\",\"@graph\":[{\"@type\":\"WebPage\",\"@id\":\"https:\/\/kwt.meiio.net\/tr\/muayenehane\/ortaklar\",\"url\":\"https:\/\/kwt.meiio.net\/tr\/muayenehane\/ortaklar\",\"name\":\"Ortaklar &#8226; Kinderwunschteam Berlin\",\"isPartOf\":{\"@id\":\"https:\/\/kwt.meiio.net\/tr#website\"},\"primaryImageOfPage\":{\"@id\":\"https:\/\/kwt.meiio.net\/tr\/muayenehane\/ortaklar#primaryimage\"},\"image\":{\"@id\":\"https:\/\/kwt.meiio.net\/tr\/muayenehane\/ortaklar#primaryimage\"},\"thumbnailUrl\":\"https:\/\/kwt.meiio.net\/wp-content\/uploads\/Kooperationspartner-Halis-Ebert.jpg\",\"datePublished\":\"2010-03-08T04:57:04+00:00\",\"dateModified\":\"2019-04-02T13:53:37+00:00\",\"description\":\"Berlin SEJ Sperm Bankas\u0131 Humboldt Klini\u011fi Berlin St. Joseph Hastanesi Doktor Reichel-Fentz Fertiprotekt (fertilite projesi) Doktor Sabine Boedewig Dr.\",\"breadcrumb\":{\"@id\":\"https:\/\/kwt.meiio.net\/tr\/muayenehane\/ortaklar#breadcrumb\"},\"inLanguage\":\"tr\",\"potentialAction\":[{\"@type\":\"ReadAction\",\"target\":[\"https:\/\/kwt.meiio.net\/tr\/muayenehane\/ortaklar\"]}]},{\"@type\":\"ImageObject\",\"inLanguage\":\"tr\",\"@id\":\"https:\/\/kwt.meiio.net\/tr\/muayenehane\/ortaklar#primaryimage\",\"url\":\"https:\/\/kwt.meiio.net\/wp-content\/uploads\/Kooperationspartner-Halis-Ebert.jpg\",\"contentUrl\":\"https:\/\/kwt.meiio.net\/wp-content\/uploads\/Kooperationspartner-Halis-Ebert.jpg\",\"width\":2000,\"height\":612,\"caption\":\"Kooperationspartner\"},{\"@type\":\"BreadcrumbList\",\"@id\":\"https:\/\/kwt.meiio.net\/tr\/muayenehane\/ortaklar#breadcrumb\",\"itemListElement\":[{\"@type\":\"ListItem\",\"position\":1,\"name\":\"Startseite\",\"item\":\"https:\/\/kwt.meiio.net\/tr\"},{\"@type\":\"ListItem\",\"position\":2,\"name\":\"Muayenehane\",\"item\":\"https:\/\/kwt.meiio.net\/tr\/muayenehane\"},{\"@type\":\"ListItem\",\"position\":3,\"name\":\"Ortaklar\"}]},{\"@type\":\"WebSite\",\"@id\":\"https:\/\/kwt.meiio.net\/tr#website\",\"url\":\"https:\/\/kwt.meiio.net\/tr\",\"name\":\"Kinderwunschteam Berlin\",\"description\":\"Kinderwunsch- und Endometriose-Zentrum\",\"publisher\":{\"@id\":\"https:\/\/kwt.meiio.net\/tr#organization\"},\"potentialAction\":[{\"@type\":\"SearchAction\",\"target\":{\"@type\":\"EntryPoint\",\"urlTemplate\":\"https:\/\/kwt.meiio.net\/tr?s={search_term_string}\"},\"query-input\":{\"@type\":\"PropertyValueSpecification\",\"valueRequired\":true,\"valueName\":\"search_term_string\"}}],\"inLanguage\":\"tr\"},{\"@type\":\"Organization\",\"@id\":\"https:\/\/kwt.meiio.net\/tr#organization\",\"name\":\"Kinderwunschteam Berlin\",\"url\":\"https:\/\/kwt.meiio.net\/tr\",\"logo\":{\"@type\":\"ImageObject\",\"inLanguage\":\"tr\",\"@id\":\"https:\/\/kwt.meiio.net\/tr#\/schema\/logo\/image\/\",\"url\":\"https:\/\/kwt.meiio.net\/wp-content\/uploads\/Logo-KinderwunschteamBerlin-NavBar@2.png\",\"contentUrl\":\"https:\/\/kwt.meiio.net\/wp-content\/uploads\/Logo-KinderwunschteamBerlin-NavBar@2.png\",\"width\":800,\"height\":200,\"caption\":\"Kinderwunschteam Berlin\"},\"image\":{\"@id\":\"https:\/\/kwt.meiio.net\/tr#\/schema\/logo\/image\/\"},\"sameAs\":[\"https:\/\/www.facebook.com\/kinderwunschteam.berlin\/\",\"https:\/\/www.instagram.com\/kinderwunschteamberlin\/\"]}]}<\/script>\n<!-- \/ Yoast SEO plugin. -->","yoast_head_json":{"title":"Ortaklar &#8226; Kinderwunschteam Berlin","description":"Berlin SEJ Sperm Bankas\u0131 Humboldt Klini\u011fi Berlin St. Joseph Hastanesi Doktor Reichel-Fentz Fertiprotekt (fertilite projesi) Doktor Sabine Boedewig Dr.","robots":{"index":"noindex","follow":"follow","max-snippet":"max-snippet:-1","max-image-preview":"max-image-preview:large","max-video-preview":"max-video-preview:-1"},"og_locale":"tr_TR","og_type":"article","og_title":"Ortaklar &#8226; Kinderwunschteam Berlin","og_description":"Berlin SEJ Sperm Bankas\u0131 Humboldt Klini\u011fi Berlin St. Joseph Hastanesi Doktor Reichel-Fentz Fertiprotekt (fertilite projesi) Doktor Sabine Boedewig Dr.","og_url":"https:\/\/kwt.meiio.net\/tr\/muayenehane\/ortaklar","og_site_name":"Kinderwunschteam Berlin","article_publisher":"https:\/\/www.facebook.com\/kinderwunschteam.berlin\/","article_modified_time":"2019-04-02T13:53:37+00:00","og_image":[{"width":2000,"height":612,"url":"https:\/\/kwt.meiio.net\/wp-content\/uploads\/Kooperationspartner-Halis-Ebert.jpg","type":"image\/jpeg"}],"twitter_card":"summary_large_image","schema":{"@context":"https:\/\/schema.org","@graph":[{"@type":"WebPage","@id":"https:\/\/kwt.meiio.net\/tr\/muayenehane\/ortaklar","url":"https:\/\/kwt.meiio.net\/tr\/muayenehane\/ortaklar","name":"Ortaklar &#8226; Kinderwunschteam Berlin","isPartOf":{"@id":"https:\/\/kwt.meiio.net\/tr#website"},"primaryImageOfPage":{"@id":"https:\/\/kwt.meiio.net\/tr\/muayenehane\/ortaklar#primaryimage"},"image":{"@id":"https:\/\/kwt.meiio.net\/tr\/muayenehane\/ortaklar#primaryimage"},"thumbnailUrl":"https:\/\/kwt.meiio.net\/wp-content\/uploads\/Kooperationspartner-Halis-Ebert.jpg","datePublished":"2010-03-08T04:57:04+00:00","dateModified":"2019-04-02T13:53:37+00:00","description":"Berlin SEJ Sperm Bankas\u0131 Humboldt Klini\u011fi Berlin St. Joseph Hastanesi Doktor Reichel-Fentz Fertiprotekt (fertilite projesi) Doktor Sabine Boedewig Dr.","breadcrumb":{"@id":"https:\/\/kwt.meiio.net\/tr\/muayenehane\/ortaklar#breadcrumb"},"inLanguage":"tr","potentialAction":[{"@type":"ReadAction","target":["https:\/\/kwt.meiio.net\/tr\/muayenehane\/ortaklar"]}]},{"@type":"ImageObject","inLanguage":"tr","@id":"https:\/\/kwt.meiio.net\/tr\/muayenehane\/ortaklar#primaryimage","url":"https:\/\/kwt.meiio.net\/wp-content\/uploads\/Kooperationspartner-Halis-Ebert.jpg","contentUrl":"https:\/\/kwt.meiio.net\/wp-content\/uploads\/Kooperationspartner-Halis-Ebert.jpg","width":2000,"height":612,"caption":"Kooperationspartner"},{"@type":"BreadcrumbList","@id":"https:\/\/kwt.meiio.net\/tr\/muayenehane\/ortaklar#breadcrumb","itemListElement":[{"@type":"ListItem","position":1,"name":"Startseite","item":"https:\/\/kwt.meiio.net\/tr"},{"@type":"ListItem","position":2,"name":"Muayenehane","item":"https:\/\/kwt.meiio.net\/tr\/muayenehane"},{"@type":"ListItem","position":3,"name":"Ortaklar"}]},{"@type":"WebSite","@id":"https:\/\/kwt.meiio.net\/tr#website","url":"https:\/\/kwt.meiio.net\/tr","name":"Kinderwunschteam Berlin","description":"Kinderwunsch- und Endometriose-Zentrum","publisher":{"@id":"https:\/\/kwt.meiio.net\/tr#organization"},"potentialAction":[{"@type":"SearchAction","target":{"@type":"EntryPoint","urlTemplate":"https:\/\/kwt.meiio.net\/tr?s={search_term_string}"},"query-input":{"@type":"PropertyValueSpecification","valueRequired":true,"valueName":"search_term_string"}}],"inLanguage":"tr"},{"@type":"Organization","@id":"https:\/\/kwt.meiio.net\/tr#organization","name":"Kinderwunschteam Berlin","url":"https:\/\/kwt.meiio.net\/tr","logo":{"@type":"ImageObject","inLanguage":"tr","@id":"https:\/\/kwt.meiio.net\/tr#\/schema\/logo\/image\/","url":"https:\/\/kwt.meiio.net\/wp-content\/uploads\/Logo-KinderwunschteamBerlin-NavBar@2.png","contentUrl":"https:\/\/kwt.meiio.net\/wp-content\/uploads\/Logo-KinderwunschteamBerlin-NavBar@2.png","width":800,"height":200,"caption":"Kinderwunschteam Berlin"},"image":{"@id":"https:\/\/kwt.meiio.net\/tr#\/schema\/logo\/image\/"},"sameAs":["https:\/\/www.facebook.com\/kinderwunschteam.berlin\/","https:\/\/www.instagram.com\/kinderwunschteamberlin\/"]}]}},"_links":{"self":[{"href":"https:\/\/kwt.meiio.net\/tr\/wp-json\/wp\/v2\/pages\/7865","targetHints":{"allow":["GET"]}}],"collection":[{"href":"https:\/\/kwt.meiio.net\/tr\/wp-json\/wp\/v2\/pages"}],"about":[{"href":"https:\/\/kwt.meiio.net\/tr\/wp-json\/wp\/v2\/types\/page"}],"author":[{"embeddable":true,"href":"https:\/\/kwt.meiio.net\/tr\/wp-json\/wp\/v2\/users\/6"}],"replies":[{"embeddable":true,"href":"https:\/\/kwt.meiio.net\/tr\/wp-json\/wp\/v2\/comments?post=7865"}],"version-history":[{"count":0,"href":"https:\/\/kwt.meiio.net\/tr\/wp-json\/wp\/v2\/pages\/7865\/revisions"}],"up":[{"embeddable":true,"href":"https:\/\/kwt.meiio.net\/tr\/wp-json\/wp\/v2\/pages\/7773"}],"wp:featuredmedia":[{"embeddable":true,"href":"https:\/\/kwt.meiio.net\/tr\/wp-json\/wp\/v2\/media\/4513"}],"wp:attachment":[{"href":"https:\/\/kwt.meiio.net\/tr\/wp-json\/wp\/v2\/media?parent=7865"}],"curies":[{"name":"wp","href":"https:\/\/api.w.org\/{rel}","templated":true}]}}