{"id":7783,"date":"2012-08-07T11:33:46","date_gmt":"2012-08-07T09:33:46","guid":{"rendered":"https:\/\/www.kinderwunschteam.berlin\/?page_id=7783"},"modified":"2020-09-10T18:20:19","modified_gmt":"2020-09-10T16:20:19","slug":"dr-med-guelden-halis","status":"publish","type":"page","link":"https:\/\/kwt.meiio.net\/tr\/muayenehane\/ekip\/dr-med-guelden-halis","title":{"rendered":"Dr. med. G\u00fclden Halis"},"content":{"rendered":"<p><span class=\"mce-lead\">Y\u00f6netici doktor<\/span><\/p>\n<p><span class=\"mce-lead\">Jinekolojik endokrinoloji ve \u00fcreme t\u0131bb\u0131<\/span><\/p>\n<p>Dr. G\u00fclden Halis, Berlin A\u00e7\u0131k \u00d6\u011fretim \u00dcniversitesi\u2019nde ald\u0131\u011f\u0131 t\u0131p e\u011fitiminden sonra uzmanl\u0131k e\u011fitimini jinekoloji \u00fczerine yapm\u0131\u015f ve bu e\u011fitimini Universit\u00e4ts-Frauenklinik der Freien Universit\u00e4t Berlin\u2019de (bug\u00fcnk\u00fc ismi: Klinik f\u00fcr Gyn\u00e4kologie der Charit\u00e9-Hochschulmedizin) tamamlam\u0131\u015ft\u0131r. Endometriozis merkezinin kurulu\u015fundan sonra (2000) burada a\u011f\u0131rl\u0131\u011f\u0131 klinik \u00e7al\u0131\u015fmalara ve ara\u015ft\u0131rmaya vermi\u015ftir.<\/p>\n<p>Uzmanl\u0131k s\u0131nav\u0131n\u0131 verdikten sonra 2002-2003 y\u0131llar\u0131 aras\u0131nda DFG kendisine, Yale \u00dcniversitesinde (ABD) a\u011f\u0131rl\u0131kl\u0131 olarak endometriozis ve sinyal transd\u00fcksiyonu konular\u0131nda \u00e7al\u0131\u015fmas\u0131 i\u00e7in burs vermi\u015ftir.<\/p>\n<p>Dr. Halis jinekolojik endokrinoloji ve \u00fcreme sa\u011fl\u0131\u011f\u0131 t\u0131bb\u0131 b\u00f6l\u00fcmlerinden mezun olmu\u015ftur.<\/p>\n<p>2008 y\u0131l\u0131ndan beri Dr. Halis kendi muayenehanesi olan Berlin \u00c7ocuk Sahibi Olma ve Endometriozis Merkezinde (Bu, 2. kademe sertifikas\u0131na sahip endometriozis merkezidir.) \u00e7al\u0131\u015fmaktad\u0131r.<\/p>\n<p>2009\u2019dan beri Humboldt Klini\u011finde (Y\u00f6netici Prof. Dr. Dr. A. Ebert) Endokrinoloji ve \u00dcreme Sa\u011fl\u0131\u011f\u0131 T\u0131bb\u0131 b\u00f6l\u00fcm\u00fcn\u00fcn y\u00f6neticisidir.<\/p>\n<p>2010 nisan\u0131nda Dr. Peet ile &amp; ortak klinik. Do\u011furganl\u0131k Klini\u011fi \u2013 \u00c7ocuk Sahibi Olma ve Endometriozis Merkezi (Berlin).<\/p>\n<p>Dr. Halis\u2018in ulusal ve uluslararas\u0131 bir\u00e7ok uzmanl\u0131k dergisinde bas\u0131lm\u0131\u015f makaleleri vard\u0131r.<\/p>\n<p>Bildi\u011fi Diller: Almanca, \u0130ngilizce, Frans\u0131zca, T\u00fcrk\u00e7e<\/p>\n<h3>\u00d6z ge\u00e7mi\u015f<\/h3>\n<table>\n<tbody>\n<tr>\n<td><strong>\u0130sim<\/strong><\/td>\n<td>Halis, Doktor<\/td>\n<\/tr>\n<tr>\n<td><strong>\u0130sim<\/strong><\/td>\n<td>Zeynep\u00a0G\u00fclden<\/td>\n<\/tr>\n<tr>\n<td><strong>Medeni durum<\/strong><\/td>\n<td>Evli, iki \u00e7ocuk sahibi<\/td>\n<\/tr>\n<tr>\n<td><strong>Diploma ve belgeler<\/strong><\/td>\n<td>Jinekoloji ve do\u011fum jinekolojik endokrinoloji, &amp;\u00fcreme sa\u011fl\u0131\u011f\u0131 t\u0131bb\u0131, psikosomatik temel bak\u0131m konusunda uzman doktor<\/td>\n<\/tr>\n<tr>\n<td><strong>\u00dcniversite e\u011fitimi\u00a0<\/strong>1988 \u2013 1995<\/td>\n<td>T\u0131p e\u011fitimi (Berlin A\u00e7\u0131k \u00d6\u011fretim \u00dcniversitesi) bug\u00fcnk\u00fc ad\u0131 Charit\u00e9 Berlin, St. Gallen; New York ve New Haven (CT, ABD)<\/td>\n<\/tr>\n<tr>\n<td><strong>Tez<\/strong><\/td>\n<td>\u201cProtein-A mRNA y\u00fczey aktif madde sentezinin DIMIT ve deksametazon ile, fetal fare akci\u011ferinin organoid k\u00fclt\u00fcr modeli \u00fczerindeki ind\u00fcksiyonu\u201c. Prof. Ian Gross\u2019a ait ara\u015ft\u0131rma laboratuvar\u0131 ile; Pediyatri Klini\u011fi; Yale University School of Medicine, New Haven, (USA), FU Berlin\u2019den yurt d\u0131\u015f\u0131 bursu destekli<\/td>\n<\/tr>\n<tr>\n<td colspan=\"2\">\n<h4>E\u011fitimini tamamlad\u0131ktan sonra bilimsel ve t\u0131bbi g\u00f6revlerde \u00e7al\u0131\u015fm\u0131\u015ft\u0131r<\/h4>\n<\/td>\n<\/tr>\n<tr>\n<td><strong>1996- 2002<\/strong><\/td>\n<td>Jinekoloji konusunda uzmanl\u0131k e\u011fitimi; Berlin A\u00e7\u0131k \u00d6\u011fretim \u00dcniversitesine ait Universit\u00e4ts-Frauenklinik (Klinikum Benjamin Franklin); bug\u00fcnk\u00fc ismi Charit\u00e9-Universit\u00e4tsmedizin<\/td>\n<\/tr>\n<tr>\n<td><strong>1997<\/strong><\/td>\n<td>Edinburgh \u00dcniversitesinde ara\u015ft\u0131rmas\u0131 i\u00e7in \u0130ngiltere\u2019de kalm\u0131\u015ft\u0131r (Molecular Medicine Center) Y\u00f6netici: Prof. Jonathan Seckl Prof. Jonathan Seckl<\/td>\n<\/tr>\n<tr>\n<td><strong>2002<\/strong><\/td>\n<td>Jinekoloji dal\u0131 uzman doktorlu\u011funun tan\u0131nmas\u0131<\/td>\n<\/tr>\n<tr>\n<td><strong>2002- 2003<\/strong><\/td>\n<td>Yale Universitesi, Yale School of Medicine, Dept. of Reproductive Endocrinology and Infertility (CT, USA); G\u00f6revi dolay\u0131s\u0131yla Amerika\u2019da kalm\u0131\u015ft\u0131r. M\u00fcd\u00fcr: Prof. Dr. A. Arici. Alman Ara\u015ft\u0131rma Derne\u011fi\u2019nden (DFG) burslu<\/td>\n<\/tr>\n<tr>\n<td><strong>2004-2008<\/strong><\/td>\n<td>Do\u011furganl\u0131k Muayenehanesi (Gendarmenmarkt) \u2013 Endometriozis merkezinin sertifikaland\u0131r\u0131lmas\u0131na kadar b\u00fcy\u00fcmesi<\/td>\n<\/tr>\n<tr>\n<td><strong>12\/ 2007<\/strong><\/td>\n<td>Berlin Doktorlar Birli\u011fi taraf\u0131ndan\u00a0<strong>\u201cJinekolojik Endokrinoloji ve \u00dcreme Sa\u011fl\u0131\u011f\u0131 T\u0131bb\u0131\u201c<\/strong>\u00a0i\u00e7in akademik e\u011fitiminin tasdik edilmesi<\/td>\n<\/tr>\n<tr>\n<td><strong>2008\u2019den bu yana<\/strong><\/td>\n<td>Kendi muayenehanesinde:\u00a0<strong>T\u00fcp bebek\u2013 ve endometriozis merkezi Berlin<\/strong>\u00a0Giessen\u2019de \u00fcniversite Frauenklinikinde do\u00e7ent olarak jinekoloji dersi vermi\u015ftir<\/td>\n<\/tr>\n<tr>\n<td><strong>2009\u2019den bu yana<\/strong><\/td>\n<td>Vivantes Humboldt-Klinikum\u2019da jinekolojik endokrinoloji ve \u00fcreme sa\u011fl\u0131\u011f\u0131 t\u0131bb\u0131 b\u00f6l\u00fcm\u00fc y\u00f6neticisi (Klinik \u015fefi: Prof. Dr. Dr. Dr. A. Ebert)<\/td>\n<\/tr>\n<tr>\n<td><strong>2010 nisan\u0131ndan bu yana<\/strong><\/td>\n<td>Dr. David Peet ile birlikte ortak muayenehane<\/td>\n<\/tr>\n<\/tbody>\n<\/table>\n","protected":false},"excerpt":{"rendered":"<p>Jinekolojik endokrinoloji ve \u00fcreme t\u0131bb\u0131<\/p>\n","protected":false},"author":6,"featured_media":5064,"parent":7777,"menu_order":1,"comment_status":"closed","ping_status":"closed","template":"","meta":{"footnotes":""},"class_list":["post-7783","page","type-page","status-publish","has-post-thumbnail","hentry"],"yoast_head":"<!-- This site is optimized with the Yoast SEO plugin v25.6 - https:\/\/yoast.com\/wordpress\/plugins\/seo\/ -->\n<title>Dr. med. G\u00fclden Halis &#8226; Kinderwunschteam Berlin<\/title>\n<meta name=\"description\" content=\"Jinekolojik endokrinoloji ve \u00fcreme t\u0131bb\u0131\" \/>\n<meta name=\"robots\" content=\"noindex, follow, max-snippet:-1, max-image-preview:large, max-video-preview:-1\" \/>\n<meta property=\"og:locale\" content=\"tr_TR\" \/>\n<meta property=\"og:type\" content=\"article\" \/>\n<meta property=\"og:title\" content=\"Dr. med. G\u00fclden Halis &#8226; Kinderwunschteam Berlin\" \/>\n<meta property=\"og:description\" content=\"Jinekolojik endokrinoloji ve \u00fcreme t\u0131bb\u0131\" \/>\n<meta property=\"og:url\" content=\"https:\/\/kwt.meiio.net\/tr\/muayenehane\/ekip\/dr-med-guelden-halis\" \/>\n<meta property=\"og:site_name\" content=\"Kinderwunschteam Berlin\" \/>\n<meta property=\"article:publisher\" content=\"https:\/\/www.facebook.com\/kinderwunschteam.berlin\/\" \/>\n<meta property=\"article:modified_time\" content=\"2020-09-10T16:20:19+00:00\" \/>\n<meta property=\"og:image\" content=\"https:\/\/kwt.meiio.net\/wp-content\/uploads\/Kinderwunschteam-Aerztinnen-Halis-3zu1.jpg\" \/>\n\t<meta property=\"og:image:width\" content=\"2000\" \/>\n\t<meta property=\"og:image:height\" content=\"670\" \/>\n\t<meta property=\"og:image:type\" content=\"image\/jpeg\" \/>\n<meta name=\"twitter:card\" content=\"summary_large_image\" \/>\n<script type=\"application\/ld+json\" class=\"yoast-schema-graph\">{\"@context\":\"https:\/\/schema.org\",\"@graph\":[{\"@type\":\"WebPage\",\"@id\":\"https:\/\/kwt.meiio.net\/tr\/muayenehane\/ekip\/dr-med-guelden-halis\",\"url\":\"https:\/\/kwt.meiio.net\/tr\/muayenehane\/ekip\/dr-med-guelden-halis\",\"name\":\"Dr. med. G\u00fclden Halis &#8226; Kinderwunschteam Berlin\",\"isPartOf\":{\"@id\":\"https:\/\/kwt.meiio.net\/tr#website\"},\"primaryImageOfPage\":{\"@id\":\"https:\/\/kwt.meiio.net\/tr\/muayenehane\/ekip\/dr-med-guelden-halis#primaryimage\"},\"image\":{\"@id\":\"https:\/\/kwt.meiio.net\/tr\/muayenehane\/ekip\/dr-med-guelden-halis#primaryimage\"},\"thumbnailUrl\":\"https:\/\/kwt.meiio.net\/wp-content\/uploads\/Kinderwunschteam-Aerztinnen-Halis-3zu1.jpg\",\"datePublished\":\"2012-08-07T09:33:46+00:00\",\"dateModified\":\"2020-09-10T16:20:19+00:00\",\"description\":\"Jinekolojik endokrinoloji ve \u00fcreme t\u0131bb\u0131\",\"breadcrumb\":{\"@id\":\"https:\/\/kwt.meiio.net\/tr\/muayenehane\/ekip\/dr-med-guelden-halis#breadcrumb\"},\"inLanguage\":\"tr\",\"potentialAction\":[{\"@type\":\"ReadAction\",\"target\":[\"https:\/\/kwt.meiio.net\/tr\/muayenehane\/ekip\/dr-med-guelden-halis\"]}]},{\"@type\":\"ImageObject\",\"inLanguage\":\"tr\",\"@id\":\"https:\/\/kwt.meiio.net\/tr\/muayenehane\/ekip\/dr-med-guelden-halis#primaryimage\",\"url\":\"https:\/\/kwt.meiio.net\/wp-content\/uploads\/Kinderwunschteam-Aerztinnen-Halis-3zu1.jpg\",\"contentUrl\":\"https:\/\/kwt.meiio.net\/wp-content\/uploads\/Kinderwunschteam-Aerztinnen-Halis-3zu1.jpg\",\"width\":2000,\"height\":670,\"caption\":\"Dr. med. G\u00fclden Halis\"},{\"@type\":\"BreadcrumbList\",\"@id\":\"https:\/\/kwt.meiio.net\/tr\/muayenehane\/ekip\/dr-med-guelden-halis#breadcrumb\",\"itemListElement\":[{\"@type\":\"ListItem\",\"position\":1,\"name\":\"Startseite\",\"item\":\"https:\/\/kwt.meiio.net\/tr\"},{\"@type\":\"ListItem\",\"position\":2,\"name\":\"Muayenehane\",\"item\":\"https:\/\/kwt.meiio.net\/tr\/muayenehane\"},{\"@type\":\"ListItem\",\"position\":3,\"name\":\"Ekip\",\"item\":\"https:\/\/kwt.meiio.net\/tr\/muayenehane\/ekip\"},{\"@type\":\"ListItem\",\"position\":4,\"name\":\"Dr. med. G\u00fclden Halis\"}]},{\"@type\":\"WebSite\",\"@id\":\"https:\/\/kwt.meiio.net\/tr#website\",\"url\":\"https:\/\/kwt.meiio.net\/tr\",\"name\":\"Kinderwunschteam Berlin\",\"description\":\"Kinderwunsch- und Endometriose-Zentrum\",\"publisher\":{\"@id\":\"https:\/\/kwt.meiio.net\/tr#organization\"},\"potentialAction\":[{\"@type\":\"SearchAction\",\"target\":{\"@type\":\"EntryPoint\",\"urlTemplate\":\"https:\/\/kwt.meiio.net\/tr?s={search_term_string}\"},\"query-input\":{\"@type\":\"PropertyValueSpecification\",\"valueRequired\":true,\"valueName\":\"search_term_string\"}}],\"inLanguage\":\"tr\"},{\"@type\":\"Organization\",\"@id\":\"https:\/\/kwt.meiio.net\/tr#organization\",\"name\":\"Kinderwunschteam Berlin\",\"url\":\"https:\/\/kwt.meiio.net\/tr\",\"logo\":{\"@type\":\"ImageObject\",\"inLanguage\":\"tr\",\"@id\":\"https:\/\/kwt.meiio.net\/tr#\/schema\/logo\/image\/\",\"url\":\"https:\/\/kwt.meiio.net\/wp-content\/uploads\/Logo-KinderwunschteamBerlin-NavBar@2.png\",\"contentUrl\":\"https:\/\/kwt.meiio.net\/wp-content\/uploads\/Logo-KinderwunschteamBerlin-NavBar@2.png\",\"width\":800,\"height\":200,\"caption\":\"Kinderwunschteam Berlin\"},\"image\":{\"@id\":\"https:\/\/kwt.meiio.net\/tr#\/schema\/logo\/image\/\"},\"sameAs\":[\"https:\/\/www.facebook.com\/kinderwunschteam.berlin\/\",\"https:\/\/www.instagram.com\/kinderwunschteamberlin\/\"]}]}<\/script>\n<!-- \/ Yoast SEO plugin. -->","yoast_head_json":{"title":"Dr. med. G\u00fclden Halis &#8226; Kinderwunschteam Berlin","description":"Jinekolojik endokrinoloji ve \u00fcreme t\u0131bb\u0131","robots":{"index":"noindex","follow":"follow","max-snippet":"max-snippet:-1","max-image-preview":"max-image-preview:large","max-video-preview":"max-video-preview:-1"},"og_locale":"tr_TR","og_type":"article","og_title":"Dr. med. G\u00fclden Halis &#8226; Kinderwunschteam Berlin","og_description":"Jinekolojik endokrinoloji ve \u00fcreme t\u0131bb\u0131","og_url":"https:\/\/kwt.meiio.net\/tr\/muayenehane\/ekip\/dr-med-guelden-halis","og_site_name":"Kinderwunschteam Berlin","article_publisher":"https:\/\/www.facebook.com\/kinderwunschteam.berlin\/","article_modified_time":"2020-09-10T16:20:19+00:00","og_image":[{"width":2000,"height":670,"url":"https:\/\/kwt.meiio.net\/wp-content\/uploads\/Kinderwunschteam-Aerztinnen-Halis-3zu1.jpg","type":"image\/jpeg"}],"twitter_card":"summary_large_image","schema":{"@context":"https:\/\/schema.org","@graph":[{"@type":"WebPage","@id":"https:\/\/kwt.meiio.net\/tr\/muayenehane\/ekip\/dr-med-guelden-halis","url":"https:\/\/kwt.meiio.net\/tr\/muayenehane\/ekip\/dr-med-guelden-halis","name":"Dr. med. G\u00fclden Halis &#8226; Kinderwunschteam Berlin","isPartOf":{"@id":"https:\/\/kwt.meiio.net\/tr#website"},"primaryImageOfPage":{"@id":"https:\/\/kwt.meiio.net\/tr\/muayenehane\/ekip\/dr-med-guelden-halis#primaryimage"},"image":{"@id":"https:\/\/kwt.meiio.net\/tr\/muayenehane\/ekip\/dr-med-guelden-halis#primaryimage"},"thumbnailUrl":"https:\/\/kwt.meiio.net\/wp-content\/uploads\/Kinderwunschteam-Aerztinnen-Halis-3zu1.jpg","datePublished":"2012-08-07T09:33:46+00:00","dateModified":"2020-09-10T16:20:19+00:00","description":"Jinekolojik endokrinoloji ve \u00fcreme t\u0131bb\u0131","breadcrumb":{"@id":"https:\/\/kwt.meiio.net\/tr\/muayenehane\/ekip\/dr-med-guelden-halis#breadcrumb"},"inLanguage":"tr","potentialAction":[{"@type":"ReadAction","target":["https:\/\/kwt.meiio.net\/tr\/muayenehane\/ekip\/dr-med-guelden-halis"]}]},{"@type":"ImageObject","inLanguage":"tr","@id":"https:\/\/kwt.meiio.net\/tr\/muayenehane\/ekip\/dr-med-guelden-halis#primaryimage","url":"https:\/\/kwt.meiio.net\/wp-content\/uploads\/Kinderwunschteam-Aerztinnen-Halis-3zu1.jpg","contentUrl":"https:\/\/kwt.meiio.net\/wp-content\/uploads\/Kinderwunschteam-Aerztinnen-Halis-3zu1.jpg","width":2000,"height":670,"caption":"Dr. med. G\u00fclden Halis"},{"@type":"BreadcrumbList","@id":"https:\/\/kwt.meiio.net\/tr\/muayenehane\/ekip\/dr-med-guelden-halis#breadcrumb","itemListElement":[{"@type":"ListItem","position":1,"name":"Startseite","item":"https:\/\/kwt.meiio.net\/tr"},{"@type":"ListItem","position":2,"name":"Muayenehane","item":"https:\/\/kwt.meiio.net\/tr\/muayenehane"},{"@type":"ListItem","position":3,"name":"Ekip","item":"https:\/\/kwt.meiio.net\/tr\/muayenehane\/ekip"},{"@type":"ListItem","position":4,"name":"Dr. med. G\u00fclden Halis"}]},{"@type":"WebSite","@id":"https:\/\/kwt.meiio.net\/tr#website","url":"https:\/\/kwt.meiio.net\/tr","name":"Kinderwunschteam Berlin","description":"Kinderwunsch- und Endometriose-Zentrum","publisher":{"@id":"https:\/\/kwt.meiio.net\/tr#organization"},"potentialAction":[{"@type":"SearchAction","target":{"@type":"EntryPoint","urlTemplate":"https:\/\/kwt.meiio.net\/tr?s={search_term_string}"},"query-input":{"@type":"PropertyValueSpecification","valueRequired":true,"valueName":"search_term_string"}}],"inLanguage":"tr"},{"@type":"Organization","@id":"https:\/\/kwt.meiio.net\/tr#organization","name":"Kinderwunschteam Berlin","url":"https:\/\/kwt.meiio.net\/tr","logo":{"@type":"ImageObject","inLanguage":"tr","@id":"https:\/\/kwt.meiio.net\/tr#\/schema\/logo\/image\/","url":"https:\/\/kwt.meiio.net\/wp-content\/uploads\/Logo-KinderwunschteamBerlin-NavBar@2.png","contentUrl":"https:\/\/kwt.meiio.net\/wp-content\/uploads\/Logo-KinderwunschteamBerlin-NavBar@2.png","width":800,"height":200,"caption":"Kinderwunschteam Berlin"},"image":{"@id":"https:\/\/kwt.meiio.net\/tr#\/schema\/logo\/image\/"},"sameAs":["https:\/\/www.facebook.com\/kinderwunschteam.berlin\/","https:\/\/www.instagram.com\/kinderwunschteamberlin\/"]}]}},"_links":{"self":[{"href":"https:\/\/kwt.meiio.net\/tr\/wp-json\/wp\/v2\/pages\/7783","targetHints":{"allow":["GET"]}}],"collection":[{"href":"https:\/\/kwt.meiio.net\/tr\/wp-json\/wp\/v2\/pages"}],"about":[{"href":"https:\/\/kwt.meiio.net\/tr\/wp-json\/wp\/v2\/types\/page"}],"author":[{"embeddable":true,"href":"https:\/\/kwt.meiio.net\/tr\/wp-json\/wp\/v2\/users\/6"}],"replies":[{"embeddable":true,"href":"https:\/\/kwt.meiio.net\/tr\/wp-json\/wp\/v2\/comments?post=7783"}],"version-history":[{"count":0,"href":"https:\/\/kwt.meiio.net\/tr\/wp-json\/wp\/v2\/pages\/7783\/revisions"}],"up":[{"embeddable":true,"href":"https:\/\/kwt.meiio.net\/tr\/wp-json\/wp\/v2\/pages\/7777"}],"wp:featuredmedia":[{"embeddable":true,"href":"https:\/\/kwt.meiio.net\/tr\/wp-json\/wp\/v2\/media\/5064"}],"wp:attachment":[{"href":"https:\/\/kwt.meiio.net\/tr\/wp-json\/wp\/v2\/media?parent=7783"}],"curies":[{"name":"wp","href":"https:\/\/api.w.org\/{rel}","templated":true}]}}