{"id":7777,"date":"2018-09-18T13:46:04","date_gmt":"2018-09-18T11:46:04","guid":{"rendered":"https:\/\/www.kinderwunschteam.berlin\/?page_id=7777"},"modified":"2021-02-03T13:44:43","modified_gmt":"2021-02-03T12:44:43","slug":"ekip","status":"publish","type":"page","link":"https:\/\/kwt.meiio.net\/tr\/muayenehane\/ekip","title":{"rendered":"Ekip"},"content":{"rendered":"<p><span class=\"mce-lead\">Einleitungstext \u00fcber das Team der \u00c4rztinnen, ihre Erfahrung und gute Versorgung f\u00fcr die Patientinnen. [todo]<\/span><\/p>\n<h3>Frauen\u00e4rztinnen<\/h3>\n\t<div class=\"section-hol\">\n\t\t<div id=\"meo-subpagenav\">\n\t\t\t\t\t\t\t<div class=\"meo-spn-pageitem\">\n\t\t\t\t\t<div style=\"position: relative; overflow: hidden;\">\n\t\t\t\t\t\t<a href=\"https:\/\/kwt.meiio.net\/tr\/muayenehane\/ekip\/dr-med-guelden-halis\">\n\t\t\t\t\t\t\t<img decoding=\"async\" width=\"768\" height=\"257\" src=\"https:\/\/kwt.meiio.net\/wp-content\/uploads\/Kinderwunschteam-Aerztinnen-Halis-3zu1-768x257.jpg\" class=\"attachment-medium_large size-medium_large wp-post-image\" alt=\"Dr. med. G\u00fclden Halis\" srcset=\"https:\/\/kwt.meiio.net\/wp-content\/uploads\/Kinderwunschteam-Aerztinnen-Halis-3zu1-768x257.jpg 768w, https:\/\/kwt.meiio.net\/wp-content\/uploads\/Kinderwunschteam-Aerztinnen-Halis-3zu1-1536x515.jpg 1536w, https:\/\/kwt.meiio.net\/wp-content\/uploads\/Kinderwunschteam-Aerztinnen-Halis-3zu1-300x101.jpg 300w, https:\/\/kwt.meiio.net\/wp-content\/uploads\/Kinderwunschteam-Aerztinnen-Halis-3zu1-1024x343.jpg 1024w, https:\/\/kwt.meiio.net\/wp-content\/uploads\/Kinderwunschteam-Aerztinnen-Halis-3zu1.jpg 2000w\" sizes=\"(max-width: 768px) 100vw, 768px\" \/>\t\t\t\t\t\t<\/a>\n\t\t\t\t\t<\/div>\n\t\t\t\t\t<div>\n\t\t\t\t\t\t<h4><a href=\"https:\/\/kwt.meiio.net\/tr\/muayenehane\/ekip\/dr-med-guelden-halis\" title=\"Ekip\">Dr. med. G\u00fclden Halis<\/a><\/h4>\n\t\t\t\t\t\t<p>Jinekolojik endokrinoloji ve \u00fcreme t\u0131bb\u0131<\/p>\n\t\t\t\t\t<\/div>\n\t\t\t\t<\/div>\n\t\t\t\t\t\t\t<div class=\"meo-spn-pageitem\">\n\t\t\t\t\t<div style=\"position: relative; overflow: hidden;\">\n\t\t\t\t\t\t<a href=\"https:\/\/kwt.meiio.net\/tr\/muayenehane\/ekip\/prof-dr-med-juergen-weiss\">\n\t\t\t\t\t\t\t<img decoding=\"async\" width=\"768\" height=\"257\" src=\"https:\/\/kwt.meiio.net\/wp-content\/uploads\/Kinderwunschteam-Aerzte-ProfDrWeiss-gruen-768x257.jpg\" class=\"attachment-medium_large size-medium_large wp-post-image\" alt=\"Portrait Prof. Dr. J\u00fcrgen Weiss\" srcset=\"https:\/\/kwt.meiio.net\/wp-content\/uploads\/Kinderwunschteam-Aerzte-ProfDrWeiss-gruen-768x257.jpg 768w, https:\/\/kwt.meiio.net\/wp-content\/uploads\/Kinderwunschteam-Aerzte-ProfDrWeiss-gruen-600x201.jpg 600w, https:\/\/kwt.meiio.net\/wp-content\/uploads\/Kinderwunschteam-Aerzte-ProfDrWeiss-gruen-1536x515.jpg 1536w, https:\/\/kwt.meiio.net\/wp-content\/uploads\/Kinderwunschteam-Aerzte-ProfDrWeiss-gruen.jpg 2000w\" sizes=\"(max-width: 768px) 100vw, 768px\" \/>\t\t\t\t\t\t<\/a>\n\t\t\t\t\t<\/div>\n\t\t\t\t\t<div>\n\t\t\t\t\t\t<h4><a href=\"https:\/\/kwt.meiio.net\/tr\/muayenehane\/ekip\/prof-dr-med-juergen-weiss\" title=\"Ekip\">Prof. Dr. med. J\u00fcrgen Wei\u00df<\/a><\/h4>\n\t\t\t\t\t\t<p>Jinekoloji ve Obstetrik Uzman\u0131, Jinekolojik Endokrinoloji & \u00fcreme t\u0131bb\u0131, Temel psikosomatik bak\u0131m<\/p>\n\t\t\t\t\t<\/div>\n\t\t\t\t<\/div>\n\t\t\t\t\t\t\t<div class=\"meo-spn-pageitem\">\n\t\t\t\t\t<div style=\"position: relative; overflow: hidden;\">\n\t\t\t\t\t\t<a href=\"https:\/\/kwt.meiio.net\/tr\/muayenehane\/ekip\/dr-med-elisabeth-weise\">\n\t\t\t\t\t\t\t<img decoding=\"async\" width=\"768\" height=\"257\" src=\"https:\/\/kwt.meiio.net\/wp-content\/uploads\/Kinderwunschteam-Aerztinnen-DrWeise-768x257.jpg\" class=\"attachment-medium_large size-medium_large wp-post-image\" alt=\"Dr. med. Elisabeth Weise\" srcset=\"https:\/\/kwt.meiio.net\/wp-content\/uploads\/Kinderwunschteam-Aerztinnen-DrWeise-768x257.jpg 768w, https:\/\/kwt.meiio.net\/wp-content\/uploads\/Kinderwunschteam-Aerztinnen-DrWeise-600x201.jpg 600w, https:\/\/kwt.meiio.net\/wp-content\/uploads\/Kinderwunschteam-Aerztinnen-DrWeise-1536x515.jpg 1536w, https:\/\/kwt.meiio.net\/wp-content\/uploads\/Kinderwunschteam-Aerztinnen-DrWeise.jpg 2000w\" sizes=\"(max-width: 768px) 100vw, 768px\" \/>\t\t\t\t\t\t<\/a>\n\t\t\t\t\t<\/div>\n\t\t\t\t\t<div>\n\t\t\t\t\t\t<h4><a href=\"https:\/\/kwt.meiio.net\/tr\/muayenehane\/ekip\/dr-med-elisabeth-weise\" title=\"Ekip\">Dr. med. Elisabeth Weise<\/a><\/h4>\n\t\t\t\t\t\t<p>Kad\u0131n hastal\u0131klar\u0131 ve do\u011fum uzman\u0131, Temel psikosomatik bak\u0131m, Kolposkopi Diplomas\u0131<\/p>\n\t\t\t\t\t<\/div>\n\t\t\t\t<\/div>\n\t\t\t\t\t\t\t<div class=\"meo-spn-pageitem\">\n\t\t\t\t\t<div style=\"position: relative; overflow: hidden;\">\n\t\t\t\t\t\t<a href=\"https:\/\/kwt.meiio.net\/tr\/muayenehane\/ekip\/dr-med-julia-herbstleb\">\n\t\t\t\t\t\t\t<img decoding=\"async\" width=\"768\" height=\"257\" src=\"https:\/\/kwt.meiio.net\/wp-content\/uploads\/Kinderwunschteam-Aerztinnen-DrHerbstleb-2-768x257.jpg\" class=\"attachment-medium_large size-medium_large wp-post-image\" alt=\"\" srcset=\"https:\/\/kwt.meiio.net\/wp-content\/uploads\/Kinderwunschteam-Aerztinnen-DrHerbstleb-2-768x257.jpg 768w, https:\/\/kwt.meiio.net\/wp-content\/uploads\/Kinderwunschteam-Aerztinnen-DrHerbstleb-2-600x201.jpg 600w, https:\/\/kwt.meiio.net\/wp-content\/uploads\/Kinderwunschteam-Aerztinnen-DrHerbstleb-2-1536x515.jpg 1536w, https:\/\/kwt.meiio.net\/wp-content\/uploads\/Kinderwunschteam-Aerztinnen-DrHerbstleb-2.jpg 2000w\" sizes=\"(max-width: 768px) 100vw, 768px\" \/>\t\t\t\t\t\t<\/a>\n\t\t\t\t\t<\/div>\n\t\t\t\t\t<div>\n\t\t\t\t\t\t<h4><a href=\"https:\/\/kwt.meiio.net\/tr\/muayenehane\/ekip\/dr-med-julia-herbstleb\" title=\"Ekip\">Dr. med. Julia Herbstleb<\/a><\/h4>\n\t\t\t\t\t\t<p>Temel psikosomatik bak\u0131m, Otojenik e\u011fitim<\/p>\n\t\t\t\t\t<\/div>\n\t\t\t\t<\/div>\n\t\t\t\t\t\t\t<div class=\"meo-spn-pageitem\">\n\t\t\t\t\t<div style=\"position: relative; overflow: hidden;\">\n\t\t\t\t\t\t<a href=\"https:\/\/kwt.meiio.net\/tr\/muayenehane\/ekip\/dr-med-franziska-klatt\">\n\t\t\t\t\t\t\t<img decoding=\"async\" width=\"768\" height=\"257\" src=\"https:\/\/kwt.meiio.net\/wp-content\/uploads\/platzhalter-seitentitel-portrait-768x257.jpg\" class=\"attachment-medium_large size-medium_large wp-post-image\" alt=\"\" srcset=\"https:\/\/kwt.meiio.net\/wp-content\/uploads\/platzhalter-seitentitel-portrait-768x257.jpg 768w, https:\/\/kwt.meiio.net\/wp-content\/uploads\/platzhalter-seitentitel-portrait-600x201.jpg 600w, https:\/\/kwt.meiio.net\/wp-content\/uploads\/platzhalter-seitentitel-portrait-1536x515.jpg 1536w, https:\/\/kwt.meiio.net\/wp-content\/uploads\/platzhalter-seitentitel-portrait.jpg 2000w\" sizes=\"(max-width: 768px) 100vw, 768px\" \/>\t\t\t\t\t\t<\/a>\n\t\t\t\t\t<\/div>\n\t\t\t\t\t<div>\n\t\t\t\t\t\t<h4><a href=\"https:\/\/kwt.meiio.net\/tr\/muayenehane\/ekip\/dr-med-franziska-klatt\" title=\"Ekip\">Dr. med. Franziska Klatt<\/a><\/h4>\n\t\t\t\t\t\t<p>Jinekolog ve Do\u011fum Uzman\u0131<\/p>\n\t\t\t\t\t<\/div>\n\t\t\t\t<\/div>\n\t\t\t\t\t<\/div>\n\t<\/div>\n\t\n<h3>IVF-Labor<\/h3>\n<p>Dipl. Biologin G\u00fczin Pancaroglu<br \/>\nDipl. Biologin Dr. Jana Kr\u00fcger<br \/>\nDipl. Bioliogin Maria Weinert<br \/>\nDarja Balaschowa (MTLA)<\/p>\n<h3>An\u00e4sthesie<\/h3>\n<p><a href=\"https:\/\/www.meoclinic.de\/fachaerzte\/ronald-thoms\/\" target=\"_blank\" rel=\"noopener noreferrer\">Ronald Thoms, Facharzt f\u00fcr An\u00e4sthesiologie<\/a><\/p>\n<h3>Schwestern und Arzthelferinnen<\/h3>\n<p>Miriam Keilwagen<br \/>\nFranziska Nagel<br \/>\nIlona Tomczak<br \/>\nC\u00e9line Patillaud<br \/>\nMaike Rusch<br \/>\nGamze K\u00f6se<br \/>\nEwelina Godlejewska<br \/>\nAnne Sy<\/p>\n<h3>Office Management<\/h3>\n<p>Jessica Fehrmann<br \/>\nJulia Reisenberg<\/p>\n","protected":false},"excerpt":{"rendered":"<p>Einleitungstext \u00fcber das Team der \u00c4rztinnen, ihre Erfahrung und gute Versorgung f\u00fcr die Patientinnen. [todo] Frauen\u00e4rztinnen IVF-Labor Dipl. Biologin G\u00fczin [&hellip;]<\/p>\n","protected":false},"author":6,"featured_media":8171,"parent":7773,"menu_order":0,"comment_status":"closed","ping_status":"closed","template":"","meta":{"footnotes":""},"class_list":["post-7777","page","type-page","status-publish","has-post-thumbnail","hentry","page_category-startseitenteaser-tr"],"yoast_head":"<!-- This site is optimized with the Yoast SEO plugin v25.6 - https:\/\/yoast.com\/wordpress\/plugins\/seo\/ -->\n<title>Ekip &#8226; Kinderwunschteam Berlin<\/title>\n<meta name=\"description\" content=\"Einleitungstext \u00fcber das Team der \u00c4rztinnen, ihre Erfahrung und gute Versorgung f\u00fcr die Patientinnen. Frauen\u00e4rztinnen IVF-Labor Dipl. Biologin G\u00fczin\" \/>\n<meta name=\"robots\" content=\"noindex, follow, max-snippet:-1, max-image-preview:large, max-video-preview:-1\" \/>\n<meta property=\"og:locale\" content=\"tr_TR\" \/>\n<meta property=\"og:type\" content=\"article\" \/>\n<meta property=\"og:title\" content=\"Ekip &#8226; Kinderwunschteam Berlin\" \/>\n<meta property=\"og:description\" content=\"Einleitungstext \u00fcber das Team der \u00c4rztinnen, ihre Erfahrung und gute Versorgung f\u00fcr die Patientinnen. Frauen\u00e4rztinnen IVF-Labor Dipl. Biologin G\u00fczin\" \/>\n<meta property=\"og:url\" content=\"https:\/\/kwt.meiio.net\/tr\/muayenehane\/ekip\" \/>\n<meta property=\"og:site_name\" content=\"Kinderwunschteam Berlin\" \/>\n<meta property=\"article:publisher\" content=\"https:\/\/www.facebook.com\/kinderwunschteam.berlin\/\" \/>\n<meta property=\"article:modified_time\" content=\"2021-02-03T12:44:43+00:00\" \/>\n<meta property=\"og:image\" content=\"https:\/\/kwt.meiio.net\/wp-content\/uploads\/KWT-Team-2016.jpg\" \/>\n\t<meta property=\"og:image:width\" content=\"2000\" \/>\n\t<meta property=\"og:image:height\" content=\"900\" \/>\n\t<meta property=\"og:image:type\" content=\"image\/jpeg\" \/>\n<meta name=\"twitter:card\" content=\"summary_large_image\" \/>\n<script type=\"application\/ld+json\" class=\"yoast-schema-graph\">{\"@context\":\"https:\/\/schema.org\",\"@graph\":[{\"@type\":\"WebPage\",\"@id\":\"https:\/\/kwt.meiio.net\/tr\/muayenehane\/ekip\",\"url\":\"https:\/\/kwt.meiio.net\/tr\/muayenehane\/ekip\",\"name\":\"Ekip &#8226; Kinderwunschteam Berlin\",\"isPartOf\":{\"@id\":\"https:\/\/kwt.meiio.net\/tr#website\"},\"primaryImageOfPage\":{\"@id\":\"https:\/\/kwt.meiio.net\/tr\/muayenehane\/ekip#primaryimage\"},\"image\":{\"@id\":\"https:\/\/kwt.meiio.net\/tr\/muayenehane\/ekip#primaryimage\"},\"thumbnailUrl\":\"https:\/\/kwt.meiio.net\/wp-content\/uploads\/KWT-Team-2016.jpg\",\"datePublished\":\"2018-09-18T11:46:04+00:00\",\"dateModified\":\"2021-02-03T12:44:43+00:00\",\"description\":\"Einleitungstext \u00fcber das Team der \u00c4rztinnen, ihre Erfahrung und gute Versorgung f\u00fcr die Patientinnen. Frauen\u00e4rztinnen IVF-Labor Dipl. Biologin G\u00fczin\",\"breadcrumb\":{\"@id\":\"https:\/\/kwt.meiio.net\/tr\/muayenehane\/ekip#breadcrumb\"},\"inLanguage\":\"tr\",\"potentialAction\":[{\"@type\":\"ReadAction\",\"target\":[\"https:\/\/kwt.meiio.net\/tr\/muayenehane\/ekip\"]}]},{\"@type\":\"ImageObject\",\"inLanguage\":\"tr\",\"@id\":\"https:\/\/kwt.meiio.net\/tr\/muayenehane\/ekip#primaryimage\",\"url\":\"https:\/\/kwt.meiio.net\/wp-content\/uploads\/KWT-Team-2016.jpg\",\"contentUrl\":\"https:\/\/kwt.meiio.net\/wp-content\/uploads\/KWT-Team-2016.jpg\",\"width\":2000,\"height\":900,\"caption\":\"Team\"},{\"@type\":\"BreadcrumbList\",\"@id\":\"https:\/\/kwt.meiio.net\/tr\/muayenehane\/ekip#breadcrumb\",\"itemListElement\":[{\"@type\":\"ListItem\",\"position\":1,\"name\":\"Startseite\",\"item\":\"https:\/\/kwt.meiio.net\/tr\"},{\"@type\":\"ListItem\",\"position\":2,\"name\":\"Muayenehane\",\"item\":\"https:\/\/kwt.meiio.net\/tr\/muayenehane\"},{\"@type\":\"ListItem\",\"position\":3,\"name\":\"Ekip\"}]},{\"@type\":\"WebSite\",\"@id\":\"https:\/\/kwt.meiio.net\/tr#website\",\"url\":\"https:\/\/kwt.meiio.net\/tr\",\"name\":\"Kinderwunschteam Berlin\",\"description\":\"Kinderwunsch- und Endometriose-Zentrum\",\"publisher\":{\"@id\":\"https:\/\/kwt.meiio.net\/tr#organization\"},\"potentialAction\":[{\"@type\":\"SearchAction\",\"target\":{\"@type\":\"EntryPoint\",\"urlTemplate\":\"https:\/\/kwt.meiio.net\/tr?s={search_term_string}\"},\"query-input\":{\"@type\":\"PropertyValueSpecification\",\"valueRequired\":true,\"valueName\":\"search_term_string\"}}],\"inLanguage\":\"tr\"},{\"@type\":\"Organization\",\"@id\":\"https:\/\/kwt.meiio.net\/tr#organization\",\"name\":\"Kinderwunschteam Berlin\",\"url\":\"https:\/\/kwt.meiio.net\/tr\",\"logo\":{\"@type\":\"ImageObject\",\"inLanguage\":\"tr\",\"@id\":\"https:\/\/kwt.meiio.net\/tr#\/schema\/logo\/image\/\",\"url\":\"https:\/\/kwt.meiio.net\/wp-content\/uploads\/Logo-KinderwunschteamBerlin-NavBar@2.png\",\"contentUrl\":\"https:\/\/kwt.meiio.net\/wp-content\/uploads\/Logo-KinderwunschteamBerlin-NavBar@2.png\",\"width\":800,\"height\":200,\"caption\":\"Kinderwunschteam Berlin\"},\"image\":{\"@id\":\"https:\/\/kwt.meiio.net\/tr#\/schema\/logo\/image\/\"},\"sameAs\":[\"https:\/\/www.facebook.com\/kinderwunschteam.berlin\/\",\"https:\/\/www.instagram.com\/kinderwunschteamberlin\/\"]}]}<\/script>\n<!-- \/ Yoast SEO plugin. -->","yoast_head_json":{"title":"Ekip &#8226; Kinderwunschteam Berlin","description":"Einleitungstext \u00fcber das Team der \u00c4rztinnen, ihre Erfahrung und gute Versorgung f\u00fcr die Patientinnen. Frauen\u00e4rztinnen IVF-Labor Dipl. Biologin G\u00fczin","robots":{"index":"noindex","follow":"follow","max-snippet":"max-snippet:-1","max-image-preview":"max-image-preview:large","max-video-preview":"max-video-preview:-1"},"og_locale":"tr_TR","og_type":"article","og_title":"Ekip &#8226; Kinderwunschteam Berlin","og_description":"Einleitungstext \u00fcber das Team der \u00c4rztinnen, ihre Erfahrung und gute Versorgung f\u00fcr die Patientinnen. Frauen\u00e4rztinnen IVF-Labor Dipl. Biologin G\u00fczin","og_url":"https:\/\/kwt.meiio.net\/tr\/muayenehane\/ekip","og_site_name":"Kinderwunschteam Berlin","article_publisher":"https:\/\/www.facebook.com\/kinderwunschteam.berlin\/","article_modified_time":"2021-02-03T12:44:43+00:00","og_image":[{"width":2000,"height":900,"url":"https:\/\/kwt.meiio.net\/wp-content\/uploads\/KWT-Team-2016.jpg","type":"image\/jpeg"}],"twitter_card":"summary_large_image","schema":{"@context":"https:\/\/schema.org","@graph":[{"@type":"WebPage","@id":"https:\/\/kwt.meiio.net\/tr\/muayenehane\/ekip","url":"https:\/\/kwt.meiio.net\/tr\/muayenehane\/ekip","name":"Ekip &#8226; Kinderwunschteam Berlin","isPartOf":{"@id":"https:\/\/kwt.meiio.net\/tr#website"},"primaryImageOfPage":{"@id":"https:\/\/kwt.meiio.net\/tr\/muayenehane\/ekip#primaryimage"},"image":{"@id":"https:\/\/kwt.meiio.net\/tr\/muayenehane\/ekip#primaryimage"},"thumbnailUrl":"https:\/\/kwt.meiio.net\/wp-content\/uploads\/KWT-Team-2016.jpg","datePublished":"2018-09-18T11:46:04+00:00","dateModified":"2021-02-03T12:44:43+00:00","description":"Einleitungstext \u00fcber das Team der \u00c4rztinnen, ihre Erfahrung und gute Versorgung f\u00fcr die Patientinnen. Frauen\u00e4rztinnen IVF-Labor Dipl. Biologin G\u00fczin","breadcrumb":{"@id":"https:\/\/kwt.meiio.net\/tr\/muayenehane\/ekip#breadcrumb"},"inLanguage":"tr","potentialAction":[{"@type":"ReadAction","target":["https:\/\/kwt.meiio.net\/tr\/muayenehane\/ekip"]}]},{"@type":"ImageObject","inLanguage":"tr","@id":"https:\/\/kwt.meiio.net\/tr\/muayenehane\/ekip#primaryimage","url":"https:\/\/kwt.meiio.net\/wp-content\/uploads\/KWT-Team-2016.jpg","contentUrl":"https:\/\/kwt.meiio.net\/wp-content\/uploads\/KWT-Team-2016.jpg","width":2000,"height":900,"caption":"Team"},{"@type":"BreadcrumbList","@id":"https:\/\/kwt.meiio.net\/tr\/muayenehane\/ekip#breadcrumb","itemListElement":[{"@type":"ListItem","position":1,"name":"Startseite","item":"https:\/\/kwt.meiio.net\/tr"},{"@type":"ListItem","position":2,"name":"Muayenehane","item":"https:\/\/kwt.meiio.net\/tr\/muayenehane"},{"@type":"ListItem","position":3,"name":"Ekip"}]},{"@type":"WebSite","@id":"https:\/\/kwt.meiio.net\/tr#website","url":"https:\/\/kwt.meiio.net\/tr","name":"Kinderwunschteam Berlin","description":"Kinderwunsch- und Endometriose-Zentrum","publisher":{"@id":"https:\/\/kwt.meiio.net\/tr#organization"},"potentialAction":[{"@type":"SearchAction","target":{"@type":"EntryPoint","urlTemplate":"https:\/\/kwt.meiio.net\/tr?s={search_term_string}"},"query-input":{"@type":"PropertyValueSpecification","valueRequired":true,"valueName":"search_term_string"}}],"inLanguage":"tr"},{"@type":"Organization","@id":"https:\/\/kwt.meiio.net\/tr#organization","name":"Kinderwunschteam Berlin","url":"https:\/\/kwt.meiio.net\/tr","logo":{"@type":"ImageObject","inLanguage":"tr","@id":"https:\/\/kwt.meiio.net\/tr#\/schema\/logo\/image\/","url":"https:\/\/kwt.meiio.net\/wp-content\/uploads\/Logo-KinderwunschteamBerlin-NavBar@2.png","contentUrl":"https:\/\/kwt.meiio.net\/wp-content\/uploads\/Logo-KinderwunschteamBerlin-NavBar@2.png","width":800,"height":200,"caption":"Kinderwunschteam Berlin"},"image":{"@id":"https:\/\/kwt.meiio.net\/tr#\/schema\/logo\/image\/"},"sameAs":["https:\/\/www.facebook.com\/kinderwunschteam.berlin\/","https:\/\/www.instagram.com\/kinderwunschteamberlin\/"]}]}},"_links":{"self":[{"href":"https:\/\/kwt.meiio.net\/tr\/wp-json\/wp\/v2\/pages\/7777","targetHints":{"allow":["GET"]}}],"collection":[{"href":"https:\/\/kwt.meiio.net\/tr\/wp-json\/wp\/v2\/pages"}],"about":[{"href":"https:\/\/kwt.meiio.net\/tr\/wp-json\/wp\/v2\/types\/page"}],"author":[{"embeddable":true,"href":"https:\/\/kwt.meiio.net\/tr\/wp-json\/wp\/v2\/users\/6"}],"replies":[{"embeddable":true,"href":"https:\/\/kwt.meiio.net\/tr\/wp-json\/wp\/v2\/comments?post=7777"}],"version-history":[{"count":0,"href":"https:\/\/kwt.meiio.net\/tr\/wp-json\/wp\/v2\/pages\/7777\/revisions"}],"up":[{"embeddable":true,"href":"https:\/\/kwt.meiio.net\/tr\/wp-json\/wp\/v2\/pages\/7773"}],"wp:featuredmedia":[{"embeddable":true,"href":"https:\/\/kwt.meiio.net\/tr\/wp-json\/wp\/v2\/media\/8171"}],"wp:attachment":[{"href":"https:\/\/kwt.meiio.net\/tr\/wp-json\/wp\/v2\/media?parent=7777"}],"curies":[{"name":"wp","href":"https:\/\/api.w.org\/{rel}","templated":true}]}}