{"id":7732,"date":"2010-03-12T06:45:52","date_gmt":"2010-03-12T05:45:52","guid":{"rendered":"https:\/\/www.kinderwunschteam.berlin\/diagnostik-therapie\/tedavi-einstieg-therapie-alt\/adi\/"},"modified":"2020-08-28T19:40:50","modified_gmt":"2020-08-28T17:40:50","slug":"adi","status":"publish","type":"page","link":"https:\/\/kwt.meiio.net\/tr\/uzun-omur\/tuep-bebek-ve-kisirlik\/tedavi\/adi","title":{"rendered":"ADI"},"content":{"rendered":"<h2>Vericiden al\u0131nan spermle inseminasyon,donogen inseminasyon (DI), ya da yapay donogene inseminasyon (ADI)<\/h2>\n<p>Donogen (heterolog) tedavilerde vericiden al\u0131nan spermler kullan\u0131l\u0131r. Bu tedavi y\u00f6nteminin se\u00e7ilmesinde en \u00f6nemli sebep, erke\u011fin menisinde spermin olmamas\u0131d\u0131r. Bunun d\u0131\u015f\u0131ndaki sebepler bu zamana kadar denenmi\u015f y\u00f6ntemlerin ba\u015far\u0131s\u0131z olmas\u0131 veya bunlar\u0131n kabul edilmemi\u015f olmas\u0131d\u0131r.<\/p>\n<p>En kolay uygulama da e\u011fer di\u015finin k\u0131s\u0131rl\u0131k nedeni belirgin de\u011filse, sonu\u00e7 de\u011ferlendirmesinden sonra (ov\u00fclasyon zaman\u0131n\u0131n saptanmas\u0131), vericiden al\u0131nan spermlerin rahim bo\u015flu\u011funa transferi (inseminasyon) yap\u0131l\u0131r. Burada da ek bir hormonal tedaviye gerek yoktur.<\/p>\n<figure id=\"attachment_7470\" aria-describedby=\"caption-attachment-7470\" style=\"width: 800px\" class=\"wp-caption alignnone\"><img decoding=\"async\" class=\"size-full wp-image-7470\" src=\"https:\/\/kwt.meiio.net\/wp-content\/uploads\/med-468-dp_036.jpg\" alt=\"Plastik ince bir kam\u0131\u015f i\u00e7inde sperma.\" width=\"800\" height=\"532\" srcset=\"https:\/\/kwt.meiio.net\/wp-content\/uploads\/med-468-dp_036.jpg 800w, https:\/\/kwt.meiio.net\/wp-content\/uploads\/med-468-dp_036-300x200.jpg 300w, https:\/\/kwt.meiio.net\/wp-content\/uploads\/med-468-dp_036-768x511.jpg 768w\" sizes=\"(max-width: 800px) 100vw, 800px\" \/><figcaption id=\"caption-attachment-7470\" class=\"wp-caption-text\">Plastik ince bir kam\u0131\u015f i\u00e7inde sperma.<\/figcaption><\/figure>\n<figure id=\"attachment_7469\" aria-describedby=\"caption-attachment-7469\" style=\"width: 525px\" class=\"wp-caption alignnone\"><img decoding=\"async\" class=\"size-large wp-image-7469\" src=\"https:\/\/kwt.meiio.net\/wp-content\/uploads\/med-468-dp_039.jpg\" alt=\"\u0130ntrauterin (rahim i\u00e7i) inseminasyon i\u00e7in bir inseminasyon kateteri.\" width=\"525\" height=\"349\" srcset=\"https:\/\/kwt.meiio.net\/wp-content\/uploads\/med-468-dp_039.jpg 800w, https:\/\/kwt.meiio.net\/wp-content\/uploads\/med-468-dp_039-300x200.jpg 300w, https:\/\/kwt.meiio.net\/wp-content\/uploads\/med-468-dp_039-768x511.jpg 768w\" sizes=\"(max-width: 525px) 100vw, 525px\" \/><figcaption id=\"caption-attachment-7469\" class=\"wp-caption-text\">\u0130ntrauterin (rahim i\u00e7i) inseminasyon i\u00e7in bir inseminasyon kateteri.<\/figcaption><\/figure>\n<h3>Tedavi \u00f6n ko\u015fullar\u0131<\/h3>\n<p>Berliner Samenbank GmbH (Berlin sperm bankas\u0131) yak\u0131n bir i\u015fbirli\u011fi i\u00e7inde olma, \u00e7ifte optimal don\u00f6rlerini se\u00e7ebilme olana\u011f\u0131n\u0131 sunuyor. T\u00fcm don\u00f6rlerin farkl\u0131 \u00f6zelliklerinin listesi, \u00e7ifte, erke\u011fe d\u0131\u015f g\u00f6r\u00fcn\u00fcm\u00fc itibariyle en \u00e7ok benzeyen \u00f6zellikleri (g\u00f6z rengi, sa\u00e7 rengi, v\u00fccut rengi, bedeni, kan grubu, v\u00fccut yap\u0131s\u0131, kafa yap\u0131s\u0131, sa\u00e7 \u00e7izgisi) olan don\u00f6r\u00fc bulma olana\u011f\u0131 sa\u011flan\u0131yor. Bu \u015fekilde, bu terapiden do\u011fan \u00e7ocu\u011fun d\u0131\u015f g\u00f6r\u00fcn\u00fcm\u00fcn\u00fcn sosyal anne-babas\u0131na benzemesi sa\u011flan\u0131yor.<\/p>\n<p>Noter imzal\u0131 ve belgeli bir tedavi s\u00f6zle\u015fmesi yap\u0131ld\u0131ktan sonra, ilgili tedaviye ba\u015flanabilir.<\/p>\n<p>Di\u011fer bilgileri,\u00a0<a title=\"Berlin Sperm Bankas\u0131ndan\" href=\"https:\/\/www.berliner-samenbank.de\/\" target=\"_blank\" rel=\"noopener noreferrer\">Berliner Samenbank GmbH<\/a>\u00a0bulabilirsiniz.<\/p>\n","protected":false},"excerpt":{"rendered":"<p>E\u011fer hi\u00e7bir \u015fekilde sperm \u00fcretilemiyorsa, vericiden al\u0131nan spermlerin kullan\u0131m\u0131 d\u00fc\u015f\u00fcn\u00fclebilir. Ba\u015fka nedenler de bu y\u00f6ntemi gerekli k\u0131labilir.<\/p>\n","protected":false},"author":2,"featured_media":80318,"parent":7671,"menu_order":8,"comment_status":"closed","ping_status":"closed","template":"page-siblingnavi.php","meta":{"footnotes":""},"class_list":["post-7732","page","type-page","status-publish","has-post-thumbnail","hentry"],"yoast_head":"<!-- This site is optimized with the Yoast SEO plugin v25.6 - https:\/\/yoast.com\/wordpress\/plugins\/seo\/ -->\n<title>ADI &#8226; Kinderwunschteam Berlin<\/title>\n<meta name=\"description\" content=\"E\u011fer hi\u00e7bir \u015fekilde sperm \u00fcretilemiyorsa, vericiden al\u0131nan spermlerin kullan\u0131m\u0131 d\u00fc\u015f\u00fcn\u00fclebilir. Ba\u015fka nedenler de bu y\u00f6ntemi gerekli k\u0131labilir.\" \/>\n<meta name=\"robots\" content=\"noindex, follow, max-snippet:-1, max-image-preview:large, max-video-preview:-1\" \/>\n<meta property=\"og:locale\" content=\"tr_TR\" \/>\n<meta property=\"og:type\" content=\"article\" \/>\n<meta property=\"og:title\" content=\"ADI &#8226; Kinderwunschteam Berlin\" \/>\n<meta property=\"og:description\" content=\"E\u011fer hi\u00e7bir \u015fekilde sperm \u00fcretilemiyorsa, vericiden al\u0131nan spermlerin kullan\u0131m\u0131 d\u00fc\u015f\u00fcn\u00fclebilir. Ba\u015fka nedenler de bu y\u00f6ntemi gerekli k\u0131labilir.\" \/>\n<meta property=\"og:url\" content=\"https:\/\/kwt.meiio.net\/tr\/uzun-omur\/tuep-bebek-ve-kisirlik\/tedavi\/adi\" \/>\n<meta property=\"og:site_name\" content=\"Kinderwunschteam Berlin\" \/>\n<meta property=\"article:publisher\" content=\"https:\/\/www.facebook.com\/kinderwunschteam.berlin\/\" \/>\n<meta property=\"article:modified_time\" content=\"2020-08-28T17:40:50+00:00\" \/>\n<meta property=\"og:image\" content=\"https:\/\/kwt.meiio.net\/wp-content\/uploads\/KWT-8956-Beratung-DrHalis.jpg\" \/>\n\t<meta property=\"og:image:width\" content=\"2000\" \/>\n\t<meta property=\"og:image:height\" content=\"670\" \/>\n\t<meta property=\"og:image:type\" content=\"image\/jpeg\" \/>\n<meta name=\"twitter:card\" content=\"summary_large_image\" \/>\n<script type=\"application\/ld+json\" class=\"yoast-schema-graph\">{\"@context\":\"https:\/\/schema.org\",\"@graph\":[{\"@type\":\"WebPage\",\"@id\":\"https:\/\/kwt.meiio.net\/tr\/uzun-omur\/tuep-bebek-ve-kisirlik\/tedavi\/adi\",\"url\":\"https:\/\/kwt.meiio.net\/tr\/uzun-omur\/tuep-bebek-ve-kisirlik\/tedavi\/adi\",\"name\":\"ADI &#8226; Kinderwunschteam Berlin\",\"isPartOf\":{\"@id\":\"https:\/\/kwt.meiio.net\/tr#website\"},\"primaryImageOfPage\":{\"@id\":\"https:\/\/kwt.meiio.net\/tr\/uzun-omur\/tuep-bebek-ve-kisirlik\/tedavi\/adi#primaryimage\"},\"image\":{\"@id\":\"https:\/\/kwt.meiio.net\/tr\/uzun-omur\/tuep-bebek-ve-kisirlik\/tedavi\/adi#primaryimage\"},\"thumbnailUrl\":\"https:\/\/kwt.meiio.net\/wp-content\/uploads\/KWT-8956-Beratung-DrHalis.jpg\",\"datePublished\":\"2010-03-12T05:45:52+00:00\",\"dateModified\":\"2020-08-28T17:40:50+00:00\",\"description\":\"E\u011fer hi\u00e7bir \u015fekilde sperm \u00fcretilemiyorsa, vericiden al\u0131nan spermlerin kullan\u0131m\u0131 d\u00fc\u015f\u00fcn\u00fclebilir. Ba\u015fka nedenler de bu y\u00f6ntemi gerekli k\u0131labilir.\",\"breadcrumb\":{\"@id\":\"https:\/\/kwt.meiio.net\/tr\/uzun-omur\/tuep-bebek-ve-kisirlik\/tedavi\/adi#breadcrumb\"},\"inLanguage\":\"tr\",\"potentialAction\":[{\"@type\":\"ReadAction\",\"target\":[\"https:\/\/kwt.meiio.net\/tr\/uzun-omur\/tuep-bebek-ve-kisirlik\/tedavi\/adi\"]}]},{\"@type\":\"ImageObject\",\"inLanguage\":\"tr\",\"@id\":\"https:\/\/kwt.meiio.net\/tr\/uzun-omur\/tuep-bebek-ve-kisirlik\/tedavi\/adi#primaryimage\",\"url\":\"https:\/\/kwt.meiio.net\/wp-content\/uploads\/KWT-8956-Beratung-DrHalis.jpg\",\"contentUrl\":\"https:\/\/kwt.meiio.net\/wp-content\/uploads\/KWT-8956-Beratung-DrHalis.jpg\",\"width\":2000,\"height\":670},{\"@type\":\"BreadcrumbList\",\"@id\":\"https:\/\/kwt.meiio.net\/tr\/uzun-omur\/tuep-bebek-ve-kisirlik\/tedavi\/adi#breadcrumb\",\"itemListElement\":[{\"@type\":\"ListItem\",\"position\":1,\"name\":\"Startseite\",\"item\":\"https:\/\/kwt.meiio.net\/tr\"},{\"@type\":\"ListItem\",\"position\":2,\"name\":\"Hizmet alanlar\u0131m\u0131z\",\"item\":\"https:\/\/kwt.meiio.net\/tr\/uzun-omur\"},{\"@type\":\"ListItem\",\"position\":3,\"name\":\"T\u00fcp bebek ve k\u0131s\u0131rl\u0131k\",\"item\":\"https:\/\/kwt.meiio.net\/tr\/uzun-omur\/tuep-bebek-ve-kisirlik\"},{\"@type\":\"ListItem\",\"position\":4,\"name\":\"Tedavi\",\"item\":\"https:\/\/kwt.meiio.net\/tr\/uzun-omur\/tuep-bebek-ve-kisirlik\/tedavi\"},{\"@type\":\"ListItem\",\"position\":5,\"name\":\"ADI\"}]},{\"@type\":\"WebSite\",\"@id\":\"https:\/\/kwt.meiio.net\/tr#website\",\"url\":\"https:\/\/kwt.meiio.net\/tr\",\"name\":\"Kinderwunschteam Berlin\",\"description\":\"Kinderwunsch- und Endometriose-Zentrum\",\"publisher\":{\"@id\":\"https:\/\/kwt.meiio.net\/tr#organization\"},\"potentialAction\":[{\"@type\":\"SearchAction\",\"target\":{\"@type\":\"EntryPoint\",\"urlTemplate\":\"https:\/\/kwt.meiio.net\/tr?s={search_term_string}\"},\"query-input\":{\"@type\":\"PropertyValueSpecification\",\"valueRequired\":true,\"valueName\":\"search_term_string\"}}],\"inLanguage\":\"tr\"},{\"@type\":\"Organization\",\"@id\":\"https:\/\/kwt.meiio.net\/tr#organization\",\"name\":\"Kinderwunschteam Berlin\",\"url\":\"https:\/\/kwt.meiio.net\/tr\",\"logo\":{\"@type\":\"ImageObject\",\"inLanguage\":\"tr\",\"@id\":\"https:\/\/kwt.meiio.net\/tr#\/schema\/logo\/image\/\",\"url\":\"https:\/\/kwt.meiio.net\/wp-content\/uploads\/Logo-KinderwunschteamBerlin-NavBar@2.png\",\"contentUrl\":\"https:\/\/kwt.meiio.net\/wp-content\/uploads\/Logo-KinderwunschteamBerlin-NavBar@2.png\",\"width\":800,\"height\":200,\"caption\":\"Kinderwunschteam Berlin\"},\"image\":{\"@id\":\"https:\/\/kwt.meiio.net\/tr#\/schema\/logo\/image\/\"},\"sameAs\":[\"https:\/\/www.facebook.com\/kinderwunschteam.berlin\/\",\"https:\/\/www.instagram.com\/kinderwunschteamberlin\/\"]}]}<\/script>\n<!-- \/ Yoast SEO plugin. -->","yoast_head_json":{"title":"ADI &#8226; Kinderwunschteam Berlin","description":"E\u011fer hi\u00e7bir \u015fekilde sperm \u00fcretilemiyorsa, vericiden al\u0131nan spermlerin kullan\u0131m\u0131 d\u00fc\u015f\u00fcn\u00fclebilir. Ba\u015fka nedenler de bu y\u00f6ntemi gerekli k\u0131labilir.","robots":{"index":"noindex","follow":"follow","max-snippet":"max-snippet:-1","max-image-preview":"max-image-preview:large","max-video-preview":"max-video-preview:-1"},"og_locale":"tr_TR","og_type":"article","og_title":"ADI &#8226; Kinderwunschteam Berlin","og_description":"E\u011fer hi\u00e7bir \u015fekilde sperm \u00fcretilemiyorsa, vericiden al\u0131nan spermlerin kullan\u0131m\u0131 d\u00fc\u015f\u00fcn\u00fclebilir. Ba\u015fka nedenler de bu y\u00f6ntemi gerekli k\u0131labilir.","og_url":"https:\/\/kwt.meiio.net\/tr\/uzun-omur\/tuep-bebek-ve-kisirlik\/tedavi\/adi","og_site_name":"Kinderwunschteam Berlin","article_publisher":"https:\/\/www.facebook.com\/kinderwunschteam.berlin\/","article_modified_time":"2020-08-28T17:40:50+00:00","og_image":[{"width":2000,"height":670,"url":"https:\/\/kwt.meiio.net\/wp-content\/uploads\/KWT-8956-Beratung-DrHalis.jpg","type":"image\/jpeg"}],"twitter_card":"summary_large_image","schema":{"@context":"https:\/\/schema.org","@graph":[{"@type":"WebPage","@id":"https:\/\/kwt.meiio.net\/tr\/uzun-omur\/tuep-bebek-ve-kisirlik\/tedavi\/adi","url":"https:\/\/kwt.meiio.net\/tr\/uzun-omur\/tuep-bebek-ve-kisirlik\/tedavi\/adi","name":"ADI &#8226; Kinderwunschteam Berlin","isPartOf":{"@id":"https:\/\/kwt.meiio.net\/tr#website"},"primaryImageOfPage":{"@id":"https:\/\/kwt.meiio.net\/tr\/uzun-omur\/tuep-bebek-ve-kisirlik\/tedavi\/adi#primaryimage"},"image":{"@id":"https:\/\/kwt.meiio.net\/tr\/uzun-omur\/tuep-bebek-ve-kisirlik\/tedavi\/adi#primaryimage"},"thumbnailUrl":"https:\/\/kwt.meiio.net\/wp-content\/uploads\/KWT-8956-Beratung-DrHalis.jpg","datePublished":"2010-03-12T05:45:52+00:00","dateModified":"2020-08-28T17:40:50+00:00","description":"E\u011fer hi\u00e7bir \u015fekilde sperm \u00fcretilemiyorsa, vericiden al\u0131nan spermlerin kullan\u0131m\u0131 d\u00fc\u015f\u00fcn\u00fclebilir. Ba\u015fka nedenler de bu y\u00f6ntemi gerekli k\u0131labilir.","breadcrumb":{"@id":"https:\/\/kwt.meiio.net\/tr\/uzun-omur\/tuep-bebek-ve-kisirlik\/tedavi\/adi#breadcrumb"},"inLanguage":"tr","potentialAction":[{"@type":"ReadAction","target":["https:\/\/kwt.meiio.net\/tr\/uzun-omur\/tuep-bebek-ve-kisirlik\/tedavi\/adi"]}]},{"@type":"ImageObject","inLanguage":"tr","@id":"https:\/\/kwt.meiio.net\/tr\/uzun-omur\/tuep-bebek-ve-kisirlik\/tedavi\/adi#primaryimage","url":"https:\/\/kwt.meiio.net\/wp-content\/uploads\/KWT-8956-Beratung-DrHalis.jpg","contentUrl":"https:\/\/kwt.meiio.net\/wp-content\/uploads\/KWT-8956-Beratung-DrHalis.jpg","width":2000,"height":670},{"@type":"BreadcrumbList","@id":"https:\/\/kwt.meiio.net\/tr\/uzun-omur\/tuep-bebek-ve-kisirlik\/tedavi\/adi#breadcrumb","itemListElement":[{"@type":"ListItem","position":1,"name":"Startseite","item":"https:\/\/kwt.meiio.net\/tr"},{"@type":"ListItem","position":2,"name":"Hizmet alanlar\u0131m\u0131z","item":"https:\/\/kwt.meiio.net\/tr\/uzun-omur"},{"@type":"ListItem","position":3,"name":"T\u00fcp bebek ve k\u0131s\u0131rl\u0131k","item":"https:\/\/kwt.meiio.net\/tr\/uzun-omur\/tuep-bebek-ve-kisirlik"},{"@type":"ListItem","position":4,"name":"Tedavi","item":"https:\/\/kwt.meiio.net\/tr\/uzun-omur\/tuep-bebek-ve-kisirlik\/tedavi"},{"@type":"ListItem","position":5,"name":"ADI"}]},{"@type":"WebSite","@id":"https:\/\/kwt.meiio.net\/tr#website","url":"https:\/\/kwt.meiio.net\/tr","name":"Kinderwunschteam Berlin","description":"Kinderwunsch- und Endometriose-Zentrum","publisher":{"@id":"https:\/\/kwt.meiio.net\/tr#organization"},"potentialAction":[{"@type":"SearchAction","target":{"@type":"EntryPoint","urlTemplate":"https:\/\/kwt.meiio.net\/tr?s={search_term_string}"},"query-input":{"@type":"PropertyValueSpecification","valueRequired":true,"valueName":"search_term_string"}}],"inLanguage":"tr"},{"@type":"Organization","@id":"https:\/\/kwt.meiio.net\/tr#organization","name":"Kinderwunschteam Berlin","url":"https:\/\/kwt.meiio.net\/tr","logo":{"@type":"ImageObject","inLanguage":"tr","@id":"https:\/\/kwt.meiio.net\/tr#\/schema\/logo\/image\/","url":"https:\/\/kwt.meiio.net\/wp-content\/uploads\/Logo-KinderwunschteamBerlin-NavBar@2.png","contentUrl":"https:\/\/kwt.meiio.net\/wp-content\/uploads\/Logo-KinderwunschteamBerlin-NavBar@2.png","width":800,"height":200,"caption":"Kinderwunschteam Berlin"},"image":{"@id":"https:\/\/kwt.meiio.net\/tr#\/schema\/logo\/image\/"},"sameAs":["https:\/\/www.facebook.com\/kinderwunschteam.berlin\/","https:\/\/www.instagram.com\/kinderwunschteamberlin\/"]}]}},"_links":{"self":[{"href":"https:\/\/kwt.meiio.net\/tr\/wp-json\/wp\/v2\/pages\/7732","targetHints":{"allow":["GET"]}}],"collection":[{"href":"https:\/\/kwt.meiio.net\/tr\/wp-json\/wp\/v2\/pages"}],"about":[{"href":"https:\/\/kwt.meiio.net\/tr\/wp-json\/wp\/v2\/types\/page"}],"author":[{"embeddable":true,"href":"https:\/\/kwt.meiio.net\/tr\/wp-json\/wp\/v2\/users\/2"}],"replies":[{"embeddable":true,"href":"https:\/\/kwt.meiio.net\/tr\/wp-json\/wp\/v2\/comments?post=7732"}],"version-history":[{"count":0,"href":"https:\/\/kwt.meiio.net\/tr\/wp-json\/wp\/v2\/pages\/7732\/revisions"}],"up":[{"embeddable":true,"href":"https:\/\/kwt.meiio.net\/tr\/wp-json\/wp\/v2\/pages\/7671"}],"wp:featuredmedia":[{"embeddable":true,"href":"https:\/\/kwt.meiio.net\/tr\/wp-json\/wp\/v2\/media\/80318"}],"wp:attachment":[{"href":"https:\/\/kwt.meiio.net\/tr\/wp-json\/wp\/v2\/media?parent=7732"}],"curies":[{"name":"wp","href":"https:\/\/api.w.org\/{rel}","templated":true}]}}