{"id":7729,"date":"2010-03-12T06:37:46","date_gmt":"2010-03-12T05:37:46","guid":{"rendered":"https:\/\/www.kinderwunschteam.berlin\/diagnostik-therapie\/tedavi-einstieg-therapie-alt\/blastozystenkultur\/"},"modified":"2020-08-28T19:26:03","modified_gmt":"2020-08-28T17:26:03","slug":"blastozystenkultur","status":"publish","type":"page","link":"https:\/\/kwt.meiio.net\/tr\/uzun-omur\/tuep-bebek-ve-kisirlik\/tedavi\/blastozystenkultur","title":{"rendered":"Blastosit k\u00fclt\u00fcr\u00fc"},"content":{"rendered":"<p>Gerek IVF\u2019de gerek IVF\/ICSI sonras\u0131nda gerekse \u201ckriyo siklusta\u201c, embriyolar 2-3 hatta 5. g\u00fcne kadar k\u00fcltive edilebilir. Almanya\u2019daki embriyo koruma yasalar\u0131n\u0131n \u00e7ok kat\u0131 kurallar\u0131na ra\u011fmen bu uygulaman\u0131n yap\u0131lmas\u0131 m\u00fcmk\u00fcnd\u00fcr ve bu i\u015flem, birka\u00e7 merkez taraf\u0131ndan ba\u015far\u0131yla y\u00fcr\u00fct\u00fclmektedir. Bununla birlikte, Almanya\u2019daki problem, daha k\u00fclt\u00fcr\u00fcn 1. g\u00fcn\u00fcnde transferi yap\u0131lacak bu h\u00fccrelerin bulunmas\u0131na \u00e7al\u0131\u015f\u0131lmas\u0131 gerekir (yani, siklus ba\u015f\u0131na 2-3 embriyo) IVF indeksine bak\u0131n\u00a0 (\u00a0<strong>\u00a0<\/strong><cite>www.deutsches-<strong>ivf<\/strong>\u2013<strong>register<\/strong>.de<\/cite>\u00a0). \u0130nk\u00fcbat\u00f6rdeki ko\u015fullar, uterustaki ko\u015fullardaki gibi optimal olmad\u0131\u011f\u0131 i\u00e7in, bu fazda hi\u00e7bir y\u00fcksek kalitede embriyo (\u201ctop quality embryo\u201c) elde edilememektedir. Sadece \u201c2. g\u00fcn embriyolar\u0131n\u0131n\u2018 % 25-50\u2019si blastosit olabilece\u011fi varsay\u0131l\u0131yor.<\/p>\n<p>5 g\u00fcnl\u00fck k\u00fclt\u00fcr sadece t\u00fcm embriyolar (yani 2-3\u2019den fazla embriyo) aras\u0131nda se\u00e7im yap\u0131ld\u0131\u011f\u0131 takdirde en b\u00fcy\u00fck verimi vermektedir. Bu nedenle, istisnalar d\u0131\u015f\u0131nda, Almanya\u2019da blastosit k\u00fclt\u00fcr\u00fc yapmak \u00e7ok da mant\u0131kl\u0131 bir \u015fey de\u011fildir.<\/p>\n<p>Almanya embriyo koruma yasas\u0131 gere\u011fince, hamile kalma y\u00fczdesinin y\u00fcksek olmas\u0131 i\u00e7in embriyo transferinin 2. veya 3. g\u00fcnlerde yap\u0131lmas\u0131 gerekir.<\/p>\n<figure id=\"attachment_7471\" aria-describedby=\"caption-attachment-7471\" style=\"width: 800px\" class=\"wp-caption alignnone\"><img decoding=\"async\" class=\"size-full wp-image-7471\" src=\"https:\/\/kwt.meiio.net\/wp-content\/uploads\/Blastozystenentwicklung.jpg\" alt=\"5. resimde \u00e7atlayan (eng. hatch) embriyolar\u0131n resimleri\" width=\"800\" height=\"136\" srcset=\"https:\/\/kwt.meiio.net\/wp-content\/uploads\/Blastozystenentwicklung.jpg 800w, https:\/\/kwt.meiio.net\/wp-content\/uploads\/Blastozystenentwicklung-300x51.jpg 300w, https:\/\/kwt.meiio.net\/wp-content\/uploads\/Blastozystenentwicklung-768x131.jpg 768w\" sizes=\"(max-width: 800px) 100vw, 800px\" \/><figcaption id=\"caption-attachment-7471\" class=\"wp-caption-text\">5. resimde \u00e7atlayan (eng. hatch) embriyolar\u0131n resimleri<\/figcaption><\/figure>\n","protected":false},"excerpt":{"rendered":"<p>Blastokist k\u00fclt\u00fcr\u00fcnde embriyolar 5. g\u00fcne kadar b\u00fcy\u00fcrler.<\/p>\n","protected":false},"author":2,"featured_media":7502,"parent":7671,"menu_order":10,"comment_status":"closed","ping_status":"closed","template":"page-siblingnavi.php","meta":{"footnotes":""},"class_list":["post-7729","page","type-page","status-publish","has-post-thumbnail","hentry"],"yoast_head":"<!-- This site is optimized with the Yoast SEO plugin v25.6 - https:\/\/yoast.com\/wordpress\/plugins\/seo\/ -->\n<title>Blastosit k\u00fclt\u00fcr\u00fc &#8226; Kinderwunschteam Berlin<\/title>\n<meta name=\"description\" content=\"Blastokist k\u00fclt\u00fcr\u00fcnde embriyolar 5. g\u00fcne kadar b\u00fcy\u00fcrler.\" \/>\n<meta name=\"robots\" content=\"noindex, follow, max-snippet:-1, max-image-preview:large, max-video-preview:-1\" \/>\n<meta property=\"og:locale\" content=\"tr_TR\" \/>\n<meta property=\"og:type\" content=\"article\" \/>\n<meta property=\"og:title\" content=\"Blastosit k\u00fclt\u00fcr\u00fc &#8226; Kinderwunschteam Berlin\" \/>\n<meta property=\"og:description\" content=\"Blastokist k\u00fclt\u00fcr\u00fcnde embriyolar 5. g\u00fcne kadar b\u00fcy\u00fcrler.\" \/>\n<meta property=\"og:url\" content=\"https:\/\/kwt.meiio.net\/tr\/uzun-omur\/tuep-bebek-ve-kisirlik\/tedavi\/blastozystenkultur\" \/>\n<meta property=\"og:site_name\" content=\"Kinderwunschteam Berlin\" \/>\n<meta property=\"article:publisher\" content=\"https:\/\/www.facebook.com\/kinderwunschteam.berlin\/\" \/>\n<meta property=\"article:modified_time\" content=\"2020-08-28T17:26:03+00:00\" \/>\n<meta property=\"og:image\" content=\"https:\/\/kwt.meiio.net\/wp-content\/uploads\/KWT-7912-Labor.jpg\" \/>\n\t<meta property=\"og:image:width\" content=\"2000\" \/>\n\t<meta property=\"og:image:height\" content=\"670\" \/>\n\t<meta property=\"og:image:type\" content=\"image\/jpeg\" \/>\n<meta name=\"twitter:card\" content=\"summary_large_image\" \/>\n<script type=\"application\/ld+json\" class=\"yoast-schema-graph\">{\"@context\":\"https:\/\/schema.org\",\"@graph\":[{\"@type\":\"WebPage\",\"@id\":\"https:\/\/kwt.meiio.net\/tr\/uzun-omur\/tuep-bebek-ve-kisirlik\/tedavi\/blastozystenkultur\",\"url\":\"https:\/\/kwt.meiio.net\/tr\/uzun-omur\/tuep-bebek-ve-kisirlik\/tedavi\/blastozystenkultur\",\"name\":\"Blastosit k\u00fclt\u00fcr\u00fc &#8226; Kinderwunschteam Berlin\",\"isPartOf\":{\"@id\":\"https:\/\/kwt.meiio.net\/tr#website\"},\"primaryImageOfPage\":{\"@id\":\"https:\/\/kwt.meiio.net\/tr\/uzun-omur\/tuep-bebek-ve-kisirlik\/tedavi\/blastozystenkultur#primaryimage\"},\"image\":{\"@id\":\"https:\/\/kwt.meiio.net\/tr\/uzun-omur\/tuep-bebek-ve-kisirlik\/tedavi\/blastozystenkultur#primaryimage\"},\"thumbnailUrl\":\"https:\/\/kwt.meiio.net\/wp-content\/uploads\/KWT-7912-Labor.jpg\",\"datePublished\":\"2010-03-12T05:37:46+00:00\",\"dateModified\":\"2020-08-28T17:26:03+00:00\",\"description\":\"Blastokist k\u00fclt\u00fcr\u00fcnde embriyolar 5. g\u00fcne kadar b\u00fcy\u00fcrler.\",\"breadcrumb\":{\"@id\":\"https:\/\/kwt.meiio.net\/tr\/uzun-omur\/tuep-bebek-ve-kisirlik\/tedavi\/blastozystenkultur#breadcrumb\"},\"inLanguage\":\"tr\",\"potentialAction\":[{\"@type\":\"ReadAction\",\"target\":[\"https:\/\/kwt.meiio.net\/tr\/uzun-omur\/tuep-bebek-ve-kisirlik\/tedavi\/blastozystenkultur\"]}]},{\"@type\":\"ImageObject\",\"inLanguage\":\"tr\",\"@id\":\"https:\/\/kwt.meiio.net\/tr\/uzun-omur\/tuep-bebek-ve-kisirlik\/tedavi\/blastozystenkultur#primaryimage\",\"url\":\"https:\/\/kwt.meiio.net\/wp-content\/uploads\/KWT-7912-Labor.jpg\",\"contentUrl\":\"https:\/\/kwt.meiio.net\/wp-content\/uploads\/KWT-7912-Labor.jpg\",\"width\":2000,\"height\":670},{\"@type\":\"BreadcrumbList\",\"@id\":\"https:\/\/kwt.meiio.net\/tr\/uzun-omur\/tuep-bebek-ve-kisirlik\/tedavi\/blastozystenkultur#breadcrumb\",\"itemListElement\":[{\"@type\":\"ListItem\",\"position\":1,\"name\":\"Startseite\",\"item\":\"https:\/\/kwt.meiio.net\/tr\"},{\"@type\":\"ListItem\",\"position\":2,\"name\":\"Hizmet alanlar\u0131m\u0131z\",\"item\":\"https:\/\/kwt.meiio.net\/tr\/uzun-omur\"},{\"@type\":\"ListItem\",\"position\":3,\"name\":\"T\u00fcp bebek ve k\u0131s\u0131rl\u0131k\",\"item\":\"https:\/\/kwt.meiio.net\/tr\/uzun-omur\/tuep-bebek-ve-kisirlik\"},{\"@type\":\"ListItem\",\"position\":4,\"name\":\"Tedavi\",\"item\":\"https:\/\/kwt.meiio.net\/tr\/uzun-omur\/tuep-bebek-ve-kisirlik\/tedavi\"},{\"@type\":\"ListItem\",\"position\":5,\"name\":\"Blastosit k\u00fclt\u00fcr\u00fc\"}]},{\"@type\":\"WebSite\",\"@id\":\"https:\/\/kwt.meiio.net\/tr#website\",\"url\":\"https:\/\/kwt.meiio.net\/tr\",\"name\":\"Kinderwunschteam Berlin\",\"description\":\"Kinderwunsch- und Endometriose-Zentrum\",\"publisher\":{\"@id\":\"https:\/\/kwt.meiio.net\/tr#organization\"},\"potentialAction\":[{\"@type\":\"SearchAction\",\"target\":{\"@type\":\"EntryPoint\",\"urlTemplate\":\"https:\/\/kwt.meiio.net\/tr?s={search_term_string}\"},\"query-input\":{\"@type\":\"PropertyValueSpecification\",\"valueRequired\":true,\"valueName\":\"search_term_string\"}}],\"inLanguage\":\"tr\"},{\"@type\":\"Organization\",\"@id\":\"https:\/\/kwt.meiio.net\/tr#organization\",\"name\":\"Kinderwunschteam Berlin\",\"url\":\"https:\/\/kwt.meiio.net\/tr\",\"logo\":{\"@type\":\"ImageObject\",\"inLanguage\":\"tr\",\"@id\":\"https:\/\/kwt.meiio.net\/tr#\/schema\/logo\/image\/\",\"url\":\"https:\/\/kwt.meiio.net\/wp-content\/uploads\/Logo-KinderwunschteamBerlin-NavBar@2.png\",\"contentUrl\":\"https:\/\/kwt.meiio.net\/wp-content\/uploads\/Logo-KinderwunschteamBerlin-NavBar@2.png\",\"width\":800,\"height\":200,\"caption\":\"Kinderwunschteam Berlin\"},\"image\":{\"@id\":\"https:\/\/kwt.meiio.net\/tr#\/schema\/logo\/image\/\"},\"sameAs\":[\"https:\/\/www.facebook.com\/kinderwunschteam.berlin\/\",\"https:\/\/www.instagram.com\/kinderwunschteamberlin\/\"]}]}<\/script>\n<!-- \/ Yoast SEO plugin. -->","yoast_head_json":{"title":"Blastosit k\u00fclt\u00fcr\u00fc &#8226; Kinderwunschteam Berlin","description":"Blastokist k\u00fclt\u00fcr\u00fcnde embriyolar 5. g\u00fcne kadar b\u00fcy\u00fcrler.","robots":{"index":"noindex","follow":"follow","max-snippet":"max-snippet:-1","max-image-preview":"max-image-preview:large","max-video-preview":"max-video-preview:-1"},"og_locale":"tr_TR","og_type":"article","og_title":"Blastosit k\u00fclt\u00fcr\u00fc &#8226; Kinderwunschteam Berlin","og_description":"Blastokist k\u00fclt\u00fcr\u00fcnde embriyolar 5. g\u00fcne kadar b\u00fcy\u00fcrler.","og_url":"https:\/\/kwt.meiio.net\/tr\/uzun-omur\/tuep-bebek-ve-kisirlik\/tedavi\/blastozystenkultur","og_site_name":"Kinderwunschteam Berlin","article_publisher":"https:\/\/www.facebook.com\/kinderwunschteam.berlin\/","article_modified_time":"2020-08-28T17:26:03+00:00","og_image":[{"width":2000,"height":670,"url":"https:\/\/kwt.meiio.net\/wp-content\/uploads\/KWT-7912-Labor.jpg","type":"image\/jpeg"}],"twitter_card":"summary_large_image","schema":{"@context":"https:\/\/schema.org","@graph":[{"@type":"WebPage","@id":"https:\/\/kwt.meiio.net\/tr\/uzun-omur\/tuep-bebek-ve-kisirlik\/tedavi\/blastozystenkultur","url":"https:\/\/kwt.meiio.net\/tr\/uzun-omur\/tuep-bebek-ve-kisirlik\/tedavi\/blastozystenkultur","name":"Blastosit k\u00fclt\u00fcr\u00fc &#8226; Kinderwunschteam Berlin","isPartOf":{"@id":"https:\/\/kwt.meiio.net\/tr#website"},"primaryImageOfPage":{"@id":"https:\/\/kwt.meiio.net\/tr\/uzun-omur\/tuep-bebek-ve-kisirlik\/tedavi\/blastozystenkultur#primaryimage"},"image":{"@id":"https:\/\/kwt.meiio.net\/tr\/uzun-omur\/tuep-bebek-ve-kisirlik\/tedavi\/blastozystenkultur#primaryimage"},"thumbnailUrl":"https:\/\/kwt.meiio.net\/wp-content\/uploads\/KWT-7912-Labor.jpg","datePublished":"2010-03-12T05:37:46+00:00","dateModified":"2020-08-28T17:26:03+00:00","description":"Blastokist k\u00fclt\u00fcr\u00fcnde embriyolar 5. g\u00fcne kadar b\u00fcy\u00fcrler.","breadcrumb":{"@id":"https:\/\/kwt.meiio.net\/tr\/uzun-omur\/tuep-bebek-ve-kisirlik\/tedavi\/blastozystenkultur#breadcrumb"},"inLanguage":"tr","potentialAction":[{"@type":"ReadAction","target":["https:\/\/kwt.meiio.net\/tr\/uzun-omur\/tuep-bebek-ve-kisirlik\/tedavi\/blastozystenkultur"]}]},{"@type":"ImageObject","inLanguage":"tr","@id":"https:\/\/kwt.meiio.net\/tr\/uzun-omur\/tuep-bebek-ve-kisirlik\/tedavi\/blastozystenkultur#primaryimage","url":"https:\/\/kwt.meiio.net\/wp-content\/uploads\/KWT-7912-Labor.jpg","contentUrl":"https:\/\/kwt.meiio.net\/wp-content\/uploads\/KWT-7912-Labor.jpg","width":2000,"height":670},{"@type":"BreadcrumbList","@id":"https:\/\/kwt.meiio.net\/tr\/uzun-omur\/tuep-bebek-ve-kisirlik\/tedavi\/blastozystenkultur#breadcrumb","itemListElement":[{"@type":"ListItem","position":1,"name":"Startseite","item":"https:\/\/kwt.meiio.net\/tr"},{"@type":"ListItem","position":2,"name":"Hizmet alanlar\u0131m\u0131z","item":"https:\/\/kwt.meiio.net\/tr\/uzun-omur"},{"@type":"ListItem","position":3,"name":"T\u00fcp bebek ve k\u0131s\u0131rl\u0131k","item":"https:\/\/kwt.meiio.net\/tr\/uzun-omur\/tuep-bebek-ve-kisirlik"},{"@type":"ListItem","position":4,"name":"Tedavi","item":"https:\/\/kwt.meiio.net\/tr\/uzun-omur\/tuep-bebek-ve-kisirlik\/tedavi"},{"@type":"ListItem","position":5,"name":"Blastosit k\u00fclt\u00fcr\u00fc"}]},{"@type":"WebSite","@id":"https:\/\/kwt.meiio.net\/tr#website","url":"https:\/\/kwt.meiio.net\/tr","name":"Kinderwunschteam Berlin","description":"Kinderwunsch- und Endometriose-Zentrum","publisher":{"@id":"https:\/\/kwt.meiio.net\/tr#organization"},"potentialAction":[{"@type":"SearchAction","target":{"@type":"EntryPoint","urlTemplate":"https:\/\/kwt.meiio.net\/tr?s={search_term_string}"},"query-input":{"@type":"PropertyValueSpecification","valueRequired":true,"valueName":"search_term_string"}}],"inLanguage":"tr"},{"@type":"Organization","@id":"https:\/\/kwt.meiio.net\/tr#organization","name":"Kinderwunschteam Berlin","url":"https:\/\/kwt.meiio.net\/tr","logo":{"@type":"ImageObject","inLanguage":"tr","@id":"https:\/\/kwt.meiio.net\/tr#\/schema\/logo\/image\/","url":"https:\/\/kwt.meiio.net\/wp-content\/uploads\/Logo-KinderwunschteamBerlin-NavBar@2.png","contentUrl":"https:\/\/kwt.meiio.net\/wp-content\/uploads\/Logo-KinderwunschteamBerlin-NavBar@2.png","width":800,"height":200,"caption":"Kinderwunschteam Berlin"},"image":{"@id":"https:\/\/kwt.meiio.net\/tr#\/schema\/logo\/image\/"},"sameAs":["https:\/\/www.facebook.com\/kinderwunschteam.berlin\/","https:\/\/www.instagram.com\/kinderwunschteamberlin\/"]}]}},"_links":{"self":[{"href":"https:\/\/kwt.meiio.net\/tr\/wp-json\/wp\/v2\/pages\/7729","targetHints":{"allow":["GET"]}}],"collection":[{"href":"https:\/\/kwt.meiio.net\/tr\/wp-json\/wp\/v2\/pages"}],"about":[{"href":"https:\/\/kwt.meiio.net\/tr\/wp-json\/wp\/v2\/types\/page"}],"author":[{"embeddable":true,"href":"https:\/\/kwt.meiio.net\/tr\/wp-json\/wp\/v2\/users\/2"}],"replies":[{"embeddable":true,"href":"https:\/\/kwt.meiio.net\/tr\/wp-json\/wp\/v2\/comments?post=7729"}],"version-history":[{"count":0,"href":"https:\/\/kwt.meiio.net\/tr\/wp-json\/wp\/v2\/pages\/7729\/revisions"}],"up":[{"embeddable":true,"href":"https:\/\/kwt.meiio.net\/tr\/wp-json\/wp\/v2\/pages\/7671"}],"wp:featuredmedia":[{"embeddable":true,"href":"https:\/\/kwt.meiio.net\/tr\/wp-json\/wp\/v2\/media\/7502"}],"wp:attachment":[{"href":"https:\/\/kwt.meiio.net\/tr\/wp-json\/wp\/v2\/media?parent=7729"}],"curies":[{"name":"wp","href":"https:\/\/api.w.org\/{rel}","templated":true}]}}