{"id":7725,"date":"2010-03-12T11:34:01","date_gmt":"2010-03-12T10:34:01","guid":{"rendered":"https:\/\/www.kinderwunschteam.berlin\/diagnostik-therapie\/tedavi-einstieg-therapie-alt\/kryokonservierung\/kryozyklus\/"},"modified":"2020-09-04T00:15:08","modified_gmt":"2020-09-03T22:15:08","slug":"kryozyklus","status":"publish","type":"page","link":"https:\/\/kwt.meiio.net\/tr\/uzun-omur\/tuep-bebek-ve-kisirlik\/tedavi\/kryokonservierung\/kryozyklus","title":{"rendered":"Kriyosiklus"},"content":{"rendered":"<p><strong><em>Kriyo siklus<\/em><\/strong>ta t\u00fcm olas\u0131 \u201cjinekolojik gereksinimler\u201ce ba\u011fl\u0131 olarak, ya do\u011fal siklusta ya da hormonal uyar\u0131mda, yumurta h\u00fccresi, d\u00f6llenmi\u015f veya embriyo olarak dondurulmu\u015f bir embriyo rahim bo\u015flu\u011funa transfer edilir. Bu \u00e7ok zahmetli bir i\u015f de\u011fildir. \u00c7\u00fcnk\u00fc optimal transfer g\u00fcn\u00fcn\u00fcn belirlenebilmesi i\u00e7in kad\u0131n hastan\u0131n, ultrasonografiye genelde sadece bir kez (yakla\u015f\u0131k olarak siklusun 12. g\u00fcn\u00fcnde) gelmesi yeterlidir. Bu y\u00f6ntemde, klomifen tabletli stim\u00fclasyon tedavisi (dezavantaj\u0131: mukozan\u0131n d\u00fcz olmas\u0131) veya a\u015f\u0131 ile stim\u00fclasyon gerekli gibi g\u00f6r\u00fcnmektedir. Burada fark\u0131 yaratan, stim\u00fclasyonla b\u00fcy\u00fcyen yumurta h\u00fccreleri de\u011fil, yumurta keseciklerindeki hormonun salg\u0131lanmas\u0131d\u0131r.<\/p>\n<p>Kriyosiklus yapabilmek i\u00e7in di\u011fer bir olas\u0131l\u0131k da, \u201cyapay siklus\u201c veya HRT siklusudur (HRT \u2013 Hormonal Replacement Therapy). Burada kad\u0131n ilk olarak mutlaka (oral, vajinal veya transkutan yoldan) \u00f6strojen al\u0131r. Rahim mukozas\u0131 bu sayede b\u00fcy\u00fcr. Mukoza optimal seviyeye geldi\u011finde, ek olarak progesteron (sar\u0131 cisim hormon oral veya vajinal yoldan) al\u0131n\u0131r. Bu y\u00f6ntemin avantaj\u0131, fiyat\u0131n\u0131n \u00e7ok d\u00fc\u015f\u00fck olmas\u0131 ve bu y\u00f6ntemin yumurtal\u0131klar\u0131n durumundan ba\u011f\u0131ms\u0131z olmas\u0131ndan kaynaklan\u0131r. Dezavantaj\u0131, yumurta kesecikleri progesteron salg\u0131layamad\u0131\u011f\u0131ndan gebeli\u011fin yakla\u015f\u0131k olarak 10. haftas\u0131na kadar \u00f6strojen ve progesteronun al\u0131nmas\u0131na devam edilmelidir.<\/p>\n<p>Kriyo koruma \u015fekli ve dondurulmu\u015f h\u00fccre \u015fekline ba\u011fl\u0131 olarak hamile kalma y\u00fczdeleri, \u201cso\u011fuk siklus\u201c y\u00fczdeleriyle benzer olabilir. Kriyosiklusta hamile kalma \u015fans\u0131n\u0131n so\u011fuk siklustan bile daha fazla oldu\u011funu g\u00f6steren daha yeni bilimsel g\u00f6zlemler vard\u0131r. Ama, bu durum \u00e7ok s\u0131k yap\u0131lan\u00a0<strong><em>slow freezing<\/em><\/strong>\u00a0i\u00e7in de\u011fil,\u00a0<strong><em>vitrifikasyon<\/em><\/strong>\u00a0i\u00e7in ge\u00e7erli.<\/p>\n<p>Laboratuvar\u0131m\u0131zda,\u00a0<strong><em>vitrifikasyon<\/em><\/strong>\u00a0yap\u0131lmaktad\u0131r (spermlere yap\u0131lmamaktad\u0131r).<\/p>\n<p><a href=\"https:\/\/kwt.meiio.net\/spektrum\/kinderwunsch\/therapie-des-unerfuellten-kinderwunsches\/kryokonservierung\/vitrifikation\">Vitrifikasyon hakk\u0131nda bilgiler<\/a><\/p>\n","protected":false},"excerpt":{"rendered":"<p>Kriyo siklusta t\u00fcm olas\u0131 \u201cjinekolojik gereksinimler\u201ce ba\u011fl\u0131 olarak, ya do\u011fal siklusta ya da hormonal uyar\u0131mda, yumurta h\u00fccresi, d\u00f6llenmi\u015f veya embriyo [&hellip;]<\/p>\n","protected":false},"author":2,"featured_media":7726,"parent":7713,"menu_order":3,"comment_status":"closed","ping_status":"closed","template":"page-siblingnavi.php","meta":{"footnotes":""},"class_list":["post-7725","page","type-page","status-publish","has-post-thumbnail","hentry"],"yoast_head":"<!-- This site is optimized with the Yoast SEO plugin v25.6 - https:\/\/yoast.com\/wordpress\/plugins\/seo\/ -->\n<title>Kriyosiklus &#8226; Kinderwunschteam Berlin<\/title>\n<meta name=\"description\" content=\"Kriyo siklusta t\u00fcm olas\u0131 \u201cjinekolojik gereksinimler\u201ce ba\u011fl\u0131 olarak, ya do\u011fal siklusta ya da hormonal uyar\u0131mda, yumurta h\u00fccresi, d\u00f6llenmi\u015f veya embriyo\" \/>\n<meta name=\"robots\" content=\"noindex, follow, max-snippet:-1, max-image-preview:large, max-video-preview:-1\" \/>\n<meta property=\"og:locale\" content=\"tr_TR\" \/>\n<meta property=\"og:type\" content=\"article\" \/>\n<meta property=\"og:title\" content=\"Kriyosiklus &#8226; Kinderwunschteam Berlin\" \/>\n<meta property=\"og:description\" content=\"Kriyo siklusta t\u00fcm olas\u0131 \u201cjinekolojik gereksinimler\u201ce ba\u011fl\u0131 olarak, ya do\u011fal siklusta ya da hormonal uyar\u0131mda, yumurta h\u00fccresi, d\u00f6llenmi\u015f veya embriyo\" \/>\n<meta property=\"og:url\" content=\"https:\/\/kwt.meiio.net\/tr\/uzun-omur\/tuep-bebek-ve-kisirlik\/tedavi\/kryokonservierung\/kryozyklus\" \/>\n<meta property=\"og:site_name\" content=\"Kinderwunschteam Berlin\" \/>\n<meta property=\"article:publisher\" content=\"https:\/\/www.facebook.com\/kinderwunschteam.berlin\/\" \/>\n<meta property=\"article:modified_time\" content=\"2020-09-03T22:15:08+00:00\" \/>\n<meta property=\"og:image\" content=\"https:\/\/kwt.meiio.net\/wp-content\/uploads\/KWT-8511-Kryo.jpg\" \/>\n\t<meta property=\"og:image:width\" content=\"2000\" \/>\n\t<meta property=\"og:image:height\" content=\"670\" \/>\n\t<meta property=\"og:image:type\" content=\"image\/jpeg\" \/>\n<meta name=\"twitter:card\" content=\"summary_large_image\" \/>\n<script type=\"application\/ld+json\" class=\"yoast-schema-graph\">{\"@context\":\"https:\/\/schema.org\",\"@graph\":[{\"@type\":\"WebPage\",\"@id\":\"https:\/\/kwt.meiio.net\/tr\/uzun-omur\/tuep-bebek-ve-kisirlik\/tedavi\/kryokonservierung\/kryozyklus\",\"url\":\"https:\/\/kwt.meiio.net\/tr\/uzun-omur\/tuep-bebek-ve-kisirlik\/tedavi\/kryokonservierung\/kryozyklus\",\"name\":\"Kriyosiklus &#8226; Kinderwunschteam Berlin\",\"isPartOf\":{\"@id\":\"https:\/\/kwt.meiio.net\/tr#website\"},\"primaryImageOfPage\":{\"@id\":\"https:\/\/kwt.meiio.net\/tr\/uzun-omur\/tuep-bebek-ve-kisirlik\/tedavi\/kryokonservierung\/kryozyklus#primaryimage\"},\"image\":{\"@id\":\"https:\/\/kwt.meiio.net\/tr\/uzun-omur\/tuep-bebek-ve-kisirlik\/tedavi\/kryokonservierung\/kryozyklus#primaryimage\"},\"thumbnailUrl\":\"https:\/\/kwt.meiio.net\/wp-content\/uploads\/KWT-8511-Kryo.jpg\",\"datePublished\":\"2010-03-12T10:34:01+00:00\",\"dateModified\":\"2020-09-03T22:15:08+00:00\",\"description\":\"Kriyo siklusta t\u00fcm olas\u0131 \u201cjinekolojik gereksinimler\u201ce ba\u011fl\u0131 olarak, ya do\u011fal siklusta ya da hormonal uyar\u0131mda, yumurta h\u00fccresi, d\u00f6llenmi\u015f veya embriyo\",\"breadcrumb\":{\"@id\":\"https:\/\/kwt.meiio.net\/tr\/uzun-omur\/tuep-bebek-ve-kisirlik\/tedavi\/kryokonservierung\/kryozyklus#breadcrumb\"},\"inLanguage\":\"tr\",\"potentialAction\":[{\"@type\":\"ReadAction\",\"target\":[\"https:\/\/kwt.meiio.net\/tr\/uzun-omur\/tuep-bebek-ve-kisirlik\/tedavi\/kryokonservierung\/kryozyklus\"]}]},{\"@type\":\"ImageObject\",\"inLanguage\":\"tr\",\"@id\":\"https:\/\/kwt.meiio.net\/tr\/uzun-omur\/tuep-bebek-ve-kisirlik\/tedavi\/kryokonservierung\/kryozyklus#primaryimage\",\"url\":\"https:\/\/kwt.meiio.net\/wp-content\/uploads\/KWT-8511-Kryo.jpg\",\"contentUrl\":\"https:\/\/kwt.meiio.net\/wp-content\/uploads\/KWT-8511-Kryo.jpg\",\"width\":2000,\"height\":670},{\"@type\":\"BreadcrumbList\",\"@id\":\"https:\/\/kwt.meiio.net\/tr\/uzun-omur\/tuep-bebek-ve-kisirlik\/tedavi\/kryokonservierung\/kryozyklus#breadcrumb\",\"itemListElement\":[{\"@type\":\"ListItem\",\"position\":1,\"name\":\"Startseite\",\"item\":\"https:\/\/kwt.meiio.net\/tr\"},{\"@type\":\"ListItem\",\"position\":2,\"name\":\"Hizmet alanlar\u0131m\u0131z\",\"item\":\"https:\/\/kwt.meiio.net\/tr\/uzun-omur\"},{\"@type\":\"ListItem\",\"position\":3,\"name\":\"T\u00fcp bebek ve k\u0131s\u0131rl\u0131k\",\"item\":\"https:\/\/kwt.meiio.net\/tr\/uzun-omur\/tuep-bebek-ve-kisirlik\"},{\"@type\":\"ListItem\",\"position\":4,\"name\":\"Tedavi\",\"item\":\"https:\/\/kwt.meiio.net\/tr\/uzun-omur\/tuep-bebek-ve-kisirlik\/tedavi\"},{\"@type\":\"ListItem\",\"position\":5,\"name\":\"Kriyo\",\"item\":\"https:\/\/kwt.meiio.net\/tr\/uzun-omur\/tuep-bebek-ve-kisirlik\/tedavi\/kryokonservierung\"},{\"@type\":\"ListItem\",\"position\":6,\"name\":\"Kriyosiklus\"}]},{\"@type\":\"WebSite\",\"@id\":\"https:\/\/kwt.meiio.net\/tr#website\",\"url\":\"https:\/\/kwt.meiio.net\/tr\",\"name\":\"Kinderwunschteam Berlin\",\"description\":\"Kinderwunsch- und Endometriose-Zentrum\",\"publisher\":{\"@id\":\"https:\/\/kwt.meiio.net\/tr#organization\"},\"potentialAction\":[{\"@type\":\"SearchAction\",\"target\":{\"@type\":\"EntryPoint\",\"urlTemplate\":\"https:\/\/kwt.meiio.net\/tr?s={search_term_string}\"},\"query-input\":{\"@type\":\"PropertyValueSpecification\",\"valueRequired\":true,\"valueName\":\"search_term_string\"}}],\"inLanguage\":\"tr\"},{\"@type\":\"Organization\",\"@id\":\"https:\/\/kwt.meiio.net\/tr#organization\",\"name\":\"Kinderwunschteam Berlin\",\"url\":\"https:\/\/kwt.meiio.net\/tr\",\"logo\":{\"@type\":\"ImageObject\",\"inLanguage\":\"tr\",\"@id\":\"https:\/\/kwt.meiio.net\/tr#\/schema\/logo\/image\/\",\"url\":\"https:\/\/kwt.meiio.net\/wp-content\/uploads\/Logo-KinderwunschteamBerlin-NavBar@2.png\",\"contentUrl\":\"https:\/\/kwt.meiio.net\/wp-content\/uploads\/Logo-KinderwunschteamBerlin-NavBar@2.png\",\"width\":800,\"height\":200,\"caption\":\"Kinderwunschteam Berlin\"},\"image\":{\"@id\":\"https:\/\/kwt.meiio.net\/tr#\/schema\/logo\/image\/\"},\"sameAs\":[\"https:\/\/www.facebook.com\/kinderwunschteam.berlin\/\",\"https:\/\/www.instagram.com\/kinderwunschteamberlin\/\"]}]}<\/script>\n<!-- \/ Yoast SEO plugin. -->","yoast_head_json":{"title":"Kriyosiklus &#8226; Kinderwunschteam Berlin","description":"Kriyo siklusta t\u00fcm olas\u0131 \u201cjinekolojik gereksinimler\u201ce ba\u011fl\u0131 olarak, ya do\u011fal siklusta ya da hormonal uyar\u0131mda, yumurta h\u00fccresi, d\u00f6llenmi\u015f veya embriyo","robots":{"index":"noindex","follow":"follow","max-snippet":"max-snippet:-1","max-image-preview":"max-image-preview:large","max-video-preview":"max-video-preview:-1"},"og_locale":"tr_TR","og_type":"article","og_title":"Kriyosiklus &#8226; Kinderwunschteam Berlin","og_description":"Kriyo siklusta t\u00fcm olas\u0131 \u201cjinekolojik gereksinimler\u201ce ba\u011fl\u0131 olarak, ya do\u011fal siklusta ya da hormonal uyar\u0131mda, yumurta h\u00fccresi, d\u00f6llenmi\u015f veya embriyo","og_url":"https:\/\/kwt.meiio.net\/tr\/uzun-omur\/tuep-bebek-ve-kisirlik\/tedavi\/kryokonservierung\/kryozyklus","og_site_name":"Kinderwunschteam Berlin","article_publisher":"https:\/\/www.facebook.com\/kinderwunschteam.berlin\/","article_modified_time":"2020-09-03T22:15:08+00:00","og_image":[{"width":2000,"height":670,"url":"https:\/\/kwt.meiio.net\/wp-content\/uploads\/KWT-8511-Kryo.jpg","type":"image\/jpeg"}],"twitter_card":"summary_large_image","schema":{"@context":"https:\/\/schema.org","@graph":[{"@type":"WebPage","@id":"https:\/\/kwt.meiio.net\/tr\/uzun-omur\/tuep-bebek-ve-kisirlik\/tedavi\/kryokonservierung\/kryozyklus","url":"https:\/\/kwt.meiio.net\/tr\/uzun-omur\/tuep-bebek-ve-kisirlik\/tedavi\/kryokonservierung\/kryozyklus","name":"Kriyosiklus &#8226; Kinderwunschteam Berlin","isPartOf":{"@id":"https:\/\/kwt.meiio.net\/tr#website"},"primaryImageOfPage":{"@id":"https:\/\/kwt.meiio.net\/tr\/uzun-omur\/tuep-bebek-ve-kisirlik\/tedavi\/kryokonservierung\/kryozyklus#primaryimage"},"image":{"@id":"https:\/\/kwt.meiio.net\/tr\/uzun-omur\/tuep-bebek-ve-kisirlik\/tedavi\/kryokonservierung\/kryozyklus#primaryimage"},"thumbnailUrl":"https:\/\/kwt.meiio.net\/wp-content\/uploads\/KWT-8511-Kryo.jpg","datePublished":"2010-03-12T10:34:01+00:00","dateModified":"2020-09-03T22:15:08+00:00","description":"Kriyo siklusta t\u00fcm olas\u0131 \u201cjinekolojik gereksinimler\u201ce ba\u011fl\u0131 olarak, ya do\u011fal siklusta ya da hormonal uyar\u0131mda, yumurta h\u00fccresi, d\u00f6llenmi\u015f veya embriyo","breadcrumb":{"@id":"https:\/\/kwt.meiio.net\/tr\/uzun-omur\/tuep-bebek-ve-kisirlik\/tedavi\/kryokonservierung\/kryozyklus#breadcrumb"},"inLanguage":"tr","potentialAction":[{"@type":"ReadAction","target":["https:\/\/kwt.meiio.net\/tr\/uzun-omur\/tuep-bebek-ve-kisirlik\/tedavi\/kryokonservierung\/kryozyklus"]}]},{"@type":"ImageObject","inLanguage":"tr","@id":"https:\/\/kwt.meiio.net\/tr\/uzun-omur\/tuep-bebek-ve-kisirlik\/tedavi\/kryokonservierung\/kryozyklus#primaryimage","url":"https:\/\/kwt.meiio.net\/wp-content\/uploads\/KWT-8511-Kryo.jpg","contentUrl":"https:\/\/kwt.meiio.net\/wp-content\/uploads\/KWT-8511-Kryo.jpg","width":2000,"height":670},{"@type":"BreadcrumbList","@id":"https:\/\/kwt.meiio.net\/tr\/uzun-omur\/tuep-bebek-ve-kisirlik\/tedavi\/kryokonservierung\/kryozyklus#breadcrumb","itemListElement":[{"@type":"ListItem","position":1,"name":"Startseite","item":"https:\/\/kwt.meiio.net\/tr"},{"@type":"ListItem","position":2,"name":"Hizmet alanlar\u0131m\u0131z","item":"https:\/\/kwt.meiio.net\/tr\/uzun-omur"},{"@type":"ListItem","position":3,"name":"T\u00fcp bebek ve k\u0131s\u0131rl\u0131k","item":"https:\/\/kwt.meiio.net\/tr\/uzun-omur\/tuep-bebek-ve-kisirlik"},{"@type":"ListItem","position":4,"name":"Tedavi","item":"https:\/\/kwt.meiio.net\/tr\/uzun-omur\/tuep-bebek-ve-kisirlik\/tedavi"},{"@type":"ListItem","position":5,"name":"Kriyo","item":"https:\/\/kwt.meiio.net\/tr\/uzun-omur\/tuep-bebek-ve-kisirlik\/tedavi\/kryokonservierung"},{"@type":"ListItem","position":6,"name":"Kriyosiklus"}]},{"@type":"WebSite","@id":"https:\/\/kwt.meiio.net\/tr#website","url":"https:\/\/kwt.meiio.net\/tr","name":"Kinderwunschteam Berlin","description":"Kinderwunsch- und Endometriose-Zentrum","publisher":{"@id":"https:\/\/kwt.meiio.net\/tr#organization"},"potentialAction":[{"@type":"SearchAction","target":{"@type":"EntryPoint","urlTemplate":"https:\/\/kwt.meiio.net\/tr?s={search_term_string}"},"query-input":{"@type":"PropertyValueSpecification","valueRequired":true,"valueName":"search_term_string"}}],"inLanguage":"tr"},{"@type":"Organization","@id":"https:\/\/kwt.meiio.net\/tr#organization","name":"Kinderwunschteam Berlin","url":"https:\/\/kwt.meiio.net\/tr","logo":{"@type":"ImageObject","inLanguage":"tr","@id":"https:\/\/kwt.meiio.net\/tr#\/schema\/logo\/image\/","url":"https:\/\/kwt.meiio.net\/wp-content\/uploads\/Logo-KinderwunschteamBerlin-NavBar@2.png","contentUrl":"https:\/\/kwt.meiio.net\/wp-content\/uploads\/Logo-KinderwunschteamBerlin-NavBar@2.png","width":800,"height":200,"caption":"Kinderwunschteam Berlin"},"image":{"@id":"https:\/\/kwt.meiio.net\/tr#\/schema\/logo\/image\/"},"sameAs":["https:\/\/www.facebook.com\/kinderwunschteam.berlin\/","https:\/\/www.instagram.com\/kinderwunschteamberlin\/"]}]}},"_links":{"self":[{"href":"https:\/\/kwt.meiio.net\/tr\/wp-json\/wp\/v2\/pages\/7725","targetHints":{"allow":["GET"]}}],"collection":[{"href":"https:\/\/kwt.meiio.net\/tr\/wp-json\/wp\/v2\/pages"}],"about":[{"href":"https:\/\/kwt.meiio.net\/tr\/wp-json\/wp\/v2\/types\/page"}],"author":[{"embeddable":true,"href":"https:\/\/kwt.meiio.net\/tr\/wp-json\/wp\/v2\/users\/2"}],"replies":[{"embeddable":true,"href":"https:\/\/kwt.meiio.net\/tr\/wp-json\/wp\/v2\/comments?post=7725"}],"version-history":[{"count":0,"href":"https:\/\/kwt.meiio.net\/tr\/wp-json\/wp\/v2\/pages\/7725\/revisions"}],"up":[{"embeddable":true,"href":"https:\/\/kwt.meiio.net\/tr\/wp-json\/wp\/v2\/pages\/7713"}],"wp:featuredmedia":[{"embeddable":true,"href":"https:\/\/kwt.meiio.net\/tr\/wp-json\/wp\/v2\/media\/7726"}],"wp:attachment":[{"href":"https:\/\/kwt.meiio.net\/tr\/wp-json\/wp\/v2\/media?parent=7725"}],"curies":[{"name":"wp","href":"https:\/\/api.w.org\/{rel}","templated":true}]}}