{"id":7722,"date":"2010-03-12T11:26:56","date_gmt":"2010-03-12T10:26:56","guid":{"rendered":"https:\/\/www.kinderwunschteam.berlin\/diagnostik-therapie\/tedavi-einstieg-therapie-alt\/kryokonservierung\/vitrifikation\/"},"modified":"2020-09-01T16:40:22","modified_gmt":"2020-09-01T14:40:22","slug":"vitrifikation","status":"publish","type":"page","link":"https:\/\/kwt.meiio.net\/tr\/uzun-omur\/tuep-bebek-ve-kisirlik\/tedavi\/kryokonservierung\/vitrifikation","title":{"rendered":"Vitrifikasyon"},"content":{"rendered":"<h2>Vitrifikasyon, \u201eultra h\u0131zl\u0131 dondurma\u201c<\/h2>\n<p>On y\u0131la yak\u0131n bir s\u00fcredir, vitrifikasyon tedavilerde giderek daha s\u0131k kullan\u0131lmaya ba\u015flam\u0131\u015ft\u0131r. Burada s\u00f6z konusu olan ultra h\u0131zl\u0131 bir dondurma tekni\u011fidir.<\/p>\n<p><strong><em>Vitrifikasyon<\/em><\/strong>\u00a0tekni\u011finde, h\u00fccrelere belli \u00e7\u00f6zeltiler verilerek h\u00fccre i\u00e7i suyun \u00e7ekilerek al\u0131nmas\u0131 sa\u011flan\u0131r. Bu \u015fekilde, h\u00fccreyi bozan buz kristallerinin olu\u015fmas\u0131 \u00f6nlenir. H\u00fccre bile\u015fenlerinin mekanik olarak zarar g\u00f6rmesi olas\u0131 de\u011fildir.<\/p>\n<p>Nispeten y\u00fcksek miktarda olan\u00a0<em>kriyoprotektifin <\/em>(antifriz madde) temelde h\u00fccrelere zehirli bir etkisi vard\u0131r.<\/p>\n<p>Y\u00f6ntemin en b\u00fcy\u00fck avantajlar\u0131ndan biri, % 98\u2019e varan \u201c\u00e7\u00f6z\u00fclme y\u00fczdesi\u201c ile\u00a0<strong><em>vitrifikasyon<\/em><\/strong>\u00a0ile birlikte d\u00f6llenmi\u015f yumurta h\u00fccrelerinin yan\u0131 s\u0131ra d\u00f6llenmemi\u015f yumurta h\u00fccreleri ve embriyolar\u0131 da hemen hemen hi\u00e7bir riske atmadan dondurabilme \u00f6zelli\u011fidir.<\/p>\n<p><strong><em>Vitrifikasyonun<\/em><\/strong>\u00a0en \u00f6nemli avantajlar\u0131ndan biri, do\u011furganl\u0131\u011f\u0131n\u0131 tehlikeye atan kemoterapi veya radyasyon terapisi veya bu tip ba\u015fka bir tedavi ile kar\u015f\u0131 kar\u015f\u0131ya kalan kad\u0131nlar\u0131n d\u00f6llenmemi\u015f yumurta h\u00fccrelerinin korunmas\u0131d\u0131r (<a href=\"https:\/\/kwt.meiio.net\/spektrum\/fertilitaetserhalt\"><strong>Do\u011furganl\u0131k rezervi<\/strong><\/a>). \u0130leri bir ya\u015fta (40-45 ya\u015f\u0131nda) hamile kalma \u015fanslar\u0131n\u0131 y\u00fckseltmeyi hedefleyen ve bu y\u00fczden bir tane\u00a0<a href=\"https:\/\/kwt.meiio.net\/spektrum\/fertilitaetserhalt\"><strong>do\u011furganl\u0131k rezervi<\/strong><\/a>\u00a0(<a href=\"https:\/\/kwt.meiio.net\/spektrum\/fertilitaetserhalt\"><strong>social freezing<\/strong><\/a>) bulundurmak isteyen 25-35 ya\u015f aras\u0131ndaki kad\u0131nlar\u0131n yumurta h\u00fccreleri b\u00f6yle bir muameleden ge\u00e7ebilir.<\/p>\n<p>Embriyolar\u0131n dondurulmas\u0131, \u00f6zellikle embriyo se\u00e7imine izin verilen \u00fclkelerde, embriyo, k\u00fclt\u00fcr\u00fcn 5. g\u00fcn\u00fcnde transfer edilmesi gereken say\u0131n\u0131n \u00fczerinde blastosit i\u00e7eriyorsa kullan\u0131lan bir y\u00f6ntemdir.<\/p>\n<p>Y\u00f6ntemin bir dezavantaj\u0131 vard\u0131r o da i\u015f\u00e7ili\u011fidir: Her zaman tek h\u00fccrenin vitrifiye edilmesi gerekmektedir (yani h\u00fccreler grup olarak vitrifiye edilememektedir.). Ayr\u0131ca, bu y\u00f6ntem\u00a0<a href=\"https:\/\/kwt.meiio.net\/spektrum\/kinderwunsch\/therapie-des-unerfuellten-kinderwunsches\/kryokonservierung\/slow-freezing\"><strong>slow freezing <\/strong><\/a>e g\u00f6re daha uzun s\u00fcreli bir \u201ce\u011fitim\u201c ve daha \u00e7ok el becerisi gerektirir.<\/p>\n<figure id=\"attachment_7453\" aria-describedby=\"caption-attachment-7453\" style=\"width: 800px\" class=\"wp-caption alignnone\"><img decoding=\"async\" class=\"size-full wp-image-7453\" src=\"https:\/\/kwt.meiio.net\/wp-content\/uploads\/oocyte-a-400-col-warmgrau.jpg\" alt=\"Oosit, d\u00f6llenmemi\u015f yumurta h\u00fccreleri\" width=\"800\" height=\"542\" srcset=\"https:\/\/kwt.meiio.net\/wp-content\/uploads\/oocyte-a-400-col-warmgrau.jpg 800w, https:\/\/kwt.meiio.net\/wp-content\/uploads\/oocyte-a-400-col-warmgrau-300x203.jpg 300w, https:\/\/kwt.meiio.net\/wp-content\/uploads\/oocyte-a-400-col-warmgrau-768x520.jpg 768w\" sizes=\"(max-width: 800px) 100vw, 800px\" \/><figcaption id=\"caption-attachment-7453\" class=\"wp-caption-text\">Oosit, d\u00f6llenmemi\u015f yumurta h\u00fccreleri<\/figcaption><\/figure>\n","protected":false},"excerpt":{"rendered":"<p>Vitrifikasyon, \u201eultra h\u0131zl\u0131 dondurma\u201c On y\u0131la yak\u0131n bir s\u00fcredir, vitrifikasyon tedavilerde giderek daha s\u0131k kullan\u0131lmaya ba\u015flam\u0131\u015ft\u0131r. Burada s\u00f6z konusu olan [&hellip;]<\/p>\n","protected":false},"author":2,"featured_media":7719,"parent":7713,"menu_order":2,"comment_status":"closed","ping_status":"closed","template":"page-siblingnavi.php","meta":{"footnotes":""},"class_list":["post-7722","page","type-page","status-publish","has-post-thumbnail","hentry"],"yoast_head":"<!-- This site is optimized with the Yoast SEO plugin v25.6 - https:\/\/yoast.com\/wordpress\/plugins\/seo\/ -->\n<title>Vitrifikasyon &#8226; Kinderwunschteam Berlin<\/title>\n<meta name=\"description\" content=\"Vitrifikasyon, \u201eultra h\u0131zl\u0131 dondurma\u201c On y\u0131la yak\u0131n bir s\u00fcredir, vitrifikasyon tedavilerde giderek daha s\u0131k kullan\u0131lmaya ba\u015flam\u0131\u015ft\u0131r. Burada s\u00f6z konusu\" \/>\n<meta name=\"robots\" content=\"noindex, follow, max-snippet:-1, max-image-preview:large, max-video-preview:-1\" \/>\n<meta property=\"og:locale\" content=\"tr_TR\" \/>\n<meta property=\"og:type\" content=\"article\" \/>\n<meta property=\"og:title\" content=\"Vitrifikasyon &#8226; Kinderwunschteam Berlin\" \/>\n<meta property=\"og:description\" content=\"Vitrifikasyon, \u201eultra h\u0131zl\u0131 dondurma\u201c On y\u0131la yak\u0131n bir s\u00fcredir, vitrifikasyon tedavilerde giderek daha s\u0131k kullan\u0131lmaya ba\u015flam\u0131\u015ft\u0131r. Burada s\u00f6z konusu\" \/>\n<meta property=\"og:url\" content=\"https:\/\/kwt.meiio.net\/tr\/uzun-omur\/tuep-bebek-ve-kisirlik\/tedavi\/kryokonservierung\/vitrifikation\" \/>\n<meta property=\"og:site_name\" content=\"Kinderwunschteam Berlin\" \/>\n<meta property=\"article:publisher\" content=\"https:\/\/www.facebook.com\/kinderwunschteam.berlin\/\" \/>\n<meta property=\"article:modified_time\" content=\"2020-09-01T14:40:22+00:00\" \/>\n<meta property=\"og:image\" content=\"https:\/\/kwt.meiio.net\/wp-content\/uploads\/KWT-8507-Kryo.jpg\" \/>\n\t<meta property=\"og:image:width\" content=\"2000\" \/>\n\t<meta property=\"og:image:height\" content=\"670\" \/>\n\t<meta property=\"og:image:type\" content=\"image\/jpeg\" \/>\n<meta name=\"twitter:card\" content=\"summary_large_image\" \/>\n<script type=\"application\/ld+json\" class=\"yoast-schema-graph\">{\"@context\":\"https:\/\/schema.org\",\"@graph\":[{\"@type\":\"WebPage\",\"@id\":\"https:\/\/kwt.meiio.net\/tr\/uzun-omur\/tuep-bebek-ve-kisirlik\/tedavi\/kryokonservierung\/vitrifikation\",\"url\":\"https:\/\/kwt.meiio.net\/tr\/uzun-omur\/tuep-bebek-ve-kisirlik\/tedavi\/kryokonservierung\/vitrifikation\",\"name\":\"Vitrifikasyon &#8226; Kinderwunschteam Berlin\",\"isPartOf\":{\"@id\":\"https:\/\/kwt.meiio.net\/tr#website\"},\"primaryImageOfPage\":{\"@id\":\"https:\/\/kwt.meiio.net\/tr\/uzun-omur\/tuep-bebek-ve-kisirlik\/tedavi\/kryokonservierung\/vitrifikation#primaryimage\"},\"image\":{\"@id\":\"https:\/\/kwt.meiio.net\/tr\/uzun-omur\/tuep-bebek-ve-kisirlik\/tedavi\/kryokonservierung\/vitrifikation#primaryimage\"},\"thumbnailUrl\":\"https:\/\/kwt.meiio.net\/wp-content\/uploads\/KWT-8507-Kryo.jpg\",\"datePublished\":\"2010-03-12T10:26:56+00:00\",\"dateModified\":\"2020-09-01T14:40:22+00:00\",\"description\":\"Vitrifikasyon, \u201eultra h\u0131zl\u0131 dondurma\u201c On y\u0131la yak\u0131n bir s\u00fcredir, vitrifikasyon tedavilerde giderek daha s\u0131k kullan\u0131lmaya ba\u015flam\u0131\u015ft\u0131r. Burada s\u00f6z konusu\",\"breadcrumb\":{\"@id\":\"https:\/\/kwt.meiio.net\/tr\/uzun-omur\/tuep-bebek-ve-kisirlik\/tedavi\/kryokonservierung\/vitrifikation#breadcrumb\"},\"inLanguage\":\"tr\",\"potentialAction\":[{\"@type\":\"ReadAction\",\"target\":[\"https:\/\/kwt.meiio.net\/tr\/uzun-omur\/tuep-bebek-ve-kisirlik\/tedavi\/kryokonservierung\/vitrifikation\"]}]},{\"@type\":\"ImageObject\",\"inLanguage\":\"tr\",\"@id\":\"https:\/\/kwt.meiio.net\/tr\/uzun-omur\/tuep-bebek-ve-kisirlik\/tedavi\/kryokonservierung\/vitrifikation#primaryimage\",\"url\":\"https:\/\/kwt.meiio.net\/wp-content\/uploads\/KWT-8507-Kryo.jpg\",\"contentUrl\":\"https:\/\/kwt.meiio.net\/wp-content\/uploads\/KWT-8507-Kryo.jpg\",\"width\":2000,\"height\":670},{\"@type\":\"BreadcrumbList\",\"@id\":\"https:\/\/kwt.meiio.net\/tr\/uzun-omur\/tuep-bebek-ve-kisirlik\/tedavi\/kryokonservierung\/vitrifikation#breadcrumb\",\"itemListElement\":[{\"@type\":\"ListItem\",\"position\":1,\"name\":\"Startseite\",\"item\":\"https:\/\/kwt.meiio.net\/tr\"},{\"@type\":\"ListItem\",\"position\":2,\"name\":\"Hizmet alanlar\u0131m\u0131z\",\"item\":\"https:\/\/kwt.meiio.net\/tr\/uzun-omur\"},{\"@type\":\"ListItem\",\"position\":3,\"name\":\"T\u00fcp bebek ve k\u0131s\u0131rl\u0131k\",\"item\":\"https:\/\/kwt.meiio.net\/tr\/uzun-omur\/tuep-bebek-ve-kisirlik\"},{\"@type\":\"ListItem\",\"position\":4,\"name\":\"Tedavi\",\"item\":\"https:\/\/kwt.meiio.net\/tr\/uzun-omur\/tuep-bebek-ve-kisirlik\/tedavi\"},{\"@type\":\"ListItem\",\"position\":5,\"name\":\"Kriyo\",\"item\":\"https:\/\/kwt.meiio.net\/tr\/uzun-omur\/tuep-bebek-ve-kisirlik\/tedavi\/kryokonservierung\"},{\"@type\":\"ListItem\",\"position\":6,\"name\":\"Vitrifikasyon\"}]},{\"@type\":\"WebSite\",\"@id\":\"https:\/\/kwt.meiio.net\/tr#website\",\"url\":\"https:\/\/kwt.meiio.net\/tr\",\"name\":\"Kinderwunschteam Berlin\",\"description\":\"Kinderwunsch- und Endometriose-Zentrum\",\"publisher\":{\"@id\":\"https:\/\/kwt.meiio.net\/tr#organization\"},\"potentialAction\":[{\"@type\":\"SearchAction\",\"target\":{\"@type\":\"EntryPoint\",\"urlTemplate\":\"https:\/\/kwt.meiio.net\/tr?s={search_term_string}\"},\"query-input\":{\"@type\":\"PropertyValueSpecification\",\"valueRequired\":true,\"valueName\":\"search_term_string\"}}],\"inLanguage\":\"tr\"},{\"@type\":\"Organization\",\"@id\":\"https:\/\/kwt.meiio.net\/tr#organization\",\"name\":\"Kinderwunschteam Berlin\",\"url\":\"https:\/\/kwt.meiio.net\/tr\",\"logo\":{\"@type\":\"ImageObject\",\"inLanguage\":\"tr\",\"@id\":\"https:\/\/kwt.meiio.net\/tr#\/schema\/logo\/image\/\",\"url\":\"https:\/\/kwt.meiio.net\/wp-content\/uploads\/Logo-KinderwunschteamBerlin-NavBar@2.png\",\"contentUrl\":\"https:\/\/kwt.meiio.net\/wp-content\/uploads\/Logo-KinderwunschteamBerlin-NavBar@2.png\",\"width\":800,\"height\":200,\"caption\":\"Kinderwunschteam Berlin\"},\"image\":{\"@id\":\"https:\/\/kwt.meiio.net\/tr#\/schema\/logo\/image\/\"},\"sameAs\":[\"https:\/\/www.facebook.com\/kinderwunschteam.berlin\/\",\"https:\/\/www.instagram.com\/kinderwunschteamberlin\/\"]}]}<\/script>\n<!-- \/ Yoast SEO plugin. -->","yoast_head_json":{"title":"Vitrifikasyon &#8226; Kinderwunschteam Berlin","description":"Vitrifikasyon, \u201eultra h\u0131zl\u0131 dondurma\u201c On y\u0131la yak\u0131n bir s\u00fcredir, vitrifikasyon tedavilerde giderek daha s\u0131k kullan\u0131lmaya ba\u015flam\u0131\u015ft\u0131r. Burada s\u00f6z konusu","robots":{"index":"noindex","follow":"follow","max-snippet":"max-snippet:-1","max-image-preview":"max-image-preview:large","max-video-preview":"max-video-preview:-1"},"og_locale":"tr_TR","og_type":"article","og_title":"Vitrifikasyon &#8226; Kinderwunschteam Berlin","og_description":"Vitrifikasyon, \u201eultra h\u0131zl\u0131 dondurma\u201c On y\u0131la yak\u0131n bir s\u00fcredir, vitrifikasyon tedavilerde giderek daha s\u0131k kullan\u0131lmaya ba\u015flam\u0131\u015ft\u0131r. Burada s\u00f6z konusu","og_url":"https:\/\/kwt.meiio.net\/tr\/uzun-omur\/tuep-bebek-ve-kisirlik\/tedavi\/kryokonservierung\/vitrifikation","og_site_name":"Kinderwunschteam Berlin","article_publisher":"https:\/\/www.facebook.com\/kinderwunschteam.berlin\/","article_modified_time":"2020-09-01T14:40:22+00:00","og_image":[{"width":2000,"height":670,"url":"https:\/\/kwt.meiio.net\/wp-content\/uploads\/KWT-8507-Kryo.jpg","type":"image\/jpeg"}],"twitter_card":"summary_large_image","schema":{"@context":"https:\/\/schema.org","@graph":[{"@type":"WebPage","@id":"https:\/\/kwt.meiio.net\/tr\/uzun-omur\/tuep-bebek-ve-kisirlik\/tedavi\/kryokonservierung\/vitrifikation","url":"https:\/\/kwt.meiio.net\/tr\/uzun-omur\/tuep-bebek-ve-kisirlik\/tedavi\/kryokonservierung\/vitrifikation","name":"Vitrifikasyon &#8226; Kinderwunschteam Berlin","isPartOf":{"@id":"https:\/\/kwt.meiio.net\/tr#website"},"primaryImageOfPage":{"@id":"https:\/\/kwt.meiio.net\/tr\/uzun-omur\/tuep-bebek-ve-kisirlik\/tedavi\/kryokonservierung\/vitrifikation#primaryimage"},"image":{"@id":"https:\/\/kwt.meiio.net\/tr\/uzun-omur\/tuep-bebek-ve-kisirlik\/tedavi\/kryokonservierung\/vitrifikation#primaryimage"},"thumbnailUrl":"https:\/\/kwt.meiio.net\/wp-content\/uploads\/KWT-8507-Kryo.jpg","datePublished":"2010-03-12T10:26:56+00:00","dateModified":"2020-09-01T14:40:22+00:00","description":"Vitrifikasyon, \u201eultra h\u0131zl\u0131 dondurma\u201c On y\u0131la yak\u0131n bir s\u00fcredir, vitrifikasyon tedavilerde giderek daha s\u0131k kullan\u0131lmaya ba\u015flam\u0131\u015ft\u0131r. Burada s\u00f6z konusu","breadcrumb":{"@id":"https:\/\/kwt.meiio.net\/tr\/uzun-omur\/tuep-bebek-ve-kisirlik\/tedavi\/kryokonservierung\/vitrifikation#breadcrumb"},"inLanguage":"tr","potentialAction":[{"@type":"ReadAction","target":["https:\/\/kwt.meiio.net\/tr\/uzun-omur\/tuep-bebek-ve-kisirlik\/tedavi\/kryokonservierung\/vitrifikation"]}]},{"@type":"ImageObject","inLanguage":"tr","@id":"https:\/\/kwt.meiio.net\/tr\/uzun-omur\/tuep-bebek-ve-kisirlik\/tedavi\/kryokonservierung\/vitrifikation#primaryimage","url":"https:\/\/kwt.meiio.net\/wp-content\/uploads\/KWT-8507-Kryo.jpg","contentUrl":"https:\/\/kwt.meiio.net\/wp-content\/uploads\/KWT-8507-Kryo.jpg","width":2000,"height":670},{"@type":"BreadcrumbList","@id":"https:\/\/kwt.meiio.net\/tr\/uzun-omur\/tuep-bebek-ve-kisirlik\/tedavi\/kryokonservierung\/vitrifikation#breadcrumb","itemListElement":[{"@type":"ListItem","position":1,"name":"Startseite","item":"https:\/\/kwt.meiio.net\/tr"},{"@type":"ListItem","position":2,"name":"Hizmet alanlar\u0131m\u0131z","item":"https:\/\/kwt.meiio.net\/tr\/uzun-omur"},{"@type":"ListItem","position":3,"name":"T\u00fcp bebek ve k\u0131s\u0131rl\u0131k","item":"https:\/\/kwt.meiio.net\/tr\/uzun-omur\/tuep-bebek-ve-kisirlik"},{"@type":"ListItem","position":4,"name":"Tedavi","item":"https:\/\/kwt.meiio.net\/tr\/uzun-omur\/tuep-bebek-ve-kisirlik\/tedavi"},{"@type":"ListItem","position":5,"name":"Kriyo","item":"https:\/\/kwt.meiio.net\/tr\/uzun-omur\/tuep-bebek-ve-kisirlik\/tedavi\/kryokonservierung"},{"@type":"ListItem","position":6,"name":"Vitrifikasyon"}]},{"@type":"WebSite","@id":"https:\/\/kwt.meiio.net\/tr#website","url":"https:\/\/kwt.meiio.net\/tr","name":"Kinderwunschteam Berlin","description":"Kinderwunsch- und Endometriose-Zentrum","publisher":{"@id":"https:\/\/kwt.meiio.net\/tr#organization"},"potentialAction":[{"@type":"SearchAction","target":{"@type":"EntryPoint","urlTemplate":"https:\/\/kwt.meiio.net\/tr?s={search_term_string}"},"query-input":{"@type":"PropertyValueSpecification","valueRequired":true,"valueName":"search_term_string"}}],"inLanguage":"tr"},{"@type":"Organization","@id":"https:\/\/kwt.meiio.net\/tr#organization","name":"Kinderwunschteam Berlin","url":"https:\/\/kwt.meiio.net\/tr","logo":{"@type":"ImageObject","inLanguage":"tr","@id":"https:\/\/kwt.meiio.net\/tr#\/schema\/logo\/image\/","url":"https:\/\/kwt.meiio.net\/wp-content\/uploads\/Logo-KinderwunschteamBerlin-NavBar@2.png","contentUrl":"https:\/\/kwt.meiio.net\/wp-content\/uploads\/Logo-KinderwunschteamBerlin-NavBar@2.png","width":800,"height":200,"caption":"Kinderwunschteam Berlin"},"image":{"@id":"https:\/\/kwt.meiio.net\/tr#\/schema\/logo\/image\/"},"sameAs":["https:\/\/www.facebook.com\/kinderwunschteam.berlin\/","https:\/\/www.instagram.com\/kinderwunschteamberlin\/"]}]}},"_links":{"self":[{"href":"https:\/\/kwt.meiio.net\/tr\/wp-json\/wp\/v2\/pages\/7722","targetHints":{"allow":["GET"]}}],"collection":[{"href":"https:\/\/kwt.meiio.net\/tr\/wp-json\/wp\/v2\/pages"}],"about":[{"href":"https:\/\/kwt.meiio.net\/tr\/wp-json\/wp\/v2\/types\/page"}],"author":[{"embeddable":true,"href":"https:\/\/kwt.meiio.net\/tr\/wp-json\/wp\/v2\/users\/2"}],"replies":[{"embeddable":true,"href":"https:\/\/kwt.meiio.net\/tr\/wp-json\/wp\/v2\/comments?post=7722"}],"version-history":[{"count":0,"href":"https:\/\/kwt.meiio.net\/tr\/wp-json\/wp\/v2\/pages\/7722\/revisions"}],"up":[{"embeddable":true,"href":"https:\/\/kwt.meiio.net\/tr\/wp-json\/wp\/v2\/pages\/7713"}],"wp:featuredmedia":[{"embeddable":true,"href":"https:\/\/kwt.meiio.net\/tr\/wp-json\/wp\/v2\/media\/7719"}],"wp:attachment":[{"href":"https:\/\/kwt.meiio.net\/tr\/wp-json\/wp\/v2\/media?parent=7722"}],"curies":[{"name":"wp","href":"https:\/\/api.w.org\/{rel}","templated":true}]}}