{"id":7718,"date":"2010-03-12T11:06:50","date_gmt":"2010-03-12T10:06:50","guid":{"rendered":"https:\/\/www.kinderwunschteam.berlin\/diagnostik-therapie\/tedavi-einstieg-therapie-alt\/kryokonservierung\/slow-freezing\/"},"modified":"2019-01-30T20:24:04","modified_gmt":"2019-01-30T19:24:04","slug":"slow-freezing","status":"publish","type":"page","link":"https:\/\/kwt.meiio.net\/tr\/uzun-omur\/tuep-bebek-ve-kisirlik\/tedavi\/kryokonservierung\/slow-freezing","title":{"rendered":"slow-freezing"},"content":{"rendered":"<h2>Slow freezing (yava\u015f dondurma)<\/h2>\n<p>\u015eimdiye kadar t\u00fcm d\u00fcnyada en s\u0131k kullan\u0131lan y\u00f6ntem olan \u201cslow-freezing\u201cde, h\u00fccrelere antifriz maddeler (h\u00fccrelerdeki buz kristalinin olu\u015fmas\u0131n\u0131 engelleyen maddeler) konularak h\u00fccreler bilgisayar kontrol\u00fcnde yava\u015f yava\u015f -196 \u00baC\u2019ye so\u011futulmaktad\u0131r. Bu i\u015flemle h\u00fccreler uzun s\u00fcre saklanabilir ve h\u00fccredeki biyolojik tepkimelerin durmas\u0131 sa\u011flan\u0131r. H\u00fccreye eklenen kiroprotektif (antifriz maddeler), h\u00fccrenin osmozdan zarar g\u00f6rmesini geni\u015f \u00f6l\u00e7\u00fcde engeller. Bu maddeler d\u00fc\u015f\u00fck konsantrasyonda olmalar\u0131na ra\u011fmen yine de h\u00fccreler i\u00e7in biraz zehirlidirler. Ayn\u0131 zamanda, h\u00fccre organellerine zarar verebilecek olan buz olu\u015fumunu da engelledikleri kesin de\u011fildir.<\/p>\n<p>Bu y\u00f6ntem, teknik olarak nispeten kolay olsa da ve ayn\u0131 anda bir\u00e7ok h\u00fccreye yap\u0131labilse de, bu y\u00f6ntemde kay\u0131p verme riski % 30 civar\u0131ndad\u0131r. Bu kay\u0131p bu h\u00fccrelerin 1\/3\u2019\u00fcn\u00fcn \u00e7\u00f6z\u00fcld\u00fckten sonra d\u00f6llenme s\u00fcrecini bitirmedikleri ve embriyo olamayacaklar\u0131 anlam\u0131na gelmektedir.<\/p>\n<p>So\u011fuk siklusla kar\u015f\u0131la\u015ft\u0131r\u0131rsak, morfolojik olarak iyi olan embriyolarla bile gebe kalma y\u00fczdesi (GKY) ayn\u0131 say\u0131da \u00e7\u0131kmaz. GKY, \u201cso\u011fuk siklus\u201ca g\u00f6re % 30 daha az olabilir.<\/p>\n<p>D\u00f6llenmemi\u015f yumurta h\u00fccreleri ve embriyolarla k\u0131yasland\u0131\u011f\u0131nda d\u00f6llenmi\u015f yumurta h\u00fccreleri pek hassas olmad\u0131\u011f\u0131ndan\u00a0<em>slow freezing<\/em>in, sadece d\u00f6llenmi\u015f yumurta h\u00fccrelerine (prokaryot fazda) yap\u0131labilece\u011fini s\u00f6yleyebiliriz.<\/p>\n<figure id=\"attachment_7464\" aria-describedby=\"caption-attachment-7464\" style=\"width: 800px\" class=\"wp-caption alignnone\"><img decoding=\"async\" class=\"size-full wp-image-7464\" src=\"https:\/\/kwt.meiio.net\/wp-content\/uploads\/med-dp_002-col-warmgrau.jpg\" alt=\"Bir PN-h\u00fccre. Bir PN-h\u00fccre. PN, pron\u00fckleus yani prokaryot anlam\u0131na gelmektedir. Burada iki prokaryot a\u00e7\u0131k\u00e7a g\u00f6r\u00fclmektedir.\" width=\"800\" height=\"600\" srcset=\"https:\/\/kwt.meiio.net\/wp-content\/uploads\/med-dp_002-col-warmgrau.jpg 800w, https:\/\/kwt.meiio.net\/wp-content\/uploads\/med-dp_002-col-warmgrau-300x225.jpg 300w, https:\/\/kwt.meiio.net\/wp-content\/uploads\/med-dp_002-col-warmgrau-768x576.jpg 768w\" sizes=\"(max-width: 800px) 100vw, 800px\" \/><figcaption id=\"caption-attachment-7464\" class=\"wp-caption-text\">Bir PN-h\u00fccre. Bir PN-h\u00fccre. PN, pron\u00fckleus yani prokaryot anlam\u0131na gelmektedir. Burada iki prokaryot a\u00e7\u0131k\u00e7a g\u00f6r\u00fclmektedir.<\/figcaption><\/figure>\n<figure id=\"attachment_7465\" aria-describedby=\"caption-attachment-7465\" style=\"width: 525px\" class=\"wp-caption alignnone\"><img decoding=\"async\" class=\"size-large wp-image-7465\" src=\"https:\/\/kwt.meiio.net\/wp-content\/uploads\/med-468-dp_026.jpg\" alt=\"B\u00f6yle kam\u0131\u015flarda (plastik kam\u0131\u015flar), her defas\u0131nda 1-3 yumurta h\u00fccresi dondurulur. \u00c7elikten bir top ile veya u\u00e7lar\u0131 kaynakla birle\u015ftirerek kapat\u0131l\u0131r.\" width=\"525\" height=\"349\" srcset=\"https:\/\/kwt.meiio.net\/wp-content\/uploads\/med-468-dp_026.jpg 800w, https:\/\/kwt.meiio.net\/wp-content\/uploads\/med-468-dp_026-300x200.jpg 300w, https:\/\/kwt.meiio.net\/wp-content\/uploads\/med-468-dp_026-768x511.jpg 768w\" sizes=\"(max-width: 525px) 100vw, 525px\" \/><figcaption id=\"caption-attachment-7465\" class=\"wp-caption-text\">B\u00f6yle kam\u0131\u015flarda (plastik kam\u0131\u015flar), her defas\u0131nda 1-3 yumurta h\u00fccresi dondurulur. \u00c7elikten bir top ile veya u\u00e7lar\u0131 kaynakla birle\u015ftirerek kapat\u0131l\u0131r.<\/figcaption><\/figure>\n<figure id=\"attachment_7466\" aria-describedby=\"caption-attachment-7466\" style=\"width: 525px\" class=\"wp-caption alignnone\"><img decoding=\"async\" class=\"size-large wp-image-7466\" src=\"https:\/\/kwt.meiio.net\/wp-content\/uploads\/\/bsb-114-680x1024.jpg\" alt=\"Dondurma cihazlar\u0131ndan bir tanesi. Burada kam\u0131\u015flar\u0131n her a\u015famas\u0131 gaz faz\u0131nda bulunan azotun s\u0131v\u0131 hale getirilmesi yoluyla bilgisayar taraf\u0131ndan kontrol edilir (s\u0131cakl\u0131k -196 \u00baC).\" width=\"525\" height=\"791\" srcset=\"https:\/\/kwt.meiio.net\/wp-content\/uploads\/bsb-114-680x1024.jpg 680w, https:\/\/kwt.meiio.net\/wp-content\/uploads\/bsb-114-199x300.jpg 199w, https:\/\/kwt.meiio.net\/wp-content\/uploads\/bsb-114-768x1156.jpg 768w, https:\/\/kwt.meiio.net\/wp-content\/uploads\/bsb-114.jpg 800w\" sizes=\"(max-width: 525px) 100vw, 525px\" \/><figcaption id=\"caption-attachment-7466\" class=\"wp-caption-text\">Dondurma cihazlar\u0131ndan bir tanesi. Burada kam\u0131\u015flar\u0131n her a\u015famas\u0131 gaz faz\u0131nda bulunan azotun s\u0131v\u0131 hale getirilmesi yoluyla bilgisayar taraf\u0131ndan kontrol edilir (s\u0131cakl\u0131k -196 \u00baC).<\/figcaption><\/figure>\n<p>Bu kam\u0131\u015flar, sonraki sikluslarda tekrar kullan\u0131l\u0131r \/ embriyo olmak \u00fczere k\u00fcltive edilir ve transfer edilirler. Hastaya \u00f6nceden hormon tedavisi yap\u0131lmas\u0131 veya yumurtas\u0131n\u0131n al\u0131nmas\u0131 gerekmez.<\/p>\n<p>\u201cSo\u011fuk siklusta\u201c embriyo transferi ba\u015far\u0131l\u0131 ge\u00e7ti\u011fi takdirde, bu h\u00fccreler \u00f6rne\u011fin iki y\u0131l sonra ba\u015fka bir \u00e7ocuk yapmak i\u00e7in gerekecek tedavide kullan\u0131labilir. Depolama ek bir kalite kayb\u0131 olmadan\u00a0<strong>\u00a0<\/strong>y\u0131llarca depolanabilirler.<\/p>\n<p>Almanya\u2019da en \u00e7ok kullan\u0131lan dondurma y\u00f6ntemi olan\u00a0<strong><em>slow freezing<\/em><\/strong>sayesinde, neredeyse hi\u00e7 d\u00f6llenmemi\u015f yumurta h\u00fccreleri (mesela kanser terapisi \u00f6ncesi do\u011furganl\u0131k rezervi olarak veya \u201eya\u015fam tarz\u0131na ba\u011fl\u0131\u201c bir \u00f6nlem olarak) zarar g\u00f6rmeden dondurulabilir. Bu y\u00f6ntem, embriyolar i\u00e7in optimal de\u011fildir.<\/p>\n","protected":false},"excerpt":{"rendered":"<p>Slow freezing (yava\u015f dondurma) \u015eimdiye kadar t\u00fcm d\u00fcnyada en s\u0131k kullan\u0131lan y\u00f6ntem olan \u201cslow-freezing\u201cde, h\u00fccrelere antifriz maddeler (h\u00fccrelerdeki buz kristalinin [&hellip;]<\/p>\n","protected":false},"author":2,"featured_media":7719,"parent":7713,"menu_order":1,"comment_status":"closed","ping_status":"closed","template":"page-siblingnavi.php","meta":{"footnotes":""},"class_list":["post-7718","page","type-page","status-publish","has-post-thumbnail","hentry"],"yoast_head":"<!-- This site is optimized with the Yoast SEO plugin v25.6 - https:\/\/yoast.com\/wordpress\/plugins\/seo\/ -->\n<title>slow-freezing &#8226; Kinderwunschteam Berlin<\/title>\n<meta name=\"description\" content=\"Slow freezing (yava\u015f dondurma) \u015eimdiye kadar t\u00fcm d\u00fcnyada en s\u0131k kullan\u0131lan y\u00f6ntem olan \u201cslow-freezing\u201cde, h\u00fccrelere antifriz maddeler (h\u00fccrelerdeki buz\" \/>\n<meta name=\"robots\" content=\"noindex, follow, max-snippet:-1, max-image-preview:large, max-video-preview:-1\" \/>\n<meta property=\"og:locale\" content=\"tr_TR\" \/>\n<meta property=\"og:type\" content=\"article\" \/>\n<meta property=\"og:title\" content=\"slow-freezing &#8226; Kinderwunschteam Berlin\" \/>\n<meta property=\"og:description\" content=\"Slow freezing (yava\u015f dondurma) \u015eimdiye kadar t\u00fcm d\u00fcnyada en s\u0131k kullan\u0131lan y\u00f6ntem olan \u201cslow-freezing\u201cde, h\u00fccrelere antifriz maddeler (h\u00fccrelerdeki buz\" \/>\n<meta property=\"og:url\" content=\"https:\/\/kwt.meiio.net\/tr\/uzun-omur\/tuep-bebek-ve-kisirlik\/tedavi\/kryokonservierung\/slow-freezing\" \/>\n<meta property=\"og:site_name\" content=\"Kinderwunschteam Berlin\" \/>\n<meta property=\"article:publisher\" content=\"https:\/\/www.facebook.com\/kinderwunschteam.berlin\/\" \/>\n<meta property=\"article:modified_time\" content=\"2019-01-30T19:24:04+00:00\" \/>\n<meta property=\"og:image\" content=\"https:\/\/kwt.meiio.net\/wp-content\/uploads\/KWT-8507-Kryo.jpg\" \/>\n\t<meta property=\"og:image:width\" content=\"2000\" \/>\n\t<meta property=\"og:image:height\" content=\"670\" \/>\n\t<meta property=\"og:image:type\" content=\"image\/jpeg\" \/>\n<meta name=\"twitter:card\" content=\"summary_large_image\" \/>\n<script type=\"application\/ld+json\" class=\"yoast-schema-graph\">{\"@context\":\"https:\/\/schema.org\",\"@graph\":[{\"@type\":\"WebPage\",\"@id\":\"https:\/\/kwt.meiio.net\/tr\/uzun-omur\/tuep-bebek-ve-kisirlik\/tedavi\/kryokonservierung\/slow-freezing\",\"url\":\"https:\/\/kwt.meiio.net\/tr\/uzun-omur\/tuep-bebek-ve-kisirlik\/tedavi\/kryokonservierung\/slow-freezing\",\"name\":\"slow-freezing &#8226; Kinderwunschteam Berlin\",\"isPartOf\":{\"@id\":\"https:\/\/kwt.meiio.net\/tr#website\"},\"primaryImageOfPage\":{\"@id\":\"https:\/\/kwt.meiio.net\/tr\/uzun-omur\/tuep-bebek-ve-kisirlik\/tedavi\/kryokonservierung\/slow-freezing#primaryimage\"},\"image\":{\"@id\":\"https:\/\/kwt.meiio.net\/tr\/uzun-omur\/tuep-bebek-ve-kisirlik\/tedavi\/kryokonservierung\/slow-freezing#primaryimage\"},\"thumbnailUrl\":\"https:\/\/kwt.meiio.net\/wp-content\/uploads\/KWT-8507-Kryo.jpg\",\"datePublished\":\"2010-03-12T10:06:50+00:00\",\"dateModified\":\"2019-01-30T19:24:04+00:00\",\"description\":\"Slow freezing (yava\u015f dondurma) \u015eimdiye kadar t\u00fcm d\u00fcnyada en s\u0131k kullan\u0131lan y\u00f6ntem olan \u201cslow-freezing\u201cde, h\u00fccrelere antifriz maddeler (h\u00fccrelerdeki buz\",\"breadcrumb\":{\"@id\":\"https:\/\/kwt.meiio.net\/tr\/uzun-omur\/tuep-bebek-ve-kisirlik\/tedavi\/kryokonservierung\/slow-freezing#breadcrumb\"},\"inLanguage\":\"tr\",\"potentialAction\":[{\"@type\":\"ReadAction\",\"target\":[\"https:\/\/kwt.meiio.net\/tr\/uzun-omur\/tuep-bebek-ve-kisirlik\/tedavi\/kryokonservierung\/slow-freezing\"]}]},{\"@type\":\"ImageObject\",\"inLanguage\":\"tr\",\"@id\":\"https:\/\/kwt.meiio.net\/tr\/uzun-omur\/tuep-bebek-ve-kisirlik\/tedavi\/kryokonservierung\/slow-freezing#primaryimage\",\"url\":\"https:\/\/kwt.meiio.net\/wp-content\/uploads\/KWT-8507-Kryo.jpg\",\"contentUrl\":\"https:\/\/kwt.meiio.net\/wp-content\/uploads\/KWT-8507-Kryo.jpg\",\"width\":2000,\"height\":670},{\"@type\":\"BreadcrumbList\",\"@id\":\"https:\/\/kwt.meiio.net\/tr\/uzun-omur\/tuep-bebek-ve-kisirlik\/tedavi\/kryokonservierung\/slow-freezing#breadcrumb\",\"itemListElement\":[{\"@type\":\"ListItem\",\"position\":1,\"name\":\"Startseite\",\"item\":\"https:\/\/kwt.meiio.net\/tr\"},{\"@type\":\"ListItem\",\"position\":2,\"name\":\"Hizmet alanlar\u0131m\u0131z\",\"item\":\"https:\/\/kwt.meiio.net\/tr\/uzun-omur\"},{\"@type\":\"ListItem\",\"position\":3,\"name\":\"T\u00fcp bebek ve k\u0131s\u0131rl\u0131k\",\"item\":\"https:\/\/kwt.meiio.net\/tr\/uzun-omur\/tuep-bebek-ve-kisirlik\"},{\"@type\":\"ListItem\",\"position\":4,\"name\":\"Tedavi\",\"item\":\"https:\/\/kwt.meiio.net\/tr\/uzun-omur\/tuep-bebek-ve-kisirlik\/tedavi\"},{\"@type\":\"ListItem\",\"position\":5,\"name\":\"Kriyo\",\"item\":\"https:\/\/kwt.meiio.net\/tr\/uzun-omur\/tuep-bebek-ve-kisirlik\/tedavi\/kryokonservierung\"},{\"@type\":\"ListItem\",\"position\":6,\"name\":\"slow-freezing\"}]},{\"@type\":\"WebSite\",\"@id\":\"https:\/\/kwt.meiio.net\/tr#website\",\"url\":\"https:\/\/kwt.meiio.net\/tr\",\"name\":\"Kinderwunschteam Berlin\",\"description\":\"Kinderwunsch- und Endometriose-Zentrum\",\"publisher\":{\"@id\":\"https:\/\/kwt.meiio.net\/tr#organization\"},\"potentialAction\":[{\"@type\":\"SearchAction\",\"target\":{\"@type\":\"EntryPoint\",\"urlTemplate\":\"https:\/\/kwt.meiio.net\/tr?s={search_term_string}\"},\"query-input\":{\"@type\":\"PropertyValueSpecification\",\"valueRequired\":true,\"valueName\":\"search_term_string\"}}],\"inLanguage\":\"tr\"},{\"@type\":\"Organization\",\"@id\":\"https:\/\/kwt.meiio.net\/tr#organization\",\"name\":\"Kinderwunschteam Berlin\",\"url\":\"https:\/\/kwt.meiio.net\/tr\",\"logo\":{\"@type\":\"ImageObject\",\"inLanguage\":\"tr\",\"@id\":\"https:\/\/kwt.meiio.net\/tr#\/schema\/logo\/image\/\",\"url\":\"https:\/\/kwt.meiio.net\/wp-content\/uploads\/Logo-KinderwunschteamBerlin-NavBar@2.png\",\"contentUrl\":\"https:\/\/kwt.meiio.net\/wp-content\/uploads\/Logo-KinderwunschteamBerlin-NavBar@2.png\",\"width\":800,\"height\":200,\"caption\":\"Kinderwunschteam Berlin\"},\"image\":{\"@id\":\"https:\/\/kwt.meiio.net\/tr#\/schema\/logo\/image\/\"},\"sameAs\":[\"https:\/\/www.facebook.com\/kinderwunschteam.berlin\/\",\"https:\/\/www.instagram.com\/kinderwunschteamberlin\/\"]}]}<\/script>\n<!-- \/ Yoast SEO plugin. -->","yoast_head_json":{"title":"slow-freezing &#8226; Kinderwunschteam Berlin","description":"Slow freezing (yava\u015f dondurma) \u015eimdiye kadar t\u00fcm d\u00fcnyada en s\u0131k kullan\u0131lan y\u00f6ntem olan \u201cslow-freezing\u201cde, h\u00fccrelere antifriz maddeler (h\u00fccrelerdeki buz","robots":{"index":"noindex","follow":"follow","max-snippet":"max-snippet:-1","max-image-preview":"max-image-preview:large","max-video-preview":"max-video-preview:-1"},"og_locale":"tr_TR","og_type":"article","og_title":"slow-freezing &#8226; Kinderwunschteam Berlin","og_description":"Slow freezing (yava\u015f dondurma) \u015eimdiye kadar t\u00fcm d\u00fcnyada en s\u0131k kullan\u0131lan y\u00f6ntem olan \u201cslow-freezing\u201cde, h\u00fccrelere antifriz maddeler (h\u00fccrelerdeki buz","og_url":"https:\/\/kwt.meiio.net\/tr\/uzun-omur\/tuep-bebek-ve-kisirlik\/tedavi\/kryokonservierung\/slow-freezing","og_site_name":"Kinderwunschteam Berlin","article_publisher":"https:\/\/www.facebook.com\/kinderwunschteam.berlin\/","article_modified_time":"2019-01-30T19:24:04+00:00","og_image":[{"width":2000,"height":670,"url":"https:\/\/kwt.meiio.net\/wp-content\/uploads\/KWT-8507-Kryo.jpg","type":"image\/jpeg"}],"twitter_card":"summary_large_image","schema":{"@context":"https:\/\/schema.org","@graph":[{"@type":"WebPage","@id":"https:\/\/kwt.meiio.net\/tr\/uzun-omur\/tuep-bebek-ve-kisirlik\/tedavi\/kryokonservierung\/slow-freezing","url":"https:\/\/kwt.meiio.net\/tr\/uzun-omur\/tuep-bebek-ve-kisirlik\/tedavi\/kryokonservierung\/slow-freezing","name":"slow-freezing &#8226; Kinderwunschteam Berlin","isPartOf":{"@id":"https:\/\/kwt.meiio.net\/tr#website"},"primaryImageOfPage":{"@id":"https:\/\/kwt.meiio.net\/tr\/uzun-omur\/tuep-bebek-ve-kisirlik\/tedavi\/kryokonservierung\/slow-freezing#primaryimage"},"image":{"@id":"https:\/\/kwt.meiio.net\/tr\/uzun-omur\/tuep-bebek-ve-kisirlik\/tedavi\/kryokonservierung\/slow-freezing#primaryimage"},"thumbnailUrl":"https:\/\/kwt.meiio.net\/wp-content\/uploads\/KWT-8507-Kryo.jpg","datePublished":"2010-03-12T10:06:50+00:00","dateModified":"2019-01-30T19:24:04+00:00","description":"Slow freezing (yava\u015f dondurma) \u015eimdiye kadar t\u00fcm d\u00fcnyada en s\u0131k kullan\u0131lan y\u00f6ntem olan \u201cslow-freezing\u201cde, h\u00fccrelere antifriz maddeler (h\u00fccrelerdeki buz","breadcrumb":{"@id":"https:\/\/kwt.meiio.net\/tr\/uzun-omur\/tuep-bebek-ve-kisirlik\/tedavi\/kryokonservierung\/slow-freezing#breadcrumb"},"inLanguage":"tr","potentialAction":[{"@type":"ReadAction","target":["https:\/\/kwt.meiio.net\/tr\/uzun-omur\/tuep-bebek-ve-kisirlik\/tedavi\/kryokonservierung\/slow-freezing"]}]},{"@type":"ImageObject","inLanguage":"tr","@id":"https:\/\/kwt.meiio.net\/tr\/uzun-omur\/tuep-bebek-ve-kisirlik\/tedavi\/kryokonservierung\/slow-freezing#primaryimage","url":"https:\/\/kwt.meiio.net\/wp-content\/uploads\/KWT-8507-Kryo.jpg","contentUrl":"https:\/\/kwt.meiio.net\/wp-content\/uploads\/KWT-8507-Kryo.jpg","width":2000,"height":670},{"@type":"BreadcrumbList","@id":"https:\/\/kwt.meiio.net\/tr\/uzun-omur\/tuep-bebek-ve-kisirlik\/tedavi\/kryokonservierung\/slow-freezing#breadcrumb","itemListElement":[{"@type":"ListItem","position":1,"name":"Startseite","item":"https:\/\/kwt.meiio.net\/tr"},{"@type":"ListItem","position":2,"name":"Hizmet alanlar\u0131m\u0131z","item":"https:\/\/kwt.meiio.net\/tr\/uzun-omur"},{"@type":"ListItem","position":3,"name":"T\u00fcp bebek ve k\u0131s\u0131rl\u0131k","item":"https:\/\/kwt.meiio.net\/tr\/uzun-omur\/tuep-bebek-ve-kisirlik"},{"@type":"ListItem","position":4,"name":"Tedavi","item":"https:\/\/kwt.meiio.net\/tr\/uzun-omur\/tuep-bebek-ve-kisirlik\/tedavi"},{"@type":"ListItem","position":5,"name":"Kriyo","item":"https:\/\/kwt.meiio.net\/tr\/uzun-omur\/tuep-bebek-ve-kisirlik\/tedavi\/kryokonservierung"},{"@type":"ListItem","position":6,"name":"slow-freezing"}]},{"@type":"WebSite","@id":"https:\/\/kwt.meiio.net\/tr#website","url":"https:\/\/kwt.meiio.net\/tr","name":"Kinderwunschteam Berlin","description":"Kinderwunsch- und Endometriose-Zentrum","publisher":{"@id":"https:\/\/kwt.meiio.net\/tr#organization"},"potentialAction":[{"@type":"SearchAction","target":{"@type":"EntryPoint","urlTemplate":"https:\/\/kwt.meiio.net\/tr?s={search_term_string}"},"query-input":{"@type":"PropertyValueSpecification","valueRequired":true,"valueName":"search_term_string"}}],"inLanguage":"tr"},{"@type":"Organization","@id":"https:\/\/kwt.meiio.net\/tr#organization","name":"Kinderwunschteam Berlin","url":"https:\/\/kwt.meiio.net\/tr","logo":{"@type":"ImageObject","inLanguage":"tr","@id":"https:\/\/kwt.meiio.net\/tr#\/schema\/logo\/image\/","url":"https:\/\/kwt.meiio.net\/wp-content\/uploads\/Logo-KinderwunschteamBerlin-NavBar@2.png","contentUrl":"https:\/\/kwt.meiio.net\/wp-content\/uploads\/Logo-KinderwunschteamBerlin-NavBar@2.png","width":800,"height":200,"caption":"Kinderwunschteam Berlin"},"image":{"@id":"https:\/\/kwt.meiio.net\/tr#\/schema\/logo\/image\/"},"sameAs":["https:\/\/www.facebook.com\/kinderwunschteam.berlin\/","https:\/\/www.instagram.com\/kinderwunschteamberlin\/"]}]}},"_links":{"self":[{"href":"https:\/\/kwt.meiio.net\/tr\/wp-json\/wp\/v2\/pages\/7718","targetHints":{"allow":["GET"]}}],"collection":[{"href":"https:\/\/kwt.meiio.net\/tr\/wp-json\/wp\/v2\/pages"}],"about":[{"href":"https:\/\/kwt.meiio.net\/tr\/wp-json\/wp\/v2\/types\/page"}],"author":[{"embeddable":true,"href":"https:\/\/kwt.meiio.net\/tr\/wp-json\/wp\/v2\/users\/2"}],"replies":[{"embeddable":true,"href":"https:\/\/kwt.meiio.net\/tr\/wp-json\/wp\/v2\/comments?post=7718"}],"version-history":[{"count":0,"href":"https:\/\/kwt.meiio.net\/tr\/wp-json\/wp\/v2\/pages\/7718\/revisions"}],"up":[{"embeddable":true,"href":"https:\/\/kwt.meiio.net\/tr\/wp-json\/wp\/v2\/pages\/7713"}],"wp:featuredmedia":[{"embeddable":true,"href":"https:\/\/kwt.meiio.net\/tr\/wp-json\/wp\/v2\/media\/7719"}],"wp:attachment":[{"href":"https:\/\/kwt.meiio.net\/tr\/wp-json\/wp\/v2\/media?parent=7718"}],"curies":[{"name":"wp","href":"https:\/\/api.w.org\/{rel}","templated":true}]}}