{"id":7713,"date":"2010-03-12T10:51:41","date_gmt":"2010-03-12T09:51:41","guid":{"rendered":"https:\/\/www.kinderwunschteam.berlin\/diagnostik-therapie\/tedavi-einstieg-therapie-alt\/kryokonservierung\/"},"modified":"2020-09-01T09:54:43","modified_gmt":"2020-09-01T07:54:43","slug":"kryokonservierung","status":"publish","type":"page","link":"https:\/\/kwt.meiio.net\/tr\/uzun-omur\/tuep-bebek-ve-kisirlik\/tedavi\/kryokonservierung","title":{"rendered":"Kriyo"},"content":{"rendered":"<h2>Kriyo koruma (dondurarak muhafaza etme)<\/h2>\n<p>Farkl\u0131 tip h\u00fccrelere zarar vermeksizin ileriki aylarda ya da y\u0131llarda tekrar kullanmak \u00fczere se\u00e7ilen h\u00fccreleri dondurmak uzun y\u0131llard\u0131r teknik olarak m\u00fcmk\u00fcnd\u00fcr.<\/p>\n<p>H\u00fccreleri dondurarak korumadaki problem, h\u00fccrelerin geli\u015fmeye devam edebilmeleri i\u00e7in gereken h\u00fccre organellerinin bozulmas\u0131ndan kaynaklan\u0131r. Bu durum \u00f6zellikle donma s\u0131ras\u0131nda h\u00fccrelerin buzla\u015fmas\u0131 ile ilgilidir. \u00c7\u00fcnk\u00fc, h\u00fccrelerin b\u00fcy\u00fck bir k\u0131sm\u0131 sudan olu\u015fmaktad\u0131r. Di\u011fer bir problem ise, h\u00fccre i\u00e7i ozmotik fark y\u00fcz\u00fcnden do\u011fan s\u0131v\u0131 ak\u0131\u015f\u0131n\u0131n verdi\u011fi zarard\u0131r. Antifriz maddeler kullan\u0131ld\u0131\u011f\u0131nda, zarar riski azalsa da, temel risk devam etmektedir.<\/p>\n<div class=\"mceTemp\"><\/div>\n<figure id=\"attachment_7467\" aria-describedby=\"caption-attachment-7467\" style=\"width: 525px\" class=\"wp-caption alignnone\"><img decoding=\"async\" class=\"size-large wp-image-7467\" src=\"https:\/\/kwt.meiio.net\/wp-content\/uploads\/bsb-060.jpg\" alt=\"Azot saklama kaplar\u0131\" width=\"525\" height=\"349\" srcset=\"https:\/\/kwt.meiio.net\/wp-content\/uploads\/bsb-060.jpg 800w, https:\/\/kwt.meiio.net\/wp-content\/uploads\/bsb-060-300x200.jpg 300w, https:\/\/kwt.meiio.net\/wp-content\/uploads\/bsb-060-768x511.jpg 768w\" sizes=\"(max-width: 525px) 100vw, 525px\" \/><figcaption id=\"caption-attachment-7467\" class=\"wp-caption-text\">Azot saklama kaplar\u0131<\/figcaption><\/figure>\n<figure id=\"attachment_7468\" aria-describedby=\"caption-attachment-7468\" style=\"width: 800px\" class=\"wp-caption alignnone\"><img decoding=\"async\" class=\"size-full wp-image-7468\" src=\"https:\/\/kwt.meiio.net\/wp-content\/uploads\/med-468-dp_090.jpg\" alt=\"Dikkatle yaz\u0131lm\u0131\u015f kam\u0131\u015flar saklama tank\u0131na koyulur.\" width=\"800\" height=\"532\" srcset=\"https:\/\/kwt.meiio.net\/wp-content\/uploads\/med-468-dp_090.jpg 800w, https:\/\/kwt.meiio.net\/wp-content\/uploads\/med-468-dp_090-300x200.jpg 300w, https:\/\/kwt.meiio.net\/wp-content\/uploads\/med-468-dp_090-768x511.jpg 768w\" sizes=\"(max-width: 800px) 100vw, 800px\" \/><figcaption id=\"caption-attachment-7468\" class=\"wp-caption-text\">Dikkatle yaz\u0131lm\u0131\u015f kam\u0131\u015flar saklama tank\u0131na koyulur.<\/figcaption><\/figure>\n<h3>\u0130ki tip kriyo koruma y\u00f6ntemi vard\u0131r:<\/h3>\n<ul>\n<li><strong><em>Slow cooling,<\/em><\/strong>\u00a0yava\u015f donma anlam\u0131na gelmektedir\u00a0<a href=\"https:\/\/kwt.meiio.net\/spektrum\/kinderwunsch\/therapie-des-unerfuellten-kinderwunsches\/kryokonservierung\/slow-freezing\"><em>slow-cooling<\/em>\u00a0veya\u00a0<em>slow-freezing hakk\u0131nda bilgiler<\/em><\/a><\/li>\n<\/ul>\n<ul>\n<li><em><strong>rapid freezing<\/strong><\/em>, Vitrifikasyon\u00a0<a href=\"https:\/\/kwt.meiio.net\/spektrum\/kinderwunsch\/therapie-des-unerfuellten-kinderwunsches\/kryokonservierung\/vitrifikation\">Vitrifikasyon hakk\u0131nda bilgiler<\/a><\/li>\n<\/ul>\n","protected":false},"excerpt":{"rendered":"<p>IVF\u2019de veya IVF + ICSI\u2019de \u201e\u00e7ok say\u0131da\u201c (k\u0131smen) d\u00f6llenmi\u015f yumurta dondurulduysa, bu yumurtalar, kriyo embriyo transferinde kullan\u0131labilir.<\/p>\n","protected":false},"author":2,"featured_media":7714,"parent":7671,"menu_order":7,"comment_status":"closed","ping_status":"closed","template":"page-subnavi.php","meta":{"footnotes":""},"class_list":["post-7713","page","type-page","status-publish","has-post-thumbnail","hentry"],"yoast_head":"<!-- This site is optimized with the Yoast SEO plugin v25.6 - https:\/\/yoast.com\/wordpress\/plugins\/seo\/ -->\n<title>Kriyo &#8226; Kinderwunschteam Berlin<\/title>\n<meta name=\"description\" content=\"IVF\u2019de veya IVF + ICSI\u2019de \u201e\u00e7ok say\u0131da\u201c (k\u0131smen) d\u00f6llenmi\u015f yumurta dondurulduysa, bu yumurtalar, kriyo embriyo transferinde kullan\u0131labilir.\" \/>\n<meta name=\"robots\" content=\"noindex, follow, max-snippet:-1, max-image-preview:large, max-video-preview:-1\" \/>\n<meta property=\"og:locale\" content=\"tr_TR\" \/>\n<meta property=\"og:type\" content=\"article\" \/>\n<meta property=\"og:title\" content=\"Kriyo &#8226; Kinderwunschteam Berlin\" \/>\n<meta property=\"og:description\" content=\"IVF\u2019de veya IVF + ICSI\u2019de \u201e\u00e7ok say\u0131da\u201c (k\u0131smen) d\u00f6llenmi\u015f yumurta dondurulduysa, bu yumurtalar, kriyo embriyo transferinde kullan\u0131labilir.\" \/>\n<meta property=\"og:url\" content=\"https:\/\/kwt.meiio.net\/tr\/uzun-omur\/tuep-bebek-ve-kisirlik\/tedavi\/kryokonservierung\" \/>\n<meta property=\"og:site_name\" content=\"Kinderwunschteam Berlin\" \/>\n<meta property=\"article:publisher\" content=\"https:\/\/www.facebook.com\/kinderwunschteam.berlin\/\" \/>\n<meta property=\"article:modified_time\" content=\"2020-09-01T07:54:43+00:00\" \/>\n<meta property=\"og:image\" content=\"https:\/\/kwt.meiio.net\/wp-content\/uploads\/KWT-8506-Kryo.jpg\" \/>\n\t<meta property=\"og:image:width\" content=\"2000\" \/>\n\t<meta property=\"og:image:height\" content=\"670\" \/>\n\t<meta property=\"og:image:type\" content=\"image\/jpeg\" \/>\n<meta name=\"twitter:card\" content=\"summary_large_image\" \/>\n<script type=\"application\/ld+json\" class=\"yoast-schema-graph\">{\"@context\":\"https:\/\/schema.org\",\"@graph\":[{\"@type\":\"WebPage\",\"@id\":\"https:\/\/kwt.meiio.net\/tr\/uzun-omur\/tuep-bebek-ve-kisirlik\/tedavi\/kryokonservierung\",\"url\":\"https:\/\/kwt.meiio.net\/tr\/uzun-omur\/tuep-bebek-ve-kisirlik\/tedavi\/kryokonservierung\",\"name\":\"Kriyo &#8226; Kinderwunschteam Berlin\",\"isPartOf\":{\"@id\":\"https:\/\/kwt.meiio.net\/tr#website\"},\"primaryImageOfPage\":{\"@id\":\"https:\/\/kwt.meiio.net\/tr\/uzun-omur\/tuep-bebek-ve-kisirlik\/tedavi\/kryokonservierung#primaryimage\"},\"image\":{\"@id\":\"https:\/\/kwt.meiio.net\/tr\/uzun-omur\/tuep-bebek-ve-kisirlik\/tedavi\/kryokonservierung#primaryimage\"},\"thumbnailUrl\":\"https:\/\/kwt.meiio.net\/wp-content\/uploads\/KWT-8506-Kryo.jpg\",\"datePublished\":\"2010-03-12T09:51:41+00:00\",\"dateModified\":\"2020-09-01T07:54:43+00:00\",\"description\":\"IVF\u2019de veya IVF + ICSI\u2019de \u201e\u00e7ok say\u0131da\u201c (k\u0131smen) d\u00f6llenmi\u015f yumurta dondurulduysa, bu yumurtalar, kriyo embriyo transferinde kullan\u0131labilir.\",\"breadcrumb\":{\"@id\":\"https:\/\/kwt.meiio.net\/tr\/uzun-omur\/tuep-bebek-ve-kisirlik\/tedavi\/kryokonservierung#breadcrumb\"},\"inLanguage\":\"tr\",\"potentialAction\":[{\"@type\":\"ReadAction\",\"target\":[\"https:\/\/kwt.meiio.net\/tr\/uzun-omur\/tuep-bebek-ve-kisirlik\/tedavi\/kryokonservierung\"]}]},{\"@type\":\"ImageObject\",\"inLanguage\":\"tr\",\"@id\":\"https:\/\/kwt.meiio.net\/tr\/uzun-omur\/tuep-bebek-ve-kisirlik\/tedavi\/kryokonservierung#primaryimage\",\"url\":\"https:\/\/kwt.meiio.net\/wp-content\/uploads\/KWT-8506-Kryo.jpg\",\"contentUrl\":\"https:\/\/kwt.meiio.net\/wp-content\/uploads\/KWT-8506-Kryo.jpg\",\"width\":2000,\"height\":670},{\"@type\":\"BreadcrumbList\",\"@id\":\"https:\/\/kwt.meiio.net\/tr\/uzun-omur\/tuep-bebek-ve-kisirlik\/tedavi\/kryokonservierung#breadcrumb\",\"itemListElement\":[{\"@type\":\"ListItem\",\"position\":1,\"name\":\"Startseite\",\"item\":\"https:\/\/kwt.meiio.net\/tr\"},{\"@type\":\"ListItem\",\"position\":2,\"name\":\"Hizmet alanlar\u0131m\u0131z\",\"item\":\"https:\/\/kwt.meiio.net\/tr\/uzun-omur\"},{\"@type\":\"ListItem\",\"position\":3,\"name\":\"T\u00fcp bebek ve k\u0131s\u0131rl\u0131k\",\"item\":\"https:\/\/kwt.meiio.net\/tr\/uzun-omur\/tuep-bebek-ve-kisirlik\"},{\"@type\":\"ListItem\",\"position\":4,\"name\":\"Tedavi\",\"item\":\"https:\/\/kwt.meiio.net\/tr\/uzun-omur\/tuep-bebek-ve-kisirlik\/tedavi\"},{\"@type\":\"ListItem\",\"position\":5,\"name\":\"Kriyo\"}]},{\"@type\":\"WebSite\",\"@id\":\"https:\/\/kwt.meiio.net\/tr#website\",\"url\":\"https:\/\/kwt.meiio.net\/tr\",\"name\":\"Kinderwunschteam Berlin\",\"description\":\"Kinderwunsch- und Endometriose-Zentrum\",\"publisher\":{\"@id\":\"https:\/\/kwt.meiio.net\/tr#organization\"},\"potentialAction\":[{\"@type\":\"SearchAction\",\"target\":{\"@type\":\"EntryPoint\",\"urlTemplate\":\"https:\/\/kwt.meiio.net\/tr?s={search_term_string}\"},\"query-input\":{\"@type\":\"PropertyValueSpecification\",\"valueRequired\":true,\"valueName\":\"search_term_string\"}}],\"inLanguage\":\"tr\"},{\"@type\":\"Organization\",\"@id\":\"https:\/\/kwt.meiio.net\/tr#organization\",\"name\":\"Kinderwunschteam Berlin\",\"url\":\"https:\/\/kwt.meiio.net\/tr\",\"logo\":{\"@type\":\"ImageObject\",\"inLanguage\":\"tr\",\"@id\":\"https:\/\/kwt.meiio.net\/tr#\/schema\/logo\/image\/\",\"url\":\"https:\/\/kwt.meiio.net\/wp-content\/uploads\/Logo-KinderwunschteamBerlin-NavBar@2.png\",\"contentUrl\":\"https:\/\/kwt.meiio.net\/wp-content\/uploads\/Logo-KinderwunschteamBerlin-NavBar@2.png\",\"width\":800,\"height\":200,\"caption\":\"Kinderwunschteam Berlin\"},\"image\":{\"@id\":\"https:\/\/kwt.meiio.net\/tr#\/schema\/logo\/image\/\"},\"sameAs\":[\"https:\/\/www.facebook.com\/kinderwunschteam.berlin\/\",\"https:\/\/www.instagram.com\/kinderwunschteamberlin\/\"]}]}<\/script>\n<!-- \/ Yoast SEO plugin. -->","yoast_head_json":{"title":"Kriyo &#8226; Kinderwunschteam Berlin","description":"IVF\u2019de veya IVF + ICSI\u2019de \u201e\u00e7ok say\u0131da\u201c (k\u0131smen) d\u00f6llenmi\u015f yumurta dondurulduysa, bu yumurtalar, kriyo embriyo transferinde kullan\u0131labilir.","robots":{"index":"noindex","follow":"follow","max-snippet":"max-snippet:-1","max-image-preview":"max-image-preview:large","max-video-preview":"max-video-preview:-1"},"og_locale":"tr_TR","og_type":"article","og_title":"Kriyo &#8226; Kinderwunschteam Berlin","og_description":"IVF\u2019de veya IVF + ICSI\u2019de \u201e\u00e7ok say\u0131da\u201c (k\u0131smen) d\u00f6llenmi\u015f yumurta dondurulduysa, bu yumurtalar, kriyo embriyo transferinde kullan\u0131labilir.","og_url":"https:\/\/kwt.meiio.net\/tr\/uzun-omur\/tuep-bebek-ve-kisirlik\/tedavi\/kryokonservierung","og_site_name":"Kinderwunschteam Berlin","article_publisher":"https:\/\/www.facebook.com\/kinderwunschteam.berlin\/","article_modified_time":"2020-09-01T07:54:43+00:00","og_image":[{"width":2000,"height":670,"url":"https:\/\/kwt.meiio.net\/wp-content\/uploads\/KWT-8506-Kryo.jpg","type":"image\/jpeg"}],"twitter_card":"summary_large_image","schema":{"@context":"https:\/\/schema.org","@graph":[{"@type":"WebPage","@id":"https:\/\/kwt.meiio.net\/tr\/uzun-omur\/tuep-bebek-ve-kisirlik\/tedavi\/kryokonservierung","url":"https:\/\/kwt.meiio.net\/tr\/uzun-omur\/tuep-bebek-ve-kisirlik\/tedavi\/kryokonservierung","name":"Kriyo &#8226; Kinderwunschteam Berlin","isPartOf":{"@id":"https:\/\/kwt.meiio.net\/tr#website"},"primaryImageOfPage":{"@id":"https:\/\/kwt.meiio.net\/tr\/uzun-omur\/tuep-bebek-ve-kisirlik\/tedavi\/kryokonservierung#primaryimage"},"image":{"@id":"https:\/\/kwt.meiio.net\/tr\/uzun-omur\/tuep-bebek-ve-kisirlik\/tedavi\/kryokonservierung#primaryimage"},"thumbnailUrl":"https:\/\/kwt.meiio.net\/wp-content\/uploads\/KWT-8506-Kryo.jpg","datePublished":"2010-03-12T09:51:41+00:00","dateModified":"2020-09-01T07:54:43+00:00","description":"IVF\u2019de veya IVF + ICSI\u2019de \u201e\u00e7ok say\u0131da\u201c (k\u0131smen) d\u00f6llenmi\u015f yumurta dondurulduysa, bu yumurtalar, kriyo embriyo transferinde kullan\u0131labilir.","breadcrumb":{"@id":"https:\/\/kwt.meiio.net\/tr\/uzun-omur\/tuep-bebek-ve-kisirlik\/tedavi\/kryokonservierung#breadcrumb"},"inLanguage":"tr","potentialAction":[{"@type":"ReadAction","target":["https:\/\/kwt.meiio.net\/tr\/uzun-omur\/tuep-bebek-ve-kisirlik\/tedavi\/kryokonservierung"]}]},{"@type":"ImageObject","inLanguage":"tr","@id":"https:\/\/kwt.meiio.net\/tr\/uzun-omur\/tuep-bebek-ve-kisirlik\/tedavi\/kryokonservierung#primaryimage","url":"https:\/\/kwt.meiio.net\/wp-content\/uploads\/KWT-8506-Kryo.jpg","contentUrl":"https:\/\/kwt.meiio.net\/wp-content\/uploads\/KWT-8506-Kryo.jpg","width":2000,"height":670},{"@type":"BreadcrumbList","@id":"https:\/\/kwt.meiio.net\/tr\/uzun-omur\/tuep-bebek-ve-kisirlik\/tedavi\/kryokonservierung#breadcrumb","itemListElement":[{"@type":"ListItem","position":1,"name":"Startseite","item":"https:\/\/kwt.meiio.net\/tr"},{"@type":"ListItem","position":2,"name":"Hizmet alanlar\u0131m\u0131z","item":"https:\/\/kwt.meiio.net\/tr\/uzun-omur"},{"@type":"ListItem","position":3,"name":"T\u00fcp bebek ve k\u0131s\u0131rl\u0131k","item":"https:\/\/kwt.meiio.net\/tr\/uzun-omur\/tuep-bebek-ve-kisirlik"},{"@type":"ListItem","position":4,"name":"Tedavi","item":"https:\/\/kwt.meiio.net\/tr\/uzun-omur\/tuep-bebek-ve-kisirlik\/tedavi"},{"@type":"ListItem","position":5,"name":"Kriyo"}]},{"@type":"WebSite","@id":"https:\/\/kwt.meiio.net\/tr#website","url":"https:\/\/kwt.meiio.net\/tr","name":"Kinderwunschteam Berlin","description":"Kinderwunsch- und Endometriose-Zentrum","publisher":{"@id":"https:\/\/kwt.meiio.net\/tr#organization"},"potentialAction":[{"@type":"SearchAction","target":{"@type":"EntryPoint","urlTemplate":"https:\/\/kwt.meiio.net\/tr?s={search_term_string}"},"query-input":{"@type":"PropertyValueSpecification","valueRequired":true,"valueName":"search_term_string"}}],"inLanguage":"tr"},{"@type":"Organization","@id":"https:\/\/kwt.meiio.net\/tr#organization","name":"Kinderwunschteam Berlin","url":"https:\/\/kwt.meiio.net\/tr","logo":{"@type":"ImageObject","inLanguage":"tr","@id":"https:\/\/kwt.meiio.net\/tr#\/schema\/logo\/image\/","url":"https:\/\/kwt.meiio.net\/wp-content\/uploads\/Logo-KinderwunschteamBerlin-NavBar@2.png","contentUrl":"https:\/\/kwt.meiio.net\/wp-content\/uploads\/Logo-KinderwunschteamBerlin-NavBar@2.png","width":800,"height":200,"caption":"Kinderwunschteam Berlin"},"image":{"@id":"https:\/\/kwt.meiio.net\/tr#\/schema\/logo\/image\/"},"sameAs":["https:\/\/www.facebook.com\/kinderwunschteam.berlin\/","https:\/\/www.instagram.com\/kinderwunschteamberlin\/"]}]}},"_links":{"self":[{"href":"https:\/\/kwt.meiio.net\/tr\/wp-json\/wp\/v2\/pages\/7713","targetHints":{"allow":["GET"]}}],"collection":[{"href":"https:\/\/kwt.meiio.net\/tr\/wp-json\/wp\/v2\/pages"}],"about":[{"href":"https:\/\/kwt.meiio.net\/tr\/wp-json\/wp\/v2\/types\/page"}],"author":[{"embeddable":true,"href":"https:\/\/kwt.meiio.net\/tr\/wp-json\/wp\/v2\/users\/2"}],"replies":[{"embeddable":true,"href":"https:\/\/kwt.meiio.net\/tr\/wp-json\/wp\/v2\/comments?post=7713"}],"version-history":[{"count":0,"href":"https:\/\/kwt.meiio.net\/tr\/wp-json\/wp\/v2\/pages\/7713\/revisions"}],"up":[{"embeddable":true,"href":"https:\/\/kwt.meiio.net\/tr\/wp-json\/wp\/v2\/pages\/7671"}],"wp:featuredmedia":[{"embeddable":true,"href":"https:\/\/kwt.meiio.net\/tr\/wp-json\/wp\/v2\/media\/7714"}],"wp:attachment":[{"href":"https:\/\/kwt.meiio.net\/tr\/wp-json\/wp\/v2\/media?parent=7713"}],"curies":[{"name":"wp","href":"https:\/\/api.w.org\/{rel}","templated":true}]}}