{"id":7709,"date":"2010-03-12T06:30:51","date_gmt":"2010-03-12T05:30:51","guid":{"rendered":"https:\/\/www.kinderwunschteam.berlin\/diagnostik-therapie\/tedavi-einstieg-therapie-alt\/icsi-intrazytoplasmatische-spermien-injektion\/tese\/"},"modified":"2020-09-11T22:07:38","modified_gmt":"2020-09-11T20:07:38","slug":"tese","status":"publish","type":"page","link":"https:\/\/kwt.meiio.net\/tr\/uzun-omur\/tuep-bebek-ve-kisirlik\/tedavi\/icsi-intrazytoplasmatische-spermien-injektion\/tese","title":{"rendered":"TESE"},"content":{"rendered":"<h3>Testik\u00fcler Sperm Ekstraksiyonu<\/h3>\n<p>Ejak\u00fclatta (sperm s\u0131v\u0131s\u0131) hi\u00e7 sperm olmamas\u0131 durumunda, bir\u00e7ok hastada sperm h\u00fccrelerinin direkt testik\u00fcler dokudan al\u0131nmas\u0131 m\u00fcmk\u00fcnd\u00fcr. Bu y\u00f6nteme\u00a0<strong><em>TESE (testik\u00fcler sperm ekstrasyonu)<\/em><\/strong>\u00a0ad\u0131 verilir. K\u00fc\u00e7\u00fck bir cerrahi giri\u015fim ile testik\u00fcler doku al\u0131narak kad\u0131n hastaya ya ayn\u0131 g\u00fcn i\u00e7inde ICSI ile verilir ya da al\u0131nan doku \u00f6nce dondurulur (kirokonserve edilir). Operasyon s\u0131ras\u0131nda i\u00e7erisinde sperm olup olmad\u0131\u011f\u0131 ara\u015ft\u0131r\u0131lan testik\u00fcler doku dondurulmu\u015f bir dokuysa, lojistik ve zamana ba\u011fl\u0131 olarak kad\u0131na yap\u0131lan sonraki tedavi de normal IVF\u2019de oldu\u011fu gibidir.<\/p>\n<figure id=\"attachment_7445\" aria-describedby=\"caption-attachment-7445\" style=\"width: 800px\" class=\"wp-caption alignnone\"><img decoding=\"async\" class=\"size-full wp-image-7445\" src=\"https:\/\/kwt.meiio.net\/wp-content\/uploads\/slide_23.jpg\" alt=\"TESE'nin \u015fematik anlat\u0131m\u0131\" width=\"800\" height=\"546\" srcset=\"https:\/\/kwt.meiio.net\/wp-content\/uploads\/slide_23.jpg 800w, https:\/\/kwt.meiio.net\/wp-content\/uploads\/slide_23-300x205.jpg 300w, https:\/\/kwt.meiio.net\/wp-content\/uploads\/slide_23-768x524.jpg 768w\" sizes=\"(max-width: 800px) 100vw, 800px\" \/><figcaption id=\"caption-attachment-7445\" class=\"wp-caption-text\">TESE&#8217;nin \u015fematik anlat\u0131m\u0131<\/figcaption><\/figure>\n<figure id=\"attachment_7444\" aria-describedby=\"caption-attachment-7444\" style=\"width: 800px\" class=\"wp-caption alignnone\"><img decoding=\"async\" class=\"size-full wp-image-7444\" src=\"https:\/\/kwt.meiio.net\/wp-content\/uploads\/bsb-002.jpg\" alt=\"\u00d6zel haz\u0131rlama \u00f6ncesinde, doku \u00f6rnekleri mekanik olarak ''gev\u015fetilir''\" width=\"800\" height=\"578\" srcset=\"https:\/\/kwt.meiio.net\/wp-content\/uploads\/bsb-002.jpg 800w, https:\/\/kwt.meiio.net\/wp-content\/uploads\/bsb-002-300x217.jpg 300w, https:\/\/kwt.meiio.net\/wp-content\/uploads\/bsb-002-768x555.jpg 768w\" sizes=\"(max-width: 800px) 100vw, 800px\" \/><figcaption id=\"caption-attachment-7444\" class=\"wp-caption-text\">\u00d6zel haz\u0131rlama \u00f6ncesinde, doku \u00f6rnekleri mekanik olarak &#8221;gev\u015fetilir&#8221;<\/figcaption><\/figure>\n<p>Bunda da\u00a0<a href=\"https:\/\/kwt.meiio.net\/spektrum\/kinderwunsch\/therapie-des-unerfuellten-kinderwunsches\/ivf-in-vitro-fertilisation\/mini-ivf\">Mini-IVF<\/a>\u00a0ve konvansiyonel\u00a0<a href=\"https:\/\/kwt.meiio.net\/spektrum\/kinderwunsch\/therapie-des-unerfuellten-kinderwunsches\/ivf-in-vitro-fertilisation\/konventionelle-ivf\">IVF<\/a>\u2019nin (her defas\u0131nda do\u011fal olarak\u00a0<a href=\"https:\/\/kwt.meiio.net\/spektrum\/kinderwunsch\/therapie-des-unerfuellten-kinderwunsches\/icsi-intrazytoplasmatische-spermien-injektion\">ICSI<\/a>ile) \u201etemel tedavi\u201c olarak yap\u0131lmas\u0131 m\u00fcmk\u00fcnd\u00fcr. V\u00fccutta \u201eana madde\u201c (testik\u00fcler doku) s\u0131n\u0131rs\u0131z miktarda bulunmad\u0131\u011f\u0131ndan\u00a0<a href=\"https:\/\/kwt.meiio.net\/spektrum\/kinderwunsch\/therapie-des-unerfuellten-kinderwunsches\/ivf-in-vitro-fertilisation\/nc-ivf\">NC IVF<\/a>y\u00f6ntemi burada yine de \u00e7ok fazla tavsiye edilmez.<\/p>\n<p>\u2014 \u015eematik anlat\u0131mlar: \u00a9 Prof. Herrero, Barcelona<\/p>\n","protected":false},"excerpt":{"rendered":"<p>Testik\u00fcler Sperm Ekstraksiyonu Ejak\u00fclatta (sperm s\u0131v\u0131s\u0131) hi\u00e7 sperm olmamas\u0131 durumunda, bir\u00e7ok hastada sperm h\u00fccrelerinin direkt testik\u00fcler dokudan al\u0131nmas\u0131 m\u00fcmk\u00fcnd\u00fcr. Bu [&hellip;]<\/p>\n","protected":false},"author":2,"featured_media":7710,"parent":7704,"menu_order":0,"comment_status":"closed","ping_status":"closed","template":"","meta":{"footnotes":""},"class_list":["post-7709","page","type-page","status-publish","has-post-thumbnail","hentry"],"yoast_head":"<!-- This site is optimized with the Yoast SEO plugin v25.6 - https:\/\/yoast.com\/wordpress\/plugins\/seo\/ -->\n<title>TESE &#8226; Kinderwunschteam Berlin<\/title>\n<meta name=\"description\" content=\"Testik\u00fcler Sperm Ekstraksiyonu Ejak\u00fclatta (sperm s\u0131v\u0131s\u0131) hi\u00e7 sperm olmamas\u0131 durumunda, bir\u00e7ok hastada sperm h\u00fccrelerinin direkt testik\u00fcler dokudan\" \/>\n<meta name=\"robots\" content=\"noindex, follow, max-snippet:-1, max-image-preview:large, max-video-preview:-1\" \/>\n<meta property=\"og:locale\" content=\"tr_TR\" \/>\n<meta property=\"og:type\" content=\"article\" \/>\n<meta property=\"og:title\" content=\"TESE &#8226; Kinderwunschteam Berlin\" \/>\n<meta property=\"og:description\" content=\"Testik\u00fcler Sperm Ekstraksiyonu Ejak\u00fclatta (sperm s\u0131v\u0131s\u0131) hi\u00e7 sperm olmamas\u0131 durumunda, bir\u00e7ok hastada sperm h\u00fccrelerinin direkt testik\u00fcler dokudan\" \/>\n<meta property=\"og:url\" content=\"https:\/\/kwt.meiio.net\/tr\/uzun-omur\/tuep-bebek-ve-kisirlik\/tedavi\/icsi-intrazytoplasmatische-spermien-injektion\/tese\" \/>\n<meta property=\"og:site_name\" content=\"Kinderwunschteam Berlin\" \/>\n<meta property=\"article:publisher\" content=\"https:\/\/www.facebook.com\/kinderwunschteam.berlin\/\" \/>\n<meta property=\"article:modified_time\" content=\"2020-09-11T20:07:38+00:00\" \/>\n<meta property=\"og:image\" content=\"https:\/\/kwt.meiio.net\/wp-content\/uploads\/KWT-7866-Labor-Mikroskop.jpg\" \/>\n\t<meta property=\"og:image:width\" content=\"2000\" \/>\n\t<meta property=\"og:image:height\" content=\"670\" \/>\n\t<meta property=\"og:image:type\" content=\"image\/jpeg\" \/>\n<meta name=\"twitter:card\" content=\"summary_large_image\" \/>\n<script type=\"application\/ld+json\" class=\"yoast-schema-graph\">{\"@context\":\"https:\/\/schema.org\",\"@graph\":[{\"@type\":\"WebPage\",\"@id\":\"https:\/\/kwt.meiio.net\/tr\/uzun-omur\/tuep-bebek-ve-kisirlik\/tedavi\/icsi-intrazytoplasmatische-spermien-injektion\/tese\",\"url\":\"https:\/\/kwt.meiio.net\/tr\/uzun-omur\/tuep-bebek-ve-kisirlik\/tedavi\/icsi-intrazytoplasmatische-spermien-injektion\/tese\",\"name\":\"TESE &#8226; Kinderwunschteam Berlin\",\"isPartOf\":{\"@id\":\"https:\/\/kwt.meiio.net\/tr#website\"},\"primaryImageOfPage\":{\"@id\":\"https:\/\/kwt.meiio.net\/tr\/uzun-omur\/tuep-bebek-ve-kisirlik\/tedavi\/icsi-intrazytoplasmatische-spermien-injektion\/tese#primaryimage\"},\"image\":{\"@id\":\"https:\/\/kwt.meiio.net\/tr\/uzun-omur\/tuep-bebek-ve-kisirlik\/tedavi\/icsi-intrazytoplasmatische-spermien-injektion\/tese#primaryimage\"},\"thumbnailUrl\":\"https:\/\/kwt.meiio.net\/wp-content\/uploads\/KWT-7866-Labor-Mikroskop.jpg\",\"datePublished\":\"2010-03-12T05:30:51+00:00\",\"dateModified\":\"2020-09-11T20:07:38+00:00\",\"description\":\"Testik\u00fcler Sperm Ekstraksiyonu Ejak\u00fclatta (sperm s\u0131v\u0131s\u0131) hi\u00e7 sperm olmamas\u0131 durumunda, bir\u00e7ok hastada sperm h\u00fccrelerinin direkt testik\u00fcler dokudan\",\"breadcrumb\":{\"@id\":\"https:\/\/kwt.meiio.net\/tr\/uzun-omur\/tuep-bebek-ve-kisirlik\/tedavi\/icsi-intrazytoplasmatische-spermien-injektion\/tese#breadcrumb\"},\"inLanguage\":\"tr\",\"potentialAction\":[{\"@type\":\"ReadAction\",\"target\":[\"https:\/\/kwt.meiio.net\/tr\/uzun-omur\/tuep-bebek-ve-kisirlik\/tedavi\/icsi-intrazytoplasmatische-spermien-injektion\/tese\"]}]},{\"@type\":\"ImageObject\",\"inLanguage\":\"tr\",\"@id\":\"https:\/\/kwt.meiio.net\/tr\/uzun-omur\/tuep-bebek-ve-kisirlik\/tedavi\/icsi-intrazytoplasmatische-spermien-injektion\/tese#primaryimage\",\"url\":\"https:\/\/kwt.meiio.net\/wp-content\/uploads\/KWT-7866-Labor-Mikroskop.jpg\",\"contentUrl\":\"https:\/\/kwt.meiio.net\/wp-content\/uploads\/KWT-7866-Labor-Mikroskop.jpg\",\"width\":2000,\"height\":670},{\"@type\":\"BreadcrumbList\",\"@id\":\"https:\/\/kwt.meiio.net\/tr\/uzun-omur\/tuep-bebek-ve-kisirlik\/tedavi\/icsi-intrazytoplasmatische-spermien-injektion\/tese#breadcrumb\",\"itemListElement\":[{\"@type\":\"ListItem\",\"position\":1,\"name\":\"Startseite\",\"item\":\"https:\/\/kwt.meiio.net\/tr\"},{\"@type\":\"ListItem\",\"position\":2,\"name\":\"Hizmet alanlar\u0131m\u0131z\",\"item\":\"https:\/\/kwt.meiio.net\/tr\/uzun-omur\"},{\"@type\":\"ListItem\",\"position\":3,\"name\":\"T\u00fcp bebek ve k\u0131s\u0131rl\u0131k\",\"item\":\"https:\/\/kwt.meiio.net\/tr\/uzun-omur\/tuep-bebek-ve-kisirlik\"},{\"@type\":\"ListItem\",\"position\":4,\"name\":\"Tedavi\",\"item\":\"https:\/\/kwt.meiio.net\/tr\/uzun-omur\/tuep-bebek-ve-kisirlik\/tedavi\"},{\"@type\":\"ListItem\",\"position\":5,\"name\":\"ICSI\",\"item\":\"https:\/\/kwt.meiio.net\/tr\/uzun-omur\/tuep-bebek-ve-kisirlik\/tedavi\/icsi-intrazytoplasmatische-spermien-injektion\"},{\"@type\":\"ListItem\",\"position\":6,\"name\":\"TESE\"}]},{\"@type\":\"WebSite\",\"@id\":\"https:\/\/kwt.meiio.net\/tr#website\",\"url\":\"https:\/\/kwt.meiio.net\/tr\",\"name\":\"Kinderwunschteam Berlin\",\"description\":\"Kinderwunsch- und Endometriose-Zentrum\",\"publisher\":{\"@id\":\"https:\/\/kwt.meiio.net\/tr#organization\"},\"potentialAction\":[{\"@type\":\"SearchAction\",\"target\":{\"@type\":\"EntryPoint\",\"urlTemplate\":\"https:\/\/kwt.meiio.net\/tr?s={search_term_string}\"},\"query-input\":{\"@type\":\"PropertyValueSpecification\",\"valueRequired\":true,\"valueName\":\"search_term_string\"}}],\"inLanguage\":\"tr\"},{\"@type\":\"Organization\",\"@id\":\"https:\/\/kwt.meiio.net\/tr#organization\",\"name\":\"Kinderwunschteam Berlin\",\"url\":\"https:\/\/kwt.meiio.net\/tr\",\"logo\":{\"@type\":\"ImageObject\",\"inLanguage\":\"tr\",\"@id\":\"https:\/\/kwt.meiio.net\/tr#\/schema\/logo\/image\/\",\"url\":\"https:\/\/kwt.meiio.net\/wp-content\/uploads\/Logo-KinderwunschteamBerlin-NavBar@2.png\",\"contentUrl\":\"https:\/\/kwt.meiio.net\/wp-content\/uploads\/Logo-KinderwunschteamBerlin-NavBar@2.png\",\"width\":800,\"height\":200,\"caption\":\"Kinderwunschteam Berlin\"},\"image\":{\"@id\":\"https:\/\/kwt.meiio.net\/tr#\/schema\/logo\/image\/\"},\"sameAs\":[\"https:\/\/www.facebook.com\/kinderwunschteam.berlin\/\",\"https:\/\/www.instagram.com\/kinderwunschteamberlin\/\"]}]}<\/script>\n<!-- \/ Yoast SEO plugin. -->","yoast_head_json":{"title":"TESE &#8226; Kinderwunschteam Berlin","description":"Testik\u00fcler Sperm Ekstraksiyonu Ejak\u00fclatta (sperm s\u0131v\u0131s\u0131) hi\u00e7 sperm olmamas\u0131 durumunda, bir\u00e7ok hastada sperm h\u00fccrelerinin direkt testik\u00fcler dokudan","robots":{"index":"noindex","follow":"follow","max-snippet":"max-snippet:-1","max-image-preview":"max-image-preview:large","max-video-preview":"max-video-preview:-1"},"og_locale":"tr_TR","og_type":"article","og_title":"TESE &#8226; Kinderwunschteam Berlin","og_description":"Testik\u00fcler Sperm Ekstraksiyonu Ejak\u00fclatta (sperm s\u0131v\u0131s\u0131) hi\u00e7 sperm olmamas\u0131 durumunda, bir\u00e7ok hastada sperm h\u00fccrelerinin direkt testik\u00fcler dokudan","og_url":"https:\/\/kwt.meiio.net\/tr\/uzun-omur\/tuep-bebek-ve-kisirlik\/tedavi\/icsi-intrazytoplasmatische-spermien-injektion\/tese","og_site_name":"Kinderwunschteam Berlin","article_publisher":"https:\/\/www.facebook.com\/kinderwunschteam.berlin\/","article_modified_time":"2020-09-11T20:07:38+00:00","og_image":[{"width":2000,"height":670,"url":"https:\/\/kwt.meiio.net\/wp-content\/uploads\/KWT-7866-Labor-Mikroskop.jpg","type":"image\/jpeg"}],"twitter_card":"summary_large_image","schema":{"@context":"https:\/\/schema.org","@graph":[{"@type":"WebPage","@id":"https:\/\/kwt.meiio.net\/tr\/uzun-omur\/tuep-bebek-ve-kisirlik\/tedavi\/icsi-intrazytoplasmatische-spermien-injektion\/tese","url":"https:\/\/kwt.meiio.net\/tr\/uzun-omur\/tuep-bebek-ve-kisirlik\/tedavi\/icsi-intrazytoplasmatische-spermien-injektion\/tese","name":"TESE &#8226; Kinderwunschteam Berlin","isPartOf":{"@id":"https:\/\/kwt.meiio.net\/tr#website"},"primaryImageOfPage":{"@id":"https:\/\/kwt.meiio.net\/tr\/uzun-omur\/tuep-bebek-ve-kisirlik\/tedavi\/icsi-intrazytoplasmatische-spermien-injektion\/tese#primaryimage"},"image":{"@id":"https:\/\/kwt.meiio.net\/tr\/uzun-omur\/tuep-bebek-ve-kisirlik\/tedavi\/icsi-intrazytoplasmatische-spermien-injektion\/tese#primaryimage"},"thumbnailUrl":"https:\/\/kwt.meiio.net\/wp-content\/uploads\/KWT-7866-Labor-Mikroskop.jpg","datePublished":"2010-03-12T05:30:51+00:00","dateModified":"2020-09-11T20:07:38+00:00","description":"Testik\u00fcler Sperm Ekstraksiyonu Ejak\u00fclatta (sperm s\u0131v\u0131s\u0131) hi\u00e7 sperm olmamas\u0131 durumunda, bir\u00e7ok hastada sperm h\u00fccrelerinin direkt testik\u00fcler dokudan","breadcrumb":{"@id":"https:\/\/kwt.meiio.net\/tr\/uzun-omur\/tuep-bebek-ve-kisirlik\/tedavi\/icsi-intrazytoplasmatische-spermien-injektion\/tese#breadcrumb"},"inLanguage":"tr","potentialAction":[{"@type":"ReadAction","target":["https:\/\/kwt.meiio.net\/tr\/uzun-omur\/tuep-bebek-ve-kisirlik\/tedavi\/icsi-intrazytoplasmatische-spermien-injektion\/tese"]}]},{"@type":"ImageObject","inLanguage":"tr","@id":"https:\/\/kwt.meiio.net\/tr\/uzun-omur\/tuep-bebek-ve-kisirlik\/tedavi\/icsi-intrazytoplasmatische-spermien-injektion\/tese#primaryimage","url":"https:\/\/kwt.meiio.net\/wp-content\/uploads\/KWT-7866-Labor-Mikroskop.jpg","contentUrl":"https:\/\/kwt.meiio.net\/wp-content\/uploads\/KWT-7866-Labor-Mikroskop.jpg","width":2000,"height":670},{"@type":"BreadcrumbList","@id":"https:\/\/kwt.meiio.net\/tr\/uzun-omur\/tuep-bebek-ve-kisirlik\/tedavi\/icsi-intrazytoplasmatische-spermien-injektion\/tese#breadcrumb","itemListElement":[{"@type":"ListItem","position":1,"name":"Startseite","item":"https:\/\/kwt.meiio.net\/tr"},{"@type":"ListItem","position":2,"name":"Hizmet alanlar\u0131m\u0131z","item":"https:\/\/kwt.meiio.net\/tr\/uzun-omur"},{"@type":"ListItem","position":3,"name":"T\u00fcp bebek ve k\u0131s\u0131rl\u0131k","item":"https:\/\/kwt.meiio.net\/tr\/uzun-omur\/tuep-bebek-ve-kisirlik"},{"@type":"ListItem","position":4,"name":"Tedavi","item":"https:\/\/kwt.meiio.net\/tr\/uzun-omur\/tuep-bebek-ve-kisirlik\/tedavi"},{"@type":"ListItem","position":5,"name":"ICSI","item":"https:\/\/kwt.meiio.net\/tr\/uzun-omur\/tuep-bebek-ve-kisirlik\/tedavi\/icsi-intrazytoplasmatische-spermien-injektion"},{"@type":"ListItem","position":6,"name":"TESE"}]},{"@type":"WebSite","@id":"https:\/\/kwt.meiio.net\/tr#website","url":"https:\/\/kwt.meiio.net\/tr","name":"Kinderwunschteam Berlin","description":"Kinderwunsch- und Endometriose-Zentrum","publisher":{"@id":"https:\/\/kwt.meiio.net\/tr#organization"},"potentialAction":[{"@type":"SearchAction","target":{"@type":"EntryPoint","urlTemplate":"https:\/\/kwt.meiio.net\/tr?s={search_term_string}"},"query-input":{"@type":"PropertyValueSpecification","valueRequired":true,"valueName":"search_term_string"}}],"inLanguage":"tr"},{"@type":"Organization","@id":"https:\/\/kwt.meiio.net\/tr#organization","name":"Kinderwunschteam Berlin","url":"https:\/\/kwt.meiio.net\/tr","logo":{"@type":"ImageObject","inLanguage":"tr","@id":"https:\/\/kwt.meiio.net\/tr#\/schema\/logo\/image\/","url":"https:\/\/kwt.meiio.net\/wp-content\/uploads\/Logo-KinderwunschteamBerlin-NavBar@2.png","contentUrl":"https:\/\/kwt.meiio.net\/wp-content\/uploads\/Logo-KinderwunschteamBerlin-NavBar@2.png","width":800,"height":200,"caption":"Kinderwunschteam Berlin"},"image":{"@id":"https:\/\/kwt.meiio.net\/tr#\/schema\/logo\/image\/"},"sameAs":["https:\/\/www.facebook.com\/kinderwunschteam.berlin\/","https:\/\/www.instagram.com\/kinderwunschteamberlin\/"]}]}},"_links":{"self":[{"href":"https:\/\/kwt.meiio.net\/tr\/wp-json\/wp\/v2\/pages\/7709","targetHints":{"allow":["GET"]}}],"collection":[{"href":"https:\/\/kwt.meiio.net\/tr\/wp-json\/wp\/v2\/pages"}],"about":[{"href":"https:\/\/kwt.meiio.net\/tr\/wp-json\/wp\/v2\/types\/page"}],"author":[{"embeddable":true,"href":"https:\/\/kwt.meiio.net\/tr\/wp-json\/wp\/v2\/users\/2"}],"replies":[{"embeddable":true,"href":"https:\/\/kwt.meiio.net\/tr\/wp-json\/wp\/v2\/comments?post=7709"}],"version-history":[{"count":0,"href":"https:\/\/kwt.meiio.net\/tr\/wp-json\/wp\/v2\/pages\/7709\/revisions"}],"up":[{"embeddable":true,"href":"https:\/\/kwt.meiio.net\/tr\/wp-json\/wp\/v2\/pages\/7704"}],"wp:featuredmedia":[{"embeddable":true,"href":"https:\/\/kwt.meiio.net\/tr\/wp-json\/wp\/v2\/media\/7710"}],"wp:attachment":[{"href":"https:\/\/kwt.meiio.net\/tr\/wp-json\/wp\/v2\/media?parent=7709"}],"curies":[{"name":"wp","href":"https:\/\/api.w.org\/{rel}","templated":true}]}}