{"id":7704,"date":"2010-03-12T06:21:02","date_gmt":"2010-03-12T05:21:02","guid":{"rendered":"https:\/\/www.kinderwunschteam.berlin\/diagnostik-therapie\/tedavi-einstieg-therapie-alt\/icsi-intrazytoplasmatische-spermien-injektion\/"},"modified":"2020-09-01T09:53:36","modified_gmt":"2020-09-01T07:53:36","slug":"icsi-intrazytoplasmatische-spermien-injektion","status":"publish","type":"page","link":"https:\/\/kwt.meiio.net\/tr\/uzun-omur\/tuep-bebek-ve-kisirlik\/tedavi\/icsi-intrazytoplasmatische-spermien-injektion","title":{"rendered":"ICSI"},"content":{"rendered":"<h2>ICSI \u2013 \u0130NTRAS\u0130TOPLAZM\u0130K SPERM ENJEKS\u0130YONU (Sperm mikroenjeksiyonuyla t\u00fcp bebek)<\/h2>\n<h3>Konvansiyonel IVF ve ICSI<\/h3>\n<p>ICSI\u2019nin temel tedavisi IVF\u2019tir. Y\u00f6ntemin IVF\u2019den tek fark\u0131, bu y\u00f6ntemde her yumurta h\u00fccresine 100000 sperm verilmez. Bunun yerine yumurta h\u00fccresine bir sperm a\u015f\u0131lan\u0131r. A\u015fa\u011f\u0131daki metinde, IVF\u2019ye olan TEK fark renkle g\u00f6sterilmi\u015ftir. Di\u011fer metinde herhangi bir de\u011fi\u015fiklik yap\u0131lmam\u0131\u015ft\u0131r!<\/p>\n<p><strong>Y\u00f6ntem<\/strong><\/p>\n<h3>1. \u0130la\u00e7l\u0131 \u00f6n tedavi<\/h3>\n<p>Konvansiyonel IVF\u2019de, ila\u00e7l\u0131 bir \u00f6n tedavi ile, optimal hormonal ko\u015fullar\u0131 ve yumurta h\u00fccrelerinin say\u0131s\u0131n\u0131n nispeten artmas\u0131 sa\u011flan\u0131r. Normalde bu i\u015flem i\u00e7in deri alt\u0131na g\u00fcnde 150 \u2013 225 I.E. FSH (Gonal-F veya Puregon) ya da FSH\/LH kar\u0131\u015f\u0131m\u0131 (Menogon) enjekte edilir. Erken ov\u00fclasyonu \u00f6nlemek i\u00e7in ek olarak farkl\u0131 ila\u00e7lara da gereksinim duyulur (Synarela Spray, Zoladex, Enantone, Dekapeptyl).<\/p>\n<p>Yeterince folik\u00fcl (yumurta kesesi) b\u00fcy\u00fcd\u00fckten sonra, yumurta h\u00fccresinin olgunla\u015fma faz\u0131n\u0131 tamamlayabilmesi i\u00e7in bayan hastaya \u201cov\u00fclasyon a\u015f\u0131s\u0131\u201c (Brevactid, Pregnesin, Ovitrelle) verilir. Bir folik\u00fcl ponksiyonu yard\u0131m\u0131yla eskiye gore daha \u00e7ok yumurta h\u00fccresi al\u0131nabilmektedir.<\/p>\n<h3>2. Yumurta h\u00fccrelerinin al\u0131nmas\u0131<\/h3>\n<p>Ultrason denetiminde vajinal folik\u00fcl ponksiyonu, normalde HCG i\u011fnesi vurulduktan 32 ila 36 saat sonra, k\u0131sa s\u00fcreli anesteziyle yap\u0131l\u0131r.<\/p>\n<p>Bununla ultrason ba\u015fl\u0131kl\u0131 ponksiyon i\u011fnesi, vajina duvar\u0131ndan yumurtal\u0131\u011fa getirilir. Oraya gelindi\u011finde, folik\u00fcller (yumurta kesesi) bir bir ponksiyonla al\u0131n\u0131r. S\u0131v\u0131 aspire edilir ve i\u00e7inde yumurta h\u00fccresinin olup olmad\u0131\u011f\u0131n\u0131 \u00f6\u011frenebilmek \u00fczere s\u0131v\u0131 hemen biyologlara g\u00f6nderilir.<\/p>\n<h3>3. D\u00f6llenme<\/h3>\n<p>Laboratuvarda, pahal\u0131 bir mikroskobun yard\u0131m\u0131yla, her yumurta h\u00fccresine bir sperm a\u015f\u0131lan\u0131r. \u00c7anaklar, geceden ink\u00fcbat\u00f6re ink\u00fcbe olmaya (k\u00fclt\u00fcr geli\u015ftirmesi i\u00e7in) b\u0131rak\u0131l\u0131r.<\/p>\n<figure id=\"attachment_7452\" aria-describedby=\"caption-attachment-7452\" style=\"width: 800px\" class=\"wp-caption alignnone\"><img decoding=\"async\" class=\"size-full wp-image-7452\" src=\"https:\/\/kwt.meiio.net\/wp-content\/uploads\/ba-b-_dp_008.jpg\" alt=\"\u0130lk olarak kompleks bir donat\u0131 ile bir yumurta h\u00fccresinin cam bir pipete tutturulmas\u0131 sa\u011flan\u0131r...\" width=\"800\" height=\"598\" srcset=\"https:\/\/kwt.meiio.net\/wp-content\/uploads\/ba-b-_dp_008.jpg 800w, https:\/\/kwt.meiio.net\/wp-content\/uploads\/ba-b-_dp_008-300x224.jpg 300w, https:\/\/kwt.meiio.net\/wp-content\/uploads\/ba-b-_dp_008-768x574.jpg 768w\" sizes=\"(max-width: 800px) 100vw, 800px\" \/><figcaption id=\"caption-attachment-7452\" class=\"wp-caption-text\">\u0130lk olarak kompleks bir donat\u0131 ile bir yumurta h\u00fccresinin cam bir pipete tutturulmas\u0131 sa\u011flan\u0131r&#8230;<\/figcaption><\/figure>\n<p>\u2026 \u2026 sonra sperm cam bir kapiler t\u00fcp ile, direkt yumurta h\u00fccresine a\u015f\u0131lan\u0131r.<\/p>\n<p>19-21 saat sonra, ka\u00e7 adet yumurta h\u00fccresinin \u00e7ekirdek \u00f6ncesi faza (PN faz\u0131 \u2013 pron\u00fckleus faza) ula\u015ft\u0131\u011f\u0131 saptand\u0131ktan sonra, PN faz\u0131 h\u00fccrelerinden (en az\u0131ndan Almanya\u2019da) hangilerinin (en fazla 3 olmak suretiyle) d\u00f6llenme i\u015fleminde kullan\u0131laca\u011f\u0131 se\u00e7ilmelidir. Her pron\u00fckleusta yumurta h\u00fccrelerinden ve spermlerden gelen kromozomlar bulunur.<\/p>\n<p>Sperm verildikten sonraki 2. veya 3. g\u00fcnde, bir veya birden \u00e7ok embriyo geli\u015fti\u011finde, emriyo veya embriyolar rahim bo\u015flu\u011funa transfer edilir. Bu a\u015famada bir veya birden fazla blastokist olu\u015fursa, 5. g\u00fcnde de transfer yap\u0131labilir ve bu uygulamada mant\u0131kl\u0131d\u0131r.<\/p>\n<p><a href=\"https:\/\/kwt.meiio.net\/spektrum\/kinderwunsch\/therapie-des-unerfuellten-kinderwunsches\/blastozystenkultur\">Blastosit transferi hakk\u0131nda di\u011fer bilgiler<\/a><\/p>\n<h3>4. Embriyo transferi<\/h3>\n<p>Sperm al\u0131nmas\u0131n\u0131n 2., 3. veya 5. g\u00fcn\u00fcnde, embriyo transferi yap\u0131l\u0131r. Gerekti\u011finde ultrason g\u00f6zetiminde yap\u0131lacak bu transfer s\u0131ras\u0131nda, hastan\u0131n can\u0131n\u0131 yakmadan bir kateter rahim bo\u015flu\u011funa sokulur. Sonra, embriyo veya embriyolar, buraya dikkatle b\u0131rak\u0131l\u0131r. Bu transferin haz\u0131rlanmas\u0131 a\u015famas\u0131nda, kad\u0131n, rahim kaslar\u0131n\u0131 gev\u015feten ila\u00e7lar kullanabilir. \u0130zleyen 14 g\u00fcn, kad\u0131na progesteron (sar\u0131 cisim hormonu: Crinone\u00ae jeli, Utrogest\u00ae) verilerek, kad\u0131n\u0131n mukoza oran\u0131n\u0131n embriyonun implantasyonu (rahim i\u00e7ine ekilmesi) i\u00e7in optimum olmas\u0131 sa\u011flan\u0131r.<\/p>\n<p>Embriyo transferinden sonraki s\u00fcrede heyecanlanmaman\u0131z ve \u00e7ok fazla hareket etmemeniz gerekir. Ayn\u0131 \u015fekilde, kan dola\u015f\u0131m\u0131n\u0131z\u0131 artt\u0131ran spor aktivitelerinden ka\u00e7\u0131nman\u0131z ve s\u0131cakl\u0131\u011f\u0131 y\u00fcksek olan ortamlarda (sauna, s\u0131cak su banyolar\u0131) bulunmaman\u0131z gerekmektedir. Bunun d\u0131\u015f\u0131nda, \u00f6zel bir tavsiyemiz yok. Hatta cinsel ili\u015fki bile pozitif etki eder.<\/p>\n<p>D\u00f6llenmeden 12 ila 14 g\u00fcn sonra idrar ve kan al\u0131narak yap\u0131lan testler sonucunda, kad\u0131n\u0131n gebe kal\u0131p kalmad\u0131\u011f\u0131 belirlenir.<\/p>\n<p>Bu uygulamada da temel tedavi bireyselle\u015ftirilebilir.\u00a0<a href=\"https:\/\/kwt.meiio.net\/spektrum\/kinderwunsch\/therapie-des-unerfuellten-kinderwunsches\/ivf-in-vitro-fertilisation\">IVF<\/a>,\u00a0<a href=\"https:\/\/kwt.meiio.net\/spektrum\/kinderwunsch\/therapie-des-unerfuellten-kinderwunsches\/ivf-in-vitro-fertilisation\/nc-ivf\">NC-IVF<\/a>,\u00a0<a href=\"https:\/\/kwt.meiio.net\/spektrum\/kinderwunsch\/therapie-des-unerfuellten-kinderwunsches\/ivf-in-vitro-fertilisation\/mini-ivf\">Mini-IVF<\/a>\u00a0ve\u00a0<a href=\"https:\/\/kwt.meiio.net\/spektrum\/kinderwunsch\/therapie-des-unerfuellten-kinderwunsches\/ivf-in-vitro-fertilisation\/konventionelle-ivf\">konvansiyonel IVF<\/a> nin farkl\u0131 tipleri hakk\u0131nda a\u00e7\u0131klamalar ba\u015fka bir yerde verilmi\u015ftir.<\/p>\n","protected":false},"excerpt":{"rendered":"<p>Sperm kalitesi \u00e7ok d\u00fc\u015f\u00fck oldu\u011funda veya spermler sadece testis biyopsisi materyalinin al\u0131m\u0131 ile elde ediliyorsa, ek olarak ICSI yap\u0131lmas\u0131 \u015fartt\u0131r.<\/p>\n","protected":false},"author":2,"featured_media":7705,"parent":7671,"menu_order":6,"comment_status":"closed","ping_status":"closed","template":"page-subnavi.php","meta":{"footnotes":""},"class_list":["post-7704","page","type-page","status-publish","has-post-thumbnail","hentry"],"yoast_head":"<!-- This site is optimized with the Yoast SEO plugin v25.6 - https:\/\/yoast.com\/wordpress\/plugins\/seo\/ -->\n<title>ICSI &#8226; Kinderwunschteam Berlin<\/title>\n<meta name=\"description\" content=\"Sperm kalitesi \u00e7ok d\u00fc\u015f\u00fck oldu\u011funda veya spermler sadece testis biyopsisi materyalinin al\u0131m\u0131 ile elde ediliyorsa, ek olarak ICSI yap\u0131lmas\u0131 \u015fartt\u0131r.\" \/>\n<meta name=\"robots\" content=\"noindex, follow, max-snippet:-1, max-image-preview:large, max-video-preview:-1\" \/>\n<meta property=\"og:locale\" content=\"tr_TR\" \/>\n<meta property=\"og:type\" content=\"article\" \/>\n<meta property=\"og:title\" content=\"ICSI &#8226; Kinderwunschteam Berlin\" \/>\n<meta property=\"og:description\" content=\"Sperm kalitesi \u00e7ok d\u00fc\u015f\u00fck oldu\u011funda veya spermler sadece testis biyopsisi materyalinin al\u0131m\u0131 ile elde ediliyorsa, ek olarak ICSI yap\u0131lmas\u0131 \u015fartt\u0131r.\" \/>\n<meta property=\"og:url\" content=\"https:\/\/kwt.meiio.net\/tr\/uzun-omur\/tuep-bebek-ve-kisirlik\/tedavi\/icsi-intrazytoplasmatische-spermien-injektion\" \/>\n<meta property=\"og:site_name\" content=\"Kinderwunschteam Berlin\" \/>\n<meta property=\"article:publisher\" content=\"https:\/\/www.facebook.com\/kinderwunschteam.berlin\/\" \/>\n<meta property=\"article:modified_time\" content=\"2020-09-01T07:53:36+00:00\" \/>\n<meta property=\"og:image\" content=\"https:\/\/kwt.meiio.net\/wp-content\/uploads\/KWT-7868-Labor-Mikroskop.jpg\" \/>\n\t<meta property=\"og:image:width\" content=\"2000\" \/>\n\t<meta property=\"og:image:height\" content=\"670\" \/>\n\t<meta property=\"og:image:type\" content=\"image\/jpeg\" \/>\n<meta name=\"twitter:card\" content=\"summary_large_image\" \/>\n<script type=\"application\/ld+json\" class=\"yoast-schema-graph\">{\"@context\":\"https:\/\/schema.org\",\"@graph\":[{\"@type\":\"WebPage\",\"@id\":\"https:\/\/kwt.meiio.net\/tr\/uzun-omur\/tuep-bebek-ve-kisirlik\/tedavi\/icsi-intrazytoplasmatische-spermien-injektion\",\"url\":\"https:\/\/kwt.meiio.net\/tr\/uzun-omur\/tuep-bebek-ve-kisirlik\/tedavi\/icsi-intrazytoplasmatische-spermien-injektion\",\"name\":\"ICSI &#8226; Kinderwunschteam Berlin\",\"isPartOf\":{\"@id\":\"https:\/\/kwt.meiio.net\/tr#website\"},\"primaryImageOfPage\":{\"@id\":\"https:\/\/kwt.meiio.net\/tr\/uzun-omur\/tuep-bebek-ve-kisirlik\/tedavi\/icsi-intrazytoplasmatische-spermien-injektion#primaryimage\"},\"image\":{\"@id\":\"https:\/\/kwt.meiio.net\/tr\/uzun-omur\/tuep-bebek-ve-kisirlik\/tedavi\/icsi-intrazytoplasmatische-spermien-injektion#primaryimage\"},\"thumbnailUrl\":\"https:\/\/kwt.meiio.net\/wp-content\/uploads\/KWT-7868-Labor-Mikroskop.jpg\",\"datePublished\":\"2010-03-12T05:21:02+00:00\",\"dateModified\":\"2020-09-01T07:53:36+00:00\",\"description\":\"Sperm kalitesi \u00e7ok d\u00fc\u015f\u00fck oldu\u011funda veya spermler sadece testis biyopsisi materyalinin al\u0131m\u0131 ile elde ediliyorsa, ek olarak ICSI yap\u0131lmas\u0131 \u015fartt\u0131r.\",\"breadcrumb\":{\"@id\":\"https:\/\/kwt.meiio.net\/tr\/uzun-omur\/tuep-bebek-ve-kisirlik\/tedavi\/icsi-intrazytoplasmatische-spermien-injektion#breadcrumb\"},\"inLanguage\":\"tr\",\"potentialAction\":[{\"@type\":\"ReadAction\",\"target\":[\"https:\/\/kwt.meiio.net\/tr\/uzun-omur\/tuep-bebek-ve-kisirlik\/tedavi\/icsi-intrazytoplasmatische-spermien-injektion\"]}]},{\"@type\":\"ImageObject\",\"inLanguage\":\"tr\",\"@id\":\"https:\/\/kwt.meiio.net\/tr\/uzun-omur\/tuep-bebek-ve-kisirlik\/tedavi\/icsi-intrazytoplasmatische-spermien-injektion#primaryimage\",\"url\":\"https:\/\/kwt.meiio.net\/wp-content\/uploads\/KWT-7868-Labor-Mikroskop.jpg\",\"contentUrl\":\"https:\/\/kwt.meiio.net\/wp-content\/uploads\/KWT-7868-Labor-Mikroskop.jpg\",\"width\":2000,\"height\":670},{\"@type\":\"BreadcrumbList\",\"@id\":\"https:\/\/kwt.meiio.net\/tr\/uzun-omur\/tuep-bebek-ve-kisirlik\/tedavi\/icsi-intrazytoplasmatische-spermien-injektion#breadcrumb\",\"itemListElement\":[{\"@type\":\"ListItem\",\"position\":1,\"name\":\"Startseite\",\"item\":\"https:\/\/kwt.meiio.net\/tr\"},{\"@type\":\"ListItem\",\"position\":2,\"name\":\"Hizmet alanlar\u0131m\u0131z\",\"item\":\"https:\/\/kwt.meiio.net\/tr\/uzun-omur\"},{\"@type\":\"ListItem\",\"position\":3,\"name\":\"T\u00fcp bebek ve k\u0131s\u0131rl\u0131k\",\"item\":\"https:\/\/kwt.meiio.net\/tr\/uzun-omur\/tuep-bebek-ve-kisirlik\"},{\"@type\":\"ListItem\",\"position\":4,\"name\":\"Tedavi\",\"item\":\"https:\/\/kwt.meiio.net\/tr\/uzun-omur\/tuep-bebek-ve-kisirlik\/tedavi\"},{\"@type\":\"ListItem\",\"position\":5,\"name\":\"ICSI\"}]},{\"@type\":\"WebSite\",\"@id\":\"https:\/\/kwt.meiio.net\/tr#website\",\"url\":\"https:\/\/kwt.meiio.net\/tr\",\"name\":\"Kinderwunschteam Berlin\",\"description\":\"Kinderwunsch- und Endometriose-Zentrum\",\"publisher\":{\"@id\":\"https:\/\/kwt.meiio.net\/tr#organization\"},\"potentialAction\":[{\"@type\":\"SearchAction\",\"target\":{\"@type\":\"EntryPoint\",\"urlTemplate\":\"https:\/\/kwt.meiio.net\/tr?s={search_term_string}\"},\"query-input\":{\"@type\":\"PropertyValueSpecification\",\"valueRequired\":true,\"valueName\":\"search_term_string\"}}],\"inLanguage\":\"tr\"},{\"@type\":\"Organization\",\"@id\":\"https:\/\/kwt.meiio.net\/tr#organization\",\"name\":\"Kinderwunschteam Berlin\",\"url\":\"https:\/\/kwt.meiio.net\/tr\",\"logo\":{\"@type\":\"ImageObject\",\"inLanguage\":\"tr\",\"@id\":\"https:\/\/kwt.meiio.net\/tr#\/schema\/logo\/image\/\",\"url\":\"https:\/\/kwt.meiio.net\/wp-content\/uploads\/Logo-KinderwunschteamBerlin-NavBar@2.png\",\"contentUrl\":\"https:\/\/kwt.meiio.net\/wp-content\/uploads\/Logo-KinderwunschteamBerlin-NavBar@2.png\",\"width\":800,\"height\":200,\"caption\":\"Kinderwunschteam Berlin\"},\"image\":{\"@id\":\"https:\/\/kwt.meiio.net\/tr#\/schema\/logo\/image\/\"},\"sameAs\":[\"https:\/\/www.facebook.com\/kinderwunschteam.berlin\/\",\"https:\/\/www.instagram.com\/kinderwunschteamberlin\/\"]}]}<\/script>\n<!-- \/ Yoast SEO plugin. -->","yoast_head_json":{"title":"ICSI &#8226; Kinderwunschteam Berlin","description":"Sperm kalitesi \u00e7ok d\u00fc\u015f\u00fck oldu\u011funda veya spermler sadece testis biyopsisi materyalinin al\u0131m\u0131 ile elde ediliyorsa, ek olarak ICSI yap\u0131lmas\u0131 \u015fartt\u0131r.","robots":{"index":"noindex","follow":"follow","max-snippet":"max-snippet:-1","max-image-preview":"max-image-preview:large","max-video-preview":"max-video-preview:-1"},"og_locale":"tr_TR","og_type":"article","og_title":"ICSI &#8226; Kinderwunschteam Berlin","og_description":"Sperm kalitesi \u00e7ok d\u00fc\u015f\u00fck oldu\u011funda veya spermler sadece testis biyopsisi materyalinin al\u0131m\u0131 ile elde ediliyorsa, ek olarak ICSI yap\u0131lmas\u0131 \u015fartt\u0131r.","og_url":"https:\/\/kwt.meiio.net\/tr\/uzun-omur\/tuep-bebek-ve-kisirlik\/tedavi\/icsi-intrazytoplasmatische-spermien-injektion","og_site_name":"Kinderwunschteam Berlin","article_publisher":"https:\/\/www.facebook.com\/kinderwunschteam.berlin\/","article_modified_time":"2020-09-01T07:53:36+00:00","og_image":[{"width":2000,"height":670,"url":"https:\/\/kwt.meiio.net\/wp-content\/uploads\/KWT-7868-Labor-Mikroskop.jpg","type":"image\/jpeg"}],"twitter_card":"summary_large_image","schema":{"@context":"https:\/\/schema.org","@graph":[{"@type":"WebPage","@id":"https:\/\/kwt.meiio.net\/tr\/uzun-omur\/tuep-bebek-ve-kisirlik\/tedavi\/icsi-intrazytoplasmatische-spermien-injektion","url":"https:\/\/kwt.meiio.net\/tr\/uzun-omur\/tuep-bebek-ve-kisirlik\/tedavi\/icsi-intrazytoplasmatische-spermien-injektion","name":"ICSI &#8226; Kinderwunschteam Berlin","isPartOf":{"@id":"https:\/\/kwt.meiio.net\/tr#website"},"primaryImageOfPage":{"@id":"https:\/\/kwt.meiio.net\/tr\/uzun-omur\/tuep-bebek-ve-kisirlik\/tedavi\/icsi-intrazytoplasmatische-spermien-injektion#primaryimage"},"image":{"@id":"https:\/\/kwt.meiio.net\/tr\/uzun-omur\/tuep-bebek-ve-kisirlik\/tedavi\/icsi-intrazytoplasmatische-spermien-injektion#primaryimage"},"thumbnailUrl":"https:\/\/kwt.meiio.net\/wp-content\/uploads\/KWT-7868-Labor-Mikroskop.jpg","datePublished":"2010-03-12T05:21:02+00:00","dateModified":"2020-09-01T07:53:36+00:00","description":"Sperm kalitesi \u00e7ok d\u00fc\u015f\u00fck oldu\u011funda veya spermler sadece testis biyopsisi materyalinin al\u0131m\u0131 ile elde ediliyorsa, ek olarak ICSI yap\u0131lmas\u0131 \u015fartt\u0131r.","breadcrumb":{"@id":"https:\/\/kwt.meiio.net\/tr\/uzun-omur\/tuep-bebek-ve-kisirlik\/tedavi\/icsi-intrazytoplasmatische-spermien-injektion#breadcrumb"},"inLanguage":"tr","potentialAction":[{"@type":"ReadAction","target":["https:\/\/kwt.meiio.net\/tr\/uzun-omur\/tuep-bebek-ve-kisirlik\/tedavi\/icsi-intrazytoplasmatische-spermien-injektion"]}]},{"@type":"ImageObject","inLanguage":"tr","@id":"https:\/\/kwt.meiio.net\/tr\/uzun-omur\/tuep-bebek-ve-kisirlik\/tedavi\/icsi-intrazytoplasmatische-spermien-injektion#primaryimage","url":"https:\/\/kwt.meiio.net\/wp-content\/uploads\/KWT-7868-Labor-Mikroskop.jpg","contentUrl":"https:\/\/kwt.meiio.net\/wp-content\/uploads\/KWT-7868-Labor-Mikroskop.jpg","width":2000,"height":670},{"@type":"BreadcrumbList","@id":"https:\/\/kwt.meiio.net\/tr\/uzun-omur\/tuep-bebek-ve-kisirlik\/tedavi\/icsi-intrazytoplasmatische-spermien-injektion#breadcrumb","itemListElement":[{"@type":"ListItem","position":1,"name":"Startseite","item":"https:\/\/kwt.meiio.net\/tr"},{"@type":"ListItem","position":2,"name":"Hizmet alanlar\u0131m\u0131z","item":"https:\/\/kwt.meiio.net\/tr\/uzun-omur"},{"@type":"ListItem","position":3,"name":"T\u00fcp bebek ve k\u0131s\u0131rl\u0131k","item":"https:\/\/kwt.meiio.net\/tr\/uzun-omur\/tuep-bebek-ve-kisirlik"},{"@type":"ListItem","position":4,"name":"Tedavi","item":"https:\/\/kwt.meiio.net\/tr\/uzun-omur\/tuep-bebek-ve-kisirlik\/tedavi"},{"@type":"ListItem","position":5,"name":"ICSI"}]},{"@type":"WebSite","@id":"https:\/\/kwt.meiio.net\/tr#website","url":"https:\/\/kwt.meiio.net\/tr","name":"Kinderwunschteam Berlin","description":"Kinderwunsch- und Endometriose-Zentrum","publisher":{"@id":"https:\/\/kwt.meiio.net\/tr#organization"},"potentialAction":[{"@type":"SearchAction","target":{"@type":"EntryPoint","urlTemplate":"https:\/\/kwt.meiio.net\/tr?s={search_term_string}"},"query-input":{"@type":"PropertyValueSpecification","valueRequired":true,"valueName":"search_term_string"}}],"inLanguage":"tr"},{"@type":"Organization","@id":"https:\/\/kwt.meiio.net\/tr#organization","name":"Kinderwunschteam Berlin","url":"https:\/\/kwt.meiio.net\/tr","logo":{"@type":"ImageObject","inLanguage":"tr","@id":"https:\/\/kwt.meiio.net\/tr#\/schema\/logo\/image\/","url":"https:\/\/kwt.meiio.net\/wp-content\/uploads\/Logo-KinderwunschteamBerlin-NavBar@2.png","contentUrl":"https:\/\/kwt.meiio.net\/wp-content\/uploads\/Logo-KinderwunschteamBerlin-NavBar@2.png","width":800,"height":200,"caption":"Kinderwunschteam Berlin"},"image":{"@id":"https:\/\/kwt.meiio.net\/tr#\/schema\/logo\/image\/"},"sameAs":["https:\/\/www.facebook.com\/kinderwunschteam.berlin\/","https:\/\/www.instagram.com\/kinderwunschteamberlin\/"]}]}},"_links":{"self":[{"href":"https:\/\/kwt.meiio.net\/tr\/wp-json\/wp\/v2\/pages\/7704","targetHints":{"allow":["GET"]}}],"collection":[{"href":"https:\/\/kwt.meiio.net\/tr\/wp-json\/wp\/v2\/pages"}],"about":[{"href":"https:\/\/kwt.meiio.net\/tr\/wp-json\/wp\/v2\/types\/page"}],"author":[{"embeddable":true,"href":"https:\/\/kwt.meiio.net\/tr\/wp-json\/wp\/v2\/users\/2"}],"replies":[{"embeddable":true,"href":"https:\/\/kwt.meiio.net\/tr\/wp-json\/wp\/v2\/comments?post=7704"}],"version-history":[{"count":0,"href":"https:\/\/kwt.meiio.net\/tr\/wp-json\/wp\/v2\/pages\/7704\/revisions"}],"up":[{"embeddable":true,"href":"https:\/\/kwt.meiio.net\/tr\/wp-json\/wp\/v2\/pages\/7671"}],"wp:featuredmedia":[{"embeddable":true,"href":"https:\/\/kwt.meiio.net\/tr\/wp-json\/wp\/v2\/media\/7705"}],"wp:attachment":[{"href":"https:\/\/kwt.meiio.net\/tr\/wp-json\/wp\/v2\/media?parent=7704"}],"curies":[{"name":"wp","href":"https:\/\/api.w.org\/{rel}","templated":true}]}}