{"id":7701,"date":"2010-03-12T06:05:55","date_gmt":"2010-03-12T05:05:55","guid":{"rendered":"https:\/\/www.kinderwunschteam.berlin\/diagnostik-therapie\/tedavi-einstieg-therapie-alt\/ivf-in-vitro-fertilisation\/donogene-ivf\/"},"modified":"2020-09-06T00:22:12","modified_gmt":"2020-09-05T22:22:12","slug":"donogene-ivf","status":"publish","type":"page","link":"https:\/\/kwt.meiio.net\/tr\/uzun-omur\/tuep-bebek-ve-kisirlik\/tedavi\/ivf\/donogene-ivf","title":{"rendered":"Vericiden al\u0131nan spermle IVF"},"content":{"rendered":"<p><a href=\"https:\/\/kwt.meiio.net\/spektrum\/kinderwunsch\/therapie-des-unerfuellten-kinderwunsches\/ivf-in-vitro-fertilisation\">IVF<\/a>,\u00a0<a href=\"https:\/\/kwt.meiio.net\/spektrum\/kinderwunsch\/therapie-des-unerfuellten-kinderwunsches\/ivf-in-vitro-fertilisation\/nc-ivf\">NC-IVF<\/a>,\u00a0<a href=\"https:\/\/kwt.meiio.net\/spektrum\/kinderwunsch\/therapie-des-unerfuellten-kinderwunsches\/ivf-in-vitro-fertilisation\/mini-ivf\">Mini-IVF<\/a>\u00a0ve\u00a0<a href=\"https:\/\/kwt.meiio.net\/spektrum\/kinderwunsch\/therapie-des-unerfuellten-kinderwunsches\/ivf-in-vitro-fertilisation\/konventionelle-ivf\">konvansiyonel IVF<\/a>\u2019nin farkl\u0131 tipleri hakk\u0131nda a\u00e7\u0131klamalar ba\u015fka bir yerde verilmi\u015ftir.<\/p>\n<h3>Tedavi \u00f6n ko\u015fullar\u0131<\/h3>\n<p>Berliner Samenbank GmbH (Berlin sperm bankas\u0131) ile yak\u0131n bir i\u015fbirli\u011fi i\u00e7inde olundu\u011fundan, \u00e7ift i\u00e7in en uygun don\u00f6r se\u00e7ene\u011fi se\u00e7ilebiliyor. \u0130stendi\u011fi takdirde, \u00e7ifte, t\u00fcm don\u00f6rlerin farkl\u0131 \u00f6zelliklerinin bir listesi sunularak, onlara kocalar\u0131na d\u0131\u015f g\u00f6r\u00fcn\u00fcm\u00fc itibariyle en \u00e7ok benzeyen \u00f6zellikleri (g\u00f6z rengi, sa\u00e7 rengi, v\u00fccut rengi, bedeni, kan grubu, v\u00fccut yap\u0131s\u0131, kafa yap\u0131s\u0131, sa\u00e7 \u00e7izgisi) olan don\u00f6r\u00fc bulma olana\u011f\u0131 sa\u011flanmaktad\u0131r. Bu \u015fekilde, bu terapiden do\u011fan \u00e7ocu\u011fun d\u0131\u015f g\u00f6r\u00fcn\u00fcm\u00fcn\u00fcn sosyal anne-babas\u0131na benzemesi sa\u011flan\u0131yor. Noter imzal\u0131 ve belgeli bir tedavi s\u00f6zle\u015fmesi yap\u0131ld\u0131ktan sonra, ilgili tedaviye ba\u015flanabilir. Di\u011fer bilgileri, \u00a0<a title=\"Berliner Samenbank\" href=\"https:\/\/www.berliner-samenbank.de\/\" target=\"_blank\" rel=\"noopener noreferrer\">www.berliner-samenbank.de<\/a>\u00a0]]&gt;sayfas\u0131ndan bulabilirsiniz.<\/p>\n","protected":false},"excerpt":{"rendered":"<p>IVF,\u00a0NC-IVF,\u00a0Mini-IVF\u00a0ve\u00a0konvansiyonel IVF\u2019nin farkl\u0131 tipleri hakk\u0131nda a\u00e7\u0131klamalar ba\u015fka bir yerde verilmi\u015ftir. Tedavi \u00f6n ko\u015fullar\u0131 Berliner Samenbank GmbH (Berlin sperm bankas\u0131) ile [&hellip;]<\/p>\n","protected":false},"author":2,"featured_media":7690,"parent":7684,"menu_order":4,"comment_status":"closed","ping_status":"closed","template":"page-siblingnavi.php","meta":{"footnotes":""},"class_list":["post-7701","page","type-page","status-publish","has-post-thumbnail","hentry"],"yoast_head":"<!-- This site is optimized with the Yoast SEO plugin v25.6 - https:\/\/yoast.com\/wordpress\/plugins\/seo\/ -->\n<title>Vericiden al\u0131nan spermle IVF &#8226; Kinderwunschteam Berlin<\/title>\n<meta name=\"description\" content=\"IVF,\u00a0NC-IVF,\u00a0Mini-IVF\u00a0ve\u00a0konvansiyonel IVF\u2019nin farkl\u0131 tipleri hakk\u0131nda a\u00e7\u0131klamalar ba\u015fka bir yerde verilmi\u015ftir. Tedavi \u00f6n ko\u015fullar\u0131 Berliner Samenbank\" \/>\n<meta name=\"robots\" content=\"noindex, follow, max-snippet:-1, max-image-preview:large, max-video-preview:-1\" \/>\n<meta property=\"og:locale\" content=\"tr_TR\" \/>\n<meta property=\"og:type\" content=\"article\" \/>\n<meta property=\"og:title\" content=\"Vericiden al\u0131nan spermle IVF &#8226; Kinderwunschteam Berlin\" \/>\n<meta property=\"og:description\" content=\"IVF,\u00a0NC-IVF,\u00a0Mini-IVF\u00a0ve\u00a0konvansiyonel IVF\u2019nin farkl\u0131 tipleri hakk\u0131nda a\u00e7\u0131klamalar ba\u015fka bir yerde verilmi\u015ftir. Tedavi \u00f6n ko\u015fullar\u0131 Berliner Samenbank\" \/>\n<meta property=\"og:url\" content=\"https:\/\/kwt.meiio.net\/tr\/uzun-omur\/tuep-bebek-ve-kisirlik\/tedavi\/ivf\/donogene-ivf\" \/>\n<meta property=\"og:site_name\" content=\"Kinderwunschteam Berlin\" \/>\n<meta property=\"article:publisher\" content=\"https:\/\/www.facebook.com\/kinderwunschteam.berlin\/\" \/>\n<meta property=\"article:modified_time\" content=\"2020-09-05T22:22:12+00:00\" \/>\n<meta property=\"og:image\" content=\"https:\/\/kwt.meiio.net\/wp-content\/uploads\/KWT-8045-Labor.jpg\" \/>\n\t<meta property=\"og:image:width\" content=\"2000\" \/>\n\t<meta property=\"og:image:height\" content=\"670\" \/>\n\t<meta property=\"og:image:type\" content=\"image\/jpeg\" \/>\n<meta name=\"twitter:card\" content=\"summary_large_image\" \/>\n<script type=\"application\/ld+json\" class=\"yoast-schema-graph\">{\"@context\":\"https:\/\/schema.org\",\"@graph\":[{\"@type\":\"WebPage\",\"@id\":\"https:\/\/kwt.meiio.net\/tr\/uzun-omur\/tuep-bebek-ve-kisirlik\/tedavi\/ivf\/donogene-ivf\",\"url\":\"https:\/\/kwt.meiio.net\/tr\/uzun-omur\/tuep-bebek-ve-kisirlik\/tedavi\/ivf\/donogene-ivf\",\"name\":\"Vericiden al\u0131nan spermle IVF &#8226; Kinderwunschteam Berlin\",\"isPartOf\":{\"@id\":\"https:\/\/kwt.meiio.net\/tr#website\"},\"primaryImageOfPage\":{\"@id\":\"https:\/\/kwt.meiio.net\/tr\/uzun-omur\/tuep-bebek-ve-kisirlik\/tedavi\/ivf\/donogene-ivf#primaryimage\"},\"image\":{\"@id\":\"https:\/\/kwt.meiio.net\/tr\/uzun-omur\/tuep-bebek-ve-kisirlik\/tedavi\/ivf\/donogene-ivf#primaryimage\"},\"thumbnailUrl\":\"https:\/\/kwt.meiio.net\/wp-content\/uploads\/KWT-8045-Labor.jpg\",\"datePublished\":\"2010-03-12T05:05:55+00:00\",\"dateModified\":\"2020-09-05T22:22:12+00:00\",\"description\":\"IVF,\u00a0NC-IVF,\u00a0Mini-IVF\u00a0ve\u00a0konvansiyonel IVF\u2019nin farkl\u0131 tipleri hakk\u0131nda a\u00e7\u0131klamalar ba\u015fka bir yerde verilmi\u015ftir. Tedavi \u00f6n ko\u015fullar\u0131 Berliner Samenbank\",\"breadcrumb\":{\"@id\":\"https:\/\/kwt.meiio.net\/tr\/uzun-omur\/tuep-bebek-ve-kisirlik\/tedavi\/ivf\/donogene-ivf#breadcrumb\"},\"inLanguage\":\"tr\",\"potentialAction\":[{\"@type\":\"ReadAction\",\"target\":[\"https:\/\/kwt.meiio.net\/tr\/uzun-omur\/tuep-bebek-ve-kisirlik\/tedavi\/ivf\/donogene-ivf\"]}]},{\"@type\":\"ImageObject\",\"inLanguage\":\"tr\",\"@id\":\"https:\/\/kwt.meiio.net\/tr\/uzun-omur\/tuep-bebek-ve-kisirlik\/tedavi\/ivf\/donogene-ivf#primaryimage\",\"url\":\"https:\/\/kwt.meiio.net\/wp-content\/uploads\/KWT-8045-Labor.jpg\",\"contentUrl\":\"https:\/\/kwt.meiio.net\/wp-content\/uploads\/KWT-8045-Labor.jpg\",\"width\":2000,\"height\":670},{\"@type\":\"BreadcrumbList\",\"@id\":\"https:\/\/kwt.meiio.net\/tr\/uzun-omur\/tuep-bebek-ve-kisirlik\/tedavi\/ivf\/donogene-ivf#breadcrumb\",\"itemListElement\":[{\"@type\":\"ListItem\",\"position\":1,\"name\":\"Startseite\",\"item\":\"https:\/\/kwt.meiio.net\/tr\"},{\"@type\":\"ListItem\",\"position\":2,\"name\":\"Hizmet alanlar\u0131m\u0131z\",\"item\":\"https:\/\/kwt.meiio.net\/tr\/uzun-omur\"},{\"@type\":\"ListItem\",\"position\":3,\"name\":\"T\u00fcp bebek ve k\u0131s\u0131rl\u0131k\",\"item\":\"https:\/\/kwt.meiio.net\/tr\/uzun-omur\/tuep-bebek-ve-kisirlik\"},{\"@type\":\"ListItem\",\"position\":4,\"name\":\"Tedavi\",\"item\":\"https:\/\/kwt.meiio.net\/tr\/uzun-omur\/tuep-bebek-ve-kisirlik\/tedavi\"},{\"@type\":\"ListItem\",\"position\":5,\"name\":\"\u0130VF\",\"item\":\"https:\/\/kwt.meiio.net\/tr\/uzun-omur\/tuep-bebek-ve-kisirlik\/tedavi\/ivf\"},{\"@type\":\"ListItem\",\"position\":6,\"name\":\"Vericiden al\u0131nan spermle IVF\"}]},{\"@type\":\"WebSite\",\"@id\":\"https:\/\/kwt.meiio.net\/tr#website\",\"url\":\"https:\/\/kwt.meiio.net\/tr\",\"name\":\"Kinderwunschteam Berlin\",\"description\":\"Kinderwunsch- und Endometriose-Zentrum\",\"publisher\":{\"@id\":\"https:\/\/kwt.meiio.net\/tr#organization\"},\"potentialAction\":[{\"@type\":\"SearchAction\",\"target\":{\"@type\":\"EntryPoint\",\"urlTemplate\":\"https:\/\/kwt.meiio.net\/tr?s={search_term_string}\"},\"query-input\":{\"@type\":\"PropertyValueSpecification\",\"valueRequired\":true,\"valueName\":\"search_term_string\"}}],\"inLanguage\":\"tr\"},{\"@type\":\"Organization\",\"@id\":\"https:\/\/kwt.meiio.net\/tr#organization\",\"name\":\"Kinderwunschteam Berlin\",\"url\":\"https:\/\/kwt.meiio.net\/tr\",\"logo\":{\"@type\":\"ImageObject\",\"inLanguage\":\"tr\",\"@id\":\"https:\/\/kwt.meiio.net\/tr#\/schema\/logo\/image\/\",\"url\":\"https:\/\/kwt.meiio.net\/wp-content\/uploads\/Logo-KinderwunschteamBerlin-NavBar@2.png\",\"contentUrl\":\"https:\/\/kwt.meiio.net\/wp-content\/uploads\/Logo-KinderwunschteamBerlin-NavBar@2.png\",\"width\":800,\"height\":200,\"caption\":\"Kinderwunschteam Berlin\"},\"image\":{\"@id\":\"https:\/\/kwt.meiio.net\/tr#\/schema\/logo\/image\/\"},\"sameAs\":[\"https:\/\/www.facebook.com\/kinderwunschteam.berlin\/\",\"https:\/\/www.instagram.com\/kinderwunschteamberlin\/\"]}]}<\/script>\n<!-- \/ Yoast SEO plugin. -->","yoast_head_json":{"title":"Vericiden al\u0131nan spermle IVF &#8226; Kinderwunschteam Berlin","description":"IVF,\u00a0NC-IVF,\u00a0Mini-IVF\u00a0ve\u00a0konvansiyonel IVF\u2019nin farkl\u0131 tipleri hakk\u0131nda a\u00e7\u0131klamalar ba\u015fka bir yerde verilmi\u015ftir. Tedavi \u00f6n ko\u015fullar\u0131 Berliner Samenbank","robots":{"index":"noindex","follow":"follow","max-snippet":"max-snippet:-1","max-image-preview":"max-image-preview:large","max-video-preview":"max-video-preview:-1"},"og_locale":"tr_TR","og_type":"article","og_title":"Vericiden al\u0131nan spermle IVF &#8226; Kinderwunschteam Berlin","og_description":"IVF,\u00a0NC-IVF,\u00a0Mini-IVF\u00a0ve\u00a0konvansiyonel IVF\u2019nin farkl\u0131 tipleri hakk\u0131nda a\u00e7\u0131klamalar ba\u015fka bir yerde verilmi\u015ftir. Tedavi \u00f6n ko\u015fullar\u0131 Berliner Samenbank","og_url":"https:\/\/kwt.meiio.net\/tr\/uzun-omur\/tuep-bebek-ve-kisirlik\/tedavi\/ivf\/donogene-ivf","og_site_name":"Kinderwunschteam Berlin","article_publisher":"https:\/\/www.facebook.com\/kinderwunschteam.berlin\/","article_modified_time":"2020-09-05T22:22:12+00:00","og_image":[{"width":2000,"height":670,"url":"https:\/\/kwt.meiio.net\/wp-content\/uploads\/KWT-8045-Labor.jpg","type":"image\/jpeg"}],"twitter_card":"summary_large_image","schema":{"@context":"https:\/\/schema.org","@graph":[{"@type":"WebPage","@id":"https:\/\/kwt.meiio.net\/tr\/uzun-omur\/tuep-bebek-ve-kisirlik\/tedavi\/ivf\/donogene-ivf","url":"https:\/\/kwt.meiio.net\/tr\/uzun-omur\/tuep-bebek-ve-kisirlik\/tedavi\/ivf\/donogene-ivf","name":"Vericiden al\u0131nan spermle IVF &#8226; Kinderwunschteam Berlin","isPartOf":{"@id":"https:\/\/kwt.meiio.net\/tr#website"},"primaryImageOfPage":{"@id":"https:\/\/kwt.meiio.net\/tr\/uzun-omur\/tuep-bebek-ve-kisirlik\/tedavi\/ivf\/donogene-ivf#primaryimage"},"image":{"@id":"https:\/\/kwt.meiio.net\/tr\/uzun-omur\/tuep-bebek-ve-kisirlik\/tedavi\/ivf\/donogene-ivf#primaryimage"},"thumbnailUrl":"https:\/\/kwt.meiio.net\/wp-content\/uploads\/KWT-8045-Labor.jpg","datePublished":"2010-03-12T05:05:55+00:00","dateModified":"2020-09-05T22:22:12+00:00","description":"IVF,\u00a0NC-IVF,\u00a0Mini-IVF\u00a0ve\u00a0konvansiyonel IVF\u2019nin farkl\u0131 tipleri hakk\u0131nda a\u00e7\u0131klamalar ba\u015fka bir yerde verilmi\u015ftir. Tedavi \u00f6n ko\u015fullar\u0131 Berliner Samenbank","breadcrumb":{"@id":"https:\/\/kwt.meiio.net\/tr\/uzun-omur\/tuep-bebek-ve-kisirlik\/tedavi\/ivf\/donogene-ivf#breadcrumb"},"inLanguage":"tr","potentialAction":[{"@type":"ReadAction","target":["https:\/\/kwt.meiio.net\/tr\/uzun-omur\/tuep-bebek-ve-kisirlik\/tedavi\/ivf\/donogene-ivf"]}]},{"@type":"ImageObject","inLanguage":"tr","@id":"https:\/\/kwt.meiio.net\/tr\/uzun-omur\/tuep-bebek-ve-kisirlik\/tedavi\/ivf\/donogene-ivf#primaryimage","url":"https:\/\/kwt.meiio.net\/wp-content\/uploads\/KWT-8045-Labor.jpg","contentUrl":"https:\/\/kwt.meiio.net\/wp-content\/uploads\/KWT-8045-Labor.jpg","width":2000,"height":670},{"@type":"BreadcrumbList","@id":"https:\/\/kwt.meiio.net\/tr\/uzun-omur\/tuep-bebek-ve-kisirlik\/tedavi\/ivf\/donogene-ivf#breadcrumb","itemListElement":[{"@type":"ListItem","position":1,"name":"Startseite","item":"https:\/\/kwt.meiio.net\/tr"},{"@type":"ListItem","position":2,"name":"Hizmet alanlar\u0131m\u0131z","item":"https:\/\/kwt.meiio.net\/tr\/uzun-omur"},{"@type":"ListItem","position":3,"name":"T\u00fcp bebek ve k\u0131s\u0131rl\u0131k","item":"https:\/\/kwt.meiio.net\/tr\/uzun-omur\/tuep-bebek-ve-kisirlik"},{"@type":"ListItem","position":4,"name":"Tedavi","item":"https:\/\/kwt.meiio.net\/tr\/uzun-omur\/tuep-bebek-ve-kisirlik\/tedavi"},{"@type":"ListItem","position":5,"name":"\u0130VF","item":"https:\/\/kwt.meiio.net\/tr\/uzun-omur\/tuep-bebek-ve-kisirlik\/tedavi\/ivf"},{"@type":"ListItem","position":6,"name":"Vericiden al\u0131nan spermle IVF"}]},{"@type":"WebSite","@id":"https:\/\/kwt.meiio.net\/tr#website","url":"https:\/\/kwt.meiio.net\/tr","name":"Kinderwunschteam Berlin","description":"Kinderwunsch- und Endometriose-Zentrum","publisher":{"@id":"https:\/\/kwt.meiio.net\/tr#organization"},"potentialAction":[{"@type":"SearchAction","target":{"@type":"EntryPoint","urlTemplate":"https:\/\/kwt.meiio.net\/tr?s={search_term_string}"},"query-input":{"@type":"PropertyValueSpecification","valueRequired":true,"valueName":"search_term_string"}}],"inLanguage":"tr"},{"@type":"Organization","@id":"https:\/\/kwt.meiio.net\/tr#organization","name":"Kinderwunschteam Berlin","url":"https:\/\/kwt.meiio.net\/tr","logo":{"@type":"ImageObject","inLanguage":"tr","@id":"https:\/\/kwt.meiio.net\/tr#\/schema\/logo\/image\/","url":"https:\/\/kwt.meiio.net\/wp-content\/uploads\/Logo-KinderwunschteamBerlin-NavBar@2.png","contentUrl":"https:\/\/kwt.meiio.net\/wp-content\/uploads\/Logo-KinderwunschteamBerlin-NavBar@2.png","width":800,"height":200,"caption":"Kinderwunschteam Berlin"},"image":{"@id":"https:\/\/kwt.meiio.net\/tr#\/schema\/logo\/image\/"},"sameAs":["https:\/\/www.facebook.com\/kinderwunschteam.berlin\/","https:\/\/www.instagram.com\/kinderwunschteamberlin\/"]}]}},"_links":{"self":[{"href":"https:\/\/kwt.meiio.net\/tr\/wp-json\/wp\/v2\/pages\/7701","targetHints":{"allow":["GET"]}}],"collection":[{"href":"https:\/\/kwt.meiio.net\/tr\/wp-json\/wp\/v2\/pages"}],"about":[{"href":"https:\/\/kwt.meiio.net\/tr\/wp-json\/wp\/v2\/types\/page"}],"author":[{"embeddable":true,"href":"https:\/\/kwt.meiio.net\/tr\/wp-json\/wp\/v2\/users\/2"}],"replies":[{"embeddable":true,"href":"https:\/\/kwt.meiio.net\/tr\/wp-json\/wp\/v2\/comments?post=7701"}],"version-history":[{"count":0,"href":"https:\/\/kwt.meiio.net\/tr\/wp-json\/wp\/v2\/pages\/7701\/revisions"}],"up":[{"embeddable":true,"href":"https:\/\/kwt.meiio.net\/tr\/wp-json\/wp\/v2\/pages\/7684"}],"wp:featuredmedia":[{"embeddable":true,"href":"https:\/\/kwt.meiio.net\/tr\/wp-json\/wp\/v2\/media\/7690"}],"wp:attachment":[{"href":"https:\/\/kwt.meiio.net\/tr\/wp-json\/wp\/v2\/media?parent=7701"}],"curies":[{"name":"wp","href":"https:\/\/api.w.org\/{rel}","templated":true}]}}