{"id":7696,"date":"2010-03-12T06:00:03","date_gmt":"2010-03-12T05:00:03","guid":{"rendered":"https:\/\/www.kinderwunschteam.berlin\/?page_id=7696"},"modified":"2020-09-11T22:06:56","modified_gmt":"2020-09-11T20:06:56","slug":"nc-ivf","status":"publish","type":"page","link":"https:\/\/kwt.meiio.net\/tr\/uzun-omur\/tuep-bebek-ve-kisirlik\/tedavi\/ivf\/nc-ivf","title":{"rendered":"NC-IVF"},"content":{"rendered":"<h3>Natural Cycle IVF, do\u011fal siklusta IVF<\/h3>\n<p>\u0130lk yap\u0131lan IVF tedavileri do\u011fal siklusta t\u00fcp bebek y\u00f6ntemini izlemi\u015ftir ve\u00a0<em>Louise Brown<\/em>\u00a0de bu yolla do\u011fan d\u00fcnyadaki ilk bebektir. Bu y\u00f6ntemde sadece bir yumurta h\u00fccresi olmas\u0131n\u0131n zarar\u0131 <a href=\"https:\/\/kwt.meiio.net\/spektrum\/kinderwunsch\/therapie-des-unerfuellten-kinderwunsches\/hormonbehandlung\">hormonal stim\u00fclasyonun<\/a> yap\u0131l\u0131rken g\u00f6r\u00fclm\u00fc\u015ft\u00fcr Erken ov\u00fclasyonun nispeten s\u0131k\u00e7a olmas\u0131 problemi GnRh analoglar\u0131n\u0131n kullan\u0131m\u0131yla, sonradan agonistler taraf\u0131ndan da \u00e7\u00f6z\u00fclmektedir.<\/p>\n<p>Do\u011fal siklusta IVF\u2019nin (ve tabi <a href=\"https:\/\/kwt.meiio.net\/spektrum\/kinderwunsch\/therapie-des-unerfuellten-kinderwunsches\/icsi-intrazytoplasmatische-spermien-injektion\">ICSI<\/a>\u2019nin) g\u00fcn\u00fcm\u00fczdeki konvansiyonel IVF\u2019ye paralel olarak yap\u0131lmas\u0131n\u0131n birka\u00e7 tane bile avantaj\u0131n\u0131n olup olmad\u0131\u011f\u0131 \u00fczerine; ancak on y\u0131llar sonra tekrar kafa yorulmu\u015ftur.<\/p>\n<p><strong>Neredeyse hi\u00e7bir ila\u00e7 kullan\u0131lmayan NC IVF (Natural Cycle IVF), \u00e7ok titizlikle \u00e7al\u0131\u015f\u0131lan bir y\u00f6ntemdir.<\/strong><\/p>\n<p>Stim\u00fcle edilmemi\u015f siklusta tedavinin \u201cover hiperstim\u00fclasyon sendromu\u201c (OHSS) yoktur. Bu,sadece nadiren \u201c\u00e7oklu gebelik\u201d ile sonu\u00e7lan\u0131r. Bu tedavi hem psikolojik olarak hem de v\u00fccut a\u00e7\u0131s\u0131ndan insana daha az s\u0131k\u0131nt\u0131 verir ve di\u011fer y\u00f6ntemlere g\u00f6re belirgin bir \u015fekilde daha ucuzdur.<\/p>\n<p>Ama, bu y\u00f6ntemin daha az etkin ve daha az ba\u015far\u0131ya y\u00f6nelik bir y\u00f6ntem oldu\u011funu da s\u00f6ylemek gerekir. Bu y\u00f6ntemde, siklus ba\u015f\u0131na gebe kalma y\u00fczdesi, konvansiyonel IVF\u2019ye g\u00f6re daha d\u00fc\u015f\u00fckt\u00fcr. Bunun birinci nedeni, %10-15\u2019inde, erken ov\u00fclasyon nedeniyle yumurta h\u00fccresinin elde edilememesidir. Di\u011fer bir neden de, sadece bir yumurta h\u00fccresinin d\u00f6llenebilmesidir. (Do\u011fal siklus veya klasik) IVF\u2019de yumurta h\u00fccrelerinin ortalama olarak sadece % 80\u2019i d\u00f6llendirildi\u011finden, ba\u015far\u0131 oran\u0131 da daha az olacakt\u0131r.<\/p>\n<p>Son y\u0131llarda, endometriyumun (rahim mukozas\u0131) bir embriyonun rahme tutunmas\u0131n\u0131 sa\u011flayan \u00f6zelli\u011finin normaldeki y\u00fczdelerle k\u0131yasland\u0131\u011f\u0131nda konvansiyonel IVF ile gebe kalan kad\u0131nlarda bu \u00f6zelli\u011fin daha az oldu\u011funu g\u00f6steren bilimsel \u00e7al\u0131\u015fmalar artmaktad\u0131r. Bu, duruma ba\u011fl\u0131 olarak -\u00e7ok y\u00fcksek- \u00f6strojen seviyesine geri d\u00f6nebilir.<\/p>\n<p>Bu y\u00f6ntemin en \u00f6nemli avantaj\u0131 neredeyse hi\u00e7bir riskinin olmamas\u0131d\u0131r. Sadece k\u00fc\u00e7\u00fck, basit bir \u015fekilde yumurta h\u00fccrenin al\u0131nmas\u0131n\u0131n en az\u0131ndan teorik olarak bir risk i\u00e7ermektedir. Problemler belirgin bir \u015fekilde t\u00fcm siklus boyunca daha az g\u00f6r\u00fcl\u00fcr.<\/p>\n<p>GnRH antagonisti ve agonistlerine gerekli duyulmaz. Erken ov\u00fclasyon problemi, tablet ve s\u00fcpozituvar gibi belli ila\u00e7lar\u0131n yard\u0131m\u0131yla \u00e7abucak \u00e7\u00f6z\u00fcl\u00fcr. Sadece biraz daha s\u0131k olmas\u0131 gereken ultrason ve hormonal ara\u015ft\u0131rmalar\u0131n, hasta ve hastan\u0131n tedavisi i\u00e7in belli bir k\u00fclfeti vard\u0131r.<\/p>\n<p>Yumurta h\u00fccresi anestezisiz (ya da istendi\u011finde lokal anestezi ile de) al\u0131nabilir. Bu sayede hasta ayn\u0131 g\u00fcn i\u00e7inde i\u015fe gidebilir. Yumurtal\u0131klar hormonal stim\u00fclasyonla kistik olarak b\u00fcy\u00fct\u00fclmedi\u011finden, birbirini izleyen bir\u00e7ok siklusta problemsiz olarak bu tedavinin uygulanmas\u0131 m\u00fcmk\u00fcnd\u00fcr. Bu tip sikluslar\u0131n uyar\u0131lmal\u0131 olanlara g\u00f6re \u00e7ok daha uygun fiyatl\u0131 oldu\u011funu da akl\u0131m\u0131zdan \u00e7\u0131karmay\u0131n. Bununla birlikte, embriyo (sadece bir embriyonun) transferinden sonraki hamile kalma y\u00fczdesi (her embriyo transferinin % 20\u2019si ba\u015far\u0131l\u0131 ge\u00e7ti\u011finden) do\u011fal olarak \u201e<a href=\"https:\/\/kwt.meiio.net\/spektrum\/kinderwunsch\/therapie-des-unerfuellten-kinderwunsches\/ivf-in-vitro-fertilisation\/konventionelle-ivf\">konvansiyonel IVF<\/a>\u201c den daha az olacakt\u0131r. Bu y\u00f6ntemle 2-3 embriyo transfer edilir. Ama, b\u00f6yle bir siklusun ruhunuz ve v\u00fccudunuz i\u00e7in yorucu olmad\u0131\u011f\u0131n\u0131 oldu\u011funu siz de g\u00f6receksiniz.<\/p>\n<h3>Hangi kad\u0131nlar do\u011fal siklusta IVF\/ICSI i\u00e7in uygundur?<\/h3>\n<ul>\n<li>Hi\u00e7bir hormon tedavisi almak istemeyen kad\u0131nlar<\/li>\n<li>Hormonal uyar\u0131lma ile k\u00f6t\u00fc bir deneyimi olan kad\u0131nlar<\/li>\n<li>Over hiperstim\u00fclasyon sendromu (OHSS) olma riski y\u00fcksek olan kad\u0131nlar<\/li>\n<li>Hormon stim\u00fclasyonuna k\u00f6t\u00fc yan\u0131t veren, yani \u201clow-responder\u201c olan kad\u0131nlar<\/li>\n<li>Hormonal uyar\u0131lmaya ra\u011fmen bir \u015fekilde genelde sadece 1-3 yumurta h\u00fccresi \u00fcreten daha ya\u015fl\u0131 kad\u0131nlar<\/li>\n<li>\u201c\u0130mplantasyonu ba\u015far\u0131s\u0131z\u201c olan kad\u0131nlar. Yani, konvansiyonel IVF\u2019de her zaman iyi embriyolar elde etse de yine de embriyosu rahim i\u00e7ine bir t\u00fcrl\u00fc yerle\u015fememi\u015f kad\u0131nlar<\/li>\n<\/ul>\n","protected":false},"excerpt":{"rendered":"<p>Natural Cycle IVF, do\u011fal siklusta IVF \u0130lk yap\u0131lan IVF tedavileri do\u011fal siklusta t\u00fcp bebek y\u00f6ntemini izlemi\u015ftir ve\u00a0Louise Brown\u00a0de bu yolla [&hellip;]<\/p>\n","protected":false},"author":2,"featured_media":7690,"parent":7684,"menu_order":3,"comment_status":"closed","ping_status":"closed","template":"page-siblingnavi.php","meta":{"footnotes":""},"class_list":["post-7696","page","type-page","status-publish","has-post-thumbnail","hentry"],"yoast_head":"<!-- This site is optimized with the Yoast SEO plugin v25.6 - https:\/\/yoast.com\/wordpress\/plugins\/seo\/ -->\n<title>NC-IVF &#8226; Kinderwunschteam Berlin<\/title>\n<meta name=\"description\" content=\"Natural Cycle IVF, do\u011fal siklusta IVF \u0130lk yap\u0131lan IVF tedavileri do\u011fal siklusta t\u00fcp bebek y\u00f6ntemini izlemi\u015ftir ve\u00a0Louise Brown\u00a0de bu yolla do\u011fan d\u00fcnyadaki\" \/>\n<meta name=\"robots\" content=\"noindex, follow, max-snippet:-1, max-image-preview:large, max-video-preview:-1\" \/>\n<meta property=\"og:locale\" content=\"tr_TR\" \/>\n<meta property=\"og:type\" content=\"article\" \/>\n<meta property=\"og:title\" content=\"NC-IVF &#8226; Kinderwunschteam Berlin\" \/>\n<meta property=\"og:description\" content=\"Natural Cycle IVF, do\u011fal siklusta IVF \u0130lk yap\u0131lan IVF tedavileri do\u011fal siklusta t\u00fcp bebek y\u00f6ntemini izlemi\u015ftir ve\u00a0Louise Brown\u00a0de bu yolla do\u011fan d\u00fcnyadaki\" \/>\n<meta property=\"og:url\" content=\"https:\/\/kwt.meiio.net\/tr\/uzun-omur\/tuep-bebek-ve-kisirlik\/tedavi\/ivf\/nc-ivf\" \/>\n<meta property=\"og:site_name\" content=\"Kinderwunschteam Berlin\" \/>\n<meta property=\"article:publisher\" content=\"https:\/\/www.facebook.com\/kinderwunschteam.berlin\/\" \/>\n<meta property=\"article:modified_time\" content=\"2020-09-11T20:06:56+00:00\" \/>\n<meta property=\"og:image\" content=\"https:\/\/kwt.meiio.net\/wp-content\/uploads\/KWT-8045-Labor.jpg\" \/>\n\t<meta property=\"og:image:width\" content=\"2000\" \/>\n\t<meta property=\"og:image:height\" content=\"670\" \/>\n\t<meta property=\"og:image:type\" content=\"image\/jpeg\" \/>\n<meta name=\"twitter:card\" content=\"summary_large_image\" \/>\n<script type=\"application\/ld+json\" class=\"yoast-schema-graph\">{\"@context\":\"https:\/\/schema.org\",\"@graph\":[{\"@type\":\"WebPage\",\"@id\":\"https:\/\/kwt.meiio.net\/tr\/uzun-omur\/tuep-bebek-ve-kisirlik\/tedavi\/ivf\/nc-ivf\",\"url\":\"https:\/\/kwt.meiio.net\/tr\/uzun-omur\/tuep-bebek-ve-kisirlik\/tedavi\/ivf\/nc-ivf\",\"name\":\"NC-IVF &#8226; Kinderwunschteam Berlin\",\"isPartOf\":{\"@id\":\"https:\/\/kwt.meiio.net\/tr#website\"},\"primaryImageOfPage\":{\"@id\":\"https:\/\/kwt.meiio.net\/tr\/uzun-omur\/tuep-bebek-ve-kisirlik\/tedavi\/ivf\/nc-ivf#primaryimage\"},\"image\":{\"@id\":\"https:\/\/kwt.meiio.net\/tr\/uzun-omur\/tuep-bebek-ve-kisirlik\/tedavi\/ivf\/nc-ivf#primaryimage\"},\"thumbnailUrl\":\"https:\/\/kwt.meiio.net\/wp-content\/uploads\/KWT-8045-Labor.jpg\",\"datePublished\":\"2010-03-12T05:00:03+00:00\",\"dateModified\":\"2020-09-11T20:06:56+00:00\",\"description\":\"Natural Cycle IVF, do\u011fal siklusta IVF \u0130lk yap\u0131lan IVF tedavileri do\u011fal siklusta t\u00fcp bebek y\u00f6ntemini izlemi\u015ftir ve\u00a0Louise Brown\u00a0de bu yolla do\u011fan d\u00fcnyadaki\",\"breadcrumb\":{\"@id\":\"https:\/\/kwt.meiio.net\/tr\/uzun-omur\/tuep-bebek-ve-kisirlik\/tedavi\/ivf\/nc-ivf#breadcrumb\"},\"inLanguage\":\"tr\",\"potentialAction\":[{\"@type\":\"ReadAction\",\"target\":[\"https:\/\/kwt.meiio.net\/tr\/uzun-omur\/tuep-bebek-ve-kisirlik\/tedavi\/ivf\/nc-ivf\"]}]},{\"@type\":\"ImageObject\",\"inLanguage\":\"tr\",\"@id\":\"https:\/\/kwt.meiio.net\/tr\/uzun-omur\/tuep-bebek-ve-kisirlik\/tedavi\/ivf\/nc-ivf#primaryimage\",\"url\":\"https:\/\/kwt.meiio.net\/wp-content\/uploads\/KWT-8045-Labor.jpg\",\"contentUrl\":\"https:\/\/kwt.meiio.net\/wp-content\/uploads\/KWT-8045-Labor.jpg\",\"width\":2000,\"height\":670},{\"@type\":\"BreadcrumbList\",\"@id\":\"https:\/\/kwt.meiio.net\/tr\/uzun-omur\/tuep-bebek-ve-kisirlik\/tedavi\/ivf\/nc-ivf#breadcrumb\",\"itemListElement\":[{\"@type\":\"ListItem\",\"position\":1,\"name\":\"Startseite\",\"item\":\"https:\/\/kwt.meiio.net\/tr\"},{\"@type\":\"ListItem\",\"position\":2,\"name\":\"Hizmet alanlar\u0131m\u0131z\",\"item\":\"https:\/\/kwt.meiio.net\/tr\/uzun-omur\"},{\"@type\":\"ListItem\",\"position\":3,\"name\":\"T\u00fcp bebek ve k\u0131s\u0131rl\u0131k\",\"item\":\"https:\/\/kwt.meiio.net\/tr\/uzun-omur\/tuep-bebek-ve-kisirlik\"},{\"@type\":\"ListItem\",\"position\":4,\"name\":\"Tedavi\",\"item\":\"https:\/\/kwt.meiio.net\/tr\/uzun-omur\/tuep-bebek-ve-kisirlik\/tedavi\"},{\"@type\":\"ListItem\",\"position\":5,\"name\":\"\u0130VF\",\"item\":\"https:\/\/kwt.meiio.net\/tr\/uzun-omur\/tuep-bebek-ve-kisirlik\/tedavi\/ivf\"},{\"@type\":\"ListItem\",\"position\":6,\"name\":\"NC-IVF\"}]},{\"@type\":\"WebSite\",\"@id\":\"https:\/\/kwt.meiio.net\/tr#website\",\"url\":\"https:\/\/kwt.meiio.net\/tr\",\"name\":\"Kinderwunschteam Berlin\",\"description\":\"Kinderwunsch- und Endometriose-Zentrum\",\"publisher\":{\"@id\":\"https:\/\/kwt.meiio.net\/tr#organization\"},\"potentialAction\":[{\"@type\":\"SearchAction\",\"target\":{\"@type\":\"EntryPoint\",\"urlTemplate\":\"https:\/\/kwt.meiio.net\/tr?s={search_term_string}\"},\"query-input\":{\"@type\":\"PropertyValueSpecification\",\"valueRequired\":true,\"valueName\":\"search_term_string\"}}],\"inLanguage\":\"tr\"},{\"@type\":\"Organization\",\"@id\":\"https:\/\/kwt.meiio.net\/tr#organization\",\"name\":\"Kinderwunschteam Berlin\",\"url\":\"https:\/\/kwt.meiio.net\/tr\",\"logo\":{\"@type\":\"ImageObject\",\"inLanguage\":\"tr\",\"@id\":\"https:\/\/kwt.meiio.net\/tr#\/schema\/logo\/image\/\",\"url\":\"https:\/\/kwt.meiio.net\/wp-content\/uploads\/Logo-KinderwunschteamBerlin-NavBar@2.png\",\"contentUrl\":\"https:\/\/kwt.meiio.net\/wp-content\/uploads\/Logo-KinderwunschteamBerlin-NavBar@2.png\",\"width\":800,\"height\":200,\"caption\":\"Kinderwunschteam Berlin\"},\"image\":{\"@id\":\"https:\/\/kwt.meiio.net\/tr#\/schema\/logo\/image\/\"},\"sameAs\":[\"https:\/\/www.facebook.com\/kinderwunschteam.berlin\/\",\"https:\/\/www.instagram.com\/kinderwunschteamberlin\/\"]}]}<\/script>\n<!-- \/ Yoast SEO plugin. -->","yoast_head_json":{"title":"NC-IVF &#8226; Kinderwunschteam Berlin","description":"Natural Cycle IVF, do\u011fal siklusta IVF \u0130lk yap\u0131lan IVF tedavileri do\u011fal siklusta t\u00fcp bebek y\u00f6ntemini izlemi\u015ftir ve\u00a0Louise Brown\u00a0de bu yolla do\u011fan d\u00fcnyadaki","robots":{"index":"noindex","follow":"follow","max-snippet":"max-snippet:-1","max-image-preview":"max-image-preview:large","max-video-preview":"max-video-preview:-1"},"og_locale":"tr_TR","og_type":"article","og_title":"NC-IVF &#8226; Kinderwunschteam Berlin","og_description":"Natural Cycle IVF, do\u011fal siklusta IVF \u0130lk yap\u0131lan IVF tedavileri do\u011fal siklusta t\u00fcp bebek y\u00f6ntemini izlemi\u015ftir ve\u00a0Louise Brown\u00a0de bu yolla do\u011fan d\u00fcnyadaki","og_url":"https:\/\/kwt.meiio.net\/tr\/uzun-omur\/tuep-bebek-ve-kisirlik\/tedavi\/ivf\/nc-ivf","og_site_name":"Kinderwunschteam Berlin","article_publisher":"https:\/\/www.facebook.com\/kinderwunschteam.berlin\/","article_modified_time":"2020-09-11T20:06:56+00:00","og_image":[{"width":2000,"height":670,"url":"https:\/\/kwt.meiio.net\/wp-content\/uploads\/KWT-8045-Labor.jpg","type":"image\/jpeg"}],"twitter_card":"summary_large_image","schema":{"@context":"https:\/\/schema.org","@graph":[{"@type":"WebPage","@id":"https:\/\/kwt.meiio.net\/tr\/uzun-omur\/tuep-bebek-ve-kisirlik\/tedavi\/ivf\/nc-ivf","url":"https:\/\/kwt.meiio.net\/tr\/uzun-omur\/tuep-bebek-ve-kisirlik\/tedavi\/ivf\/nc-ivf","name":"NC-IVF &#8226; Kinderwunschteam Berlin","isPartOf":{"@id":"https:\/\/kwt.meiio.net\/tr#website"},"primaryImageOfPage":{"@id":"https:\/\/kwt.meiio.net\/tr\/uzun-omur\/tuep-bebek-ve-kisirlik\/tedavi\/ivf\/nc-ivf#primaryimage"},"image":{"@id":"https:\/\/kwt.meiio.net\/tr\/uzun-omur\/tuep-bebek-ve-kisirlik\/tedavi\/ivf\/nc-ivf#primaryimage"},"thumbnailUrl":"https:\/\/kwt.meiio.net\/wp-content\/uploads\/KWT-8045-Labor.jpg","datePublished":"2010-03-12T05:00:03+00:00","dateModified":"2020-09-11T20:06:56+00:00","description":"Natural Cycle IVF, do\u011fal siklusta IVF \u0130lk yap\u0131lan IVF tedavileri do\u011fal siklusta t\u00fcp bebek y\u00f6ntemini izlemi\u015ftir ve\u00a0Louise Brown\u00a0de bu yolla do\u011fan d\u00fcnyadaki","breadcrumb":{"@id":"https:\/\/kwt.meiio.net\/tr\/uzun-omur\/tuep-bebek-ve-kisirlik\/tedavi\/ivf\/nc-ivf#breadcrumb"},"inLanguage":"tr","potentialAction":[{"@type":"ReadAction","target":["https:\/\/kwt.meiio.net\/tr\/uzun-omur\/tuep-bebek-ve-kisirlik\/tedavi\/ivf\/nc-ivf"]}]},{"@type":"ImageObject","inLanguage":"tr","@id":"https:\/\/kwt.meiio.net\/tr\/uzun-omur\/tuep-bebek-ve-kisirlik\/tedavi\/ivf\/nc-ivf#primaryimage","url":"https:\/\/kwt.meiio.net\/wp-content\/uploads\/KWT-8045-Labor.jpg","contentUrl":"https:\/\/kwt.meiio.net\/wp-content\/uploads\/KWT-8045-Labor.jpg","width":2000,"height":670},{"@type":"BreadcrumbList","@id":"https:\/\/kwt.meiio.net\/tr\/uzun-omur\/tuep-bebek-ve-kisirlik\/tedavi\/ivf\/nc-ivf#breadcrumb","itemListElement":[{"@type":"ListItem","position":1,"name":"Startseite","item":"https:\/\/kwt.meiio.net\/tr"},{"@type":"ListItem","position":2,"name":"Hizmet alanlar\u0131m\u0131z","item":"https:\/\/kwt.meiio.net\/tr\/uzun-omur"},{"@type":"ListItem","position":3,"name":"T\u00fcp bebek ve k\u0131s\u0131rl\u0131k","item":"https:\/\/kwt.meiio.net\/tr\/uzun-omur\/tuep-bebek-ve-kisirlik"},{"@type":"ListItem","position":4,"name":"Tedavi","item":"https:\/\/kwt.meiio.net\/tr\/uzun-omur\/tuep-bebek-ve-kisirlik\/tedavi"},{"@type":"ListItem","position":5,"name":"\u0130VF","item":"https:\/\/kwt.meiio.net\/tr\/uzun-omur\/tuep-bebek-ve-kisirlik\/tedavi\/ivf"},{"@type":"ListItem","position":6,"name":"NC-IVF"}]},{"@type":"WebSite","@id":"https:\/\/kwt.meiio.net\/tr#website","url":"https:\/\/kwt.meiio.net\/tr","name":"Kinderwunschteam Berlin","description":"Kinderwunsch- und Endometriose-Zentrum","publisher":{"@id":"https:\/\/kwt.meiio.net\/tr#organization"},"potentialAction":[{"@type":"SearchAction","target":{"@type":"EntryPoint","urlTemplate":"https:\/\/kwt.meiio.net\/tr?s={search_term_string}"},"query-input":{"@type":"PropertyValueSpecification","valueRequired":true,"valueName":"search_term_string"}}],"inLanguage":"tr"},{"@type":"Organization","@id":"https:\/\/kwt.meiio.net\/tr#organization","name":"Kinderwunschteam Berlin","url":"https:\/\/kwt.meiio.net\/tr","logo":{"@type":"ImageObject","inLanguage":"tr","@id":"https:\/\/kwt.meiio.net\/tr#\/schema\/logo\/image\/","url":"https:\/\/kwt.meiio.net\/wp-content\/uploads\/Logo-KinderwunschteamBerlin-NavBar@2.png","contentUrl":"https:\/\/kwt.meiio.net\/wp-content\/uploads\/Logo-KinderwunschteamBerlin-NavBar@2.png","width":800,"height":200,"caption":"Kinderwunschteam Berlin"},"image":{"@id":"https:\/\/kwt.meiio.net\/tr#\/schema\/logo\/image\/"},"sameAs":["https:\/\/www.facebook.com\/kinderwunschteam.berlin\/","https:\/\/www.instagram.com\/kinderwunschteamberlin\/"]}]}},"_links":{"self":[{"href":"https:\/\/kwt.meiio.net\/tr\/wp-json\/wp\/v2\/pages\/7696","targetHints":{"allow":["GET"]}}],"collection":[{"href":"https:\/\/kwt.meiio.net\/tr\/wp-json\/wp\/v2\/pages"}],"about":[{"href":"https:\/\/kwt.meiio.net\/tr\/wp-json\/wp\/v2\/types\/page"}],"author":[{"embeddable":true,"href":"https:\/\/kwt.meiio.net\/tr\/wp-json\/wp\/v2\/users\/2"}],"replies":[{"embeddable":true,"href":"https:\/\/kwt.meiio.net\/tr\/wp-json\/wp\/v2\/comments?post=7696"}],"version-history":[{"count":0,"href":"https:\/\/kwt.meiio.net\/tr\/wp-json\/wp\/v2\/pages\/7696\/revisions"}],"up":[{"embeddable":true,"href":"https:\/\/kwt.meiio.net\/tr\/wp-json\/wp\/v2\/pages\/7684"}],"wp:featuredmedia":[{"embeddable":true,"href":"https:\/\/kwt.meiio.net\/tr\/wp-json\/wp\/v2\/media\/7690"}],"wp:attachment":[{"href":"https:\/\/kwt.meiio.net\/tr\/wp-json\/wp\/v2\/media?parent=7696"}],"curies":[{"name":"wp","href":"https:\/\/api.w.org\/{rel}","templated":true}]}}