{"id":7694,"date":"2010-03-12T05:56:28","date_gmt":"2010-03-12T04:56:28","guid":{"rendered":"https:\/\/www.kinderwunschteam.berlin\/?page_id=7694"},"modified":"2020-09-05T23:12:57","modified_gmt":"2020-09-05T21:12:57","slug":"mini-ivf","status":"publish","type":"page","link":"https:\/\/kwt.meiio.net\/tr\/uzun-omur\/tuep-bebek-ve-kisirlik\/tedavi\/ivf\/mini-ivf","title":{"rendered":"Mini IVF"},"content":{"rendered":"<p>IVF tedavisini g\u00f6ren bir\u00e7ok kad\u0131n, g\u00fcnl\u00fck a\u015f\u0131lar\u0131n gereklili\u011finden korkuyorlar; ama bunun da \u00f6tesinde y\u00fcksek t\u0131bbi masraflar onlar\u0131n korkulu r\u00fcyas\u0131.<\/p>\n<p>Kayg\u0131lanmaya yol a\u00e7an di\u011fer nedenler \u015funlard\u0131r: \u00c7ok \u00e7ocu\u011fa hamile kalma riski, bunun erken do\u011fuma yol a\u00e7ma tehlikesi ve s\u00f6zde a\u015f\u0131r\u0131 uyar\u0131 sendromu (OHSS).<\/p>\n<p>Mini IVF y\u00f6ntemi bu alanda tamamen yeni bir yakla\u015f\u0131md\u0131r. Bu y\u00f6ntem ilk kez Japonya\u2019da Prof. Kato taraf\u0131ndan uygulanm\u0131\u015ft\u0131r ve New York\u2019taki New Hope Fertility Center \u201adaki Dr. John Zhang gibi IVF tekni\u011finin \u00f6nde gelen isimleri taraf\u0131ndan daha da ileri bir noktaya ta\u015f\u0131nm\u0131\u015ft\u0131r.<\/p>\n<p>Mini IVF ile a\u015f\u0131r\u0131 uyar\u0131 sendromunun \u00f6n\u00fcne % 99 ge\u00e7ilir ve bu giri\u015fim i\u00e7in hemen hemen hi\u00e7 ya da hi\u00e7 i\u011fneye gerek duyulmaz (3-4). Konvansiyonel IVF tedavisinde t\u0131bbi giderlere harcayaca\u011f\u0131n\u0131z para 1200-2000- avro iken, bu tedavi en fazla 380-400 avro civar\u0131nda tutar. Ayr\u0131ca, uyar\u0131n\u0131n sa\u011flanmas\u0131 da \u00e7ok basit bir i\u015flemdir. Normalde 15-20 yumurta h\u00fccresi elde edilen <a href=\"https:\/\/kwt.meiio.net\/spektrum\/kinderwunsch\/therapie-des-unerfuellten-kinderwunsches\/ivf-in-vitro-fertilisation\/konventionelle-ivf\">Konvansiyonel IVF<\/a>\u2019den farkl\u0131 olarak -ki bunlardan da, kad\u0131n\u0131n ya\u015f\u0131na ba\u011fl\u0131 olarak sadece 4-5 tanesi ger\u00e7ekten iyi kalitededir.-, mini IVF\u2019de 4-8 yumurta h\u00fccresinin b\u00fcy\u00fcmesi beklenmektedir. Burada dikkate de\u011fer \u00f6\u011fe bu y\u00f6ntemde de y\u00fcksek kalitede olan yumurta h\u00fccrelerinin say\u0131s\u0131 3-5 tanedir. \u0130\u015fin asl\u0131na bak\u0131ld\u0131\u011f\u0131nda, yumurta h\u00fccresi say\u0131s\u0131nda azalma olmas\u0131na ra\u011fmen, en iyi kalitede olan h\u00fccrelerin oran\u0131nda her hangi bir azalma olmad\u0131\u011f\u0131 g\u00f6r\u00fclmektedir.<\/p>\n<p>Ayn\u0131 \u015fekilde, \u201cyapay menopoz a\u015f\u0131lar\u0131\u201c veya \u201cdown regulation\u201c bu durumda gerekli de\u011fildir. Erken ov\u00fclasyon, mini IVF\u2019de nadiren g\u00f6r\u00fcl\u00fcr.<\/p>\n<p>Kad\u0131nda hafif ba\u015f a\u011fr\u0131lar\u0131 ve\/veya yorgunluk gibi yan etkiler sadece birka\u00e7 g\u00fcn s\u00fcrer.<\/p>\n<p>Bug\u00fcn, konvansiyonel IVF\u2019de uyar\u0131 dozunun \u00e7ok y\u00fcksek olmas\u0131n\u0131n embriyo transferi sonras\u0131nda implantasyon y\u00fczdesini d\u00fc\u015f\u00fcrebilece\u011fi bilinmektedir. Bu nedenle uyar\u0131n\u0131n \u00f6l\u00e7\u00fcl\u00fc bir \u015fekilde yap\u0131lmas\u0131yla bu problemin \u00e7\u00f6z\u00fclebilece\u011fi sonucuna var\u0131labilir. Ama mini IVF\u2019de kullan\u0131lan tabletler ne yaz\u0131k ki baz\u0131 kad\u0131nlarda rahim mukozas\u0131 kalitesinin daha d\u00fc\u015f\u00fck olmas\u0131na neden olur. Bu da bir yandan daha az ila\u00e7 ile y\u00fcksek miktarda iyi yumurta h\u00fccrelerine ula\u015f\u0131l\u0131rken, di\u011fer bir yandan \u2013 olas\u0131- hamilelik oran\u0131n\u0131n daha d\u00fc\u015f\u00fck kalitedeki mukoza y\u00fcz\u00fcnden azalmas\u0131 anlam\u0131na gelmektedir. Problemin \u00e7\u00f6z\u00fcm\u00fc, yumurta h\u00fccrelerinin veya d\u00f6llenmi\u015f yumurta h\u00fccrelerinin donarak korunmas\u0131nda yatar. Bu dondurarak koruma vitrifikasyon ile sa\u011fland\u0131\u011f\u0131ndan, h\u00fccrelerin \u201chayatta kalma y\u00fczdesinin\u201c % 95-98\u2019lere \u00e7\u0131kabilmektedir.<\/p>\n<p>En az\u0131ndan bu nedenle bu durumlarda, (bir sonraki ya da daha sonraki) do\u011fal siklusta\u00a0<a href=\"https:\/\/kwt.meiio.net\/spektrum\/kinderwunsch\/therapie-des-unerfuellten-kinderwunsches\/kryokonservierung\/kryozyklus\"><strong>dondurma transferi<\/strong>ni<\/a>\u00a0tavsiye ederiz.<\/p>\n<p>Ayr\u0131ca,\u00a0<a href=\"https:\/\/kwt.meiio.net\/spektrum\/kinderwunsch\/therapie-des-unerfuellten-kinderwunsches\/blastozystenkultur\">blastokist<\/a>\u00a0\u201cSET\u201c (single embryo transfer)\u2019i tavsiye etmekteyiz. Bu uygulama konvansiyonel IVF\u2019nin -ve 2 embriyonun transferinin- siklusunda bir ikize hamile kalma olas\u0131l\u0131\u011f\u0131n\u0131 da -ki bu oran % 20\u2019dir- ortadan kald\u0131r\u0131r.<\/p>\n<p>Hangi kad\u0131nlar mini IVF\/ICSI i\u00e7in uygundur?<\/p>\n<ul>\n<li>Konvansiyonel IVF\u2019yi ve bunun y\u00fcksek dozajl\u0131 stim\u00fclasyon terapisini istemeyen kad\u0131nlar<\/li>\n<\/ul>\n<ul>\n<li>Konvansionel IVF\u2019nin fiyatlar\u0131n\u0131 \u00e7ok y\u00fcksek bulan hastalar<\/li>\n<\/ul>\n<ul>\n<li>Yumurta h\u00fccrelerinin veya (\u00f6nceden) d\u00f6llenen yumurta h\u00fccrelerinin depolanmas\u0131yla ayn\u0131 s\u00fcrede daha \u00e7ok yumurta h\u00fccresi kazanma avantaj\u0131n\u0131 kullanmak isteyen kad\u0131nlar (ba\u015fka deyi\u015fle, \u201c<a href=\"https:\/\/kwt.meiio.net\/spektrum\/kinderwunsch\/therapie-des-unerfuellten-kinderwunsches\/kryokonservierung\/vitrifikation\">social freezing<\/a>\u201ci tercih eden kad\u0131nlar i\u00e7in de)<\/li>\n<\/ul>\n<ul>\n<li>Kanser tedavisi olacak ve bu y\u00fczden (beraber oldu\u011fu biri yoksa) yumurta h\u00fccrelerinin veya (e\u015fi\/beraber oldu\u011fu biri varsa) \u00f6nceden d\u00f6llenmi\u015f yumurta h\u00fccrelerinin dondurulmas\u0131n\u0131 isteyen kad\u0131nlar<\/li>\n<\/ul>\n<ul>\n<li>Hormonal uyar\u0131lma ile k\u00f6t\u00fc bir deneyimi olan kad\u0131nlar<\/li>\n<\/ul>\n<ul>\n<li>Over hiperstim\u00fclasyon sendromu (OHSS) olma riski y\u00fcksek olan kad\u0131nlar<\/li>\n<\/ul>\n<ul>\n<li>Hormon uyar\u0131lmaya k\u00f6t\u00fc yan\u0131t veren, yani \u201clow-responder\u201c olan ve over rezervi d\u00fc\u015f\u00fck olan kad\u0131nlar (erken menopoz, 40\u2019l\u0131 ya\u015flar\u0131n ortas\u0131ndaki ya\u015f grubu kad\u0131nlar\u0131).<\/li>\n<\/ul>\n<ul>\n<li>Hormonal uyar\u0131lmaya ra\u011fmen bir \u015fekilde genelde sadece 1-3 yumurta h\u00fccresi \u00fcreten daha ya\u015fl\u0131 kad\u0131nlar<\/li>\n<\/ul>\n<ul>\n<li>\u201c\u0130mplantasyonu ba\u015far\u0131s\u0131z\u201c olan kad\u0131nlar. Yani, konvansiyonel IVF\u2019de her zaman iyi embriyolar elde etse de yine de embriyosu rahim i\u00e7ine bir t\u00fcrl\u00fc yerle\u015fememi\u015f kad\u0131nlar<\/li>\n<\/ul>\n","protected":false},"excerpt":{"rendered":"<p>IVF tedavisini g\u00f6ren bir\u00e7ok kad\u0131n, g\u00fcnl\u00fck a\u015f\u0131lar\u0131n gereklili\u011finden korkuyorlar; ama bunun da \u00f6tesinde y\u00fcksek t\u0131bbi masraflar onlar\u0131n korkulu r\u00fcyas\u0131. Kayg\u0131lanmaya [&hellip;]<\/p>\n","protected":false},"author":6,"featured_media":7690,"parent":7684,"menu_order":2,"comment_status":"closed","ping_status":"closed","template":"page-siblingnavi.php","meta":{"footnotes":""},"class_list":["post-7694","page","type-page","status-publish","has-post-thumbnail","hentry"],"yoast_head":"<!-- This site is optimized with the Yoast SEO plugin v25.6 - https:\/\/yoast.com\/wordpress\/plugins\/seo\/ -->\n<title>Mini IVF &#8226; Kinderwunschteam Berlin<\/title>\n<meta name=\"description\" content=\"IVF tedavisini g\u00f6ren bir\u00e7ok kad\u0131n, g\u00fcnl\u00fck a\u015f\u0131lar\u0131n gereklili\u011finden korkuyorlar; ama bunun da \u00f6tesinde y\u00fcksek t\u0131bbi masraflar onlar\u0131n korkulu r\u00fcyas\u0131.\" \/>\n<meta name=\"robots\" content=\"noindex, follow, max-snippet:-1, max-image-preview:large, max-video-preview:-1\" \/>\n<meta property=\"og:locale\" content=\"tr_TR\" \/>\n<meta property=\"og:type\" content=\"article\" \/>\n<meta property=\"og:title\" content=\"Mini IVF &#8226; Kinderwunschteam Berlin\" \/>\n<meta property=\"og:description\" content=\"IVF tedavisini g\u00f6ren bir\u00e7ok kad\u0131n, g\u00fcnl\u00fck a\u015f\u0131lar\u0131n gereklili\u011finden korkuyorlar; ama bunun da \u00f6tesinde y\u00fcksek t\u0131bbi masraflar onlar\u0131n korkulu r\u00fcyas\u0131.\" \/>\n<meta property=\"og:url\" content=\"https:\/\/kwt.meiio.net\/tr\/uzun-omur\/tuep-bebek-ve-kisirlik\/tedavi\/ivf\/mini-ivf\" \/>\n<meta property=\"og:site_name\" content=\"Kinderwunschteam Berlin\" \/>\n<meta property=\"article:publisher\" content=\"https:\/\/www.facebook.com\/kinderwunschteam.berlin\/\" \/>\n<meta property=\"article:modified_time\" content=\"2020-09-05T21:12:57+00:00\" \/>\n<meta property=\"og:image\" content=\"https:\/\/kwt.meiio.net\/wp-content\/uploads\/KWT-8045-Labor.jpg\" \/>\n\t<meta property=\"og:image:width\" content=\"2000\" \/>\n\t<meta property=\"og:image:height\" content=\"670\" \/>\n\t<meta property=\"og:image:type\" content=\"image\/jpeg\" \/>\n<meta name=\"twitter:card\" content=\"summary_large_image\" \/>\n<script type=\"application\/ld+json\" class=\"yoast-schema-graph\">{\"@context\":\"https:\/\/schema.org\",\"@graph\":[{\"@type\":\"WebPage\",\"@id\":\"https:\/\/kwt.meiio.net\/tr\/uzun-omur\/tuep-bebek-ve-kisirlik\/tedavi\/ivf\/mini-ivf\",\"url\":\"https:\/\/kwt.meiio.net\/tr\/uzun-omur\/tuep-bebek-ve-kisirlik\/tedavi\/ivf\/mini-ivf\",\"name\":\"Mini IVF &#8226; Kinderwunschteam Berlin\",\"isPartOf\":{\"@id\":\"https:\/\/kwt.meiio.net\/tr#website\"},\"primaryImageOfPage\":{\"@id\":\"https:\/\/kwt.meiio.net\/tr\/uzun-omur\/tuep-bebek-ve-kisirlik\/tedavi\/ivf\/mini-ivf#primaryimage\"},\"image\":{\"@id\":\"https:\/\/kwt.meiio.net\/tr\/uzun-omur\/tuep-bebek-ve-kisirlik\/tedavi\/ivf\/mini-ivf#primaryimage\"},\"thumbnailUrl\":\"https:\/\/kwt.meiio.net\/wp-content\/uploads\/KWT-8045-Labor.jpg\",\"datePublished\":\"2010-03-12T04:56:28+00:00\",\"dateModified\":\"2020-09-05T21:12:57+00:00\",\"description\":\"IVF tedavisini g\u00f6ren bir\u00e7ok kad\u0131n, g\u00fcnl\u00fck a\u015f\u0131lar\u0131n gereklili\u011finden korkuyorlar; ama bunun da \u00f6tesinde y\u00fcksek t\u0131bbi masraflar onlar\u0131n korkulu r\u00fcyas\u0131.\",\"breadcrumb\":{\"@id\":\"https:\/\/kwt.meiio.net\/tr\/uzun-omur\/tuep-bebek-ve-kisirlik\/tedavi\/ivf\/mini-ivf#breadcrumb\"},\"inLanguage\":\"tr\",\"potentialAction\":[{\"@type\":\"ReadAction\",\"target\":[\"https:\/\/kwt.meiio.net\/tr\/uzun-omur\/tuep-bebek-ve-kisirlik\/tedavi\/ivf\/mini-ivf\"]}]},{\"@type\":\"ImageObject\",\"inLanguage\":\"tr\",\"@id\":\"https:\/\/kwt.meiio.net\/tr\/uzun-omur\/tuep-bebek-ve-kisirlik\/tedavi\/ivf\/mini-ivf#primaryimage\",\"url\":\"https:\/\/kwt.meiio.net\/wp-content\/uploads\/KWT-8045-Labor.jpg\",\"contentUrl\":\"https:\/\/kwt.meiio.net\/wp-content\/uploads\/KWT-8045-Labor.jpg\",\"width\":2000,\"height\":670},{\"@type\":\"BreadcrumbList\",\"@id\":\"https:\/\/kwt.meiio.net\/tr\/uzun-omur\/tuep-bebek-ve-kisirlik\/tedavi\/ivf\/mini-ivf#breadcrumb\",\"itemListElement\":[{\"@type\":\"ListItem\",\"position\":1,\"name\":\"Startseite\",\"item\":\"https:\/\/kwt.meiio.net\/tr\"},{\"@type\":\"ListItem\",\"position\":2,\"name\":\"Hizmet alanlar\u0131m\u0131z\",\"item\":\"https:\/\/kwt.meiio.net\/tr\/uzun-omur\"},{\"@type\":\"ListItem\",\"position\":3,\"name\":\"T\u00fcp bebek ve k\u0131s\u0131rl\u0131k\",\"item\":\"https:\/\/kwt.meiio.net\/tr\/uzun-omur\/tuep-bebek-ve-kisirlik\"},{\"@type\":\"ListItem\",\"position\":4,\"name\":\"Tedavi\",\"item\":\"https:\/\/kwt.meiio.net\/tr\/uzun-omur\/tuep-bebek-ve-kisirlik\/tedavi\"},{\"@type\":\"ListItem\",\"position\":5,\"name\":\"\u0130VF\",\"item\":\"https:\/\/kwt.meiio.net\/tr\/uzun-omur\/tuep-bebek-ve-kisirlik\/tedavi\/ivf\"},{\"@type\":\"ListItem\",\"position\":6,\"name\":\"Mini IVF\"}]},{\"@type\":\"WebSite\",\"@id\":\"https:\/\/kwt.meiio.net\/tr#website\",\"url\":\"https:\/\/kwt.meiio.net\/tr\",\"name\":\"Kinderwunschteam Berlin\",\"description\":\"Kinderwunsch- und Endometriose-Zentrum\",\"publisher\":{\"@id\":\"https:\/\/kwt.meiio.net\/tr#organization\"},\"potentialAction\":[{\"@type\":\"SearchAction\",\"target\":{\"@type\":\"EntryPoint\",\"urlTemplate\":\"https:\/\/kwt.meiio.net\/tr?s={search_term_string}\"},\"query-input\":{\"@type\":\"PropertyValueSpecification\",\"valueRequired\":true,\"valueName\":\"search_term_string\"}}],\"inLanguage\":\"tr\"},{\"@type\":\"Organization\",\"@id\":\"https:\/\/kwt.meiio.net\/tr#organization\",\"name\":\"Kinderwunschteam Berlin\",\"url\":\"https:\/\/kwt.meiio.net\/tr\",\"logo\":{\"@type\":\"ImageObject\",\"inLanguage\":\"tr\",\"@id\":\"https:\/\/kwt.meiio.net\/tr#\/schema\/logo\/image\/\",\"url\":\"https:\/\/kwt.meiio.net\/wp-content\/uploads\/Logo-KinderwunschteamBerlin-NavBar@2.png\",\"contentUrl\":\"https:\/\/kwt.meiio.net\/wp-content\/uploads\/Logo-KinderwunschteamBerlin-NavBar@2.png\",\"width\":800,\"height\":200,\"caption\":\"Kinderwunschteam Berlin\"},\"image\":{\"@id\":\"https:\/\/kwt.meiio.net\/tr#\/schema\/logo\/image\/\"},\"sameAs\":[\"https:\/\/www.facebook.com\/kinderwunschteam.berlin\/\",\"https:\/\/www.instagram.com\/kinderwunschteamberlin\/\"]}]}<\/script>\n<!-- \/ Yoast SEO plugin. -->","yoast_head_json":{"title":"Mini IVF &#8226; Kinderwunschteam Berlin","description":"IVF tedavisini g\u00f6ren bir\u00e7ok kad\u0131n, g\u00fcnl\u00fck a\u015f\u0131lar\u0131n gereklili\u011finden korkuyorlar; ama bunun da \u00f6tesinde y\u00fcksek t\u0131bbi masraflar onlar\u0131n korkulu r\u00fcyas\u0131.","robots":{"index":"noindex","follow":"follow","max-snippet":"max-snippet:-1","max-image-preview":"max-image-preview:large","max-video-preview":"max-video-preview:-1"},"og_locale":"tr_TR","og_type":"article","og_title":"Mini IVF &#8226; Kinderwunschteam Berlin","og_description":"IVF tedavisini g\u00f6ren bir\u00e7ok kad\u0131n, g\u00fcnl\u00fck a\u015f\u0131lar\u0131n gereklili\u011finden korkuyorlar; ama bunun da \u00f6tesinde y\u00fcksek t\u0131bbi masraflar onlar\u0131n korkulu r\u00fcyas\u0131.","og_url":"https:\/\/kwt.meiio.net\/tr\/uzun-omur\/tuep-bebek-ve-kisirlik\/tedavi\/ivf\/mini-ivf","og_site_name":"Kinderwunschteam Berlin","article_publisher":"https:\/\/www.facebook.com\/kinderwunschteam.berlin\/","article_modified_time":"2020-09-05T21:12:57+00:00","og_image":[{"width":2000,"height":670,"url":"https:\/\/kwt.meiio.net\/wp-content\/uploads\/KWT-8045-Labor.jpg","type":"image\/jpeg"}],"twitter_card":"summary_large_image","schema":{"@context":"https:\/\/schema.org","@graph":[{"@type":"WebPage","@id":"https:\/\/kwt.meiio.net\/tr\/uzun-omur\/tuep-bebek-ve-kisirlik\/tedavi\/ivf\/mini-ivf","url":"https:\/\/kwt.meiio.net\/tr\/uzun-omur\/tuep-bebek-ve-kisirlik\/tedavi\/ivf\/mini-ivf","name":"Mini IVF &#8226; Kinderwunschteam Berlin","isPartOf":{"@id":"https:\/\/kwt.meiio.net\/tr#website"},"primaryImageOfPage":{"@id":"https:\/\/kwt.meiio.net\/tr\/uzun-omur\/tuep-bebek-ve-kisirlik\/tedavi\/ivf\/mini-ivf#primaryimage"},"image":{"@id":"https:\/\/kwt.meiio.net\/tr\/uzun-omur\/tuep-bebek-ve-kisirlik\/tedavi\/ivf\/mini-ivf#primaryimage"},"thumbnailUrl":"https:\/\/kwt.meiio.net\/wp-content\/uploads\/KWT-8045-Labor.jpg","datePublished":"2010-03-12T04:56:28+00:00","dateModified":"2020-09-05T21:12:57+00:00","description":"IVF tedavisini g\u00f6ren bir\u00e7ok kad\u0131n, g\u00fcnl\u00fck a\u015f\u0131lar\u0131n gereklili\u011finden korkuyorlar; ama bunun da \u00f6tesinde y\u00fcksek t\u0131bbi masraflar onlar\u0131n korkulu r\u00fcyas\u0131.","breadcrumb":{"@id":"https:\/\/kwt.meiio.net\/tr\/uzun-omur\/tuep-bebek-ve-kisirlik\/tedavi\/ivf\/mini-ivf#breadcrumb"},"inLanguage":"tr","potentialAction":[{"@type":"ReadAction","target":["https:\/\/kwt.meiio.net\/tr\/uzun-omur\/tuep-bebek-ve-kisirlik\/tedavi\/ivf\/mini-ivf"]}]},{"@type":"ImageObject","inLanguage":"tr","@id":"https:\/\/kwt.meiio.net\/tr\/uzun-omur\/tuep-bebek-ve-kisirlik\/tedavi\/ivf\/mini-ivf#primaryimage","url":"https:\/\/kwt.meiio.net\/wp-content\/uploads\/KWT-8045-Labor.jpg","contentUrl":"https:\/\/kwt.meiio.net\/wp-content\/uploads\/KWT-8045-Labor.jpg","width":2000,"height":670},{"@type":"BreadcrumbList","@id":"https:\/\/kwt.meiio.net\/tr\/uzun-omur\/tuep-bebek-ve-kisirlik\/tedavi\/ivf\/mini-ivf#breadcrumb","itemListElement":[{"@type":"ListItem","position":1,"name":"Startseite","item":"https:\/\/kwt.meiio.net\/tr"},{"@type":"ListItem","position":2,"name":"Hizmet alanlar\u0131m\u0131z","item":"https:\/\/kwt.meiio.net\/tr\/uzun-omur"},{"@type":"ListItem","position":3,"name":"T\u00fcp bebek ve k\u0131s\u0131rl\u0131k","item":"https:\/\/kwt.meiio.net\/tr\/uzun-omur\/tuep-bebek-ve-kisirlik"},{"@type":"ListItem","position":4,"name":"Tedavi","item":"https:\/\/kwt.meiio.net\/tr\/uzun-omur\/tuep-bebek-ve-kisirlik\/tedavi"},{"@type":"ListItem","position":5,"name":"\u0130VF","item":"https:\/\/kwt.meiio.net\/tr\/uzun-omur\/tuep-bebek-ve-kisirlik\/tedavi\/ivf"},{"@type":"ListItem","position":6,"name":"Mini IVF"}]},{"@type":"WebSite","@id":"https:\/\/kwt.meiio.net\/tr#website","url":"https:\/\/kwt.meiio.net\/tr","name":"Kinderwunschteam Berlin","description":"Kinderwunsch- und Endometriose-Zentrum","publisher":{"@id":"https:\/\/kwt.meiio.net\/tr#organization"},"potentialAction":[{"@type":"SearchAction","target":{"@type":"EntryPoint","urlTemplate":"https:\/\/kwt.meiio.net\/tr?s={search_term_string}"},"query-input":{"@type":"PropertyValueSpecification","valueRequired":true,"valueName":"search_term_string"}}],"inLanguage":"tr"},{"@type":"Organization","@id":"https:\/\/kwt.meiio.net\/tr#organization","name":"Kinderwunschteam Berlin","url":"https:\/\/kwt.meiio.net\/tr","logo":{"@type":"ImageObject","inLanguage":"tr","@id":"https:\/\/kwt.meiio.net\/tr#\/schema\/logo\/image\/","url":"https:\/\/kwt.meiio.net\/wp-content\/uploads\/Logo-KinderwunschteamBerlin-NavBar@2.png","contentUrl":"https:\/\/kwt.meiio.net\/wp-content\/uploads\/Logo-KinderwunschteamBerlin-NavBar@2.png","width":800,"height":200,"caption":"Kinderwunschteam Berlin"},"image":{"@id":"https:\/\/kwt.meiio.net\/tr#\/schema\/logo\/image\/"},"sameAs":["https:\/\/www.facebook.com\/kinderwunschteam.berlin\/","https:\/\/www.instagram.com\/kinderwunschteamberlin\/"]}]}},"_links":{"self":[{"href":"https:\/\/kwt.meiio.net\/tr\/wp-json\/wp\/v2\/pages\/7694","targetHints":{"allow":["GET"]}}],"collection":[{"href":"https:\/\/kwt.meiio.net\/tr\/wp-json\/wp\/v2\/pages"}],"about":[{"href":"https:\/\/kwt.meiio.net\/tr\/wp-json\/wp\/v2\/types\/page"}],"author":[{"embeddable":true,"href":"https:\/\/kwt.meiio.net\/tr\/wp-json\/wp\/v2\/users\/6"}],"replies":[{"embeddable":true,"href":"https:\/\/kwt.meiio.net\/tr\/wp-json\/wp\/v2\/comments?post=7694"}],"version-history":[{"count":0,"href":"https:\/\/kwt.meiio.net\/tr\/wp-json\/wp\/v2\/pages\/7694\/revisions"}],"up":[{"embeddable":true,"href":"https:\/\/kwt.meiio.net\/tr\/wp-json\/wp\/v2\/pages\/7684"}],"wp:featuredmedia":[{"embeddable":true,"href":"https:\/\/kwt.meiio.net\/tr\/wp-json\/wp\/v2\/media\/7690"}],"wp:attachment":[{"href":"https:\/\/kwt.meiio.net\/tr\/wp-json\/wp\/v2\/media?parent=7694"}],"curies":[{"name":"wp","href":"https:\/\/api.w.org\/{rel}","templated":true}]}}