{"id":7684,"date":"2010-03-11T22:08:15","date_gmt":"2010-03-11T21:08:15","guid":{"rendered":"https:\/\/www.kinderwunschteam.berlin\/diagnostik-therapie\/tedavi-einstieg-therapie-alt\/ivf-in-vitro-fertilisation\/"},"modified":"2020-09-01T09:51:45","modified_gmt":"2020-09-01T07:51:45","slug":"ivf","status":"publish","type":"page","link":"https:\/\/kwt.meiio.net\/tr\/uzun-omur\/tuep-bebek-ve-kisirlik\/tedavi\/ivf","title":{"rendered":"\u0130VF"},"content":{"rendered":"<p><strong><em>\u0130VF<\/em><\/strong>\u00a0\u0130VF (In Vitro Fertilizasyon = Klasik t\u00fcp bebek i\u015flemi) tipik olarak iki fallop t\u00fcp\u00fcnden biri t\u0131kan\u0131k olan kad\u0131nlara yap\u0131l\u0131r. Ama ayn\u0131 zamanda erke\u011fin sperma kalitesinin d\u00fc\u015f\u00fck olmas\u0131, kad\u0131n\u0131n ya\u015f\u0131, \u00e7iftin ya\u015fad\u0131\u011f\u0131 stres ve di\u011fer tedavilerin i\u015fe yaramam\u0131\u015f olmas\u0131,\u00a0<strong><em>\u0130VF<\/em><\/strong>\u00a0yapt\u0131rma yolunda bir karara itebilir.<\/p>\n<p><strong><em>IVF<\/em><\/strong>\u201ade, bir veya birden fazla yumurta h\u00fccresi v\u00fccut d\u0131\u015f\u0131nda bir ortamda spermlerle bulu\u015fturulur. D\u00f6llenme ve fet\u00fcs geli\u015fimi sa\u011fland\u0131ktan sonra fet\u00fcs\u00fcn anne rahmine transferi yap\u0131l\u0131r ve kad\u0131n\u0131n gebe kalmas\u0131 sa\u011flan\u0131r.<\/p>\n<p>Bu s\u00fcre\u00e7te, \u00e7e\u015fitli ila\u00e7lar\u0131n kullan\u0131lmas\u0131 gerekebilir. Bu farkl\u0131 ila\u00e7 kombinasyonlar\u0131na protokol denir. Hangi protokol\u00fcn kullan\u0131l\u0131p kullan\u0131lmayaca\u011f\u0131n\u0131, \u00e7e\u015fitli fakt\u00f6rler belirler.<\/p>\n<figure id=\"attachment_7474\" aria-describedby=\"caption-attachment-7474\" style=\"width: 800px\" class=\"wp-caption alignnone\"><img decoding=\"async\" class=\"size-full wp-image-7474\" src=\"https:\/\/kwt.meiio.net\/wp-content\/uploads\/slide_10.jpg\" alt=\"Gnrh agonistleri protokol\u00fcn\u00fcn \u015fematik anlat\u0131m\u0131\" width=\"800\" height=\"546\" srcset=\"https:\/\/kwt.meiio.net\/wp-content\/uploads\/slide_10.jpg 800w, https:\/\/kwt.meiio.net\/wp-content\/uploads\/slide_10-300x205.jpg 300w, https:\/\/kwt.meiio.net\/wp-content\/uploads\/slide_10-768x524.jpg 768w\" sizes=\"(max-width: 800px) 100vw, 800px\" \/><figcaption id=\"caption-attachment-7474\" class=\"wp-caption-text\">Gnrh agonistleri protokol\u00fcn\u00fcn \u015fematik anlat\u0131m\u0131<\/figcaption><\/figure>\n<figure id=\"attachment_7475\" aria-describedby=\"caption-attachment-7475\" style=\"width: 525px\" class=\"wp-caption alignnone\"><img decoding=\"async\" class=\"size-large wp-image-7475\" src=\"https:\/\/kwt.meiio.net\/wp-content\/uploads\/slide_09.jpg\" alt=\"K\u0131sa protokol\u00fcn \u015fematik anlat\u0131m\u0131\" width=\"525\" height=\"358\" srcset=\"https:\/\/kwt.meiio.net\/wp-content\/uploads\/slide_09.jpg 800w, https:\/\/kwt.meiio.net\/wp-content\/uploads\/slide_09-300x205.jpg 300w, https:\/\/kwt.meiio.net\/wp-content\/uploads\/slide_09-768x524.jpg 768w\" sizes=\"(max-width: 525px) 100vw, 525px\" \/><figcaption id=\"caption-attachment-7475\" class=\"wp-caption-text\">K\u0131sa protokol\u00fcn \u015fematik anlat\u0131m\u0131<\/figcaption><\/figure>\n<figure id=\"attachment_7473\" aria-describedby=\"caption-attachment-7473\" style=\"width: 525px\" class=\"wp-caption alignnone\"><img decoding=\"async\" class=\"size-large wp-image-7473\" src=\"https:\/\/kwt.meiio.net\/wp-content\/uploads\/slide_12-2.jpg\" alt=\"Vajinal ponksiyonun \u015fematik anlat\u0131m\u0131\" width=\"525\" height=\"358\" srcset=\"https:\/\/kwt.meiio.net\/wp-content\/uploads\/slide_12-2.jpg 800w, https:\/\/kwt.meiio.net\/wp-content\/uploads\/slide_12-2-300x205.jpg 300w, https:\/\/kwt.meiio.net\/wp-content\/uploads\/slide_12-2-768x524.jpg 768w\" sizes=\"(max-width: 525px) 100vw, 525px\" \/><figcaption id=\"caption-attachment-7473\" class=\"wp-caption-text\">Vajinal ponksiyonun \u015fematik anlat\u0131m\u0131<\/figcaption><\/figure>\n<figure id=\"attachment_7472\" aria-describedby=\"caption-attachment-7472\" style=\"width: 525px\" class=\"wp-caption alignnone\"><img decoding=\"async\" class=\"size-large wp-image-7472\" src=\"https:\/\/kwt.meiio.net\/wp-content\/uploads\/slide_13.jpg\" alt=\"IVF\/ICSI'ye gereken i\u015f\u00e7ili\u011fin \u015fematik anlat\u0131m\u0131.\" width=\"525\" height=\"358\" srcset=\"https:\/\/kwt.meiio.net\/wp-content\/uploads\/slide_13.jpg 800w, https:\/\/kwt.meiio.net\/wp-content\/uploads\/slide_13-300x205.jpg 300w, https:\/\/kwt.meiio.net\/wp-content\/uploads\/slide_13-768x524.jpg 768w\" sizes=\"(max-width: 525px) 100vw, 525px\" \/><figcaption id=\"caption-attachment-7472\" class=\"wp-caption-text\">IVF\/ICSI&#8217;ye gereken i\u015f\u00e7ili\u011fin \u015fematik anlat\u0131m\u0131.<\/figcaption><\/figure>\n<h3>Farkl\u0131 IVF teknikleri kullan\u0131lmaktad\u0131r:<\/h3>\n<ul>\n<li><a href=\"https:\/\/kwt.meiio.net\/spektrum\/kinderwunsch\/therapie-des-unerfuellten-kinderwunsches\/ivf-in-vitro-fertilisation\/konventionelle-ivf\"><strong>konvansiyonel \u0130VF<\/strong><\/a><\/li>\n<li><a href=\"https:\/\/kwt.meiio.net\/spektrum\/kinderwunsch\/therapie-des-unerfuellten-kinderwunsches\/ivf-in-vitro-fertilisation\/mini-ivf\"><strong>Mini-IVF<\/strong><\/a><\/li>\n<li>do\u011fal siklusunda (<a href=\"https:\/\/kwt.meiio.net\/spektrum\/kinderwunsch\/therapie-des-unerfuellten-kinderwunsches\/ivf-in-vitro-fertilisation\/nc-ivf\"><strong>Do\u011fal <\/strong><strong>IVF<\/strong><\/a>)<\/li>\n<li><a href=\"https:\/\/kwt.meiio.net\/spektrum\/kinderwunsch\/therapie-des-unerfuellten-kinderwunsches\/ivf-in-vitro-fertilisation\/donogene-ivf\"><strong>Vericiden al\u0131nan spermle IVF<\/strong><\/a><\/li>\n<\/ul>\n<p>Kad\u0131nla ilgili tan\u0131lar koyuldu\u011funda, erke\u011fin sperma kalitesinin d\u00fc\u015f\u00fck oldu\u011fu saptan\u0131yorsa, kad\u0131n\u0131n yumurtas\u0131 her defas\u0131nda bir sperm h\u00fccresi ile d\u00f6llenebilir.\u00a0<a href=\"https:\/\/kwt.meiio.net\/spektrum\/kinderwunsch\/therapie-des-unerfuellten-kinderwunsches\/icsi-intrazytoplasmatische-spermien-injektion\"><strong>ICSI<\/strong><\/a><\/p>\n<p>Erkekte sperm yoksa, bu tedaviler, sperm vericisinden al\u0131nan spermlerle de (<a href=\"https:\/\/kwt.meiio.net\/spektrum\/kinderwunsch\/therapie-des-unerfuellten-kinderwunsches\/adi\"><strong>ADI<\/strong><\/a>) yap\u0131labilir.<\/p>\n<p>\u2014 \u015eematik anlat\u0131mlar: \u00a9 bei Prof. Herrero, Barcelona<\/p>\n","protected":false},"excerpt":{"rendered":"<p>E\u011fer kad\u0131nda \u00e7ift tarafl\u0131 fallop t\u00fcp\u00fc t\u0131kan\u0131kl\u0131\u011f\u0131 varsa, tipik olarak bu y\u00f6ntem uygulan\u0131r. Ama ayn\u0131 zamanda erke\u011fin sperm kalitesinin d\u00fc\u015f\u00fck olmas\u0131, kad\u0131n\u0131n ya\u015f\u0131, \u00e7iftin ya\u015fad\u0131\u011f\u0131 stres ve di\u011fer tedavilerin i\u015fe yaramam\u0131\u015f olmas\u0131, \u0130VF yapt\u0131rma yolunda bir karara itebilir.<\/p>\n","protected":false},"author":2,"featured_media":7685,"parent":7671,"menu_order":5,"comment_status":"closed","ping_status":"closed","template":"page-subnavi.php","meta":{"footnotes":""},"class_list":["post-7684","page","type-page","status-publish","has-post-thumbnail","hentry"],"yoast_head":"<!-- This site is optimized with the Yoast SEO plugin v25.6 - https:\/\/yoast.com\/wordpress\/plugins\/seo\/ -->\n<title>\u0130VF &#8226; Kinderwunschteam Berlin<\/title>\n<meta name=\"description\" content=\"E\u011fer kad\u0131nda \u00e7ift tarafl\u0131 fallop t\u00fcp\u00fc t\u0131kan\u0131kl\u0131\u011f\u0131 varsa, tipik olarak bu y\u00f6ntem uygulan\u0131r. Ama ayn\u0131 zamanda erke\u011fin sperm kalitesinin d\u00fc\u015f\u00fck olmas\u0131, kad\u0131n\u0131n ya\u015f\u0131, \u00e7iftin ya\u015fad\u0131\u011f\u0131 stres ve di\u011fer tedavilerin i\u015fe yaramam\u0131\u015f olmas\u0131, \u0130VF yapt\u0131rma yolunda bir karara itebilir.\" \/>\n<meta name=\"robots\" content=\"noindex, follow, max-snippet:-1, max-image-preview:large, max-video-preview:-1\" \/>\n<meta property=\"og:locale\" content=\"tr_TR\" \/>\n<meta property=\"og:type\" content=\"article\" \/>\n<meta property=\"og:title\" content=\"\u0130VF &#8226; Kinderwunschteam Berlin\" \/>\n<meta property=\"og:description\" content=\"E\u011fer kad\u0131nda \u00e7ift tarafl\u0131 fallop t\u00fcp\u00fc t\u0131kan\u0131kl\u0131\u011f\u0131 varsa, tipik olarak bu y\u00f6ntem uygulan\u0131r. Ama ayn\u0131 zamanda erke\u011fin sperm kalitesinin d\u00fc\u015f\u00fck olmas\u0131, kad\u0131n\u0131n ya\u015f\u0131, \u00e7iftin ya\u015fad\u0131\u011f\u0131 stres ve di\u011fer tedavilerin i\u015fe yaramam\u0131\u015f olmas\u0131, \u0130VF yapt\u0131rma yolunda bir karara itebilir.\" \/>\n<meta property=\"og:url\" content=\"https:\/\/kwt.meiio.net\/tr\/uzun-omur\/tuep-bebek-ve-kisirlik\/tedavi\/ivf\" \/>\n<meta property=\"og:site_name\" content=\"Kinderwunschteam Berlin\" \/>\n<meta property=\"article:publisher\" content=\"https:\/\/www.facebook.com\/kinderwunschteam.berlin\/\" \/>\n<meta property=\"article:modified_time\" content=\"2020-09-01T07:51:45+00:00\" \/>\n<meta property=\"og:image\" content=\"https:\/\/kwt.meiio.net\/wp-content\/uploads\/KWT-8033-Labor.jpg\" \/>\n\t<meta property=\"og:image:width\" content=\"2000\" \/>\n\t<meta property=\"og:image:height\" content=\"670\" \/>\n\t<meta property=\"og:image:type\" content=\"image\/jpeg\" \/>\n<meta name=\"twitter:card\" content=\"summary_large_image\" \/>\n<script type=\"application\/ld+json\" class=\"yoast-schema-graph\">{\"@context\":\"https:\/\/schema.org\",\"@graph\":[{\"@type\":\"WebPage\",\"@id\":\"https:\/\/kwt.meiio.net\/tr\/uzun-omur\/tuep-bebek-ve-kisirlik\/tedavi\/ivf\",\"url\":\"https:\/\/kwt.meiio.net\/tr\/uzun-omur\/tuep-bebek-ve-kisirlik\/tedavi\/ivf\",\"name\":\"\u0130VF &#8226; Kinderwunschteam Berlin\",\"isPartOf\":{\"@id\":\"https:\/\/kwt.meiio.net\/tr#website\"},\"primaryImageOfPage\":{\"@id\":\"https:\/\/kwt.meiio.net\/tr\/uzun-omur\/tuep-bebek-ve-kisirlik\/tedavi\/ivf#primaryimage\"},\"image\":{\"@id\":\"https:\/\/kwt.meiio.net\/tr\/uzun-omur\/tuep-bebek-ve-kisirlik\/tedavi\/ivf#primaryimage\"},\"thumbnailUrl\":\"https:\/\/kwt.meiio.net\/wp-content\/uploads\/KWT-8033-Labor.jpg\",\"datePublished\":\"2010-03-11T21:08:15+00:00\",\"dateModified\":\"2020-09-01T07:51:45+00:00\",\"description\":\"E\u011fer kad\u0131nda \u00e7ift tarafl\u0131 fallop t\u00fcp\u00fc t\u0131kan\u0131kl\u0131\u011f\u0131 varsa, tipik olarak bu y\u00f6ntem uygulan\u0131r. Ama ayn\u0131 zamanda erke\u011fin sperm kalitesinin d\u00fc\u015f\u00fck olmas\u0131, kad\u0131n\u0131n ya\u015f\u0131, \u00e7iftin ya\u015fad\u0131\u011f\u0131 stres ve di\u011fer tedavilerin i\u015fe yaramam\u0131\u015f olmas\u0131, \u0130VF yapt\u0131rma yolunda bir karara itebilir.\",\"breadcrumb\":{\"@id\":\"https:\/\/kwt.meiio.net\/tr\/uzun-omur\/tuep-bebek-ve-kisirlik\/tedavi\/ivf#breadcrumb\"},\"inLanguage\":\"tr\",\"potentialAction\":[{\"@type\":\"ReadAction\",\"target\":[\"https:\/\/kwt.meiio.net\/tr\/uzun-omur\/tuep-bebek-ve-kisirlik\/tedavi\/ivf\"]}]},{\"@type\":\"ImageObject\",\"inLanguage\":\"tr\",\"@id\":\"https:\/\/kwt.meiio.net\/tr\/uzun-omur\/tuep-bebek-ve-kisirlik\/tedavi\/ivf#primaryimage\",\"url\":\"https:\/\/kwt.meiio.net\/wp-content\/uploads\/KWT-8033-Labor.jpg\",\"contentUrl\":\"https:\/\/kwt.meiio.net\/wp-content\/uploads\/KWT-8033-Labor.jpg\",\"width\":2000,\"height\":670},{\"@type\":\"BreadcrumbList\",\"@id\":\"https:\/\/kwt.meiio.net\/tr\/uzun-omur\/tuep-bebek-ve-kisirlik\/tedavi\/ivf#breadcrumb\",\"itemListElement\":[{\"@type\":\"ListItem\",\"position\":1,\"name\":\"Startseite\",\"item\":\"https:\/\/kwt.meiio.net\/tr\"},{\"@type\":\"ListItem\",\"position\":2,\"name\":\"Hizmet alanlar\u0131m\u0131z\",\"item\":\"https:\/\/kwt.meiio.net\/tr\/uzun-omur\"},{\"@type\":\"ListItem\",\"position\":3,\"name\":\"T\u00fcp bebek ve k\u0131s\u0131rl\u0131k\",\"item\":\"https:\/\/kwt.meiio.net\/tr\/uzun-omur\/tuep-bebek-ve-kisirlik\"},{\"@type\":\"ListItem\",\"position\":4,\"name\":\"Tedavi\",\"item\":\"https:\/\/kwt.meiio.net\/tr\/uzun-omur\/tuep-bebek-ve-kisirlik\/tedavi\"},{\"@type\":\"ListItem\",\"position\":5,\"name\":\"\u0130VF\"}]},{\"@type\":\"WebSite\",\"@id\":\"https:\/\/kwt.meiio.net\/tr#website\",\"url\":\"https:\/\/kwt.meiio.net\/tr\",\"name\":\"Kinderwunschteam Berlin\",\"description\":\"Kinderwunsch- und Endometriose-Zentrum\",\"publisher\":{\"@id\":\"https:\/\/kwt.meiio.net\/tr#organization\"},\"potentialAction\":[{\"@type\":\"SearchAction\",\"target\":{\"@type\":\"EntryPoint\",\"urlTemplate\":\"https:\/\/kwt.meiio.net\/tr?s={search_term_string}\"},\"query-input\":{\"@type\":\"PropertyValueSpecification\",\"valueRequired\":true,\"valueName\":\"search_term_string\"}}],\"inLanguage\":\"tr\"},{\"@type\":\"Organization\",\"@id\":\"https:\/\/kwt.meiio.net\/tr#organization\",\"name\":\"Kinderwunschteam Berlin\",\"url\":\"https:\/\/kwt.meiio.net\/tr\",\"logo\":{\"@type\":\"ImageObject\",\"inLanguage\":\"tr\",\"@id\":\"https:\/\/kwt.meiio.net\/tr#\/schema\/logo\/image\/\",\"url\":\"https:\/\/kwt.meiio.net\/wp-content\/uploads\/Logo-KinderwunschteamBerlin-NavBar@2.png\",\"contentUrl\":\"https:\/\/kwt.meiio.net\/wp-content\/uploads\/Logo-KinderwunschteamBerlin-NavBar@2.png\",\"width\":800,\"height\":200,\"caption\":\"Kinderwunschteam Berlin\"},\"image\":{\"@id\":\"https:\/\/kwt.meiio.net\/tr#\/schema\/logo\/image\/\"},\"sameAs\":[\"https:\/\/www.facebook.com\/kinderwunschteam.berlin\/\",\"https:\/\/www.instagram.com\/kinderwunschteamberlin\/\"]}]}<\/script>\n<!-- \/ Yoast SEO plugin. -->","yoast_head_json":{"title":"\u0130VF &#8226; Kinderwunschteam Berlin","description":"E\u011fer kad\u0131nda \u00e7ift tarafl\u0131 fallop t\u00fcp\u00fc t\u0131kan\u0131kl\u0131\u011f\u0131 varsa, tipik olarak bu y\u00f6ntem uygulan\u0131r. Ama ayn\u0131 zamanda erke\u011fin sperm kalitesinin d\u00fc\u015f\u00fck olmas\u0131, kad\u0131n\u0131n ya\u015f\u0131, \u00e7iftin ya\u015fad\u0131\u011f\u0131 stres ve di\u011fer tedavilerin i\u015fe yaramam\u0131\u015f olmas\u0131, \u0130VF yapt\u0131rma yolunda bir karara itebilir.","robots":{"index":"noindex","follow":"follow","max-snippet":"max-snippet:-1","max-image-preview":"max-image-preview:large","max-video-preview":"max-video-preview:-1"},"og_locale":"tr_TR","og_type":"article","og_title":"\u0130VF &#8226; Kinderwunschteam Berlin","og_description":"E\u011fer kad\u0131nda \u00e7ift tarafl\u0131 fallop t\u00fcp\u00fc t\u0131kan\u0131kl\u0131\u011f\u0131 varsa, tipik olarak bu y\u00f6ntem uygulan\u0131r. Ama ayn\u0131 zamanda erke\u011fin sperm kalitesinin d\u00fc\u015f\u00fck olmas\u0131, kad\u0131n\u0131n ya\u015f\u0131, \u00e7iftin ya\u015fad\u0131\u011f\u0131 stres ve di\u011fer tedavilerin i\u015fe yaramam\u0131\u015f olmas\u0131, \u0130VF yapt\u0131rma yolunda bir karara itebilir.","og_url":"https:\/\/kwt.meiio.net\/tr\/uzun-omur\/tuep-bebek-ve-kisirlik\/tedavi\/ivf","og_site_name":"Kinderwunschteam Berlin","article_publisher":"https:\/\/www.facebook.com\/kinderwunschteam.berlin\/","article_modified_time":"2020-09-01T07:51:45+00:00","og_image":[{"width":2000,"height":670,"url":"https:\/\/kwt.meiio.net\/wp-content\/uploads\/KWT-8033-Labor.jpg","type":"image\/jpeg"}],"twitter_card":"summary_large_image","schema":{"@context":"https:\/\/schema.org","@graph":[{"@type":"WebPage","@id":"https:\/\/kwt.meiio.net\/tr\/uzun-omur\/tuep-bebek-ve-kisirlik\/tedavi\/ivf","url":"https:\/\/kwt.meiio.net\/tr\/uzun-omur\/tuep-bebek-ve-kisirlik\/tedavi\/ivf","name":"\u0130VF &#8226; Kinderwunschteam Berlin","isPartOf":{"@id":"https:\/\/kwt.meiio.net\/tr#website"},"primaryImageOfPage":{"@id":"https:\/\/kwt.meiio.net\/tr\/uzun-omur\/tuep-bebek-ve-kisirlik\/tedavi\/ivf#primaryimage"},"image":{"@id":"https:\/\/kwt.meiio.net\/tr\/uzun-omur\/tuep-bebek-ve-kisirlik\/tedavi\/ivf#primaryimage"},"thumbnailUrl":"https:\/\/kwt.meiio.net\/wp-content\/uploads\/KWT-8033-Labor.jpg","datePublished":"2010-03-11T21:08:15+00:00","dateModified":"2020-09-01T07:51:45+00:00","description":"E\u011fer kad\u0131nda \u00e7ift tarafl\u0131 fallop t\u00fcp\u00fc t\u0131kan\u0131kl\u0131\u011f\u0131 varsa, tipik olarak bu y\u00f6ntem uygulan\u0131r. Ama ayn\u0131 zamanda erke\u011fin sperm kalitesinin d\u00fc\u015f\u00fck olmas\u0131, kad\u0131n\u0131n ya\u015f\u0131, \u00e7iftin ya\u015fad\u0131\u011f\u0131 stres ve di\u011fer tedavilerin i\u015fe yaramam\u0131\u015f olmas\u0131, \u0130VF yapt\u0131rma yolunda bir karara itebilir.","breadcrumb":{"@id":"https:\/\/kwt.meiio.net\/tr\/uzun-omur\/tuep-bebek-ve-kisirlik\/tedavi\/ivf#breadcrumb"},"inLanguage":"tr","potentialAction":[{"@type":"ReadAction","target":["https:\/\/kwt.meiio.net\/tr\/uzun-omur\/tuep-bebek-ve-kisirlik\/tedavi\/ivf"]}]},{"@type":"ImageObject","inLanguage":"tr","@id":"https:\/\/kwt.meiio.net\/tr\/uzun-omur\/tuep-bebek-ve-kisirlik\/tedavi\/ivf#primaryimage","url":"https:\/\/kwt.meiio.net\/wp-content\/uploads\/KWT-8033-Labor.jpg","contentUrl":"https:\/\/kwt.meiio.net\/wp-content\/uploads\/KWT-8033-Labor.jpg","width":2000,"height":670},{"@type":"BreadcrumbList","@id":"https:\/\/kwt.meiio.net\/tr\/uzun-omur\/tuep-bebek-ve-kisirlik\/tedavi\/ivf#breadcrumb","itemListElement":[{"@type":"ListItem","position":1,"name":"Startseite","item":"https:\/\/kwt.meiio.net\/tr"},{"@type":"ListItem","position":2,"name":"Hizmet alanlar\u0131m\u0131z","item":"https:\/\/kwt.meiio.net\/tr\/uzun-omur"},{"@type":"ListItem","position":3,"name":"T\u00fcp bebek ve k\u0131s\u0131rl\u0131k","item":"https:\/\/kwt.meiio.net\/tr\/uzun-omur\/tuep-bebek-ve-kisirlik"},{"@type":"ListItem","position":4,"name":"Tedavi","item":"https:\/\/kwt.meiio.net\/tr\/uzun-omur\/tuep-bebek-ve-kisirlik\/tedavi"},{"@type":"ListItem","position":5,"name":"\u0130VF"}]},{"@type":"WebSite","@id":"https:\/\/kwt.meiio.net\/tr#website","url":"https:\/\/kwt.meiio.net\/tr","name":"Kinderwunschteam Berlin","description":"Kinderwunsch- und Endometriose-Zentrum","publisher":{"@id":"https:\/\/kwt.meiio.net\/tr#organization"},"potentialAction":[{"@type":"SearchAction","target":{"@type":"EntryPoint","urlTemplate":"https:\/\/kwt.meiio.net\/tr?s={search_term_string}"},"query-input":{"@type":"PropertyValueSpecification","valueRequired":true,"valueName":"search_term_string"}}],"inLanguage":"tr"},{"@type":"Organization","@id":"https:\/\/kwt.meiio.net\/tr#organization","name":"Kinderwunschteam Berlin","url":"https:\/\/kwt.meiio.net\/tr","logo":{"@type":"ImageObject","inLanguage":"tr","@id":"https:\/\/kwt.meiio.net\/tr#\/schema\/logo\/image\/","url":"https:\/\/kwt.meiio.net\/wp-content\/uploads\/Logo-KinderwunschteamBerlin-NavBar@2.png","contentUrl":"https:\/\/kwt.meiio.net\/wp-content\/uploads\/Logo-KinderwunschteamBerlin-NavBar@2.png","width":800,"height":200,"caption":"Kinderwunschteam Berlin"},"image":{"@id":"https:\/\/kwt.meiio.net\/tr#\/schema\/logo\/image\/"},"sameAs":["https:\/\/www.facebook.com\/kinderwunschteam.berlin\/","https:\/\/www.instagram.com\/kinderwunschteamberlin\/"]}]}},"_links":{"self":[{"href":"https:\/\/kwt.meiio.net\/tr\/wp-json\/wp\/v2\/pages\/7684","targetHints":{"allow":["GET"]}}],"collection":[{"href":"https:\/\/kwt.meiio.net\/tr\/wp-json\/wp\/v2\/pages"}],"about":[{"href":"https:\/\/kwt.meiio.net\/tr\/wp-json\/wp\/v2\/types\/page"}],"author":[{"embeddable":true,"href":"https:\/\/kwt.meiio.net\/tr\/wp-json\/wp\/v2\/users\/2"}],"replies":[{"embeddable":true,"href":"https:\/\/kwt.meiio.net\/tr\/wp-json\/wp\/v2\/comments?post=7684"}],"version-history":[{"count":0,"href":"https:\/\/kwt.meiio.net\/tr\/wp-json\/wp\/v2\/pages\/7684\/revisions"}],"up":[{"embeddable":true,"href":"https:\/\/kwt.meiio.net\/tr\/wp-json\/wp\/v2\/pages\/7671"}],"wp:featuredmedia":[{"embeddable":true,"href":"https:\/\/kwt.meiio.net\/tr\/wp-json\/wp\/v2\/media\/7685"}],"wp:attachment":[{"href":"https:\/\/kwt.meiio.net\/tr\/wp-json\/wp\/v2\/media?parent=7684"}],"curies":[{"name":"wp","href":"https:\/\/api.w.org\/{rel}","templated":true}]}}