{"id":7679,"date":"2010-03-11T19:56:50","date_gmt":"2010-03-11T18:56:50","guid":{"rendered":"https:\/\/www.kinderwunschteam.berlin\/?page_id=7679"},"modified":"2020-09-01T09:49:10","modified_gmt":"2020-09-01T07:49:10","slug":"iui","status":"publish","type":"page","link":"https:\/\/kwt.meiio.net\/tr\/uzun-omur\/tuep-bebek-ve-kisirlik\/tedavi\/iui","title":{"rendered":"\u0130U\u0130"},"content":{"rendered":"<p>\u0130nseminasyon, di\u011fer y\u00f6ntemlerle kar\u015f\u0131la\u015ft\u0131r\u0131ld\u0131\u011f\u0131nda kolay say\u0131lan y\u00f6ntemlerden biridir ve daha \u00e7ok erkekte hafif bir do\u011furganl\u0131k problemi varsa veya mukus \u00fcretiminde veya konizasyondan (d\u0131\u015f rahim a\u011fz\u0131n\u0131n koni \u015feklinde kesidi) sonra bir gariplik g\u00f6r\u00fcl\u00fcyorsa uygulan\u0131r. Bu y\u00f6ntem, olas\u0131 bir yumurta geli\u015fimi sorununda, ek olarak hormon tedavisi ile veya hormon tedavisi olmadan da uygulanabilir. Y\u00f6ntemin amac\u0131, haz\u0131rlanm\u0131\u015f olan y\u00fcksek konsantrasyonlu spermleri yumurtan\u0131n yak\u0131n\u0131na getirerek d\u00f6llenmenin olu\u015fmas\u0131n\u0131 desteklemektir.<\/p>\n<figure id=\"attachment_7484\" aria-describedby=\"caption-attachment-7484\" style=\"width: 800px\" class=\"wp-caption alignnone\"><img decoding=\"async\" class=\"size-full wp-image-7484\" src=\"https:\/\/kwt.meiio.net\/wp-content\/uploads\/slide_08.jpg\" alt=\"\u0130ntrauterin Inseminasyon\" width=\"800\" height=\"546\" srcset=\"https:\/\/kwt.meiio.net\/wp-content\/uploads\/slide_08.jpg 800w, https:\/\/kwt.meiio.net\/wp-content\/uploads\/slide_08-300x205.jpg 300w, https:\/\/kwt.meiio.net\/wp-content\/uploads\/slide_08-768x524.jpg 768w\" sizes=\"(max-width: 800px) 100vw, 800px\" \/><figcaption id=\"caption-attachment-7484\" class=\"wp-caption-text\">\u0130ntrauterin Inseminasyon<\/figcaption><\/figure>\n<h2>Do\u011fal regl siklusunda tedavi<\/h2>\n<p>Kad\u0131n\u0131n d\u00fczenli siklusunda, bir folik\u00fcl\u00fcn (yumurta keseci\u011finin) geli\u015fmesi i\u00e7in yumurtan\u0131n olgunla\u015fmas\u0131 gerekti\u011fi d\u00fc\u015f\u00fcn\u00fcl\u00fcr. Rahim mukozas\u0131ndaki tipik de\u011fi\u015fimler ve hormon de\u011fi\u015fiklikleri, bu geli\u015fme hakk\u0131nda bilgi verirler. Bir veya iki ultrason testi ve detayl\u0131 bir hormon testinden sonra, ov\u00fclasyonun ne zaman olaca\u011f\u0131 \u00e7o\u011funlukla \u00f6nceden kestirilebilir. Bu ov\u00fclasyonun olaca\u011f\u0131 saptanan g\u00fcnde, inseminasyon (sperm nakli) yap\u0131labilir. Bu her iki taraf i\u00e7in de \u00e7ok b\u00fcy\u00fck bir kolayl\u0131kt\u0131r: \u00c7\u00fcnk\u00fc zaman planlamas\u0131 v\u00fccudun kendi ritmine uygundur. Dolay\u0131s\u0131yla d\u00f6llenecek yumurtan\u0131n \u00e7\u0131k\u0131\u015f\u0131n\u0131 daha do\u011fru planlamak m\u00fcmk\u00fcn olacakt\u0131r. Bu sistem sar\u0131 cisimcik (corpus luteum) faz\u0131n\u0131 da otomatik olarak daha iyi hale getirecektir.<\/p>\n<p>Folik\u00fcl b\u00fcy\u00fckl\u00fc\u011f\u00fc 18-20 mm\u2019ye ula\u015ft\u0131\u011f\u0131nda, d\u00f6llenmeye haz\u0131r bir yumurtan\u0131n yumurtal\u0131ktan \u00e7\u0131kmas\u0131 i\u00e7in \u00f6zellikle bir i\u011fne yap\u0131labilir. Yakla\u015f\u0131k 32-36 saat sonra spermler \u00f6zel bir uygulamadan ge\u00e7irildikten sonra rahme aktar\u0131labilir (<strong>\u0130<\/strong>ntra\u00a0<strong>u<\/strong>terin\u00a0<strong>i<\/strong>nseminasyonu \u2013\u00a0<strong>\u0130U\u0130<\/strong>). B\u00f6yle bir tedavide, tedavi ba\u015f\u0131na hamile kalma y\u00fczdesi en fazla % 10-15 (20?)\u2019dir. \u0130ntravajinal inseminasyonun do\u011fal bir cinsel birle\u015fmeden fark\u0131 olmad\u0131\u011f\u0131 i\u00e7in tedavi olarak bir anlam\u0131 yoktur.<\/p>\n<p>B\u00f6yle bir siklus sonras\u0131nda kist olu\u015fumu ender g\u00f6r\u00fcld\u00fc\u011f\u00fcnden, her siklus kullan\u0131labilir.<\/p>\n<figure id=\"attachment_7483\" aria-describedby=\"caption-attachment-7483\" style=\"width: 800px\" class=\"wp-caption alignnone\"><img decoding=\"async\" class=\"size-full wp-image-7483\" src=\"https:\/\/kwt.meiio.net\/wp-content\/uploads\/bsb-115.jpg\" alt=\"Sperm t\u00fcp i\u00e7erisinde. \u015eimdi \u00f6zel bir ''ayra\u00e7\u201c ile santrif\u00fcjden ge\u00e7irilecek.\" width=\"800\" height=\"532\" srcset=\"https:\/\/kwt.meiio.net\/wp-content\/uploads\/bsb-115.jpg 800w, https:\/\/kwt.meiio.net\/wp-content\/uploads\/bsb-115-300x200.jpg 300w, https:\/\/kwt.meiio.net\/wp-content\/uploads\/bsb-115-768x511.jpg 768w\" sizes=\"(max-width: 800px) 100vw, 800px\" \/><figcaption id=\"caption-attachment-7483\" class=\"wp-caption-text\">Sperm t\u00fcp i\u00e7erisinde. \u015eimdi \u00f6zel bir &#8221;ayra\u00e7\u201c ile santrif\u00fcjden ge\u00e7irilecek.<\/figcaption><\/figure>\n<figure id=\"attachment_7482\" aria-describedby=\"caption-attachment-7482\" style=\"width: 800px\" class=\"wp-caption alignnone\"><img decoding=\"async\" class=\"size-full wp-image-7482\" src=\"https:\/\/kwt.meiio.net\/wp-content\/uploads\/ba-b-_dp_021.jpg\" alt=\"T\u00fcpteki sperm \u00f6rne\u011finin santrif\u00fcjden ge\u00e7irildikten sonraki hali.\" width=\"800\" height=\"534\" srcset=\"https:\/\/kwt.meiio.net\/wp-content\/uploads\/ba-b-_dp_021.jpg 800w, https:\/\/kwt.meiio.net\/wp-content\/uploads\/ba-b-_dp_021-300x200.jpg 300w, https:\/\/kwt.meiio.net\/wp-content\/uploads\/ba-b-_dp_021-768x513.jpg 768w\" sizes=\"(max-width: 800px) 100vw, 800px\" \/><figcaption id=\"caption-attachment-7482\" class=\"wp-caption-text\">T\u00fcpteki sperm \u00f6rne\u011finin santrif\u00fcjden ge\u00e7irildikten sonraki hali.<\/figcaption><\/figure>\n<h2>Uyar\u0131lm\u0131\u015f regl siklusunda \u0130U\u0130<\/h2>\n<p>Hormon tedavisi\u00a0b\u00f6l\u00fcm\u00fcnde anlat\u0131ld\u0131\u011f\u0131 \u00fczere \u00e7e\u015fitli hormon bozukluklar\u0131na iyi gelen bir\u00e7ok ila\u00e7 mevcuttur.<\/p>\n<p>E\u011fer folik\u00fcl (yumurta keseci\u011fi) kendili\u011finden olgunla\u015fam\u0131yorsa, bu folik\u00fcl\u00fcn geli\u015fmesini tetiklemek i\u00e7in \u0130U\u0130 (intrauterin inseminasyon\/sperm transferi)\u2019nin yap\u0131labilmesi i\u00e7in kad\u0131na hormon verilir.<\/p>\n<h2>Klomifen ile uyar\u0131m<\/h2>\n<p>En kolay stim\u00fclasyon y\u00f6ntemi\u00a0<strong>klomifen sitrat<\/strong>\u00a0ile olur. Bu madde k\u0131saca\u00a0<strong>CC<\/strong>\u00a0olarak bilinir. Bu haplar \u00e7o\u011funlukla kad\u0131n\u0131n siklusunun 5. ve 9. g\u00fcnleri aras\u0131nda g\u00fcnde bir hap olmak kayd\u0131yla toplam 5 g\u00fcn kullan\u0131l\u0131r. Sonu\u00e7 olarak FSH (<strong>F<\/strong>olik\u00fcl\u00a0<strong>s<\/strong>tim\u00fcle eden\u00a0<strong>H<\/strong>ormon) \u00fcretimi artar. Folik\u00fcl geli\u015fimi (yumurta keseci\u011fi) ultrasondan g\u00f6r\u00fclebilir veya gerekti\u011finde kandaki hormon de\u011ferleri kontrol edilerek de tespit edilebilir.<\/p>\n<p>Folik\u00fcl b\u00fcy\u00fckl\u00fc\u011f\u00fc 18-20 mm\u2019ye ula\u015ft\u0131\u011f\u0131nda, d\u00f6llenmeye haz\u0131r bir yumurtan\u0131n yumurtal\u0131ktan \u00e7\u0131kmas\u0131 i\u00e7in \u00f6zellikle bir i\u011fne yap\u0131labilir. Yakla\u015f\u0131k 32-36 saat sonra spermler \u00f6zel bir uygulamadan ge\u00e7irildikten sonra rahme aktar\u0131labilir (<strong>\u0130<\/strong>ntra\u00a0<strong>u<\/strong>terin\u00a0<strong>i<\/strong>nseminasyonu \u2013\u00a0<strong>\u0130U\u0130<\/strong>). B\u00f6yle bir tedavide, tedavi ba\u015f\u0131na hamile kalma y\u00fczdesi en fazla % 10-15 (20?)\u2019dir.\u00a0<strong>\u0130ntravajinal inseminasyonun<\/strong>\u00a0do\u011fal bir cinsel birle\u015fmeden fark\u0131 olmad\u0131\u011f\u0131 i\u00e7in tedavi olarak bir anlam\u0131 yoktur.<\/p>\n<p>NOT: Devlet sigortalar\u0131, klomifen uyar\u0131ml\u0131 inseminasyonu\u00a0<strong>UYARIMSIZ sikluslar<\/strong>\u00a0kategorisinde tutmu\u015ftur. Sigortan\u0131n inseminasyon masraflar\u0131n\u0131 (k\u0131smen) kar\u015f\u0131lamas\u0131n\u0131 istedi\u011finizde, bu noktan\u0131n sigorta taraf\u0131ndan de\u011ferlendirilip de\u011ferlendirilmedi\u011fine dikkat edin.<\/p>\n<h2>FSH uyar\u0131m\u0131<\/h2>\n<p>Klomifen uyar\u0131m\u0131 \u015fimdiye kadar ba\u015far\u0131s\u0131z olduysa (folik\u00fcl geli\u015fimi olmad\u0131ysa veya kad\u0131n gebe kalamam\u0131\u015fsa), deri alt\u0131na g\u00fcnl\u00fck FSH (<strong>F<\/strong>olik\u00fcl\u00a0<strong>s<\/strong>tim\u00fcle edici\u00a0<strong>H<\/strong>ormon) i\u011fnesi vurulabilir. Bu i\u015flem genelde siklusun 3. g\u00fcn\u00fcnden 11.\/12. g\u00fcnleri aras\u0131nda yap\u0131l\u0131r. FSH\u2019nin direkt v\u00fccuda verilmesi genelde olumlu bir etki yarat\u0131r, fakat bu durumda sadece klomifen kullan\u0131larak yap\u0131lan bir stim\u00fclasyona k\u0131yasla birden fazla folik\u00fcl (yumurta keseci\u011fi) geli\u015fmesi \u00e7ok daha s\u0131kl\u0131kla kar\u015f\u0131la\u015f\u0131l\u0131r. Dolay\u0131s\u0131yla en az\u0131ndan FSH uyar\u0131m tedavisinde bir uzman\u0131n yard\u0131m\u0131na ihtiya\u00e7 vard\u0131r.<\/p>\n<figure id=\"attachment_7481\" aria-describedby=\"caption-attachment-7481\" style=\"width: 800px\" class=\"wp-caption alignnone\"><img decoding=\"async\" class=\"size-full wp-image-7481\" src=\"https:\/\/kwt.meiio.net\/wp-content\/uploads\/slide_07.jpg\" alt=\"\u0130nseminasyon i\u00e7in uyar\u0131m\u0131n \u015fematik anlat\u0131m\u0131.\" width=\"800\" height=\"546\" srcset=\"https:\/\/kwt.meiio.net\/wp-content\/uploads\/slide_07.jpg 800w, https:\/\/kwt.meiio.net\/wp-content\/uploads\/slide_07-300x205.jpg 300w, https:\/\/kwt.meiio.net\/wp-content\/uploads\/slide_07-768x524.jpg 768w\" sizes=\"(max-width: 800px) 100vw, 800px\" \/><figcaption id=\"caption-attachment-7481\" class=\"wp-caption-text\">\u0130nseminasyon i\u00e7in uyar\u0131m\u0131n \u015fematik anlat\u0131m\u0131.<\/figcaption><\/figure>\n<p>Folik\u00fcl b\u00fcy\u00fckl\u00fc\u011f\u00fc 18-20 mm\u2019ye ula\u015ft\u0131\u011f\u0131nda, d\u00f6llenmeye haz\u0131r bir yumurtan\u0131n yumurtal\u0131ktan \u00e7\u0131kmas\u0131 i\u00e7in \u00f6zellikle bir i\u011fne yap\u0131labilir. Yakla\u015f\u0131k 32-36 saat sonra spermler \u00f6zel bir uygulamadan ge\u00e7irildikten sonra rahme aktar\u0131labilir (<strong>\u0130<\/strong>ntra\u00a0<strong>u<\/strong>terin\u00a0<strong>i<\/strong>nseminasyonu \u2013\u00a0<strong>\u0130U\u0130<\/strong>). B\u00f6yle bir tedavide, tedavi ba\u015f\u0131na hamile kalma y\u00fczdesi en fazla % 10-15 (20?)\u2019dir. \u0130ntravajinal inseminasyonun do\u011fal bir cinsel birle\u015fmeden fark\u0131 olmad\u0131\u011f\u0131 i\u00e7in tedavi olarak bir anlam\u0131 yoktur.<\/p>\n<p>\u2014 \u015eematik anlat\u0131mlar: \u00a9 Prof. Herrero, Barcelona<\/p>\n","protected":false},"excerpt":{"rendered":"<p>\u0130nseminasyon, di\u011fer y\u00f6ntemlerle kar\u015f\u0131la\u015ft\u0131r\u0131ld\u0131\u011f\u0131nda kolay say\u0131lan y\u00f6ntemlerden biridir ve daha \u00e7ok erkekte hafif do\u011furganl\u0131k problemi varsa veya mukus \u00fcretiminde veya konizasyondan (d\u0131\u015f rahim a\u011fz\u0131n\u0131n koni \u015feklinde kesidi) sonra rahim kanal\u0131nda g\u00f6r\u00fclen bir gariplik varsa uygulan\u0131r. Bu y\u00f6ntem, olas\u0131 bir yumurta geli\u015fimi sorununda, ek olarak hormon tedavisi ile veya hormon tedavisi olmadan da uygulanabilir. Y\u00f6ntemin amac\u0131, haz\u0131rlanm\u0131\u015f olan y\u00fcksek konsantrasyonlu spermleri yumurtan\u0131n yak\u0131n\u0131na getirerek d\u00f6llenmenin olu\u015fmas\u0131n\u0131 desteklemektir.<\/p>\n","protected":false},"author":6,"featured_media":7681,"parent":7671,"menu_order":4,"comment_status":"closed","ping_status":"closed","template":"page-siblingnavi.php","meta":{"footnotes":""},"class_list":["post-7679","page","type-page","status-publish","has-post-thumbnail","hentry"],"yoast_head":"<!-- This site is optimized with the Yoast SEO plugin v25.6 - https:\/\/yoast.com\/wordpress\/plugins\/seo\/ -->\n<title>\u0130U\u0130 &#8226; Kinderwunschteam Berlin<\/title>\n<meta name=\"description\" content=\"\u0130nseminasyon, di\u011fer y\u00f6ntemlerle kar\u015f\u0131la\u015ft\u0131r\u0131ld\u0131\u011f\u0131nda kolay say\u0131lan y\u00f6ntemlerden biridir ve daha \u00e7ok erkekte hafif do\u011furganl\u0131k problemi varsa veya mukus \u00fcretiminde veya konizasyondan (d\u0131\u015f rahim a\u011fz\u0131n\u0131n koni \u015feklinde kesidi) sonra rahim kanal\u0131nda g\u00f6r\u00fclen bir gariplik varsa uygulan\u0131r. Bu y\u00f6ntem, olas\u0131 bir yumurta geli\u015fimi sorununda, ek olarak hormon tedavisi ile veya hormon tedavisi olmadan da uygulanabilir. Y\u00f6ntemin amac\u0131, haz\u0131rlanm\u0131\u015f olan y\u00fcksek konsantrasyonlu spermleri yumurtan\u0131n yak\u0131n\u0131na getirerek d\u00f6llenmenin olu\u015fmas\u0131n\u0131 desteklemektir.\" \/>\n<meta name=\"robots\" content=\"noindex, follow, max-snippet:-1, max-image-preview:large, max-video-preview:-1\" \/>\n<meta property=\"og:locale\" content=\"tr_TR\" \/>\n<meta property=\"og:type\" content=\"article\" \/>\n<meta property=\"og:title\" content=\"\u0130U\u0130 &#8226; Kinderwunschteam Berlin\" \/>\n<meta property=\"og:description\" content=\"\u0130nseminasyon, di\u011fer y\u00f6ntemlerle kar\u015f\u0131la\u015ft\u0131r\u0131ld\u0131\u011f\u0131nda kolay say\u0131lan y\u00f6ntemlerden biridir ve daha \u00e7ok erkekte hafif do\u011furganl\u0131k problemi varsa veya mukus \u00fcretiminde veya konizasyondan (d\u0131\u015f rahim a\u011fz\u0131n\u0131n koni \u015feklinde kesidi) sonra rahim kanal\u0131nda g\u00f6r\u00fclen bir gariplik varsa uygulan\u0131r. Bu y\u00f6ntem, olas\u0131 bir yumurta geli\u015fimi sorununda, ek olarak hormon tedavisi ile veya hormon tedavisi olmadan da uygulanabilir. Y\u00f6ntemin amac\u0131, haz\u0131rlanm\u0131\u015f olan y\u00fcksek konsantrasyonlu spermleri yumurtan\u0131n yak\u0131n\u0131na getirerek d\u00f6llenmenin olu\u015fmas\u0131n\u0131 desteklemektir.\" \/>\n<meta property=\"og:url\" content=\"https:\/\/kwt.meiio.net\/tr\/uzun-omur\/tuep-bebek-ve-kisirlik\/tedavi\/iui\" \/>\n<meta property=\"og:site_name\" content=\"Kinderwunschteam Berlin\" \/>\n<meta property=\"article:publisher\" content=\"https:\/\/www.facebook.com\/kinderwunschteam.berlin\/\" \/>\n<meta property=\"article:modified_time\" content=\"2020-09-01T07:49:10+00:00\" \/>\n<meta property=\"og:image\" content=\"https:\/\/kwt.meiio.net\/wp-content\/uploads\/KWT-8649.jpg\" \/>\n\t<meta property=\"og:image:width\" content=\"2000\" \/>\n\t<meta property=\"og:image:height\" content=\"670\" \/>\n\t<meta property=\"og:image:type\" content=\"image\/jpeg\" \/>\n<meta name=\"twitter:card\" content=\"summary_large_image\" \/>\n<script type=\"application\/ld+json\" class=\"yoast-schema-graph\">{\"@context\":\"https:\/\/schema.org\",\"@graph\":[{\"@type\":\"WebPage\",\"@id\":\"https:\/\/kwt.meiio.net\/tr\/uzun-omur\/tuep-bebek-ve-kisirlik\/tedavi\/iui\",\"url\":\"https:\/\/kwt.meiio.net\/tr\/uzun-omur\/tuep-bebek-ve-kisirlik\/tedavi\/iui\",\"name\":\"\u0130U\u0130 &#8226; Kinderwunschteam Berlin\",\"isPartOf\":{\"@id\":\"https:\/\/kwt.meiio.net\/tr#website\"},\"primaryImageOfPage\":{\"@id\":\"https:\/\/kwt.meiio.net\/tr\/uzun-omur\/tuep-bebek-ve-kisirlik\/tedavi\/iui#primaryimage\"},\"image\":{\"@id\":\"https:\/\/kwt.meiio.net\/tr\/uzun-omur\/tuep-bebek-ve-kisirlik\/tedavi\/iui#primaryimage\"},\"thumbnailUrl\":\"https:\/\/kwt.meiio.net\/wp-content\/uploads\/KWT-8649.jpg\",\"datePublished\":\"2010-03-11T18:56:50+00:00\",\"dateModified\":\"2020-09-01T07:49:10+00:00\",\"description\":\"\u0130nseminasyon, di\u011fer y\u00f6ntemlerle kar\u015f\u0131la\u015ft\u0131r\u0131ld\u0131\u011f\u0131nda kolay say\u0131lan y\u00f6ntemlerden biridir ve daha \u00e7ok erkekte hafif do\u011furganl\u0131k problemi varsa veya mukus \u00fcretiminde veya konizasyondan (d\u0131\u015f rahim a\u011fz\u0131n\u0131n koni \u015feklinde kesidi) sonra rahim kanal\u0131nda g\u00f6r\u00fclen bir gariplik varsa uygulan\u0131r. Bu y\u00f6ntem, olas\u0131 bir yumurta geli\u015fimi sorununda, ek olarak hormon tedavisi ile veya hormon tedavisi olmadan da uygulanabilir. Y\u00f6ntemin amac\u0131, haz\u0131rlanm\u0131\u015f olan y\u00fcksek konsantrasyonlu spermleri yumurtan\u0131n yak\u0131n\u0131na getirerek d\u00f6llenmenin olu\u015fmas\u0131n\u0131 desteklemektir.\",\"breadcrumb\":{\"@id\":\"https:\/\/kwt.meiio.net\/tr\/uzun-omur\/tuep-bebek-ve-kisirlik\/tedavi\/iui#breadcrumb\"},\"inLanguage\":\"tr\",\"potentialAction\":[{\"@type\":\"ReadAction\",\"target\":[\"https:\/\/kwt.meiio.net\/tr\/uzun-omur\/tuep-bebek-ve-kisirlik\/tedavi\/iui\"]}]},{\"@type\":\"ImageObject\",\"inLanguage\":\"tr\",\"@id\":\"https:\/\/kwt.meiio.net\/tr\/uzun-omur\/tuep-bebek-ve-kisirlik\/tedavi\/iui#primaryimage\",\"url\":\"https:\/\/kwt.meiio.net\/wp-content\/uploads\/KWT-8649.jpg\",\"contentUrl\":\"https:\/\/kwt.meiio.net\/wp-content\/uploads\/KWT-8649.jpg\",\"width\":2000,\"height\":670},{\"@type\":\"BreadcrumbList\",\"@id\":\"https:\/\/kwt.meiio.net\/tr\/uzun-omur\/tuep-bebek-ve-kisirlik\/tedavi\/iui#breadcrumb\",\"itemListElement\":[{\"@type\":\"ListItem\",\"position\":1,\"name\":\"Startseite\",\"item\":\"https:\/\/kwt.meiio.net\/tr\"},{\"@type\":\"ListItem\",\"position\":2,\"name\":\"Hizmet alanlar\u0131m\u0131z\",\"item\":\"https:\/\/kwt.meiio.net\/tr\/uzun-omur\"},{\"@type\":\"ListItem\",\"position\":3,\"name\":\"T\u00fcp bebek ve k\u0131s\u0131rl\u0131k\",\"item\":\"https:\/\/kwt.meiio.net\/tr\/uzun-omur\/tuep-bebek-ve-kisirlik\"},{\"@type\":\"ListItem\",\"position\":4,\"name\":\"Tedavi\",\"item\":\"https:\/\/kwt.meiio.net\/tr\/uzun-omur\/tuep-bebek-ve-kisirlik\/tedavi\"},{\"@type\":\"ListItem\",\"position\":5,\"name\":\"\u0130U\u0130\"}]},{\"@type\":\"WebSite\",\"@id\":\"https:\/\/kwt.meiio.net\/tr#website\",\"url\":\"https:\/\/kwt.meiio.net\/tr\",\"name\":\"Kinderwunschteam Berlin\",\"description\":\"Kinderwunsch- und Endometriose-Zentrum\",\"publisher\":{\"@id\":\"https:\/\/kwt.meiio.net\/tr#organization\"},\"potentialAction\":[{\"@type\":\"SearchAction\",\"target\":{\"@type\":\"EntryPoint\",\"urlTemplate\":\"https:\/\/kwt.meiio.net\/tr?s={search_term_string}\"},\"query-input\":{\"@type\":\"PropertyValueSpecification\",\"valueRequired\":true,\"valueName\":\"search_term_string\"}}],\"inLanguage\":\"tr\"},{\"@type\":\"Organization\",\"@id\":\"https:\/\/kwt.meiio.net\/tr#organization\",\"name\":\"Kinderwunschteam Berlin\",\"url\":\"https:\/\/kwt.meiio.net\/tr\",\"logo\":{\"@type\":\"ImageObject\",\"inLanguage\":\"tr\",\"@id\":\"https:\/\/kwt.meiio.net\/tr#\/schema\/logo\/image\/\",\"url\":\"https:\/\/kwt.meiio.net\/wp-content\/uploads\/Logo-KinderwunschteamBerlin-NavBar@2.png\",\"contentUrl\":\"https:\/\/kwt.meiio.net\/wp-content\/uploads\/Logo-KinderwunschteamBerlin-NavBar@2.png\",\"width\":800,\"height\":200,\"caption\":\"Kinderwunschteam Berlin\"},\"image\":{\"@id\":\"https:\/\/kwt.meiio.net\/tr#\/schema\/logo\/image\/\"},\"sameAs\":[\"https:\/\/www.facebook.com\/kinderwunschteam.berlin\/\",\"https:\/\/www.instagram.com\/kinderwunschteamberlin\/\"]}]}<\/script>\n<!-- \/ Yoast SEO plugin. -->","yoast_head_json":{"title":"\u0130U\u0130 &#8226; Kinderwunschteam Berlin","description":"\u0130nseminasyon, di\u011fer y\u00f6ntemlerle kar\u015f\u0131la\u015ft\u0131r\u0131ld\u0131\u011f\u0131nda kolay say\u0131lan y\u00f6ntemlerden biridir ve daha \u00e7ok erkekte hafif do\u011furganl\u0131k problemi varsa veya mukus \u00fcretiminde veya konizasyondan (d\u0131\u015f rahim a\u011fz\u0131n\u0131n koni \u015feklinde kesidi) sonra rahim kanal\u0131nda g\u00f6r\u00fclen bir gariplik varsa uygulan\u0131r. Bu y\u00f6ntem, olas\u0131 bir yumurta geli\u015fimi sorununda, ek olarak hormon tedavisi ile veya hormon tedavisi olmadan da uygulanabilir. Y\u00f6ntemin amac\u0131, haz\u0131rlanm\u0131\u015f olan y\u00fcksek konsantrasyonlu spermleri yumurtan\u0131n yak\u0131n\u0131na getirerek d\u00f6llenmenin olu\u015fmas\u0131n\u0131 desteklemektir.","robots":{"index":"noindex","follow":"follow","max-snippet":"max-snippet:-1","max-image-preview":"max-image-preview:large","max-video-preview":"max-video-preview:-1"},"og_locale":"tr_TR","og_type":"article","og_title":"\u0130U\u0130 &#8226; Kinderwunschteam Berlin","og_description":"\u0130nseminasyon, di\u011fer y\u00f6ntemlerle kar\u015f\u0131la\u015ft\u0131r\u0131ld\u0131\u011f\u0131nda kolay say\u0131lan y\u00f6ntemlerden biridir ve daha \u00e7ok erkekte hafif do\u011furganl\u0131k problemi varsa veya mukus \u00fcretiminde veya konizasyondan (d\u0131\u015f rahim a\u011fz\u0131n\u0131n koni \u015feklinde kesidi) sonra rahim kanal\u0131nda g\u00f6r\u00fclen bir gariplik varsa uygulan\u0131r. Bu y\u00f6ntem, olas\u0131 bir yumurta geli\u015fimi sorununda, ek olarak hormon tedavisi ile veya hormon tedavisi olmadan da uygulanabilir. Y\u00f6ntemin amac\u0131, haz\u0131rlanm\u0131\u015f olan y\u00fcksek konsantrasyonlu spermleri yumurtan\u0131n yak\u0131n\u0131na getirerek d\u00f6llenmenin olu\u015fmas\u0131n\u0131 desteklemektir.","og_url":"https:\/\/kwt.meiio.net\/tr\/uzun-omur\/tuep-bebek-ve-kisirlik\/tedavi\/iui","og_site_name":"Kinderwunschteam Berlin","article_publisher":"https:\/\/www.facebook.com\/kinderwunschteam.berlin\/","article_modified_time":"2020-09-01T07:49:10+00:00","og_image":[{"width":2000,"height":670,"url":"https:\/\/kwt.meiio.net\/wp-content\/uploads\/KWT-8649.jpg","type":"image\/jpeg"}],"twitter_card":"summary_large_image","schema":{"@context":"https:\/\/schema.org","@graph":[{"@type":"WebPage","@id":"https:\/\/kwt.meiio.net\/tr\/uzun-omur\/tuep-bebek-ve-kisirlik\/tedavi\/iui","url":"https:\/\/kwt.meiio.net\/tr\/uzun-omur\/tuep-bebek-ve-kisirlik\/tedavi\/iui","name":"\u0130U\u0130 &#8226; Kinderwunschteam Berlin","isPartOf":{"@id":"https:\/\/kwt.meiio.net\/tr#website"},"primaryImageOfPage":{"@id":"https:\/\/kwt.meiio.net\/tr\/uzun-omur\/tuep-bebek-ve-kisirlik\/tedavi\/iui#primaryimage"},"image":{"@id":"https:\/\/kwt.meiio.net\/tr\/uzun-omur\/tuep-bebek-ve-kisirlik\/tedavi\/iui#primaryimage"},"thumbnailUrl":"https:\/\/kwt.meiio.net\/wp-content\/uploads\/KWT-8649.jpg","datePublished":"2010-03-11T18:56:50+00:00","dateModified":"2020-09-01T07:49:10+00:00","description":"\u0130nseminasyon, di\u011fer y\u00f6ntemlerle kar\u015f\u0131la\u015ft\u0131r\u0131ld\u0131\u011f\u0131nda kolay say\u0131lan y\u00f6ntemlerden biridir ve daha \u00e7ok erkekte hafif do\u011furganl\u0131k problemi varsa veya mukus \u00fcretiminde veya konizasyondan (d\u0131\u015f rahim a\u011fz\u0131n\u0131n koni \u015feklinde kesidi) sonra rahim kanal\u0131nda g\u00f6r\u00fclen bir gariplik varsa uygulan\u0131r. Bu y\u00f6ntem, olas\u0131 bir yumurta geli\u015fimi sorununda, ek olarak hormon tedavisi ile veya hormon tedavisi olmadan da uygulanabilir. Y\u00f6ntemin amac\u0131, haz\u0131rlanm\u0131\u015f olan y\u00fcksek konsantrasyonlu spermleri yumurtan\u0131n yak\u0131n\u0131na getirerek d\u00f6llenmenin olu\u015fmas\u0131n\u0131 desteklemektir.","breadcrumb":{"@id":"https:\/\/kwt.meiio.net\/tr\/uzun-omur\/tuep-bebek-ve-kisirlik\/tedavi\/iui#breadcrumb"},"inLanguage":"tr","potentialAction":[{"@type":"ReadAction","target":["https:\/\/kwt.meiio.net\/tr\/uzun-omur\/tuep-bebek-ve-kisirlik\/tedavi\/iui"]}]},{"@type":"ImageObject","inLanguage":"tr","@id":"https:\/\/kwt.meiio.net\/tr\/uzun-omur\/tuep-bebek-ve-kisirlik\/tedavi\/iui#primaryimage","url":"https:\/\/kwt.meiio.net\/wp-content\/uploads\/KWT-8649.jpg","contentUrl":"https:\/\/kwt.meiio.net\/wp-content\/uploads\/KWT-8649.jpg","width":2000,"height":670},{"@type":"BreadcrumbList","@id":"https:\/\/kwt.meiio.net\/tr\/uzun-omur\/tuep-bebek-ve-kisirlik\/tedavi\/iui#breadcrumb","itemListElement":[{"@type":"ListItem","position":1,"name":"Startseite","item":"https:\/\/kwt.meiio.net\/tr"},{"@type":"ListItem","position":2,"name":"Hizmet alanlar\u0131m\u0131z","item":"https:\/\/kwt.meiio.net\/tr\/uzun-omur"},{"@type":"ListItem","position":3,"name":"T\u00fcp bebek ve k\u0131s\u0131rl\u0131k","item":"https:\/\/kwt.meiio.net\/tr\/uzun-omur\/tuep-bebek-ve-kisirlik"},{"@type":"ListItem","position":4,"name":"Tedavi","item":"https:\/\/kwt.meiio.net\/tr\/uzun-omur\/tuep-bebek-ve-kisirlik\/tedavi"},{"@type":"ListItem","position":5,"name":"\u0130U\u0130"}]},{"@type":"WebSite","@id":"https:\/\/kwt.meiio.net\/tr#website","url":"https:\/\/kwt.meiio.net\/tr","name":"Kinderwunschteam Berlin","description":"Kinderwunsch- und Endometriose-Zentrum","publisher":{"@id":"https:\/\/kwt.meiio.net\/tr#organization"},"potentialAction":[{"@type":"SearchAction","target":{"@type":"EntryPoint","urlTemplate":"https:\/\/kwt.meiio.net\/tr?s={search_term_string}"},"query-input":{"@type":"PropertyValueSpecification","valueRequired":true,"valueName":"search_term_string"}}],"inLanguage":"tr"},{"@type":"Organization","@id":"https:\/\/kwt.meiio.net\/tr#organization","name":"Kinderwunschteam Berlin","url":"https:\/\/kwt.meiio.net\/tr","logo":{"@type":"ImageObject","inLanguage":"tr","@id":"https:\/\/kwt.meiio.net\/tr#\/schema\/logo\/image\/","url":"https:\/\/kwt.meiio.net\/wp-content\/uploads\/Logo-KinderwunschteamBerlin-NavBar@2.png","contentUrl":"https:\/\/kwt.meiio.net\/wp-content\/uploads\/Logo-KinderwunschteamBerlin-NavBar@2.png","width":800,"height":200,"caption":"Kinderwunschteam Berlin"},"image":{"@id":"https:\/\/kwt.meiio.net\/tr#\/schema\/logo\/image\/"},"sameAs":["https:\/\/www.facebook.com\/kinderwunschteam.berlin\/","https:\/\/www.instagram.com\/kinderwunschteamberlin\/"]}]}},"_links":{"self":[{"href":"https:\/\/kwt.meiio.net\/tr\/wp-json\/wp\/v2\/pages\/7679","targetHints":{"allow":["GET"]}}],"collection":[{"href":"https:\/\/kwt.meiio.net\/tr\/wp-json\/wp\/v2\/pages"}],"about":[{"href":"https:\/\/kwt.meiio.net\/tr\/wp-json\/wp\/v2\/types\/page"}],"author":[{"embeddable":true,"href":"https:\/\/kwt.meiio.net\/tr\/wp-json\/wp\/v2\/users\/6"}],"replies":[{"embeddable":true,"href":"https:\/\/kwt.meiio.net\/tr\/wp-json\/wp\/v2\/comments?post=7679"}],"version-history":[{"count":0,"href":"https:\/\/kwt.meiio.net\/tr\/wp-json\/wp\/v2\/pages\/7679\/revisions"}],"up":[{"embeddable":true,"href":"https:\/\/kwt.meiio.net\/tr\/wp-json\/wp\/v2\/pages\/7671"}],"wp:featuredmedia":[{"embeddable":true,"href":"https:\/\/kwt.meiio.net\/tr\/wp-json\/wp\/v2\/media\/7681"}],"wp:attachment":[{"href":"https:\/\/kwt.meiio.net\/tr\/wp-json\/wp\/v2\/media?parent=7679"}],"curies":[{"name":"wp","href":"https:\/\/api.w.org\/{rel}","templated":true}]}}