{"id":7676,"date":"2010-03-08T12:05:41","date_gmt":"2010-03-08T11:05:41","guid":{"rendered":"https:\/\/www.kinderwunschteam.berlin\/?page_id=7676"},"modified":"2020-08-28T19:23:30","modified_gmt":"2020-08-28T17:23:30","slug":"hormon-tedavisi","status":"publish","type":"page","link":"https:\/\/kwt.meiio.net\/tr\/uzun-omur\/tuep-bebek-ve-kisirlik\/tedavi\/hormon-tedavisi","title":{"rendered":"Hormon tedavisi"},"content":{"rendered":"<p>Ba\u015flang\u0131\u00e7ta yap\u0131lan hormon testleri (gerekirse tekrarlanarak) anlaml\u0131 bir hormon bozuklu\u011funa i\u015faret ediyorsa, bu soruna y\u00f6nelik tedavi uygulanabilir. Ayn\u0131 anda birka\u00e7 hormona ba\u011fl\u0131 bozukluk olabilir. Bu durumda birka\u00e7 de\u011fi\u015fik ilac\u0131n ayn\u0131 anda al\u0131nmas\u0131 gerekebilir.<\/p>\n<p>En bilinen hormonal bozukluklara dair birka\u00e7 not:<\/p>\n<ul>\n<li>Tiroit bezinin iyi \u00e7al\u0131\u015fmamas\u0131<\/li>\n<li>Hiperprolaktinemi<\/li>\n<li>Polikistik over sendromu<\/li>\n<li>Sar\u0131 cisim (korpus luteum) yetersizli\u011fi<\/li>\n<li>Tiroit bezi hastal\u0131klar\u0131<\/li>\n<\/ul>\n<h3>Tiroit bezinin iyi \u00e7al\u0131\u015fmamas\u0131 (hipotiroidi)<\/h3>\n<p>Tiroid bezinin iyi \u00e7al\u0131\u015fmamas\u0131 (hipotiroidi), \u00e7ocuk sahibi olmak isteyen kad\u0131n hasta veya erkeklerin % 10 ila 20\u2019sinde g\u00f6r\u00fclen bir durumdur. \u201cGizli Hipotiroidi\u201d hastal\u0131\u011f\u0131 az rastlanan bir hastal\u0131k de\u011fildir ve v\u00fccutta hi\u00e7bir hastal\u0131k belirtisi b\u0131rakmaz. Yine de bu hastal\u0131k, follik\u00fcl\u00fcn geli\u015fimini etkilemesi ve sar\u0131 cisimcik yetmezli\u011fine (korpus luteum yetersizli\u011fi) yol a\u00e7abilir.<\/p>\n<p><strong>Tedavi:\u00a0<\/strong>Tiroit hormonunun \u00e7ok d\u00fc\u015f\u00fck dozda verilmesi sonucu siklus probleminin \u00e7\u00f6z\u00fclmesi m\u00fcmk\u00fcnd\u00fcr. D\u00f6llenmeye haz\u0131r bir yumurtan\u0131n ov\u00fclasyonu yine siklusun 13.-14. g\u00fcn\u00fcne denk gelir.<\/p>\n<h3>Hiperprolaktinemi (Prolaktin fazlal\u0131\u011f\u0131)<\/h3>\n<p>Hipofiz \u00e7ok fazla prolaktin (PRL) \u00fcretirse, genelde (ve strese ba\u011fl\u0131 olarak) gereksiz bir \u00fcretim (hiperprolaktinemi) demektir. PRL de\u011ferlerinin fazlas\u0131yla y\u00fcksek oldu\u011fu tiroit bezi adenomlar\u0131 daha ender g\u00f6r\u00fcl\u00fcr. Burada, g\u00f6z sinirini bile etkileyebilecek iyi huylu doku olu\u015fumlar\u0131 s\u00f6z konusudur. Genelde bu tarz hiperprolaktinemiler prolaktin d\u00fc\u015f\u00fcr\u00fcc\u00fc ila\u00e7lar ile etkili bir \u015fekilde tedavi edilirler. Sikluslar ve d\u00f6llenmeye haz\u0131r yumurtalar\u0131n ov\u00fclasyonu yine d\u00fczenlenmi\u015f olur.<\/p>\n<p>Prolaktin de\u011ferleri \u00e7ok y\u00fcksek oldu\u011funda, genelde \u00e7\u0131kan sonu\u00e7ta iyi huylu bir adenomun varl\u0131\u011f\u0131 bulunsa da, yine de CT (bilgisayarl\u0131 tomografi) veya MRG (Manyetik Rezonans G\u00f6r\u00fcnt\u00fcleme) ile bu sonucun bir hipofiz t\u00fcm\u00f6r\u00fc olup olmad\u0131\u011f\u0131n\u0131 analiz etmek gerekir.<\/p>\n<p><strong>Tedavi:\u00a0<\/strong>Prolaktin d\u00fc\u015f\u00fcr\u00fcc\u00fc<\/p>\n<h3>Hiperandrojenemi (erkek hormonlar\u0131n\u0131n fazla olmas\u0131)<\/h3>\n<p>Erkeklik hormonlar\u0131n\u0131n fazla \u00fcretilmesi (ba\u015fka deyi\u015fle, hiperandrojenemi), kad\u0131n siklusunun hassas hormon dengesini bozabilir. Adrenal nedenlerden (b\u00f6brek \u00fcst\u00fc bezleri) \u00f6t\u00fcr\u00fc kortizon tedavi g\u00f6rmesi gerekebilir. Hiperandrojenemi veya hiperandrojenizmin (normal androjen de\u011ferlerinin periferik etkisinin artmas\u0131 ve kad\u0131nlarda normal olmayan b\u00f6lgelerde fazla k\u0131llanma, akne) en s\u0131k g\u00f6r\u00fclen nedenlerinden biri fazla kilodur. Ya\u011f dokusunda, \u00f6strojenden adet d\u00f6ng\u00fcn\u00fcs\u00fc engelleyen androjen (erkek hormonu) \u00fcretilir. Bu y\u00fczden hastalara kilo vermeleri tavsiye edilir (diyet, spor). \u00c7o\u011funlukla buna paralel olarak seyreden\u00a0<strong>PCO sendromu<\/strong>\u00a0(polikistik over), bulgular\u0131 artt\u0131rmaktad\u0131r.<\/p>\n<p><strong>Tedavi:\u00a0<\/strong>Androjen, kortizonla ya da klomifen tabletlerinin stim\u00fclasyonu ile azalt\u0131ld\u0131\u011f\u0131nda, \u00e7o\u011funlukla bir ov\u00fclasyon (yumurtlama) olur. Bunun yan\u0131nda hormon tedavisi de yap\u0131labilir.<\/p>\n<h3>PCO Sendromu (Polikistik over sendromu)<\/h3>\n<p>PCO sendromu denilen hastal\u0131kta siklus bozukluklar\u0131, d\u00f6llenmeye haz\u0131r bir yumurtan\u0131n olu\u015fmamas\u0131, hiperandrojenemi (erkek hormonlar\u0131n\u0131n fazlal\u0131\u011f\u0131), hiperandrojenizm (kanda androjen fazlal\u0131\u011f\u0131 olmaks\u0131z\u0131n androjen fazlal\u0131l\u0131\u011f\u0131 g\u00f6stergesi) s\u00f6z konusudur. Ultrasonda g\u00f6r\u00fclen \u201cklasik PCO yumurtal\u0131klar\u0131\u201d, PCO sendromu te\u015fhisinin bir par\u00e7as\u0131 olmayabilir.<\/p>\n<p>PCO sendromu s\u00f6z konusu olup ayn\u0131 zamanda glukoz tolerans\u0131 varsa (ins\u00fclin rezistans\u0131), bu durum pankreas\u0131n y\u00fcksek dozda ins\u00fclini damarlara pompalamas\u0131na ve buna ba\u011fl\u0131 olarak \u00e7e\u015fitli organlarda (beyin, yumurtal\u0131klar, karaci\u011fer) olumsuz sonu\u00e7lar\u0131n ortaya \u00e7\u0131kmas\u0131na yol a\u00e7ar.<\/p>\n<p><strong>Tedavi:\u00a0<\/strong>Hipoglisemik ila\u00e7lar\u0131n (metformin) birka\u00e7 ay kullan\u0131lmas\u0131yla adetler d\u00fczene sokulabilir. PCO sendromlu kad\u0131nlar \u00e7o\u011funlukla fazla kiloludur ve buna ba\u011fl\u0131 adet d\u00fczensizlikleri olu\u015fabilir. Ya\u011f tabakas\u0131nda \u00f6strojenden androjen (erkek hormonu) \u00fcretilir ve bu ins\u00fclin ile birlikte adet g\u00f6rmeyi engeller. Bu y\u00fczden, metformin al\u0131m\u0131na ek olarak, kilo verilmesi (diyet, spor) tavsiye edilir. Bu y\u00fczden hastalara, metformin alman\u0131n yan\u0131 s\u0131ra kilo vermeleri de tavsiye edilir (diyet, spor).<\/p>\n<h3>Sar\u0131 Cisim (Korpus Luteum) Yetmezli\u011fi<\/h3>\n<p>Ov\u00fclasyondan sonra, folik\u00fclden (yumurta kisti) damar filizlenmesi ve ya\u011f birikimi sonucu sar\u0131 cisimcik olu\u015fur.<\/p>\n<p>\u00c7e\u015fitli hormon bozukluklar\u0131 \u00e7o\u011funlukla corpus luteum yetersizli\u011fi (CLI) ile; yani sar\u0131 cisimcik yetmezli\u011fi ile ba\u011flant\u0131l\u0131d\u0131r, dolay\u0131s\u0131yla ekstra bir tedaviye ihtiya\u00e7 vard\u0131r. Burada s\u0131rf sar\u0131 cisimcik hormonu verilmez, problemin \u00f6z\u00fcne de inilmesi i\u00e7in gayret sarfedilir. E\u011fer menstr\u00fcel siklusun birinci d\u00f6neminin kalitesi d\u00fc\u015f\u00fck olursa, bunun ov\u00fclasyon s\u00fcresine de, yani sar\u0131 cisimcik evresine de etkisi olacakt\u0131r.<\/p>\n<p><strong>Tedavi:\u00a0<\/strong>Burada ilk \u00f6nce klasik olarak klomifen ile uyar\u0131m yap\u0131l\u0131r. Ba\u015far\u0131s\u0131z olunursa FSH (folik\u00fcl uyar\u0131c\u0131 hormon) verilebilir.<\/p>\n","protected":false},"excerpt":{"rendered":"<p>Ba\u015flang\u0131\u00e7ta yap\u0131lan hormon testleri (gerekirse tekrarlanarak) anlaml\u0131 bir hormon bozuklu\u011funa i\u015faret ediyorsa, bu soruna y\u00f6nelik tedavi uygulanabilir. Ayn\u0131 anda birka\u00e7 hormona ba\u011fl\u0131 bozukluk olabilir. Bu durumda birka\u00e7 de\u011fi\u015fik ilac\u0131n ayn\u0131 anda al\u0131nmas\u0131 gerekebilir.<\/p>\n","protected":false},"author":6,"featured_media":7677,"parent":7671,"menu_order":2,"comment_status":"closed","ping_status":"closed","template":"page-siblingnavi.php","meta":{"footnotes":""},"class_list":["post-7676","page","type-page","status-publish","has-post-thumbnail","hentry"],"yoast_head":"<!-- This site is optimized with the Yoast SEO plugin v25.6 - https:\/\/yoast.com\/wordpress\/plugins\/seo\/ -->\n<title>Hormon tedavisi &#8226; Kinderwunschteam Berlin<\/title>\n<meta name=\"description\" content=\"Ba\u015flang\u0131\u00e7ta yap\u0131lan hormon testleri (gerekirse tekrarlanarak) anlaml\u0131 bir hormon bozuklu\u011funa i\u015faret ediyorsa, bu soruna y\u00f6nelik tedavi uygulanabilir. Ayn\u0131 anda birka\u00e7 hormona ba\u011fl\u0131 bozukluk olabilir. Bu durumda birka\u00e7 de\u011fi\u015fik ilac\u0131n ayn\u0131 anda al\u0131nmas\u0131 gerekebilir.\" \/>\n<meta name=\"robots\" content=\"noindex, follow, max-snippet:-1, max-image-preview:large, max-video-preview:-1\" \/>\n<meta property=\"og:locale\" content=\"tr_TR\" \/>\n<meta property=\"og:type\" content=\"article\" \/>\n<meta property=\"og:title\" content=\"Hormon tedavisi &#8226; Kinderwunschteam Berlin\" \/>\n<meta property=\"og:description\" content=\"Ba\u015flang\u0131\u00e7ta yap\u0131lan hormon testleri (gerekirse tekrarlanarak) anlaml\u0131 bir hormon bozuklu\u011funa i\u015faret ediyorsa, bu soruna y\u00f6nelik tedavi uygulanabilir. Ayn\u0131 anda birka\u00e7 hormona ba\u011fl\u0131 bozukluk olabilir. Bu durumda birka\u00e7 de\u011fi\u015fik ilac\u0131n ayn\u0131 anda al\u0131nmas\u0131 gerekebilir.\" \/>\n<meta property=\"og:url\" content=\"https:\/\/kwt.meiio.net\/tr\/uzun-omur\/tuep-bebek-ve-kisirlik\/tedavi\/hormon-tedavisi\" \/>\n<meta property=\"og:site_name\" content=\"Kinderwunschteam Berlin\" \/>\n<meta property=\"article:publisher\" content=\"https:\/\/www.facebook.com\/kinderwunschteam.berlin\/\" \/>\n<meta property=\"article:modified_time\" content=\"2020-08-28T17:23:30+00:00\" \/>\n<meta property=\"og:image\" content=\"https:\/\/kwt.meiio.net\/wp-content\/uploads\/KWT-8123-Labor.jpg\" \/>\n\t<meta property=\"og:image:width\" content=\"2000\" \/>\n\t<meta property=\"og:image:height\" content=\"670\" \/>\n\t<meta property=\"og:image:type\" content=\"image\/jpeg\" \/>\n<meta name=\"twitter:card\" content=\"summary_large_image\" \/>\n<script type=\"application\/ld+json\" class=\"yoast-schema-graph\">{\"@context\":\"https:\/\/schema.org\",\"@graph\":[{\"@type\":\"WebPage\",\"@id\":\"https:\/\/kwt.meiio.net\/tr\/uzun-omur\/tuep-bebek-ve-kisirlik\/tedavi\/hormon-tedavisi\",\"url\":\"https:\/\/kwt.meiio.net\/tr\/uzun-omur\/tuep-bebek-ve-kisirlik\/tedavi\/hormon-tedavisi\",\"name\":\"Hormon tedavisi &#8226; Kinderwunschteam Berlin\",\"isPartOf\":{\"@id\":\"https:\/\/kwt.meiio.net\/tr#website\"},\"primaryImageOfPage\":{\"@id\":\"https:\/\/kwt.meiio.net\/tr\/uzun-omur\/tuep-bebek-ve-kisirlik\/tedavi\/hormon-tedavisi#primaryimage\"},\"image\":{\"@id\":\"https:\/\/kwt.meiio.net\/tr\/uzun-omur\/tuep-bebek-ve-kisirlik\/tedavi\/hormon-tedavisi#primaryimage\"},\"thumbnailUrl\":\"https:\/\/kwt.meiio.net\/wp-content\/uploads\/KWT-8123-Labor.jpg\",\"datePublished\":\"2010-03-08T11:05:41+00:00\",\"dateModified\":\"2020-08-28T17:23:30+00:00\",\"description\":\"Ba\u015flang\u0131\u00e7ta yap\u0131lan hormon testleri (gerekirse tekrarlanarak) anlaml\u0131 bir hormon bozuklu\u011funa i\u015faret ediyorsa, bu soruna y\u00f6nelik tedavi uygulanabilir. Ayn\u0131 anda birka\u00e7 hormona ba\u011fl\u0131 bozukluk olabilir. Bu durumda birka\u00e7 de\u011fi\u015fik ilac\u0131n ayn\u0131 anda al\u0131nmas\u0131 gerekebilir.\",\"breadcrumb\":{\"@id\":\"https:\/\/kwt.meiio.net\/tr\/uzun-omur\/tuep-bebek-ve-kisirlik\/tedavi\/hormon-tedavisi#breadcrumb\"},\"inLanguage\":\"tr\",\"potentialAction\":[{\"@type\":\"ReadAction\",\"target\":[\"https:\/\/kwt.meiio.net\/tr\/uzun-omur\/tuep-bebek-ve-kisirlik\/tedavi\/hormon-tedavisi\"]}]},{\"@type\":\"ImageObject\",\"inLanguage\":\"tr\",\"@id\":\"https:\/\/kwt.meiio.net\/tr\/uzun-omur\/tuep-bebek-ve-kisirlik\/tedavi\/hormon-tedavisi#primaryimage\",\"url\":\"https:\/\/kwt.meiio.net\/wp-content\/uploads\/KWT-8123-Labor.jpg\",\"contentUrl\":\"https:\/\/kwt.meiio.net\/wp-content\/uploads\/KWT-8123-Labor.jpg\",\"width\":2000,\"height\":670},{\"@type\":\"BreadcrumbList\",\"@id\":\"https:\/\/kwt.meiio.net\/tr\/uzun-omur\/tuep-bebek-ve-kisirlik\/tedavi\/hormon-tedavisi#breadcrumb\",\"itemListElement\":[{\"@type\":\"ListItem\",\"position\":1,\"name\":\"Startseite\",\"item\":\"https:\/\/kwt.meiio.net\/tr\"},{\"@type\":\"ListItem\",\"position\":2,\"name\":\"Hizmet alanlar\u0131m\u0131z\",\"item\":\"https:\/\/kwt.meiio.net\/tr\/uzun-omur\"},{\"@type\":\"ListItem\",\"position\":3,\"name\":\"T\u00fcp bebek ve k\u0131s\u0131rl\u0131k\",\"item\":\"https:\/\/kwt.meiio.net\/tr\/uzun-omur\/tuep-bebek-ve-kisirlik\"},{\"@type\":\"ListItem\",\"position\":4,\"name\":\"Tedavi\",\"item\":\"https:\/\/kwt.meiio.net\/tr\/uzun-omur\/tuep-bebek-ve-kisirlik\/tedavi\"},{\"@type\":\"ListItem\",\"position\":5,\"name\":\"Hormon tedavisi\"}]},{\"@type\":\"WebSite\",\"@id\":\"https:\/\/kwt.meiio.net\/tr#website\",\"url\":\"https:\/\/kwt.meiio.net\/tr\",\"name\":\"Kinderwunschteam Berlin\",\"description\":\"Kinderwunsch- und Endometriose-Zentrum\",\"publisher\":{\"@id\":\"https:\/\/kwt.meiio.net\/tr#organization\"},\"potentialAction\":[{\"@type\":\"SearchAction\",\"target\":{\"@type\":\"EntryPoint\",\"urlTemplate\":\"https:\/\/kwt.meiio.net\/tr?s={search_term_string}\"},\"query-input\":{\"@type\":\"PropertyValueSpecification\",\"valueRequired\":true,\"valueName\":\"search_term_string\"}}],\"inLanguage\":\"tr\"},{\"@type\":\"Organization\",\"@id\":\"https:\/\/kwt.meiio.net\/tr#organization\",\"name\":\"Kinderwunschteam Berlin\",\"url\":\"https:\/\/kwt.meiio.net\/tr\",\"logo\":{\"@type\":\"ImageObject\",\"inLanguage\":\"tr\",\"@id\":\"https:\/\/kwt.meiio.net\/tr#\/schema\/logo\/image\/\",\"url\":\"https:\/\/kwt.meiio.net\/wp-content\/uploads\/Logo-KinderwunschteamBerlin-NavBar@2.png\",\"contentUrl\":\"https:\/\/kwt.meiio.net\/wp-content\/uploads\/Logo-KinderwunschteamBerlin-NavBar@2.png\",\"width\":800,\"height\":200,\"caption\":\"Kinderwunschteam Berlin\"},\"image\":{\"@id\":\"https:\/\/kwt.meiio.net\/tr#\/schema\/logo\/image\/\"},\"sameAs\":[\"https:\/\/www.facebook.com\/kinderwunschteam.berlin\/\",\"https:\/\/www.instagram.com\/kinderwunschteamberlin\/\"]}]}<\/script>\n<!-- \/ Yoast SEO plugin. -->","yoast_head_json":{"title":"Hormon tedavisi &#8226; Kinderwunschteam Berlin","description":"Ba\u015flang\u0131\u00e7ta yap\u0131lan hormon testleri (gerekirse tekrarlanarak) anlaml\u0131 bir hormon bozuklu\u011funa i\u015faret ediyorsa, bu soruna y\u00f6nelik tedavi uygulanabilir. Ayn\u0131 anda birka\u00e7 hormona ba\u011fl\u0131 bozukluk olabilir. Bu durumda birka\u00e7 de\u011fi\u015fik ilac\u0131n ayn\u0131 anda al\u0131nmas\u0131 gerekebilir.","robots":{"index":"noindex","follow":"follow","max-snippet":"max-snippet:-1","max-image-preview":"max-image-preview:large","max-video-preview":"max-video-preview:-1"},"og_locale":"tr_TR","og_type":"article","og_title":"Hormon tedavisi &#8226; Kinderwunschteam Berlin","og_description":"Ba\u015flang\u0131\u00e7ta yap\u0131lan hormon testleri (gerekirse tekrarlanarak) anlaml\u0131 bir hormon bozuklu\u011funa i\u015faret ediyorsa, bu soruna y\u00f6nelik tedavi uygulanabilir. Ayn\u0131 anda birka\u00e7 hormona ba\u011fl\u0131 bozukluk olabilir. Bu durumda birka\u00e7 de\u011fi\u015fik ilac\u0131n ayn\u0131 anda al\u0131nmas\u0131 gerekebilir.","og_url":"https:\/\/kwt.meiio.net\/tr\/uzun-omur\/tuep-bebek-ve-kisirlik\/tedavi\/hormon-tedavisi","og_site_name":"Kinderwunschteam Berlin","article_publisher":"https:\/\/www.facebook.com\/kinderwunschteam.berlin\/","article_modified_time":"2020-08-28T17:23:30+00:00","og_image":[{"width":2000,"height":670,"url":"https:\/\/kwt.meiio.net\/wp-content\/uploads\/KWT-8123-Labor.jpg","type":"image\/jpeg"}],"twitter_card":"summary_large_image","schema":{"@context":"https:\/\/schema.org","@graph":[{"@type":"WebPage","@id":"https:\/\/kwt.meiio.net\/tr\/uzun-omur\/tuep-bebek-ve-kisirlik\/tedavi\/hormon-tedavisi","url":"https:\/\/kwt.meiio.net\/tr\/uzun-omur\/tuep-bebek-ve-kisirlik\/tedavi\/hormon-tedavisi","name":"Hormon tedavisi &#8226; Kinderwunschteam Berlin","isPartOf":{"@id":"https:\/\/kwt.meiio.net\/tr#website"},"primaryImageOfPage":{"@id":"https:\/\/kwt.meiio.net\/tr\/uzun-omur\/tuep-bebek-ve-kisirlik\/tedavi\/hormon-tedavisi#primaryimage"},"image":{"@id":"https:\/\/kwt.meiio.net\/tr\/uzun-omur\/tuep-bebek-ve-kisirlik\/tedavi\/hormon-tedavisi#primaryimage"},"thumbnailUrl":"https:\/\/kwt.meiio.net\/wp-content\/uploads\/KWT-8123-Labor.jpg","datePublished":"2010-03-08T11:05:41+00:00","dateModified":"2020-08-28T17:23:30+00:00","description":"Ba\u015flang\u0131\u00e7ta yap\u0131lan hormon testleri (gerekirse tekrarlanarak) anlaml\u0131 bir hormon bozuklu\u011funa i\u015faret ediyorsa, bu soruna y\u00f6nelik tedavi uygulanabilir. Ayn\u0131 anda birka\u00e7 hormona ba\u011fl\u0131 bozukluk olabilir. Bu durumda birka\u00e7 de\u011fi\u015fik ilac\u0131n ayn\u0131 anda al\u0131nmas\u0131 gerekebilir.","breadcrumb":{"@id":"https:\/\/kwt.meiio.net\/tr\/uzun-omur\/tuep-bebek-ve-kisirlik\/tedavi\/hormon-tedavisi#breadcrumb"},"inLanguage":"tr","potentialAction":[{"@type":"ReadAction","target":["https:\/\/kwt.meiio.net\/tr\/uzun-omur\/tuep-bebek-ve-kisirlik\/tedavi\/hormon-tedavisi"]}]},{"@type":"ImageObject","inLanguage":"tr","@id":"https:\/\/kwt.meiio.net\/tr\/uzun-omur\/tuep-bebek-ve-kisirlik\/tedavi\/hormon-tedavisi#primaryimage","url":"https:\/\/kwt.meiio.net\/wp-content\/uploads\/KWT-8123-Labor.jpg","contentUrl":"https:\/\/kwt.meiio.net\/wp-content\/uploads\/KWT-8123-Labor.jpg","width":2000,"height":670},{"@type":"BreadcrumbList","@id":"https:\/\/kwt.meiio.net\/tr\/uzun-omur\/tuep-bebek-ve-kisirlik\/tedavi\/hormon-tedavisi#breadcrumb","itemListElement":[{"@type":"ListItem","position":1,"name":"Startseite","item":"https:\/\/kwt.meiio.net\/tr"},{"@type":"ListItem","position":2,"name":"Hizmet alanlar\u0131m\u0131z","item":"https:\/\/kwt.meiio.net\/tr\/uzun-omur"},{"@type":"ListItem","position":3,"name":"T\u00fcp bebek ve k\u0131s\u0131rl\u0131k","item":"https:\/\/kwt.meiio.net\/tr\/uzun-omur\/tuep-bebek-ve-kisirlik"},{"@type":"ListItem","position":4,"name":"Tedavi","item":"https:\/\/kwt.meiio.net\/tr\/uzun-omur\/tuep-bebek-ve-kisirlik\/tedavi"},{"@type":"ListItem","position":5,"name":"Hormon tedavisi"}]},{"@type":"WebSite","@id":"https:\/\/kwt.meiio.net\/tr#website","url":"https:\/\/kwt.meiio.net\/tr","name":"Kinderwunschteam Berlin","description":"Kinderwunsch- und Endometriose-Zentrum","publisher":{"@id":"https:\/\/kwt.meiio.net\/tr#organization"},"potentialAction":[{"@type":"SearchAction","target":{"@type":"EntryPoint","urlTemplate":"https:\/\/kwt.meiio.net\/tr?s={search_term_string}"},"query-input":{"@type":"PropertyValueSpecification","valueRequired":true,"valueName":"search_term_string"}}],"inLanguage":"tr"},{"@type":"Organization","@id":"https:\/\/kwt.meiio.net\/tr#organization","name":"Kinderwunschteam Berlin","url":"https:\/\/kwt.meiio.net\/tr","logo":{"@type":"ImageObject","inLanguage":"tr","@id":"https:\/\/kwt.meiio.net\/tr#\/schema\/logo\/image\/","url":"https:\/\/kwt.meiio.net\/wp-content\/uploads\/Logo-KinderwunschteamBerlin-NavBar@2.png","contentUrl":"https:\/\/kwt.meiio.net\/wp-content\/uploads\/Logo-KinderwunschteamBerlin-NavBar@2.png","width":800,"height":200,"caption":"Kinderwunschteam Berlin"},"image":{"@id":"https:\/\/kwt.meiio.net\/tr#\/schema\/logo\/image\/"},"sameAs":["https:\/\/www.facebook.com\/kinderwunschteam.berlin\/","https:\/\/www.instagram.com\/kinderwunschteamberlin\/"]}]}},"_links":{"self":[{"href":"https:\/\/kwt.meiio.net\/tr\/wp-json\/wp\/v2\/pages\/7676","targetHints":{"allow":["GET"]}}],"collection":[{"href":"https:\/\/kwt.meiio.net\/tr\/wp-json\/wp\/v2\/pages"}],"about":[{"href":"https:\/\/kwt.meiio.net\/tr\/wp-json\/wp\/v2\/types\/page"}],"author":[{"embeddable":true,"href":"https:\/\/kwt.meiio.net\/tr\/wp-json\/wp\/v2\/users\/6"}],"replies":[{"embeddable":true,"href":"https:\/\/kwt.meiio.net\/tr\/wp-json\/wp\/v2\/comments?post=7676"}],"version-history":[{"count":0,"href":"https:\/\/kwt.meiio.net\/tr\/wp-json\/wp\/v2\/pages\/7676\/revisions"}],"up":[{"embeddable":true,"href":"https:\/\/kwt.meiio.net\/tr\/wp-json\/wp\/v2\/pages\/7671"}],"wp:featuredmedia":[{"embeddable":true,"href":"https:\/\/kwt.meiio.net\/tr\/wp-json\/wp\/v2\/media\/7677"}],"wp:attachment":[{"href":"https:\/\/kwt.meiio.net\/tr\/wp-json\/wp\/v2\/media?parent=7676"}],"curies":[{"name":"wp","href":"https:\/\/api.w.org\/{rel}","templated":true}]}}