{"id":7674,"date":"2010-03-08T12:02:00","date_gmt":"2010-03-08T11:02:00","guid":{"rendered":"https:\/\/www.kinderwunschteam.berlin\/?page_id=7674"},"modified":"2020-08-28T19:23:13","modified_gmt":"2020-08-28T17:23:13","slug":"monitoring-vzo","status":"publish","type":"page","link":"https:\/\/kwt.meiio.net\/tr\/uzun-omur\/tuep-bebek-ve-kisirlik\/tedavi\/monitoring-vzo","title":{"rendered":"Monitoring \/ VZO"},"content":{"rendered":"<p>\u00c7iftlerin iste\u011fi, test sonu\u00e7lar\u0131 ve di\u011fer temel ko\u015fullar do\u011frultusunda (ya\u015f, \u00e7ocuk yapmaya karar verdikleri zamandan itibaren ge\u00e7en s\u00fcre vs.), daha detayl\u0131 testler (hormon de\u011ferleri, ultrason) yaparak do\u011fal adet d\u00f6ng\u00fcs\u00fcn\u00fc takip etmek m\u00fcmk\u00fcnd\u00fcr. Bunlar\u0131n sonucunda, size hamile kalmak i\u00e7in en elveri\u015fli zaman\u0131n bilgisi verilir.<\/p>\n<p>\u0130ste\u011finiz do\u011frultusunda veya tavsiye edildi\u011fi takdirde, d\u00f6llenmeye haz\u0131r bir yumurtan\u0131n ov\u00fclasyon zaman\u0131 bir defal\u0131\u011f\u0131na i\u011fne enjekte edilerek tam olarak belirlenebilir. B\u00f6ylelikle yumurtan\u0131n ov\u00fclasyonu ve cinsel birle\u015fme i\u00e7in en do\u011fru zaman belirlenebilir (yani, cinsel birle\u015fmenin hangi g\u00fcn hangi gece olaca\u011f\u0131 tespit edilir). Bu te\u015fhis ve tedavi y\u00f6ntemine VZO (do\u011fru zamanda birle\u015fme) denir.<\/p>\n","protected":false},"excerpt":{"rendered":"<p>\u00c7iftlerin iste\u011fi, test sonu\u00e7lar\u0131 ve di\u011fer temel ko\u015fullar do\u011frultusunda (ya\u015f, \u00e7ocuk yapmaya karar verdikleri zamandan itibaren ge\u00e7en s\u00fcre vs.), daha detayl\u0131 testler (hormon de\u011ferleri, ultrason) yaparak do\u011fal adet d\u00f6ng\u00fcs\u00fcn\u00fc takip etmek m\u00fcmk\u00fcnd\u00fcr. Bunun sonucunda, size, hamile kalmak i\u00e7in en elveri\u015fli zaman\u0131n bilgisi verilir.<\/p>\n","protected":false},"author":6,"featured_media":7556,"parent":7671,"menu_order":1,"comment_status":"closed","ping_status":"closed","template":"page-siblingnavi.php","meta":{"footnotes":""},"class_list":["post-7674","page","type-page","status-publish","has-post-thumbnail","hentry"],"yoast_head":"<!-- This site is optimized with the Yoast SEO plugin v25.6 - https:\/\/yoast.com\/wordpress\/plugins\/seo\/ -->\n<title>Monitoring \/ VZO &#8226; Kinderwunschteam Berlin<\/title>\n<meta name=\"description\" content=\"\u00c7iftlerin iste\u011fi, test sonu\u00e7lar\u0131 ve di\u011fer temel ko\u015fullar do\u011frultusunda (ya\u015f, \u00e7ocuk yapmaya karar verdikleri zamandan itibaren ge\u00e7en s\u00fcre vs.), daha detayl\u0131 testler (hormon de\u011ferleri, ultrason) yaparak do\u011fal adet d\u00f6ng\u00fcs\u00fcn\u00fc takip etmek m\u00fcmk\u00fcnd\u00fcr. Bunun sonucunda, size, hamile kalmak i\u00e7in en elveri\u015fli zaman\u0131n bilgisi verilir.\" \/>\n<meta name=\"robots\" content=\"noindex, follow, max-snippet:-1, max-image-preview:large, max-video-preview:-1\" \/>\n<meta property=\"og:locale\" content=\"tr_TR\" \/>\n<meta property=\"og:type\" content=\"article\" \/>\n<meta property=\"og:title\" content=\"Monitoring \/ VZO &#8226; Kinderwunschteam Berlin\" \/>\n<meta property=\"og:description\" content=\"\u00c7iftlerin iste\u011fi, test sonu\u00e7lar\u0131 ve di\u011fer temel ko\u015fullar do\u011frultusunda (ya\u015f, \u00e7ocuk yapmaya karar verdikleri zamandan itibaren ge\u00e7en s\u00fcre vs.), daha detayl\u0131 testler (hormon de\u011ferleri, ultrason) yaparak do\u011fal adet d\u00f6ng\u00fcs\u00fcn\u00fc takip etmek m\u00fcmk\u00fcnd\u00fcr. Bunun sonucunda, size, hamile kalmak i\u00e7in en elveri\u015fli zaman\u0131n bilgisi verilir.\" \/>\n<meta property=\"og:url\" content=\"https:\/\/kwt.meiio.net\/tr\/uzun-omur\/tuep-bebek-ve-kisirlik\/tedavi\/monitoring-vzo\" \/>\n<meta property=\"og:site_name\" content=\"Kinderwunschteam Berlin\" \/>\n<meta property=\"article:publisher\" content=\"https:\/\/www.facebook.com\/kinderwunschteam.berlin\/\" \/>\n<meta property=\"article:modified_time\" content=\"2020-08-28T17:23:13+00:00\" \/>\n<meta property=\"og:image\" content=\"https:\/\/kwt.meiio.net\/wp-content\/uploads\/KWT-8945-Beratung-DrHalis.jpg\" \/>\n\t<meta property=\"og:image:width\" content=\"2000\" \/>\n\t<meta property=\"og:image:height\" content=\"670\" \/>\n\t<meta property=\"og:image:type\" content=\"image\/jpeg\" \/>\n<meta name=\"twitter:card\" content=\"summary_large_image\" \/>\n<script type=\"application\/ld+json\" class=\"yoast-schema-graph\">{\"@context\":\"https:\/\/schema.org\",\"@graph\":[{\"@type\":\"WebPage\",\"@id\":\"https:\/\/kwt.meiio.net\/tr\/uzun-omur\/tuep-bebek-ve-kisirlik\/tedavi\/monitoring-vzo\",\"url\":\"https:\/\/kwt.meiio.net\/tr\/uzun-omur\/tuep-bebek-ve-kisirlik\/tedavi\/monitoring-vzo\",\"name\":\"Monitoring \/ VZO &#8226; Kinderwunschteam Berlin\",\"isPartOf\":{\"@id\":\"https:\/\/kwt.meiio.net\/tr#website\"},\"primaryImageOfPage\":{\"@id\":\"https:\/\/kwt.meiio.net\/tr\/uzun-omur\/tuep-bebek-ve-kisirlik\/tedavi\/monitoring-vzo#primaryimage\"},\"image\":{\"@id\":\"https:\/\/kwt.meiio.net\/tr\/uzun-omur\/tuep-bebek-ve-kisirlik\/tedavi\/monitoring-vzo#primaryimage\"},\"thumbnailUrl\":\"https:\/\/kwt.meiio.net\/wp-content\/uploads\/KWT-8945-Beratung-DrHalis.jpg\",\"datePublished\":\"2010-03-08T11:02:00+00:00\",\"dateModified\":\"2020-08-28T17:23:13+00:00\",\"description\":\"\u00c7iftlerin iste\u011fi, test sonu\u00e7lar\u0131 ve di\u011fer temel ko\u015fullar do\u011frultusunda (ya\u015f, \u00e7ocuk yapmaya karar verdikleri zamandan itibaren ge\u00e7en s\u00fcre vs.), daha detayl\u0131 testler (hormon de\u011ferleri, ultrason) yaparak do\u011fal adet d\u00f6ng\u00fcs\u00fcn\u00fc takip etmek m\u00fcmk\u00fcnd\u00fcr. Bunun sonucunda, size, hamile kalmak i\u00e7in en elveri\u015fli zaman\u0131n bilgisi verilir.\",\"breadcrumb\":{\"@id\":\"https:\/\/kwt.meiio.net\/tr\/uzun-omur\/tuep-bebek-ve-kisirlik\/tedavi\/monitoring-vzo#breadcrumb\"},\"inLanguage\":\"tr\",\"potentialAction\":[{\"@type\":\"ReadAction\",\"target\":[\"https:\/\/kwt.meiio.net\/tr\/uzun-omur\/tuep-bebek-ve-kisirlik\/tedavi\/monitoring-vzo\"]}]},{\"@type\":\"ImageObject\",\"inLanguage\":\"tr\",\"@id\":\"https:\/\/kwt.meiio.net\/tr\/uzun-omur\/tuep-bebek-ve-kisirlik\/tedavi\/monitoring-vzo#primaryimage\",\"url\":\"https:\/\/kwt.meiio.net\/wp-content\/uploads\/KWT-8945-Beratung-DrHalis.jpg\",\"contentUrl\":\"https:\/\/kwt.meiio.net\/wp-content\/uploads\/KWT-8945-Beratung-DrHalis.jpg\",\"width\":2000,\"height\":670},{\"@type\":\"BreadcrumbList\",\"@id\":\"https:\/\/kwt.meiio.net\/tr\/uzun-omur\/tuep-bebek-ve-kisirlik\/tedavi\/monitoring-vzo#breadcrumb\",\"itemListElement\":[{\"@type\":\"ListItem\",\"position\":1,\"name\":\"Startseite\",\"item\":\"https:\/\/kwt.meiio.net\/tr\"},{\"@type\":\"ListItem\",\"position\":2,\"name\":\"Hizmet alanlar\u0131m\u0131z\",\"item\":\"https:\/\/kwt.meiio.net\/tr\/uzun-omur\"},{\"@type\":\"ListItem\",\"position\":3,\"name\":\"T\u00fcp bebek ve k\u0131s\u0131rl\u0131k\",\"item\":\"https:\/\/kwt.meiio.net\/tr\/uzun-omur\/tuep-bebek-ve-kisirlik\"},{\"@type\":\"ListItem\",\"position\":4,\"name\":\"Tedavi\",\"item\":\"https:\/\/kwt.meiio.net\/tr\/uzun-omur\/tuep-bebek-ve-kisirlik\/tedavi\"},{\"@type\":\"ListItem\",\"position\":5,\"name\":\"Monitoring \/ VZO\"}]},{\"@type\":\"WebSite\",\"@id\":\"https:\/\/kwt.meiio.net\/tr#website\",\"url\":\"https:\/\/kwt.meiio.net\/tr\",\"name\":\"Kinderwunschteam Berlin\",\"description\":\"Kinderwunsch- und Endometriose-Zentrum\",\"publisher\":{\"@id\":\"https:\/\/kwt.meiio.net\/tr#organization\"},\"potentialAction\":[{\"@type\":\"SearchAction\",\"target\":{\"@type\":\"EntryPoint\",\"urlTemplate\":\"https:\/\/kwt.meiio.net\/tr?s={search_term_string}\"},\"query-input\":{\"@type\":\"PropertyValueSpecification\",\"valueRequired\":true,\"valueName\":\"search_term_string\"}}],\"inLanguage\":\"tr\"},{\"@type\":\"Organization\",\"@id\":\"https:\/\/kwt.meiio.net\/tr#organization\",\"name\":\"Kinderwunschteam Berlin\",\"url\":\"https:\/\/kwt.meiio.net\/tr\",\"logo\":{\"@type\":\"ImageObject\",\"inLanguage\":\"tr\",\"@id\":\"https:\/\/kwt.meiio.net\/tr#\/schema\/logo\/image\/\",\"url\":\"https:\/\/kwt.meiio.net\/wp-content\/uploads\/Logo-KinderwunschteamBerlin-NavBar@2.png\",\"contentUrl\":\"https:\/\/kwt.meiio.net\/wp-content\/uploads\/Logo-KinderwunschteamBerlin-NavBar@2.png\",\"width\":800,\"height\":200,\"caption\":\"Kinderwunschteam Berlin\"},\"image\":{\"@id\":\"https:\/\/kwt.meiio.net\/tr#\/schema\/logo\/image\/\"},\"sameAs\":[\"https:\/\/www.facebook.com\/kinderwunschteam.berlin\/\",\"https:\/\/www.instagram.com\/kinderwunschteamberlin\/\"]}]}<\/script>\n<!-- \/ Yoast SEO plugin. -->","yoast_head_json":{"title":"Monitoring \/ VZO &#8226; Kinderwunschteam Berlin","description":"\u00c7iftlerin iste\u011fi, test sonu\u00e7lar\u0131 ve di\u011fer temel ko\u015fullar do\u011frultusunda (ya\u015f, \u00e7ocuk yapmaya karar verdikleri zamandan itibaren ge\u00e7en s\u00fcre vs.), daha detayl\u0131 testler (hormon de\u011ferleri, ultrason) yaparak do\u011fal adet d\u00f6ng\u00fcs\u00fcn\u00fc takip etmek m\u00fcmk\u00fcnd\u00fcr. Bunun sonucunda, size, hamile kalmak i\u00e7in en elveri\u015fli zaman\u0131n bilgisi verilir.","robots":{"index":"noindex","follow":"follow","max-snippet":"max-snippet:-1","max-image-preview":"max-image-preview:large","max-video-preview":"max-video-preview:-1"},"og_locale":"tr_TR","og_type":"article","og_title":"Monitoring \/ VZO &#8226; Kinderwunschteam Berlin","og_description":"\u00c7iftlerin iste\u011fi, test sonu\u00e7lar\u0131 ve di\u011fer temel ko\u015fullar do\u011frultusunda (ya\u015f, \u00e7ocuk yapmaya karar verdikleri zamandan itibaren ge\u00e7en s\u00fcre vs.), daha detayl\u0131 testler (hormon de\u011ferleri, ultrason) yaparak do\u011fal adet d\u00f6ng\u00fcs\u00fcn\u00fc takip etmek m\u00fcmk\u00fcnd\u00fcr. Bunun sonucunda, size, hamile kalmak i\u00e7in en elveri\u015fli zaman\u0131n bilgisi verilir.","og_url":"https:\/\/kwt.meiio.net\/tr\/uzun-omur\/tuep-bebek-ve-kisirlik\/tedavi\/monitoring-vzo","og_site_name":"Kinderwunschteam Berlin","article_publisher":"https:\/\/www.facebook.com\/kinderwunschteam.berlin\/","article_modified_time":"2020-08-28T17:23:13+00:00","og_image":[{"width":2000,"height":670,"url":"https:\/\/kwt.meiio.net\/wp-content\/uploads\/KWT-8945-Beratung-DrHalis.jpg","type":"image\/jpeg"}],"twitter_card":"summary_large_image","schema":{"@context":"https:\/\/schema.org","@graph":[{"@type":"WebPage","@id":"https:\/\/kwt.meiio.net\/tr\/uzun-omur\/tuep-bebek-ve-kisirlik\/tedavi\/monitoring-vzo","url":"https:\/\/kwt.meiio.net\/tr\/uzun-omur\/tuep-bebek-ve-kisirlik\/tedavi\/monitoring-vzo","name":"Monitoring \/ VZO &#8226; Kinderwunschteam Berlin","isPartOf":{"@id":"https:\/\/kwt.meiio.net\/tr#website"},"primaryImageOfPage":{"@id":"https:\/\/kwt.meiio.net\/tr\/uzun-omur\/tuep-bebek-ve-kisirlik\/tedavi\/monitoring-vzo#primaryimage"},"image":{"@id":"https:\/\/kwt.meiio.net\/tr\/uzun-omur\/tuep-bebek-ve-kisirlik\/tedavi\/monitoring-vzo#primaryimage"},"thumbnailUrl":"https:\/\/kwt.meiio.net\/wp-content\/uploads\/KWT-8945-Beratung-DrHalis.jpg","datePublished":"2010-03-08T11:02:00+00:00","dateModified":"2020-08-28T17:23:13+00:00","description":"\u00c7iftlerin iste\u011fi, test sonu\u00e7lar\u0131 ve di\u011fer temel ko\u015fullar do\u011frultusunda (ya\u015f, \u00e7ocuk yapmaya karar verdikleri zamandan itibaren ge\u00e7en s\u00fcre vs.), daha detayl\u0131 testler (hormon de\u011ferleri, ultrason) yaparak do\u011fal adet d\u00f6ng\u00fcs\u00fcn\u00fc takip etmek m\u00fcmk\u00fcnd\u00fcr. Bunun sonucunda, size, hamile kalmak i\u00e7in en elveri\u015fli zaman\u0131n bilgisi verilir.","breadcrumb":{"@id":"https:\/\/kwt.meiio.net\/tr\/uzun-omur\/tuep-bebek-ve-kisirlik\/tedavi\/monitoring-vzo#breadcrumb"},"inLanguage":"tr","potentialAction":[{"@type":"ReadAction","target":["https:\/\/kwt.meiio.net\/tr\/uzun-omur\/tuep-bebek-ve-kisirlik\/tedavi\/monitoring-vzo"]}]},{"@type":"ImageObject","inLanguage":"tr","@id":"https:\/\/kwt.meiio.net\/tr\/uzun-omur\/tuep-bebek-ve-kisirlik\/tedavi\/monitoring-vzo#primaryimage","url":"https:\/\/kwt.meiio.net\/wp-content\/uploads\/KWT-8945-Beratung-DrHalis.jpg","contentUrl":"https:\/\/kwt.meiio.net\/wp-content\/uploads\/KWT-8945-Beratung-DrHalis.jpg","width":2000,"height":670},{"@type":"BreadcrumbList","@id":"https:\/\/kwt.meiio.net\/tr\/uzun-omur\/tuep-bebek-ve-kisirlik\/tedavi\/monitoring-vzo#breadcrumb","itemListElement":[{"@type":"ListItem","position":1,"name":"Startseite","item":"https:\/\/kwt.meiio.net\/tr"},{"@type":"ListItem","position":2,"name":"Hizmet alanlar\u0131m\u0131z","item":"https:\/\/kwt.meiio.net\/tr\/uzun-omur"},{"@type":"ListItem","position":3,"name":"T\u00fcp bebek ve k\u0131s\u0131rl\u0131k","item":"https:\/\/kwt.meiio.net\/tr\/uzun-omur\/tuep-bebek-ve-kisirlik"},{"@type":"ListItem","position":4,"name":"Tedavi","item":"https:\/\/kwt.meiio.net\/tr\/uzun-omur\/tuep-bebek-ve-kisirlik\/tedavi"},{"@type":"ListItem","position":5,"name":"Monitoring \/ VZO"}]},{"@type":"WebSite","@id":"https:\/\/kwt.meiio.net\/tr#website","url":"https:\/\/kwt.meiio.net\/tr","name":"Kinderwunschteam Berlin","description":"Kinderwunsch- und Endometriose-Zentrum","publisher":{"@id":"https:\/\/kwt.meiio.net\/tr#organization"},"potentialAction":[{"@type":"SearchAction","target":{"@type":"EntryPoint","urlTemplate":"https:\/\/kwt.meiio.net\/tr?s={search_term_string}"},"query-input":{"@type":"PropertyValueSpecification","valueRequired":true,"valueName":"search_term_string"}}],"inLanguage":"tr"},{"@type":"Organization","@id":"https:\/\/kwt.meiio.net\/tr#organization","name":"Kinderwunschteam Berlin","url":"https:\/\/kwt.meiio.net\/tr","logo":{"@type":"ImageObject","inLanguage":"tr","@id":"https:\/\/kwt.meiio.net\/tr#\/schema\/logo\/image\/","url":"https:\/\/kwt.meiio.net\/wp-content\/uploads\/Logo-KinderwunschteamBerlin-NavBar@2.png","contentUrl":"https:\/\/kwt.meiio.net\/wp-content\/uploads\/Logo-KinderwunschteamBerlin-NavBar@2.png","width":800,"height":200,"caption":"Kinderwunschteam Berlin"},"image":{"@id":"https:\/\/kwt.meiio.net\/tr#\/schema\/logo\/image\/"},"sameAs":["https:\/\/www.facebook.com\/kinderwunschteam.berlin\/","https:\/\/www.instagram.com\/kinderwunschteamberlin\/"]}]}},"_links":{"self":[{"href":"https:\/\/kwt.meiio.net\/tr\/wp-json\/wp\/v2\/pages\/7674","targetHints":{"allow":["GET"]}}],"collection":[{"href":"https:\/\/kwt.meiio.net\/tr\/wp-json\/wp\/v2\/pages"}],"about":[{"href":"https:\/\/kwt.meiio.net\/tr\/wp-json\/wp\/v2\/types\/page"}],"author":[{"embeddable":true,"href":"https:\/\/kwt.meiio.net\/tr\/wp-json\/wp\/v2\/users\/6"}],"replies":[{"embeddable":true,"href":"https:\/\/kwt.meiio.net\/tr\/wp-json\/wp\/v2\/comments?post=7674"}],"version-history":[{"count":0,"href":"https:\/\/kwt.meiio.net\/tr\/wp-json\/wp\/v2\/pages\/7674\/revisions"}],"up":[{"embeddable":true,"href":"https:\/\/kwt.meiio.net\/tr\/wp-json\/wp\/v2\/pages\/7671"}],"wp:featuredmedia":[{"embeddable":true,"href":"https:\/\/kwt.meiio.net\/tr\/wp-json\/wp\/v2\/media\/7556"}],"wp:attachment":[{"href":"https:\/\/kwt.meiio.net\/tr\/wp-json\/wp\/v2\/media?parent=7674"}],"curies":[{"name":"wp","href":"https:\/\/api.w.org\/{rel}","templated":true}]}}