{"id":7668,"date":"2010-03-08T11:15:17","date_gmt":"2010-03-08T10:15:17","guid":{"rendered":"https:\/\/www.kinderwunschteam.berlin\/?page_id=7668"},"modified":"2019-01-30T18:41:02","modified_gmt":"2019-01-30T17:41:02","slug":"immuenoloji","status":"publish","type":"page","link":"https:\/\/kwt.meiio.net\/tr\/uzun-omur\/tuep-bebek-ve-kisirlik\/diagnostik\/immuenoloji","title":{"rendered":"\u0130mm\u00fcnoloji"},"content":{"rendered":"<h2>\u0130mm\u00fcnoloji ile ba\u011flant\u0131l\u0131 k\u0131s\u0131rl\u0131k<\/h2>\n<p>Kad\u0131nlarda otoimm\u00fcn bozukluklar\u0131n\u0131n \u00fcreme bozukluklar\u0131na yol a\u00e7\u0131p a\u00e7mad\u0131\u011f\u0131 halen tart\u0131\u015f\u0131lan bir konudur. Biz en yeni ara\u015ft\u0131rmalara dayanarak, otoimm\u00fcn bozukluklar\u0131 normalde tedavi etmeyi gerektirmeyen bir durum olsa bile kad\u0131nlar\u0131n \u00fcretme kabiliyetlerini d\u00fc\u015f\u00fcrebilece\u011fine inan\u0131yoruz. Transf\u00fczyon t\u0131bb\u0131 doktoru Dr. Reichel-Frenz ile birlikte, tedaviye ek olarak kendisinin koydu\u011fu tan\u0131 do\u011frultusunda tavsiye etti\u011fi imm\u00fcnolojik tedavileri uygulamaktay\u0131z.<\/p>\n<p>Dr. Sylke Reichel-Fentz MVZ Heidelberg Wasserturmstrasse 71 69214 EppelheimTel.:<\/p>\n<p>Tel.: 06221 7523981 Faks: 06221 7523376 e-posta kinderwunsch@synlab.de<\/p>\n<p>devam\u0131<\/p>\n<h2>Antikorlar\u0131n yumurta ve sperm ile ili\u015fkisi<\/h2>\n<p>Yumurta, sperm ve di\u011fer v\u00fccut h\u00fccrelerine kar\u015f\u0131 antikor olu\u015fturuldu\u011funda, antikorlar, gebeli\u011fin olu\u015fmas\u0131 veya devam etmesini olumsuz etkileyebilirler. Antikorlar \u00e7e\u015fit \u00e7e\u015fit oldu\u011fu i\u00e7in, bunlar\u0131n anlam\u0131 ile ilgili basit ve genel, ge\u00e7er bir fikir vermek m\u00fcmk\u00fcn de\u011fildir. Genel ba\u011flamda, imm\u00fcnoloji ile ba\u011flant\u0131l\u0131 k\u0131s\u0131rl\u0131k \u00e7ok nadir durumlarda \u00f6nemli gibi g\u00f6r\u00fcnmektedir.<\/p>\n","protected":false},"excerpt":{"rendered":"<p>\u0130mm\u00fcnoloji ile ba\u011flant\u0131l\u0131 k\u0131s\u0131rl\u0131k Kad\u0131nlarda otoimm\u00fcn bozukluklar\u0131n\u0131n \u00fcreme bozukluklar\u0131na yol a\u00e7\u0131p a\u00e7mad\u0131\u011f\u0131 halen tart\u0131\u015f\u0131lan bir konudur. Biz en yeni ara\u015ft\u0131rmalara [&hellip;]<\/p>\n","protected":false},"author":6,"featured_media":7669,"parent":7642,"menu_order":6,"comment_status":"closed","ping_status":"closed","template":"page-siblingnavi.php","meta":{"footnotes":""},"class_list":["post-7668","page","type-page","status-publish","has-post-thumbnail","hentry"],"yoast_head":"<!-- This site is optimized with the Yoast SEO plugin v25.6 - https:\/\/yoast.com\/wordpress\/plugins\/seo\/ -->\n<title>\u0130mm\u00fcnoloji &#8226; Kinderwunschteam Berlin<\/title>\n<meta name=\"description\" content=\"\u0130mm\u00fcnoloji ile ba\u011flant\u0131l\u0131 k\u0131s\u0131rl\u0131k Kad\u0131nlarda otoimm\u00fcn bozukluklar\u0131n\u0131n \u00fcreme bozukluklar\u0131na yol a\u00e7\u0131p a\u00e7mad\u0131\u011f\u0131 halen tart\u0131\u015f\u0131lan bir konudur. Biz en yeni\" \/>\n<meta name=\"robots\" content=\"noindex, follow, max-snippet:-1, max-image-preview:large, max-video-preview:-1\" \/>\n<meta property=\"og:locale\" content=\"tr_TR\" \/>\n<meta property=\"og:type\" content=\"article\" \/>\n<meta property=\"og:title\" content=\"\u0130mm\u00fcnoloji &#8226; Kinderwunschteam Berlin\" \/>\n<meta property=\"og:description\" content=\"\u0130mm\u00fcnoloji ile ba\u011flant\u0131l\u0131 k\u0131s\u0131rl\u0131k Kad\u0131nlarda otoimm\u00fcn bozukluklar\u0131n\u0131n \u00fcreme bozukluklar\u0131na yol a\u00e7\u0131p a\u00e7mad\u0131\u011f\u0131 halen tart\u0131\u015f\u0131lan bir konudur. Biz en yeni\" \/>\n<meta property=\"og:url\" content=\"https:\/\/kwt.meiio.net\/tr\/uzun-omur\/tuep-bebek-ve-kisirlik\/diagnostik\/immuenoloji\" \/>\n<meta property=\"og:site_name\" content=\"Kinderwunschteam Berlin\" \/>\n<meta property=\"article:publisher\" content=\"https:\/\/www.facebook.com\/kinderwunschteam.berlin\/\" \/>\n<meta property=\"article:modified_time\" content=\"2019-01-30T17:41:02+00:00\" \/>\n<meta property=\"og:image\" content=\"https:\/\/kwt.meiio.net\/wp-content\/uploads\/KWT-7960-Labor-Pipette.jpg\" \/>\n\t<meta property=\"og:image:width\" content=\"2000\" \/>\n\t<meta property=\"og:image:height\" content=\"670\" \/>\n\t<meta property=\"og:image:type\" content=\"image\/jpeg\" \/>\n<meta name=\"twitter:card\" content=\"summary_large_image\" \/>\n<script type=\"application\/ld+json\" class=\"yoast-schema-graph\">{\"@context\":\"https:\/\/schema.org\",\"@graph\":[{\"@type\":\"WebPage\",\"@id\":\"https:\/\/kwt.meiio.net\/tr\/uzun-omur\/tuep-bebek-ve-kisirlik\/diagnostik\/immuenoloji\",\"url\":\"https:\/\/kwt.meiio.net\/tr\/uzun-omur\/tuep-bebek-ve-kisirlik\/diagnostik\/immuenoloji\",\"name\":\"\u0130mm\u00fcnoloji &#8226; Kinderwunschteam Berlin\",\"isPartOf\":{\"@id\":\"https:\/\/kwt.meiio.net\/tr#website\"},\"primaryImageOfPage\":{\"@id\":\"https:\/\/kwt.meiio.net\/tr\/uzun-omur\/tuep-bebek-ve-kisirlik\/diagnostik\/immuenoloji#primaryimage\"},\"image\":{\"@id\":\"https:\/\/kwt.meiio.net\/tr\/uzun-omur\/tuep-bebek-ve-kisirlik\/diagnostik\/immuenoloji#primaryimage\"},\"thumbnailUrl\":\"https:\/\/kwt.meiio.net\/wp-content\/uploads\/KWT-7960-Labor-Pipette.jpg\",\"datePublished\":\"2010-03-08T10:15:17+00:00\",\"dateModified\":\"2019-01-30T17:41:02+00:00\",\"description\":\"\u0130mm\u00fcnoloji ile ba\u011flant\u0131l\u0131 k\u0131s\u0131rl\u0131k Kad\u0131nlarda otoimm\u00fcn bozukluklar\u0131n\u0131n \u00fcreme bozukluklar\u0131na yol a\u00e7\u0131p a\u00e7mad\u0131\u011f\u0131 halen tart\u0131\u015f\u0131lan bir konudur. Biz en yeni\",\"breadcrumb\":{\"@id\":\"https:\/\/kwt.meiio.net\/tr\/uzun-omur\/tuep-bebek-ve-kisirlik\/diagnostik\/immuenoloji#breadcrumb\"},\"inLanguage\":\"tr\",\"potentialAction\":[{\"@type\":\"ReadAction\",\"target\":[\"https:\/\/kwt.meiio.net\/tr\/uzun-omur\/tuep-bebek-ve-kisirlik\/diagnostik\/immuenoloji\"]}]},{\"@type\":\"ImageObject\",\"inLanguage\":\"tr\",\"@id\":\"https:\/\/kwt.meiio.net\/tr\/uzun-omur\/tuep-bebek-ve-kisirlik\/diagnostik\/immuenoloji#primaryimage\",\"url\":\"https:\/\/kwt.meiio.net\/wp-content\/uploads\/KWT-7960-Labor-Pipette.jpg\",\"contentUrl\":\"https:\/\/kwt.meiio.net\/wp-content\/uploads\/KWT-7960-Labor-Pipette.jpg\",\"width\":2000,\"height\":670},{\"@type\":\"BreadcrumbList\",\"@id\":\"https:\/\/kwt.meiio.net\/tr\/uzun-omur\/tuep-bebek-ve-kisirlik\/diagnostik\/immuenoloji#breadcrumb\",\"itemListElement\":[{\"@type\":\"ListItem\",\"position\":1,\"name\":\"Startseite\",\"item\":\"https:\/\/kwt.meiio.net\/tr\"},{\"@type\":\"ListItem\",\"position\":2,\"name\":\"Hizmet alanlar\u0131m\u0131z\",\"item\":\"https:\/\/kwt.meiio.net\/tr\/uzun-omur\"},{\"@type\":\"ListItem\",\"position\":3,\"name\":\"T\u00fcp bebek ve k\u0131s\u0131rl\u0131k\",\"item\":\"https:\/\/kwt.meiio.net\/tr\/uzun-omur\/tuep-bebek-ve-kisirlik\"},{\"@type\":\"ListItem\",\"position\":4,\"name\":\"Te\u015fhis\",\"item\":\"https:\/\/kwt.meiio.net\/tr\/uzun-omur\/tuep-bebek-ve-kisirlik\/diagnostik\"},{\"@type\":\"ListItem\",\"position\":5,\"name\":\"\u0130mm\u00fcnoloji\"}]},{\"@type\":\"WebSite\",\"@id\":\"https:\/\/kwt.meiio.net\/tr#website\",\"url\":\"https:\/\/kwt.meiio.net\/tr\",\"name\":\"Kinderwunschteam Berlin\",\"description\":\"Kinderwunsch- und Endometriose-Zentrum\",\"publisher\":{\"@id\":\"https:\/\/kwt.meiio.net\/tr#organization\"},\"potentialAction\":[{\"@type\":\"SearchAction\",\"target\":{\"@type\":\"EntryPoint\",\"urlTemplate\":\"https:\/\/kwt.meiio.net\/tr?s={search_term_string}\"},\"query-input\":{\"@type\":\"PropertyValueSpecification\",\"valueRequired\":true,\"valueName\":\"search_term_string\"}}],\"inLanguage\":\"tr\"},{\"@type\":\"Organization\",\"@id\":\"https:\/\/kwt.meiio.net\/tr#organization\",\"name\":\"Kinderwunschteam Berlin\",\"url\":\"https:\/\/kwt.meiio.net\/tr\",\"logo\":{\"@type\":\"ImageObject\",\"inLanguage\":\"tr\",\"@id\":\"https:\/\/kwt.meiio.net\/tr#\/schema\/logo\/image\/\",\"url\":\"https:\/\/kwt.meiio.net\/wp-content\/uploads\/Logo-KinderwunschteamBerlin-NavBar@2.png\",\"contentUrl\":\"https:\/\/kwt.meiio.net\/wp-content\/uploads\/Logo-KinderwunschteamBerlin-NavBar@2.png\",\"width\":800,\"height\":200,\"caption\":\"Kinderwunschteam Berlin\"},\"image\":{\"@id\":\"https:\/\/kwt.meiio.net\/tr#\/schema\/logo\/image\/\"},\"sameAs\":[\"https:\/\/www.facebook.com\/kinderwunschteam.berlin\/\",\"https:\/\/www.instagram.com\/kinderwunschteamberlin\/\"]}]}<\/script>\n<!-- \/ Yoast SEO plugin. -->","yoast_head_json":{"title":"\u0130mm\u00fcnoloji &#8226; Kinderwunschteam Berlin","description":"\u0130mm\u00fcnoloji ile ba\u011flant\u0131l\u0131 k\u0131s\u0131rl\u0131k Kad\u0131nlarda otoimm\u00fcn bozukluklar\u0131n\u0131n \u00fcreme bozukluklar\u0131na yol a\u00e7\u0131p a\u00e7mad\u0131\u011f\u0131 halen tart\u0131\u015f\u0131lan bir konudur. Biz en yeni","robots":{"index":"noindex","follow":"follow","max-snippet":"max-snippet:-1","max-image-preview":"max-image-preview:large","max-video-preview":"max-video-preview:-1"},"og_locale":"tr_TR","og_type":"article","og_title":"\u0130mm\u00fcnoloji &#8226; Kinderwunschteam Berlin","og_description":"\u0130mm\u00fcnoloji ile ba\u011flant\u0131l\u0131 k\u0131s\u0131rl\u0131k Kad\u0131nlarda otoimm\u00fcn bozukluklar\u0131n\u0131n \u00fcreme bozukluklar\u0131na yol a\u00e7\u0131p a\u00e7mad\u0131\u011f\u0131 halen tart\u0131\u015f\u0131lan bir konudur. Biz en yeni","og_url":"https:\/\/kwt.meiio.net\/tr\/uzun-omur\/tuep-bebek-ve-kisirlik\/diagnostik\/immuenoloji","og_site_name":"Kinderwunschteam Berlin","article_publisher":"https:\/\/www.facebook.com\/kinderwunschteam.berlin\/","article_modified_time":"2019-01-30T17:41:02+00:00","og_image":[{"width":2000,"height":670,"url":"https:\/\/kwt.meiio.net\/wp-content\/uploads\/KWT-7960-Labor-Pipette.jpg","type":"image\/jpeg"}],"twitter_card":"summary_large_image","schema":{"@context":"https:\/\/schema.org","@graph":[{"@type":"WebPage","@id":"https:\/\/kwt.meiio.net\/tr\/uzun-omur\/tuep-bebek-ve-kisirlik\/diagnostik\/immuenoloji","url":"https:\/\/kwt.meiio.net\/tr\/uzun-omur\/tuep-bebek-ve-kisirlik\/diagnostik\/immuenoloji","name":"\u0130mm\u00fcnoloji &#8226; Kinderwunschteam Berlin","isPartOf":{"@id":"https:\/\/kwt.meiio.net\/tr#website"},"primaryImageOfPage":{"@id":"https:\/\/kwt.meiio.net\/tr\/uzun-omur\/tuep-bebek-ve-kisirlik\/diagnostik\/immuenoloji#primaryimage"},"image":{"@id":"https:\/\/kwt.meiio.net\/tr\/uzun-omur\/tuep-bebek-ve-kisirlik\/diagnostik\/immuenoloji#primaryimage"},"thumbnailUrl":"https:\/\/kwt.meiio.net\/wp-content\/uploads\/KWT-7960-Labor-Pipette.jpg","datePublished":"2010-03-08T10:15:17+00:00","dateModified":"2019-01-30T17:41:02+00:00","description":"\u0130mm\u00fcnoloji ile ba\u011flant\u0131l\u0131 k\u0131s\u0131rl\u0131k Kad\u0131nlarda otoimm\u00fcn bozukluklar\u0131n\u0131n \u00fcreme bozukluklar\u0131na yol a\u00e7\u0131p a\u00e7mad\u0131\u011f\u0131 halen tart\u0131\u015f\u0131lan bir konudur. Biz en yeni","breadcrumb":{"@id":"https:\/\/kwt.meiio.net\/tr\/uzun-omur\/tuep-bebek-ve-kisirlik\/diagnostik\/immuenoloji#breadcrumb"},"inLanguage":"tr","potentialAction":[{"@type":"ReadAction","target":["https:\/\/kwt.meiio.net\/tr\/uzun-omur\/tuep-bebek-ve-kisirlik\/diagnostik\/immuenoloji"]}]},{"@type":"ImageObject","inLanguage":"tr","@id":"https:\/\/kwt.meiio.net\/tr\/uzun-omur\/tuep-bebek-ve-kisirlik\/diagnostik\/immuenoloji#primaryimage","url":"https:\/\/kwt.meiio.net\/wp-content\/uploads\/KWT-7960-Labor-Pipette.jpg","contentUrl":"https:\/\/kwt.meiio.net\/wp-content\/uploads\/KWT-7960-Labor-Pipette.jpg","width":2000,"height":670},{"@type":"BreadcrumbList","@id":"https:\/\/kwt.meiio.net\/tr\/uzun-omur\/tuep-bebek-ve-kisirlik\/diagnostik\/immuenoloji#breadcrumb","itemListElement":[{"@type":"ListItem","position":1,"name":"Startseite","item":"https:\/\/kwt.meiio.net\/tr"},{"@type":"ListItem","position":2,"name":"Hizmet alanlar\u0131m\u0131z","item":"https:\/\/kwt.meiio.net\/tr\/uzun-omur"},{"@type":"ListItem","position":3,"name":"T\u00fcp bebek ve k\u0131s\u0131rl\u0131k","item":"https:\/\/kwt.meiio.net\/tr\/uzun-omur\/tuep-bebek-ve-kisirlik"},{"@type":"ListItem","position":4,"name":"Te\u015fhis","item":"https:\/\/kwt.meiio.net\/tr\/uzun-omur\/tuep-bebek-ve-kisirlik\/diagnostik"},{"@type":"ListItem","position":5,"name":"\u0130mm\u00fcnoloji"}]},{"@type":"WebSite","@id":"https:\/\/kwt.meiio.net\/tr#website","url":"https:\/\/kwt.meiio.net\/tr","name":"Kinderwunschteam Berlin","description":"Kinderwunsch- und Endometriose-Zentrum","publisher":{"@id":"https:\/\/kwt.meiio.net\/tr#organization"},"potentialAction":[{"@type":"SearchAction","target":{"@type":"EntryPoint","urlTemplate":"https:\/\/kwt.meiio.net\/tr?s={search_term_string}"},"query-input":{"@type":"PropertyValueSpecification","valueRequired":true,"valueName":"search_term_string"}}],"inLanguage":"tr"},{"@type":"Organization","@id":"https:\/\/kwt.meiio.net\/tr#organization","name":"Kinderwunschteam Berlin","url":"https:\/\/kwt.meiio.net\/tr","logo":{"@type":"ImageObject","inLanguage":"tr","@id":"https:\/\/kwt.meiio.net\/tr#\/schema\/logo\/image\/","url":"https:\/\/kwt.meiio.net\/wp-content\/uploads\/Logo-KinderwunschteamBerlin-NavBar@2.png","contentUrl":"https:\/\/kwt.meiio.net\/wp-content\/uploads\/Logo-KinderwunschteamBerlin-NavBar@2.png","width":800,"height":200,"caption":"Kinderwunschteam Berlin"},"image":{"@id":"https:\/\/kwt.meiio.net\/tr#\/schema\/logo\/image\/"},"sameAs":["https:\/\/www.facebook.com\/kinderwunschteam.berlin\/","https:\/\/www.instagram.com\/kinderwunschteamberlin\/"]}]}},"_links":{"self":[{"href":"https:\/\/kwt.meiio.net\/tr\/wp-json\/wp\/v2\/pages\/7668","targetHints":{"allow":["GET"]}}],"collection":[{"href":"https:\/\/kwt.meiio.net\/tr\/wp-json\/wp\/v2\/pages"}],"about":[{"href":"https:\/\/kwt.meiio.net\/tr\/wp-json\/wp\/v2\/types\/page"}],"author":[{"embeddable":true,"href":"https:\/\/kwt.meiio.net\/tr\/wp-json\/wp\/v2\/users\/6"}],"replies":[{"embeddable":true,"href":"https:\/\/kwt.meiio.net\/tr\/wp-json\/wp\/v2\/comments?post=7668"}],"version-history":[{"count":0,"href":"https:\/\/kwt.meiio.net\/tr\/wp-json\/wp\/v2\/pages\/7668\/revisions"}],"up":[{"embeddable":true,"href":"https:\/\/kwt.meiio.net\/tr\/wp-json\/wp\/v2\/pages\/7642"}],"wp:featuredmedia":[{"embeddable":true,"href":"https:\/\/kwt.meiio.net\/tr\/wp-json\/wp\/v2\/media\/7669"}],"wp:attachment":[{"href":"https:\/\/kwt.meiio.net\/tr\/wp-json\/wp\/v2\/media?parent=7668"}],"curies":[{"name":"wp","href":"https:\/\/api.w.org\/{rel}","templated":true}]}}