{"id":7659,"date":"2010-03-08T11:11:45","date_gmt":"2010-03-08T10:11:45","guid":{"rendered":"https:\/\/www.kinderwunschteam.berlin\/?page_id=7659"},"modified":"2019-01-30T18:39:13","modified_gmt":"2019-01-30T17:39:13","slug":"diagnostik-eileiterdiagnostik","status":"publish","type":"page","link":"https:\/\/kwt.meiio.net\/tr\/uzun-omur\/tuep-bebek-ve-kisirlik\/diagnostik\/diagnostik-eileiterdiagnostik","title":{"rendered":"Fallop t\u00fcp\u00fc testi"},"content":{"rendered":"<p>E\u015finizin spermiyogram de\u011ferleri normal ya da normalden biraz farkl\u0131 bir \u00e7\u0131k\u0131yorsa, fallop t\u00fcp\u00fcn\u00fcn a\u00e7\u0131k m\u0131 t\u0131kan\u0131k m\u0131 oldu\u011funu kontrol etmek yerinde bir davran\u0131\u015f olabilir.<\/p>\n<p>Fallop t\u00fcp\u00fcn\u00fcn a\u00e7\u0131k olup olmad\u0131\u011f\u0131n\u0131 saptayabilen iki \u00f6nemli test y\u00f6ntemi bulunmaktad\u0131r:<\/p>\n<ul>\n<li><strong>HSSG<\/strong>\u00a0(<strong>H<\/strong>istero-<strong>S<\/strong>alpingo-<strong>S<\/strong>ono<strong>g<\/strong>rafisi) kontrast s\u0131v\u0131 testi (mesela, Echovist \u00ae ile)<\/li>\n<\/ul>\n<ul>\n<li><strong>Kromolaparoskopi<\/strong>\u00a0(laparoskopi s\u0131ras\u0131nda boya ile y\u0131kama)<\/li>\n<li><strong>HSG<\/strong><\/li>\n<\/ul>\n<h2>HSSG (Histero-Salpingo-Sonografi), Echovist \u00ae Testi<\/h2>\n<p>Kontrast s\u0131v\u0131 testinin avantaj\u0131 muayene s\u0131ras\u0131nda ve narkoz kullanmadan yap\u0131labilmesidir. Bu y\u00f6ntemi deneyimli bir ki\u015fi yaparsa tolere edilebilir bir y\u00f6ntemdir ve sadece naho\u015f olarak nitelendirilebilir. Anestezi gerekli de\u011fildir.<\/p>\n<p>Bu tetkik, ov\u00fclasyondan (yumurtlamadan) birka\u00e7 g\u00fcn \u00f6nce jinekolojik muayene koltu\u011funda yap\u0131l\u0131r. Rahim a\u011fz\u0131n\u0131n dezenfekte edilmesinden sonra, ince plastik bir kateter rahim kanal\u0131na yerle\u015ftirilir. Kateter i\u00e7erisinden \u015fekerli bir \u00e7\u00f6zelti enjekte edilir. Bu \u00e7\u00f6zeltinin (fallop t\u00fcp\u00fcnden) ge\u00e7i\u015fi ultrasonda \u00e7ok iyi g\u00f6zlemlenebilir.<\/p>\n<p>Normalde fallop t\u00fcp\u00fcn\u00fcn t\u0131kan\u0131k olmad\u0131\u011f\u0131 varsay\u0131l\u0131r. Fallop t\u00fcp\u00fc g\u00f6r\u00fclmese de kontrast madde kar\u0131n bo\u015flu\u011funa ula\u015fabiliyorsa, bu, fallop t\u00fcp\u00fcn\u00fcn t\u0131kan\u0131k olmad\u0131\u011f\u0131n\u0131 g\u00f6sterir.<\/p>\n<figure id=\"attachment_7449\" aria-describedby=\"caption-attachment-7449\" style=\"width: 800px\" class=\"wp-caption alignnone\"><img decoding=\"async\" class=\"size-full wp-image-7449\" src=\"https:\/\/kwt.meiio.net\/wp-content\/uploads\/slide_19.jpg\" alt=\"Kontrast s\u0131v\u0131 testinin \u015fematik anlat\u0131m\u0131\" width=\"800\" height=\"546\" srcset=\"https:\/\/kwt.meiio.net\/wp-content\/uploads\/slide_19.jpg 800w, https:\/\/kwt.meiio.net\/wp-content\/uploads\/slide_19-300x205.jpg 300w, https:\/\/kwt.meiio.net\/wp-content\/uploads\/slide_19-768x524.jpg 768w\" sizes=\"(max-width: 800px) 100vw, 800px\" \/><figcaption id=\"caption-attachment-7449\" class=\"wp-caption-text\">Kontrast s\u0131v\u0131 testinin \u015fematik anlat\u0131m\u0131<\/figcaption><\/figure>\n<p>Kontrast s\u0131v\u0131 testinden \u00f6nce enjekte edilen tuz \u00e7\u00f6zeltisi sayesinde, rahimde tuhaf bir durumun olup olmad\u0131\u011f\u0131 ek bir bilgi olarak tespit edilir (hidrosonografi). Tetkiki yapan ki\u015finin deneyimi ve ultrason tekni\u011fine ba\u011fl\u0131 olarak gerekli bir testtir.<\/p>\n<blockquote><p>\u201cB\u00f6yle bir tetkikin do\u011fru tahminde bulunma yetene\u011fi pozitif anlamda % 90\u2019\u0131n \u00fczerindedir.\u201c (Keck, Neulen ve Breckwoldt: Endokrinoloji, \u00dcreme Sa\u011fl\u0131\u011f\u0131 T\u0131bb\u0131, Androloji, 1999 Thieme Yay\u0131mc\u0131l\u0131k).<\/p><\/blockquote>\n<h2>Laparoskopi<\/h2>\n<p>\u0130\u00e7 genital organlarla ilgili en kapsaml\u0131 bilgi laparoskopi ile elde edilir. Burada fallop t\u00fcp\u00fcn\u00fcn kontrast s\u0131v\u0131 veya renkli madde ile y\u0131kamas\u0131 (kromopertubasyon) yap\u0131l\u0131r. Ayr\u0131ca, bu tetkikle, doku yap\u0131\u015f\u0131kl\u0131klar\u0131 (adhezyonlar), enfeksiyona ba\u011fl\u0131 de\u011fi\u015fimler ve endometriozise dair \u00f6nemli bilgiler elde edilir. Gerekli ekipmana sahip bir merkezde yap\u0131l\u0131rsa tespit edilen yap\u0131\u015f\u0131kl\u0131klarlar a\u00e7\u0131labilir ve endometriozisli b\u00f6lgeler al\u0131nabilir. Laparoskopi cerrahi bir m\u00fcdahale oldu\u011fu i\u00e7in sadece tetkikler sonucunda \u00e7iftin tedavisinin devam\u0131n\u0131 etkileyecek bir durum tespit edilmi\u015fse yap\u0131lmal\u0131d\u0131r. \u00d6rne\u011fin spermiyogram de\u011ferleri, IVF veya ICSI yap\u0131lmas\u0131n\u0131 gerektirecek derecede az \u00e7\u0131k\u0131yorsa, b\u00f6yle bir m\u00fcdahalenin yap\u0131lmas\u0131 gereksiz ve bu y\u00fczden kontrendikedir.<\/p>\n<h2>HSG (Histero-Salpingografi)<\/h2>\n<p>Fallop t\u00fcp\u00fcn\u00fcn ultrason ile g\u00f6r\u00fcnt\u00fclenmesini sa\u011flayan Echovist\u00ae\u2019in geli\u015ftirilmesinden \u00f6nce HSG yayg\u0131n olarak kullan\u0131lan bir tan\u0131sal y\u00f6ntemdi. Uygulama \u015fekli a\u00e7\u0131klad\u0131\u011f\u0131m\u0131z HSSG ile benzerdir; fakat burada r\u00f6ntgen \u0131\u015f\u0131nlar\u0131 ve r\u00f6ntgen kontrast s\u0131v\u0131s\u0131 kullan\u0131lmaktad\u0131r. Bu nedenden dolay\u0131, en az\u0131ndan Avrupa\u2019da Echovist\u2019li HSSG \u00e7ok \u00e7abuk yay\u0131lm\u0131\u015ft\u0131r; \u00e7\u00fcnk\u00fc bu sayede yumurtal\u0131klara zarar verebilecek r\u00f6ntgen \u0131\u015f\u0131nlar\u0131ndan ka\u00e7\u0131nmak m\u00fcmk\u00fcn olmu\u015ftur. HSSG, halen ABD, Yak\u0131n Do\u011fu, Latin Amerika ve Afrika\u2019da s\u0131kl\u0131kla kullan\u0131lmaktad\u0131r.<\/p>\n","protected":false},"excerpt":{"rendered":"<p>E\u015finizin spermiyogram de\u011ferleri normal ya da normalden biraz farkl\u0131 bir \u00e7\u0131k\u0131yorsa, fallop t\u00fcp\u00fcn\u00fcn a\u00e7\u0131k m\u0131 t\u0131kan\u0131k m\u0131 oldu\u011funu kontrol etmek [&hellip;]<\/p>\n","protected":false},"author":2,"featured_media":7662,"parent":7642,"menu_order":2,"comment_status":"closed","ping_status":"closed","template":"page-siblingnavi.php","meta":{"footnotes":""},"class_list":["post-7659","page","type-page","status-publish","has-post-thumbnail","hentry"],"yoast_head":"<!-- This site is optimized with the Yoast SEO plugin v25.6 - https:\/\/yoast.com\/wordpress\/plugins\/seo\/ -->\n<title>Fallop t\u00fcp\u00fc testi &#8226; Kinderwunschteam Berlin<\/title>\n<meta name=\"description\" content=\"E\u015finizin spermiyogram de\u011ferleri normal ya da normalden biraz farkl\u0131 bir \u00e7\u0131k\u0131yorsa, fallop t\u00fcp\u00fcn\u00fcn a\u00e7\u0131k m\u0131 t\u0131kan\u0131k m\u0131 oldu\u011funu kontrol etmek yerinde bir\" \/>\n<meta name=\"robots\" content=\"noindex, follow, max-snippet:-1, max-image-preview:large, max-video-preview:-1\" \/>\n<meta property=\"og:locale\" content=\"tr_TR\" \/>\n<meta property=\"og:type\" content=\"article\" \/>\n<meta property=\"og:title\" content=\"Fallop t\u00fcp\u00fc testi &#8226; Kinderwunschteam Berlin\" \/>\n<meta property=\"og:description\" content=\"E\u015finizin spermiyogram de\u011ferleri normal ya da normalden biraz farkl\u0131 bir \u00e7\u0131k\u0131yorsa, fallop t\u00fcp\u00fcn\u00fcn a\u00e7\u0131k m\u0131 t\u0131kan\u0131k m\u0131 oldu\u011funu kontrol etmek yerinde bir\" \/>\n<meta property=\"og:url\" content=\"https:\/\/kwt.meiio.net\/tr\/uzun-omur\/tuep-bebek-ve-kisirlik\/diagnostik\/diagnostik-eileiterdiagnostik\" \/>\n<meta property=\"og:site_name\" content=\"Kinderwunschteam Berlin\" \/>\n<meta property=\"article:publisher\" content=\"https:\/\/www.facebook.com\/kinderwunschteam.berlin\/\" \/>\n<meta property=\"article:modified_time\" content=\"2019-01-30T17:39:13+00:00\" \/>\n<meta property=\"og:image\" content=\"https:\/\/kwt.meiio.net\/wp-content\/uploads\/KWT-9828-Diagnose.jpg\" \/>\n\t<meta property=\"og:image:width\" content=\"2000\" \/>\n\t<meta property=\"og:image:height\" content=\"670\" \/>\n\t<meta property=\"og:image:type\" content=\"image\/jpeg\" \/>\n<meta name=\"twitter:card\" content=\"summary_large_image\" \/>\n<script type=\"application\/ld+json\" class=\"yoast-schema-graph\">{\"@context\":\"https:\/\/schema.org\",\"@graph\":[{\"@type\":\"WebPage\",\"@id\":\"https:\/\/kwt.meiio.net\/tr\/uzun-omur\/tuep-bebek-ve-kisirlik\/diagnostik\/diagnostik-eileiterdiagnostik\",\"url\":\"https:\/\/kwt.meiio.net\/tr\/uzun-omur\/tuep-bebek-ve-kisirlik\/diagnostik\/diagnostik-eileiterdiagnostik\",\"name\":\"Fallop t\u00fcp\u00fc testi &#8226; Kinderwunschteam Berlin\",\"isPartOf\":{\"@id\":\"https:\/\/kwt.meiio.net\/tr#website\"},\"primaryImageOfPage\":{\"@id\":\"https:\/\/kwt.meiio.net\/tr\/uzun-omur\/tuep-bebek-ve-kisirlik\/diagnostik\/diagnostik-eileiterdiagnostik#primaryimage\"},\"image\":{\"@id\":\"https:\/\/kwt.meiio.net\/tr\/uzun-omur\/tuep-bebek-ve-kisirlik\/diagnostik\/diagnostik-eileiterdiagnostik#primaryimage\"},\"thumbnailUrl\":\"https:\/\/kwt.meiio.net\/wp-content\/uploads\/KWT-9828-Diagnose.jpg\",\"datePublished\":\"2010-03-08T10:11:45+00:00\",\"dateModified\":\"2019-01-30T17:39:13+00:00\",\"description\":\"E\u015finizin spermiyogram de\u011ferleri normal ya da normalden biraz farkl\u0131 bir \u00e7\u0131k\u0131yorsa, fallop t\u00fcp\u00fcn\u00fcn a\u00e7\u0131k m\u0131 t\u0131kan\u0131k m\u0131 oldu\u011funu kontrol etmek yerinde bir\",\"breadcrumb\":{\"@id\":\"https:\/\/kwt.meiio.net\/tr\/uzun-omur\/tuep-bebek-ve-kisirlik\/diagnostik\/diagnostik-eileiterdiagnostik#breadcrumb\"},\"inLanguage\":\"tr\",\"potentialAction\":[{\"@type\":\"ReadAction\",\"target\":[\"https:\/\/kwt.meiio.net\/tr\/uzun-omur\/tuep-bebek-ve-kisirlik\/diagnostik\/diagnostik-eileiterdiagnostik\"]}]},{\"@type\":\"ImageObject\",\"inLanguage\":\"tr\",\"@id\":\"https:\/\/kwt.meiio.net\/tr\/uzun-omur\/tuep-bebek-ve-kisirlik\/diagnostik\/diagnostik-eileiterdiagnostik#primaryimage\",\"url\":\"https:\/\/kwt.meiio.net\/wp-content\/uploads\/KWT-9828-Diagnose.jpg\",\"contentUrl\":\"https:\/\/kwt.meiio.net\/wp-content\/uploads\/KWT-9828-Diagnose.jpg\",\"width\":2000,\"height\":670},{\"@type\":\"BreadcrumbList\",\"@id\":\"https:\/\/kwt.meiio.net\/tr\/uzun-omur\/tuep-bebek-ve-kisirlik\/diagnostik\/diagnostik-eileiterdiagnostik#breadcrumb\",\"itemListElement\":[{\"@type\":\"ListItem\",\"position\":1,\"name\":\"Startseite\",\"item\":\"https:\/\/kwt.meiio.net\/tr\"},{\"@type\":\"ListItem\",\"position\":2,\"name\":\"Hizmet alanlar\u0131m\u0131z\",\"item\":\"https:\/\/kwt.meiio.net\/tr\/uzun-omur\"},{\"@type\":\"ListItem\",\"position\":3,\"name\":\"T\u00fcp bebek ve k\u0131s\u0131rl\u0131k\",\"item\":\"https:\/\/kwt.meiio.net\/tr\/uzun-omur\/tuep-bebek-ve-kisirlik\"},{\"@type\":\"ListItem\",\"position\":4,\"name\":\"Te\u015fhis\",\"item\":\"https:\/\/kwt.meiio.net\/tr\/uzun-omur\/tuep-bebek-ve-kisirlik\/diagnostik\"},{\"@type\":\"ListItem\",\"position\":5,\"name\":\"Fallop t\u00fcp\u00fc testi\"}]},{\"@type\":\"WebSite\",\"@id\":\"https:\/\/kwt.meiio.net\/tr#website\",\"url\":\"https:\/\/kwt.meiio.net\/tr\",\"name\":\"Kinderwunschteam Berlin\",\"description\":\"Kinderwunsch- und Endometriose-Zentrum\",\"publisher\":{\"@id\":\"https:\/\/kwt.meiio.net\/tr#organization\"},\"potentialAction\":[{\"@type\":\"SearchAction\",\"target\":{\"@type\":\"EntryPoint\",\"urlTemplate\":\"https:\/\/kwt.meiio.net\/tr?s={search_term_string}\"},\"query-input\":{\"@type\":\"PropertyValueSpecification\",\"valueRequired\":true,\"valueName\":\"search_term_string\"}}],\"inLanguage\":\"tr\"},{\"@type\":\"Organization\",\"@id\":\"https:\/\/kwt.meiio.net\/tr#organization\",\"name\":\"Kinderwunschteam Berlin\",\"url\":\"https:\/\/kwt.meiio.net\/tr\",\"logo\":{\"@type\":\"ImageObject\",\"inLanguage\":\"tr\",\"@id\":\"https:\/\/kwt.meiio.net\/tr#\/schema\/logo\/image\/\",\"url\":\"https:\/\/kwt.meiio.net\/wp-content\/uploads\/Logo-KinderwunschteamBerlin-NavBar@2.png\",\"contentUrl\":\"https:\/\/kwt.meiio.net\/wp-content\/uploads\/Logo-KinderwunschteamBerlin-NavBar@2.png\",\"width\":800,\"height\":200,\"caption\":\"Kinderwunschteam Berlin\"},\"image\":{\"@id\":\"https:\/\/kwt.meiio.net\/tr#\/schema\/logo\/image\/\"},\"sameAs\":[\"https:\/\/www.facebook.com\/kinderwunschteam.berlin\/\",\"https:\/\/www.instagram.com\/kinderwunschteamberlin\/\"]}]}<\/script>\n<!-- \/ Yoast SEO plugin. -->","yoast_head_json":{"title":"Fallop t\u00fcp\u00fc testi &#8226; Kinderwunschteam Berlin","description":"E\u015finizin spermiyogram de\u011ferleri normal ya da normalden biraz farkl\u0131 bir \u00e7\u0131k\u0131yorsa, fallop t\u00fcp\u00fcn\u00fcn a\u00e7\u0131k m\u0131 t\u0131kan\u0131k m\u0131 oldu\u011funu kontrol etmek yerinde bir","robots":{"index":"noindex","follow":"follow","max-snippet":"max-snippet:-1","max-image-preview":"max-image-preview:large","max-video-preview":"max-video-preview:-1"},"og_locale":"tr_TR","og_type":"article","og_title":"Fallop t\u00fcp\u00fc testi &#8226; Kinderwunschteam Berlin","og_description":"E\u015finizin spermiyogram de\u011ferleri normal ya da normalden biraz farkl\u0131 bir \u00e7\u0131k\u0131yorsa, fallop t\u00fcp\u00fcn\u00fcn a\u00e7\u0131k m\u0131 t\u0131kan\u0131k m\u0131 oldu\u011funu kontrol etmek yerinde bir","og_url":"https:\/\/kwt.meiio.net\/tr\/uzun-omur\/tuep-bebek-ve-kisirlik\/diagnostik\/diagnostik-eileiterdiagnostik","og_site_name":"Kinderwunschteam Berlin","article_publisher":"https:\/\/www.facebook.com\/kinderwunschteam.berlin\/","article_modified_time":"2019-01-30T17:39:13+00:00","og_image":[{"width":2000,"height":670,"url":"https:\/\/kwt.meiio.net\/wp-content\/uploads\/KWT-9828-Diagnose.jpg","type":"image\/jpeg"}],"twitter_card":"summary_large_image","schema":{"@context":"https:\/\/schema.org","@graph":[{"@type":"WebPage","@id":"https:\/\/kwt.meiio.net\/tr\/uzun-omur\/tuep-bebek-ve-kisirlik\/diagnostik\/diagnostik-eileiterdiagnostik","url":"https:\/\/kwt.meiio.net\/tr\/uzun-omur\/tuep-bebek-ve-kisirlik\/diagnostik\/diagnostik-eileiterdiagnostik","name":"Fallop t\u00fcp\u00fc testi &#8226; Kinderwunschteam Berlin","isPartOf":{"@id":"https:\/\/kwt.meiio.net\/tr#website"},"primaryImageOfPage":{"@id":"https:\/\/kwt.meiio.net\/tr\/uzun-omur\/tuep-bebek-ve-kisirlik\/diagnostik\/diagnostik-eileiterdiagnostik#primaryimage"},"image":{"@id":"https:\/\/kwt.meiio.net\/tr\/uzun-omur\/tuep-bebek-ve-kisirlik\/diagnostik\/diagnostik-eileiterdiagnostik#primaryimage"},"thumbnailUrl":"https:\/\/kwt.meiio.net\/wp-content\/uploads\/KWT-9828-Diagnose.jpg","datePublished":"2010-03-08T10:11:45+00:00","dateModified":"2019-01-30T17:39:13+00:00","description":"E\u015finizin spermiyogram de\u011ferleri normal ya da normalden biraz farkl\u0131 bir \u00e7\u0131k\u0131yorsa, fallop t\u00fcp\u00fcn\u00fcn a\u00e7\u0131k m\u0131 t\u0131kan\u0131k m\u0131 oldu\u011funu kontrol etmek yerinde bir","breadcrumb":{"@id":"https:\/\/kwt.meiio.net\/tr\/uzun-omur\/tuep-bebek-ve-kisirlik\/diagnostik\/diagnostik-eileiterdiagnostik#breadcrumb"},"inLanguage":"tr","potentialAction":[{"@type":"ReadAction","target":["https:\/\/kwt.meiio.net\/tr\/uzun-omur\/tuep-bebek-ve-kisirlik\/diagnostik\/diagnostik-eileiterdiagnostik"]}]},{"@type":"ImageObject","inLanguage":"tr","@id":"https:\/\/kwt.meiio.net\/tr\/uzun-omur\/tuep-bebek-ve-kisirlik\/diagnostik\/diagnostik-eileiterdiagnostik#primaryimage","url":"https:\/\/kwt.meiio.net\/wp-content\/uploads\/KWT-9828-Diagnose.jpg","contentUrl":"https:\/\/kwt.meiio.net\/wp-content\/uploads\/KWT-9828-Diagnose.jpg","width":2000,"height":670},{"@type":"BreadcrumbList","@id":"https:\/\/kwt.meiio.net\/tr\/uzun-omur\/tuep-bebek-ve-kisirlik\/diagnostik\/diagnostik-eileiterdiagnostik#breadcrumb","itemListElement":[{"@type":"ListItem","position":1,"name":"Startseite","item":"https:\/\/kwt.meiio.net\/tr"},{"@type":"ListItem","position":2,"name":"Hizmet alanlar\u0131m\u0131z","item":"https:\/\/kwt.meiio.net\/tr\/uzun-omur"},{"@type":"ListItem","position":3,"name":"T\u00fcp bebek ve k\u0131s\u0131rl\u0131k","item":"https:\/\/kwt.meiio.net\/tr\/uzun-omur\/tuep-bebek-ve-kisirlik"},{"@type":"ListItem","position":4,"name":"Te\u015fhis","item":"https:\/\/kwt.meiio.net\/tr\/uzun-omur\/tuep-bebek-ve-kisirlik\/diagnostik"},{"@type":"ListItem","position":5,"name":"Fallop t\u00fcp\u00fc testi"}]},{"@type":"WebSite","@id":"https:\/\/kwt.meiio.net\/tr#website","url":"https:\/\/kwt.meiio.net\/tr","name":"Kinderwunschteam Berlin","description":"Kinderwunsch- und Endometriose-Zentrum","publisher":{"@id":"https:\/\/kwt.meiio.net\/tr#organization"},"potentialAction":[{"@type":"SearchAction","target":{"@type":"EntryPoint","urlTemplate":"https:\/\/kwt.meiio.net\/tr?s={search_term_string}"},"query-input":{"@type":"PropertyValueSpecification","valueRequired":true,"valueName":"search_term_string"}}],"inLanguage":"tr"},{"@type":"Organization","@id":"https:\/\/kwt.meiio.net\/tr#organization","name":"Kinderwunschteam Berlin","url":"https:\/\/kwt.meiio.net\/tr","logo":{"@type":"ImageObject","inLanguage":"tr","@id":"https:\/\/kwt.meiio.net\/tr#\/schema\/logo\/image\/","url":"https:\/\/kwt.meiio.net\/wp-content\/uploads\/Logo-KinderwunschteamBerlin-NavBar@2.png","contentUrl":"https:\/\/kwt.meiio.net\/wp-content\/uploads\/Logo-KinderwunschteamBerlin-NavBar@2.png","width":800,"height":200,"caption":"Kinderwunschteam Berlin"},"image":{"@id":"https:\/\/kwt.meiio.net\/tr#\/schema\/logo\/image\/"},"sameAs":["https:\/\/www.facebook.com\/kinderwunschteam.berlin\/","https:\/\/www.instagram.com\/kinderwunschteamberlin\/"]}]}},"_links":{"self":[{"href":"https:\/\/kwt.meiio.net\/tr\/wp-json\/wp\/v2\/pages\/7659","targetHints":{"allow":["GET"]}}],"collection":[{"href":"https:\/\/kwt.meiio.net\/tr\/wp-json\/wp\/v2\/pages"}],"about":[{"href":"https:\/\/kwt.meiio.net\/tr\/wp-json\/wp\/v2\/types\/page"}],"author":[{"embeddable":true,"href":"https:\/\/kwt.meiio.net\/tr\/wp-json\/wp\/v2\/users\/2"}],"replies":[{"embeddable":true,"href":"https:\/\/kwt.meiio.net\/tr\/wp-json\/wp\/v2\/comments?post=7659"}],"version-history":[{"count":0,"href":"https:\/\/kwt.meiio.net\/tr\/wp-json\/wp\/v2\/pages\/7659\/revisions"}],"up":[{"embeddable":true,"href":"https:\/\/kwt.meiio.net\/tr\/wp-json\/wp\/v2\/pages\/7642"}],"wp:featuredmedia":[{"embeddable":true,"href":"https:\/\/kwt.meiio.net\/tr\/wp-json\/wp\/v2\/media\/7662"}],"wp:attachment":[{"href":"https:\/\/kwt.meiio.net\/tr\/wp-json\/wp\/v2\/media?parent=7659"}],"curies":[{"name":"wp","href":"https:\/\/api.w.org\/{rel}","templated":true}]}}