{"id":7652,"date":"2010-03-08T11:09:59","date_gmt":"2010-03-08T10:09:59","guid":{"rendered":"https:\/\/www.kinderwunschteam.berlin\/?page_id=7652"},"modified":"2020-09-01T09:47:58","modified_gmt":"2020-09-01T07:47:58","slug":"spermiendiagnostik","status":"publish","type":"page","link":"https:\/\/kwt.meiio.net\/tr\/uzun-omur\/tuep-bebek-ve-kisirlik\/diagnostik\/spermiendiagnostik","title":{"rendered":"Sperm testi"},"content":{"rendered":"<h2>Sperm testine dair genel bilgiler<\/h2>\n<p>\u0130kincil cinsel \u00f6zelliklerin (\u00f6rn. v\u00fccut yap\u0131s\u0131, k\u0131llanma) ve testislerin elle muayenesi gibi basit muayeneler bile muayeneyi yapan doktora k\u0131s\u0131rl\u0131k sebepleri hakk\u0131nda bir tahmin y\u00fcr\u00fctme imkan\u0131 verir. En \u00f6nemli test ise spermlerin ara\u015ft\u0131r\u0131ld\u0131\u011f\u0131 spermiyogramd\u0131r ve \u015fayet gerekiyorsa SFI testidir (sperm fragmantasyon endeksi).<\/p>\n<h2>Spermiyogram<\/h2>\n<p>Meni kalitesi testi, sperm konsantrasyonu, sperm hareketlili\u011fi ve sperm morfolojisinin (normal \u015fekilli spermlerin % cinsinden tespiti) belirlenmesini kapsamaktad\u0131r.<\/p>\n<h2>HALO testi, SCSA testi<\/h2>\n<p>Sperm ucundaki kal\u0131t\u0131m materyalindeki\/genomdaki molek\u00fcllerin par\u00e7alan\u0131p par\u00e7alanmad\u0131\u011f\u0131 ile ilgili bilgi elde etmek i\u00e7in yap\u0131lan d\u00fczenli testler ek bilgi vermektedir.<\/p>\n<h2>Spermiyogram<\/h2>\n<p>Erke\u011fin k\u0131s\u0131r olup olmad\u0131\u011f\u0131n\u0131 saptamak i\u00e7in sperm analizi (spermiyogram) yap\u0131l\u0131r. Bu analiz, ile ejak\u00fclat\u0131n (sperm s\u0131v\u0131s\u0131) \u00e7e\u015fitli parametrelerine bak\u0131l\u0131r. En \u00f6nemlileri \u015funlard\u0131r<\/p>\n<ul>\n<li>Miktar,<\/li>\n<li>pH de\u011feri,<\/li>\n<li>Sperm konsantrasyonu (milyon sperm\/ml cinsinden saptan\u0131r),<\/li>\n<li>Morfoloji (normal \u015fekilli spermlerin y\u00fczdesi, % cinsinden saptan\u0131r)<\/li>\n<li>ve motilite (hareketlilik, % cinsinden saptan\u0131r)<\/li>\n<\/ul>\n<h3><strong>D\u00fcnya Sa\u011fl\u0131k \u00d6rg\u00fct\u00fc verilerine g\u00f6re normal de\u011ferler (WHO-Kriterleri):<\/strong><\/h3>\n<p><strong>Hacim<\/strong>\u00a02,0 ml veya daha fazla<\/p>\n<p><strong>pH\u00a0<\/strong>7,2-8,0<\/p>\n<p><strong>Sperm konsantrasyonu<\/strong>\u00a0&gt;=20 milyon\/ml<\/p>\n<p><strong>Toplam sperm say\u0131s\u0131<\/strong>\u00a0&gt;= bo\u015falma ba\u015f\u0131na 40 milyon<\/p>\n<p><strong>Motilite (Hareketlilik)\u00a0<\/strong>&gt;= \u00d6ne do\u011fru hareketlilik % 50 veya &gt;= h\u0131zl\u0131 yatay hareketlilik % 25<\/p>\n<p><strong>Morfoloji\u00a0<\/strong>&gt;= normal \u015fekilli olanlar\u0131 % 30<\/p>\n<h3>Ek de\u011ferlendirmeler:<\/h3>\n<p><strong>L\u00f6kositler\u00a0<\/strong>&lt; 1 milyon\/ml<\/p>\n<p><strong>MAR testi\u00a0<\/strong>&lt; % 10 adheran par\u00e7ac\u0131kl\u0131 spermler<\/p>\n<p><strong>Spermin s\u0131v\u0131la\u015fma s\u00fcresi<\/strong>\u00a030 dakika, en fazla 1 saat<\/p>\n<p><strong>Koku<\/strong>\u00a0Kestane \u00e7i\u00e7e\u011fi kokulu<\/p>\n<h3>Gerekirse di\u011fer tetkikler:<\/h3>\n<p><strong>Ya\u015fayan spermlerin y\u00fczdesi<\/strong>\u00a0% 75 veya \u00fcst\u00fcndedir, bunlar eozin testinde boyanmam\u0131\u015f vital h\u00fccrelerdir.<\/p>\n<p>Not:<\/p>\n<p>Morfoloji genelde \u201eKrueger-strict criteria\u201c veya \u201cstrict criteria\u201d dedi\u011fimiz kriterlere g\u00f6re de\u011ferlendirilir. Bu kriterlere g\u00f6re, sperm analiz sonu\u00e7lar\u0131n\u0131n normal \u00e7\u0131kabilmesi i\u00e7in k\u00f6t\u00fc \u015fekilli spermlerin y\u00fczdesi % 85\u2019den d\u00fc\u015f\u00fck olmal\u0131d\u0131r.<\/p>\n<p>Spermiyogram sonu\u00e7lar\u0131 baz\u0131 durumlarda farkl\u0131l\u0131klar g\u00f6sterebilir. Bu y\u00fczden testler aras\u0131nda en az 2 ay olmas\u0131 gerekmektedir (3 ay olmas\u0131 daha iyidir.). Testislerin yeni sperm \u00fcretmesi i\u00e7in yakla\u015f\u0131k olarak bu kadar zamana ihtiyac\u0131 vard\u0131r. Test \u00f6ncesi, cinsel perhiz s\u00fcresi 3 g\u00fcnden k\u0131sa veya 5 g\u00fcnden fazla olmamal\u0131d\u0131r.<\/p>\n<p>Sperm kalitesinin mikroskopla yap\u0131lm\u0131\u015f farkl\u0131 analizlerinden ne yaz\u0131k ki her zaman erkekteki do\u011furganl\u0131k hakk\u0131nda kesin bir de\u011ferlendirme yapmak m\u00fcmk\u00fcn olmaz.<\/p>\n<figure id=\"attachment_7448\" aria-describedby=\"caption-attachment-7448\" style=\"width: 800px\" class=\"wp-caption alignnone\"><img decoding=\"async\" class=\"size-full wp-image-7448\" src=\"https:\/\/kwt.meiio.net\/wp-content\/uploads\/bsb-179.jpg\" alt=\"De\u011ferlendirme \u00f6ncesi sperm\" width=\"800\" height=\"532\" srcset=\"https:\/\/kwt.meiio.net\/wp-content\/uploads\/bsb-179.jpg 800w, https:\/\/kwt.meiio.net\/wp-content\/uploads\/bsb-179-300x200.jpg 300w, https:\/\/kwt.meiio.net\/wp-content\/uploads\/bsb-179-768x511.jpg 768w\" sizes=\"(max-width: 800px) 100vw, 800px\" \/><figcaption id=\"caption-attachment-7448\" class=\"wp-caption-text\">De\u011ferlendirme \u00f6ncesi sperm<\/figcaption><\/figure>\n<figure id=\"attachment_7446\" aria-describedby=\"caption-attachment-7446\" style=\"width: 800px\" class=\"wp-caption alignnone\"><img decoding=\"async\" class=\"size-full wp-image-7446\" src=\"https:\/\/kwt.meiio.net\/wp-content\/uploads\/med-468-dp_111.jpg\" alt=\"Spermler, Makler sperm sayma kamaras\u0131na koyulur.\" width=\"800\" height=\"532\" srcset=\"https:\/\/kwt.meiio.net\/wp-content\/uploads\/med-468-dp_111.jpg 800w, https:\/\/kwt.meiio.net\/wp-content\/uploads\/med-468-dp_111-300x200.jpg 300w, https:\/\/kwt.meiio.net\/wp-content\/uploads\/med-468-dp_111-768x511.jpg 768w\" sizes=\"(max-width: 800px) 100vw, 800px\" \/><figcaption id=\"caption-attachment-7446\" class=\"wp-caption-text\">Spermler, Makler sperm sayma kamaras\u0131na koyulur.<\/figcaption><\/figure>\n<figure id=\"attachment_7447\" aria-describedby=\"caption-attachment-7447\" style=\"width: 800px\" class=\"wp-caption alignnone\"><img decoding=\"async\" class=\"size-full wp-image-7447\" src=\"https:\/\/kwt.meiio.net\/wp-content\/uploads\/bsb-141.jpg\" alt=\"''Makler'' sperm sayma kamaras\u0131ndaki spermler\" width=\"800\" height=\"532\" srcset=\"https:\/\/kwt.meiio.net\/wp-content\/uploads\/bsb-141.jpg 800w, https:\/\/kwt.meiio.net\/wp-content\/uploads\/bsb-141-300x200.jpg 300w, https:\/\/kwt.meiio.net\/wp-content\/uploads\/bsb-141-768x511.jpg 768w\" sizes=\"(max-width: 800px) 100vw, 800px\" \/><figcaption id=\"caption-attachment-7447\" class=\"wp-caption-text\">&#8221;Makler&#8221; sperm sayma kamaras\u0131ndaki spermler<\/figcaption><\/figure>\n<h2>SCSA testi, HALO testi<\/h2>\n<p>Spermiyogram en kolay tetkiklerden biridir; ama her bilgiyi bundan alamay\u0131z.<\/p>\n<p>Uluslararas\u0131 makaleler, genetik materyalinde kopuk kromozomlar\u0131 bulunan sperm say\u0131lar\u0131n\u0131n, d\u00f6llenme ve d\u00fc\u015f\u00fck yapma olas\u0131l\u0131\u011f\u0131 \u00fczerinde etkileri oldu\u011funu yazmaktad\u0131r. Fragmantasyon indeksi (FI) ad\u0131 verilen de\u011ferlendirme, normal bir spermiyogram (sperm kalitesinin mikroskopla incelemesi) ile yap\u0131lamaz.<\/p>\n<p>HALO veya SCSA testi (sperm kromatik yap\u0131 testi) fragmantasyon indeksini kavramaya olanak tan\u0131r. Sperm fragmantasyon indeksi di\u011fer de\u011ferlendirmelerle birlikte yap\u0131ld\u0131\u011f\u0131nda, \u00e7ocuk sahibi olmak isteyenlere, daha ba\u015ftan do\u011fru bir tedavi y\u00f6ntemi se\u00e7ilmesine yard\u0131mc\u0131 olur. Bu sayede aylarca s\u00fcrecek ba\u015far\u0131s\u0131z bir tedavi uygulanmas\u0131n\u0131n \u00f6n\u00fcne ge\u00e7ilmi\u015f olur. Nedenlerden biri spermlerin genetik materyalinde olan kopukluklard\u0131r\/par\u00e7alanmalard\u0131r. G\u00fcn ge\u00e7tik\u00e7e, her g\u00fcn daha az kad\u0131n do\u011fal yolla hamile kalabiliyor.<\/p>\n<p>Spermiyogram sonu\u00e7lar\u0131 normal \u00e7\u0131kan erkeklerin % 25\u2019inde sperm h\u00fccrelerinin \u00e7ok b\u00fcy\u00fck bir b\u00f6l\u00fcm\u00fcnde fragmantasyon g\u00f6r\u00fclmektedir. Bu durumlarda, spermlerin rahme transferi (inseminasyon) veya t\u00fcp bebek (IVF\/ICSI) gibi tedaviler tavsiye edilir. Normal spermiyogram ile genetik materyaldeki kopukluklar\u0131n tespiti m\u00fcmk\u00fcn olmad\u0131\u011f\u0131 i\u00e7in, SCSA testi veya HALO testi dedi\u011fimiz ek bir inceleme gerekmektedir. Biz HALO testini uygulamaktay\u0131z. \u00c7\u00fcnk\u00fc, bu test, SCSA testi ile kar\u015f\u0131la\u015ft\u0131r\u0131ld\u0131\u011f\u0131nda daha kolay ve ucuz bir testtir.<\/p>\n<p>HALO testi, ki\u015fiye \u00f6zel bir tedavi plan\u0131n\u0131n haz\u0131rlanabilmesine olanak sa\u011flamaktad\u0131r. Bu da bizi, hem zamandan hem de masraftan kurtar\u0131r.<\/p>\n<p>HALO testinin fiyat\u0131 180,00 avrodur. Bug\u00fcne kadar, devlet sigortalar\u0131ndan ve \u00f6zel sigortalardan bu testin masraflar\u0131n\u0131 \u00fcstlenme konusunda ad\u0131m at\u0131lmam\u0131\u015ft\u0131r.<\/p>\n<p>DNA fragmentasyon indeksi (DFI) \u00e7e\u015fitli tedavi y\u00f6ntemlerinin ba\u015far\u0131 ihtimali hakk\u0131nda bilgi verir. Bu test ile sadece spermler de\u011ferlendirilir:<\/p>\n<p><strong>DFI % 0-15:<\/strong>Normal yoldan gebelik m\u00fcmk\u00fcnd\u00fcr.<\/p>\n<p><strong>DFI % 15-25:<\/strong>Normal yoldan gebelik m\u00fcmk\u00fcn. Ama, bunun olmas\u0131 yine de uzun zaman alabilir. Uzun s\u00fcredir \u00e7ocuk isteyen hastalarda en az\u0131ndan bir inseminasyon tedavisi (sperm transferi) yap\u0131lmas\u0131 d\u00fc\u015f\u00fcn\u00fclmelidir. Kad\u0131nda ba\u015fka bozukluklar tespit edildi\u011finde ve ileri ya\u015flarda IVF (in-vitro fertilizasyon) yap\u0131lmas\u0131 \u00f6nerilir.<\/p>\n<p><strong>DFI &gt; % 30:<\/strong>\u00a0Ne normal yoldan ne de inseminasyon yard\u0131m\u0131 ile gebelik m\u00fcmk\u00fcn de\u011fil. IVF (in vitro fertilizasyon, t\u00fcp bebek) y\u00f6ntemi ile gebe kalma \u015fans\u0131 y\u00fckselebilir.<\/p>\n<p><strong>DFI &gt; % 50:<\/strong>\u00a0IVF ile gebelik m\u00fcmk\u00fcn de\u011fil. Mikroenjeksiyon y\u00f6ntemi (ICSI) bu \u015fans\u0131 artt\u0131r\u0131r.<\/p>\n<p><strong>DFI &gt; % 60:<\/strong>\u00a0Gebe kalma \u015fans\u0131 \u00e7ok az. Tek olas\u0131l\u0131k, ICSI yapt\u0131rmak veya don\u00f6r spermlerini kullanmak.<\/p>\n<p>Buradaki bilgiler, \u00e7e\u015fitli \u00e7al\u0131\u015fma gruplar\u0131n\u0131n son y\u0131llarda yapt\u0131klar\u0131 ara\u015ft\u0131rma sonu\u00e7lar\u0131d\u0131r ve sadece tavsiye niteli\u011findedirler.<\/p>\n","protected":false},"excerpt":{"rendered":"<p>Sperm testine dair genel bilgiler \u0130kincil cinsel \u00f6zelliklerin (\u00f6rn. v\u00fccut yap\u0131s\u0131, k\u0131llanma) ve testislerin elle muayenesi gibi basit muayeneler bile [&hellip;]<\/p>\n","protected":false},"author":6,"featured_media":7654,"parent":7642,"menu_order":1,"comment_status":"closed","ping_status":"closed","template":"page-siblingnavi.php","meta":{"footnotes":""},"class_list":["post-7652","page","type-page","status-publish","has-post-thumbnail","hentry"],"yoast_head":"<!-- This site is optimized with the Yoast SEO plugin v25.6 - https:\/\/yoast.com\/wordpress\/plugins\/seo\/ -->\n<title>Sperm testi &#8226; Kinderwunschteam Berlin<\/title>\n<meta name=\"description\" content=\"Sperm testine dair genel bilgiler \u0130kincil cinsel \u00f6zelliklerin (\u00f6rn. v\u00fccut yap\u0131s\u0131, k\u0131llanma) ve testislerin elle muayenesi gibi basit muayeneler bile\" \/>\n<meta name=\"robots\" content=\"noindex, follow, max-snippet:-1, max-image-preview:large, max-video-preview:-1\" \/>\n<meta property=\"og:locale\" content=\"tr_TR\" \/>\n<meta property=\"og:type\" content=\"article\" \/>\n<meta property=\"og:title\" content=\"Sperm testi &#8226; Kinderwunschteam Berlin\" \/>\n<meta property=\"og:description\" content=\"Sperm testine dair genel bilgiler \u0130kincil cinsel \u00f6zelliklerin (\u00f6rn. v\u00fccut yap\u0131s\u0131, k\u0131llanma) ve testislerin elle muayenesi gibi basit muayeneler bile\" \/>\n<meta property=\"og:url\" content=\"https:\/\/kwt.meiio.net\/tr\/uzun-omur\/tuep-bebek-ve-kisirlik\/diagnostik\/spermiendiagnostik\" \/>\n<meta property=\"og:site_name\" content=\"Kinderwunschteam Berlin\" \/>\n<meta property=\"article:publisher\" content=\"https:\/\/www.facebook.com\/kinderwunschteam.berlin\/\" \/>\n<meta property=\"article:modified_time\" content=\"2020-09-01T07:47:58+00:00\" \/>\n<meta property=\"og:image\" content=\"https:\/\/kwt.meiio.net\/wp-content\/uploads\/KWT-8075-Zentrifuge.jpg\" \/>\n\t<meta property=\"og:image:width\" content=\"2000\" \/>\n\t<meta property=\"og:image:height\" content=\"670\" \/>\n\t<meta property=\"og:image:type\" content=\"image\/jpeg\" \/>\n<meta name=\"twitter:card\" content=\"summary_large_image\" \/>\n<script type=\"application\/ld+json\" class=\"yoast-schema-graph\">{\"@context\":\"https:\/\/schema.org\",\"@graph\":[{\"@type\":\"WebPage\",\"@id\":\"https:\/\/kwt.meiio.net\/tr\/uzun-omur\/tuep-bebek-ve-kisirlik\/diagnostik\/spermiendiagnostik\",\"url\":\"https:\/\/kwt.meiio.net\/tr\/uzun-omur\/tuep-bebek-ve-kisirlik\/diagnostik\/spermiendiagnostik\",\"name\":\"Sperm testi &#8226; Kinderwunschteam Berlin\",\"isPartOf\":{\"@id\":\"https:\/\/kwt.meiio.net\/tr#website\"},\"primaryImageOfPage\":{\"@id\":\"https:\/\/kwt.meiio.net\/tr\/uzun-omur\/tuep-bebek-ve-kisirlik\/diagnostik\/spermiendiagnostik#primaryimage\"},\"image\":{\"@id\":\"https:\/\/kwt.meiio.net\/tr\/uzun-omur\/tuep-bebek-ve-kisirlik\/diagnostik\/spermiendiagnostik#primaryimage\"},\"thumbnailUrl\":\"https:\/\/kwt.meiio.net\/wp-content\/uploads\/KWT-8075-Zentrifuge.jpg\",\"datePublished\":\"2010-03-08T10:09:59+00:00\",\"dateModified\":\"2020-09-01T07:47:58+00:00\",\"description\":\"Sperm testine dair genel bilgiler \u0130kincil cinsel \u00f6zelliklerin (\u00f6rn. v\u00fccut yap\u0131s\u0131, k\u0131llanma) ve testislerin elle muayenesi gibi basit muayeneler bile\",\"breadcrumb\":{\"@id\":\"https:\/\/kwt.meiio.net\/tr\/uzun-omur\/tuep-bebek-ve-kisirlik\/diagnostik\/spermiendiagnostik#breadcrumb\"},\"inLanguage\":\"tr\",\"potentialAction\":[{\"@type\":\"ReadAction\",\"target\":[\"https:\/\/kwt.meiio.net\/tr\/uzun-omur\/tuep-bebek-ve-kisirlik\/diagnostik\/spermiendiagnostik\"]}]},{\"@type\":\"ImageObject\",\"inLanguage\":\"tr\",\"@id\":\"https:\/\/kwt.meiio.net\/tr\/uzun-omur\/tuep-bebek-ve-kisirlik\/diagnostik\/spermiendiagnostik#primaryimage\",\"url\":\"https:\/\/kwt.meiio.net\/wp-content\/uploads\/KWT-8075-Zentrifuge.jpg\",\"contentUrl\":\"https:\/\/kwt.meiio.net\/wp-content\/uploads\/KWT-8075-Zentrifuge.jpg\",\"width\":2000,\"height\":670},{\"@type\":\"BreadcrumbList\",\"@id\":\"https:\/\/kwt.meiio.net\/tr\/uzun-omur\/tuep-bebek-ve-kisirlik\/diagnostik\/spermiendiagnostik#breadcrumb\",\"itemListElement\":[{\"@type\":\"ListItem\",\"position\":1,\"name\":\"Startseite\",\"item\":\"https:\/\/kwt.meiio.net\/tr\"},{\"@type\":\"ListItem\",\"position\":2,\"name\":\"Hizmet alanlar\u0131m\u0131z\",\"item\":\"https:\/\/kwt.meiio.net\/tr\/uzun-omur\"},{\"@type\":\"ListItem\",\"position\":3,\"name\":\"T\u00fcp bebek ve k\u0131s\u0131rl\u0131k\",\"item\":\"https:\/\/kwt.meiio.net\/tr\/uzun-omur\/tuep-bebek-ve-kisirlik\"},{\"@type\":\"ListItem\",\"position\":4,\"name\":\"Te\u015fhis\",\"item\":\"https:\/\/kwt.meiio.net\/tr\/uzun-omur\/tuep-bebek-ve-kisirlik\/diagnostik\"},{\"@type\":\"ListItem\",\"position\":5,\"name\":\"Sperm testi\"}]},{\"@type\":\"WebSite\",\"@id\":\"https:\/\/kwt.meiio.net\/tr#website\",\"url\":\"https:\/\/kwt.meiio.net\/tr\",\"name\":\"Kinderwunschteam Berlin\",\"description\":\"Kinderwunsch- und Endometriose-Zentrum\",\"publisher\":{\"@id\":\"https:\/\/kwt.meiio.net\/tr#organization\"},\"potentialAction\":[{\"@type\":\"SearchAction\",\"target\":{\"@type\":\"EntryPoint\",\"urlTemplate\":\"https:\/\/kwt.meiio.net\/tr?s={search_term_string}\"},\"query-input\":{\"@type\":\"PropertyValueSpecification\",\"valueRequired\":true,\"valueName\":\"search_term_string\"}}],\"inLanguage\":\"tr\"},{\"@type\":\"Organization\",\"@id\":\"https:\/\/kwt.meiio.net\/tr#organization\",\"name\":\"Kinderwunschteam Berlin\",\"url\":\"https:\/\/kwt.meiio.net\/tr\",\"logo\":{\"@type\":\"ImageObject\",\"inLanguage\":\"tr\",\"@id\":\"https:\/\/kwt.meiio.net\/tr#\/schema\/logo\/image\/\",\"url\":\"https:\/\/kwt.meiio.net\/wp-content\/uploads\/Logo-KinderwunschteamBerlin-NavBar@2.png\",\"contentUrl\":\"https:\/\/kwt.meiio.net\/wp-content\/uploads\/Logo-KinderwunschteamBerlin-NavBar@2.png\",\"width\":800,\"height\":200,\"caption\":\"Kinderwunschteam Berlin\"},\"image\":{\"@id\":\"https:\/\/kwt.meiio.net\/tr#\/schema\/logo\/image\/\"},\"sameAs\":[\"https:\/\/www.facebook.com\/kinderwunschteam.berlin\/\",\"https:\/\/www.instagram.com\/kinderwunschteamberlin\/\"]}]}<\/script>\n<!-- \/ Yoast SEO plugin. -->","yoast_head_json":{"title":"Sperm testi &#8226; Kinderwunschteam Berlin","description":"Sperm testine dair genel bilgiler \u0130kincil cinsel \u00f6zelliklerin (\u00f6rn. v\u00fccut yap\u0131s\u0131, k\u0131llanma) ve testislerin elle muayenesi gibi basit muayeneler bile","robots":{"index":"noindex","follow":"follow","max-snippet":"max-snippet:-1","max-image-preview":"max-image-preview:large","max-video-preview":"max-video-preview:-1"},"og_locale":"tr_TR","og_type":"article","og_title":"Sperm testi &#8226; Kinderwunschteam Berlin","og_description":"Sperm testine dair genel bilgiler \u0130kincil cinsel \u00f6zelliklerin (\u00f6rn. v\u00fccut yap\u0131s\u0131, k\u0131llanma) ve testislerin elle muayenesi gibi basit muayeneler bile","og_url":"https:\/\/kwt.meiio.net\/tr\/uzun-omur\/tuep-bebek-ve-kisirlik\/diagnostik\/spermiendiagnostik","og_site_name":"Kinderwunschteam Berlin","article_publisher":"https:\/\/www.facebook.com\/kinderwunschteam.berlin\/","article_modified_time":"2020-09-01T07:47:58+00:00","og_image":[{"width":2000,"height":670,"url":"https:\/\/kwt.meiio.net\/wp-content\/uploads\/KWT-8075-Zentrifuge.jpg","type":"image\/jpeg"}],"twitter_card":"summary_large_image","schema":{"@context":"https:\/\/schema.org","@graph":[{"@type":"WebPage","@id":"https:\/\/kwt.meiio.net\/tr\/uzun-omur\/tuep-bebek-ve-kisirlik\/diagnostik\/spermiendiagnostik","url":"https:\/\/kwt.meiio.net\/tr\/uzun-omur\/tuep-bebek-ve-kisirlik\/diagnostik\/spermiendiagnostik","name":"Sperm testi &#8226; Kinderwunschteam Berlin","isPartOf":{"@id":"https:\/\/kwt.meiio.net\/tr#website"},"primaryImageOfPage":{"@id":"https:\/\/kwt.meiio.net\/tr\/uzun-omur\/tuep-bebek-ve-kisirlik\/diagnostik\/spermiendiagnostik#primaryimage"},"image":{"@id":"https:\/\/kwt.meiio.net\/tr\/uzun-omur\/tuep-bebek-ve-kisirlik\/diagnostik\/spermiendiagnostik#primaryimage"},"thumbnailUrl":"https:\/\/kwt.meiio.net\/wp-content\/uploads\/KWT-8075-Zentrifuge.jpg","datePublished":"2010-03-08T10:09:59+00:00","dateModified":"2020-09-01T07:47:58+00:00","description":"Sperm testine dair genel bilgiler \u0130kincil cinsel \u00f6zelliklerin (\u00f6rn. v\u00fccut yap\u0131s\u0131, k\u0131llanma) ve testislerin elle muayenesi gibi basit muayeneler bile","breadcrumb":{"@id":"https:\/\/kwt.meiio.net\/tr\/uzun-omur\/tuep-bebek-ve-kisirlik\/diagnostik\/spermiendiagnostik#breadcrumb"},"inLanguage":"tr","potentialAction":[{"@type":"ReadAction","target":["https:\/\/kwt.meiio.net\/tr\/uzun-omur\/tuep-bebek-ve-kisirlik\/diagnostik\/spermiendiagnostik"]}]},{"@type":"ImageObject","inLanguage":"tr","@id":"https:\/\/kwt.meiio.net\/tr\/uzun-omur\/tuep-bebek-ve-kisirlik\/diagnostik\/spermiendiagnostik#primaryimage","url":"https:\/\/kwt.meiio.net\/wp-content\/uploads\/KWT-8075-Zentrifuge.jpg","contentUrl":"https:\/\/kwt.meiio.net\/wp-content\/uploads\/KWT-8075-Zentrifuge.jpg","width":2000,"height":670},{"@type":"BreadcrumbList","@id":"https:\/\/kwt.meiio.net\/tr\/uzun-omur\/tuep-bebek-ve-kisirlik\/diagnostik\/spermiendiagnostik#breadcrumb","itemListElement":[{"@type":"ListItem","position":1,"name":"Startseite","item":"https:\/\/kwt.meiio.net\/tr"},{"@type":"ListItem","position":2,"name":"Hizmet alanlar\u0131m\u0131z","item":"https:\/\/kwt.meiio.net\/tr\/uzun-omur"},{"@type":"ListItem","position":3,"name":"T\u00fcp bebek ve k\u0131s\u0131rl\u0131k","item":"https:\/\/kwt.meiio.net\/tr\/uzun-omur\/tuep-bebek-ve-kisirlik"},{"@type":"ListItem","position":4,"name":"Te\u015fhis","item":"https:\/\/kwt.meiio.net\/tr\/uzun-omur\/tuep-bebek-ve-kisirlik\/diagnostik"},{"@type":"ListItem","position":5,"name":"Sperm testi"}]},{"@type":"WebSite","@id":"https:\/\/kwt.meiio.net\/tr#website","url":"https:\/\/kwt.meiio.net\/tr","name":"Kinderwunschteam Berlin","description":"Kinderwunsch- und Endometriose-Zentrum","publisher":{"@id":"https:\/\/kwt.meiio.net\/tr#organization"},"potentialAction":[{"@type":"SearchAction","target":{"@type":"EntryPoint","urlTemplate":"https:\/\/kwt.meiio.net\/tr?s={search_term_string}"},"query-input":{"@type":"PropertyValueSpecification","valueRequired":true,"valueName":"search_term_string"}}],"inLanguage":"tr"},{"@type":"Organization","@id":"https:\/\/kwt.meiio.net\/tr#organization","name":"Kinderwunschteam Berlin","url":"https:\/\/kwt.meiio.net\/tr","logo":{"@type":"ImageObject","inLanguage":"tr","@id":"https:\/\/kwt.meiio.net\/tr#\/schema\/logo\/image\/","url":"https:\/\/kwt.meiio.net\/wp-content\/uploads\/Logo-KinderwunschteamBerlin-NavBar@2.png","contentUrl":"https:\/\/kwt.meiio.net\/wp-content\/uploads\/Logo-KinderwunschteamBerlin-NavBar@2.png","width":800,"height":200,"caption":"Kinderwunschteam Berlin"},"image":{"@id":"https:\/\/kwt.meiio.net\/tr#\/schema\/logo\/image\/"},"sameAs":["https:\/\/www.facebook.com\/kinderwunschteam.berlin\/","https:\/\/www.instagram.com\/kinderwunschteamberlin\/"]}]}},"_links":{"self":[{"href":"https:\/\/kwt.meiio.net\/tr\/wp-json\/wp\/v2\/pages\/7652","targetHints":{"allow":["GET"]}}],"collection":[{"href":"https:\/\/kwt.meiio.net\/tr\/wp-json\/wp\/v2\/pages"}],"about":[{"href":"https:\/\/kwt.meiio.net\/tr\/wp-json\/wp\/v2\/types\/page"}],"author":[{"embeddable":true,"href":"https:\/\/kwt.meiio.net\/tr\/wp-json\/wp\/v2\/users\/6"}],"replies":[{"embeddable":true,"href":"https:\/\/kwt.meiio.net\/tr\/wp-json\/wp\/v2\/comments?post=7652"}],"version-history":[{"count":0,"href":"https:\/\/kwt.meiio.net\/tr\/wp-json\/wp\/v2\/pages\/7652\/revisions"}],"up":[{"embeddable":true,"href":"https:\/\/kwt.meiio.net\/tr\/wp-json\/wp\/v2\/pages\/7642"}],"wp:featuredmedia":[{"embeddable":true,"href":"https:\/\/kwt.meiio.net\/tr\/wp-json\/wp\/v2\/media\/7654"}],"wp:attachment":[{"href":"https:\/\/kwt.meiio.net\/tr\/wp-json\/wp\/v2\/media?parent=7652"}],"curies":[{"name":"wp","href":"https:\/\/api.w.org\/{rel}","templated":true}]}}