{"id":7647,"date":"2010-03-08T11:02:31","date_gmt":"2010-03-08T10:02:31","guid":{"rendered":"https:\/\/www.kinderwunschteam.berlin\/?page_id=7647"},"modified":"2019-01-30T18:28:36","modified_gmt":"2019-01-30T17:28:36","slug":"diagnostik-hormondiagnostik","status":"publish","type":"page","link":"https:\/\/kwt.meiio.net\/tr\/uzun-omur\/tuep-bebek-ve-kisirlik\/diagnostik\/diagnostik-hormondiagnostik","title":{"rendered":"Hormon testi"},"content":{"rendered":"<p>Temel te\u015fhis i\u00e7in her zaman hastan\u0131n hormon profilinin her zaman ayr\u0131nt\u0131l\u0131 ve anlaml\u0131 bir incelemesinin yap\u0131lmas\u0131 gerekmektedir. Adet g\u00fcn\u00fc, ya\u015f vs. bu anlamda \u00f6nemsenmesi gereken bulgulard\u0131r. \u015eu durumlarda hormon testinin yap\u0131lmas\u0131 gerekir:<\/p>\n<p>Siklus bozukluklar\u0131 \u2013 ov\u00fclasyon problemi \u2013 hormonal bozukluklardan \u015f\u00fcphe ediliyorsa \u2013 2\u2019den fazla d\u00fc\u015f\u00fck oldu\u011funda, daha adet d\u00f6ng\u00fclerinde hen\u00fcz tam net olmasa da do\u011furganl\u0131\u011f\u0131 olumsuz etkilemi\u015f olan d\u00fczensizliklerin var olup olmad\u0131\u011f\u0131n\u0131 belirleyebilmek i\u00e7in hormonal testin yap\u0131lmas\u0131 gereklidir. Baz\u0131 gizli hormon bozukluklar\u0131n\u0131n olumsuz etkileri gebelik s\u0131ras\u0131nda a\u00e7\u0131\u011fa \u00e7\u0131kabilir. Tabi ki tedavisi devam eden hastalarda tedavi s\u00fcresince hormon testleri yapmak, inseminasyon (sperm nakli) veya \u0130VF (in-vitro Fertilizasyon, t\u00fcp bebek) olacaksa folik\u00fcl ponksiyonu (yumurta h\u00fccresi al\u0131m\u0131) i\u00e7in en do\u011fru zaman\u0131 belirlemekte i\u015fe yarar. \u00d6zellikle ila\u00e7la ov\u00fclasyonun bast\u0131r\u0131lmad\u0131\u011f\u0131 NC-IVF\u2019de (do\u011fal siklusunda IVF ya da Natural-Cycle-IVF), (hasta VE muayenehane i\u00e7in) yumurta h\u00fccre al\u0131m\u0131 i\u00e7im en uygun zaman\u0131 belirlemek i\u00e7in testlerin daha s\u0131k yap\u0131lmas\u0131 gereklidir.<\/p>\n","protected":false},"excerpt":{"rendered":"<p>Temel te\u015fhis i\u00e7in her zaman hastan\u0131n hormon profilinin her zaman ayr\u0131nt\u0131l\u0131 ve anlaml\u0131 bir incelemesinin yap\u0131lmas\u0131 gerekmektedir. Adet g\u00fcn\u00fc, ya\u015f [&hellip;]<\/p>\n","protected":false},"author":2,"featured_media":7648,"parent":7642,"menu_order":0,"comment_status":"closed","ping_status":"closed","template":"page-siblingnavi.php","meta":{"footnotes":""},"class_list":["post-7647","page","type-page","status-publish","has-post-thumbnail","hentry"],"yoast_head":"<!-- This site is optimized with the Yoast SEO plugin v25.6 - https:\/\/yoast.com\/wordpress\/plugins\/seo\/ -->\n<title>Hormon testi &#8226; Kinderwunschteam Berlin<\/title>\n<meta name=\"description\" content=\"Temel te\u015fhis i\u00e7in her zaman hastan\u0131n hormon profilinin her zaman ayr\u0131nt\u0131l\u0131 ve anlaml\u0131 bir incelemesinin yap\u0131lmas\u0131 gerekmektedir. Adet g\u00fcn\u00fc, ya\u015f vs. bu\" \/>\n<meta name=\"robots\" content=\"noindex, follow, max-snippet:-1, max-image-preview:large, max-video-preview:-1\" \/>\n<meta property=\"og:locale\" content=\"tr_TR\" \/>\n<meta property=\"og:type\" content=\"article\" \/>\n<meta property=\"og:title\" content=\"Hormon testi &#8226; Kinderwunschteam Berlin\" \/>\n<meta property=\"og:description\" content=\"Temel te\u015fhis i\u00e7in her zaman hastan\u0131n hormon profilinin her zaman ayr\u0131nt\u0131l\u0131 ve anlaml\u0131 bir incelemesinin yap\u0131lmas\u0131 gerekmektedir. Adet g\u00fcn\u00fc, ya\u015f vs. bu\" \/>\n<meta property=\"og:url\" content=\"https:\/\/kwt.meiio.net\/tr\/uzun-omur\/tuep-bebek-ve-kisirlik\/diagnostik\/diagnostik-hormondiagnostik\" \/>\n<meta property=\"og:site_name\" content=\"Kinderwunschteam Berlin\" \/>\n<meta property=\"article:publisher\" content=\"https:\/\/www.facebook.com\/kinderwunschteam.berlin\/\" \/>\n<meta property=\"article:modified_time\" content=\"2019-01-30T17:28:36+00:00\" \/>\n<meta property=\"og:image\" content=\"https:\/\/kwt.meiio.net\/wp-content\/uploads\/KWT-8080-Mikroskop.jpg\" \/>\n\t<meta property=\"og:image:width\" content=\"2000\" \/>\n\t<meta property=\"og:image:height\" content=\"670\" \/>\n\t<meta property=\"og:image:type\" content=\"image\/jpeg\" \/>\n<meta name=\"twitter:card\" content=\"summary_large_image\" \/>\n<script type=\"application\/ld+json\" class=\"yoast-schema-graph\">{\"@context\":\"https:\/\/schema.org\",\"@graph\":[{\"@type\":\"WebPage\",\"@id\":\"https:\/\/kwt.meiio.net\/tr\/uzun-omur\/tuep-bebek-ve-kisirlik\/diagnostik\/diagnostik-hormondiagnostik\",\"url\":\"https:\/\/kwt.meiio.net\/tr\/uzun-omur\/tuep-bebek-ve-kisirlik\/diagnostik\/diagnostik-hormondiagnostik\",\"name\":\"Hormon testi &#8226; Kinderwunschteam Berlin\",\"isPartOf\":{\"@id\":\"https:\/\/kwt.meiio.net\/tr#website\"},\"primaryImageOfPage\":{\"@id\":\"https:\/\/kwt.meiio.net\/tr\/uzun-omur\/tuep-bebek-ve-kisirlik\/diagnostik\/diagnostik-hormondiagnostik#primaryimage\"},\"image\":{\"@id\":\"https:\/\/kwt.meiio.net\/tr\/uzun-omur\/tuep-bebek-ve-kisirlik\/diagnostik\/diagnostik-hormondiagnostik#primaryimage\"},\"thumbnailUrl\":\"https:\/\/kwt.meiio.net\/wp-content\/uploads\/KWT-8080-Mikroskop.jpg\",\"datePublished\":\"2010-03-08T10:02:31+00:00\",\"dateModified\":\"2019-01-30T17:28:36+00:00\",\"description\":\"Temel te\u015fhis i\u00e7in her zaman hastan\u0131n hormon profilinin her zaman ayr\u0131nt\u0131l\u0131 ve anlaml\u0131 bir incelemesinin yap\u0131lmas\u0131 gerekmektedir. Adet g\u00fcn\u00fc, ya\u015f vs. bu\",\"breadcrumb\":{\"@id\":\"https:\/\/kwt.meiio.net\/tr\/uzun-omur\/tuep-bebek-ve-kisirlik\/diagnostik\/diagnostik-hormondiagnostik#breadcrumb\"},\"inLanguage\":\"tr\",\"potentialAction\":[{\"@type\":\"ReadAction\",\"target\":[\"https:\/\/kwt.meiio.net\/tr\/uzun-omur\/tuep-bebek-ve-kisirlik\/diagnostik\/diagnostik-hormondiagnostik\"]}]},{\"@type\":\"ImageObject\",\"inLanguage\":\"tr\",\"@id\":\"https:\/\/kwt.meiio.net\/tr\/uzun-omur\/tuep-bebek-ve-kisirlik\/diagnostik\/diagnostik-hormondiagnostik#primaryimage\",\"url\":\"https:\/\/kwt.meiio.net\/wp-content\/uploads\/KWT-8080-Mikroskop.jpg\",\"contentUrl\":\"https:\/\/kwt.meiio.net\/wp-content\/uploads\/KWT-8080-Mikroskop.jpg\",\"width\":2000,\"height\":670},{\"@type\":\"BreadcrumbList\",\"@id\":\"https:\/\/kwt.meiio.net\/tr\/uzun-omur\/tuep-bebek-ve-kisirlik\/diagnostik\/diagnostik-hormondiagnostik#breadcrumb\",\"itemListElement\":[{\"@type\":\"ListItem\",\"position\":1,\"name\":\"Startseite\",\"item\":\"https:\/\/kwt.meiio.net\/tr\"},{\"@type\":\"ListItem\",\"position\":2,\"name\":\"Hizmet alanlar\u0131m\u0131z\",\"item\":\"https:\/\/kwt.meiio.net\/tr\/uzun-omur\"},{\"@type\":\"ListItem\",\"position\":3,\"name\":\"T\u00fcp bebek ve k\u0131s\u0131rl\u0131k\",\"item\":\"https:\/\/kwt.meiio.net\/tr\/uzun-omur\/tuep-bebek-ve-kisirlik\"},{\"@type\":\"ListItem\",\"position\":4,\"name\":\"Te\u015fhis\",\"item\":\"https:\/\/kwt.meiio.net\/tr\/uzun-omur\/tuep-bebek-ve-kisirlik\/diagnostik\"},{\"@type\":\"ListItem\",\"position\":5,\"name\":\"Hormon testi\"}]},{\"@type\":\"WebSite\",\"@id\":\"https:\/\/kwt.meiio.net\/tr#website\",\"url\":\"https:\/\/kwt.meiio.net\/tr\",\"name\":\"Kinderwunschteam Berlin\",\"description\":\"Kinderwunsch- und Endometriose-Zentrum\",\"publisher\":{\"@id\":\"https:\/\/kwt.meiio.net\/tr#organization\"},\"potentialAction\":[{\"@type\":\"SearchAction\",\"target\":{\"@type\":\"EntryPoint\",\"urlTemplate\":\"https:\/\/kwt.meiio.net\/tr?s={search_term_string}\"},\"query-input\":{\"@type\":\"PropertyValueSpecification\",\"valueRequired\":true,\"valueName\":\"search_term_string\"}}],\"inLanguage\":\"tr\"},{\"@type\":\"Organization\",\"@id\":\"https:\/\/kwt.meiio.net\/tr#organization\",\"name\":\"Kinderwunschteam Berlin\",\"url\":\"https:\/\/kwt.meiio.net\/tr\",\"logo\":{\"@type\":\"ImageObject\",\"inLanguage\":\"tr\",\"@id\":\"https:\/\/kwt.meiio.net\/tr#\/schema\/logo\/image\/\",\"url\":\"https:\/\/kwt.meiio.net\/wp-content\/uploads\/Logo-KinderwunschteamBerlin-NavBar@2.png\",\"contentUrl\":\"https:\/\/kwt.meiio.net\/wp-content\/uploads\/Logo-KinderwunschteamBerlin-NavBar@2.png\",\"width\":800,\"height\":200,\"caption\":\"Kinderwunschteam Berlin\"},\"image\":{\"@id\":\"https:\/\/kwt.meiio.net\/tr#\/schema\/logo\/image\/\"},\"sameAs\":[\"https:\/\/www.facebook.com\/kinderwunschteam.berlin\/\",\"https:\/\/www.instagram.com\/kinderwunschteamberlin\/\"]}]}<\/script>\n<!-- \/ Yoast SEO plugin. -->","yoast_head_json":{"title":"Hormon testi &#8226; Kinderwunschteam Berlin","description":"Temel te\u015fhis i\u00e7in her zaman hastan\u0131n hormon profilinin her zaman ayr\u0131nt\u0131l\u0131 ve anlaml\u0131 bir incelemesinin yap\u0131lmas\u0131 gerekmektedir. Adet g\u00fcn\u00fc, ya\u015f vs. bu","robots":{"index":"noindex","follow":"follow","max-snippet":"max-snippet:-1","max-image-preview":"max-image-preview:large","max-video-preview":"max-video-preview:-1"},"og_locale":"tr_TR","og_type":"article","og_title":"Hormon testi &#8226; Kinderwunschteam Berlin","og_description":"Temel te\u015fhis i\u00e7in her zaman hastan\u0131n hormon profilinin her zaman ayr\u0131nt\u0131l\u0131 ve anlaml\u0131 bir incelemesinin yap\u0131lmas\u0131 gerekmektedir. Adet g\u00fcn\u00fc, ya\u015f vs. bu","og_url":"https:\/\/kwt.meiio.net\/tr\/uzun-omur\/tuep-bebek-ve-kisirlik\/diagnostik\/diagnostik-hormondiagnostik","og_site_name":"Kinderwunschteam Berlin","article_publisher":"https:\/\/www.facebook.com\/kinderwunschteam.berlin\/","article_modified_time":"2019-01-30T17:28:36+00:00","og_image":[{"width":2000,"height":670,"url":"https:\/\/kwt.meiio.net\/wp-content\/uploads\/KWT-8080-Mikroskop.jpg","type":"image\/jpeg"}],"twitter_card":"summary_large_image","schema":{"@context":"https:\/\/schema.org","@graph":[{"@type":"WebPage","@id":"https:\/\/kwt.meiio.net\/tr\/uzun-omur\/tuep-bebek-ve-kisirlik\/diagnostik\/diagnostik-hormondiagnostik","url":"https:\/\/kwt.meiio.net\/tr\/uzun-omur\/tuep-bebek-ve-kisirlik\/diagnostik\/diagnostik-hormondiagnostik","name":"Hormon testi &#8226; Kinderwunschteam Berlin","isPartOf":{"@id":"https:\/\/kwt.meiio.net\/tr#website"},"primaryImageOfPage":{"@id":"https:\/\/kwt.meiio.net\/tr\/uzun-omur\/tuep-bebek-ve-kisirlik\/diagnostik\/diagnostik-hormondiagnostik#primaryimage"},"image":{"@id":"https:\/\/kwt.meiio.net\/tr\/uzun-omur\/tuep-bebek-ve-kisirlik\/diagnostik\/diagnostik-hormondiagnostik#primaryimage"},"thumbnailUrl":"https:\/\/kwt.meiio.net\/wp-content\/uploads\/KWT-8080-Mikroskop.jpg","datePublished":"2010-03-08T10:02:31+00:00","dateModified":"2019-01-30T17:28:36+00:00","description":"Temel te\u015fhis i\u00e7in her zaman hastan\u0131n hormon profilinin her zaman ayr\u0131nt\u0131l\u0131 ve anlaml\u0131 bir incelemesinin yap\u0131lmas\u0131 gerekmektedir. Adet g\u00fcn\u00fc, ya\u015f vs. bu","breadcrumb":{"@id":"https:\/\/kwt.meiio.net\/tr\/uzun-omur\/tuep-bebek-ve-kisirlik\/diagnostik\/diagnostik-hormondiagnostik#breadcrumb"},"inLanguage":"tr","potentialAction":[{"@type":"ReadAction","target":["https:\/\/kwt.meiio.net\/tr\/uzun-omur\/tuep-bebek-ve-kisirlik\/diagnostik\/diagnostik-hormondiagnostik"]}]},{"@type":"ImageObject","inLanguage":"tr","@id":"https:\/\/kwt.meiio.net\/tr\/uzun-omur\/tuep-bebek-ve-kisirlik\/diagnostik\/diagnostik-hormondiagnostik#primaryimage","url":"https:\/\/kwt.meiio.net\/wp-content\/uploads\/KWT-8080-Mikroskop.jpg","contentUrl":"https:\/\/kwt.meiio.net\/wp-content\/uploads\/KWT-8080-Mikroskop.jpg","width":2000,"height":670},{"@type":"BreadcrumbList","@id":"https:\/\/kwt.meiio.net\/tr\/uzun-omur\/tuep-bebek-ve-kisirlik\/diagnostik\/diagnostik-hormondiagnostik#breadcrumb","itemListElement":[{"@type":"ListItem","position":1,"name":"Startseite","item":"https:\/\/kwt.meiio.net\/tr"},{"@type":"ListItem","position":2,"name":"Hizmet alanlar\u0131m\u0131z","item":"https:\/\/kwt.meiio.net\/tr\/uzun-omur"},{"@type":"ListItem","position":3,"name":"T\u00fcp bebek ve k\u0131s\u0131rl\u0131k","item":"https:\/\/kwt.meiio.net\/tr\/uzun-omur\/tuep-bebek-ve-kisirlik"},{"@type":"ListItem","position":4,"name":"Te\u015fhis","item":"https:\/\/kwt.meiio.net\/tr\/uzun-omur\/tuep-bebek-ve-kisirlik\/diagnostik"},{"@type":"ListItem","position":5,"name":"Hormon testi"}]},{"@type":"WebSite","@id":"https:\/\/kwt.meiio.net\/tr#website","url":"https:\/\/kwt.meiio.net\/tr","name":"Kinderwunschteam Berlin","description":"Kinderwunsch- und Endometriose-Zentrum","publisher":{"@id":"https:\/\/kwt.meiio.net\/tr#organization"},"potentialAction":[{"@type":"SearchAction","target":{"@type":"EntryPoint","urlTemplate":"https:\/\/kwt.meiio.net\/tr?s={search_term_string}"},"query-input":{"@type":"PropertyValueSpecification","valueRequired":true,"valueName":"search_term_string"}}],"inLanguage":"tr"},{"@type":"Organization","@id":"https:\/\/kwt.meiio.net\/tr#organization","name":"Kinderwunschteam Berlin","url":"https:\/\/kwt.meiio.net\/tr","logo":{"@type":"ImageObject","inLanguage":"tr","@id":"https:\/\/kwt.meiio.net\/tr#\/schema\/logo\/image\/","url":"https:\/\/kwt.meiio.net\/wp-content\/uploads\/Logo-KinderwunschteamBerlin-NavBar@2.png","contentUrl":"https:\/\/kwt.meiio.net\/wp-content\/uploads\/Logo-KinderwunschteamBerlin-NavBar@2.png","width":800,"height":200,"caption":"Kinderwunschteam Berlin"},"image":{"@id":"https:\/\/kwt.meiio.net\/tr#\/schema\/logo\/image\/"},"sameAs":["https:\/\/www.facebook.com\/kinderwunschteam.berlin\/","https:\/\/www.instagram.com\/kinderwunschteamberlin\/"]}]}},"_links":{"self":[{"href":"https:\/\/kwt.meiio.net\/tr\/wp-json\/wp\/v2\/pages\/7647","targetHints":{"allow":["GET"]}}],"collection":[{"href":"https:\/\/kwt.meiio.net\/tr\/wp-json\/wp\/v2\/pages"}],"about":[{"href":"https:\/\/kwt.meiio.net\/tr\/wp-json\/wp\/v2\/types\/page"}],"author":[{"embeddable":true,"href":"https:\/\/kwt.meiio.net\/tr\/wp-json\/wp\/v2\/users\/2"}],"replies":[{"embeddable":true,"href":"https:\/\/kwt.meiio.net\/tr\/wp-json\/wp\/v2\/comments?post=7647"}],"version-history":[{"count":0,"href":"https:\/\/kwt.meiio.net\/tr\/wp-json\/wp\/v2\/pages\/7647\/revisions"}],"up":[{"embeddable":true,"href":"https:\/\/kwt.meiio.net\/tr\/wp-json\/wp\/v2\/pages\/7642"}],"wp:featuredmedia":[{"embeddable":true,"href":"https:\/\/kwt.meiio.net\/tr\/wp-json\/wp\/v2\/media\/7648"}],"wp:attachment":[{"href":"https:\/\/kwt.meiio.net\/tr\/wp-json\/wp\/v2\/media?parent=7647"}],"curies":[{"name":"wp","href":"https:\/\/api.w.org\/{rel}","templated":true}]}}