{"id":7642,"date":"2010-03-08T09:55:50","date_gmt":"2010-03-08T08:55:50","guid":{"rendered":"https:\/\/www.kinderwunschteam.berlin\/?page_id=7642"},"modified":"2019-09-29T19:08:58","modified_gmt":"2019-09-29T17:08:58","slug":"diagnostik","status":"publish","type":"page","link":"https:\/\/kwt.meiio.net\/tr\/uzun-omur\/tuep-bebek-ve-kisirlik\/diagnostik","title":{"rendered":"Te\u015fhis"},"content":{"rendered":"<p>\u0130lk g\u00f6r\u00fc\u015fmeyle birlikte te\u015fhisle ilgili \u00f6nemli ad\u0131mlar at\u0131l\u0131r. Adet d\u00f6ng\u00fcs\u00fcne dair bilgiler, belirli semptomlar, \u00f6nceden ge\u00e7irilmi\u015f olan hastal\u0131klara dair bilgiler, \u00f6nceden ge\u00e7irilmi\u015f ameliyatlar ve do\u011furganl\u0131kla ilgili ge\u00e7mi\u015f deneyimler te\u015fhis i\u00e7in sonraki ad\u0131mlar\u0131 belirlemede \u00f6nemli bir rol oynar.<\/p>\n<h2>\u0130lk g\u00f6r\u00fc\u015fme<\/h2>\n<p>\u00c7ocuk sahibi olamama problemi \u00e7ok \u00f6zel bir problemdir. Te\u015fhisi ve sonras\u0131ndaki tedavide doktorunuza g\u00fcven duyman\u0131z \u00e7ok \u00f6nemlidir. \u0130lk g\u00f6r\u00fc\u015fme bu anlamda, bizi tan\u0131man\u0131z ve bizimle kendinizi \u201cdo\u011fru ellerde\u201c hissedip hissetmedi\u011finizi anlamak i\u00e7in etkili olacakt\u0131r.<\/p>\n<p>\u0130lk g\u00f6r\u00fc\u015fme s\u0131ras\u0131nda, problemin temelinde yatan\u0131n ne oldu\u011funu \u00f6\u011frenmek i\u00e7in biraz fikir edinebiliriz. \u00d6nemli buldu\u011fumuz te\u015fhis ad\u0131mlar\u0131 ile ilgili bilgi verebilir ve buradan \u00e7\u0131kacak olan sonuca g\u00f6re tedavi planlayabiliriz.<\/p>\n<p>Sizi hi\u00e7bir te\u015fhis veya tedaviye zorlamak istemeyiz. Bunlar\u0131 ne zaman duymak isteyece\u011finize siz karar verirsiniz. Baz\u0131 t\u00fcp bebek merkezlerinde oldu\u011fu gibi \u201csorgusuz sualsiz her s\u00f6ylenileni yapman\u0131z\u0131\u201c istemiyoruz.<\/p>\n<p>E\u011fer ba\u015fka bir doktordan veya t\u00fcp bebek merkezinden elde etmi\u015f oldu\u011funuz sa\u011fl\u0131k raporlar\u0131n\u0131z varsa, testlerin gereksiz yere tekrar\u0131n\u0131 \u00f6nlemek i\u00e7in l\u00fctfen bunlar\u0131 beraberinizde getiriniz. Elinizdeki sonu\u00e7lar yetersiz veya g\u00fcncelli\u011fini yitirmi\u015f ise testlerin tekrarlanmas\u0131 gerekir.<\/p>\n<p>E\u011fer size uygun oldu\u011funu d\u00fc\u015f\u00fcnd\u00fc\u011f\u00fcn\u00fcz ba\u015fka bir tedavi merkezi bulduysan\u0131z fakat planlanan tedavi ile ilgili ikinci bir fikir almak istiyorsan\u0131z\u00a0<strong>\u00e7ekinmeden<\/strong>\u00a0bize dan\u0131\u015fabilirsiniz.<\/p>\n<h3>Gerekli belgeler<\/h3>\n<ul>\n<li><strong>Devlet (GKV) sigortas\u0131ndan yararlanan hastalar<\/strong>\u0131n ilk geli\u015flerinde (ve her 3 ayl\u0131k d\u00f6nemde) kendi jinekologlar\u0131, genel hekimleri veya \u00fcrologlar\u0131ndan havale ka\u011f\u0131d\u0131 ile gelmeleri rica olunur.<\/li>\n<\/ul>\n<ul>\n<li><strong>E\u011fer sadece kendi \u00f6demeleri gereken bir durum varsa GKV sigortal\u0131lar\u0131ndan,<\/strong>\u00a0yine de havale ka\u011f\u0131d\u0131n\u0131 veya GKV kartlar\u0131n\u0131 getirmeleri rica olunur. Ana te\u015fhisin masraflar\u0131, sigorta taraf\u0131ndan \u00f6denebilmektedir.<\/li>\n<\/ul>\n<ul>\n<li><strong>\u00d6zel (PKV) sigortal\u0131 hastalardan,<\/strong>\u00a0PKV kartlar\u0131 veya resmi bir belge ile kendilerini tan\u0131tmalar\u0131 rica olunur.<\/li>\n<\/ul>\n<h3>Muayene sonu\u00e7lar\u0131<\/h3>\n<p>Test sonu\u00e7lar\u0131n\u0131z\u0131 a\u015fa\u011f\u0131daki plana uygun \u015fekilde olmas\u0131 taraf\u0131m\u0131zdan istenir ve\/veya bu bilgiler taraf\u0131m\u0131zca toplan\u0131r.<\/p>\n<p><strong>Kad\u0131n:<\/strong><\/p>\n<ul>\n<li>3. ve 6. adet g\u00fcnleri aras\u0131nda temel hormon testi. \u0130\u00e7eri\u011finde \u015funlar olmal\u0131d\u0131r:<\/li>\n<\/ul>\n<ul>\n<li>E2, FSH, LH, TSH, PRL, T, SHBG (\u00f6stradiol, folik\u00fcl uyar\u0131c\u0131 hormon, l\u00fcteinize eden hormon, tiroit bezi uyar\u0131c\u0131 hormon, prolaktin, testesteron, seks hormonu ba\u011flay\u0131c\u0131 globulin<\/li>\n<\/ul>\n<ul>\n<li>K\u0131zam\u0131k\u00e7\u0131k (rubella) ve su \u00e7i\u00e7e\u011fi (varisella) antikorlar\u0131<\/li>\n<\/ul>\n<ul>\n<li>Gerekirse fallop t\u00fcp\u00fc testi (HSSG veya laparoskopi)<\/li>\n<\/ul>\n<ul>\n<li><strong>Yapay d\u00f6llenme \u00f6ncesinde ek olarak<\/strong>: HIV (AIDS testi), Hepatit B ve Hepatit C testleri<\/li>\n<\/ul>\n<ul>\n<li><strong>Don\u00f6r sperm tedavisi \u00f6ncesi ek olarak<\/strong>: CMV antikor testi (sitomegalo vir\u00fcs), kan grubunun belirlenmesi<\/li>\n<\/ul>\n<p><strong>Erkek:<\/strong><\/p>\n<ul>\n<li>Spermiyogram (sperm testi)<\/li>\n<\/ul>\n<ul>\n<li>Gerekirse sperm fragmantasyon endeksi (SFI)<\/li>\n<\/ul>\n<ul>\n<li><strong>Yapay d\u00f6llenme \u00f6ncesinde ek olarak<\/strong>:\n<ul>\n<li>HIV (AIDS testi), Hepatit B ve Hepatit C testleri<\/li>\n<\/ul>\n<\/li>\n<\/ul>\n<ul>\n<li><strong>Don\u00f6r sperm tedavisi \u00f6ncesi ek olarak<\/strong>:\n<ul>\n<li>Gerekirse kan grubu<\/li>\n<li>Gerekirse testis biyopsisinden \u00f6nce ek olarak: T, FSH, genetik \u00f6zelliklerin analizi<\/li>\n<\/ul>\n<\/li>\n<\/ul>\n","protected":false},"excerpt":{"rendered":"<p>\u0130lk g\u00f6r\u00fc\u015fmeyle birlikte te\u015fhisle ilgili \u00f6nemli ad\u0131mlar at\u0131l\u0131r. Adet d\u00f6ng\u00fcs\u00fcne dair bilgiler, belirli semptomlar, \u00f6nceden ge\u00e7irilmi\u015f olan hastal\u0131klara dair bilgiler, [&hellip;]<\/p>\n","protected":false},"author":6,"featured_media":7529,"parent":7487,"menu_order":2,"comment_status":"closed","ping_status":"closed","template":"page-subnavi.php","meta":{"footnotes":""},"class_list":["post-7642","page","type-page","status-publish","has-post-thumbnail","hentry"],"yoast_head":"<!-- This site is optimized with the Yoast SEO plugin v25.6 - https:\/\/yoast.com\/wordpress\/plugins\/seo\/ -->\n<title>Te\u015fhis &#8226; Kinderwunschteam Berlin<\/title>\n<meta name=\"description\" content=\"\u0130lk g\u00f6r\u00fc\u015fmeyle birlikte te\u015fhisle ilgili \u00f6nemli ad\u0131mlar at\u0131l\u0131r. Adet d\u00f6ng\u00fcs\u00fcne dair bilgiler, belirli semptomlar, \u00f6nceden ge\u00e7irilmi\u015f olan hastal\u0131klara dair\" \/>\n<meta name=\"robots\" content=\"noindex, follow, max-snippet:-1, max-image-preview:large, max-video-preview:-1\" \/>\n<meta property=\"og:locale\" content=\"tr_TR\" \/>\n<meta property=\"og:type\" content=\"article\" \/>\n<meta property=\"og:title\" content=\"Te\u015fhis &#8226; Kinderwunschteam Berlin\" \/>\n<meta property=\"og:description\" content=\"\u0130lk g\u00f6r\u00fc\u015fmeyle birlikte te\u015fhisle ilgili \u00f6nemli ad\u0131mlar at\u0131l\u0131r. Adet d\u00f6ng\u00fcs\u00fcne dair bilgiler, belirli semptomlar, \u00f6nceden ge\u00e7irilmi\u015f olan hastal\u0131klara dair\" \/>\n<meta property=\"og:url\" content=\"https:\/\/kwt.meiio.net\/tr\/uzun-omur\/tuep-bebek-ve-kisirlik\/diagnostik\" \/>\n<meta property=\"og:site_name\" content=\"Kinderwunschteam Berlin\" \/>\n<meta property=\"article:publisher\" content=\"https:\/\/www.facebook.com\/kinderwunschteam.berlin\/\" \/>\n<meta property=\"article:modified_time\" content=\"2019-09-29T17:08:58+00:00\" \/>\n<meta property=\"og:image\" content=\"https:\/\/kwt.meiio.net\/wp-content\/uploads\/KWT-8810-Beratung-DrHalis.jpg\" \/>\n\t<meta property=\"og:image:width\" content=\"2000\" \/>\n\t<meta property=\"og:image:height\" content=\"670\" \/>\n\t<meta property=\"og:image:type\" content=\"image\/jpeg\" \/>\n<meta name=\"twitter:card\" content=\"summary_large_image\" \/>\n<script type=\"application\/ld+json\" class=\"yoast-schema-graph\">{\"@context\":\"https:\/\/schema.org\",\"@graph\":[{\"@type\":\"WebPage\",\"@id\":\"https:\/\/kwt.meiio.net\/tr\/uzun-omur\/tuep-bebek-ve-kisirlik\/diagnostik\",\"url\":\"https:\/\/kwt.meiio.net\/tr\/uzun-omur\/tuep-bebek-ve-kisirlik\/diagnostik\",\"name\":\"Te\u015fhis &#8226; Kinderwunschteam Berlin\",\"isPartOf\":{\"@id\":\"https:\/\/kwt.meiio.net\/tr#website\"},\"primaryImageOfPage\":{\"@id\":\"https:\/\/kwt.meiio.net\/tr\/uzun-omur\/tuep-bebek-ve-kisirlik\/diagnostik#primaryimage\"},\"image\":{\"@id\":\"https:\/\/kwt.meiio.net\/tr\/uzun-omur\/tuep-bebek-ve-kisirlik\/diagnostik#primaryimage\"},\"thumbnailUrl\":\"https:\/\/kwt.meiio.net\/wp-content\/uploads\/KWT-8810-Beratung-DrHalis.jpg\",\"datePublished\":\"2010-03-08T08:55:50+00:00\",\"dateModified\":\"2019-09-29T17:08:58+00:00\",\"description\":\"\u0130lk g\u00f6r\u00fc\u015fmeyle birlikte te\u015fhisle ilgili \u00f6nemli ad\u0131mlar at\u0131l\u0131r. Adet d\u00f6ng\u00fcs\u00fcne dair bilgiler, belirli semptomlar, \u00f6nceden ge\u00e7irilmi\u015f olan hastal\u0131klara dair\",\"breadcrumb\":{\"@id\":\"https:\/\/kwt.meiio.net\/tr\/uzun-omur\/tuep-bebek-ve-kisirlik\/diagnostik#breadcrumb\"},\"inLanguage\":\"tr\",\"potentialAction\":[{\"@type\":\"ReadAction\",\"target\":[\"https:\/\/kwt.meiio.net\/tr\/uzun-omur\/tuep-bebek-ve-kisirlik\/diagnostik\"]}]},{\"@type\":\"ImageObject\",\"inLanguage\":\"tr\",\"@id\":\"https:\/\/kwt.meiio.net\/tr\/uzun-omur\/tuep-bebek-ve-kisirlik\/diagnostik#primaryimage\",\"url\":\"https:\/\/kwt.meiio.net\/wp-content\/uploads\/KWT-8810-Beratung-DrHalis.jpg\",\"contentUrl\":\"https:\/\/kwt.meiio.net\/wp-content\/uploads\/KWT-8810-Beratung-DrHalis.jpg\",\"width\":2000,\"height\":670},{\"@type\":\"BreadcrumbList\",\"@id\":\"https:\/\/kwt.meiio.net\/tr\/uzun-omur\/tuep-bebek-ve-kisirlik\/diagnostik#breadcrumb\",\"itemListElement\":[{\"@type\":\"ListItem\",\"position\":1,\"name\":\"Startseite\",\"item\":\"https:\/\/kwt.meiio.net\/tr\"},{\"@type\":\"ListItem\",\"position\":2,\"name\":\"Hizmet alanlar\u0131m\u0131z\",\"item\":\"https:\/\/kwt.meiio.net\/tr\/uzun-omur\"},{\"@type\":\"ListItem\",\"position\":3,\"name\":\"T\u00fcp bebek ve k\u0131s\u0131rl\u0131k\",\"item\":\"https:\/\/kwt.meiio.net\/tr\/uzun-omur\/tuep-bebek-ve-kisirlik\"},{\"@type\":\"ListItem\",\"position\":4,\"name\":\"Te\u015fhis\"}]},{\"@type\":\"WebSite\",\"@id\":\"https:\/\/kwt.meiio.net\/tr#website\",\"url\":\"https:\/\/kwt.meiio.net\/tr\",\"name\":\"Kinderwunschteam Berlin\",\"description\":\"Kinderwunsch- und Endometriose-Zentrum\",\"publisher\":{\"@id\":\"https:\/\/kwt.meiio.net\/tr#organization\"},\"potentialAction\":[{\"@type\":\"SearchAction\",\"target\":{\"@type\":\"EntryPoint\",\"urlTemplate\":\"https:\/\/kwt.meiio.net\/tr?s={search_term_string}\"},\"query-input\":{\"@type\":\"PropertyValueSpecification\",\"valueRequired\":true,\"valueName\":\"search_term_string\"}}],\"inLanguage\":\"tr\"},{\"@type\":\"Organization\",\"@id\":\"https:\/\/kwt.meiio.net\/tr#organization\",\"name\":\"Kinderwunschteam Berlin\",\"url\":\"https:\/\/kwt.meiio.net\/tr\",\"logo\":{\"@type\":\"ImageObject\",\"inLanguage\":\"tr\",\"@id\":\"https:\/\/kwt.meiio.net\/tr#\/schema\/logo\/image\/\",\"url\":\"https:\/\/kwt.meiio.net\/wp-content\/uploads\/Logo-KinderwunschteamBerlin-NavBar@2.png\",\"contentUrl\":\"https:\/\/kwt.meiio.net\/wp-content\/uploads\/Logo-KinderwunschteamBerlin-NavBar@2.png\",\"width\":800,\"height\":200,\"caption\":\"Kinderwunschteam Berlin\"},\"image\":{\"@id\":\"https:\/\/kwt.meiio.net\/tr#\/schema\/logo\/image\/\"},\"sameAs\":[\"https:\/\/www.facebook.com\/kinderwunschteam.berlin\/\",\"https:\/\/www.instagram.com\/kinderwunschteamberlin\/\"]}]}<\/script>\n<!-- \/ Yoast SEO plugin. -->","yoast_head_json":{"title":"Te\u015fhis &#8226; Kinderwunschteam Berlin","description":"\u0130lk g\u00f6r\u00fc\u015fmeyle birlikte te\u015fhisle ilgili \u00f6nemli ad\u0131mlar at\u0131l\u0131r. Adet d\u00f6ng\u00fcs\u00fcne dair bilgiler, belirli semptomlar, \u00f6nceden ge\u00e7irilmi\u015f olan hastal\u0131klara dair","robots":{"index":"noindex","follow":"follow","max-snippet":"max-snippet:-1","max-image-preview":"max-image-preview:large","max-video-preview":"max-video-preview:-1"},"og_locale":"tr_TR","og_type":"article","og_title":"Te\u015fhis &#8226; Kinderwunschteam Berlin","og_description":"\u0130lk g\u00f6r\u00fc\u015fmeyle birlikte te\u015fhisle ilgili \u00f6nemli ad\u0131mlar at\u0131l\u0131r. Adet d\u00f6ng\u00fcs\u00fcne dair bilgiler, belirli semptomlar, \u00f6nceden ge\u00e7irilmi\u015f olan hastal\u0131klara dair","og_url":"https:\/\/kwt.meiio.net\/tr\/uzun-omur\/tuep-bebek-ve-kisirlik\/diagnostik","og_site_name":"Kinderwunschteam Berlin","article_publisher":"https:\/\/www.facebook.com\/kinderwunschteam.berlin\/","article_modified_time":"2019-09-29T17:08:58+00:00","og_image":[{"width":2000,"height":670,"url":"https:\/\/kwt.meiio.net\/wp-content\/uploads\/KWT-8810-Beratung-DrHalis.jpg","type":"image\/jpeg"}],"twitter_card":"summary_large_image","schema":{"@context":"https:\/\/schema.org","@graph":[{"@type":"WebPage","@id":"https:\/\/kwt.meiio.net\/tr\/uzun-omur\/tuep-bebek-ve-kisirlik\/diagnostik","url":"https:\/\/kwt.meiio.net\/tr\/uzun-omur\/tuep-bebek-ve-kisirlik\/diagnostik","name":"Te\u015fhis &#8226; Kinderwunschteam Berlin","isPartOf":{"@id":"https:\/\/kwt.meiio.net\/tr#website"},"primaryImageOfPage":{"@id":"https:\/\/kwt.meiio.net\/tr\/uzun-omur\/tuep-bebek-ve-kisirlik\/diagnostik#primaryimage"},"image":{"@id":"https:\/\/kwt.meiio.net\/tr\/uzun-omur\/tuep-bebek-ve-kisirlik\/diagnostik#primaryimage"},"thumbnailUrl":"https:\/\/kwt.meiio.net\/wp-content\/uploads\/KWT-8810-Beratung-DrHalis.jpg","datePublished":"2010-03-08T08:55:50+00:00","dateModified":"2019-09-29T17:08:58+00:00","description":"\u0130lk g\u00f6r\u00fc\u015fmeyle birlikte te\u015fhisle ilgili \u00f6nemli ad\u0131mlar at\u0131l\u0131r. Adet d\u00f6ng\u00fcs\u00fcne dair bilgiler, belirli semptomlar, \u00f6nceden ge\u00e7irilmi\u015f olan hastal\u0131klara dair","breadcrumb":{"@id":"https:\/\/kwt.meiio.net\/tr\/uzun-omur\/tuep-bebek-ve-kisirlik\/diagnostik#breadcrumb"},"inLanguage":"tr","potentialAction":[{"@type":"ReadAction","target":["https:\/\/kwt.meiio.net\/tr\/uzun-omur\/tuep-bebek-ve-kisirlik\/diagnostik"]}]},{"@type":"ImageObject","inLanguage":"tr","@id":"https:\/\/kwt.meiio.net\/tr\/uzun-omur\/tuep-bebek-ve-kisirlik\/diagnostik#primaryimage","url":"https:\/\/kwt.meiio.net\/wp-content\/uploads\/KWT-8810-Beratung-DrHalis.jpg","contentUrl":"https:\/\/kwt.meiio.net\/wp-content\/uploads\/KWT-8810-Beratung-DrHalis.jpg","width":2000,"height":670},{"@type":"BreadcrumbList","@id":"https:\/\/kwt.meiio.net\/tr\/uzun-omur\/tuep-bebek-ve-kisirlik\/diagnostik#breadcrumb","itemListElement":[{"@type":"ListItem","position":1,"name":"Startseite","item":"https:\/\/kwt.meiio.net\/tr"},{"@type":"ListItem","position":2,"name":"Hizmet alanlar\u0131m\u0131z","item":"https:\/\/kwt.meiio.net\/tr\/uzun-omur"},{"@type":"ListItem","position":3,"name":"T\u00fcp bebek ve k\u0131s\u0131rl\u0131k","item":"https:\/\/kwt.meiio.net\/tr\/uzun-omur\/tuep-bebek-ve-kisirlik"},{"@type":"ListItem","position":4,"name":"Te\u015fhis"}]},{"@type":"WebSite","@id":"https:\/\/kwt.meiio.net\/tr#website","url":"https:\/\/kwt.meiio.net\/tr","name":"Kinderwunschteam Berlin","description":"Kinderwunsch- und Endometriose-Zentrum","publisher":{"@id":"https:\/\/kwt.meiio.net\/tr#organization"},"potentialAction":[{"@type":"SearchAction","target":{"@type":"EntryPoint","urlTemplate":"https:\/\/kwt.meiio.net\/tr?s={search_term_string}"},"query-input":{"@type":"PropertyValueSpecification","valueRequired":true,"valueName":"search_term_string"}}],"inLanguage":"tr"},{"@type":"Organization","@id":"https:\/\/kwt.meiio.net\/tr#organization","name":"Kinderwunschteam Berlin","url":"https:\/\/kwt.meiio.net\/tr","logo":{"@type":"ImageObject","inLanguage":"tr","@id":"https:\/\/kwt.meiio.net\/tr#\/schema\/logo\/image\/","url":"https:\/\/kwt.meiio.net\/wp-content\/uploads\/Logo-KinderwunschteamBerlin-NavBar@2.png","contentUrl":"https:\/\/kwt.meiio.net\/wp-content\/uploads\/Logo-KinderwunschteamBerlin-NavBar@2.png","width":800,"height":200,"caption":"Kinderwunschteam Berlin"},"image":{"@id":"https:\/\/kwt.meiio.net\/tr#\/schema\/logo\/image\/"},"sameAs":["https:\/\/www.facebook.com\/kinderwunschteam.berlin\/","https:\/\/www.instagram.com\/kinderwunschteamberlin\/"]}]}},"_links":{"self":[{"href":"https:\/\/kwt.meiio.net\/tr\/wp-json\/wp\/v2\/pages\/7642","targetHints":{"allow":["GET"]}}],"collection":[{"href":"https:\/\/kwt.meiio.net\/tr\/wp-json\/wp\/v2\/pages"}],"about":[{"href":"https:\/\/kwt.meiio.net\/tr\/wp-json\/wp\/v2\/types\/page"}],"author":[{"embeddable":true,"href":"https:\/\/kwt.meiio.net\/tr\/wp-json\/wp\/v2\/users\/6"}],"replies":[{"embeddable":true,"href":"https:\/\/kwt.meiio.net\/tr\/wp-json\/wp\/v2\/comments?post=7642"}],"version-history":[{"count":0,"href":"https:\/\/kwt.meiio.net\/tr\/wp-json\/wp\/v2\/pages\/7642\/revisions"}],"up":[{"embeddable":true,"href":"https:\/\/kwt.meiio.net\/tr\/wp-json\/wp\/v2\/pages\/7487"}],"wp:featuredmedia":[{"embeddable":true,"href":"https:\/\/kwt.meiio.net\/tr\/wp-json\/wp\/v2\/media\/7529"}],"wp:attachment":[{"href":"https:\/\/kwt.meiio.net\/tr\/wp-json\/wp\/v2\/media?parent=7642"}],"curies":[{"name":"wp","href":"https:\/\/api.w.org\/{rel}","templated":true}]}}