{"id":7619,"date":"2010-03-18T00:47:15","date_gmt":"2010-03-17T23:47:15","guid":{"rendered":"https:\/\/www.kinderwunschteam.berlin\/unsere-leistungsbereiche\/komplementaere-therapien\/klassische-homoopathie\/"},"modified":"2020-08-29T00:13:56","modified_gmt":"2020-08-28T22:13:56","slug":"klasik-homeopati","status":"publish","type":"page","link":"https:\/\/kwt.meiio.net\/tr\/uzun-omur\/tamamlayici-terapiler\/klasik-homeopati","title":{"rendered":"Klasik homeopati"},"content":{"rendered":"<p><em>Homeopati<\/em>,\u00a0<em>Samuel Hahnemann<\/em>\u00a0taraf\u0131ndan 1810 y\u0131l\u0131nda kurulmu\u015f bir tedavi y\u00f6ntemidir. Bu y\u00f6ntem, di\u011fer tedavi y\u00f6ntemlerinden \u015f\u00f6yle bir farkl\u0131l\u0131k g\u00f6sterir: Hastal\u0131klar, \u00e7ok kuvvetli seyreltilen maddeler (potens, homeopatik \u00f6l\u00e7\u00fclere getirilen maddeler) kullan\u0131larak tedavi edilir. Bu maddeler, sa\u011fl\u0131kl\u0131 bir insanda, hastal\u0131kl\u0131 olanlar\u0131n semptomlar\u0131na \u00e7ok benzer semptomlar yarat\u0131r.<\/p>\n<p>Klasik homeopati tedavisini uygulayan ki\u015filerin birka\u00e7 y\u0131ll\u0131k ek bir e\u011fitim program\u0131n\u0131 izlemesi ve s\u0131nav\u0131n\u0131 vermesi \u015fartt\u0131r.<\/p>\n<p><em>Homeopati<\/em>, hastaya \u00f6zg\u00fc iritasyonun tedavisi olarak g\u00f6r\u00fclmektedir.<\/p>\n<p>V\u00fccut, ruh ve ak\u0131l birbirleriyle ne kadar uyumlu olursa buna ba\u011fl\u0131 olarak organizman\u0131n reg\u00fclasyonu o kadar iyi sa\u011flan\u0131r -ki size direnme g\u00fcc\u00fc veren de bunlard\u0131r-, hastal\u0131\u011f\u0131n\u0131zdan da o kadar kolay kurtulursunuz. Bu yollarla, ger\u00e7ek bir tedavi m\u00fcmk\u00fcnd\u00fcr ve sa\u011fl\u0131\u011f\u0131n\u0131z giderek daha stabil hale gelir. Ama sadece bu de\u011fil, ya\u015fama g\u00fcc\u00fcn\u00fcz ve ba\u015farma iste\u011finiz artar ve bu sayede ya\u015fam sevinciniz de artar. Tabi, bu zaman\u0131n\u0131z\u0131, sabr\u0131n\u0131z\u0131 ve beraber \u00e7al\u0131\u015fman\u0131z\u0131 gerektiren bir s\u00fcre\u00e7tir.<\/p>\n<p>Homeopatik tedavi ila\u00e7lar\u0131n\u0131n \u00fcretiminde reaksiyon maddesi olarak kullan\u0131lan maddeler genelde do\u011fan\u0131n kendisinden temin edilmektedir. Bunlar bitkiler, mineraller ve k\u00fc\u00e7\u00fck hayvanlar (\u00f6r. ar\u0131n\u0131n kendi zehri) olabilir. \u00dcretim s\u0131ras\u0131nda bu ila\u00e7lar homeotopatik \u00f6l\u00e7\u00fclere getirilir. Yani, \u00e7\u00f6z\u00fcc\u00fc kullan\u0131larak, a\u015fama a\u015fama seyreltilir ve sonra \u00e7alkalanarak yayd\u0131r\u0131l\u0131r. Bu maddelerden baz\u0131lar\u0131 (sofra tuzu gibi), ila\u00e7 olmalar\u0131n\u0131 bu i\u015fleme bor\u00e7ludur. \u00c7\u00fcnk\u00fc ilac\u0131n iyile\u015ftirme g\u00fcc\u00fc madde homeopatik \u00f6l\u00e7\u00fclere getirildi\u011finde ortaya \u00e7\u0131kar. Buna kar\u015f\u0131l\u0131k, g\u00fczelavratotu (atropa belladonna) gibi di\u011fer maddeler, bu i\u015flem s\u0131ras\u0131nda zehirliliklerini kaybeder. Sadece v\u00fccudunuz \u00fczerinde iyile\u015ftirici bir etki yaratacak sinyaller \u00f6zelliklerini korur.<\/p>\n<p>Homeopatik ila\u00e7lar, az homeopatik \u00f6l\u00e7\u00fclerde belli bir miktar reaksiyon maddesi ve homeotik \u00f6l\u00e7\u00fclere getirme s\u00fcrecinde a\u00e7\u0131\u011fa \u00e7\u0131kan ve \u00e7\u00f6z\u00fcc\u00fc madde i\u00e7inde sinyal i\u00e7ermektedir. Y\u00fcksek derecede uygulanan homeopatik \u00f6l\u00e7\u00fcler (y\u00fcksek potensler), mutlak suretle sinyal i\u00e7erir. Bunun kan\u0131tlanmas\u0131 i\u00e7in \u00e7ok hassas ve bu y\u00fczden pahal\u0131 ve modern do\u011fal bilim ara\u015ft\u0131rmalar\u0131n\u0131n yap\u0131lmas\u0131 gerekmektedir: Biyofotonlar\u0131n \u00f6l\u00e7\u00fcm\u00fc, termol\u00fcminisans, Kirlian foto\u011fraf\u00e7\u0131l\u0131\u011f\u0131 Bunu kitapla kar\u015f\u0131la\u015ft\u0131rabilirsiniz. Kitapta da yazar fiziken orda de\u011fildir, kitap sadece yazar\u0131n d\u00fc\u015f\u00fcnce sinyallerini i\u00e7inde bulundurur. Ya da bir plak d\u00fc\u015f\u00fcn\u00fcn. Bunun oyuklar\u0131ndan \u00e7\u0131kan ses sinyalleri ileride tekrar dinlenmek \u00fczere kaydedilir. Bu y\u00fczden, eserlerinin ve m\u00fczi\u011fin keyfine varabilmemiz i\u00e7in, bir orkestra veya bestecinin ille de yan\u0131m\u0131zda olmas\u0131 gerekmez.<\/p>\n<p>Hastal\u0131\u011f\u0131n ortaya \u00e7\u0131kmas\u0131na yol a\u00e7an (olabilen) her durumun, \u015fikayetlerinizi hafifleten veya daha k\u00f6t\u00fc hale sokan her \u015feyin, anl\u0131k ruha durumunuzun ve hatta \u00f6zel ya\u015fam ko\u015fullar\u0131n\u0131z ve size y\u00fck olan \u015feylerin do\u011fru ilac\u0131 bulman\u0131zda \u00e7ok \u00f6nemli bir yeri vard\u0131r. Ayn\u0131 \u015fekilde, hastal\u0131\u011f\u0131n bireysel t\u00fcm \u00f6zellikleri, \u00f6rne\u011fin hangi s\u0131kl\u0131kla tekrarlad\u0131\u011f\u0131 (G\u00fcn\u00fcn hangi saatinde oldu\u011fu, mevsim, ay\u0131n hangi evrede oldu\u011fu), a\u011fr\u0131n\u0131n \u00f6zellikleri, a\u011fr\u0131ya e\u015flik eden semptomlar (\u201eHer \u2026. \u2026du\u011fumda, ayn\u0131 anda \u2026 ba\u015fl\u0131yor\u201c) veya size garip gelen \u00f6zelliklerde (\u201c \u2026\u2026.hissediyorum\u201c) \u00f6nemli bilgilerdir.<\/p>\n<p>Bu y\u00fczden, bu g\u00f6zlemleri ne kadar iyi yaparsan\u0131z, homeopatistlere \u015fikayetlerinizi o \u00f6l\u00e7\u00fcde do\u011fru aktar\u0131rs\u0131n\u0131z. Bu \u015fekilde ila\u00e7 se\u00e7imi, kendi sa\u011fl\u0131k durumunuza \u00f6zg\u00fcl bir yard\u0131m\u0131 yerine getirir.<\/p>\n<p>Sa\u011fl\u0131\u011f\u0131n\u0131zla ilgili homeopatik bir \u00f6n g\u00f6r\u00fc\u015fme d\u0131\u015f\u0131nda sonraki g\u00f6r\u00fc\u015fmeler de \u00e7ok zaman kayb\u0131na yol a\u00e7t\u0131\u011f\u0131 i\u00e7in, genelde sigorta kart\u0131n\u0131zla \u00f6deme yapman\u0131z m\u00fcmk\u00fcn de\u011fildir. \u201cDoktor \u00f6demeleri i\u00e7in \u00fccret y\u00f6netmeli\u011fi\u201c (GO\u00c4) baz\u0131nda son zamanlarda haz\u0131rlanan \u00f6zel faturalar\u0131n say\u0131s\u0131nda art\u0131\u015f vard\u0131r. Yasal sigortal\u0131lar uzun s\u00fcren ve ciddi kronik hastal\u0131klar\u0131n tedavisinde doktor taraf\u0131ndan muayeneye al\u0131n\u0131rlarsa ve sigortal\u0131lar tedavinin ba\u015f\u0131nda bu tedavi ile ilgili resmi olmayan ba\u015fvurusunda bulunduysa tedavi miktarlar\u0131n\u0131n bir k\u0131sm\u0131 \u015firket taraf\u0131ndan \u00f6denebilir. Her durumda, devlet sigortas\u0131 m\u00fcd\u00fcrl\u00fck binas\u0131na giderek \u015firket m\u00fcd\u00fcr\u00fcyle kar\u015f\u0131l\u0131kl\u0131 g\u00f6r\u00fc\u015fme yapman\u0131z yerinde bir davran\u0131\u015ft\u0131r.<\/p>\n<p>Ayakta tedavileri sa\u011fl\u0131k poli\u00e7esi kapsam\u0131nda olan \u00f6zel sigortal\u0131lar\u0131n homeopatik tedavilerinin masraflar\u0131 genelde ba\u015fka bir i\u015fleme gerek kalmadan kendilerine geri \u00f6denir.<\/p>\n","protected":false},"excerpt":{"rendered":"<p>Homeopati, Samuel Hahnemann taraf\u0131ndan 1810 y\u0131l\u0131nda kurulmu\u015f bir tedavi y\u00f6ntemidir. Bu y\u00f6ntem, di\u011fer normal iyile\u015ftirme y\u00f6ntemlerinden \u015f\u00f6yle bir farkl\u0131l\u0131k g\u00f6sterir: Hastal\u0131klar, \u00e7ok kuvvetli seyreltilen madde (potens, homeopatik \u00f6l\u00e7\u00fclere getirme) kullan\u0131larak tedavi edilir. Bu hastal\u0131klar, sa\u011fl\u0131kl\u0131 bir insanda, hastal\u0131kl\u0131 olanlar\u0131n semptomlar\u0131na \u00e7ok benzer semptomlar yarat\u0131r.<\/p>\n","protected":false},"author":2,"featured_media":7613,"parent":7590,"menu_order":4,"comment_status":"closed","ping_status":"closed","template":"page-siblingnavi.php","meta":{"footnotes":""},"class_list":["post-7619","page","type-page","status-publish","has-post-thumbnail","hentry"],"yoast_head":"<!-- This site is optimized with the Yoast SEO plugin v25.6 - https:\/\/yoast.com\/wordpress\/plugins\/seo\/ -->\n<title>Klasik homeopati &#8226; Kinderwunschteam Berlin<\/title>\n<meta name=\"description\" content=\"Homeopati, Samuel Hahnemann taraf\u0131ndan 1810 y\u0131l\u0131nda kurulmu\u015f bir tedavi y\u00f6ntemidir. Bu y\u00f6ntem, di\u011fer normal iyile\u015ftirme y\u00f6ntemlerinden \u015f\u00f6yle bir farkl\u0131l\u0131k g\u00f6sterir: Hastal\u0131klar, \u00e7ok kuvvetli seyreltilen madde (potens, homeopatik \u00f6l\u00e7\u00fclere getirme) kullan\u0131larak tedavi edilir. Bu hastal\u0131klar, sa\u011fl\u0131kl\u0131 bir insanda, hastal\u0131kl\u0131 olanlar\u0131n semptomlar\u0131na \u00e7ok benzer semptomlar yarat\u0131r.\" \/>\n<meta name=\"robots\" content=\"noindex, follow, max-snippet:-1, max-image-preview:large, max-video-preview:-1\" \/>\n<meta property=\"og:locale\" content=\"tr_TR\" \/>\n<meta property=\"og:type\" content=\"article\" \/>\n<meta property=\"og:title\" content=\"Klasik homeopati &#8226; Kinderwunschteam Berlin\" \/>\n<meta property=\"og:description\" content=\"Homeopati, Samuel Hahnemann taraf\u0131ndan 1810 y\u0131l\u0131nda kurulmu\u015f bir tedavi y\u00f6ntemidir. Bu y\u00f6ntem, di\u011fer normal iyile\u015ftirme y\u00f6ntemlerinden \u015f\u00f6yle bir farkl\u0131l\u0131k g\u00f6sterir: Hastal\u0131klar, \u00e7ok kuvvetli seyreltilen madde (potens, homeopatik \u00f6l\u00e7\u00fclere getirme) kullan\u0131larak tedavi edilir. Bu hastal\u0131klar, sa\u011fl\u0131kl\u0131 bir insanda, hastal\u0131kl\u0131 olanlar\u0131n semptomlar\u0131na \u00e7ok benzer semptomlar yarat\u0131r.\" \/>\n<meta property=\"og:url\" content=\"https:\/\/kwt.meiio.net\/tr\/uzun-omur\/tamamlayici-terapiler\/klasik-homeopati\" \/>\n<meta property=\"og:site_name\" content=\"Kinderwunschteam Berlin\" \/>\n<meta property=\"article:publisher\" content=\"https:\/\/www.facebook.com\/kinderwunschteam.berlin\/\" \/>\n<meta property=\"article:modified_time\" content=\"2020-08-28T22:13:56+00:00\" \/>\n<meta property=\"og:image\" content=\"https:\/\/kwt.meiio.net\/wp-content\/uploads\/KWT-9858-Komplementaere-Therapien.jpg\" \/>\n\t<meta property=\"og:image:width\" content=\"2000\" \/>\n\t<meta property=\"og:image:height\" content=\"670\" \/>\n\t<meta property=\"og:image:type\" content=\"image\/jpeg\" \/>\n<meta name=\"twitter:card\" content=\"summary_large_image\" \/>\n<script type=\"application\/ld+json\" class=\"yoast-schema-graph\">{\"@context\":\"https:\/\/schema.org\",\"@graph\":[{\"@type\":\"WebPage\",\"@id\":\"https:\/\/kwt.meiio.net\/tr\/uzun-omur\/tamamlayici-terapiler\/klasik-homeopati\",\"url\":\"https:\/\/kwt.meiio.net\/tr\/uzun-omur\/tamamlayici-terapiler\/klasik-homeopati\",\"name\":\"Klasik homeopati &#8226; Kinderwunschteam Berlin\",\"isPartOf\":{\"@id\":\"https:\/\/kwt.meiio.net\/tr#website\"},\"primaryImageOfPage\":{\"@id\":\"https:\/\/kwt.meiio.net\/tr\/uzun-omur\/tamamlayici-terapiler\/klasik-homeopati#primaryimage\"},\"image\":{\"@id\":\"https:\/\/kwt.meiio.net\/tr\/uzun-omur\/tamamlayici-terapiler\/klasik-homeopati#primaryimage\"},\"thumbnailUrl\":\"https:\/\/kwt.meiio.net\/wp-content\/uploads\/KWT-9858-Komplementaere-Therapien.jpg\",\"datePublished\":\"2010-03-17T23:47:15+00:00\",\"dateModified\":\"2020-08-28T22:13:56+00:00\",\"description\":\"Homeopati, Samuel Hahnemann taraf\u0131ndan 1810 y\u0131l\u0131nda kurulmu\u015f bir tedavi y\u00f6ntemidir. Bu y\u00f6ntem, di\u011fer normal iyile\u015ftirme y\u00f6ntemlerinden \u015f\u00f6yle bir farkl\u0131l\u0131k g\u00f6sterir: Hastal\u0131klar, \u00e7ok kuvvetli seyreltilen madde (potens, homeopatik \u00f6l\u00e7\u00fclere getirme) kullan\u0131larak tedavi edilir. Bu hastal\u0131klar, sa\u011fl\u0131kl\u0131 bir insanda, hastal\u0131kl\u0131 olanlar\u0131n semptomlar\u0131na \u00e7ok benzer semptomlar yarat\u0131r.\",\"breadcrumb\":{\"@id\":\"https:\/\/kwt.meiio.net\/tr\/uzun-omur\/tamamlayici-terapiler\/klasik-homeopati#breadcrumb\"},\"inLanguage\":\"tr\",\"potentialAction\":[{\"@type\":\"ReadAction\",\"target\":[\"https:\/\/kwt.meiio.net\/tr\/uzun-omur\/tamamlayici-terapiler\/klasik-homeopati\"]}]},{\"@type\":\"ImageObject\",\"inLanguage\":\"tr\",\"@id\":\"https:\/\/kwt.meiio.net\/tr\/uzun-omur\/tamamlayici-terapiler\/klasik-homeopati#primaryimage\",\"url\":\"https:\/\/kwt.meiio.net\/wp-content\/uploads\/KWT-9858-Komplementaere-Therapien.jpg\",\"contentUrl\":\"https:\/\/kwt.meiio.net\/wp-content\/uploads\/KWT-9858-Komplementaere-Therapien.jpg\",\"width\":2000,\"height\":670},{\"@type\":\"BreadcrumbList\",\"@id\":\"https:\/\/kwt.meiio.net\/tr\/uzun-omur\/tamamlayici-terapiler\/klasik-homeopati#breadcrumb\",\"itemListElement\":[{\"@type\":\"ListItem\",\"position\":1,\"name\":\"Startseite\",\"item\":\"https:\/\/kwt.meiio.net\/tr\"},{\"@type\":\"ListItem\",\"position\":2,\"name\":\"Hizmet alanlar\u0131m\u0131z\",\"item\":\"https:\/\/kwt.meiio.net\/tr\/uzun-omur\"},{\"@type\":\"ListItem\",\"position\":3,\"name\":\"Tamamlay\u0131c\u0131 terapiler\",\"item\":\"https:\/\/kwt.meiio.net\/tr\/uzun-omur\/tamamlayici-terapiler\"},{\"@type\":\"ListItem\",\"position\":4,\"name\":\"Klasik homeopati\"}]},{\"@type\":\"WebSite\",\"@id\":\"https:\/\/kwt.meiio.net\/tr#website\",\"url\":\"https:\/\/kwt.meiio.net\/tr\",\"name\":\"Kinderwunschteam Berlin\",\"description\":\"Kinderwunsch- und Endometriose-Zentrum\",\"publisher\":{\"@id\":\"https:\/\/kwt.meiio.net\/tr#organization\"},\"potentialAction\":[{\"@type\":\"SearchAction\",\"target\":{\"@type\":\"EntryPoint\",\"urlTemplate\":\"https:\/\/kwt.meiio.net\/tr?s={search_term_string}\"},\"query-input\":{\"@type\":\"PropertyValueSpecification\",\"valueRequired\":true,\"valueName\":\"search_term_string\"}}],\"inLanguage\":\"tr\"},{\"@type\":\"Organization\",\"@id\":\"https:\/\/kwt.meiio.net\/tr#organization\",\"name\":\"Kinderwunschteam Berlin\",\"url\":\"https:\/\/kwt.meiio.net\/tr\",\"logo\":{\"@type\":\"ImageObject\",\"inLanguage\":\"tr\",\"@id\":\"https:\/\/kwt.meiio.net\/tr#\/schema\/logo\/image\/\",\"url\":\"https:\/\/kwt.meiio.net\/wp-content\/uploads\/Logo-KinderwunschteamBerlin-NavBar@2.png\",\"contentUrl\":\"https:\/\/kwt.meiio.net\/wp-content\/uploads\/Logo-KinderwunschteamBerlin-NavBar@2.png\",\"width\":800,\"height\":200,\"caption\":\"Kinderwunschteam Berlin\"},\"image\":{\"@id\":\"https:\/\/kwt.meiio.net\/tr#\/schema\/logo\/image\/\"},\"sameAs\":[\"https:\/\/www.facebook.com\/kinderwunschteam.berlin\/\",\"https:\/\/www.instagram.com\/kinderwunschteamberlin\/\"]}]}<\/script>\n<!-- \/ Yoast SEO plugin. -->","yoast_head_json":{"title":"Klasik homeopati &#8226; Kinderwunschteam Berlin","description":"Homeopati, Samuel Hahnemann taraf\u0131ndan 1810 y\u0131l\u0131nda kurulmu\u015f bir tedavi y\u00f6ntemidir. Bu y\u00f6ntem, di\u011fer normal iyile\u015ftirme y\u00f6ntemlerinden \u015f\u00f6yle bir farkl\u0131l\u0131k g\u00f6sterir: Hastal\u0131klar, \u00e7ok kuvvetli seyreltilen madde (potens, homeopatik \u00f6l\u00e7\u00fclere getirme) kullan\u0131larak tedavi edilir. Bu hastal\u0131klar, sa\u011fl\u0131kl\u0131 bir insanda, hastal\u0131kl\u0131 olanlar\u0131n semptomlar\u0131na \u00e7ok benzer semptomlar yarat\u0131r.","robots":{"index":"noindex","follow":"follow","max-snippet":"max-snippet:-1","max-image-preview":"max-image-preview:large","max-video-preview":"max-video-preview:-1"},"og_locale":"tr_TR","og_type":"article","og_title":"Klasik homeopati &#8226; Kinderwunschteam Berlin","og_description":"Homeopati, Samuel Hahnemann taraf\u0131ndan 1810 y\u0131l\u0131nda kurulmu\u015f bir tedavi y\u00f6ntemidir. Bu y\u00f6ntem, di\u011fer normal iyile\u015ftirme y\u00f6ntemlerinden \u015f\u00f6yle bir farkl\u0131l\u0131k g\u00f6sterir: Hastal\u0131klar, \u00e7ok kuvvetli seyreltilen madde (potens, homeopatik \u00f6l\u00e7\u00fclere getirme) kullan\u0131larak tedavi edilir. Bu hastal\u0131klar, sa\u011fl\u0131kl\u0131 bir insanda, hastal\u0131kl\u0131 olanlar\u0131n semptomlar\u0131na \u00e7ok benzer semptomlar yarat\u0131r.","og_url":"https:\/\/kwt.meiio.net\/tr\/uzun-omur\/tamamlayici-terapiler\/klasik-homeopati","og_site_name":"Kinderwunschteam Berlin","article_publisher":"https:\/\/www.facebook.com\/kinderwunschteam.berlin\/","article_modified_time":"2020-08-28T22:13:56+00:00","og_image":[{"width":2000,"height":670,"url":"https:\/\/kwt.meiio.net\/wp-content\/uploads\/KWT-9858-Komplementaere-Therapien.jpg","type":"image\/jpeg"}],"twitter_card":"summary_large_image","schema":{"@context":"https:\/\/schema.org","@graph":[{"@type":"WebPage","@id":"https:\/\/kwt.meiio.net\/tr\/uzun-omur\/tamamlayici-terapiler\/klasik-homeopati","url":"https:\/\/kwt.meiio.net\/tr\/uzun-omur\/tamamlayici-terapiler\/klasik-homeopati","name":"Klasik homeopati &#8226; Kinderwunschteam Berlin","isPartOf":{"@id":"https:\/\/kwt.meiio.net\/tr#website"},"primaryImageOfPage":{"@id":"https:\/\/kwt.meiio.net\/tr\/uzun-omur\/tamamlayici-terapiler\/klasik-homeopati#primaryimage"},"image":{"@id":"https:\/\/kwt.meiio.net\/tr\/uzun-omur\/tamamlayici-terapiler\/klasik-homeopati#primaryimage"},"thumbnailUrl":"https:\/\/kwt.meiio.net\/wp-content\/uploads\/KWT-9858-Komplementaere-Therapien.jpg","datePublished":"2010-03-17T23:47:15+00:00","dateModified":"2020-08-28T22:13:56+00:00","description":"Homeopati, Samuel Hahnemann taraf\u0131ndan 1810 y\u0131l\u0131nda kurulmu\u015f bir tedavi y\u00f6ntemidir. Bu y\u00f6ntem, di\u011fer normal iyile\u015ftirme y\u00f6ntemlerinden \u015f\u00f6yle bir farkl\u0131l\u0131k g\u00f6sterir: Hastal\u0131klar, \u00e7ok kuvvetli seyreltilen madde (potens, homeopatik \u00f6l\u00e7\u00fclere getirme) kullan\u0131larak tedavi edilir. Bu hastal\u0131klar, sa\u011fl\u0131kl\u0131 bir insanda, hastal\u0131kl\u0131 olanlar\u0131n semptomlar\u0131na \u00e7ok benzer semptomlar yarat\u0131r.","breadcrumb":{"@id":"https:\/\/kwt.meiio.net\/tr\/uzun-omur\/tamamlayici-terapiler\/klasik-homeopati#breadcrumb"},"inLanguage":"tr","potentialAction":[{"@type":"ReadAction","target":["https:\/\/kwt.meiio.net\/tr\/uzun-omur\/tamamlayici-terapiler\/klasik-homeopati"]}]},{"@type":"ImageObject","inLanguage":"tr","@id":"https:\/\/kwt.meiio.net\/tr\/uzun-omur\/tamamlayici-terapiler\/klasik-homeopati#primaryimage","url":"https:\/\/kwt.meiio.net\/wp-content\/uploads\/KWT-9858-Komplementaere-Therapien.jpg","contentUrl":"https:\/\/kwt.meiio.net\/wp-content\/uploads\/KWT-9858-Komplementaere-Therapien.jpg","width":2000,"height":670},{"@type":"BreadcrumbList","@id":"https:\/\/kwt.meiio.net\/tr\/uzun-omur\/tamamlayici-terapiler\/klasik-homeopati#breadcrumb","itemListElement":[{"@type":"ListItem","position":1,"name":"Startseite","item":"https:\/\/kwt.meiio.net\/tr"},{"@type":"ListItem","position":2,"name":"Hizmet alanlar\u0131m\u0131z","item":"https:\/\/kwt.meiio.net\/tr\/uzun-omur"},{"@type":"ListItem","position":3,"name":"Tamamlay\u0131c\u0131 terapiler","item":"https:\/\/kwt.meiio.net\/tr\/uzun-omur\/tamamlayici-terapiler"},{"@type":"ListItem","position":4,"name":"Klasik homeopati"}]},{"@type":"WebSite","@id":"https:\/\/kwt.meiio.net\/tr#website","url":"https:\/\/kwt.meiio.net\/tr","name":"Kinderwunschteam Berlin","description":"Kinderwunsch- und Endometriose-Zentrum","publisher":{"@id":"https:\/\/kwt.meiio.net\/tr#organization"},"potentialAction":[{"@type":"SearchAction","target":{"@type":"EntryPoint","urlTemplate":"https:\/\/kwt.meiio.net\/tr?s={search_term_string}"},"query-input":{"@type":"PropertyValueSpecification","valueRequired":true,"valueName":"search_term_string"}}],"inLanguage":"tr"},{"@type":"Organization","@id":"https:\/\/kwt.meiio.net\/tr#organization","name":"Kinderwunschteam Berlin","url":"https:\/\/kwt.meiio.net\/tr","logo":{"@type":"ImageObject","inLanguage":"tr","@id":"https:\/\/kwt.meiio.net\/tr#\/schema\/logo\/image\/","url":"https:\/\/kwt.meiio.net\/wp-content\/uploads\/Logo-KinderwunschteamBerlin-NavBar@2.png","contentUrl":"https:\/\/kwt.meiio.net\/wp-content\/uploads\/Logo-KinderwunschteamBerlin-NavBar@2.png","width":800,"height":200,"caption":"Kinderwunschteam Berlin"},"image":{"@id":"https:\/\/kwt.meiio.net\/tr#\/schema\/logo\/image\/"},"sameAs":["https:\/\/www.facebook.com\/kinderwunschteam.berlin\/","https:\/\/www.instagram.com\/kinderwunschteamberlin\/"]}]}},"_links":{"self":[{"href":"https:\/\/kwt.meiio.net\/tr\/wp-json\/wp\/v2\/pages\/7619","targetHints":{"allow":["GET"]}}],"collection":[{"href":"https:\/\/kwt.meiio.net\/tr\/wp-json\/wp\/v2\/pages"}],"about":[{"href":"https:\/\/kwt.meiio.net\/tr\/wp-json\/wp\/v2\/types\/page"}],"author":[{"embeddable":true,"href":"https:\/\/kwt.meiio.net\/tr\/wp-json\/wp\/v2\/users\/2"}],"replies":[{"embeddable":true,"href":"https:\/\/kwt.meiio.net\/tr\/wp-json\/wp\/v2\/comments?post=7619"}],"version-history":[{"count":0,"href":"https:\/\/kwt.meiio.net\/tr\/wp-json\/wp\/v2\/pages\/7619\/revisions"}],"up":[{"embeddable":true,"href":"https:\/\/kwt.meiio.net\/tr\/wp-json\/wp\/v2\/pages\/7590"}],"wp:featuredmedia":[{"embeddable":true,"href":"https:\/\/kwt.meiio.net\/tr\/wp-json\/wp\/v2\/media\/7613"}],"wp:attachment":[{"href":"https:\/\/kwt.meiio.net\/tr\/wp-json\/wp\/v2\/media?parent=7619"}],"curies":[{"name":"wp","href":"https:\/\/api.w.org\/{rel}","templated":true}]}}