{"id":7615,"date":"2010-03-18T00:44:15","date_gmt":"2010-03-17T23:44:15","guid":{"rendered":"https:\/\/www.kinderwunschteam.berlin\/?page_id=7615"},"modified":"2020-08-29T00:13:37","modified_gmt":"2020-08-28T22:13:37","slug":"biyorezonans-terapisi","status":"publish","type":"page","link":"https:\/\/kwt.meiio.net\/tr\/uzun-omur\/tamamlayici-terapiler\/biyorezonans-terapisi","title":{"rendered":"Biyorezonans terapisi"},"content":{"rendered":"<p>Biyorezonans terapi, bir biyofizik terapi y\u00f6ntemidir. Bu terapide hastaya ait, elektromanyetik sal\u0131n\u0131m spektrumu ile \u00e7al\u0131\u015f\u0131l\u0131r. Ba\u015fka bir deyi\u015fle, bu y\u00f6ntemde hastaya ve maddeye ait sal\u0131n\u0131m verileri kullan\u0131l\u0131r.<\/p>\n<p>Biyorezonans terapi, v\u00fccudunuzun kendi enerji alan\u0131n\u0131 kullan\u0131r. V\u00fccudunuz (organlar, h\u00fccreler, dokular vs.) elektromanyetik sal\u0131n\u0131mlar g\u00f6nderir. Biyorezonans, bu sal\u0131n\u0131mlar\u0131 v\u00fccudunuza yerle\u015ftirilen elektrotlar \u00fczerinden kaydeder ve (seviyeyi de\u011fi\u015ftirerek) hastal\u0131kl\u0131 sal\u0131n\u0131mlar\u0131 elektronik olarak de\u011fi\u015ftirir ve bu sinyalleri tedavi sal\u0131n\u0131m\u0131 olarak v\u00fccudunuza geri g\u00f6nderir. V\u00fccuda rahats\u0131zl\u0131k veren sinyaller (\u00e7evre problemlerinin sal\u0131n\u0131m \u00f6rne\u011fi) azalt\u0131l\u0131r. En iyi ihtimalle tamamen yok edilir. Bu, organizman\u0131n kendi kendini iyi etmek i\u00e7in g\u00fc\u00e7 bulmas\u0131n\u0131 sa\u011flar. Biz bu tedaviyle v\u00fccudu, kendini daha iyi reg\u00fcle edebilecek ve kendi zehrini \u00e7\u0131karabilecek bir konuma getiriyoruz.<\/p>\n<p>Biyorezonans tedavisi iyile\u015ftirmek i\u00e7in maddelerin sal\u0131n\u0131m\u0131ndan da yararlanmaktad\u0131r (mesela hassas olunan g\u0131da, vir\u00fcs, bakteri ve mantar d\u0131\u015f\u0131nda a\u011f\u0131r metaller, bitki koruyucu maddeler, \u00e7evreye zarar veren maddeler ve hassas oldu\u011funuz di\u015f malzemeleri). Bu tip maddelere kar\u015f\u0131 bir rahats\u0131zl\u0131\u011f\u0131n\u0131z oldu\u011fu takdirde, size uygun maddenin tam kar\u015f\u0131t bilgisini salarak v\u00fccudunuzdaki t\u00fcm enerji etkilerini d\u00fc\u015f\u00fcrebiliriz. Bu \u015fekilde, v\u00fccudun savunma ve iyile\u015ftirme mekanizmalar\u0131 belirgin bir \u015fekilde g\u00fc\u00e7 kazan\u0131r.<\/p>\n<p>BICOM cihaz\u0131, kablodan ge\u00e7en sal\u0131n\u0131mlar\u0131 EKG veya beyin ak\u0131m\u0131 grafiklerinde oldu\u011fu \u015fekilde kaydeder. Bu y\u00f6ntem i\u00e7in farkl\u0131 elektrotlardan yararlan\u0131l\u0131r (\u00d6r. El elektrotlar\u0131, ayak elektrotlar\u0131, silindir elektrotlar, esnek elektrotlar vb.). Bir nokta elektrodu ile a\u011fr\u0131yan noktalar\u0131n, akupunktur noktalar\u0131n\u0131n de\u011ferleri al\u0131n\u0131r.<\/p>\n<p>Cihazdaki biyolojik bir filtre, sa\u011fl\u0131kl\u0131 sal\u0131n\u0131mlar\u0131 hastal\u0131kl\u0131 sal\u0131n\u0131mlardan ay\u0131r\u0131r. Sa\u011fl\u0131kl\u0131 sal\u0131n\u0131mlar,<\/p>\n<p>kuvvetlendirilmi\u015f veya pasifle\u015ftirilmi\u015f olarak hastaya geri g\u00f6nderilir. Hastal\u0131kl\u0131 olanlar\u0131 elektronik yollardan sapt\u0131r\u0131l\u0131r ve geri g\u00f6nderilir. Bu \u015fekilde iyile\u015fen ters sal\u0131n\u0131mlar, hastal\u0131kl\u0131 sal\u0131n\u0131mlar\u0131 zay\u0131flat\u0131r veya (en iyi durumda) \u00e7\u00f6zerler. Bu \u015fekilde v\u00fccuttaki fonksiyon bozukluklar\u0131 d\u00fczeltilir. Cihaz\u0131n ayar\u0131 tedavi eden ki\u015fi taraf\u0131ndan yap\u0131l\u0131r. Ayar<\/p>\n<p>yap\u0131l\u0131rken, bir\u015fey hissetmezsiniz. Ama \u00f6zellikle v\u00fccudunuzun iyi hissetmeyen b\u00f6lgelerinde hafif bir s\u0131cakl\u0131k, ka\u015f\u0131nt\u0131 veya a\u011fr\u0131 duyman\u0131z m\u00fcmk\u00fcnd\u00fcr. Di\u015f veya yara izi gibi eski yaral\u0131 b\u00f6lgeler (eski, tamamen iyile\u015fmeyen yaralar) tekrar ortaya \u00e7\u0131kabilir. Bu y\u00fczden, g\u00f6zlemlerinizi terapistinize direkt tedavi s\u0131ras\u0131nda<\/p>\n<p>ya da tedavi sonras\u0131nda anlat\u0131n. Mesela evde ortaya \u00e7\u0131kan semptomlar\u0131 (s\u00fcrekli burun akmas\u0131 veya ishal \u015feklinde v\u00fccut bulan kuvvetli bir su-madde kayb\u0131n\u0131) kronolojik olarak not al\u0131n ve sonraki tedavinizde bu not ald\u0131klar\u0131n\u0131z\u0131 terapistinize g\u00f6sterin.<\/p>\n<h3>Biyorezonsans terapisiyle \u00f6zellikle tedavi edilebilecek hastal\u0131klardan bir k\u0131sm\u0131 a\u015fa\u011f\u0131da verilmi\u015ftir:<\/h3>\n<h4>Cilt hastal\u0131klar\u0131:<\/h4>\n<ul>\n<li>Egzantem, n\u00f6rodermit, egzama, kurde\u015fen,<\/li>\n<\/ul>\n<ul>\n<li>G\u00fcne\u015f alerjisi, sedef hastal\u0131\u011f\u0131, vitiligo, sa\u00e7 d\u00f6k\u00fclmesi, romatizma.<\/li>\n<\/ul>\n<h4>Solunum organlar\u0131 hastal\u0131klar\u0131:<\/h4>\n<ul>\n<li>Ast\u0131m, bahar nezlesi, kronik sin\u00fczit, kronik bron\u015fit<\/li>\n<\/ul>\n<h4>Sindirim sistemi hastal\u0131klar\u0131:<\/h4>\n<ul>\n<li>\u00dclseratif kolit, ishal, midede gaz toplanmas\u0131, kab\u0131z, gastrit, kolit<\/li>\n<\/ul>\n<h4>Sinir hastal\u0131klar\u0131:<\/h4>\n<ul>\n<li>Migren, kulak \u00e7\u0131nlamas\u0131, tenis\u00e7i dirse\u011fi hastal\u0131\u011f\u0131, trigeminal nevralji<\/li>\n<\/ul>\n<ul>\n<li>ayn\u0131 zamanda Candida gibi mantar hastal\u0131klar\u0131, sadece ba\u011f\u0131\u015f\u0131kl\u0131k sistemi zay\u0131f olan alerjik bir b\u00fcnyede alerjilerle ba\u011flant\u0131l\u0131 olarak g\u00f6r\u00fclebilir.<\/li>\n<\/ul>\n<p><strong>Dikkat:<\/strong><\/p>\n<p>Olabildi\u011fince az \u015feker yiyin. \u015eeker, ba\u011f\u0131rsak bakterilerine zarar verir ve ba\u011f\u0131rsakla ilgili bir\u00e7ok hastal\u0131\u011f\u0131n ortaya \u00e7\u0131k\u0131\u015f\u0131na elveri\u015fli bir ortam haz\u0131rlar. T\u00fcm tedavi s\u00fcresince g\u00fcnde 1,5-2 l mineralsiz su i\u00e7in. V\u00fccudunuzdaki zararl\u0131 maddeleri atman\u0131z sadece mineralsiz su ile m\u00fcmk\u00fcn olur. Bu nedenle, mineralsiz su zehri v\u00fccuttan atmak i\u00e7in ideal bir i\u00e7ecektir. Tedavi \u00f6ncesi ve sonras\u0131nda en az alt\u0131 saat kahve ve alkol i\u00e7memeniz gerekmektedir.<\/p>\n<p>Terapi sonras\u0131 yorgunluk, s\u0131cak basmas\u0131 ya da \u00fc\u015f\u00fcme ya da hafif terleme, v\u00fccudun tedaviye verdi\u011fi tepkilerdir ve genelde k\u0131sa bir s\u00fcre sonra kendili\u011finden ge\u00e7erler. Tedavi tamamen a\u011fr\u0131s\u0131zd\u0131r!<\/p>\n","protected":false},"excerpt":{"rendered":"<p>Biyorezonans terapi, bir biyofizik terapi y\u00f6ntemidir. Bu terapide hastaya ait, elektromanyetik sal\u0131n\u0131m spektrumu ile \u00e7al\u0131\u015f\u0131l\u0131r. Ba\u015fka bir deyi\u015fle, bu y\u00f6ntemde hastaya ve maddeye ait sal\u0131n\u0131m verileri kullan\u0131l\u0131r.<\/p>\n","protected":false},"author":2,"featured_media":7613,"parent":7590,"menu_order":3,"comment_status":"closed","ping_status":"closed","template":"page-siblingnavi.php","meta":{"footnotes":""},"class_list":["post-7615","page","type-page","status-publish","has-post-thumbnail","hentry"],"yoast_head":"<!-- This site is optimized with the Yoast SEO plugin v25.6 - https:\/\/yoast.com\/wordpress\/plugins\/seo\/ -->\n<title>Biyorezonans terapisi &#8226; Kinderwunschteam Berlin<\/title>\n<meta name=\"description\" content=\"Biyorezonans terapi, bir biyofizik terapi y\u00f6ntemidir. Bu terapide hastaya ait, elektromanyetik sal\u0131n\u0131m spektrumu ile \u00e7al\u0131\u015f\u0131l\u0131r. Ba\u015fka bir deyi\u015fle, bu y\u00f6ntemde hastaya ve maddeye ait sal\u0131n\u0131m verileri kullan\u0131l\u0131r.\" \/>\n<meta name=\"robots\" content=\"noindex, follow, max-snippet:-1, max-image-preview:large, max-video-preview:-1\" \/>\n<meta property=\"og:locale\" content=\"tr_TR\" \/>\n<meta property=\"og:type\" content=\"article\" \/>\n<meta property=\"og:title\" content=\"Biyorezonans terapisi &#8226; Kinderwunschteam Berlin\" \/>\n<meta property=\"og:description\" content=\"Biyorezonans terapi, bir biyofizik terapi y\u00f6ntemidir. Bu terapide hastaya ait, elektromanyetik sal\u0131n\u0131m spektrumu ile \u00e7al\u0131\u015f\u0131l\u0131r. Ba\u015fka bir deyi\u015fle, bu y\u00f6ntemde hastaya ve maddeye ait sal\u0131n\u0131m verileri kullan\u0131l\u0131r.\" \/>\n<meta property=\"og:url\" content=\"https:\/\/kwt.meiio.net\/tr\/uzun-omur\/tamamlayici-terapiler\/biyorezonans-terapisi\" \/>\n<meta property=\"og:site_name\" content=\"Kinderwunschteam Berlin\" \/>\n<meta property=\"article:publisher\" content=\"https:\/\/www.facebook.com\/kinderwunschteam.berlin\/\" \/>\n<meta property=\"article:modified_time\" content=\"2020-08-28T22:13:37+00:00\" \/>\n<meta property=\"og:image\" content=\"https:\/\/kwt.meiio.net\/wp-content\/uploads\/KWT-9858-Komplementaere-Therapien.jpg\" \/>\n\t<meta property=\"og:image:width\" content=\"2000\" \/>\n\t<meta property=\"og:image:height\" content=\"670\" \/>\n\t<meta property=\"og:image:type\" content=\"image\/jpeg\" \/>\n<meta name=\"twitter:card\" content=\"summary_large_image\" \/>\n<script type=\"application\/ld+json\" class=\"yoast-schema-graph\">{\"@context\":\"https:\/\/schema.org\",\"@graph\":[{\"@type\":\"WebPage\",\"@id\":\"https:\/\/kwt.meiio.net\/tr\/uzun-omur\/tamamlayici-terapiler\/biyorezonans-terapisi\",\"url\":\"https:\/\/kwt.meiio.net\/tr\/uzun-omur\/tamamlayici-terapiler\/biyorezonans-terapisi\",\"name\":\"Biyorezonans terapisi &#8226; Kinderwunschteam Berlin\",\"isPartOf\":{\"@id\":\"https:\/\/kwt.meiio.net\/tr#website\"},\"primaryImageOfPage\":{\"@id\":\"https:\/\/kwt.meiio.net\/tr\/uzun-omur\/tamamlayici-terapiler\/biyorezonans-terapisi#primaryimage\"},\"image\":{\"@id\":\"https:\/\/kwt.meiio.net\/tr\/uzun-omur\/tamamlayici-terapiler\/biyorezonans-terapisi#primaryimage\"},\"thumbnailUrl\":\"https:\/\/kwt.meiio.net\/wp-content\/uploads\/KWT-9858-Komplementaere-Therapien.jpg\",\"datePublished\":\"2010-03-17T23:44:15+00:00\",\"dateModified\":\"2020-08-28T22:13:37+00:00\",\"description\":\"Biyorezonans terapi, bir biyofizik terapi y\u00f6ntemidir. Bu terapide hastaya ait, elektromanyetik sal\u0131n\u0131m spektrumu ile \u00e7al\u0131\u015f\u0131l\u0131r. Ba\u015fka bir deyi\u015fle, bu y\u00f6ntemde hastaya ve maddeye ait sal\u0131n\u0131m verileri kullan\u0131l\u0131r.\",\"breadcrumb\":{\"@id\":\"https:\/\/kwt.meiio.net\/tr\/uzun-omur\/tamamlayici-terapiler\/biyorezonans-terapisi#breadcrumb\"},\"inLanguage\":\"tr\",\"potentialAction\":[{\"@type\":\"ReadAction\",\"target\":[\"https:\/\/kwt.meiio.net\/tr\/uzun-omur\/tamamlayici-terapiler\/biyorezonans-terapisi\"]}]},{\"@type\":\"ImageObject\",\"inLanguage\":\"tr\",\"@id\":\"https:\/\/kwt.meiio.net\/tr\/uzun-omur\/tamamlayici-terapiler\/biyorezonans-terapisi#primaryimage\",\"url\":\"https:\/\/kwt.meiio.net\/wp-content\/uploads\/KWT-9858-Komplementaere-Therapien.jpg\",\"contentUrl\":\"https:\/\/kwt.meiio.net\/wp-content\/uploads\/KWT-9858-Komplementaere-Therapien.jpg\",\"width\":2000,\"height\":670},{\"@type\":\"BreadcrumbList\",\"@id\":\"https:\/\/kwt.meiio.net\/tr\/uzun-omur\/tamamlayici-terapiler\/biyorezonans-terapisi#breadcrumb\",\"itemListElement\":[{\"@type\":\"ListItem\",\"position\":1,\"name\":\"Startseite\",\"item\":\"https:\/\/kwt.meiio.net\/tr\"},{\"@type\":\"ListItem\",\"position\":2,\"name\":\"Hizmet alanlar\u0131m\u0131z\",\"item\":\"https:\/\/kwt.meiio.net\/tr\/uzun-omur\"},{\"@type\":\"ListItem\",\"position\":3,\"name\":\"Tamamlay\u0131c\u0131 terapiler\",\"item\":\"https:\/\/kwt.meiio.net\/tr\/uzun-omur\/tamamlayici-terapiler\"},{\"@type\":\"ListItem\",\"position\":4,\"name\":\"Biyorezonans terapisi\"}]},{\"@type\":\"WebSite\",\"@id\":\"https:\/\/kwt.meiio.net\/tr#website\",\"url\":\"https:\/\/kwt.meiio.net\/tr\",\"name\":\"Kinderwunschteam Berlin\",\"description\":\"Kinderwunsch- und Endometriose-Zentrum\",\"publisher\":{\"@id\":\"https:\/\/kwt.meiio.net\/tr#organization\"},\"potentialAction\":[{\"@type\":\"SearchAction\",\"target\":{\"@type\":\"EntryPoint\",\"urlTemplate\":\"https:\/\/kwt.meiio.net\/tr?s={search_term_string}\"},\"query-input\":{\"@type\":\"PropertyValueSpecification\",\"valueRequired\":true,\"valueName\":\"search_term_string\"}}],\"inLanguage\":\"tr\"},{\"@type\":\"Organization\",\"@id\":\"https:\/\/kwt.meiio.net\/tr#organization\",\"name\":\"Kinderwunschteam Berlin\",\"url\":\"https:\/\/kwt.meiio.net\/tr\",\"logo\":{\"@type\":\"ImageObject\",\"inLanguage\":\"tr\",\"@id\":\"https:\/\/kwt.meiio.net\/tr#\/schema\/logo\/image\/\",\"url\":\"https:\/\/kwt.meiio.net\/wp-content\/uploads\/Logo-KinderwunschteamBerlin-NavBar@2.png\",\"contentUrl\":\"https:\/\/kwt.meiio.net\/wp-content\/uploads\/Logo-KinderwunschteamBerlin-NavBar@2.png\",\"width\":800,\"height\":200,\"caption\":\"Kinderwunschteam Berlin\"},\"image\":{\"@id\":\"https:\/\/kwt.meiio.net\/tr#\/schema\/logo\/image\/\"},\"sameAs\":[\"https:\/\/www.facebook.com\/kinderwunschteam.berlin\/\",\"https:\/\/www.instagram.com\/kinderwunschteamberlin\/\"]}]}<\/script>\n<!-- \/ Yoast SEO plugin. -->","yoast_head_json":{"title":"Biyorezonans terapisi &#8226; Kinderwunschteam Berlin","description":"Biyorezonans terapi, bir biyofizik terapi y\u00f6ntemidir. Bu terapide hastaya ait, elektromanyetik sal\u0131n\u0131m spektrumu ile \u00e7al\u0131\u015f\u0131l\u0131r. Ba\u015fka bir deyi\u015fle, bu y\u00f6ntemde hastaya ve maddeye ait sal\u0131n\u0131m verileri kullan\u0131l\u0131r.","robots":{"index":"noindex","follow":"follow","max-snippet":"max-snippet:-1","max-image-preview":"max-image-preview:large","max-video-preview":"max-video-preview:-1"},"og_locale":"tr_TR","og_type":"article","og_title":"Biyorezonans terapisi &#8226; Kinderwunschteam Berlin","og_description":"Biyorezonans terapi, bir biyofizik terapi y\u00f6ntemidir. Bu terapide hastaya ait, elektromanyetik sal\u0131n\u0131m spektrumu ile \u00e7al\u0131\u015f\u0131l\u0131r. Ba\u015fka bir deyi\u015fle, bu y\u00f6ntemde hastaya ve maddeye ait sal\u0131n\u0131m verileri kullan\u0131l\u0131r.","og_url":"https:\/\/kwt.meiio.net\/tr\/uzun-omur\/tamamlayici-terapiler\/biyorezonans-terapisi","og_site_name":"Kinderwunschteam Berlin","article_publisher":"https:\/\/www.facebook.com\/kinderwunschteam.berlin\/","article_modified_time":"2020-08-28T22:13:37+00:00","og_image":[{"width":2000,"height":670,"url":"https:\/\/kwt.meiio.net\/wp-content\/uploads\/KWT-9858-Komplementaere-Therapien.jpg","type":"image\/jpeg"}],"twitter_card":"summary_large_image","schema":{"@context":"https:\/\/schema.org","@graph":[{"@type":"WebPage","@id":"https:\/\/kwt.meiio.net\/tr\/uzun-omur\/tamamlayici-terapiler\/biyorezonans-terapisi","url":"https:\/\/kwt.meiio.net\/tr\/uzun-omur\/tamamlayici-terapiler\/biyorezonans-terapisi","name":"Biyorezonans terapisi &#8226; Kinderwunschteam Berlin","isPartOf":{"@id":"https:\/\/kwt.meiio.net\/tr#website"},"primaryImageOfPage":{"@id":"https:\/\/kwt.meiio.net\/tr\/uzun-omur\/tamamlayici-terapiler\/biyorezonans-terapisi#primaryimage"},"image":{"@id":"https:\/\/kwt.meiio.net\/tr\/uzun-omur\/tamamlayici-terapiler\/biyorezonans-terapisi#primaryimage"},"thumbnailUrl":"https:\/\/kwt.meiio.net\/wp-content\/uploads\/KWT-9858-Komplementaere-Therapien.jpg","datePublished":"2010-03-17T23:44:15+00:00","dateModified":"2020-08-28T22:13:37+00:00","description":"Biyorezonans terapi, bir biyofizik terapi y\u00f6ntemidir. Bu terapide hastaya ait, elektromanyetik sal\u0131n\u0131m spektrumu ile \u00e7al\u0131\u015f\u0131l\u0131r. Ba\u015fka bir deyi\u015fle, bu y\u00f6ntemde hastaya ve maddeye ait sal\u0131n\u0131m verileri kullan\u0131l\u0131r.","breadcrumb":{"@id":"https:\/\/kwt.meiio.net\/tr\/uzun-omur\/tamamlayici-terapiler\/biyorezonans-terapisi#breadcrumb"},"inLanguage":"tr","potentialAction":[{"@type":"ReadAction","target":["https:\/\/kwt.meiio.net\/tr\/uzun-omur\/tamamlayici-terapiler\/biyorezonans-terapisi"]}]},{"@type":"ImageObject","inLanguage":"tr","@id":"https:\/\/kwt.meiio.net\/tr\/uzun-omur\/tamamlayici-terapiler\/biyorezonans-terapisi#primaryimage","url":"https:\/\/kwt.meiio.net\/wp-content\/uploads\/KWT-9858-Komplementaere-Therapien.jpg","contentUrl":"https:\/\/kwt.meiio.net\/wp-content\/uploads\/KWT-9858-Komplementaere-Therapien.jpg","width":2000,"height":670},{"@type":"BreadcrumbList","@id":"https:\/\/kwt.meiio.net\/tr\/uzun-omur\/tamamlayici-terapiler\/biyorezonans-terapisi#breadcrumb","itemListElement":[{"@type":"ListItem","position":1,"name":"Startseite","item":"https:\/\/kwt.meiio.net\/tr"},{"@type":"ListItem","position":2,"name":"Hizmet alanlar\u0131m\u0131z","item":"https:\/\/kwt.meiio.net\/tr\/uzun-omur"},{"@type":"ListItem","position":3,"name":"Tamamlay\u0131c\u0131 terapiler","item":"https:\/\/kwt.meiio.net\/tr\/uzun-omur\/tamamlayici-terapiler"},{"@type":"ListItem","position":4,"name":"Biyorezonans terapisi"}]},{"@type":"WebSite","@id":"https:\/\/kwt.meiio.net\/tr#website","url":"https:\/\/kwt.meiio.net\/tr","name":"Kinderwunschteam Berlin","description":"Kinderwunsch- und Endometriose-Zentrum","publisher":{"@id":"https:\/\/kwt.meiio.net\/tr#organization"},"potentialAction":[{"@type":"SearchAction","target":{"@type":"EntryPoint","urlTemplate":"https:\/\/kwt.meiio.net\/tr?s={search_term_string}"},"query-input":{"@type":"PropertyValueSpecification","valueRequired":true,"valueName":"search_term_string"}}],"inLanguage":"tr"},{"@type":"Organization","@id":"https:\/\/kwt.meiio.net\/tr#organization","name":"Kinderwunschteam Berlin","url":"https:\/\/kwt.meiio.net\/tr","logo":{"@type":"ImageObject","inLanguage":"tr","@id":"https:\/\/kwt.meiio.net\/tr#\/schema\/logo\/image\/","url":"https:\/\/kwt.meiio.net\/wp-content\/uploads\/Logo-KinderwunschteamBerlin-NavBar@2.png","contentUrl":"https:\/\/kwt.meiio.net\/wp-content\/uploads\/Logo-KinderwunschteamBerlin-NavBar@2.png","width":800,"height":200,"caption":"Kinderwunschteam Berlin"},"image":{"@id":"https:\/\/kwt.meiio.net\/tr#\/schema\/logo\/image\/"},"sameAs":["https:\/\/www.facebook.com\/kinderwunschteam.berlin\/","https:\/\/www.instagram.com\/kinderwunschteamberlin\/"]}]}},"_links":{"self":[{"href":"https:\/\/kwt.meiio.net\/tr\/wp-json\/wp\/v2\/pages\/7615","targetHints":{"allow":["GET"]}}],"collection":[{"href":"https:\/\/kwt.meiio.net\/tr\/wp-json\/wp\/v2\/pages"}],"about":[{"href":"https:\/\/kwt.meiio.net\/tr\/wp-json\/wp\/v2\/types\/page"}],"author":[{"embeddable":true,"href":"https:\/\/kwt.meiio.net\/tr\/wp-json\/wp\/v2\/users\/2"}],"replies":[{"embeddable":true,"href":"https:\/\/kwt.meiio.net\/tr\/wp-json\/wp\/v2\/comments?post=7615"}],"version-history":[{"count":0,"href":"https:\/\/kwt.meiio.net\/tr\/wp-json\/wp\/v2\/pages\/7615\/revisions"}],"up":[{"embeddable":true,"href":"https:\/\/kwt.meiio.net\/tr\/wp-json\/wp\/v2\/pages\/7590"}],"wp:featuredmedia":[{"embeddable":true,"href":"https:\/\/kwt.meiio.net\/tr\/wp-json\/wp\/v2\/media\/7613"}],"wp:attachment":[{"href":"https:\/\/kwt.meiio.net\/tr\/wp-json\/wp\/v2\/media?parent=7615"}],"curies":[{"name":"wp","href":"https:\/\/api.w.org\/{rel}","templated":true}]}}