{"id":7612,"date":"2010-03-18T00:42:50","date_gmt":"2010-03-17T23:42:50","guid":{"rendered":"https:\/\/www.kinderwunschteam.berlin\/unsere-leistungsbereiche\/komplementaere-therapien\/applied-kinesiology-ak\/"},"modified":"2020-08-29T00:13:14","modified_gmt":"2020-08-28T22:13:14","slug":"uygulamali-inesiyoloji-uk","status":"publish","type":"page","link":"https:\/\/kwt.meiio.net\/tr\/uzun-omur\/tamamlayici-terapiler\/uygulamali-inesiyoloji-uk","title":{"rendered":"Uygulamal\u0131 Kinesiyoloji (UK)"},"content":{"rendered":"<p><em>Uygulamal\u0131 Kinesiyoloji (UK)<\/em>\u2019nin kurucusu olan Amerikal\u0131\u00a0<em>kiropraktik doktoru George Goodheart<\/em>, 60\u2019l\u0131 y\u0131llarda v\u00fccudun kas\u0131 ilgilendiren k\u0131s\u0131mlara terap\u00f6tik olarak dokundu\u011fu takdirde kas\u0131n g\u00fcc\u00fcnde de\u011fi\u015fmelerin oldu\u011funu ke\u015ffetmi\u015ftir. Buna dayanarak Goodheart standardize edilmi\u015f bir kas testi geli\u015ftirmi\u015f ve v\u00fccudun hem pozitif hem de negatif zorlamalara nas\u0131l yan\u0131t verdi\u011fini saptam\u0131\u015ft\u0131r.<\/p>\n<p>UK, \u015fikayetleri \u00f6zellikle hareket cihaz\u0131 yard\u0131m\u0131yla tan\u0131lar. Bununla beraber, alerjilerin, toksisite gibi bir\u00e7ok problemin de tan\u0131s\u0131n\u0131 koymakta basit bir olanak sunar (bk. \u00d6zel belirtiler)<\/p>\n<p>Bu uygulama ilerleyen y\u0131llarda bir Tan\u0131 ve Terapi sistemi b\u00fct\u00fcn\u00fcne d\u00f6n\u00fc\u015fm\u00fc\u015ft\u00fcr. Bu sistem, yap\u0131, metabolizma ve ruhu birlikte inceleyen bir sa\u011fl\u0131k bi\u00e7imidir ve buna\u00a0<em>\u201eTriad of Health\u201c\u00a0<\/em>denilmektedir (bk. K\u0131saltmalar).<\/p>\n<p>UK, bu \u015fekilde, t\u0131p mesle\u011finin i\u00e7eri\u011fini artt\u0131rm\u0131\u015ft\u0131r.<\/p>\n<p>Di\u011fer kinezyoloji y\u00f6ntemlerin aksine,\u00a0<em>Uygulamal\u0131 Kinesiyoloji (UK)\u00a0<\/em>\u201ade mutlaka T\u0131p Bitirme S\u0131nav\u0131n\u0131 vermi\u015f terapistlerle \u00e7al\u0131\u015f\u0131lmaktad\u0131r ve bu terapistlerin birka\u00e7 y\u0131ll\u0131k ek bir e\u011fitim program\u0131n\u0131n da s\u0131nav\u0131n\u0131 vererek tamamlamalar\u0131 \u015fartt\u0131r.<\/p>\n<p>UK\u2019nin temelinde\u00a0<em>challenge<\/em>\u00a0(kendini a\u015fma) yatar. Bundan, yap\u0131sal, kimyasal veya duygusal uyar\u0131c\u0131larla organizman\u0131n tan\u0131sal olarak uyar\u0131lmas\u0131 anla\u015f\u0131l\u0131r. Hasta, b\u00f6yle bir uyar\u0131c\u0131ya maruz b\u0131rak\u0131ld\u0131\u011f\u0131nda ve kaslar\u0131ndaki g\u00fc\u00e7 de\u011fi\u015fiyorsa, bu pozitif\u00a0<em>Challenge<\/em>\u00a0olarak isimlendirilir.<\/p>\n<p><em>Challenge<\/em>\u201a\u0131n adaptasyonu, bir t\u00fcr\u00a0<em>terapi lokalizasyonu<\/em>dur. Ba\u015fka deyi\u015fle, hasta, rahats\u0131zl\u0131k vermesi olas\u0131 b\u00f6lgeyi parma\u011f\u0131yla hissetmeye \u00e7al\u0131\u015f\u0131r. Normlardan sap\u0131ld\u0131\u011f\u0131nda, kas\u0131n test reaksiyonunda de\u011fi\u015fme olur.<\/p>\n<p>Bu terapi lokalizasyonu, terapiste, rahats\u0131zl\u0131\u011f\u0131n nerede oldu\u011fu ve tedavinin hangi y\u00f6nde olmas\u0131 gerekti\u011fi hakk\u0131nda bilgi verir.<\/p>\n<h3>\u00d6zel belirtiler:<\/h3>\n<ul>\n<li>Ortopedi\/N\u00f6roloji<\/li>\n<li>Omurilik sendromu<\/li>\n<li>Disk a\u011fr\u0131lar\u0131<\/li>\n<li>Ba\u015f a\u011fr\u0131lar\u0131\/Migren<\/li>\n<li>Spor yaralanmalar\u0131<\/li>\n<li>Jinekoloji<\/li>\n<li>Hormonal bozukluklar<\/li>\n<li>Genel t\u0131p<\/li>\n<li>Alerji, g\u0131da hassasiyeti<\/li>\n<li>A\u011f\u0131r metal, pestisit gibi maddelerden zehirlenme<\/li>\n<li>Romatizma<\/li>\n<li>Cilt hastal\u0131klar\u0131<\/li>\n<li>V\u00fccut i\u00e7in gereken maddelerin eksik olmas\u0131<\/li>\n<\/ul>\n","protected":false},"excerpt":{"rendered":"<p>Uygulamal\u0131 Kinesiyoloji (UK)&#8217;nin kurucusu olan Amerikal\u0131 Kiropraktik doktoru George Goodheart, 60&#8217;l\u0131 y\u0131llarda v\u00fccudun kas\u0131 ilgilendiren k\u0131s\u0131mlara terap\u00f6tik olarak dokundu\u011fu takdirde kas\u0131n g\u00fcc\u00fcnde de\u011fi\u015fmelerin oldu\u011funu ke\u015ffetmi\u015ftir. Buna dayanarak Goodheart standardize edilmi\u015f bir kas testi geli\u015ftirmi\u015f ve v\u00fccudun hem pozitif hem de negatif zorlamalara nas\u0131l yan\u0131t verdi\u011fini saptam\u0131\u015ft\u0131r.<\/p>\n","protected":false},"author":2,"featured_media":7613,"parent":7590,"menu_order":2,"comment_status":"closed","ping_status":"closed","template":"page-siblingnavi.php","meta":{"footnotes":""},"class_list":["post-7612","page","type-page","status-publish","has-post-thumbnail","hentry"],"yoast_head":"<!-- This site is optimized with the Yoast SEO plugin v25.6 - https:\/\/yoast.com\/wordpress\/plugins\/seo\/ -->\n<title>Uygulamal\u0131 Kinesiyoloji (UK) &#8226; Kinderwunschteam Berlin<\/title>\n<meta name=\"description\" content=\"Uygulamal\u0131 Kinesiyoloji (UK)&#039;nin kurucusu olan Amerikal\u0131 Kiropraktik doktoru George Goodheart, 60&#039;l\u0131 y\u0131llarda v\u00fccudun kas\u0131 ilgilendiren k\u0131s\u0131mlara terap\u00f6tik olarak dokundu\u011fu takdirde kas\u0131n g\u00fcc\u00fcnde de\u011fi\u015fmelerin oldu\u011funu ke\u015ffetmi\u015ftir. Buna dayanarak Goodheart standardize edilmi\u015f bir kas testi geli\u015ftirmi\u015f ve v\u00fccudun hem pozitif hem de negatif zorlamalara nas\u0131l yan\u0131t verdi\u011fini saptam\u0131\u015ft\u0131r.\" \/>\n<meta name=\"robots\" content=\"noindex, follow, max-snippet:-1, max-image-preview:large, max-video-preview:-1\" \/>\n<meta property=\"og:locale\" content=\"tr_TR\" \/>\n<meta property=\"og:type\" content=\"article\" \/>\n<meta property=\"og:title\" content=\"Uygulamal\u0131 Kinesiyoloji (UK) &#8226; Kinderwunschteam Berlin\" \/>\n<meta property=\"og:description\" content=\"Uygulamal\u0131 Kinesiyoloji (UK)&#039;nin kurucusu olan Amerikal\u0131 Kiropraktik doktoru George Goodheart, 60&#039;l\u0131 y\u0131llarda v\u00fccudun kas\u0131 ilgilendiren k\u0131s\u0131mlara terap\u00f6tik olarak dokundu\u011fu takdirde kas\u0131n g\u00fcc\u00fcnde de\u011fi\u015fmelerin oldu\u011funu ke\u015ffetmi\u015ftir. Buna dayanarak Goodheart standardize edilmi\u015f bir kas testi geli\u015ftirmi\u015f ve v\u00fccudun hem pozitif hem de negatif zorlamalara nas\u0131l yan\u0131t verdi\u011fini saptam\u0131\u015ft\u0131r.\" \/>\n<meta property=\"og:url\" content=\"https:\/\/kwt.meiio.net\/tr\/uzun-omur\/tamamlayici-terapiler\/uygulamali-inesiyoloji-uk\" \/>\n<meta property=\"og:site_name\" content=\"Kinderwunschteam Berlin\" \/>\n<meta property=\"article:publisher\" content=\"https:\/\/www.facebook.com\/kinderwunschteam.berlin\/\" \/>\n<meta property=\"article:modified_time\" content=\"2020-08-28T22:13:14+00:00\" \/>\n<meta property=\"og:image\" content=\"https:\/\/kwt.meiio.net\/wp-content\/uploads\/KWT-9858-Komplementaere-Therapien.jpg\" \/>\n\t<meta property=\"og:image:width\" content=\"2000\" \/>\n\t<meta property=\"og:image:height\" content=\"670\" \/>\n\t<meta property=\"og:image:type\" content=\"image\/jpeg\" \/>\n<meta name=\"twitter:card\" content=\"summary_large_image\" \/>\n<script type=\"application\/ld+json\" class=\"yoast-schema-graph\">{\"@context\":\"https:\/\/schema.org\",\"@graph\":[{\"@type\":\"WebPage\",\"@id\":\"https:\/\/kwt.meiio.net\/tr\/uzun-omur\/tamamlayici-terapiler\/uygulamali-inesiyoloji-uk\",\"url\":\"https:\/\/kwt.meiio.net\/tr\/uzun-omur\/tamamlayici-terapiler\/uygulamali-inesiyoloji-uk\",\"name\":\"Uygulamal\u0131 Kinesiyoloji (UK) &#8226; Kinderwunschteam Berlin\",\"isPartOf\":{\"@id\":\"https:\/\/kwt.meiio.net\/tr#website\"},\"primaryImageOfPage\":{\"@id\":\"https:\/\/kwt.meiio.net\/tr\/uzun-omur\/tamamlayici-terapiler\/uygulamali-inesiyoloji-uk#primaryimage\"},\"image\":{\"@id\":\"https:\/\/kwt.meiio.net\/tr\/uzun-omur\/tamamlayici-terapiler\/uygulamali-inesiyoloji-uk#primaryimage\"},\"thumbnailUrl\":\"https:\/\/kwt.meiio.net\/wp-content\/uploads\/KWT-9858-Komplementaere-Therapien.jpg\",\"datePublished\":\"2010-03-17T23:42:50+00:00\",\"dateModified\":\"2020-08-28T22:13:14+00:00\",\"description\":\"Uygulamal\u0131 Kinesiyoloji (UK)'nin kurucusu olan Amerikal\u0131 Kiropraktik doktoru George Goodheart, 60'l\u0131 y\u0131llarda v\u00fccudun kas\u0131 ilgilendiren k\u0131s\u0131mlara terap\u00f6tik olarak dokundu\u011fu takdirde kas\u0131n g\u00fcc\u00fcnde de\u011fi\u015fmelerin oldu\u011funu ke\u015ffetmi\u015ftir. Buna dayanarak Goodheart standardize edilmi\u015f bir kas testi geli\u015ftirmi\u015f ve v\u00fccudun hem pozitif hem de negatif zorlamalara nas\u0131l yan\u0131t verdi\u011fini saptam\u0131\u015ft\u0131r.\",\"breadcrumb\":{\"@id\":\"https:\/\/kwt.meiio.net\/tr\/uzun-omur\/tamamlayici-terapiler\/uygulamali-inesiyoloji-uk#breadcrumb\"},\"inLanguage\":\"tr\",\"potentialAction\":[{\"@type\":\"ReadAction\",\"target\":[\"https:\/\/kwt.meiio.net\/tr\/uzun-omur\/tamamlayici-terapiler\/uygulamali-inesiyoloji-uk\"]}]},{\"@type\":\"ImageObject\",\"inLanguage\":\"tr\",\"@id\":\"https:\/\/kwt.meiio.net\/tr\/uzun-omur\/tamamlayici-terapiler\/uygulamali-inesiyoloji-uk#primaryimage\",\"url\":\"https:\/\/kwt.meiio.net\/wp-content\/uploads\/KWT-9858-Komplementaere-Therapien.jpg\",\"contentUrl\":\"https:\/\/kwt.meiio.net\/wp-content\/uploads\/KWT-9858-Komplementaere-Therapien.jpg\",\"width\":2000,\"height\":670},{\"@type\":\"BreadcrumbList\",\"@id\":\"https:\/\/kwt.meiio.net\/tr\/uzun-omur\/tamamlayici-terapiler\/uygulamali-inesiyoloji-uk#breadcrumb\",\"itemListElement\":[{\"@type\":\"ListItem\",\"position\":1,\"name\":\"Startseite\",\"item\":\"https:\/\/kwt.meiio.net\/tr\"},{\"@type\":\"ListItem\",\"position\":2,\"name\":\"Hizmet alanlar\u0131m\u0131z\",\"item\":\"https:\/\/kwt.meiio.net\/tr\/uzun-omur\"},{\"@type\":\"ListItem\",\"position\":3,\"name\":\"Tamamlay\u0131c\u0131 terapiler\",\"item\":\"https:\/\/kwt.meiio.net\/tr\/uzun-omur\/tamamlayici-terapiler\"},{\"@type\":\"ListItem\",\"position\":4,\"name\":\"Uygulamal\u0131 Kinesiyoloji (UK)\"}]},{\"@type\":\"WebSite\",\"@id\":\"https:\/\/kwt.meiio.net\/tr#website\",\"url\":\"https:\/\/kwt.meiio.net\/tr\",\"name\":\"Kinderwunschteam Berlin\",\"description\":\"Kinderwunsch- und Endometriose-Zentrum\",\"publisher\":{\"@id\":\"https:\/\/kwt.meiio.net\/tr#organization\"},\"potentialAction\":[{\"@type\":\"SearchAction\",\"target\":{\"@type\":\"EntryPoint\",\"urlTemplate\":\"https:\/\/kwt.meiio.net\/tr?s={search_term_string}\"},\"query-input\":{\"@type\":\"PropertyValueSpecification\",\"valueRequired\":true,\"valueName\":\"search_term_string\"}}],\"inLanguage\":\"tr\"},{\"@type\":\"Organization\",\"@id\":\"https:\/\/kwt.meiio.net\/tr#organization\",\"name\":\"Kinderwunschteam Berlin\",\"url\":\"https:\/\/kwt.meiio.net\/tr\",\"logo\":{\"@type\":\"ImageObject\",\"inLanguage\":\"tr\",\"@id\":\"https:\/\/kwt.meiio.net\/tr#\/schema\/logo\/image\/\",\"url\":\"https:\/\/kwt.meiio.net\/wp-content\/uploads\/Logo-KinderwunschteamBerlin-NavBar@2.png\",\"contentUrl\":\"https:\/\/kwt.meiio.net\/wp-content\/uploads\/Logo-KinderwunschteamBerlin-NavBar@2.png\",\"width\":800,\"height\":200,\"caption\":\"Kinderwunschteam Berlin\"},\"image\":{\"@id\":\"https:\/\/kwt.meiio.net\/tr#\/schema\/logo\/image\/\"},\"sameAs\":[\"https:\/\/www.facebook.com\/kinderwunschteam.berlin\/\",\"https:\/\/www.instagram.com\/kinderwunschteamberlin\/\"]}]}<\/script>\n<!-- \/ Yoast SEO plugin. -->","yoast_head_json":{"title":"Uygulamal\u0131 Kinesiyoloji (UK) &#8226; Kinderwunschteam Berlin","description":"Uygulamal\u0131 Kinesiyoloji (UK)'nin kurucusu olan Amerikal\u0131 Kiropraktik doktoru George Goodheart, 60'l\u0131 y\u0131llarda v\u00fccudun kas\u0131 ilgilendiren k\u0131s\u0131mlara terap\u00f6tik olarak dokundu\u011fu takdirde kas\u0131n g\u00fcc\u00fcnde de\u011fi\u015fmelerin oldu\u011funu ke\u015ffetmi\u015ftir. Buna dayanarak Goodheart standardize edilmi\u015f bir kas testi geli\u015ftirmi\u015f ve v\u00fccudun hem pozitif hem de negatif zorlamalara nas\u0131l yan\u0131t verdi\u011fini saptam\u0131\u015ft\u0131r.","robots":{"index":"noindex","follow":"follow","max-snippet":"max-snippet:-1","max-image-preview":"max-image-preview:large","max-video-preview":"max-video-preview:-1"},"og_locale":"tr_TR","og_type":"article","og_title":"Uygulamal\u0131 Kinesiyoloji (UK) &#8226; Kinderwunschteam Berlin","og_description":"Uygulamal\u0131 Kinesiyoloji (UK)'nin kurucusu olan Amerikal\u0131 Kiropraktik doktoru George Goodheart, 60'l\u0131 y\u0131llarda v\u00fccudun kas\u0131 ilgilendiren k\u0131s\u0131mlara terap\u00f6tik olarak dokundu\u011fu takdirde kas\u0131n g\u00fcc\u00fcnde de\u011fi\u015fmelerin oldu\u011funu ke\u015ffetmi\u015ftir. Buna dayanarak Goodheart standardize edilmi\u015f bir kas testi geli\u015ftirmi\u015f ve v\u00fccudun hem pozitif hem de negatif zorlamalara nas\u0131l yan\u0131t verdi\u011fini saptam\u0131\u015ft\u0131r.","og_url":"https:\/\/kwt.meiio.net\/tr\/uzun-omur\/tamamlayici-terapiler\/uygulamali-inesiyoloji-uk","og_site_name":"Kinderwunschteam Berlin","article_publisher":"https:\/\/www.facebook.com\/kinderwunschteam.berlin\/","article_modified_time":"2020-08-28T22:13:14+00:00","og_image":[{"width":2000,"height":670,"url":"https:\/\/kwt.meiio.net\/wp-content\/uploads\/KWT-9858-Komplementaere-Therapien.jpg","type":"image\/jpeg"}],"twitter_card":"summary_large_image","schema":{"@context":"https:\/\/schema.org","@graph":[{"@type":"WebPage","@id":"https:\/\/kwt.meiio.net\/tr\/uzun-omur\/tamamlayici-terapiler\/uygulamali-inesiyoloji-uk","url":"https:\/\/kwt.meiio.net\/tr\/uzun-omur\/tamamlayici-terapiler\/uygulamali-inesiyoloji-uk","name":"Uygulamal\u0131 Kinesiyoloji (UK) &#8226; Kinderwunschteam Berlin","isPartOf":{"@id":"https:\/\/kwt.meiio.net\/tr#website"},"primaryImageOfPage":{"@id":"https:\/\/kwt.meiio.net\/tr\/uzun-omur\/tamamlayici-terapiler\/uygulamali-inesiyoloji-uk#primaryimage"},"image":{"@id":"https:\/\/kwt.meiio.net\/tr\/uzun-omur\/tamamlayici-terapiler\/uygulamali-inesiyoloji-uk#primaryimage"},"thumbnailUrl":"https:\/\/kwt.meiio.net\/wp-content\/uploads\/KWT-9858-Komplementaere-Therapien.jpg","datePublished":"2010-03-17T23:42:50+00:00","dateModified":"2020-08-28T22:13:14+00:00","description":"Uygulamal\u0131 Kinesiyoloji (UK)'nin kurucusu olan Amerikal\u0131 Kiropraktik doktoru George Goodheart, 60'l\u0131 y\u0131llarda v\u00fccudun kas\u0131 ilgilendiren k\u0131s\u0131mlara terap\u00f6tik olarak dokundu\u011fu takdirde kas\u0131n g\u00fcc\u00fcnde de\u011fi\u015fmelerin oldu\u011funu ke\u015ffetmi\u015ftir. Buna dayanarak Goodheart standardize edilmi\u015f bir kas testi geli\u015ftirmi\u015f ve v\u00fccudun hem pozitif hem de negatif zorlamalara nas\u0131l yan\u0131t verdi\u011fini saptam\u0131\u015ft\u0131r.","breadcrumb":{"@id":"https:\/\/kwt.meiio.net\/tr\/uzun-omur\/tamamlayici-terapiler\/uygulamali-inesiyoloji-uk#breadcrumb"},"inLanguage":"tr","potentialAction":[{"@type":"ReadAction","target":["https:\/\/kwt.meiio.net\/tr\/uzun-omur\/tamamlayici-terapiler\/uygulamali-inesiyoloji-uk"]}]},{"@type":"ImageObject","inLanguage":"tr","@id":"https:\/\/kwt.meiio.net\/tr\/uzun-omur\/tamamlayici-terapiler\/uygulamali-inesiyoloji-uk#primaryimage","url":"https:\/\/kwt.meiio.net\/wp-content\/uploads\/KWT-9858-Komplementaere-Therapien.jpg","contentUrl":"https:\/\/kwt.meiio.net\/wp-content\/uploads\/KWT-9858-Komplementaere-Therapien.jpg","width":2000,"height":670},{"@type":"BreadcrumbList","@id":"https:\/\/kwt.meiio.net\/tr\/uzun-omur\/tamamlayici-terapiler\/uygulamali-inesiyoloji-uk#breadcrumb","itemListElement":[{"@type":"ListItem","position":1,"name":"Startseite","item":"https:\/\/kwt.meiio.net\/tr"},{"@type":"ListItem","position":2,"name":"Hizmet alanlar\u0131m\u0131z","item":"https:\/\/kwt.meiio.net\/tr\/uzun-omur"},{"@type":"ListItem","position":3,"name":"Tamamlay\u0131c\u0131 terapiler","item":"https:\/\/kwt.meiio.net\/tr\/uzun-omur\/tamamlayici-terapiler"},{"@type":"ListItem","position":4,"name":"Uygulamal\u0131 Kinesiyoloji (UK)"}]},{"@type":"WebSite","@id":"https:\/\/kwt.meiio.net\/tr#website","url":"https:\/\/kwt.meiio.net\/tr","name":"Kinderwunschteam Berlin","description":"Kinderwunsch- und Endometriose-Zentrum","publisher":{"@id":"https:\/\/kwt.meiio.net\/tr#organization"},"potentialAction":[{"@type":"SearchAction","target":{"@type":"EntryPoint","urlTemplate":"https:\/\/kwt.meiio.net\/tr?s={search_term_string}"},"query-input":{"@type":"PropertyValueSpecification","valueRequired":true,"valueName":"search_term_string"}}],"inLanguage":"tr"},{"@type":"Organization","@id":"https:\/\/kwt.meiio.net\/tr#organization","name":"Kinderwunschteam Berlin","url":"https:\/\/kwt.meiio.net\/tr","logo":{"@type":"ImageObject","inLanguage":"tr","@id":"https:\/\/kwt.meiio.net\/tr#\/schema\/logo\/image\/","url":"https:\/\/kwt.meiio.net\/wp-content\/uploads\/Logo-KinderwunschteamBerlin-NavBar@2.png","contentUrl":"https:\/\/kwt.meiio.net\/wp-content\/uploads\/Logo-KinderwunschteamBerlin-NavBar@2.png","width":800,"height":200,"caption":"Kinderwunschteam Berlin"},"image":{"@id":"https:\/\/kwt.meiio.net\/tr#\/schema\/logo\/image\/"},"sameAs":["https:\/\/www.facebook.com\/kinderwunschteam.berlin\/","https:\/\/www.instagram.com\/kinderwunschteamberlin\/"]}]}},"_links":{"self":[{"href":"https:\/\/kwt.meiio.net\/tr\/wp-json\/wp\/v2\/pages\/7612","targetHints":{"allow":["GET"]}}],"collection":[{"href":"https:\/\/kwt.meiio.net\/tr\/wp-json\/wp\/v2\/pages"}],"about":[{"href":"https:\/\/kwt.meiio.net\/tr\/wp-json\/wp\/v2\/types\/page"}],"author":[{"embeddable":true,"href":"https:\/\/kwt.meiio.net\/tr\/wp-json\/wp\/v2\/users\/2"}],"replies":[{"embeddable":true,"href":"https:\/\/kwt.meiio.net\/tr\/wp-json\/wp\/v2\/comments?post=7612"}],"version-history":[{"count":0,"href":"https:\/\/kwt.meiio.net\/tr\/wp-json\/wp\/v2\/pages\/7612\/revisions"}],"up":[{"embeddable":true,"href":"https:\/\/kwt.meiio.net\/tr\/wp-json\/wp\/v2\/pages\/7590"}],"wp:featuredmedia":[{"embeddable":true,"href":"https:\/\/kwt.meiio.net\/tr\/wp-json\/wp\/v2\/media\/7613"}],"wp:attachment":[{"href":"https:\/\/kwt.meiio.net\/tr\/wp-json\/wp\/v2\/media?parent=7612"}],"curies":[{"name":"wp","href":"https:\/\/api.w.org\/{rel}","templated":true}]}}