{"id":7607,"date":"2010-03-18T00:39:17","date_gmt":"2010-03-17T23:39:17","guid":{"rendered":"https:\/\/www.kinderwunschteam.berlin\/?page_id=7607"},"modified":"2020-08-29T00:12:52","modified_gmt":"2020-08-28T22:12:52","slug":"akupunktur","status":"publish","type":"page","link":"https:\/\/kwt.meiio.net\/tr\/uzun-omur\/tamamlayici-terapiler\/akupunktur","title":{"rendered":"Akupunktur"},"content":{"rendered":"<p>Akupunktur, deneyime dayal\u0131 t\u0131bbi bir tedavi y\u00f6ntemidir, 4000 y\u0131l\u0131 a\u015fk\u0131n ge\u00e7mi\u015fi vard\u0131r ve k\u00f6keni \u00c7in\u2019e dayanmaktad\u0131r. Tedavi y\u00f6ntemi, t\u00fcm v\u00fccudun i\u00e7inden akan bir ya\u015fam g\u00fcc\u00fcne (buna ya\u015fam enerjisi de denir) dayanmaktad\u0131r. Etkisinin t\u00fcm hayat g\u00f6r\u00fc\u015f\u00fcne yay\u0131ld\u0131\u011f\u0131 var say\u0131l\u0131r. Nehirlerin karada yol ad\u0131klar\u0131 gibi, enerji kanallar\u0131 da (di\u011fer ismiyle, meridyenler) v\u00fccutta yol al\u0131r ve onu hayati \u00f6nemi olan enerjiyle besler. Tedavide bu enerji ak\u0131\u015f\u0131n\u0131n bozulmas\u0131n\u0131 engellemek ve hastal\u0131k semptomlar\u0131n\u0131 yenmek i\u00e7in belli akupunktur noktalar\u0131nda rahats\u0131zl\u0131k sa\u011flan\u0131r.<\/p>\n<p>Akupunktur noktalar\u0131 t\u00fcm meridyanlar \u00fczerine yerle\u015ftirilir ve k\u00fc\u00e7\u00fcc\u00fck i\u011fnelerin hemen hemen ac\u0131s\u0131z bir \u015fekilde deriye bat\u0131r\u0131lmas\u0131yla rahats\u0131zl\u0131k olu\u015fur. \u0130nsan v\u00fccutta y\u00fcr\u00fcyen bu meridyen yollara dikkatini vedi\u011fi takdirde, mesela rahats\u0131zl\u0131k veren b\u00f6lgelere bat\u0131r\u0131lan i\u011fneler tedavide \u00f6nemli bir rol oynar.<\/p>\n<p>Bug\u00fcn hala akupunkturun etki mekanizmas\u0131 tam anlam\u0131yla bilinmemektedir. Ancak \u00f6rne\u011fin cildin akupunktur noktalar\u0131na \u00f6zg\u00fc bir tutum sergiledi\u011fi bilimsel olarak g\u00f6sterilmi\u015ftir. Akupunkturun hormon stim\u00fcle eden ak\u00fct ve uzun s\u00fcreli etkisi, Heidelberg \u00dcniversitesindeki kan ara\u015ft\u0131r\u0131lmalar\u0131 s\u0131ras\u0131nda anla\u015f\u0131lm\u0131\u015ft\u0131r.<\/p>\n<h3>Akupunktur neyi tedavi ediyor<\/h3>\n<p>Akupunktur, a\u011fr\u0131 sendromlar\u0131nda, psikovejetatif s\u0131k\u0131nt\u0131lar ve hormonal bozukluklarda d\u00fczenleyici bir tedavi vazifesi g\u00f6rmektedir. Adet \u00f6ncesi sanc\u0131lar veya menopoz a\u011fr\u0131lar\u0131, siklusun d\u00fczensiz olmas\u0131 ve s\u0131n\u0131rl\u0131 bir do\u011furganl\u0131k gibi problemler kad\u0131n hastal\u0131klar\u0131 uzmanl\u0131\u011f\u0131n\u0131n tedavi kapsam\u0131na girer.<\/p>\n<p>Erkekte de k\u0131s\u0131rl\u0131k gibi problemler oldu\u011funda, akupunktur pozitif etki yapar. Bir \u00e7al\u0131\u015fmada, akupunkturdan sonra spermatozoa konsantrasyonu ve motilitede direkt d\u00fczelme olmu\u015ftur. 10 seans akupunktur tedavisinden sonra 14 g\u00fcn\u00fcn sonunda bu pozitif etkinin be\u015f haftaya kadar \u00e7\u0131kabildi\u011fi kan\u0131tlanm\u0131\u015ft\u0131r.<\/p>\n<p>Hamile hastalar, hamilelik bulant\u0131lar\u0131nda, do\u011fuma haz\u0131rl\u0131k i\u00e7in ve do\u011fum sonras\u0131 emzirmede ya\u015fad\u0131klar\u0131 problemlerde de akupunkturdan yararlanabilirler.<\/p>\n<h3>Ne kadar s\u0131kl\u0131kta tedavi yap\u0131labilir?<\/h3>\n<p>Normalde haftada 1-2 kez. Akut \u015fikayetlerde g\u00fcnde bir kez olabilir. Embriyo transferinden biraz \u00f6nce veya sonra olabilir.<\/p>\n<h3>Bir seans ne kadar s\u00fcrer?<\/h3>\n<p>\u0130\u011fneler, bat\u0131r\u0131ld\u0131klar\u0131 yerde yakla\u015f\u0131k 20 dakika kalmak zorundad\u0131r. Gev\u015feme ve rahatlaman\u0131n etkisinin ne kadar s\u00fcrece\u011fi ki\u015fiden ki\u015fiye farkl\u0131l\u0131k g\u00f6sterir.<\/p>\n<h3>Seans say\u0131s\u0131<\/h3>\n<p>Her ki\u015finin g\u00f6sterdi\u011fi tepkiye ba\u011fl\u0131 olarak say\u0131 10\u2019a \u00e7\u0131kabilir. Kronik hastal\u0131klarda genelde daha \u00e7ok say\u0131da tedavi uygulanmas\u0131 gerekir.<\/p>\n<h3>Ne kadar i\u011fne?<\/h3>\n<p>Olan hastal\u0131\u011fa ba\u011fl\u0131 olarak ki\u015fiden ki\u015fiye de\u011fi\u015fir.<\/p>\n<h3>Yan etkiler<\/h3>\n<p>\u0130yile\u015fme daha olas\u0131 olarak g\u00f6r\u00fcld\u00fc\u011f\u00fcnden, ara s\u0131ra ortaya \u00e7\u0131kan \u015fikayetlerin ilk k\u00f6t\u00fcle\u015fmesi faz\u0131 pozitif bir olgu olarak g\u00f6r\u00fcl\u00fcr. Nadiren ortaya \u00e7\u0131kan dola\u015f\u0131m bozukluklar\u0131 hemen yok olur<\/p>\n","protected":false},"excerpt":{"rendered":"<p>Akupunktur, deneyime dayal\u0131 t\u0131bbi bir tedavi y\u00f6ntemidir, 4000 y\u0131l\u0131 a\u015fk\u0131n ge\u00e7mi\u015fi vard\u0131r ve k\u00f6keni \u00c7in&#8217;e dayanmaktad\u0131r. Tedavi y\u00f6ntemi, t\u00fcm v\u00fccudun i\u00e7inden akan bir ya\u015fam g\u00fcc\u00fcne (buna ya\u015fam enerjisi de denir) dayanmaktad\u0131r. Etkisinin t\u00fcm hayat g\u00f6r\u00fc\u015f\u00fcne yay\u0131ld\u0131\u011f\u0131 var say\u0131l\u0131r. Nehirlerin karada yol ad\u0131klar\u0131 gibi, enerji kanallar\u0131 da (di\u011fer ismiyle, meridyenler) v\u00fccutta yol al\u0131r ve onu hayati \u00f6nemi olan enerjiyle besler.<\/p>\n","protected":false},"author":2,"featured_media":7608,"parent":7590,"menu_order":0,"comment_status":"closed","ping_status":"closed","template":"page-subnavi.php","meta":{"footnotes":""},"class_list":["post-7607","page","type-page","status-publish","has-post-thumbnail","hentry"],"yoast_head":"<!-- This site is optimized with the Yoast SEO plugin v25.6 - https:\/\/yoast.com\/wordpress\/plugins\/seo\/ -->\n<title>Akupunktur &#8226; Kinderwunschteam Berlin<\/title>\n<meta name=\"description\" content=\"Akupunktur, deneyime dayal\u0131 t\u0131bbi bir tedavi y\u00f6ntemidir, 4000 y\u0131l\u0131 a\u015fk\u0131n ge\u00e7mi\u015fi vard\u0131r ve k\u00f6keni \u00c7in&#039;e dayanmaktad\u0131r. Tedavi y\u00f6ntemi, t\u00fcm v\u00fccudun i\u00e7inden akan bir ya\u015fam g\u00fcc\u00fcne (buna ya\u015fam enerjisi de denir) dayanmaktad\u0131r. Etkisinin t\u00fcm hayat g\u00f6r\u00fc\u015f\u00fcne yay\u0131ld\u0131\u011f\u0131 var say\u0131l\u0131r. Nehirlerin karada yol ad\u0131klar\u0131 gibi, enerji kanallar\u0131 da (di\u011fer ismiyle, meridyenler) v\u00fccutta yol al\u0131r ve onu hayati \u00f6nemi olan enerjiyle besler.\" \/>\n<meta name=\"robots\" content=\"noindex, follow, max-snippet:-1, max-image-preview:large, max-video-preview:-1\" \/>\n<meta property=\"og:locale\" content=\"tr_TR\" \/>\n<meta property=\"og:type\" content=\"article\" \/>\n<meta property=\"og:title\" content=\"Akupunktur &#8226; Kinderwunschteam Berlin\" \/>\n<meta property=\"og:description\" content=\"Akupunktur, deneyime dayal\u0131 t\u0131bbi bir tedavi y\u00f6ntemidir, 4000 y\u0131l\u0131 a\u015fk\u0131n ge\u00e7mi\u015fi vard\u0131r ve k\u00f6keni \u00c7in&#039;e dayanmaktad\u0131r. Tedavi y\u00f6ntemi, t\u00fcm v\u00fccudun i\u00e7inden akan bir ya\u015fam g\u00fcc\u00fcne (buna ya\u015fam enerjisi de denir) dayanmaktad\u0131r. Etkisinin t\u00fcm hayat g\u00f6r\u00fc\u015f\u00fcne yay\u0131ld\u0131\u011f\u0131 var say\u0131l\u0131r. Nehirlerin karada yol ad\u0131klar\u0131 gibi, enerji kanallar\u0131 da (di\u011fer ismiyle, meridyenler) v\u00fccutta yol al\u0131r ve onu hayati \u00f6nemi olan enerjiyle besler.\" \/>\n<meta property=\"og:url\" content=\"https:\/\/kwt.meiio.net\/tr\/uzun-omur\/tamamlayici-terapiler\/akupunktur\" \/>\n<meta property=\"og:site_name\" content=\"Kinderwunschteam Berlin\" \/>\n<meta property=\"article:publisher\" content=\"https:\/\/www.facebook.com\/kinderwunschteam.berlin\/\" \/>\n<meta property=\"article:modified_time\" content=\"2020-08-28T22:12:52+00:00\" \/>\n<meta property=\"og:image\" content=\"https:\/\/kwt.meiio.net\/wp-content\/uploads\/KWT-0047-Akupunktur.jpg\" \/>\n\t<meta property=\"og:image:width\" content=\"2000\" \/>\n\t<meta property=\"og:image:height\" content=\"670\" \/>\n\t<meta property=\"og:image:type\" content=\"image\/jpeg\" \/>\n<meta name=\"twitter:card\" content=\"summary_large_image\" \/>\n<script type=\"application\/ld+json\" class=\"yoast-schema-graph\">{\"@context\":\"https:\/\/schema.org\",\"@graph\":[{\"@type\":\"WebPage\",\"@id\":\"https:\/\/kwt.meiio.net\/tr\/uzun-omur\/tamamlayici-terapiler\/akupunktur\",\"url\":\"https:\/\/kwt.meiio.net\/tr\/uzun-omur\/tamamlayici-terapiler\/akupunktur\",\"name\":\"Akupunktur &#8226; Kinderwunschteam Berlin\",\"isPartOf\":{\"@id\":\"https:\/\/kwt.meiio.net\/tr#website\"},\"primaryImageOfPage\":{\"@id\":\"https:\/\/kwt.meiio.net\/tr\/uzun-omur\/tamamlayici-terapiler\/akupunktur#primaryimage\"},\"image\":{\"@id\":\"https:\/\/kwt.meiio.net\/tr\/uzun-omur\/tamamlayici-terapiler\/akupunktur#primaryimage\"},\"thumbnailUrl\":\"https:\/\/kwt.meiio.net\/wp-content\/uploads\/KWT-0047-Akupunktur.jpg\",\"datePublished\":\"2010-03-17T23:39:17+00:00\",\"dateModified\":\"2020-08-28T22:12:52+00:00\",\"description\":\"Akupunktur, deneyime dayal\u0131 t\u0131bbi bir tedavi y\u00f6ntemidir, 4000 y\u0131l\u0131 a\u015fk\u0131n ge\u00e7mi\u015fi vard\u0131r ve k\u00f6keni \u00c7in'e dayanmaktad\u0131r. Tedavi y\u00f6ntemi, t\u00fcm v\u00fccudun i\u00e7inden akan bir ya\u015fam g\u00fcc\u00fcne (buna ya\u015fam enerjisi de denir) dayanmaktad\u0131r. Etkisinin t\u00fcm hayat g\u00f6r\u00fc\u015f\u00fcne yay\u0131ld\u0131\u011f\u0131 var say\u0131l\u0131r. Nehirlerin karada yol ad\u0131klar\u0131 gibi, enerji kanallar\u0131 da (di\u011fer ismiyle, meridyenler) v\u00fccutta yol al\u0131r ve onu hayati \u00f6nemi olan enerjiyle besler.\",\"breadcrumb\":{\"@id\":\"https:\/\/kwt.meiio.net\/tr\/uzun-omur\/tamamlayici-terapiler\/akupunktur#breadcrumb\"},\"inLanguage\":\"tr\",\"potentialAction\":[{\"@type\":\"ReadAction\",\"target\":[\"https:\/\/kwt.meiio.net\/tr\/uzun-omur\/tamamlayici-terapiler\/akupunktur\"]}]},{\"@type\":\"ImageObject\",\"inLanguage\":\"tr\",\"@id\":\"https:\/\/kwt.meiio.net\/tr\/uzun-omur\/tamamlayici-terapiler\/akupunktur#primaryimage\",\"url\":\"https:\/\/kwt.meiio.net\/wp-content\/uploads\/KWT-0047-Akupunktur.jpg\",\"contentUrl\":\"https:\/\/kwt.meiio.net\/wp-content\/uploads\/KWT-0047-Akupunktur.jpg\",\"width\":2000,\"height\":670},{\"@type\":\"BreadcrumbList\",\"@id\":\"https:\/\/kwt.meiio.net\/tr\/uzun-omur\/tamamlayici-terapiler\/akupunktur#breadcrumb\",\"itemListElement\":[{\"@type\":\"ListItem\",\"position\":1,\"name\":\"Startseite\",\"item\":\"https:\/\/kwt.meiio.net\/tr\"},{\"@type\":\"ListItem\",\"position\":2,\"name\":\"Hizmet alanlar\u0131m\u0131z\",\"item\":\"https:\/\/kwt.meiio.net\/tr\/uzun-omur\"},{\"@type\":\"ListItem\",\"position\":3,\"name\":\"Tamamlay\u0131c\u0131 terapiler\",\"item\":\"https:\/\/kwt.meiio.net\/tr\/uzun-omur\/tamamlayici-terapiler\"},{\"@type\":\"ListItem\",\"position\":4,\"name\":\"Akupunktur\"}]},{\"@type\":\"WebSite\",\"@id\":\"https:\/\/kwt.meiio.net\/tr#website\",\"url\":\"https:\/\/kwt.meiio.net\/tr\",\"name\":\"Kinderwunschteam Berlin\",\"description\":\"Kinderwunsch- und Endometriose-Zentrum\",\"publisher\":{\"@id\":\"https:\/\/kwt.meiio.net\/tr#organization\"},\"potentialAction\":[{\"@type\":\"SearchAction\",\"target\":{\"@type\":\"EntryPoint\",\"urlTemplate\":\"https:\/\/kwt.meiio.net\/tr?s={search_term_string}\"},\"query-input\":{\"@type\":\"PropertyValueSpecification\",\"valueRequired\":true,\"valueName\":\"search_term_string\"}}],\"inLanguage\":\"tr\"},{\"@type\":\"Organization\",\"@id\":\"https:\/\/kwt.meiio.net\/tr#organization\",\"name\":\"Kinderwunschteam Berlin\",\"url\":\"https:\/\/kwt.meiio.net\/tr\",\"logo\":{\"@type\":\"ImageObject\",\"inLanguage\":\"tr\",\"@id\":\"https:\/\/kwt.meiio.net\/tr#\/schema\/logo\/image\/\",\"url\":\"https:\/\/kwt.meiio.net\/wp-content\/uploads\/Logo-KinderwunschteamBerlin-NavBar@2.png\",\"contentUrl\":\"https:\/\/kwt.meiio.net\/wp-content\/uploads\/Logo-KinderwunschteamBerlin-NavBar@2.png\",\"width\":800,\"height\":200,\"caption\":\"Kinderwunschteam Berlin\"},\"image\":{\"@id\":\"https:\/\/kwt.meiio.net\/tr#\/schema\/logo\/image\/\"},\"sameAs\":[\"https:\/\/www.facebook.com\/kinderwunschteam.berlin\/\",\"https:\/\/www.instagram.com\/kinderwunschteamberlin\/\"]}]}<\/script>\n<!-- \/ Yoast SEO plugin. -->","yoast_head_json":{"title":"Akupunktur &#8226; Kinderwunschteam Berlin","description":"Akupunktur, deneyime dayal\u0131 t\u0131bbi bir tedavi y\u00f6ntemidir, 4000 y\u0131l\u0131 a\u015fk\u0131n ge\u00e7mi\u015fi vard\u0131r ve k\u00f6keni \u00c7in'e dayanmaktad\u0131r. Tedavi y\u00f6ntemi, t\u00fcm v\u00fccudun i\u00e7inden akan bir ya\u015fam g\u00fcc\u00fcne (buna ya\u015fam enerjisi de denir) dayanmaktad\u0131r. Etkisinin t\u00fcm hayat g\u00f6r\u00fc\u015f\u00fcne yay\u0131ld\u0131\u011f\u0131 var say\u0131l\u0131r. Nehirlerin karada yol ad\u0131klar\u0131 gibi, enerji kanallar\u0131 da (di\u011fer ismiyle, meridyenler) v\u00fccutta yol al\u0131r ve onu hayati \u00f6nemi olan enerjiyle besler.","robots":{"index":"noindex","follow":"follow","max-snippet":"max-snippet:-1","max-image-preview":"max-image-preview:large","max-video-preview":"max-video-preview:-1"},"og_locale":"tr_TR","og_type":"article","og_title":"Akupunktur &#8226; Kinderwunschteam Berlin","og_description":"Akupunktur, deneyime dayal\u0131 t\u0131bbi bir tedavi y\u00f6ntemidir, 4000 y\u0131l\u0131 a\u015fk\u0131n ge\u00e7mi\u015fi vard\u0131r ve k\u00f6keni \u00c7in'e dayanmaktad\u0131r. Tedavi y\u00f6ntemi, t\u00fcm v\u00fccudun i\u00e7inden akan bir ya\u015fam g\u00fcc\u00fcne (buna ya\u015fam enerjisi de denir) dayanmaktad\u0131r. Etkisinin t\u00fcm hayat g\u00f6r\u00fc\u015f\u00fcne yay\u0131ld\u0131\u011f\u0131 var say\u0131l\u0131r. Nehirlerin karada yol ad\u0131klar\u0131 gibi, enerji kanallar\u0131 da (di\u011fer ismiyle, meridyenler) v\u00fccutta yol al\u0131r ve onu hayati \u00f6nemi olan enerjiyle besler.","og_url":"https:\/\/kwt.meiio.net\/tr\/uzun-omur\/tamamlayici-terapiler\/akupunktur","og_site_name":"Kinderwunschteam Berlin","article_publisher":"https:\/\/www.facebook.com\/kinderwunschteam.berlin\/","article_modified_time":"2020-08-28T22:12:52+00:00","og_image":[{"width":2000,"height":670,"url":"https:\/\/kwt.meiio.net\/wp-content\/uploads\/KWT-0047-Akupunktur.jpg","type":"image\/jpeg"}],"twitter_card":"summary_large_image","schema":{"@context":"https:\/\/schema.org","@graph":[{"@type":"WebPage","@id":"https:\/\/kwt.meiio.net\/tr\/uzun-omur\/tamamlayici-terapiler\/akupunktur","url":"https:\/\/kwt.meiio.net\/tr\/uzun-omur\/tamamlayici-terapiler\/akupunktur","name":"Akupunktur &#8226; Kinderwunschteam Berlin","isPartOf":{"@id":"https:\/\/kwt.meiio.net\/tr#website"},"primaryImageOfPage":{"@id":"https:\/\/kwt.meiio.net\/tr\/uzun-omur\/tamamlayici-terapiler\/akupunktur#primaryimage"},"image":{"@id":"https:\/\/kwt.meiio.net\/tr\/uzun-omur\/tamamlayici-terapiler\/akupunktur#primaryimage"},"thumbnailUrl":"https:\/\/kwt.meiio.net\/wp-content\/uploads\/KWT-0047-Akupunktur.jpg","datePublished":"2010-03-17T23:39:17+00:00","dateModified":"2020-08-28T22:12:52+00:00","description":"Akupunktur, deneyime dayal\u0131 t\u0131bbi bir tedavi y\u00f6ntemidir, 4000 y\u0131l\u0131 a\u015fk\u0131n ge\u00e7mi\u015fi vard\u0131r ve k\u00f6keni \u00c7in'e dayanmaktad\u0131r. Tedavi y\u00f6ntemi, t\u00fcm v\u00fccudun i\u00e7inden akan bir ya\u015fam g\u00fcc\u00fcne (buna ya\u015fam enerjisi de denir) dayanmaktad\u0131r. Etkisinin t\u00fcm hayat g\u00f6r\u00fc\u015f\u00fcne yay\u0131ld\u0131\u011f\u0131 var say\u0131l\u0131r. Nehirlerin karada yol ad\u0131klar\u0131 gibi, enerji kanallar\u0131 da (di\u011fer ismiyle, meridyenler) v\u00fccutta yol al\u0131r ve onu hayati \u00f6nemi olan enerjiyle besler.","breadcrumb":{"@id":"https:\/\/kwt.meiio.net\/tr\/uzun-omur\/tamamlayici-terapiler\/akupunktur#breadcrumb"},"inLanguage":"tr","potentialAction":[{"@type":"ReadAction","target":["https:\/\/kwt.meiio.net\/tr\/uzun-omur\/tamamlayici-terapiler\/akupunktur"]}]},{"@type":"ImageObject","inLanguage":"tr","@id":"https:\/\/kwt.meiio.net\/tr\/uzun-omur\/tamamlayici-terapiler\/akupunktur#primaryimage","url":"https:\/\/kwt.meiio.net\/wp-content\/uploads\/KWT-0047-Akupunktur.jpg","contentUrl":"https:\/\/kwt.meiio.net\/wp-content\/uploads\/KWT-0047-Akupunktur.jpg","width":2000,"height":670},{"@type":"BreadcrumbList","@id":"https:\/\/kwt.meiio.net\/tr\/uzun-omur\/tamamlayici-terapiler\/akupunktur#breadcrumb","itemListElement":[{"@type":"ListItem","position":1,"name":"Startseite","item":"https:\/\/kwt.meiio.net\/tr"},{"@type":"ListItem","position":2,"name":"Hizmet alanlar\u0131m\u0131z","item":"https:\/\/kwt.meiio.net\/tr\/uzun-omur"},{"@type":"ListItem","position":3,"name":"Tamamlay\u0131c\u0131 terapiler","item":"https:\/\/kwt.meiio.net\/tr\/uzun-omur\/tamamlayici-terapiler"},{"@type":"ListItem","position":4,"name":"Akupunktur"}]},{"@type":"WebSite","@id":"https:\/\/kwt.meiio.net\/tr#website","url":"https:\/\/kwt.meiio.net\/tr","name":"Kinderwunschteam Berlin","description":"Kinderwunsch- und Endometriose-Zentrum","publisher":{"@id":"https:\/\/kwt.meiio.net\/tr#organization"},"potentialAction":[{"@type":"SearchAction","target":{"@type":"EntryPoint","urlTemplate":"https:\/\/kwt.meiio.net\/tr?s={search_term_string}"},"query-input":{"@type":"PropertyValueSpecification","valueRequired":true,"valueName":"search_term_string"}}],"inLanguage":"tr"},{"@type":"Organization","@id":"https:\/\/kwt.meiio.net\/tr#organization","name":"Kinderwunschteam Berlin","url":"https:\/\/kwt.meiio.net\/tr","logo":{"@type":"ImageObject","inLanguage":"tr","@id":"https:\/\/kwt.meiio.net\/tr#\/schema\/logo\/image\/","url":"https:\/\/kwt.meiio.net\/wp-content\/uploads\/Logo-KinderwunschteamBerlin-NavBar@2.png","contentUrl":"https:\/\/kwt.meiio.net\/wp-content\/uploads\/Logo-KinderwunschteamBerlin-NavBar@2.png","width":800,"height":200,"caption":"Kinderwunschteam Berlin"},"image":{"@id":"https:\/\/kwt.meiio.net\/tr#\/schema\/logo\/image\/"},"sameAs":["https:\/\/www.facebook.com\/kinderwunschteam.berlin\/","https:\/\/www.instagram.com\/kinderwunschteamberlin\/"]}]}},"_links":{"self":[{"href":"https:\/\/kwt.meiio.net\/tr\/wp-json\/wp\/v2\/pages\/7607","targetHints":{"allow":["GET"]}}],"collection":[{"href":"https:\/\/kwt.meiio.net\/tr\/wp-json\/wp\/v2\/pages"}],"about":[{"href":"https:\/\/kwt.meiio.net\/tr\/wp-json\/wp\/v2\/types\/page"}],"author":[{"embeddable":true,"href":"https:\/\/kwt.meiio.net\/tr\/wp-json\/wp\/v2\/users\/2"}],"replies":[{"embeddable":true,"href":"https:\/\/kwt.meiio.net\/tr\/wp-json\/wp\/v2\/comments?post=7607"}],"version-history":[{"count":0,"href":"https:\/\/kwt.meiio.net\/tr\/wp-json\/wp\/v2\/pages\/7607\/revisions"}],"up":[{"embeddable":true,"href":"https:\/\/kwt.meiio.net\/tr\/wp-json\/wp\/v2\/pages\/7590"}],"wp:featuredmedia":[{"embeddable":true,"href":"https:\/\/kwt.meiio.net\/tr\/wp-json\/wp\/v2\/media\/7608"}],"wp:attachment":[{"href":"https:\/\/kwt.meiio.net\/tr\/wp-json\/wp\/v2\/media?parent=7607"}],"curies":[{"name":"wp","href":"https:\/\/api.w.org\/{rel}","templated":true}]}}