{"id":7579,"date":"2018-09-03T13:41:20","date_gmt":"2018-09-03T11:41:20","guid":{"rendered":"https:\/\/www.kinderwunschteam.berlin\/unsere-leistungsbereiche\/social-freezing\/wie-wir-ihnen-helfen-koennen-fertilitaetserhalt\/"},"modified":"2018-10-31T21:10:47","modified_gmt":"2018-10-31T20:10:47","slug":"wie-wir-ihnen-helfen-koennen-fertilitaetserhalt","status":"publish","type":"page","link":"https:\/\/kwt.meiio.net\/tr\/uzun-omur\/dogurganlik-rezervi\/wie-wir-ihnen-helfen-koennen-fertilitaetserhalt","title":{"rendered":"Size nas\u0131l yard\u0131mc\u0131 olabiliriz"},"content":{"rendered":"<p>[TODO]<\/p>\n","protected":false},"excerpt":{"rendered":"<p>[TODO]<\/p>\n","protected":false},"author":6,"featured_media":7550,"parent":7575,"menu_order":1,"comment_status":"closed","ping_status":"closed","template":"page-siblingnavi.php","meta":{"footnotes":""},"class_list":["post-7579","page","type-page","status-publish","has-post-thumbnail","hentry"],"yoast_head":"<!-- This site is optimized with the Yoast SEO plugin v25.6 - https:\/\/yoast.com\/wordpress\/plugins\/seo\/ -->\n<title>Size nas\u0131l yard\u0131mc\u0131 olabiliriz &#8226; Kinderwunschteam Berlin<\/title>\n<meta name=\"robots\" content=\"noindex, follow, max-snippet:-1, max-image-preview:large, max-video-preview:-1\" \/>\n<meta property=\"og:locale\" content=\"tr_TR\" \/>\n<meta property=\"og:type\" content=\"article\" \/>\n<meta property=\"og:title\" content=\"Size nas\u0131l yard\u0131mc\u0131 olabiliriz &#8226; Kinderwunschteam Berlin\" \/>\n<meta property=\"og:url\" content=\"https:\/\/kwt.meiio.net\/tr\/uzun-omur\/dogurganlik-rezervi\/wie-wir-ihnen-helfen-koennen-fertilitaetserhalt\" \/>\n<meta property=\"og:site_name\" content=\"Kinderwunschteam Berlin\" \/>\n<meta property=\"article:publisher\" content=\"https:\/\/www.facebook.com\/kinderwunschteam.berlin\/\" \/>\n<meta property=\"article:modified_time\" content=\"2018-10-31T20:10:47+00:00\" \/>\n<meta property=\"og:image\" content=\"https:\/\/kwt.meiio.net\/wp-content\/uploads\/KWT-8904-Beratung-DrHalis.jpg\" \/>\n\t<meta property=\"og:image:width\" content=\"2000\" \/>\n\t<meta property=\"og:image:height\" content=\"670\" \/>\n\t<meta property=\"og:image:type\" content=\"image\/jpeg\" \/>\n<meta name=\"twitter:card\" content=\"summary_large_image\" \/>\n<script type=\"application\/ld+json\" class=\"yoast-schema-graph\">{\"@context\":\"https:\/\/schema.org\",\"@graph\":[{\"@type\":\"WebPage\",\"@id\":\"https:\/\/kwt.meiio.net\/tr\/uzun-omur\/dogurganlik-rezervi\/wie-wir-ihnen-helfen-koennen-fertilitaetserhalt\",\"url\":\"https:\/\/kwt.meiio.net\/tr\/uzun-omur\/dogurganlik-rezervi\/wie-wir-ihnen-helfen-koennen-fertilitaetserhalt\",\"name\":\"Size nas\u0131l yard\u0131mc\u0131 olabiliriz &#8226; Kinderwunschteam Berlin\",\"isPartOf\":{\"@id\":\"https:\/\/kwt.meiio.net\/tr#website\"},\"primaryImageOfPage\":{\"@id\":\"https:\/\/kwt.meiio.net\/tr\/uzun-omur\/dogurganlik-rezervi\/wie-wir-ihnen-helfen-koennen-fertilitaetserhalt#primaryimage\"},\"image\":{\"@id\":\"https:\/\/kwt.meiio.net\/tr\/uzun-omur\/dogurganlik-rezervi\/wie-wir-ihnen-helfen-koennen-fertilitaetserhalt#primaryimage\"},\"thumbnailUrl\":\"https:\/\/kwt.meiio.net\/wp-content\/uploads\/KWT-8904-Beratung-DrHalis.jpg\",\"datePublished\":\"2018-09-03T11:41:20+00:00\",\"dateModified\":\"2018-10-31T20:10:47+00:00\",\"breadcrumb\":{\"@id\":\"https:\/\/kwt.meiio.net\/tr\/uzun-omur\/dogurganlik-rezervi\/wie-wir-ihnen-helfen-koennen-fertilitaetserhalt#breadcrumb\"},\"inLanguage\":\"tr\",\"potentialAction\":[{\"@type\":\"ReadAction\",\"target\":[\"https:\/\/kwt.meiio.net\/tr\/uzun-omur\/dogurganlik-rezervi\/wie-wir-ihnen-helfen-koennen-fertilitaetserhalt\"]}]},{\"@type\":\"ImageObject\",\"inLanguage\":\"tr\",\"@id\":\"https:\/\/kwt.meiio.net\/tr\/uzun-omur\/dogurganlik-rezervi\/wie-wir-ihnen-helfen-koennen-fertilitaetserhalt#primaryimage\",\"url\":\"https:\/\/kwt.meiio.net\/wp-content\/uploads\/KWT-8904-Beratung-DrHalis.jpg\",\"contentUrl\":\"https:\/\/kwt.meiio.net\/wp-content\/uploads\/KWT-8904-Beratung-DrHalis.jpg\",\"width\":2000,\"height\":670},{\"@type\":\"BreadcrumbList\",\"@id\":\"https:\/\/kwt.meiio.net\/tr\/uzun-omur\/dogurganlik-rezervi\/wie-wir-ihnen-helfen-koennen-fertilitaetserhalt#breadcrumb\",\"itemListElement\":[{\"@type\":\"ListItem\",\"position\":1,\"name\":\"Startseite\",\"item\":\"https:\/\/kwt.meiio.net\/tr\"},{\"@type\":\"ListItem\",\"position\":2,\"name\":\"Hizmet alanlar\u0131m\u0131z\",\"item\":\"https:\/\/kwt.meiio.net\/tr\/uzun-omur\"},{\"@type\":\"ListItem\",\"position\":3,\"name\":\"Do\u011furganl\u0131k rezervi\",\"item\":\"https:\/\/kwt.meiio.net\/tr\/uzun-omur\/dogurganlik-rezervi\"},{\"@type\":\"ListItem\",\"position\":4,\"name\":\"Size nas\u0131l yard\u0131mc\u0131 olabiliriz\"}]},{\"@type\":\"WebSite\",\"@id\":\"https:\/\/kwt.meiio.net\/tr#website\",\"url\":\"https:\/\/kwt.meiio.net\/tr\",\"name\":\"Kinderwunschteam Berlin\",\"description\":\"Kinderwunsch- und Endometriose-Zentrum\",\"publisher\":{\"@id\":\"https:\/\/kwt.meiio.net\/tr#organization\"},\"potentialAction\":[{\"@type\":\"SearchAction\",\"target\":{\"@type\":\"EntryPoint\",\"urlTemplate\":\"https:\/\/kwt.meiio.net\/tr?s={search_term_string}\"},\"query-input\":{\"@type\":\"PropertyValueSpecification\",\"valueRequired\":true,\"valueName\":\"search_term_string\"}}],\"inLanguage\":\"tr\"},{\"@type\":\"Organization\",\"@id\":\"https:\/\/kwt.meiio.net\/tr#organization\",\"name\":\"Kinderwunschteam Berlin\",\"url\":\"https:\/\/kwt.meiio.net\/tr\",\"logo\":{\"@type\":\"ImageObject\",\"inLanguage\":\"tr\",\"@id\":\"https:\/\/kwt.meiio.net\/tr#\/schema\/logo\/image\/\",\"url\":\"https:\/\/kwt.meiio.net\/wp-content\/uploads\/Logo-KinderwunschteamBerlin-NavBar@2.png\",\"contentUrl\":\"https:\/\/kwt.meiio.net\/wp-content\/uploads\/Logo-KinderwunschteamBerlin-NavBar@2.png\",\"width\":800,\"height\":200,\"caption\":\"Kinderwunschteam Berlin\"},\"image\":{\"@id\":\"https:\/\/kwt.meiio.net\/tr#\/schema\/logo\/image\/\"},\"sameAs\":[\"https:\/\/www.facebook.com\/kinderwunschteam.berlin\/\",\"https:\/\/www.instagram.com\/kinderwunschteamberlin\/\"]}]}<\/script>\n<!-- \/ Yoast SEO plugin. -->","yoast_head_json":{"title":"Size nas\u0131l yard\u0131mc\u0131 olabiliriz &#8226; Kinderwunschteam Berlin","robots":{"index":"noindex","follow":"follow","max-snippet":"max-snippet:-1","max-image-preview":"max-image-preview:large","max-video-preview":"max-video-preview:-1"},"og_locale":"tr_TR","og_type":"article","og_title":"Size nas\u0131l yard\u0131mc\u0131 olabiliriz &#8226; Kinderwunschteam Berlin","og_url":"https:\/\/kwt.meiio.net\/tr\/uzun-omur\/dogurganlik-rezervi\/wie-wir-ihnen-helfen-koennen-fertilitaetserhalt","og_site_name":"Kinderwunschteam Berlin","article_publisher":"https:\/\/www.facebook.com\/kinderwunschteam.berlin\/","article_modified_time":"2018-10-31T20:10:47+00:00","og_image":[{"width":2000,"height":670,"url":"https:\/\/kwt.meiio.net\/wp-content\/uploads\/KWT-8904-Beratung-DrHalis.jpg","type":"image\/jpeg"}],"twitter_card":"summary_large_image","schema":{"@context":"https:\/\/schema.org","@graph":[{"@type":"WebPage","@id":"https:\/\/kwt.meiio.net\/tr\/uzun-omur\/dogurganlik-rezervi\/wie-wir-ihnen-helfen-koennen-fertilitaetserhalt","url":"https:\/\/kwt.meiio.net\/tr\/uzun-omur\/dogurganlik-rezervi\/wie-wir-ihnen-helfen-koennen-fertilitaetserhalt","name":"Size nas\u0131l yard\u0131mc\u0131 olabiliriz &#8226; Kinderwunschteam Berlin","isPartOf":{"@id":"https:\/\/kwt.meiio.net\/tr#website"},"primaryImageOfPage":{"@id":"https:\/\/kwt.meiio.net\/tr\/uzun-omur\/dogurganlik-rezervi\/wie-wir-ihnen-helfen-koennen-fertilitaetserhalt#primaryimage"},"image":{"@id":"https:\/\/kwt.meiio.net\/tr\/uzun-omur\/dogurganlik-rezervi\/wie-wir-ihnen-helfen-koennen-fertilitaetserhalt#primaryimage"},"thumbnailUrl":"https:\/\/kwt.meiio.net\/wp-content\/uploads\/KWT-8904-Beratung-DrHalis.jpg","datePublished":"2018-09-03T11:41:20+00:00","dateModified":"2018-10-31T20:10:47+00:00","breadcrumb":{"@id":"https:\/\/kwt.meiio.net\/tr\/uzun-omur\/dogurganlik-rezervi\/wie-wir-ihnen-helfen-koennen-fertilitaetserhalt#breadcrumb"},"inLanguage":"tr","potentialAction":[{"@type":"ReadAction","target":["https:\/\/kwt.meiio.net\/tr\/uzun-omur\/dogurganlik-rezervi\/wie-wir-ihnen-helfen-koennen-fertilitaetserhalt"]}]},{"@type":"ImageObject","inLanguage":"tr","@id":"https:\/\/kwt.meiio.net\/tr\/uzun-omur\/dogurganlik-rezervi\/wie-wir-ihnen-helfen-koennen-fertilitaetserhalt#primaryimage","url":"https:\/\/kwt.meiio.net\/wp-content\/uploads\/KWT-8904-Beratung-DrHalis.jpg","contentUrl":"https:\/\/kwt.meiio.net\/wp-content\/uploads\/KWT-8904-Beratung-DrHalis.jpg","width":2000,"height":670},{"@type":"BreadcrumbList","@id":"https:\/\/kwt.meiio.net\/tr\/uzun-omur\/dogurganlik-rezervi\/wie-wir-ihnen-helfen-koennen-fertilitaetserhalt#breadcrumb","itemListElement":[{"@type":"ListItem","position":1,"name":"Startseite","item":"https:\/\/kwt.meiio.net\/tr"},{"@type":"ListItem","position":2,"name":"Hizmet alanlar\u0131m\u0131z","item":"https:\/\/kwt.meiio.net\/tr\/uzun-omur"},{"@type":"ListItem","position":3,"name":"Do\u011furganl\u0131k rezervi","item":"https:\/\/kwt.meiio.net\/tr\/uzun-omur\/dogurganlik-rezervi"},{"@type":"ListItem","position":4,"name":"Size nas\u0131l yard\u0131mc\u0131 olabiliriz"}]},{"@type":"WebSite","@id":"https:\/\/kwt.meiio.net\/tr#website","url":"https:\/\/kwt.meiio.net\/tr","name":"Kinderwunschteam Berlin","description":"Kinderwunsch- und Endometriose-Zentrum","publisher":{"@id":"https:\/\/kwt.meiio.net\/tr#organization"},"potentialAction":[{"@type":"SearchAction","target":{"@type":"EntryPoint","urlTemplate":"https:\/\/kwt.meiio.net\/tr?s={search_term_string}"},"query-input":{"@type":"PropertyValueSpecification","valueRequired":true,"valueName":"search_term_string"}}],"inLanguage":"tr"},{"@type":"Organization","@id":"https:\/\/kwt.meiio.net\/tr#organization","name":"Kinderwunschteam Berlin","url":"https:\/\/kwt.meiio.net\/tr","logo":{"@type":"ImageObject","inLanguage":"tr","@id":"https:\/\/kwt.meiio.net\/tr#\/schema\/logo\/image\/","url":"https:\/\/kwt.meiio.net\/wp-content\/uploads\/Logo-KinderwunschteamBerlin-NavBar@2.png","contentUrl":"https:\/\/kwt.meiio.net\/wp-content\/uploads\/Logo-KinderwunschteamBerlin-NavBar@2.png","width":800,"height":200,"caption":"Kinderwunschteam Berlin"},"image":{"@id":"https:\/\/kwt.meiio.net\/tr#\/schema\/logo\/image\/"},"sameAs":["https:\/\/www.facebook.com\/kinderwunschteam.berlin\/","https:\/\/www.instagram.com\/kinderwunschteamberlin\/"]}]}},"_links":{"self":[{"href":"https:\/\/kwt.meiio.net\/tr\/wp-json\/wp\/v2\/pages\/7579","targetHints":{"allow":["GET"]}}],"collection":[{"href":"https:\/\/kwt.meiio.net\/tr\/wp-json\/wp\/v2\/pages"}],"about":[{"href":"https:\/\/kwt.meiio.net\/tr\/wp-json\/wp\/v2\/types\/page"}],"author":[{"embeddable":true,"href":"https:\/\/kwt.meiio.net\/tr\/wp-json\/wp\/v2\/users\/6"}],"replies":[{"embeddable":true,"href":"https:\/\/kwt.meiio.net\/tr\/wp-json\/wp\/v2\/comments?post=7579"}],"version-history":[{"count":0,"href":"https:\/\/kwt.meiio.net\/tr\/wp-json\/wp\/v2\/pages\/7579\/revisions"}],"up":[{"embeddable":true,"href":"https:\/\/kwt.meiio.net\/tr\/wp-json\/wp\/v2\/pages\/7575"}],"wp:featuredmedia":[{"embeddable":true,"href":"https:\/\/kwt.meiio.net\/tr\/wp-json\/wp\/v2\/media\/7550"}],"wp:attachment":[{"href":"https:\/\/kwt.meiio.net\/tr\/wp-json\/wp\/v2\/media?parent=7579"}],"curies":[{"name":"wp","href":"https:\/\/api.w.org\/{rel}","templated":true}]}}