{"id":7552,"date":"2010-03-08T21:36:15","date_gmt":"2010-03-08T20:36:15","guid":{"rendered":"https:\/\/www.kinderwunschteam.berlin\/unsere-leistungsbereiche\/kinderwunsch-bei-endometriose\/ablauf-eines-termins\/"},"modified":"2018-10-31T20:59:24","modified_gmt":"2018-10-31T19:59:24","slug":"ablauf-eines-termins","status":"publish","type":"page","link":"https:\/\/kwt.meiio.net\/tr\/uzun-omur\/kinderwunsch-bei-endometriose\/ablauf-eines-termins","title":{"rendered":"Doktor muayenesi ile ilgili s\u00fcre\u00e7"},"content":{"rendered":"<h2>Randevuma nas\u0131l haz\u0131rlanabilirim?<\/h2>\n<h2>Muayene nas\u0131l yap\u0131l\u0131yor?<\/h2>\n<p>\u0130lk ziyaretinizde, doktorunuz sizinle detayl\u0131 bir g\u00f6r\u00fc\u015fme yapacakt\u0131r. Bu g\u00f6r\u00fc\u015fmeye, ana sayfam\u0131zdaki hasta soru formunu bilgisayar\u0131n\u0131za y\u00fckleyip, evinizde rahat\u00e7a doldurduktan sonra bize \u00f6nceden elektronik posta ile g\u00f6ndererek haz\u0131rlanabilirsiniz.<\/p>\n<p>G\u00f6r\u00fc\u015fmeden sonra, jinekolojik ve ultrasonografik bir muayene yap\u0131lacakt\u0131r. Ek tetkikler yap\u0131lmas\u0131 gerekiyorsa doktorunuz bunu sizinle konu\u015facak ve sizi y\u00f6nlendirecektir. Sonraki a\u015famada gerekiyorsa ikinci bir randevu verilerek buradaki bulgular g\u00f6r\u00fc\u015f\u00fclecek ve sizinle beraber hangi tedavinin yap\u0131laca\u011f\u0131 saptanacakt\u0131r.<\/p>\n","protected":false},"excerpt":{"rendered":"<p>Randevuma nas\u0131l haz\u0131rlanabilirim? Muayene nas\u0131l yap\u0131l\u0131yor? \u0130lk ziyaretinizde, doktorunuz sizinle detayl\u0131 bir g\u00f6r\u00fc\u015fme yapacakt\u0131r. Bu g\u00f6r\u00fc\u015fmeye, ana sayfam\u0131zdaki hasta soru [&hellip;]<\/p>\n","protected":false},"author":2,"featured_media":7553,"parent":7521,"menu_order":4,"comment_status":"closed","ping_status":"closed","template":"page-siblingnavi.php","meta":{"footnotes":""},"class_list":["post-7552","page","type-page","status-publish","has-post-thumbnail","hentry"],"yoast_head":"<!-- This site is optimized with the Yoast SEO plugin v25.6 - https:\/\/yoast.com\/wordpress\/plugins\/seo\/ -->\n<title>Doktor muayenesi ile ilgili s\u00fcre\u00e7 &#8226; Kinderwunschteam Berlin<\/title>\n<meta name=\"description\" content=\"Randevuma nas\u0131l haz\u0131rlanabilirim? Muayene nas\u0131l yap\u0131l\u0131yor? \u0130lk ziyaretinizde, doktorunuz sizinle detayl\u0131 bir g\u00f6r\u00fc\u015fme yapacakt\u0131r. Bu g\u00f6r\u00fc\u015fmeye, ana\" \/>\n<meta name=\"robots\" content=\"noindex, follow, max-snippet:-1, max-image-preview:large, max-video-preview:-1\" \/>\n<meta property=\"og:locale\" content=\"tr_TR\" \/>\n<meta property=\"og:type\" content=\"article\" \/>\n<meta property=\"og:title\" content=\"Doktor muayenesi ile ilgili s\u00fcre\u00e7 &#8226; Kinderwunschteam Berlin\" \/>\n<meta property=\"og:description\" content=\"Randevuma nas\u0131l haz\u0131rlanabilirim? Muayene nas\u0131l yap\u0131l\u0131yor? \u0130lk ziyaretinizde, doktorunuz sizinle detayl\u0131 bir g\u00f6r\u00fc\u015fme yapacakt\u0131r. Bu g\u00f6r\u00fc\u015fmeye, ana\" \/>\n<meta property=\"og:url\" content=\"https:\/\/kwt.meiio.net\/tr\/uzun-omur\/kinderwunsch-bei-endometriose\/ablauf-eines-termins\" \/>\n<meta property=\"og:site_name\" content=\"Kinderwunschteam Berlin\" \/>\n<meta property=\"article:publisher\" content=\"https:\/\/www.facebook.com\/kinderwunschteam.berlin\/\" \/>\n<meta property=\"article:modified_time\" content=\"2018-10-31T19:59:24+00:00\" \/>\n<meta property=\"og:image\" content=\"https:\/\/kwt.meiio.net\/wp-content\/uploads\/KWT-8809-Beratung-DrHalis.jpg\" \/>\n\t<meta property=\"og:image:width\" content=\"2000\" \/>\n\t<meta property=\"og:image:height\" content=\"670\" \/>\n\t<meta property=\"og:image:type\" content=\"image\/jpeg\" \/>\n<meta name=\"twitter:card\" content=\"summary_large_image\" \/>\n<script type=\"application\/ld+json\" class=\"yoast-schema-graph\">{\"@context\":\"https:\/\/schema.org\",\"@graph\":[{\"@type\":\"WebPage\",\"@id\":\"https:\/\/kwt.meiio.net\/tr\/uzun-omur\/kinderwunsch-bei-endometriose\/ablauf-eines-termins\",\"url\":\"https:\/\/kwt.meiio.net\/tr\/uzun-omur\/kinderwunsch-bei-endometriose\/ablauf-eines-termins\",\"name\":\"Doktor muayenesi ile ilgili s\u00fcre\u00e7 &#8226; Kinderwunschteam Berlin\",\"isPartOf\":{\"@id\":\"https:\/\/kwt.meiio.net\/tr#website\"},\"primaryImageOfPage\":{\"@id\":\"https:\/\/kwt.meiio.net\/tr\/uzun-omur\/kinderwunsch-bei-endometriose\/ablauf-eines-termins#primaryimage\"},\"image\":{\"@id\":\"https:\/\/kwt.meiio.net\/tr\/uzun-omur\/kinderwunsch-bei-endometriose\/ablauf-eines-termins#primaryimage\"},\"thumbnailUrl\":\"https:\/\/kwt.meiio.net\/wp-content\/uploads\/KWT-8809-Beratung-DrHalis.jpg\",\"datePublished\":\"2010-03-08T20:36:15+00:00\",\"dateModified\":\"2018-10-31T19:59:24+00:00\",\"description\":\"Randevuma nas\u0131l haz\u0131rlanabilirim? Muayene nas\u0131l yap\u0131l\u0131yor? \u0130lk ziyaretinizde, doktorunuz sizinle detayl\u0131 bir g\u00f6r\u00fc\u015fme yapacakt\u0131r. Bu g\u00f6r\u00fc\u015fmeye, ana\",\"breadcrumb\":{\"@id\":\"https:\/\/kwt.meiio.net\/tr\/uzun-omur\/kinderwunsch-bei-endometriose\/ablauf-eines-termins#breadcrumb\"},\"inLanguage\":\"tr\",\"potentialAction\":[{\"@type\":\"ReadAction\",\"target\":[\"https:\/\/kwt.meiio.net\/tr\/uzun-omur\/kinderwunsch-bei-endometriose\/ablauf-eines-termins\"]}]},{\"@type\":\"ImageObject\",\"inLanguage\":\"tr\",\"@id\":\"https:\/\/kwt.meiio.net\/tr\/uzun-omur\/kinderwunsch-bei-endometriose\/ablauf-eines-termins#primaryimage\",\"url\":\"https:\/\/kwt.meiio.net\/wp-content\/uploads\/KWT-8809-Beratung-DrHalis.jpg\",\"contentUrl\":\"https:\/\/kwt.meiio.net\/wp-content\/uploads\/KWT-8809-Beratung-DrHalis.jpg\",\"width\":2000,\"height\":670},{\"@type\":\"BreadcrumbList\",\"@id\":\"https:\/\/kwt.meiio.net\/tr\/uzun-omur\/kinderwunsch-bei-endometriose\/ablauf-eines-termins#breadcrumb\",\"itemListElement\":[{\"@type\":\"ListItem\",\"position\":1,\"name\":\"Startseite\",\"item\":\"https:\/\/kwt.meiio.net\/tr\"},{\"@type\":\"ListItem\",\"position\":2,\"name\":\"Hizmet alanlar\u0131m\u0131z\",\"item\":\"https:\/\/kwt.meiio.net\/tr\/uzun-omur\"},{\"@type\":\"ListItem\",\"position\":3,\"name\":\"Endometriozis\",\"item\":\"https:\/\/kwt.meiio.net\/tr\/uzun-omur\/kinderwunsch-bei-endometriose\"},{\"@type\":\"ListItem\",\"position\":4,\"name\":\"Doktor muayenesi ile ilgili s\u00fcre\u00e7\"}]},{\"@type\":\"WebSite\",\"@id\":\"https:\/\/kwt.meiio.net\/tr#website\",\"url\":\"https:\/\/kwt.meiio.net\/tr\",\"name\":\"Kinderwunschteam Berlin\",\"description\":\"Kinderwunsch- und Endometriose-Zentrum\",\"publisher\":{\"@id\":\"https:\/\/kwt.meiio.net\/tr#organization\"},\"potentialAction\":[{\"@type\":\"SearchAction\",\"target\":{\"@type\":\"EntryPoint\",\"urlTemplate\":\"https:\/\/kwt.meiio.net\/tr?s={search_term_string}\"},\"query-input\":{\"@type\":\"PropertyValueSpecification\",\"valueRequired\":true,\"valueName\":\"search_term_string\"}}],\"inLanguage\":\"tr\"},{\"@type\":\"Organization\",\"@id\":\"https:\/\/kwt.meiio.net\/tr#organization\",\"name\":\"Kinderwunschteam Berlin\",\"url\":\"https:\/\/kwt.meiio.net\/tr\",\"logo\":{\"@type\":\"ImageObject\",\"inLanguage\":\"tr\",\"@id\":\"https:\/\/kwt.meiio.net\/tr#\/schema\/logo\/image\/\",\"url\":\"https:\/\/kwt.meiio.net\/wp-content\/uploads\/Logo-KinderwunschteamBerlin-NavBar@2.png\",\"contentUrl\":\"https:\/\/kwt.meiio.net\/wp-content\/uploads\/Logo-KinderwunschteamBerlin-NavBar@2.png\",\"width\":800,\"height\":200,\"caption\":\"Kinderwunschteam Berlin\"},\"image\":{\"@id\":\"https:\/\/kwt.meiio.net\/tr#\/schema\/logo\/image\/\"},\"sameAs\":[\"https:\/\/www.facebook.com\/kinderwunschteam.berlin\/\",\"https:\/\/www.instagram.com\/kinderwunschteamberlin\/\"]}]}<\/script>\n<!-- \/ Yoast SEO plugin. -->","yoast_head_json":{"title":"Doktor muayenesi ile ilgili s\u00fcre\u00e7 &#8226; Kinderwunschteam Berlin","description":"Randevuma nas\u0131l haz\u0131rlanabilirim? Muayene nas\u0131l yap\u0131l\u0131yor? \u0130lk ziyaretinizde, doktorunuz sizinle detayl\u0131 bir g\u00f6r\u00fc\u015fme yapacakt\u0131r. Bu g\u00f6r\u00fc\u015fmeye, ana","robots":{"index":"noindex","follow":"follow","max-snippet":"max-snippet:-1","max-image-preview":"max-image-preview:large","max-video-preview":"max-video-preview:-1"},"og_locale":"tr_TR","og_type":"article","og_title":"Doktor muayenesi ile ilgili s\u00fcre\u00e7 &#8226; Kinderwunschteam Berlin","og_description":"Randevuma nas\u0131l haz\u0131rlanabilirim? Muayene nas\u0131l yap\u0131l\u0131yor? \u0130lk ziyaretinizde, doktorunuz sizinle detayl\u0131 bir g\u00f6r\u00fc\u015fme yapacakt\u0131r. Bu g\u00f6r\u00fc\u015fmeye, ana","og_url":"https:\/\/kwt.meiio.net\/tr\/uzun-omur\/kinderwunsch-bei-endometriose\/ablauf-eines-termins","og_site_name":"Kinderwunschteam Berlin","article_publisher":"https:\/\/www.facebook.com\/kinderwunschteam.berlin\/","article_modified_time":"2018-10-31T19:59:24+00:00","og_image":[{"width":2000,"height":670,"url":"https:\/\/kwt.meiio.net\/wp-content\/uploads\/KWT-8809-Beratung-DrHalis.jpg","type":"image\/jpeg"}],"twitter_card":"summary_large_image","schema":{"@context":"https:\/\/schema.org","@graph":[{"@type":"WebPage","@id":"https:\/\/kwt.meiio.net\/tr\/uzun-omur\/kinderwunsch-bei-endometriose\/ablauf-eines-termins","url":"https:\/\/kwt.meiio.net\/tr\/uzun-omur\/kinderwunsch-bei-endometriose\/ablauf-eines-termins","name":"Doktor muayenesi ile ilgili s\u00fcre\u00e7 &#8226; Kinderwunschteam Berlin","isPartOf":{"@id":"https:\/\/kwt.meiio.net\/tr#website"},"primaryImageOfPage":{"@id":"https:\/\/kwt.meiio.net\/tr\/uzun-omur\/kinderwunsch-bei-endometriose\/ablauf-eines-termins#primaryimage"},"image":{"@id":"https:\/\/kwt.meiio.net\/tr\/uzun-omur\/kinderwunsch-bei-endometriose\/ablauf-eines-termins#primaryimage"},"thumbnailUrl":"https:\/\/kwt.meiio.net\/wp-content\/uploads\/KWT-8809-Beratung-DrHalis.jpg","datePublished":"2010-03-08T20:36:15+00:00","dateModified":"2018-10-31T19:59:24+00:00","description":"Randevuma nas\u0131l haz\u0131rlanabilirim? Muayene nas\u0131l yap\u0131l\u0131yor? \u0130lk ziyaretinizde, doktorunuz sizinle detayl\u0131 bir g\u00f6r\u00fc\u015fme yapacakt\u0131r. Bu g\u00f6r\u00fc\u015fmeye, ana","breadcrumb":{"@id":"https:\/\/kwt.meiio.net\/tr\/uzun-omur\/kinderwunsch-bei-endometriose\/ablauf-eines-termins#breadcrumb"},"inLanguage":"tr","potentialAction":[{"@type":"ReadAction","target":["https:\/\/kwt.meiio.net\/tr\/uzun-omur\/kinderwunsch-bei-endometriose\/ablauf-eines-termins"]}]},{"@type":"ImageObject","inLanguage":"tr","@id":"https:\/\/kwt.meiio.net\/tr\/uzun-omur\/kinderwunsch-bei-endometriose\/ablauf-eines-termins#primaryimage","url":"https:\/\/kwt.meiio.net\/wp-content\/uploads\/KWT-8809-Beratung-DrHalis.jpg","contentUrl":"https:\/\/kwt.meiio.net\/wp-content\/uploads\/KWT-8809-Beratung-DrHalis.jpg","width":2000,"height":670},{"@type":"BreadcrumbList","@id":"https:\/\/kwt.meiio.net\/tr\/uzun-omur\/kinderwunsch-bei-endometriose\/ablauf-eines-termins#breadcrumb","itemListElement":[{"@type":"ListItem","position":1,"name":"Startseite","item":"https:\/\/kwt.meiio.net\/tr"},{"@type":"ListItem","position":2,"name":"Hizmet alanlar\u0131m\u0131z","item":"https:\/\/kwt.meiio.net\/tr\/uzun-omur"},{"@type":"ListItem","position":3,"name":"Endometriozis","item":"https:\/\/kwt.meiio.net\/tr\/uzun-omur\/kinderwunsch-bei-endometriose"},{"@type":"ListItem","position":4,"name":"Doktor muayenesi ile ilgili s\u00fcre\u00e7"}]},{"@type":"WebSite","@id":"https:\/\/kwt.meiio.net\/tr#website","url":"https:\/\/kwt.meiio.net\/tr","name":"Kinderwunschteam Berlin","description":"Kinderwunsch- und Endometriose-Zentrum","publisher":{"@id":"https:\/\/kwt.meiio.net\/tr#organization"},"potentialAction":[{"@type":"SearchAction","target":{"@type":"EntryPoint","urlTemplate":"https:\/\/kwt.meiio.net\/tr?s={search_term_string}"},"query-input":{"@type":"PropertyValueSpecification","valueRequired":true,"valueName":"search_term_string"}}],"inLanguage":"tr"},{"@type":"Organization","@id":"https:\/\/kwt.meiio.net\/tr#organization","name":"Kinderwunschteam Berlin","url":"https:\/\/kwt.meiio.net\/tr","logo":{"@type":"ImageObject","inLanguage":"tr","@id":"https:\/\/kwt.meiio.net\/tr#\/schema\/logo\/image\/","url":"https:\/\/kwt.meiio.net\/wp-content\/uploads\/Logo-KinderwunschteamBerlin-NavBar@2.png","contentUrl":"https:\/\/kwt.meiio.net\/wp-content\/uploads\/Logo-KinderwunschteamBerlin-NavBar@2.png","width":800,"height":200,"caption":"Kinderwunschteam Berlin"},"image":{"@id":"https:\/\/kwt.meiio.net\/tr#\/schema\/logo\/image\/"},"sameAs":["https:\/\/www.facebook.com\/kinderwunschteam.berlin\/","https:\/\/www.instagram.com\/kinderwunschteamberlin\/"]}]}},"_links":{"self":[{"href":"https:\/\/kwt.meiio.net\/tr\/wp-json\/wp\/v2\/pages\/7552","targetHints":{"allow":["GET"]}}],"collection":[{"href":"https:\/\/kwt.meiio.net\/tr\/wp-json\/wp\/v2\/pages"}],"about":[{"href":"https:\/\/kwt.meiio.net\/tr\/wp-json\/wp\/v2\/types\/page"}],"author":[{"embeddable":true,"href":"https:\/\/kwt.meiio.net\/tr\/wp-json\/wp\/v2\/users\/2"}],"replies":[{"embeddable":true,"href":"https:\/\/kwt.meiio.net\/tr\/wp-json\/wp\/v2\/comments?post=7552"}],"version-history":[{"count":0,"href":"https:\/\/kwt.meiio.net\/tr\/wp-json\/wp\/v2\/pages\/7552\/revisions"}],"up":[{"embeddable":true,"href":"https:\/\/kwt.meiio.net\/tr\/wp-json\/wp\/v2\/pages\/7521"}],"wp:featuredmedia":[{"embeddable":true,"href":"https:\/\/kwt.meiio.net\/tr\/wp-json\/wp\/v2\/media\/7553"}],"wp:attachment":[{"href":"https:\/\/kwt.meiio.net\/tr\/wp-json\/wp\/v2\/media?parent=7552"}],"curies":[{"name":"wp","href":"https:\/\/api.w.org\/{rel}","templated":true}]}}