{"id":7549,"date":"2010-03-08T21:34:15","date_gmt":"2010-03-08T20:34:15","guid":{"rendered":"https:\/\/www.kinderwunschteam.berlin\/unsere-leistungsbereiche\/kinderwunsch-bei-endometriose\/wie-wir-ihnen-helfen-konnen\/"},"modified":"2018-10-31T20:58:25","modified_gmt":"2018-10-31T19:58:25","slug":"wie-wir-ihnen-helfen-konnen","status":"publish","type":"page","link":"https:\/\/kwt.meiio.net\/tr\/uzun-omur\/kinderwunsch-bei-endometriose\/wie-wir-ihnen-helfen-konnen","title":{"rendered":"Size nas\u0131l yard\u0131mc\u0131 olabiliriz?"},"content":{"rendered":"<p>Endometriozis kronik bir hastal\u0131kt\u0131r ve bizim hedefimiz hastalar\u0131m\u0131z\u0131n hayat kalitesini y\u00fckseltmek daha do\u011frusu; e\u011fer \u00f6n planda ise \u00e7ocuk yapma isteklerini ger\u00e7ekle\u015ftirmektir. Yap\u0131lan tedavi, hastan\u0131n hastal\u0131k ge\u00e7mi\u015fi ve gereksinimlerine uygun, uzun soluklu, \u00f6zel bir tedavi konseptinin par\u00e7as\u0131 olmal\u0131d\u0131r. Bu tedavi psikolojik destek de i\u00e7ermelidir. Biz kendi merkezimizde ara\u015ft\u0131rmalar yapmakta ve ba\u015fka merkezlerin yapt\u0131klar\u0131 ara\u015ft\u0131rmalara kat\u0131lmaktay\u0131z. B\u00f6ylelikle hastalar\u0131m\u0131za en yeni ila\u00e7 ve tedavi y\u00f6ntemlerinden yararlanma imkan\u0131 yarat\u0131yoruz. Sizi her t\u00fcr\u00fc modern analiz ve tedavi y\u00f6ntemleri hakk\u0131nda bilgilendirece\u011fiz. Tedavi kalitesinin y\u00fckseltilmesi amac\u0131yla, Berlin KEZ (Berlin T\u00fcp Bebek ve Endometriozis Merkezi )\u2019deki ekibimiz, size en uygun deste\u011fi verebilmek i\u00e7in, endokrinolojik ve cerrahi e\u011fitimli jinekoloji, cerrahi, \u00fcroloji, psikosomatik a\u011fr\u0131 tedavisi, r\u00f6ntgen te\u015fhisi ve fizyoterapi konular\u0131nda uzman doktorlarla uzmanl\u0131k \u00fcst\u00fc bir beraber \u00e7al\u0131\u015fma hedeflemektedir.<\/p>\n<p><strong>\u2026 ve sizler kendinize nas\u0131l yard\u0131mc\u0131 olabilirsiniz \u2026<\/strong><\/p>\n<p>Hastal\u0131\u011fa yakalanm\u0131\u015f olan kad\u0131nlarda ilk semptomlar ile konulan te\u015fhis aras\u0131ndaki 10 y\u0131l, a\u011fr\u0131larla, \u00e7ocuk sahibi olma arzular\u0131n\u0131n ger\u00e7ekle\u015fememesiyle, anla\u015f\u0131lamama ve ciddiye al\u0131nmama hissi ile ge\u00e7er. Bir \u00e7ok kad\u0131n, \u00f6zel ve i\u015f hayat\u0131ndaki yo\u011fun k\u0131s\u0131tlamalar\u0131 sineye \u00e7ekmek zorundad\u0131r.<\/p>\n<p>Bizimle konu\u015fun, sizi bilgilendirelim.<\/p>\n<p><strong>Regl a\u011fr\u0131lar\u0131 normal de\u011fildir<\/strong><\/p>\n<p>ve<\/p>\n<p><strong>endometriozise ba\u011fl\u0131 problemler tedavi edilebilir<\/strong><\/p>\n","protected":false},"excerpt":{"rendered":"<p>Endometriozis kronik bir hastal\u0131kt\u0131r ve bizim hedefimiz hastalar\u0131m\u0131z\u0131n hayat kalitesini y\u00fckseltmek daha do\u011frusu; e\u011fer \u00f6n planda ise \u00e7ocuk yapma isteklerini [&hellip;]<\/p>\n","protected":false},"author":2,"featured_media":7550,"parent":7521,"menu_order":10,"comment_status":"closed","ping_status":"closed","template":"page-siblingnavi.php","meta":{"footnotes":""},"class_list":["post-7549","page","type-page","status-publish","has-post-thumbnail","hentry"],"yoast_head":"<!-- This site is optimized with the Yoast SEO plugin v25.6 - https:\/\/yoast.com\/wordpress\/plugins\/seo\/ -->\n<title>Size nas\u0131l yard\u0131mc\u0131 olabiliriz? &#8226; Kinderwunschteam Berlin<\/title>\n<meta name=\"description\" content=\"Endometriozis kronik bir hastal\u0131kt\u0131r ve bizim hedefimiz hastalar\u0131m\u0131z\u0131n hayat kalitesini y\u00fckseltmek daha do\u011frusu; e\u011fer \u00f6n planda ise \u00e7ocuk yapma\" \/>\n<meta name=\"robots\" content=\"noindex, follow, max-snippet:-1, max-image-preview:large, max-video-preview:-1\" \/>\n<meta property=\"og:locale\" content=\"tr_TR\" \/>\n<meta property=\"og:type\" content=\"article\" \/>\n<meta property=\"og:title\" content=\"Size nas\u0131l yard\u0131mc\u0131 olabiliriz? &#8226; Kinderwunschteam Berlin\" \/>\n<meta property=\"og:description\" content=\"Endometriozis kronik bir hastal\u0131kt\u0131r ve bizim hedefimiz hastalar\u0131m\u0131z\u0131n hayat kalitesini y\u00fckseltmek daha do\u011frusu; e\u011fer \u00f6n planda ise \u00e7ocuk yapma\" \/>\n<meta property=\"og:url\" content=\"https:\/\/kwt.meiio.net\/tr\/uzun-omur\/kinderwunsch-bei-endometriose\/wie-wir-ihnen-helfen-konnen\" \/>\n<meta property=\"og:site_name\" content=\"Kinderwunschteam Berlin\" \/>\n<meta property=\"article:publisher\" content=\"https:\/\/www.facebook.com\/kinderwunschteam.berlin\/\" \/>\n<meta property=\"article:modified_time\" content=\"2018-10-31T19:58:25+00:00\" \/>\n<meta property=\"og:image\" content=\"https:\/\/kwt.meiio.net\/wp-content\/uploads\/KWT-8904-Beratung-DrHalis.jpg\" \/>\n\t<meta property=\"og:image:width\" content=\"2000\" \/>\n\t<meta property=\"og:image:height\" content=\"670\" \/>\n\t<meta property=\"og:image:type\" content=\"image\/jpeg\" \/>\n<meta name=\"twitter:card\" content=\"summary_large_image\" \/>\n<script type=\"application\/ld+json\" class=\"yoast-schema-graph\">{\"@context\":\"https:\/\/schema.org\",\"@graph\":[{\"@type\":\"WebPage\",\"@id\":\"https:\/\/kwt.meiio.net\/tr\/uzun-omur\/kinderwunsch-bei-endometriose\/wie-wir-ihnen-helfen-konnen\",\"url\":\"https:\/\/kwt.meiio.net\/tr\/uzun-omur\/kinderwunsch-bei-endometriose\/wie-wir-ihnen-helfen-konnen\",\"name\":\"Size nas\u0131l yard\u0131mc\u0131 olabiliriz? &#8226; Kinderwunschteam Berlin\",\"isPartOf\":{\"@id\":\"https:\/\/kwt.meiio.net\/tr#website\"},\"primaryImageOfPage\":{\"@id\":\"https:\/\/kwt.meiio.net\/tr\/uzun-omur\/kinderwunsch-bei-endometriose\/wie-wir-ihnen-helfen-konnen#primaryimage\"},\"image\":{\"@id\":\"https:\/\/kwt.meiio.net\/tr\/uzun-omur\/kinderwunsch-bei-endometriose\/wie-wir-ihnen-helfen-konnen#primaryimage\"},\"thumbnailUrl\":\"https:\/\/kwt.meiio.net\/wp-content\/uploads\/KWT-8904-Beratung-DrHalis.jpg\",\"datePublished\":\"2010-03-08T20:34:15+00:00\",\"dateModified\":\"2018-10-31T19:58:25+00:00\",\"description\":\"Endometriozis kronik bir hastal\u0131kt\u0131r ve bizim hedefimiz hastalar\u0131m\u0131z\u0131n hayat kalitesini y\u00fckseltmek daha do\u011frusu; e\u011fer \u00f6n planda ise \u00e7ocuk yapma\",\"breadcrumb\":{\"@id\":\"https:\/\/kwt.meiio.net\/tr\/uzun-omur\/kinderwunsch-bei-endometriose\/wie-wir-ihnen-helfen-konnen#breadcrumb\"},\"inLanguage\":\"tr\",\"potentialAction\":[{\"@type\":\"ReadAction\",\"target\":[\"https:\/\/kwt.meiio.net\/tr\/uzun-omur\/kinderwunsch-bei-endometriose\/wie-wir-ihnen-helfen-konnen\"]}]},{\"@type\":\"ImageObject\",\"inLanguage\":\"tr\",\"@id\":\"https:\/\/kwt.meiio.net\/tr\/uzun-omur\/kinderwunsch-bei-endometriose\/wie-wir-ihnen-helfen-konnen#primaryimage\",\"url\":\"https:\/\/kwt.meiio.net\/wp-content\/uploads\/KWT-8904-Beratung-DrHalis.jpg\",\"contentUrl\":\"https:\/\/kwt.meiio.net\/wp-content\/uploads\/KWT-8904-Beratung-DrHalis.jpg\",\"width\":2000,\"height\":670},{\"@type\":\"BreadcrumbList\",\"@id\":\"https:\/\/kwt.meiio.net\/tr\/uzun-omur\/kinderwunsch-bei-endometriose\/wie-wir-ihnen-helfen-konnen#breadcrumb\",\"itemListElement\":[{\"@type\":\"ListItem\",\"position\":1,\"name\":\"Startseite\",\"item\":\"https:\/\/kwt.meiio.net\/tr\"},{\"@type\":\"ListItem\",\"position\":2,\"name\":\"Hizmet alanlar\u0131m\u0131z\",\"item\":\"https:\/\/kwt.meiio.net\/tr\/uzun-omur\"},{\"@type\":\"ListItem\",\"position\":3,\"name\":\"Endometriozis\",\"item\":\"https:\/\/kwt.meiio.net\/tr\/uzun-omur\/kinderwunsch-bei-endometriose\"},{\"@type\":\"ListItem\",\"position\":4,\"name\":\"Size nas\u0131l yard\u0131mc\u0131 olabiliriz?\"}]},{\"@type\":\"WebSite\",\"@id\":\"https:\/\/kwt.meiio.net\/tr#website\",\"url\":\"https:\/\/kwt.meiio.net\/tr\",\"name\":\"Kinderwunschteam Berlin\",\"description\":\"Kinderwunsch- und Endometriose-Zentrum\",\"publisher\":{\"@id\":\"https:\/\/kwt.meiio.net\/tr#organization\"},\"potentialAction\":[{\"@type\":\"SearchAction\",\"target\":{\"@type\":\"EntryPoint\",\"urlTemplate\":\"https:\/\/kwt.meiio.net\/tr?s={search_term_string}\"},\"query-input\":{\"@type\":\"PropertyValueSpecification\",\"valueRequired\":true,\"valueName\":\"search_term_string\"}}],\"inLanguage\":\"tr\"},{\"@type\":\"Organization\",\"@id\":\"https:\/\/kwt.meiio.net\/tr#organization\",\"name\":\"Kinderwunschteam Berlin\",\"url\":\"https:\/\/kwt.meiio.net\/tr\",\"logo\":{\"@type\":\"ImageObject\",\"inLanguage\":\"tr\",\"@id\":\"https:\/\/kwt.meiio.net\/tr#\/schema\/logo\/image\/\",\"url\":\"https:\/\/kwt.meiio.net\/wp-content\/uploads\/Logo-KinderwunschteamBerlin-NavBar@2.png\",\"contentUrl\":\"https:\/\/kwt.meiio.net\/wp-content\/uploads\/Logo-KinderwunschteamBerlin-NavBar@2.png\",\"width\":800,\"height\":200,\"caption\":\"Kinderwunschteam Berlin\"},\"image\":{\"@id\":\"https:\/\/kwt.meiio.net\/tr#\/schema\/logo\/image\/\"},\"sameAs\":[\"https:\/\/www.facebook.com\/kinderwunschteam.berlin\/\",\"https:\/\/www.instagram.com\/kinderwunschteamberlin\/\"]}]}<\/script>\n<!-- \/ Yoast SEO plugin. -->","yoast_head_json":{"title":"Size nas\u0131l yard\u0131mc\u0131 olabiliriz? &#8226; Kinderwunschteam Berlin","description":"Endometriozis kronik bir hastal\u0131kt\u0131r ve bizim hedefimiz hastalar\u0131m\u0131z\u0131n hayat kalitesini y\u00fckseltmek daha do\u011frusu; e\u011fer \u00f6n planda ise \u00e7ocuk yapma","robots":{"index":"noindex","follow":"follow","max-snippet":"max-snippet:-1","max-image-preview":"max-image-preview:large","max-video-preview":"max-video-preview:-1"},"og_locale":"tr_TR","og_type":"article","og_title":"Size nas\u0131l yard\u0131mc\u0131 olabiliriz? &#8226; Kinderwunschteam Berlin","og_description":"Endometriozis kronik bir hastal\u0131kt\u0131r ve bizim hedefimiz hastalar\u0131m\u0131z\u0131n hayat kalitesini y\u00fckseltmek daha do\u011frusu; e\u011fer \u00f6n planda ise \u00e7ocuk yapma","og_url":"https:\/\/kwt.meiio.net\/tr\/uzun-omur\/kinderwunsch-bei-endometriose\/wie-wir-ihnen-helfen-konnen","og_site_name":"Kinderwunschteam Berlin","article_publisher":"https:\/\/www.facebook.com\/kinderwunschteam.berlin\/","article_modified_time":"2018-10-31T19:58:25+00:00","og_image":[{"width":2000,"height":670,"url":"https:\/\/kwt.meiio.net\/wp-content\/uploads\/KWT-8904-Beratung-DrHalis.jpg","type":"image\/jpeg"}],"twitter_card":"summary_large_image","schema":{"@context":"https:\/\/schema.org","@graph":[{"@type":"WebPage","@id":"https:\/\/kwt.meiio.net\/tr\/uzun-omur\/kinderwunsch-bei-endometriose\/wie-wir-ihnen-helfen-konnen","url":"https:\/\/kwt.meiio.net\/tr\/uzun-omur\/kinderwunsch-bei-endometriose\/wie-wir-ihnen-helfen-konnen","name":"Size nas\u0131l yard\u0131mc\u0131 olabiliriz? &#8226; Kinderwunschteam Berlin","isPartOf":{"@id":"https:\/\/kwt.meiio.net\/tr#website"},"primaryImageOfPage":{"@id":"https:\/\/kwt.meiio.net\/tr\/uzun-omur\/kinderwunsch-bei-endometriose\/wie-wir-ihnen-helfen-konnen#primaryimage"},"image":{"@id":"https:\/\/kwt.meiio.net\/tr\/uzun-omur\/kinderwunsch-bei-endometriose\/wie-wir-ihnen-helfen-konnen#primaryimage"},"thumbnailUrl":"https:\/\/kwt.meiio.net\/wp-content\/uploads\/KWT-8904-Beratung-DrHalis.jpg","datePublished":"2010-03-08T20:34:15+00:00","dateModified":"2018-10-31T19:58:25+00:00","description":"Endometriozis kronik bir hastal\u0131kt\u0131r ve bizim hedefimiz hastalar\u0131m\u0131z\u0131n hayat kalitesini y\u00fckseltmek daha do\u011frusu; e\u011fer \u00f6n planda ise \u00e7ocuk yapma","breadcrumb":{"@id":"https:\/\/kwt.meiio.net\/tr\/uzun-omur\/kinderwunsch-bei-endometriose\/wie-wir-ihnen-helfen-konnen#breadcrumb"},"inLanguage":"tr","potentialAction":[{"@type":"ReadAction","target":["https:\/\/kwt.meiio.net\/tr\/uzun-omur\/kinderwunsch-bei-endometriose\/wie-wir-ihnen-helfen-konnen"]}]},{"@type":"ImageObject","inLanguage":"tr","@id":"https:\/\/kwt.meiio.net\/tr\/uzun-omur\/kinderwunsch-bei-endometriose\/wie-wir-ihnen-helfen-konnen#primaryimage","url":"https:\/\/kwt.meiio.net\/wp-content\/uploads\/KWT-8904-Beratung-DrHalis.jpg","contentUrl":"https:\/\/kwt.meiio.net\/wp-content\/uploads\/KWT-8904-Beratung-DrHalis.jpg","width":2000,"height":670},{"@type":"BreadcrumbList","@id":"https:\/\/kwt.meiio.net\/tr\/uzun-omur\/kinderwunsch-bei-endometriose\/wie-wir-ihnen-helfen-konnen#breadcrumb","itemListElement":[{"@type":"ListItem","position":1,"name":"Startseite","item":"https:\/\/kwt.meiio.net\/tr"},{"@type":"ListItem","position":2,"name":"Hizmet alanlar\u0131m\u0131z","item":"https:\/\/kwt.meiio.net\/tr\/uzun-omur"},{"@type":"ListItem","position":3,"name":"Endometriozis","item":"https:\/\/kwt.meiio.net\/tr\/uzun-omur\/kinderwunsch-bei-endometriose"},{"@type":"ListItem","position":4,"name":"Size nas\u0131l yard\u0131mc\u0131 olabiliriz?"}]},{"@type":"WebSite","@id":"https:\/\/kwt.meiio.net\/tr#website","url":"https:\/\/kwt.meiio.net\/tr","name":"Kinderwunschteam Berlin","description":"Kinderwunsch- und Endometriose-Zentrum","publisher":{"@id":"https:\/\/kwt.meiio.net\/tr#organization"},"potentialAction":[{"@type":"SearchAction","target":{"@type":"EntryPoint","urlTemplate":"https:\/\/kwt.meiio.net\/tr?s={search_term_string}"},"query-input":{"@type":"PropertyValueSpecification","valueRequired":true,"valueName":"search_term_string"}}],"inLanguage":"tr"},{"@type":"Organization","@id":"https:\/\/kwt.meiio.net\/tr#organization","name":"Kinderwunschteam Berlin","url":"https:\/\/kwt.meiio.net\/tr","logo":{"@type":"ImageObject","inLanguage":"tr","@id":"https:\/\/kwt.meiio.net\/tr#\/schema\/logo\/image\/","url":"https:\/\/kwt.meiio.net\/wp-content\/uploads\/Logo-KinderwunschteamBerlin-NavBar@2.png","contentUrl":"https:\/\/kwt.meiio.net\/wp-content\/uploads\/Logo-KinderwunschteamBerlin-NavBar@2.png","width":800,"height":200,"caption":"Kinderwunschteam Berlin"},"image":{"@id":"https:\/\/kwt.meiio.net\/tr#\/schema\/logo\/image\/"},"sameAs":["https:\/\/www.facebook.com\/kinderwunschteam.berlin\/","https:\/\/www.instagram.com\/kinderwunschteamberlin\/"]}]}},"_links":{"self":[{"href":"https:\/\/kwt.meiio.net\/tr\/wp-json\/wp\/v2\/pages\/7549","targetHints":{"allow":["GET"]}}],"collection":[{"href":"https:\/\/kwt.meiio.net\/tr\/wp-json\/wp\/v2\/pages"}],"about":[{"href":"https:\/\/kwt.meiio.net\/tr\/wp-json\/wp\/v2\/types\/page"}],"author":[{"embeddable":true,"href":"https:\/\/kwt.meiio.net\/tr\/wp-json\/wp\/v2\/users\/2"}],"replies":[{"embeddable":true,"href":"https:\/\/kwt.meiio.net\/tr\/wp-json\/wp\/v2\/comments?post=7549"}],"version-history":[{"count":0,"href":"https:\/\/kwt.meiio.net\/tr\/wp-json\/wp\/v2\/pages\/7549\/revisions"}],"up":[{"embeddable":true,"href":"https:\/\/kwt.meiio.net\/tr\/wp-json\/wp\/v2\/pages\/7521"}],"wp:featuredmedia":[{"embeddable":true,"href":"https:\/\/kwt.meiio.net\/tr\/wp-json\/wp\/v2\/media\/7550"}],"wp:attachment":[{"href":"https:\/\/kwt.meiio.net\/tr\/wp-json\/wp\/v2\/media?parent=7549"}],"curies":[{"name":"wp","href":"https:\/\/api.w.org\/{rel}","templated":true}]}}