{"id":7543,"date":"2010-03-08T21:32:15","date_gmt":"2010-03-08T20:32:15","guid":{"rendered":"https:\/\/www.kinderwunschteam.berlin\/unsere-leistungsbereiche\/kinderwunsch-bei-endometriose\/behandlung-therapie\/"},"modified":"2020-09-06T01:34:14","modified_gmt":"2020-09-05T23:34:14","slug":"behandlung-therapie","status":"publish","type":"page","link":"https:\/\/kwt.meiio.net\/tr\/uzun-omur\/kinderwunsch-bei-endometriose\/behandlung-therapie","title":{"rendered":"Tedavi"},"content":{"rendered":"<h3>Endometriozis ne s\u0131kl\u0131kta g\u00f6r\u00fcl\u00fcr?<\/h3>\n<p>Endometriozis, klini\u011fimizde tutarl\u0131 oldu\u011fu kadar her hastaya \u00f6zel uyarlanm\u0131\u015f bir y\u00f6ntemle tedavi edilir. De\u011fi\u015fik cerrahi teknikler, g\u00fcn\u00fcm\u00fcz\u00fcn hormon preparatlar\u0131yla veya ila\u00e7lar\u0131yla birlikte kullan\u0131ld\u0131\u011f\u0131nda, buna ek olarak tamamlay\u0131c\u0131 tedaviler de yap\u0131ld\u0131\u011f\u0131 takdirde, tedavi stratejimizde en temel \u00f6\u011feler kullan\u0131lm\u0131\u015f olur.<\/p>\n<p>\u00c7ocuk sahibi olmak isteyen endometriozisli hastalar\u0131m\u0131z, sabit bir k\u0131s\u0131rl\u0131k tedavisi plan\u0131 ile tedavi edilmezler. Bizim hastalar\u0131m\u0131z evreye y\u00f6nelik dan\u0131\u015fmanl\u0131k al\u0131r ve tedaviyi yapan doktor ile tedavi s\u00fcrecine beraber karar verirler.<\/p>\n<p>Hedefimiz, \u015fikayetlerin azalt\u0131lmas\u0131 ve ortadan kald\u0131r\u0131lmas\u0131n\u0131n yan\u0131 s\u0131ra yeni endometriozis krizlerinin tamamen minimalize edilerek hastan\u0131n ya\u015fam kalitesinin artt\u0131r\u0131lmas\u0131d\u0131r. Bir ba\u015fka hedefimiz de ba\u011f\u0131\u015f\u0131kl\u0131k sisteminin g\u00fc\u00e7lendirilmesi ve hastalar\u0131m\u0131z\u0131n psikolojik destek vermektir.<\/p>\n<p><strong>Tedavi s\u00fcreci:<\/strong><\/p>\n<p>Doktor ile yap\u0131lacak g\u00f6r\u00fc\u015fmenin ba\u015f\u0131nda sizinle tedavinin hedefini konu\u015faca\u011f\u0131z: Sizin i\u00e7in \u00f6n planda olan nedir?<\/p>\n<ol>\n<li><strong>\u00c7ocuk sahibi olmak istiyor musunuz?<\/strong>yoksa<\/li>\n<li><strong>&#8216;Sadece\u2019\u2019 endometriozis mi tedavi edilsin? <\/strong><\/li>\n<\/ol>\n<p>G\u00f6r\u00fc\u015fme s\u0131ras\u0131nda sizin i\u00e7in \u00f6zel bir tedavi plan\u0131 haz\u0131rlayaca\u011f\u0131z. Biz, birlikte \u00e7al\u0131\u015fan uzman bir ekibiz. Bizler, operat\u00f6rler, endokrinologlar, t\u00fcp bebek uzmanlar\u0131, a\u011fr\u0131 terapistleri, \u00fcrologlar, cerrahlar ve radyologlar\u0131n yan\u0131 s\u0131ra homeopat, akupunktur, biyo-rezonans terapisi gibi do\u011fal tedavi y\u00f6ntemlerini de kullanan doktor ve psikologlarla bir arada \u00e7al\u0131\u015fmaktay\u0131z.<\/p>\n<p>Tedavi her kad\u0131n\u0131n hastal\u0131k ge\u00e7mi\u015fi, ya\u015fam ko\u015fullar\u0131 ve ihtiya\u00e7lar\u0131na g\u00f6re uyarlanm\u0131\u015f ve uzun s\u00fcreli, tutarl\u0131 bir tedavi \u015feklinde olmal\u0131d\u0131r.<\/p>\n<p>Endometriozisin temelindeki nedene y\u00f6nelik bir tedavi y\u00f6ntemi yoktur. T\u00fcm kulland\u0131\u011f\u0131m\u0131z ila\u00e7lar semptomatiktir: Yani tedavi b\u0131rak\u0131ld\u0131\u011f\u0131nda, hastal\u0131k, bulundu\u011fu evreye ba\u011fl\u0131 olarak \u00e7ok \u00e7abuk bir \u015fekilde yeniden n\u00fcksedebilir.<\/p>\n<p>Tedavi genelde bir &#8221;anahtar deli\u011fi operasyonu\u201c ile ba\u015flar. Operat\u00f6r, hastal\u0131\u011f\u0131n derecesi hakk\u0131nda bilgi edinir, ince doku incelemesi i\u00e7in \u00f6rnekler al\u0131r ve &#8221;hastal\u0131\u011f\u0131n onar\u0131m\u0131\u201c, yani en ideal durumda, endometriozinin tamamen ortadan kalkmas\u0131 i\u00e7in elinden gelen gayreti g\u00f6sterir. Dr. Halis hastalar\u0131n\u0131 Humboldt Klinikum&#8217;da (Y\u00f6netici: Prof. Dr. A. Ebert)&#8217;in yan\u0131nda ameliyat etmektedir. Burada ileri derecedeki bir endometriozis vakas\u0131na m\u00fcdahele edilmesi gerekti\u011finde, operasyonlar\u0131n etrafl\u0131ca yap\u0131labilmesi i\u00e7in, gerekti\u011finde bir cerrah veya \u00fcrolo\u011fun da dahil edilmesi m\u00fcmk\u00fcnd\u00fcr.<\/p>\n<p>\u0130lk etapta, \u00f6nemli olan \u00e7ocuk sahibi olmak isteyip istemedi\u011finizdir. O zaman size gereken, \u00e7ocuk sahibi olmak isteyenlere uygun bir tedavidir.<\/p>\n<p>Aile planlaman\u0131z\u0131 yapt\u0131\u011f\u0131n\u0131zda, birlikte, se\u00e7enekler aras\u0131ndan hangi tedaviyi alaca\u011f\u0131n\u0131za karar verece\u011fiz. Se\u00e7enekler \u015funlard\u0131r:<\/p>\n<p><strong>Hormonal tedaviler: <\/strong>Endometriozis dokusu \u00e7o\u011fu durumda \u00f6strojene ba\u011fl\u0131 oldu\u011fundan, bir\u00e7ok tedavi v\u00fccuttaki \u00f6strojen miktar\u0131n\u0131n d\u00fc\u015f\u00fcr\u00fclmesini hedefler. B\u00f6ylelikle hastal\u0131kl\u0131 doku kontrol alt\u0131na al\u0131n\u0131r. \u0130deal durumda &#8221;atrofi\u201c (hastal\u0131\u011f\u0131n gerilemesi) sa\u011flan\u0131r. Hormonal tedavilerin nitelikleri \u00e7e\u015fitlilik g\u00f6sterir ve bunlar size g\u00f6r\u00fc\u015fme s\u0131ras\u0131nda a\u00e7\u0131klanacakt\u0131r (sadece gestagen, do\u011fum kontrol hap\u0131, hormonlu spiraller gibi kombine bile\u015fimler).<\/p>\n<p><strong>A\u011fr\u0131 tedavisi: <\/strong>A\u011fr\u0131 kesici ila\u00e7lar esas hastal\u0131\u011f\u0131n \u00e7\u00f6z\u00fcm\u00fcne yaramaz. Hastal\u0131\u011f\u0131n \u00e7\u00f6z\u00fcm\u00fc i\u00e7in \u2019\u2019semptomatik tedavi\u2019\u2019 uygulamak gerekir. A\u011fr\u0131lar mutlaka yeterli ve kaliteli bir tedavi y\u00f6ntemi ile tedavi edilmelidir ve &#8221;a\u011fr\u0131lar\u0131n\u0131z katlan\u0131lacak derecede&#8221; azalmadan &#8221;yi\u011fitlik\u201c g\u00f6stermeniz \u00e7\u00f6z\u00fcm de\u011fildir. Etkin bir a\u011fr\u0131 tedavisine ne kadar erken ba\u015flan\u0131rsa al\u0131nan a\u011fr\u0131 kesici ila\u00e7lar da o \u00f6l\u00e7\u00fcde azalt\u0131labilir. Hedef, a\u011fr\u0131 haf\u0131zas\u0131n\u0131n olu\u015fmas\u0131n\u0131 \u00f6nlemek olmal\u0131d\u0131r.<\/p>\n<p><strong>Tamamlay\u0131c\u0131 tedavi y\u00f6ntemleri: <\/strong>Akupunktur, homeopati, geleneksel \u00c7in t\u0131bb\u0131 (TCM), do\u011fal ila\u00e7lar, biyo-rezonans terapisi, ayr\u0131ca yoga, tai chi, progresif kas rahatlatma. Bu tedaviler, hastal\u0131\u011fa neden unsurlar\u0131 ortadan kald\u0131rmasa da hastan\u0131n kendisini iyi hissetmesini ve ba\u011f\u0131\u015f\u0131kl\u0131k sisteminin g\u00fc\u00e7lenmesini sa\u011flar. Gev\u015feme y\u00f6ntemleri a\u011fr\u0131l\u0131 kas\u0131lmalara yol a\u00e7abilirler. Ne yaz\u0131k ki bu y\u00f6ntemlerden hi\u00e7biri endometriozisi tedavi edemez.<\/p>\n","protected":false},"excerpt":{"rendered":"<p>Endometriozis ne s\u0131kl\u0131kta g\u00f6r\u00fcl\u00fcr? Endometriozis, klini\u011fimizde tutarl\u0131 oldu\u011fu kadar her hastaya \u00f6zel uyarlanm\u0131\u015f bir y\u00f6ntemle tedavi edilir. De\u011fi\u015fik cerrahi teknikler, [&hellip;]<\/p>\n","protected":false},"author":2,"featured_media":7533,"parent":7521,"menu_order":3,"comment_status":"closed","ping_status":"closed","template":"page-siblingnavi.php","meta":{"footnotes":""},"class_list":["post-7543","page","type-page","status-publish","has-post-thumbnail","hentry"],"yoast_head":"<!-- This site is optimized with the Yoast SEO plugin v25.6 - https:\/\/yoast.com\/wordpress\/plugins\/seo\/ -->\n<title>Tedavi &#8226; Kinderwunschteam Berlin<\/title>\n<meta name=\"description\" content=\"Endometriozis ne s\u0131kl\u0131kta g\u00f6r\u00fcl\u00fcr? Endometriozis, klini\u011fimizde tutarl\u0131 oldu\u011fu kadar her hastaya \u00f6zel uyarlanm\u0131\u015f bir y\u00f6ntemle tedavi edilir. De\u011fi\u015fik\" \/>\n<meta name=\"robots\" content=\"noindex, follow, max-snippet:-1, max-image-preview:large, max-video-preview:-1\" \/>\n<meta property=\"og:locale\" content=\"tr_TR\" \/>\n<meta property=\"og:type\" content=\"article\" \/>\n<meta property=\"og:title\" content=\"Tedavi &#8226; Kinderwunschteam Berlin\" \/>\n<meta property=\"og:description\" content=\"Endometriozis ne s\u0131kl\u0131kta g\u00f6r\u00fcl\u00fcr? Endometriozis, klini\u011fimizde tutarl\u0131 oldu\u011fu kadar her hastaya \u00f6zel uyarlanm\u0131\u015f bir y\u00f6ntemle tedavi edilir. De\u011fi\u015fik\" \/>\n<meta property=\"og:url\" content=\"https:\/\/kwt.meiio.net\/tr\/uzun-omur\/kinderwunsch-bei-endometriose\/behandlung-therapie\" \/>\n<meta property=\"og:site_name\" content=\"Kinderwunschteam Berlin\" \/>\n<meta property=\"article:publisher\" content=\"https:\/\/www.facebook.com\/kinderwunschteam.berlin\/\" \/>\n<meta property=\"article:modified_time\" content=\"2020-09-05T23:34:14+00:00\" \/>\n<meta property=\"og:image\" content=\"https:\/\/kwt.meiio.net\/wp-content\/uploads\/KWT-9812-Diagnose.jpg\" \/>\n\t<meta property=\"og:image:width\" content=\"2000\" \/>\n\t<meta property=\"og:image:height\" content=\"670\" \/>\n\t<meta property=\"og:image:type\" content=\"image\/jpeg\" \/>\n<meta name=\"twitter:card\" content=\"summary_large_image\" \/>\n<script type=\"application\/ld+json\" class=\"yoast-schema-graph\">{\"@context\":\"https:\/\/schema.org\",\"@graph\":[{\"@type\":\"WebPage\",\"@id\":\"https:\/\/kwt.meiio.net\/tr\/uzun-omur\/kinderwunsch-bei-endometriose\/behandlung-therapie\",\"url\":\"https:\/\/kwt.meiio.net\/tr\/uzun-omur\/kinderwunsch-bei-endometriose\/behandlung-therapie\",\"name\":\"Tedavi &#8226; Kinderwunschteam Berlin\",\"isPartOf\":{\"@id\":\"https:\/\/kwt.meiio.net\/tr#website\"},\"primaryImageOfPage\":{\"@id\":\"https:\/\/kwt.meiio.net\/tr\/uzun-omur\/kinderwunsch-bei-endometriose\/behandlung-therapie#primaryimage\"},\"image\":{\"@id\":\"https:\/\/kwt.meiio.net\/tr\/uzun-omur\/kinderwunsch-bei-endometriose\/behandlung-therapie#primaryimage\"},\"thumbnailUrl\":\"https:\/\/kwt.meiio.net\/wp-content\/uploads\/KWT-9812-Diagnose.jpg\",\"datePublished\":\"2010-03-08T20:32:15+00:00\",\"dateModified\":\"2020-09-05T23:34:14+00:00\",\"description\":\"Endometriozis ne s\u0131kl\u0131kta g\u00f6r\u00fcl\u00fcr? Endometriozis, klini\u011fimizde tutarl\u0131 oldu\u011fu kadar her hastaya \u00f6zel uyarlanm\u0131\u015f bir y\u00f6ntemle tedavi edilir. De\u011fi\u015fik\",\"breadcrumb\":{\"@id\":\"https:\/\/kwt.meiio.net\/tr\/uzun-omur\/kinderwunsch-bei-endometriose\/behandlung-therapie#breadcrumb\"},\"inLanguage\":\"tr\",\"potentialAction\":[{\"@type\":\"ReadAction\",\"target\":[\"https:\/\/kwt.meiio.net\/tr\/uzun-omur\/kinderwunsch-bei-endometriose\/behandlung-therapie\"]}]},{\"@type\":\"ImageObject\",\"inLanguage\":\"tr\",\"@id\":\"https:\/\/kwt.meiio.net\/tr\/uzun-omur\/kinderwunsch-bei-endometriose\/behandlung-therapie#primaryimage\",\"url\":\"https:\/\/kwt.meiio.net\/wp-content\/uploads\/KWT-9812-Diagnose.jpg\",\"contentUrl\":\"https:\/\/kwt.meiio.net\/wp-content\/uploads\/KWT-9812-Diagnose.jpg\",\"width\":2000,\"height\":670},{\"@type\":\"BreadcrumbList\",\"@id\":\"https:\/\/kwt.meiio.net\/tr\/uzun-omur\/kinderwunsch-bei-endometriose\/behandlung-therapie#breadcrumb\",\"itemListElement\":[{\"@type\":\"ListItem\",\"position\":1,\"name\":\"Startseite\",\"item\":\"https:\/\/kwt.meiio.net\/tr\"},{\"@type\":\"ListItem\",\"position\":2,\"name\":\"Hizmet alanlar\u0131m\u0131z\",\"item\":\"https:\/\/kwt.meiio.net\/tr\/uzun-omur\"},{\"@type\":\"ListItem\",\"position\":3,\"name\":\"Endometriozis\",\"item\":\"https:\/\/kwt.meiio.net\/tr\/uzun-omur\/kinderwunsch-bei-endometriose\"},{\"@type\":\"ListItem\",\"position\":4,\"name\":\"Tedavi\"}]},{\"@type\":\"WebSite\",\"@id\":\"https:\/\/kwt.meiio.net\/tr#website\",\"url\":\"https:\/\/kwt.meiio.net\/tr\",\"name\":\"Kinderwunschteam Berlin\",\"description\":\"Kinderwunsch- und Endometriose-Zentrum\",\"publisher\":{\"@id\":\"https:\/\/kwt.meiio.net\/tr#organization\"},\"potentialAction\":[{\"@type\":\"SearchAction\",\"target\":{\"@type\":\"EntryPoint\",\"urlTemplate\":\"https:\/\/kwt.meiio.net\/tr?s={search_term_string}\"},\"query-input\":{\"@type\":\"PropertyValueSpecification\",\"valueRequired\":true,\"valueName\":\"search_term_string\"}}],\"inLanguage\":\"tr\"},{\"@type\":\"Organization\",\"@id\":\"https:\/\/kwt.meiio.net\/tr#organization\",\"name\":\"Kinderwunschteam Berlin\",\"url\":\"https:\/\/kwt.meiio.net\/tr\",\"logo\":{\"@type\":\"ImageObject\",\"inLanguage\":\"tr\",\"@id\":\"https:\/\/kwt.meiio.net\/tr#\/schema\/logo\/image\/\",\"url\":\"https:\/\/kwt.meiio.net\/wp-content\/uploads\/Logo-KinderwunschteamBerlin-NavBar@2.png\",\"contentUrl\":\"https:\/\/kwt.meiio.net\/wp-content\/uploads\/Logo-KinderwunschteamBerlin-NavBar@2.png\",\"width\":800,\"height\":200,\"caption\":\"Kinderwunschteam Berlin\"},\"image\":{\"@id\":\"https:\/\/kwt.meiio.net\/tr#\/schema\/logo\/image\/\"},\"sameAs\":[\"https:\/\/www.facebook.com\/kinderwunschteam.berlin\/\",\"https:\/\/www.instagram.com\/kinderwunschteamberlin\/\"]}]}<\/script>\n<!-- \/ Yoast SEO plugin. -->","yoast_head_json":{"title":"Tedavi &#8226; Kinderwunschteam Berlin","description":"Endometriozis ne s\u0131kl\u0131kta g\u00f6r\u00fcl\u00fcr? Endometriozis, klini\u011fimizde tutarl\u0131 oldu\u011fu kadar her hastaya \u00f6zel uyarlanm\u0131\u015f bir y\u00f6ntemle tedavi edilir. De\u011fi\u015fik","robots":{"index":"noindex","follow":"follow","max-snippet":"max-snippet:-1","max-image-preview":"max-image-preview:large","max-video-preview":"max-video-preview:-1"},"og_locale":"tr_TR","og_type":"article","og_title":"Tedavi &#8226; Kinderwunschteam Berlin","og_description":"Endometriozis ne s\u0131kl\u0131kta g\u00f6r\u00fcl\u00fcr? Endometriozis, klini\u011fimizde tutarl\u0131 oldu\u011fu kadar her hastaya \u00f6zel uyarlanm\u0131\u015f bir y\u00f6ntemle tedavi edilir. De\u011fi\u015fik","og_url":"https:\/\/kwt.meiio.net\/tr\/uzun-omur\/kinderwunsch-bei-endometriose\/behandlung-therapie","og_site_name":"Kinderwunschteam Berlin","article_publisher":"https:\/\/www.facebook.com\/kinderwunschteam.berlin\/","article_modified_time":"2020-09-05T23:34:14+00:00","og_image":[{"width":2000,"height":670,"url":"https:\/\/kwt.meiio.net\/wp-content\/uploads\/KWT-9812-Diagnose.jpg","type":"image\/jpeg"}],"twitter_card":"summary_large_image","schema":{"@context":"https:\/\/schema.org","@graph":[{"@type":"WebPage","@id":"https:\/\/kwt.meiio.net\/tr\/uzun-omur\/kinderwunsch-bei-endometriose\/behandlung-therapie","url":"https:\/\/kwt.meiio.net\/tr\/uzun-omur\/kinderwunsch-bei-endometriose\/behandlung-therapie","name":"Tedavi &#8226; Kinderwunschteam Berlin","isPartOf":{"@id":"https:\/\/kwt.meiio.net\/tr#website"},"primaryImageOfPage":{"@id":"https:\/\/kwt.meiio.net\/tr\/uzun-omur\/kinderwunsch-bei-endometriose\/behandlung-therapie#primaryimage"},"image":{"@id":"https:\/\/kwt.meiio.net\/tr\/uzun-omur\/kinderwunsch-bei-endometriose\/behandlung-therapie#primaryimage"},"thumbnailUrl":"https:\/\/kwt.meiio.net\/wp-content\/uploads\/KWT-9812-Diagnose.jpg","datePublished":"2010-03-08T20:32:15+00:00","dateModified":"2020-09-05T23:34:14+00:00","description":"Endometriozis ne s\u0131kl\u0131kta g\u00f6r\u00fcl\u00fcr? Endometriozis, klini\u011fimizde tutarl\u0131 oldu\u011fu kadar her hastaya \u00f6zel uyarlanm\u0131\u015f bir y\u00f6ntemle tedavi edilir. De\u011fi\u015fik","breadcrumb":{"@id":"https:\/\/kwt.meiio.net\/tr\/uzun-omur\/kinderwunsch-bei-endometriose\/behandlung-therapie#breadcrumb"},"inLanguage":"tr","potentialAction":[{"@type":"ReadAction","target":["https:\/\/kwt.meiio.net\/tr\/uzun-omur\/kinderwunsch-bei-endometriose\/behandlung-therapie"]}]},{"@type":"ImageObject","inLanguage":"tr","@id":"https:\/\/kwt.meiio.net\/tr\/uzun-omur\/kinderwunsch-bei-endometriose\/behandlung-therapie#primaryimage","url":"https:\/\/kwt.meiio.net\/wp-content\/uploads\/KWT-9812-Diagnose.jpg","contentUrl":"https:\/\/kwt.meiio.net\/wp-content\/uploads\/KWT-9812-Diagnose.jpg","width":2000,"height":670},{"@type":"BreadcrumbList","@id":"https:\/\/kwt.meiio.net\/tr\/uzun-omur\/kinderwunsch-bei-endometriose\/behandlung-therapie#breadcrumb","itemListElement":[{"@type":"ListItem","position":1,"name":"Startseite","item":"https:\/\/kwt.meiio.net\/tr"},{"@type":"ListItem","position":2,"name":"Hizmet alanlar\u0131m\u0131z","item":"https:\/\/kwt.meiio.net\/tr\/uzun-omur"},{"@type":"ListItem","position":3,"name":"Endometriozis","item":"https:\/\/kwt.meiio.net\/tr\/uzun-omur\/kinderwunsch-bei-endometriose"},{"@type":"ListItem","position":4,"name":"Tedavi"}]},{"@type":"WebSite","@id":"https:\/\/kwt.meiio.net\/tr#website","url":"https:\/\/kwt.meiio.net\/tr","name":"Kinderwunschteam Berlin","description":"Kinderwunsch- und Endometriose-Zentrum","publisher":{"@id":"https:\/\/kwt.meiio.net\/tr#organization"},"potentialAction":[{"@type":"SearchAction","target":{"@type":"EntryPoint","urlTemplate":"https:\/\/kwt.meiio.net\/tr?s={search_term_string}"},"query-input":{"@type":"PropertyValueSpecification","valueRequired":true,"valueName":"search_term_string"}}],"inLanguage":"tr"},{"@type":"Organization","@id":"https:\/\/kwt.meiio.net\/tr#organization","name":"Kinderwunschteam Berlin","url":"https:\/\/kwt.meiio.net\/tr","logo":{"@type":"ImageObject","inLanguage":"tr","@id":"https:\/\/kwt.meiio.net\/tr#\/schema\/logo\/image\/","url":"https:\/\/kwt.meiio.net\/wp-content\/uploads\/Logo-KinderwunschteamBerlin-NavBar@2.png","contentUrl":"https:\/\/kwt.meiio.net\/wp-content\/uploads\/Logo-KinderwunschteamBerlin-NavBar@2.png","width":800,"height":200,"caption":"Kinderwunschteam Berlin"},"image":{"@id":"https:\/\/kwt.meiio.net\/tr#\/schema\/logo\/image\/"},"sameAs":["https:\/\/www.facebook.com\/kinderwunschteam.berlin\/","https:\/\/www.instagram.com\/kinderwunschteamberlin\/"]}]}},"_links":{"self":[{"href":"https:\/\/kwt.meiio.net\/tr\/wp-json\/wp\/v2\/pages\/7543","targetHints":{"allow":["GET"]}}],"collection":[{"href":"https:\/\/kwt.meiio.net\/tr\/wp-json\/wp\/v2\/pages"}],"about":[{"href":"https:\/\/kwt.meiio.net\/tr\/wp-json\/wp\/v2\/types\/page"}],"author":[{"embeddable":true,"href":"https:\/\/kwt.meiio.net\/tr\/wp-json\/wp\/v2\/users\/2"}],"replies":[{"embeddable":true,"href":"https:\/\/kwt.meiio.net\/tr\/wp-json\/wp\/v2\/comments?post=7543"}],"version-history":[{"count":0,"href":"https:\/\/kwt.meiio.net\/tr\/wp-json\/wp\/v2\/pages\/7543\/revisions"}],"up":[{"embeddable":true,"href":"https:\/\/kwt.meiio.net\/tr\/wp-json\/wp\/v2\/pages\/7521"}],"wp:featuredmedia":[{"embeddable":true,"href":"https:\/\/kwt.meiio.net\/tr\/wp-json\/wp\/v2\/media\/7533"}],"wp:attachment":[{"href":"https:\/\/kwt.meiio.net\/tr\/wp-json\/wp\/v2\/media?parent=7543"}],"curies":[{"name":"wp","href":"https:\/\/api.w.org\/{rel}","templated":true}]}}