{"id":7537,"date":"2010-03-08T21:29:19","date_gmt":"2010-03-08T20:29:19","guid":{"rendered":"https:\/\/www.kinderwunschteam.berlin\/unsere-leistungsbereiche\/kinderwunsch-bei-endometriose\/entstehung-der-endometriose\/"},"modified":"2018-10-31T20:53:17","modified_gmt":"2018-10-31T19:53:17","slug":"entstehung-der-endometriose","status":"publish","type":"page","link":"https:\/\/kwt.meiio.net\/tr\/uzun-omur\/kinderwunsch-bei-endometriose\/entstehung-der-endometriose","title":{"rendered":"Endometriozis olu\u015fumu"},"content":{"rendered":"<h2><strong>Endometriozis nas\u0131l olu\u015fur? Neden endometriozis hastas\u0131y\u0131m? (Patogenez)<\/strong><\/h2>\n<p>Endometriozisin olu\u015fum nedenleri bug\u00fcne kadar bilinmemekle beraber, Doktor Rokitansky bu hastal\u0131\u011f\u0131 1861 y\u0131l\u0131nda tan\u0131mlam\u0131\u015ft\u0131r.<\/p>\n<p>Bir \u00e7ok teori mevcuttur fakat hi\u00e7biri t\u00fcm endometriozis olgular\u0131na a\u00e7\u0131kl\u0131k getirebilmi\u015f de\u011fildir. Uzmanlar art\u0131k bu hastal\u0131\u011f\u0131n olu\u015fmas\u0131na ve ilerlemesine bir\u00e7ok fakt\u00f6r\u00fcn neden olabilece\u011fi konusunda hem fikirlerdir. Hastal\u0131\u011f\u0131n \u00f6strojene ba\u011fl\u0131 bir hastal\u0131k oldu\u011fu san\u0131lmaktad\u0131r, menapoza kadar kad\u0131nlar\u0131n % 98&#8217;inde ortaya \u00e7\u0131kt\u0131\u011f\u0131 g\u00f6zlenmi\u015ftir.<\/p>\n<h3><strong>Hastal\u0131\u011f\u0131n a\u00e7\u0131klanmas\u0131nda \u015funlar\u0131n \u00fczerinde durulmaktad\u0131r:<\/strong><\/h3>\n<ol>\n<li>Adet kan\u0131n\u0131n fallop t\u00fcp\u00fcnden mide b\u00f6lgesine geri akmas\u0131 (&#8221;retrograde regl\u201d) (&#8221;<strong>retrograde menstruation\u201c<\/strong>) ve doku par\u00e7alar\u0131n\u0131n ba\u015fka bir yere <strong>&#8221;implantasyonu\u201c<\/strong> (ekilmesi) veya<\/li>\n<li>Rahim ameliyatlar\u0131nda mukozan\u0131n lokal olarak <strong> yay\u0131lmas\u0131<\/strong>ve endometrial h\u00fccrelerin kan ve lenf damarlar\u0131 \u00fczerinden yay\u0131lmas\u0131.<\/li>\n<li>Kal\u0131t\u0131msal nedenler (<strong>Genetik dispozisyon<\/strong>). Annenizin de regli sanc\u0131l\u0131 m\u0131yd\u0131? Ailenizde endometriozis te\u015fhisi konulmu\u015f ki\u015filer var m\u0131?<\/li>\n<li><strong>Ba\u011f\u0131\u015f\u0131kl\u0131k sistemi<\/strong>. Zay\u0131flam\u0131\u015f bir ba\u011f\u0131\u015f\u0131kl\u0131k sistemi bir hastal\u0131\u011f\u0131n olu\u015fmas\u0131 veya ilerlemesine yol a\u00e7abilir.<\/li>\n<li><strong>Bu hastal\u0131\u011f\u0131n olu\u015fmas\u0131nda \u00e7evre<\/strong> etkili olabilir.<\/li>\n<\/ol>\n<p>&nbsp;<\/p>\n<p>Endometriozisin olu\u015fumunu tetikleyen bir\u00e7ok fakt\u00f6r oldu\u011fu d\u00fc\u015f\u00fcn\u00fclmektedir.<\/p>\n","protected":false},"excerpt":{"rendered":"<p>Endometriozis nas\u0131l olu\u015fur? Neden endometriozis hastas\u0131y\u0131m? (Patogenez) Endometriozisin olu\u015fum nedenleri bug\u00fcne kadar bilinmemekle beraber, Doktor Rokitansky bu hastal\u0131\u011f\u0131 1861 y\u0131l\u0131nda [&hellip;]<\/p>\n","protected":false},"author":2,"featured_media":7538,"parent":7521,"menu_order":6,"comment_status":"closed","ping_status":"closed","template":"page-siblingnavi.php","meta":{"footnotes":""},"class_list":["post-7537","page","type-page","status-publish","has-post-thumbnail","hentry"],"yoast_head":"<!-- This site is optimized with the Yoast SEO plugin v25.6 - https:\/\/yoast.com\/wordpress\/plugins\/seo\/ -->\n<title>Endometriozis olu\u015fumu &#8226; Kinderwunschteam Berlin<\/title>\n<meta name=\"description\" content=\"Endometriozis nas\u0131l olu\u015fur? Neden endometriozis hastas\u0131y\u0131m? (Patogenez) Endometriozisin olu\u015fum nedenleri bug\u00fcne kadar bilinmemekle beraber, Doktor\" \/>\n<meta name=\"robots\" content=\"noindex, follow, max-snippet:-1, max-image-preview:large, max-video-preview:-1\" \/>\n<meta property=\"og:locale\" content=\"tr_TR\" \/>\n<meta property=\"og:type\" content=\"article\" \/>\n<meta property=\"og:title\" content=\"Endometriozis olu\u015fumu &#8226; Kinderwunschteam Berlin\" \/>\n<meta property=\"og:description\" content=\"Endometriozis nas\u0131l olu\u015fur? Neden endometriozis hastas\u0131y\u0131m? (Patogenez) Endometriozisin olu\u015fum nedenleri bug\u00fcne kadar bilinmemekle beraber, Doktor\" \/>\n<meta property=\"og:url\" content=\"https:\/\/kwt.meiio.net\/tr\/uzun-omur\/kinderwunsch-bei-endometriose\/entstehung-der-endometriose\" \/>\n<meta property=\"og:site_name\" content=\"Kinderwunschteam Berlin\" \/>\n<meta property=\"article:publisher\" content=\"https:\/\/www.facebook.com\/kinderwunschteam.berlin\/\" \/>\n<meta property=\"article:modified_time\" content=\"2018-10-31T19:53:17+00:00\" \/>\n<meta property=\"og:image\" content=\"https:\/\/kwt.meiio.net\/wp-content\/uploads\/KWT-8010-Labor.jpg\" \/>\n\t<meta property=\"og:image:width\" content=\"2000\" \/>\n\t<meta property=\"og:image:height\" content=\"670\" \/>\n\t<meta property=\"og:image:type\" content=\"image\/jpeg\" \/>\n<meta name=\"twitter:card\" content=\"summary_large_image\" \/>\n<script type=\"application\/ld+json\" class=\"yoast-schema-graph\">{\"@context\":\"https:\/\/schema.org\",\"@graph\":[{\"@type\":\"WebPage\",\"@id\":\"https:\/\/kwt.meiio.net\/tr\/uzun-omur\/kinderwunsch-bei-endometriose\/entstehung-der-endometriose\",\"url\":\"https:\/\/kwt.meiio.net\/tr\/uzun-omur\/kinderwunsch-bei-endometriose\/entstehung-der-endometriose\",\"name\":\"Endometriozis olu\u015fumu &#8226; Kinderwunschteam Berlin\",\"isPartOf\":{\"@id\":\"https:\/\/kwt.meiio.net\/tr#website\"},\"primaryImageOfPage\":{\"@id\":\"https:\/\/kwt.meiio.net\/tr\/uzun-omur\/kinderwunsch-bei-endometriose\/entstehung-der-endometriose#primaryimage\"},\"image\":{\"@id\":\"https:\/\/kwt.meiio.net\/tr\/uzun-omur\/kinderwunsch-bei-endometriose\/entstehung-der-endometriose#primaryimage\"},\"thumbnailUrl\":\"https:\/\/kwt.meiio.net\/wp-content\/uploads\/KWT-8010-Labor.jpg\",\"datePublished\":\"2010-03-08T20:29:19+00:00\",\"dateModified\":\"2018-10-31T19:53:17+00:00\",\"description\":\"Endometriozis nas\u0131l olu\u015fur? Neden endometriozis hastas\u0131y\u0131m? (Patogenez) Endometriozisin olu\u015fum nedenleri bug\u00fcne kadar bilinmemekle beraber, Doktor\",\"breadcrumb\":{\"@id\":\"https:\/\/kwt.meiio.net\/tr\/uzun-omur\/kinderwunsch-bei-endometriose\/entstehung-der-endometriose#breadcrumb\"},\"inLanguage\":\"tr\",\"potentialAction\":[{\"@type\":\"ReadAction\",\"target\":[\"https:\/\/kwt.meiio.net\/tr\/uzun-omur\/kinderwunsch-bei-endometriose\/entstehung-der-endometriose\"]}]},{\"@type\":\"ImageObject\",\"inLanguage\":\"tr\",\"@id\":\"https:\/\/kwt.meiio.net\/tr\/uzun-omur\/kinderwunsch-bei-endometriose\/entstehung-der-endometriose#primaryimage\",\"url\":\"https:\/\/kwt.meiio.net\/wp-content\/uploads\/KWT-8010-Labor.jpg\",\"contentUrl\":\"https:\/\/kwt.meiio.net\/wp-content\/uploads\/KWT-8010-Labor.jpg\",\"width\":2000,\"height\":670},{\"@type\":\"BreadcrumbList\",\"@id\":\"https:\/\/kwt.meiio.net\/tr\/uzun-omur\/kinderwunsch-bei-endometriose\/entstehung-der-endometriose#breadcrumb\",\"itemListElement\":[{\"@type\":\"ListItem\",\"position\":1,\"name\":\"Startseite\",\"item\":\"https:\/\/kwt.meiio.net\/tr\"},{\"@type\":\"ListItem\",\"position\":2,\"name\":\"Hizmet alanlar\u0131m\u0131z\",\"item\":\"https:\/\/kwt.meiio.net\/tr\/uzun-omur\"},{\"@type\":\"ListItem\",\"position\":3,\"name\":\"Endometriozis\",\"item\":\"https:\/\/kwt.meiio.net\/tr\/uzun-omur\/kinderwunsch-bei-endometriose\"},{\"@type\":\"ListItem\",\"position\":4,\"name\":\"Endometriozis olu\u015fumu\"}]},{\"@type\":\"WebSite\",\"@id\":\"https:\/\/kwt.meiio.net\/tr#website\",\"url\":\"https:\/\/kwt.meiio.net\/tr\",\"name\":\"Kinderwunschteam Berlin\",\"description\":\"Kinderwunsch- und Endometriose-Zentrum\",\"publisher\":{\"@id\":\"https:\/\/kwt.meiio.net\/tr#organization\"},\"potentialAction\":[{\"@type\":\"SearchAction\",\"target\":{\"@type\":\"EntryPoint\",\"urlTemplate\":\"https:\/\/kwt.meiio.net\/tr?s={search_term_string}\"},\"query-input\":{\"@type\":\"PropertyValueSpecification\",\"valueRequired\":true,\"valueName\":\"search_term_string\"}}],\"inLanguage\":\"tr\"},{\"@type\":\"Organization\",\"@id\":\"https:\/\/kwt.meiio.net\/tr#organization\",\"name\":\"Kinderwunschteam Berlin\",\"url\":\"https:\/\/kwt.meiio.net\/tr\",\"logo\":{\"@type\":\"ImageObject\",\"inLanguage\":\"tr\",\"@id\":\"https:\/\/kwt.meiio.net\/tr#\/schema\/logo\/image\/\",\"url\":\"https:\/\/kwt.meiio.net\/wp-content\/uploads\/Logo-KinderwunschteamBerlin-NavBar@2.png\",\"contentUrl\":\"https:\/\/kwt.meiio.net\/wp-content\/uploads\/Logo-KinderwunschteamBerlin-NavBar@2.png\",\"width\":800,\"height\":200,\"caption\":\"Kinderwunschteam Berlin\"},\"image\":{\"@id\":\"https:\/\/kwt.meiio.net\/tr#\/schema\/logo\/image\/\"},\"sameAs\":[\"https:\/\/www.facebook.com\/kinderwunschteam.berlin\/\",\"https:\/\/www.instagram.com\/kinderwunschteamberlin\/\"]}]}<\/script>\n<!-- \/ Yoast SEO plugin. -->","yoast_head_json":{"title":"Endometriozis olu\u015fumu &#8226; Kinderwunschteam Berlin","description":"Endometriozis nas\u0131l olu\u015fur? Neden endometriozis hastas\u0131y\u0131m? (Patogenez) Endometriozisin olu\u015fum nedenleri bug\u00fcne kadar bilinmemekle beraber, Doktor","robots":{"index":"noindex","follow":"follow","max-snippet":"max-snippet:-1","max-image-preview":"max-image-preview:large","max-video-preview":"max-video-preview:-1"},"og_locale":"tr_TR","og_type":"article","og_title":"Endometriozis olu\u015fumu &#8226; Kinderwunschteam Berlin","og_description":"Endometriozis nas\u0131l olu\u015fur? Neden endometriozis hastas\u0131y\u0131m? (Patogenez) Endometriozisin olu\u015fum nedenleri bug\u00fcne kadar bilinmemekle beraber, Doktor","og_url":"https:\/\/kwt.meiio.net\/tr\/uzun-omur\/kinderwunsch-bei-endometriose\/entstehung-der-endometriose","og_site_name":"Kinderwunschteam Berlin","article_publisher":"https:\/\/www.facebook.com\/kinderwunschteam.berlin\/","article_modified_time":"2018-10-31T19:53:17+00:00","og_image":[{"width":2000,"height":670,"url":"https:\/\/kwt.meiio.net\/wp-content\/uploads\/KWT-8010-Labor.jpg","type":"image\/jpeg"}],"twitter_card":"summary_large_image","schema":{"@context":"https:\/\/schema.org","@graph":[{"@type":"WebPage","@id":"https:\/\/kwt.meiio.net\/tr\/uzun-omur\/kinderwunsch-bei-endometriose\/entstehung-der-endometriose","url":"https:\/\/kwt.meiio.net\/tr\/uzun-omur\/kinderwunsch-bei-endometriose\/entstehung-der-endometriose","name":"Endometriozis olu\u015fumu &#8226; Kinderwunschteam Berlin","isPartOf":{"@id":"https:\/\/kwt.meiio.net\/tr#website"},"primaryImageOfPage":{"@id":"https:\/\/kwt.meiio.net\/tr\/uzun-omur\/kinderwunsch-bei-endometriose\/entstehung-der-endometriose#primaryimage"},"image":{"@id":"https:\/\/kwt.meiio.net\/tr\/uzun-omur\/kinderwunsch-bei-endometriose\/entstehung-der-endometriose#primaryimage"},"thumbnailUrl":"https:\/\/kwt.meiio.net\/wp-content\/uploads\/KWT-8010-Labor.jpg","datePublished":"2010-03-08T20:29:19+00:00","dateModified":"2018-10-31T19:53:17+00:00","description":"Endometriozis nas\u0131l olu\u015fur? Neden endometriozis hastas\u0131y\u0131m? (Patogenez) Endometriozisin olu\u015fum nedenleri bug\u00fcne kadar bilinmemekle beraber, Doktor","breadcrumb":{"@id":"https:\/\/kwt.meiio.net\/tr\/uzun-omur\/kinderwunsch-bei-endometriose\/entstehung-der-endometriose#breadcrumb"},"inLanguage":"tr","potentialAction":[{"@type":"ReadAction","target":["https:\/\/kwt.meiio.net\/tr\/uzun-omur\/kinderwunsch-bei-endometriose\/entstehung-der-endometriose"]}]},{"@type":"ImageObject","inLanguage":"tr","@id":"https:\/\/kwt.meiio.net\/tr\/uzun-omur\/kinderwunsch-bei-endometriose\/entstehung-der-endometriose#primaryimage","url":"https:\/\/kwt.meiio.net\/wp-content\/uploads\/KWT-8010-Labor.jpg","contentUrl":"https:\/\/kwt.meiio.net\/wp-content\/uploads\/KWT-8010-Labor.jpg","width":2000,"height":670},{"@type":"BreadcrumbList","@id":"https:\/\/kwt.meiio.net\/tr\/uzun-omur\/kinderwunsch-bei-endometriose\/entstehung-der-endometriose#breadcrumb","itemListElement":[{"@type":"ListItem","position":1,"name":"Startseite","item":"https:\/\/kwt.meiio.net\/tr"},{"@type":"ListItem","position":2,"name":"Hizmet alanlar\u0131m\u0131z","item":"https:\/\/kwt.meiio.net\/tr\/uzun-omur"},{"@type":"ListItem","position":3,"name":"Endometriozis","item":"https:\/\/kwt.meiio.net\/tr\/uzun-omur\/kinderwunsch-bei-endometriose"},{"@type":"ListItem","position":4,"name":"Endometriozis olu\u015fumu"}]},{"@type":"WebSite","@id":"https:\/\/kwt.meiio.net\/tr#website","url":"https:\/\/kwt.meiio.net\/tr","name":"Kinderwunschteam Berlin","description":"Kinderwunsch- und Endometriose-Zentrum","publisher":{"@id":"https:\/\/kwt.meiio.net\/tr#organization"},"potentialAction":[{"@type":"SearchAction","target":{"@type":"EntryPoint","urlTemplate":"https:\/\/kwt.meiio.net\/tr?s={search_term_string}"},"query-input":{"@type":"PropertyValueSpecification","valueRequired":true,"valueName":"search_term_string"}}],"inLanguage":"tr"},{"@type":"Organization","@id":"https:\/\/kwt.meiio.net\/tr#organization","name":"Kinderwunschteam Berlin","url":"https:\/\/kwt.meiio.net\/tr","logo":{"@type":"ImageObject","inLanguage":"tr","@id":"https:\/\/kwt.meiio.net\/tr#\/schema\/logo\/image\/","url":"https:\/\/kwt.meiio.net\/wp-content\/uploads\/Logo-KinderwunschteamBerlin-NavBar@2.png","contentUrl":"https:\/\/kwt.meiio.net\/wp-content\/uploads\/Logo-KinderwunschteamBerlin-NavBar@2.png","width":800,"height":200,"caption":"Kinderwunschteam Berlin"},"image":{"@id":"https:\/\/kwt.meiio.net\/tr#\/schema\/logo\/image\/"},"sameAs":["https:\/\/www.facebook.com\/kinderwunschteam.berlin\/","https:\/\/www.instagram.com\/kinderwunschteamberlin\/"]}]}},"_links":{"self":[{"href":"https:\/\/kwt.meiio.net\/tr\/wp-json\/wp\/v2\/pages\/7537","targetHints":{"allow":["GET"]}}],"collection":[{"href":"https:\/\/kwt.meiio.net\/tr\/wp-json\/wp\/v2\/pages"}],"about":[{"href":"https:\/\/kwt.meiio.net\/tr\/wp-json\/wp\/v2\/types\/page"}],"author":[{"embeddable":true,"href":"https:\/\/kwt.meiio.net\/tr\/wp-json\/wp\/v2\/users\/2"}],"replies":[{"embeddable":true,"href":"https:\/\/kwt.meiio.net\/tr\/wp-json\/wp\/v2\/comments?post=7537"}],"version-history":[{"count":0,"href":"https:\/\/kwt.meiio.net\/tr\/wp-json\/wp\/v2\/pages\/7537\/revisions"}],"up":[{"embeddable":true,"href":"https:\/\/kwt.meiio.net\/tr\/wp-json\/wp\/v2\/pages\/7521"}],"wp:featuredmedia":[{"embeddable":true,"href":"https:\/\/kwt.meiio.net\/tr\/wp-json\/wp\/v2\/media\/7538"}],"wp:attachment":[{"href":"https:\/\/kwt.meiio.net\/tr\/wp-json\/wp\/v2\/media?parent=7537"}],"curies":[{"name":"wp","href":"https:\/\/api.w.org\/{rel}","templated":true}]}}