{"id":7532,"date":"2010-03-08T21:27:15","date_gmt":"2010-03-08T20:27:15","guid":{"rendered":"https:\/\/www.kinderwunschteam.berlin\/unsere-leistungsbereiche\/kinderwunsch-bei-endometriose\/diagnose\/"},"modified":"2018-10-31T20:51:03","modified_gmt":"2018-10-31T19:51:03","slug":"diagnose","status":"publish","type":"page","link":"https:\/\/kwt.meiio.net\/tr\/uzun-omur\/kinderwunsch-bei-endometriose\/diagnose","title":{"rendered":"Tan\u0131"},"content":{"rendered":"<p>Muayenenin ba\u015f\u0131nda jinekolo\u011funuz ile bir g\u00f6r\u00fc\u015fme olacakt\u0131r ve t\u00fcm bulgular\u0131n \u00f6zetinin (cerrahi m\u00fcdahale raporlar\u0131, doktor mektuplar\u0131, bulgular\u0131 vb.) ilk g\u00f6r\u00fc\u015fmeye getirilmesi veya a\u015fa\u011f\u0131daki formdaki sorular\u0131n cevaplanmas\u0131 ve bize \u00f6nceden mail veya faks yoluyla g\u00f6nderilmesi iyi olacakt\u0131r.<\/p>\n<p>Devam\u0131nda da elle muayene ve ultrason ile g\u00f6r\u00fcnt\u00fcleme yap\u0131l\u0131r.<\/p>\n<figure id=\"attachment_7478\" aria-describedby=\"caption-attachment-7478\" style=\"width: 800px\" class=\"wp-caption alignnone\"><img decoding=\"async\" class=\"size-full wp-image-7478\" src=\"https:\/\/kwt.meiio.net\/wp-content\/uploads\/endometriose-2.jpg\" alt=\"Burada, operasyon \u00f6ncesinde yap\u0131lan bir muayene, endometriozisin, olu\u015ftu\u011fu b\u00f6lgeden cilde kadar yay\u0131ld\u0131\u011f\u0131n\u0131 ve burada b\u00fcy\u00fcmesine devam etti\u011fini g\u00f6steriyor. Hasta, i\u011fnenin sokuldu\u011fu yerde siklus (regl) a\u011fr\u0131lar\u0131n\u0131 hissetti\u011fini s\u00f6ylemi\u015ftir.\" width=\"800\" height=\"533\" srcset=\"https:\/\/kwt.meiio.net\/wp-content\/uploads\/endometriose-2.jpg 800w, https:\/\/kwt.meiio.net\/wp-content\/uploads\/endometriose-2-300x200.jpg 300w, https:\/\/kwt.meiio.net\/wp-content\/uploads\/endometriose-2-768x512.jpg 768w\" sizes=\"(max-width: 800px) 100vw, 800px\" \/><figcaption id=\"caption-attachment-7478\" class=\"wp-caption-text\">Burada, operasyon \u00f6ncesinde yap\u0131lan bir muayene, endometriozisin, olu\u015ftu\u011fu b\u00f6lgeden cilde kadar yay\u0131ld\u0131\u011f\u0131n\u0131 ve burada b\u00fcy\u00fcmesine devam etti\u011fini g\u00f6steriyor. Hasta, i\u011fnenin sokuldu\u011fu yerde siklus (regl) a\u011fr\u0131lar\u0131n\u0131 hissetti\u011fini s\u00f6ylemi\u015ftir.<\/figcaption><\/figure>\n<p>Bulgulara ve sorulan sorulara g\u00f6re muayene ile birlikte laparoskopi veya manyetik rezonans g\u00f6r\u00fcnt\u00fcleme gibi di\u011fer y\u00f6ntemler de etkili olabilir.<\/p>\n<figure id=\"attachment_7477\" aria-describedby=\"caption-attachment-7477\" style=\"width: 800px\" class=\"wp-caption alignnone\"><img decoding=\"async\" class=\"size-full wp-image-7477\" src=\"https:\/\/kwt.meiio.net\/wp-content\/uploads\/endometriose-3.jpg\" alt=\"Ultrason ile ara\u015ft\u0131rmadan \u00e7ikolata kistlerinin (endometriom) tan\u0131s\u0131 yap\u0131labilir.\" width=\"800\" height=\"602\" srcset=\"https:\/\/kwt.meiio.net\/wp-content\/uploads\/endometriose-3.jpg 800w, https:\/\/kwt.meiio.net\/wp-content\/uploads\/endometriose-3-300x226.jpg 300w, https:\/\/kwt.meiio.net\/wp-content\/uploads\/endometriose-3-768x578.jpg 768w\" sizes=\"(max-width: 800px) 100vw, 800px\" \/><figcaption id=\"caption-attachment-7477\" class=\"wp-caption-text\">Ultrason ile ara\u015ft\u0131rmadan \u00e7ikolata kistlerinin (endometriom) tan\u0131s\u0131 yap\u0131labilir.<\/figcaption><\/figure>\n<figure id=\"attachment_7476\" aria-describedby=\"caption-attachment-7476\" style=\"width: 800px\" class=\"wp-caption alignnone\"><img decoding=\"async\" class=\"size-full wp-image-7476\" src=\"https:\/\/kwt.meiio.net\/wp-content\/uploads\/endometriose-4.jpg\" alt=\"Hastal\u0131\u011f\u0131n ilerleyen evrelerinde, mesela mesane veya ba\u011f\u0131rsaklardaki etkisini tespit etmek i\u00e7in bir MRG testi anlaml\u0131 olabilir.\" width=\"800\" height=\"908\" srcset=\"https:\/\/kwt.meiio.net\/wp-content\/uploads\/endometriose-4.jpg 800w, https:\/\/kwt.meiio.net\/wp-content\/uploads\/endometriose-4-264x300.jpg 264w, https:\/\/kwt.meiio.net\/wp-content\/uploads\/endometriose-4-768x872.jpg 768w\" sizes=\"(max-width: 800px) 100vw, 800px\" \/><figcaption id=\"caption-attachment-7476\" class=\"wp-caption-text\">Hastal\u0131\u011f\u0131n ilerleyen evrelerinde, mesela mesane veya ba\u011f\u0131rsaklardaki etkisini tespit etmek i\u00e7in bir MRG testi anlaml\u0131 olabilir.<\/figcaption><\/figure>\n<p>Endometriozun nihai kan\u0131t\u0131n\u0131 sadece laparoskopi ile sa\u011flayabilirsiniz. Bu anestezi alt\u0131nda yap\u0131lan cerrahi m\u00fcdahale sayesinde hastal\u0131\u011f\u0131n evresi tespit edilir ve endometriozun cerrahi tedavisi yap\u0131labilir. E\u011fer kad\u0131n \u00e7ocuk sahibi olmak istiyorsa, ayn\u0131 m\u00fcdahale s\u0131ras\u0131nda fallop t\u00fcp\u00fcn\u00fcn a\u00e7\u0131k olup olmad\u0131\u011f\u0131 ve rahimde bir anormalli\u011fin olup olmad\u0131\u011f\u0131 kontrol edilmelidir.<\/p>\n","protected":false},"excerpt":{"rendered":"<p>Muayenenin ba\u015f\u0131nda jinekolo\u011funuz ile bir g\u00f6r\u00fc\u015fme olacakt\u0131r ve t\u00fcm bulgular\u0131n \u00f6zetinin (cerrahi m\u00fcdahale raporlar\u0131, doktor mektuplar\u0131, bulgular\u0131 vb.) ilk g\u00f6r\u00fc\u015fmeye [&hellip;]<\/p>\n","protected":false},"author":2,"featured_media":7533,"parent":7521,"menu_order":2,"comment_status":"closed","ping_status":"closed","template":"page-siblingnavi.php","meta":{"footnotes":""},"class_list":["post-7532","page","type-page","status-publish","has-post-thumbnail","hentry"],"yoast_head":"<!-- This site is optimized with the Yoast SEO plugin v25.6 - https:\/\/yoast.com\/wordpress\/plugins\/seo\/ -->\n<title>Tan\u0131 &#8226; Kinderwunschteam Berlin<\/title>\n<meta name=\"description\" content=\"Muayenenin ba\u015f\u0131nda jinekolo\u011funuz ile bir g\u00f6r\u00fc\u015fme olacakt\u0131r ve t\u00fcm bulgular\u0131n \u00f6zetinin (cerrahi m\u00fcdahale raporlar\u0131, doktor mektuplar\u0131, bulgular\u0131 vb.) ilk\" \/>\n<meta name=\"robots\" content=\"noindex, follow, max-snippet:-1, max-image-preview:large, max-video-preview:-1\" \/>\n<meta property=\"og:locale\" content=\"tr_TR\" \/>\n<meta property=\"og:type\" content=\"article\" \/>\n<meta property=\"og:title\" content=\"Tan\u0131 &#8226; Kinderwunschteam Berlin\" \/>\n<meta property=\"og:description\" content=\"Muayenenin ba\u015f\u0131nda jinekolo\u011funuz ile bir g\u00f6r\u00fc\u015fme olacakt\u0131r ve t\u00fcm bulgular\u0131n \u00f6zetinin (cerrahi m\u00fcdahale raporlar\u0131, doktor mektuplar\u0131, bulgular\u0131 vb.) ilk\" \/>\n<meta property=\"og:url\" content=\"https:\/\/kwt.meiio.net\/tr\/uzun-omur\/kinderwunsch-bei-endometriose\/diagnose\" \/>\n<meta property=\"og:site_name\" content=\"Kinderwunschteam Berlin\" \/>\n<meta property=\"article:publisher\" content=\"https:\/\/www.facebook.com\/kinderwunschteam.berlin\/\" \/>\n<meta property=\"article:modified_time\" content=\"2018-10-31T19:51:03+00:00\" \/>\n<meta property=\"og:image\" content=\"https:\/\/kwt.meiio.net\/wp-content\/uploads\/KWT-9812-Diagnose.jpg\" \/>\n\t<meta property=\"og:image:width\" content=\"2000\" \/>\n\t<meta property=\"og:image:height\" content=\"670\" \/>\n\t<meta property=\"og:image:type\" content=\"image\/jpeg\" \/>\n<meta name=\"twitter:card\" content=\"summary_large_image\" \/>\n<script type=\"application\/ld+json\" class=\"yoast-schema-graph\">{\"@context\":\"https:\/\/schema.org\",\"@graph\":[{\"@type\":\"WebPage\",\"@id\":\"https:\/\/kwt.meiio.net\/tr\/uzun-omur\/kinderwunsch-bei-endometriose\/diagnose\",\"url\":\"https:\/\/kwt.meiio.net\/tr\/uzun-omur\/kinderwunsch-bei-endometriose\/diagnose\",\"name\":\"Tan\u0131 &#8226; Kinderwunschteam Berlin\",\"isPartOf\":{\"@id\":\"https:\/\/kwt.meiio.net\/tr#website\"},\"primaryImageOfPage\":{\"@id\":\"https:\/\/kwt.meiio.net\/tr\/uzun-omur\/kinderwunsch-bei-endometriose\/diagnose#primaryimage\"},\"image\":{\"@id\":\"https:\/\/kwt.meiio.net\/tr\/uzun-omur\/kinderwunsch-bei-endometriose\/diagnose#primaryimage\"},\"thumbnailUrl\":\"https:\/\/kwt.meiio.net\/wp-content\/uploads\/KWT-9812-Diagnose.jpg\",\"datePublished\":\"2010-03-08T20:27:15+00:00\",\"dateModified\":\"2018-10-31T19:51:03+00:00\",\"description\":\"Muayenenin ba\u015f\u0131nda jinekolo\u011funuz ile bir g\u00f6r\u00fc\u015fme olacakt\u0131r ve t\u00fcm bulgular\u0131n \u00f6zetinin (cerrahi m\u00fcdahale raporlar\u0131, doktor mektuplar\u0131, bulgular\u0131 vb.) ilk\",\"breadcrumb\":{\"@id\":\"https:\/\/kwt.meiio.net\/tr\/uzun-omur\/kinderwunsch-bei-endometriose\/diagnose#breadcrumb\"},\"inLanguage\":\"tr\",\"potentialAction\":[{\"@type\":\"ReadAction\",\"target\":[\"https:\/\/kwt.meiio.net\/tr\/uzun-omur\/kinderwunsch-bei-endometriose\/diagnose\"]}]},{\"@type\":\"ImageObject\",\"inLanguage\":\"tr\",\"@id\":\"https:\/\/kwt.meiio.net\/tr\/uzun-omur\/kinderwunsch-bei-endometriose\/diagnose#primaryimage\",\"url\":\"https:\/\/kwt.meiio.net\/wp-content\/uploads\/KWT-9812-Diagnose.jpg\",\"contentUrl\":\"https:\/\/kwt.meiio.net\/wp-content\/uploads\/KWT-9812-Diagnose.jpg\",\"width\":2000,\"height\":670},{\"@type\":\"BreadcrumbList\",\"@id\":\"https:\/\/kwt.meiio.net\/tr\/uzun-omur\/kinderwunsch-bei-endometriose\/diagnose#breadcrumb\",\"itemListElement\":[{\"@type\":\"ListItem\",\"position\":1,\"name\":\"Startseite\",\"item\":\"https:\/\/kwt.meiio.net\/tr\"},{\"@type\":\"ListItem\",\"position\":2,\"name\":\"Hizmet alanlar\u0131m\u0131z\",\"item\":\"https:\/\/kwt.meiio.net\/tr\/uzun-omur\"},{\"@type\":\"ListItem\",\"position\":3,\"name\":\"Endometriozis\",\"item\":\"https:\/\/kwt.meiio.net\/tr\/uzun-omur\/kinderwunsch-bei-endometriose\"},{\"@type\":\"ListItem\",\"position\":4,\"name\":\"Tan\u0131\"}]},{\"@type\":\"WebSite\",\"@id\":\"https:\/\/kwt.meiio.net\/tr#website\",\"url\":\"https:\/\/kwt.meiio.net\/tr\",\"name\":\"Kinderwunschteam Berlin\",\"description\":\"Kinderwunsch- und Endometriose-Zentrum\",\"publisher\":{\"@id\":\"https:\/\/kwt.meiio.net\/tr#organization\"},\"potentialAction\":[{\"@type\":\"SearchAction\",\"target\":{\"@type\":\"EntryPoint\",\"urlTemplate\":\"https:\/\/kwt.meiio.net\/tr?s={search_term_string}\"},\"query-input\":{\"@type\":\"PropertyValueSpecification\",\"valueRequired\":true,\"valueName\":\"search_term_string\"}}],\"inLanguage\":\"tr\"},{\"@type\":\"Organization\",\"@id\":\"https:\/\/kwt.meiio.net\/tr#organization\",\"name\":\"Kinderwunschteam Berlin\",\"url\":\"https:\/\/kwt.meiio.net\/tr\",\"logo\":{\"@type\":\"ImageObject\",\"inLanguage\":\"tr\",\"@id\":\"https:\/\/kwt.meiio.net\/tr#\/schema\/logo\/image\/\",\"url\":\"https:\/\/kwt.meiio.net\/wp-content\/uploads\/Logo-KinderwunschteamBerlin-NavBar@2.png\",\"contentUrl\":\"https:\/\/kwt.meiio.net\/wp-content\/uploads\/Logo-KinderwunschteamBerlin-NavBar@2.png\",\"width\":800,\"height\":200,\"caption\":\"Kinderwunschteam Berlin\"},\"image\":{\"@id\":\"https:\/\/kwt.meiio.net\/tr#\/schema\/logo\/image\/\"},\"sameAs\":[\"https:\/\/www.facebook.com\/kinderwunschteam.berlin\/\",\"https:\/\/www.instagram.com\/kinderwunschteamberlin\/\"]}]}<\/script>\n<!-- \/ Yoast SEO plugin. -->","yoast_head_json":{"title":"Tan\u0131 &#8226; Kinderwunschteam Berlin","description":"Muayenenin ba\u015f\u0131nda jinekolo\u011funuz ile bir g\u00f6r\u00fc\u015fme olacakt\u0131r ve t\u00fcm bulgular\u0131n \u00f6zetinin (cerrahi m\u00fcdahale raporlar\u0131, doktor mektuplar\u0131, bulgular\u0131 vb.) ilk","robots":{"index":"noindex","follow":"follow","max-snippet":"max-snippet:-1","max-image-preview":"max-image-preview:large","max-video-preview":"max-video-preview:-1"},"og_locale":"tr_TR","og_type":"article","og_title":"Tan\u0131 &#8226; Kinderwunschteam Berlin","og_description":"Muayenenin ba\u015f\u0131nda jinekolo\u011funuz ile bir g\u00f6r\u00fc\u015fme olacakt\u0131r ve t\u00fcm bulgular\u0131n \u00f6zetinin (cerrahi m\u00fcdahale raporlar\u0131, doktor mektuplar\u0131, bulgular\u0131 vb.) ilk","og_url":"https:\/\/kwt.meiio.net\/tr\/uzun-omur\/kinderwunsch-bei-endometriose\/diagnose","og_site_name":"Kinderwunschteam Berlin","article_publisher":"https:\/\/www.facebook.com\/kinderwunschteam.berlin\/","article_modified_time":"2018-10-31T19:51:03+00:00","og_image":[{"width":2000,"height":670,"url":"https:\/\/kwt.meiio.net\/wp-content\/uploads\/KWT-9812-Diagnose.jpg","type":"image\/jpeg"}],"twitter_card":"summary_large_image","schema":{"@context":"https:\/\/schema.org","@graph":[{"@type":"WebPage","@id":"https:\/\/kwt.meiio.net\/tr\/uzun-omur\/kinderwunsch-bei-endometriose\/diagnose","url":"https:\/\/kwt.meiio.net\/tr\/uzun-omur\/kinderwunsch-bei-endometriose\/diagnose","name":"Tan\u0131 &#8226; Kinderwunschteam Berlin","isPartOf":{"@id":"https:\/\/kwt.meiio.net\/tr#website"},"primaryImageOfPage":{"@id":"https:\/\/kwt.meiio.net\/tr\/uzun-omur\/kinderwunsch-bei-endometriose\/diagnose#primaryimage"},"image":{"@id":"https:\/\/kwt.meiio.net\/tr\/uzun-omur\/kinderwunsch-bei-endometriose\/diagnose#primaryimage"},"thumbnailUrl":"https:\/\/kwt.meiio.net\/wp-content\/uploads\/KWT-9812-Diagnose.jpg","datePublished":"2010-03-08T20:27:15+00:00","dateModified":"2018-10-31T19:51:03+00:00","description":"Muayenenin ba\u015f\u0131nda jinekolo\u011funuz ile bir g\u00f6r\u00fc\u015fme olacakt\u0131r ve t\u00fcm bulgular\u0131n \u00f6zetinin (cerrahi m\u00fcdahale raporlar\u0131, doktor mektuplar\u0131, bulgular\u0131 vb.) ilk","breadcrumb":{"@id":"https:\/\/kwt.meiio.net\/tr\/uzun-omur\/kinderwunsch-bei-endometriose\/diagnose#breadcrumb"},"inLanguage":"tr","potentialAction":[{"@type":"ReadAction","target":["https:\/\/kwt.meiio.net\/tr\/uzun-omur\/kinderwunsch-bei-endometriose\/diagnose"]}]},{"@type":"ImageObject","inLanguage":"tr","@id":"https:\/\/kwt.meiio.net\/tr\/uzun-omur\/kinderwunsch-bei-endometriose\/diagnose#primaryimage","url":"https:\/\/kwt.meiio.net\/wp-content\/uploads\/KWT-9812-Diagnose.jpg","contentUrl":"https:\/\/kwt.meiio.net\/wp-content\/uploads\/KWT-9812-Diagnose.jpg","width":2000,"height":670},{"@type":"BreadcrumbList","@id":"https:\/\/kwt.meiio.net\/tr\/uzun-omur\/kinderwunsch-bei-endometriose\/diagnose#breadcrumb","itemListElement":[{"@type":"ListItem","position":1,"name":"Startseite","item":"https:\/\/kwt.meiio.net\/tr"},{"@type":"ListItem","position":2,"name":"Hizmet alanlar\u0131m\u0131z","item":"https:\/\/kwt.meiio.net\/tr\/uzun-omur"},{"@type":"ListItem","position":3,"name":"Endometriozis","item":"https:\/\/kwt.meiio.net\/tr\/uzun-omur\/kinderwunsch-bei-endometriose"},{"@type":"ListItem","position":4,"name":"Tan\u0131"}]},{"@type":"WebSite","@id":"https:\/\/kwt.meiio.net\/tr#website","url":"https:\/\/kwt.meiio.net\/tr","name":"Kinderwunschteam Berlin","description":"Kinderwunsch- und Endometriose-Zentrum","publisher":{"@id":"https:\/\/kwt.meiio.net\/tr#organization"},"potentialAction":[{"@type":"SearchAction","target":{"@type":"EntryPoint","urlTemplate":"https:\/\/kwt.meiio.net\/tr?s={search_term_string}"},"query-input":{"@type":"PropertyValueSpecification","valueRequired":true,"valueName":"search_term_string"}}],"inLanguage":"tr"},{"@type":"Organization","@id":"https:\/\/kwt.meiio.net\/tr#organization","name":"Kinderwunschteam Berlin","url":"https:\/\/kwt.meiio.net\/tr","logo":{"@type":"ImageObject","inLanguage":"tr","@id":"https:\/\/kwt.meiio.net\/tr#\/schema\/logo\/image\/","url":"https:\/\/kwt.meiio.net\/wp-content\/uploads\/Logo-KinderwunschteamBerlin-NavBar@2.png","contentUrl":"https:\/\/kwt.meiio.net\/wp-content\/uploads\/Logo-KinderwunschteamBerlin-NavBar@2.png","width":800,"height":200,"caption":"Kinderwunschteam Berlin"},"image":{"@id":"https:\/\/kwt.meiio.net\/tr#\/schema\/logo\/image\/"},"sameAs":["https:\/\/www.facebook.com\/kinderwunschteam.berlin\/","https:\/\/www.instagram.com\/kinderwunschteamberlin\/"]}]}},"_links":{"self":[{"href":"https:\/\/kwt.meiio.net\/tr\/wp-json\/wp\/v2\/pages\/7532","targetHints":{"allow":["GET"]}}],"collection":[{"href":"https:\/\/kwt.meiio.net\/tr\/wp-json\/wp\/v2\/pages"}],"about":[{"href":"https:\/\/kwt.meiio.net\/tr\/wp-json\/wp\/v2\/types\/page"}],"author":[{"embeddable":true,"href":"https:\/\/kwt.meiio.net\/tr\/wp-json\/wp\/v2\/users\/2"}],"replies":[{"embeddable":true,"href":"https:\/\/kwt.meiio.net\/tr\/wp-json\/wp\/v2\/comments?post=7532"}],"version-history":[{"count":0,"href":"https:\/\/kwt.meiio.net\/tr\/wp-json\/wp\/v2\/pages\/7532\/revisions"}],"up":[{"embeddable":true,"href":"https:\/\/kwt.meiio.net\/tr\/wp-json\/wp\/v2\/pages\/7521"}],"wp:featuredmedia":[{"embeddable":true,"href":"https:\/\/kwt.meiio.net\/tr\/wp-json\/wp\/v2\/media\/7533"}],"wp:attachment":[{"href":"https:\/\/kwt.meiio.net\/tr\/wp-json\/wp\/v2\/media?parent=7532"}],"curies":[{"name":"wp","href":"https:\/\/api.w.org\/{rel}","templated":true}]}}