{"id":7528,"date":"2010-03-08T21:26:15","date_gmt":"2010-03-08T20:26:15","guid":{"rendered":"https:\/\/www.kinderwunschteam.berlin\/unsere-leistungsbereiche\/kinderwunsch-bei-endometriose\/beschwerden-symptome\/"},"modified":"2018-10-31T20:47:29","modified_gmt":"2018-10-31T19:47:29","slug":"beschwerden-symptome","status":"publish","type":"page","link":"https:\/\/kwt.meiio.net\/tr\/uzun-omur\/kinderwunsch-bei-endometriose\/beschwerden-symptome","title":{"rendered":"\u015eikayetler (Semptomlar)"},"content":{"rendered":"<h2><strong>Endometriozis ne gibi \u015fikayetlere yol a\u00e7ar?<\/strong><\/h2>\n<p>Endometriozis, \u00e7ok farkl\u0131 hastal\u0131k belirtileri g\u00f6sterebilen bir rahats\u0131zl\u0131kt\u0131r. Bu y\u00fczden jinekolojik hastal\u0131klar aras\u0131nda &#8221;bukalemun\u201c olarak tan\u0131mlan\u0131r. Belli bir semptomu olmad\u0131\u011f\u0131 i\u00e7in s\u00fcrekli yanl\u0131\u015f te\u015fhis edilir. Bu y\u00fczden hastal\u0131\u011fa yakalanm\u0131\u015f kad\u0131nlar, kendilerine yak\u0131\u015ft\u0131r\u0131lan &#8221;psikolojik dengesi bozuk ve tak\u0131nt\u0131l\u0131\u201c ifadeleri alt\u0131nda ezilirler.<\/p>\n<p>\u00c7o\u011funlukla \u015fikayetler hastal\u0131\u011f\u0131n a\u011f\u0131rl\u0131k derecesi ile do\u011frudan ili\u015fkili de\u011fillerdir. Dolay\u0131s\u0131yla k\u00fc\u00e7\u00fck bulgular b\u00fcy\u00fck a\u011fr\u0131lara neden olabilirler. Hi\u00e7bir yay\u0131lma e\u011filimi g\u00f6stermeyen ve hastal\u0131k de\u011feri ta\u015f\u0131mayan endometriozis kolonileri de mevcuttur.<\/p>\n<p>Hastal\u0131\u011f\u0131n temel semptomlar\u0131 \u015funlard\u0131r<\/p>\n<ol>\n<li>\u00a0A\u011fr\u0131lar<\/li>\n<li>\u00a0Gebe kalamama<\/li>\n<li>\u00a0D\u00fczensiz kanamalar<\/li>\n<li>&#8221;Karakteristik olmayan semptomlar&#8221;<\/li>\n<\/ol>\n<h3><strong>1.\u00a0\u00a0 A\u011fr\u0131lar<\/strong><\/h3>\n<ul>\n<li>Halsizlik, yo\u011fun ila\u00e7 al\u0131m\u0131 ve i\u015f g\u00f6rememe durumuna yol a\u00e7an regl a\u011fr\u0131lar\u0131 tipiktir.<\/li>\n<li>Regl s\u0131ras\u0131ndaki a\u011fr\u0131lar (dismenore)<\/li>\n<li>Regl a\u011fr\u0131lar\u0131 ile ba\u011flant\u0131l\u0131 ani bay\u0131lmalar<\/li>\n<li>Kronik bel alt\u0131 a\u011fr\u0131lar\u0131<\/li>\n<li>Adet \u00f6ncesi ve s\u00fcresince ya\u015fanan, bazen bacaklara kadar yay\u0131lan, kar\u0131n, s\u0131rt ve bel a\u011fr\u0131lar\u0131<\/li>\n<li>Cinsel birle\u015fme s\u00fcresince ve sonras\u0131ndaki a\u011fr\u0131lar (disparoni)<\/li>\n<li>Tuvalete \u00e7\u0131karken g\u00f6r\u00fclen a\u011fr\u0131lar, kanamalar ve kramplar (diskezi\/diz\u00fcri)<\/li>\n<li>Yumurtlama d\u00f6nemindeki a\u011fr\u0131lar<\/li>\n<\/ul>\n<h3><strong>2. \u00a0 Gebe kalamama<\/strong><\/h3>\n<ul>\n<li>Gebe kalamama \u00e7o\u011funlukla hastal\u0131\u011f\u0131n ilerlemesiyle ortaya \u00e7\u0131kan bir bulgudur. Endometriozisi olan kad\u0131nlar\u0131n yakla\u015f\u0131k % 30 \u2013 40&#8217;\u0131 bundan muzdariptir.<\/li>\n<\/ul>\n<h3><strong>3. \u00a0 D\u00fczensiz kanamalar<\/strong><\/h3>\n<ul>\n<li>\u015eiddetli ve d\u00fczensiz adet kanamalar\u0131<\/li>\n<\/ul>\n<h3><strong>4. \u00a0 &#8221;Karakteristik olmayan semptomlar&#8221;<\/strong><\/h3>\n<ul>\n<li>Yorgunluk ve bitkinlik<\/li>\n<li>Y\u00fcksek enfeksiyon riski<\/li>\n<li>S\u0131rt a\u011fr\u0131lar\u0131<\/li>\n<li>\u0130shal ve\/veya kab\u0131zl\u0131k ve di\u011fer ba\u011f\u0131rsak problemleri<\/li>\n<li>Gittik\u00e7e artan alerjiler ve di\u011fer ba\u011f\u0131\u015f\u0131kl\u0131k sistemi hastal\u0131klar\u0131<\/li>\n<\/ul>\n<p>E\u011fer sizde de ayn\u0131 veya benzer bulgular mevcutsa, doktorunuza endometriozis ile ilgili dan\u0131\u015f\u0131n. Ba\u015fka bir doktorun da fikrini almaktan \u00e7ekinmeyin.<\/p>\n","protected":false},"excerpt":{"rendered":"<p>Endometriozis ne gibi \u015fikayetlere yol a\u00e7ar? Endometriozis, \u00e7ok farkl\u0131 hastal\u0131k belirtileri g\u00f6sterebilen bir rahats\u0131zl\u0131kt\u0131r. Bu y\u00fczden jinekolojik hastal\u0131klar aras\u0131nda &#8221;bukalemun\u201c [&hellip;]<\/p>\n","protected":false},"author":2,"featured_media":7529,"parent":7521,"menu_order":7,"comment_status":"closed","ping_status":"closed","template":"page-siblingnavi.php","meta":{"footnotes":""},"class_list":["post-7528","page","type-page","status-publish","has-post-thumbnail","hentry"],"yoast_head":"<!-- This site is optimized with the Yoast SEO plugin v25.6 - https:\/\/yoast.com\/wordpress\/plugins\/seo\/ -->\n<title>\u015eikayetler (Semptomlar) &#8226; Kinderwunschteam Berlin<\/title>\n<meta name=\"description\" content=\"Endometriozis ne gibi \u015fikayetlere yol a\u00e7ar? Endometriozis, \u00e7ok farkl\u0131 hastal\u0131k belirtileri g\u00f6sterebilen bir rahats\u0131zl\u0131kt\u0131r. Bu y\u00fczden jinekolojik\" \/>\n<meta name=\"robots\" content=\"noindex, follow, max-snippet:-1, max-image-preview:large, max-video-preview:-1\" \/>\n<meta property=\"og:locale\" content=\"tr_TR\" \/>\n<meta property=\"og:type\" content=\"article\" \/>\n<meta property=\"og:title\" content=\"\u015eikayetler (Semptomlar) &#8226; Kinderwunschteam Berlin\" \/>\n<meta property=\"og:description\" content=\"Endometriozis ne gibi \u015fikayetlere yol a\u00e7ar? Endometriozis, \u00e7ok farkl\u0131 hastal\u0131k belirtileri g\u00f6sterebilen bir rahats\u0131zl\u0131kt\u0131r. Bu y\u00fczden jinekolojik\" \/>\n<meta property=\"og:url\" content=\"https:\/\/kwt.meiio.net\/tr\/uzun-omur\/kinderwunsch-bei-endometriose\/beschwerden-symptome\" \/>\n<meta property=\"og:site_name\" content=\"Kinderwunschteam Berlin\" \/>\n<meta property=\"article:publisher\" content=\"https:\/\/www.facebook.com\/kinderwunschteam.berlin\/\" \/>\n<meta property=\"article:modified_time\" content=\"2018-10-31T19:47:29+00:00\" \/>\n<meta property=\"og:image\" content=\"https:\/\/kwt.meiio.net\/wp-content\/uploads\/KWT-8810-Beratung-DrHalis.jpg\" \/>\n\t<meta property=\"og:image:width\" content=\"2000\" \/>\n\t<meta property=\"og:image:height\" content=\"670\" \/>\n\t<meta property=\"og:image:type\" content=\"image\/jpeg\" \/>\n<meta name=\"twitter:card\" content=\"summary_large_image\" \/>\n<script type=\"application\/ld+json\" class=\"yoast-schema-graph\">{\"@context\":\"https:\/\/schema.org\",\"@graph\":[{\"@type\":\"WebPage\",\"@id\":\"https:\/\/kwt.meiio.net\/tr\/uzun-omur\/kinderwunsch-bei-endometriose\/beschwerden-symptome\",\"url\":\"https:\/\/kwt.meiio.net\/tr\/uzun-omur\/kinderwunsch-bei-endometriose\/beschwerden-symptome\",\"name\":\"\u015eikayetler (Semptomlar) &#8226; Kinderwunschteam Berlin\",\"isPartOf\":{\"@id\":\"https:\/\/kwt.meiio.net\/tr#website\"},\"primaryImageOfPage\":{\"@id\":\"https:\/\/kwt.meiio.net\/tr\/uzun-omur\/kinderwunsch-bei-endometriose\/beschwerden-symptome#primaryimage\"},\"image\":{\"@id\":\"https:\/\/kwt.meiio.net\/tr\/uzun-omur\/kinderwunsch-bei-endometriose\/beschwerden-symptome#primaryimage\"},\"thumbnailUrl\":\"https:\/\/kwt.meiio.net\/wp-content\/uploads\/KWT-8810-Beratung-DrHalis.jpg\",\"datePublished\":\"2010-03-08T20:26:15+00:00\",\"dateModified\":\"2018-10-31T19:47:29+00:00\",\"description\":\"Endometriozis ne gibi \u015fikayetlere yol a\u00e7ar? Endometriozis, \u00e7ok farkl\u0131 hastal\u0131k belirtileri g\u00f6sterebilen bir rahats\u0131zl\u0131kt\u0131r. Bu y\u00fczden jinekolojik\",\"breadcrumb\":{\"@id\":\"https:\/\/kwt.meiio.net\/tr\/uzun-omur\/kinderwunsch-bei-endometriose\/beschwerden-symptome#breadcrumb\"},\"inLanguage\":\"tr\",\"potentialAction\":[{\"@type\":\"ReadAction\",\"target\":[\"https:\/\/kwt.meiio.net\/tr\/uzun-omur\/kinderwunsch-bei-endometriose\/beschwerden-symptome\"]}]},{\"@type\":\"ImageObject\",\"inLanguage\":\"tr\",\"@id\":\"https:\/\/kwt.meiio.net\/tr\/uzun-omur\/kinderwunsch-bei-endometriose\/beschwerden-symptome#primaryimage\",\"url\":\"https:\/\/kwt.meiio.net\/wp-content\/uploads\/KWT-8810-Beratung-DrHalis.jpg\",\"contentUrl\":\"https:\/\/kwt.meiio.net\/wp-content\/uploads\/KWT-8810-Beratung-DrHalis.jpg\",\"width\":2000,\"height\":670},{\"@type\":\"BreadcrumbList\",\"@id\":\"https:\/\/kwt.meiio.net\/tr\/uzun-omur\/kinderwunsch-bei-endometriose\/beschwerden-symptome#breadcrumb\",\"itemListElement\":[{\"@type\":\"ListItem\",\"position\":1,\"name\":\"Startseite\",\"item\":\"https:\/\/kwt.meiio.net\/tr\"},{\"@type\":\"ListItem\",\"position\":2,\"name\":\"Hizmet alanlar\u0131m\u0131z\",\"item\":\"https:\/\/kwt.meiio.net\/tr\/uzun-omur\"},{\"@type\":\"ListItem\",\"position\":3,\"name\":\"Endometriozis\",\"item\":\"https:\/\/kwt.meiio.net\/tr\/uzun-omur\/kinderwunsch-bei-endometriose\"},{\"@type\":\"ListItem\",\"position\":4,\"name\":\"\u015eikayetler (Semptomlar)\"}]},{\"@type\":\"WebSite\",\"@id\":\"https:\/\/kwt.meiio.net\/tr#website\",\"url\":\"https:\/\/kwt.meiio.net\/tr\",\"name\":\"Kinderwunschteam Berlin\",\"description\":\"Kinderwunsch- und Endometriose-Zentrum\",\"publisher\":{\"@id\":\"https:\/\/kwt.meiio.net\/tr#organization\"},\"potentialAction\":[{\"@type\":\"SearchAction\",\"target\":{\"@type\":\"EntryPoint\",\"urlTemplate\":\"https:\/\/kwt.meiio.net\/tr?s={search_term_string}\"},\"query-input\":{\"@type\":\"PropertyValueSpecification\",\"valueRequired\":true,\"valueName\":\"search_term_string\"}}],\"inLanguage\":\"tr\"},{\"@type\":\"Organization\",\"@id\":\"https:\/\/kwt.meiio.net\/tr#organization\",\"name\":\"Kinderwunschteam Berlin\",\"url\":\"https:\/\/kwt.meiio.net\/tr\",\"logo\":{\"@type\":\"ImageObject\",\"inLanguage\":\"tr\",\"@id\":\"https:\/\/kwt.meiio.net\/tr#\/schema\/logo\/image\/\",\"url\":\"https:\/\/kwt.meiio.net\/wp-content\/uploads\/Logo-KinderwunschteamBerlin-NavBar@2.png\",\"contentUrl\":\"https:\/\/kwt.meiio.net\/wp-content\/uploads\/Logo-KinderwunschteamBerlin-NavBar@2.png\",\"width\":800,\"height\":200,\"caption\":\"Kinderwunschteam Berlin\"},\"image\":{\"@id\":\"https:\/\/kwt.meiio.net\/tr#\/schema\/logo\/image\/\"},\"sameAs\":[\"https:\/\/www.facebook.com\/kinderwunschteam.berlin\/\",\"https:\/\/www.instagram.com\/kinderwunschteamberlin\/\"]}]}<\/script>\n<!-- \/ Yoast SEO plugin. -->","yoast_head_json":{"title":"\u015eikayetler (Semptomlar) &#8226; Kinderwunschteam Berlin","description":"Endometriozis ne gibi \u015fikayetlere yol a\u00e7ar? Endometriozis, \u00e7ok farkl\u0131 hastal\u0131k belirtileri g\u00f6sterebilen bir rahats\u0131zl\u0131kt\u0131r. Bu y\u00fczden jinekolojik","robots":{"index":"noindex","follow":"follow","max-snippet":"max-snippet:-1","max-image-preview":"max-image-preview:large","max-video-preview":"max-video-preview:-1"},"og_locale":"tr_TR","og_type":"article","og_title":"\u015eikayetler (Semptomlar) &#8226; Kinderwunschteam Berlin","og_description":"Endometriozis ne gibi \u015fikayetlere yol a\u00e7ar? Endometriozis, \u00e7ok farkl\u0131 hastal\u0131k belirtileri g\u00f6sterebilen bir rahats\u0131zl\u0131kt\u0131r. Bu y\u00fczden jinekolojik","og_url":"https:\/\/kwt.meiio.net\/tr\/uzun-omur\/kinderwunsch-bei-endometriose\/beschwerden-symptome","og_site_name":"Kinderwunschteam Berlin","article_publisher":"https:\/\/www.facebook.com\/kinderwunschteam.berlin\/","article_modified_time":"2018-10-31T19:47:29+00:00","og_image":[{"width":2000,"height":670,"url":"https:\/\/kwt.meiio.net\/wp-content\/uploads\/KWT-8810-Beratung-DrHalis.jpg","type":"image\/jpeg"}],"twitter_card":"summary_large_image","schema":{"@context":"https:\/\/schema.org","@graph":[{"@type":"WebPage","@id":"https:\/\/kwt.meiio.net\/tr\/uzun-omur\/kinderwunsch-bei-endometriose\/beschwerden-symptome","url":"https:\/\/kwt.meiio.net\/tr\/uzun-omur\/kinderwunsch-bei-endometriose\/beschwerden-symptome","name":"\u015eikayetler (Semptomlar) &#8226; Kinderwunschteam Berlin","isPartOf":{"@id":"https:\/\/kwt.meiio.net\/tr#website"},"primaryImageOfPage":{"@id":"https:\/\/kwt.meiio.net\/tr\/uzun-omur\/kinderwunsch-bei-endometriose\/beschwerden-symptome#primaryimage"},"image":{"@id":"https:\/\/kwt.meiio.net\/tr\/uzun-omur\/kinderwunsch-bei-endometriose\/beschwerden-symptome#primaryimage"},"thumbnailUrl":"https:\/\/kwt.meiio.net\/wp-content\/uploads\/KWT-8810-Beratung-DrHalis.jpg","datePublished":"2010-03-08T20:26:15+00:00","dateModified":"2018-10-31T19:47:29+00:00","description":"Endometriozis ne gibi \u015fikayetlere yol a\u00e7ar? Endometriozis, \u00e7ok farkl\u0131 hastal\u0131k belirtileri g\u00f6sterebilen bir rahats\u0131zl\u0131kt\u0131r. Bu y\u00fczden jinekolojik","breadcrumb":{"@id":"https:\/\/kwt.meiio.net\/tr\/uzun-omur\/kinderwunsch-bei-endometriose\/beschwerden-symptome#breadcrumb"},"inLanguage":"tr","potentialAction":[{"@type":"ReadAction","target":["https:\/\/kwt.meiio.net\/tr\/uzun-omur\/kinderwunsch-bei-endometriose\/beschwerden-symptome"]}]},{"@type":"ImageObject","inLanguage":"tr","@id":"https:\/\/kwt.meiio.net\/tr\/uzun-omur\/kinderwunsch-bei-endometriose\/beschwerden-symptome#primaryimage","url":"https:\/\/kwt.meiio.net\/wp-content\/uploads\/KWT-8810-Beratung-DrHalis.jpg","contentUrl":"https:\/\/kwt.meiio.net\/wp-content\/uploads\/KWT-8810-Beratung-DrHalis.jpg","width":2000,"height":670},{"@type":"BreadcrumbList","@id":"https:\/\/kwt.meiio.net\/tr\/uzun-omur\/kinderwunsch-bei-endometriose\/beschwerden-symptome#breadcrumb","itemListElement":[{"@type":"ListItem","position":1,"name":"Startseite","item":"https:\/\/kwt.meiio.net\/tr"},{"@type":"ListItem","position":2,"name":"Hizmet alanlar\u0131m\u0131z","item":"https:\/\/kwt.meiio.net\/tr\/uzun-omur"},{"@type":"ListItem","position":3,"name":"Endometriozis","item":"https:\/\/kwt.meiio.net\/tr\/uzun-omur\/kinderwunsch-bei-endometriose"},{"@type":"ListItem","position":4,"name":"\u015eikayetler (Semptomlar)"}]},{"@type":"WebSite","@id":"https:\/\/kwt.meiio.net\/tr#website","url":"https:\/\/kwt.meiio.net\/tr","name":"Kinderwunschteam Berlin","description":"Kinderwunsch- und Endometriose-Zentrum","publisher":{"@id":"https:\/\/kwt.meiio.net\/tr#organization"},"potentialAction":[{"@type":"SearchAction","target":{"@type":"EntryPoint","urlTemplate":"https:\/\/kwt.meiio.net\/tr?s={search_term_string}"},"query-input":{"@type":"PropertyValueSpecification","valueRequired":true,"valueName":"search_term_string"}}],"inLanguage":"tr"},{"@type":"Organization","@id":"https:\/\/kwt.meiio.net\/tr#organization","name":"Kinderwunschteam Berlin","url":"https:\/\/kwt.meiio.net\/tr","logo":{"@type":"ImageObject","inLanguage":"tr","@id":"https:\/\/kwt.meiio.net\/tr#\/schema\/logo\/image\/","url":"https:\/\/kwt.meiio.net\/wp-content\/uploads\/Logo-KinderwunschteamBerlin-NavBar@2.png","contentUrl":"https:\/\/kwt.meiio.net\/wp-content\/uploads\/Logo-KinderwunschteamBerlin-NavBar@2.png","width":800,"height":200,"caption":"Kinderwunschteam Berlin"},"image":{"@id":"https:\/\/kwt.meiio.net\/tr#\/schema\/logo\/image\/"},"sameAs":["https:\/\/www.facebook.com\/kinderwunschteam.berlin\/","https:\/\/www.instagram.com\/kinderwunschteamberlin\/"]}]}},"_links":{"self":[{"href":"https:\/\/kwt.meiio.net\/tr\/wp-json\/wp\/v2\/pages\/7528","targetHints":{"allow":["GET"]}}],"collection":[{"href":"https:\/\/kwt.meiio.net\/tr\/wp-json\/wp\/v2\/pages"}],"about":[{"href":"https:\/\/kwt.meiio.net\/tr\/wp-json\/wp\/v2\/types\/page"}],"author":[{"embeddable":true,"href":"https:\/\/kwt.meiio.net\/tr\/wp-json\/wp\/v2\/users\/2"}],"replies":[{"embeddable":true,"href":"https:\/\/kwt.meiio.net\/tr\/wp-json\/wp\/v2\/comments?post=7528"}],"version-history":[{"count":0,"href":"https:\/\/kwt.meiio.net\/tr\/wp-json\/wp\/v2\/pages\/7528\/revisions"}],"up":[{"embeddable":true,"href":"https:\/\/kwt.meiio.net\/tr\/wp-json\/wp\/v2\/pages\/7521"}],"wp:featuredmedia":[{"embeddable":true,"href":"https:\/\/kwt.meiio.net\/tr\/wp-json\/wp\/v2\/media\/7529"}],"wp:attachment":[{"href":"https:\/\/kwt.meiio.net\/tr\/wp-json\/wp\/v2\/media?parent=7528"}],"curies":[{"name":"wp","href":"https:\/\/api.w.org\/{rel}","templated":true}]}}