{"id":7524,"date":"2010-03-08T21:24:03","date_gmt":"2010-03-08T20:24:03","guid":{"rendered":"https:\/\/www.kinderwunschteam.berlin\/unsere-leistungsbereiche\/kinderwunsch-bei-endometriose\/was-ist-endometriose\/"},"modified":"2020-09-06T01:24:37","modified_gmt":"2020-09-05T23:24:37","slug":"was-ist-endometriose","status":"publish","type":"page","link":"https:\/\/kwt.meiio.net\/tr\/uzun-omur\/kinderwunsch-bei-endometriose\/was-ist-endometriose","title":{"rendered":"Endometriozis nedir?"},"content":{"rendered":"<p>Endometriozis, gen\u00e7 kad\u0131nlarda g\u00f6r\u00fclen iyi huylu fakat \u00e7o\u011funlukla a\u011fr\u0131l\u0131 kronik bir hastal\u0131kt\u0131r. Hastal\u0131k a\u011f\u0131r v\u00fccutsal ve ruhsal problemler yaratmas\u0131na ve miyomlardan sonra, kad\u0131nlarda en s\u0131k g\u00f6r\u00fclen iyi huylu hastal\u0131k olmas\u0131na ra\u011fmen genelde hafife al\u0131nmaktad\u0131r (sadece Almanya\u2019da tahminlere g\u00f6re en az iki milyon kad\u0131nda bu hastal\u0131k vard\u0131r). Bu y\u00fczden olaya \u015fu zihniyetle yakla\u015f\u0131l\u0131r: &#8221;T\u00fcm kad\u0131nlar\u0131n birazc\u0131k sanc\u0131s\u0131 olur&#8221;.<br \/>\nEndometrioziste, kar\u0131n alt\u0131 b\u00f6lgesinde rahmin <em>d\u0131\u015f b\u00f6l\u00fcm\u00fcnde<\/em>, rahim mukozas\u0131na (latince Endometrium) benzer bir doku olu\u015fup, (rahim, kar\u0131n zar\u0131, yumurta kanallar\u0131, yumurtal\u0131klar, mesane, ba\u011f\u0131rsaklar gibi) \u00e7e\u015fitli organlara yay\u0131lmaktad\u0131r. Ender durumlarda, akci\u011fer gibi ba\u015fka organlar\u0131 etkiler. \u00c7o\u011fu durumda bu endometriozis kolonileri menstr\u00fcel hormonlardan etkilenmektedir. Dolay\u0131s\u0131yla bu koloniler d\u00f6ng\u00fcsel olarak b\u00fcy\u00fcy\u00fcp kanamaya yol a\u00e7abilir. Sonu\u00e7 olarak kar\u0131n b\u00f6lgesinde enfeksiyonel reaksiyonlar, kistler, yaralar ve yap\u0131\u015f\u0131kl\u0131klar olu\u015fur. Bu durum adet kanamalar\u0131na ba\u011fl\u0131 olarak a\u011fr\u0131l\u0131 semptomlar \u015feklinde kendini g\u00f6sterir. Endometriozis ayr\u0131ca k\u0131s\u0131rl\u0131\u011f\u0131n ba\u015fl\u0131ca nedenlerinden biridir.<br \/>\n&#8221;Ama <em>adet sanc\u0131lar\u0131 adetten olmamal\u0131d\u0131r!&#8221;<\/em><\/p>\n<figure id=\"attachment_7479\" aria-describedby=\"caption-attachment-7479\" style=\"width: 800px\" class=\"wp-caption alignnone\"><img decoding=\"async\" class=\"size-full wp-image-7479\" src=\"https:\/\/kwt.meiio.net\/wp-content\/uploads\/endometriose-1.jpg\" alt=\"En k\u00fc\u00e7\u00fck lezyonlar dahi - buradaki resimde g\u00f6rd\u00fc\u011f\u00fcn\u00fcz mesane ve kar\u0131n zar\u0131nda oldu\u011fu gibi- b\u00fcy\u00fck a\u011fr\u0131lara neden olabilir. Yani, a\u011fr\u0131lar\u0131n, endometriozis hastal\u0131\u011f\u0131n\u0131n hangi a\u015famada oldu\u011fuyla bir ba\u011flant\u0131s\u0131 yoktur. Ultrasonda \u00e7\u0131kan k\u00fc\u00e7\u00fck lezyonlar g\u00f6r\u00fclmez. Sadece operasyonla b\u00f6yle bir lezyonun olup olmad\u0131\u011f\u0131na kanaat getirilebilir.\" width=\"800\" height=\"528\" srcset=\"https:\/\/kwt.meiio.net\/wp-content\/uploads\/endometriose-1.jpg 800w, https:\/\/kwt.meiio.net\/wp-content\/uploads\/endometriose-1-300x198.jpg 300w, https:\/\/kwt.meiio.net\/wp-content\/uploads\/endometriose-1-768x507.jpg 768w\" sizes=\"(max-width: 800px) 100vw, 800px\" \/><figcaption id=\"caption-attachment-7479\" class=\"wp-caption-text\">En k\u00fc\u00e7\u00fck lezyonlar dahi &#8211; buradaki resimde g\u00f6rd\u00fc\u011f\u00fcn\u00fcz mesane ve kar\u0131n zar\u0131nda oldu\u011fu gibi- b\u00fcy\u00fck a\u011fr\u0131lara neden olabilir. Yani, a\u011fr\u0131lar\u0131n, endometriozis hastal\u0131\u011f\u0131n\u0131n hangi a\u015famada oldu\u011fuyla bir ba\u011flant\u0131s\u0131 yoktur. Ultrasonda \u00e7\u0131kan k\u00fc\u00e7\u00fck lezyonlar g\u00f6r\u00fclmez. Sadece operasyonla b\u00f6yle bir lezyonun olup olmad\u0131\u011f\u0131na kanaat getirilebilir.<\/figcaption><\/figure>\n<h3>Neden bu kadar az kad\u0131n bilgi sahibi?<\/h3>\n<p>&#8221;Kad\u0131nlar\u0131n ac\u0131lar\u0131\u201c y\u0131llarca \u00f6nemsiz g\u00f6r\u00fclm\u00fc\u015f ve ciddiye al\u0131nmam\u0131\u015ft\u0131r. Asl\u0131nda k\u0131zlar ve kad\u0131nlar ilk adetlerinden ba\u015flamak \u00fczere menapoz d\u00f6nemlerinin de devam\u0131nda bu durumdan muzdariptirler.<br \/>\nBug\u00fcn bile Almanya\u2019da kad\u0131nlar kesin bir te\u015fhis konulana kadar 7 ile 11 y\u0131l aras\u0131nda bu hastal\u0131\u011f\u0131n semptomlar\u0131ndan ac\u0131 \u00e7ekmektedirler. Ne yaz\u0131k ki bu hastal\u0131k halen kad\u0131nlar aras\u0131nda bilinmemektedir. Bir\u00e7ok kad\u0131n regl a\u011fr\u0131lar\u0131yla ya\u015famak zorunda oldu\u011funu d\u00fc\u015f\u00fcnmektedir. <em>&#8216;Bu normal bir durum<\/em>\u201c ve &#8221;<em>ilk \u00e7ocuktan sonra d\u00fczelir<\/em>\u201c mant\u0131\u011f\u0131 halen devam etmektedir. Bu zaman i\u00e7erisinde olu\u015fan kistler hastan\u0131n hayat kalitesini etkileyecek kadar b\u00fcy\u00fcyebilir ve yay\u0131lmalar\u0131 sonucu kad\u0131n\u0131n do\u011furganl\u0131\u011f\u0131n\u0131 olumsuz etkileyebilirler.<br \/>\nEndometriozis sadece insani de\u011fil, a\u011f\u0131rl\u0131kl\u0131 olarak da sosyoekonomik bir problem de te\u015fkil etmektedir. 21. y\u00fczy\u0131l modern Avrupa&#8217;s\u0131nda bile kad\u0131na olan geleneksel bak\u0131\u015f \u00e7er\u00e7evesinde, bu hastal\u0131k ciddiye al\u0131nmamaktad\u0131r.<\/p>\n","protected":false},"excerpt":{"rendered":"<p>Endometriozis, gen\u00e7 kad\u0131nlarda g\u00f6r\u00fclen iyi huylu fakat \u00e7o\u011funlukla a\u011fr\u0131l\u0131 kronik bir hastal\u0131kt\u0131r. Hastal\u0131k a\u011f\u0131r v\u00fccutsal ve ruhsal problemler yaratmas\u0131na ve [&hellip;]<\/p>\n","protected":false},"author":2,"featured_media":7525,"parent":7521,"menu_order":1,"comment_status":"closed","ping_status":"closed","template":"page-siblingnavi.php","meta":{"footnotes":""},"class_list":["post-7524","page","type-page","status-publish","has-post-thumbnail","hentry"],"yoast_head":"<!-- This site is optimized with the Yoast SEO plugin v25.6 - https:\/\/yoast.com\/wordpress\/plugins\/seo\/ -->\n<title>Endometriozis nedir? &#8226; Kinderwunschteam Berlin<\/title>\n<meta name=\"description\" content=\"Endometriozis, gen\u00e7 kad\u0131nlarda g\u00f6r\u00fclen iyi huylu fakat \u00e7o\u011funlukla a\u011fr\u0131l\u0131 kronik bir hastal\u0131kt\u0131r. Hastal\u0131k a\u011f\u0131r v\u00fccutsal ve ruhsal problemler yaratmas\u0131na\" \/>\n<meta name=\"robots\" content=\"noindex, follow, max-snippet:-1, max-image-preview:large, max-video-preview:-1\" \/>\n<meta property=\"og:locale\" content=\"tr_TR\" \/>\n<meta property=\"og:type\" content=\"article\" \/>\n<meta property=\"og:title\" content=\"Endometriozis nedir? &#8226; Kinderwunschteam Berlin\" \/>\n<meta property=\"og:description\" content=\"Endometriozis, gen\u00e7 kad\u0131nlarda g\u00f6r\u00fclen iyi huylu fakat \u00e7o\u011funlukla a\u011fr\u0131l\u0131 kronik bir hastal\u0131kt\u0131r. Hastal\u0131k a\u011f\u0131r v\u00fccutsal ve ruhsal problemler yaratmas\u0131na\" \/>\n<meta property=\"og:url\" content=\"https:\/\/kwt.meiio.net\/tr\/uzun-omur\/kinderwunsch-bei-endometriose\/was-ist-endometriose\" \/>\n<meta property=\"og:site_name\" content=\"Kinderwunschteam Berlin\" \/>\n<meta property=\"article:publisher\" content=\"https:\/\/www.facebook.com\/kinderwunschteam.berlin\/\" \/>\n<meta property=\"article:modified_time\" content=\"2020-09-05T23:24:37+00:00\" \/>\n<meta property=\"og:image\" content=\"https:\/\/kwt.meiio.net\/wp-content\/uploads\/KWT-8980-Beratung-DrHalis.jpg\" \/>\n\t<meta property=\"og:image:width\" content=\"2000\" \/>\n\t<meta property=\"og:image:height\" content=\"670\" \/>\n\t<meta property=\"og:image:type\" content=\"image\/jpeg\" \/>\n<meta name=\"twitter:card\" content=\"summary_large_image\" \/>\n<script type=\"application\/ld+json\" class=\"yoast-schema-graph\">{\"@context\":\"https:\/\/schema.org\",\"@graph\":[{\"@type\":\"WebPage\",\"@id\":\"https:\/\/kwt.meiio.net\/tr\/uzun-omur\/kinderwunsch-bei-endometriose\/was-ist-endometriose\",\"url\":\"https:\/\/kwt.meiio.net\/tr\/uzun-omur\/kinderwunsch-bei-endometriose\/was-ist-endometriose\",\"name\":\"Endometriozis nedir? &#8226; Kinderwunschteam Berlin\",\"isPartOf\":{\"@id\":\"https:\/\/kwt.meiio.net\/tr#website\"},\"primaryImageOfPage\":{\"@id\":\"https:\/\/kwt.meiio.net\/tr\/uzun-omur\/kinderwunsch-bei-endometriose\/was-ist-endometriose#primaryimage\"},\"image\":{\"@id\":\"https:\/\/kwt.meiio.net\/tr\/uzun-omur\/kinderwunsch-bei-endometriose\/was-ist-endometriose#primaryimage\"},\"thumbnailUrl\":\"https:\/\/kwt.meiio.net\/wp-content\/uploads\/KWT-8980-Beratung-DrHalis.jpg\",\"datePublished\":\"2010-03-08T20:24:03+00:00\",\"dateModified\":\"2020-09-05T23:24:37+00:00\",\"description\":\"Endometriozis, gen\u00e7 kad\u0131nlarda g\u00f6r\u00fclen iyi huylu fakat \u00e7o\u011funlukla a\u011fr\u0131l\u0131 kronik bir hastal\u0131kt\u0131r. Hastal\u0131k a\u011f\u0131r v\u00fccutsal ve ruhsal problemler yaratmas\u0131na\",\"breadcrumb\":{\"@id\":\"https:\/\/kwt.meiio.net\/tr\/uzun-omur\/kinderwunsch-bei-endometriose\/was-ist-endometriose#breadcrumb\"},\"inLanguage\":\"tr\",\"potentialAction\":[{\"@type\":\"ReadAction\",\"target\":[\"https:\/\/kwt.meiio.net\/tr\/uzun-omur\/kinderwunsch-bei-endometriose\/was-ist-endometriose\"]}]},{\"@type\":\"ImageObject\",\"inLanguage\":\"tr\",\"@id\":\"https:\/\/kwt.meiio.net\/tr\/uzun-omur\/kinderwunsch-bei-endometriose\/was-ist-endometriose#primaryimage\",\"url\":\"https:\/\/kwt.meiio.net\/wp-content\/uploads\/KWT-8980-Beratung-DrHalis.jpg\",\"contentUrl\":\"https:\/\/kwt.meiio.net\/wp-content\/uploads\/KWT-8980-Beratung-DrHalis.jpg\",\"width\":2000,\"height\":670},{\"@type\":\"BreadcrumbList\",\"@id\":\"https:\/\/kwt.meiio.net\/tr\/uzun-omur\/kinderwunsch-bei-endometriose\/was-ist-endometriose#breadcrumb\",\"itemListElement\":[{\"@type\":\"ListItem\",\"position\":1,\"name\":\"Startseite\",\"item\":\"https:\/\/kwt.meiio.net\/tr\"},{\"@type\":\"ListItem\",\"position\":2,\"name\":\"Hizmet alanlar\u0131m\u0131z\",\"item\":\"https:\/\/kwt.meiio.net\/tr\/uzun-omur\"},{\"@type\":\"ListItem\",\"position\":3,\"name\":\"Endometriozis\",\"item\":\"https:\/\/kwt.meiio.net\/tr\/uzun-omur\/kinderwunsch-bei-endometriose\"},{\"@type\":\"ListItem\",\"position\":4,\"name\":\"Endometriozis nedir?\"}]},{\"@type\":\"WebSite\",\"@id\":\"https:\/\/kwt.meiio.net\/tr#website\",\"url\":\"https:\/\/kwt.meiio.net\/tr\",\"name\":\"Kinderwunschteam Berlin\",\"description\":\"Kinderwunsch- und Endometriose-Zentrum\",\"publisher\":{\"@id\":\"https:\/\/kwt.meiio.net\/tr#organization\"},\"potentialAction\":[{\"@type\":\"SearchAction\",\"target\":{\"@type\":\"EntryPoint\",\"urlTemplate\":\"https:\/\/kwt.meiio.net\/tr?s={search_term_string}\"},\"query-input\":{\"@type\":\"PropertyValueSpecification\",\"valueRequired\":true,\"valueName\":\"search_term_string\"}}],\"inLanguage\":\"tr\"},{\"@type\":\"Organization\",\"@id\":\"https:\/\/kwt.meiio.net\/tr#organization\",\"name\":\"Kinderwunschteam Berlin\",\"url\":\"https:\/\/kwt.meiio.net\/tr\",\"logo\":{\"@type\":\"ImageObject\",\"inLanguage\":\"tr\",\"@id\":\"https:\/\/kwt.meiio.net\/tr#\/schema\/logo\/image\/\",\"url\":\"https:\/\/kwt.meiio.net\/wp-content\/uploads\/Logo-KinderwunschteamBerlin-NavBar@2.png\",\"contentUrl\":\"https:\/\/kwt.meiio.net\/wp-content\/uploads\/Logo-KinderwunschteamBerlin-NavBar@2.png\",\"width\":800,\"height\":200,\"caption\":\"Kinderwunschteam Berlin\"},\"image\":{\"@id\":\"https:\/\/kwt.meiio.net\/tr#\/schema\/logo\/image\/\"},\"sameAs\":[\"https:\/\/www.facebook.com\/kinderwunschteam.berlin\/\",\"https:\/\/www.instagram.com\/kinderwunschteamberlin\/\"]}]}<\/script>\n<!-- \/ Yoast SEO plugin. -->","yoast_head_json":{"title":"Endometriozis nedir? &#8226; Kinderwunschteam Berlin","description":"Endometriozis, gen\u00e7 kad\u0131nlarda g\u00f6r\u00fclen iyi huylu fakat \u00e7o\u011funlukla a\u011fr\u0131l\u0131 kronik bir hastal\u0131kt\u0131r. Hastal\u0131k a\u011f\u0131r v\u00fccutsal ve ruhsal problemler yaratmas\u0131na","robots":{"index":"noindex","follow":"follow","max-snippet":"max-snippet:-1","max-image-preview":"max-image-preview:large","max-video-preview":"max-video-preview:-1"},"og_locale":"tr_TR","og_type":"article","og_title":"Endometriozis nedir? &#8226; Kinderwunschteam Berlin","og_description":"Endometriozis, gen\u00e7 kad\u0131nlarda g\u00f6r\u00fclen iyi huylu fakat \u00e7o\u011funlukla a\u011fr\u0131l\u0131 kronik bir hastal\u0131kt\u0131r. Hastal\u0131k a\u011f\u0131r v\u00fccutsal ve ruhsal problemler yaratmas\u0131na","og_url":"https:\/\/kwt.meiio.net\/tr\/uzun-omur\/kinderwunsch-bei-endometriose\/was-ist-endometriose","og_site_name":"Kinderwunschteam Berlin","article_publisher":"https:\/\/www.facebook.com\/kinderwunschteam.berlin\/","article_modified_time":"2020-09-05T23:24:37+00:00","og_image":[{"width":2000,"height":670,"url":"https:\/\/kwt.meiio.net\/wp-content\/uploads\/KWT-8980-Beratung-DrHalis.jpg","type":"image\/jpeg"}],"twitter_card":"summary_large_image","schema":{"@context":"https:\/\/schema.org","@graph":[{"@type":"WebPage","@id":"https:\/\/kwt.meiio.net\/tr\/uzun-omur\/kinderwunsch-bei-endometriose\/was-ist-endometriose","url":"https:\/\/kwt.meiio.net\/tr\/uzun-omur\/kinderwunsch-bei-endometriose\/was-ist-endometriose","name":"Endometriozis nedir? &#8226; Kinderwunschteam Berlin","isPartOf":{"@id":"https:\/\/kwt.meiio.net\/tr#website"},"primaryImageOfPage":{"@id":"https:\/\/kwt.meiio.net\/tr\/uzun-omur\/kinderwunsch-bei-endometriose\/was-ist-endometriose#primaryimage"},"image":{"@id":"https:\/\/kwt.meiio.net\/tr\/uzun-omur\/kinderwunsch-bei-endometriose\/was-ist-endometriose#primaryimage"},"thumbnailUrl":"https:\/\/kwt.meiio.net\/wp-content\/uploads\/KWT-8980-Beratung-DrHalis.jpg","datePublished":"2010-03-08T20:24:03+00:00","dateModified":"2020-09-05T23:24:37+00:00","description":"Endometriozis, gen\u00e7 kad\u0131nlarda g\u00f6r\u00fclen iyi huylu fakat \u00e7o\u011funlukla a\u011fr\u0131l\u0131 kronik bir hastal\u0131kt\u0131r. Hastal\u0131k a\u011f\u0131r v\u00fccutsal ve ruhsal problemler yaratmas\u0131na","breadcrumb":{"@id":"https:\/\/kwt.meiio.net\/tr\/uzun-omur\/kinderwunsch-bei-endometriose\/was-ist-endometriose#breadcrumb"},"inLanguage":"tr","potentialAction":[{"@type":"ReadAction","target":["https:\/\/kwt.meiio.net\/tr\/uzun-omur\/kinderwunsch-bei-endometriose\/was-ist-endometriose"]}]},{"@type":"ImageObject","inLanguage":"tr","@id":"https:\/\/kwt.meiio.net\/tr\/uzun-omur\/kinderwunsch-bei-endometriose\/was-ist-endometriose#primaryimage","url":"https:\/\/kwt.meiio.net\/wp-content\/uploads\/KWT-8980-Beratung-DrHalis.jpg","contentUrl":"https:\/\/kwt.meiio.net\/wp-content\/uploads\/KWT-8980-Beratung-DrHalis.jpg","width":2000,"height":670},{"@type":"BreadcrumbList","@id":"https:\/\/kwt.meiio.net\/tr\/uzun-omur\/kinderwunsch-bei-endometriose\/was-ist-endometriose#breadcrumb","itemListElement":[{"@type":"ListItem","position":1,"name":"Startseite","item":"https:\/\/kwt.meiio.net\/tr"},{"@type":"ListItem","position":2,"name":"Hizmet alanlar\u0131m\u0131z","item":"https:\/\/kwt.meiio.net\/tr\/uzun-omur"},{"@type":"ListItem","position":3,"name":"Endometriozis","item":"https:\/\/kwt.meiio.net\/tr\/uzun-omur\/kinderwunsch-bei-endometriose"},{"@type":"ListItem","position":4,"name":"Endometriozis nedir?"}]},{"@type":"WebSite","@id":"https:\/\/kwt.meiio.net\/tr#website","url":"https:\/\/kwt.meiio.net\/tr","name":"Kinderwunschteam Berlin","description":"Kinderwunsch- und Endometriose-Zentrum","publisher":{"@id":"https:\/\/kwt.meiio.net\/tr#organization"},"potentialAction":[{"@type":"SearchAction","target":{"@type":"EntryPoint","urlTemplate":"https:\/\/kwt.meiio.net\/tr?s={search_term_string}"},"query-input":{"@type":"PropertyValueSpecification","valueRequired":true,"valueName":"search_term_string"}}],"inLanguage":"tr"},{"@type":"Organization","@id":"https:\/\/kwt.meiio.net\/tr#organization","name":"Kinderwunschteam Berlin","url":"https:\/\/kwt.meiio.net\/tr","logo":{"@type":"ImageObject","inLanguage":"tr","@id":"https:\/\/kwt.meiio.net\/tr#\/schema\/logo\/image\/","url":"https:\/\/kwt.meiio.net\/wp-content\/uploads\/Logo-KinderwunschteamBerlin-NavBar@2.png","contentUrl":"https:\/\/kwt.meiio.net\/wp-content\/uploads\/Logo-KinderwunschteamBerlin-NavBar@2.png","width":800,"height":200,"caption":"Kinderwunschteam Berlin"},"image":{"@id":"https:\/\/kwt.meiio.net\/tr#\/schema\/logo\/image\/"},"sameAs":["https:\/\/www.facebook.com\/kinderwunschteam.berlin\/","https:\/\/www.instagram.com\/kinderwunschteamberlin\/"]}]}},"_links":{"self":[{"href":"https:\/\/kwt.meiio.net\/tr\/wp-json\/wp\/v2\/pages\/7524","targetHints":{"allow":["GET"]}}],"collection":[{"href":"https:\/\/kwt.meiio.net\/tr\/wp-json\/wp\/v2\/pages"}],"about":[{"href":"https:\/\/kwt.meiio.net\/tr\/wp-json\/wp\/v2\/types\/page"}],"author":[{"embeddable":true,"href":"https:\/\/kwt.meiio.net\/tr\/wp-json\/wp\/v2\/users\/2"}],"replies":[{"embeddable":true,"href":"https:\/\/kwt.meiio.net\/tr\/wp-json\/wp\/v2\/comments?post=7524"}],"version-history":[{"count":0,"href":"https:\/\/kwt.meiio.net\/tr\/wp-json\/wp\/v2\/pages\/7524\/revisions"}],"up":[{"embeddable":true,"href":"https:\/\/kwt.meiio.net\/tr\/wp-json\/wp\/v2\/pages\/7521"}],"wp:featuredmedia":[{"embeddable":true,"href":"https:\/\/kwt.meiio.net\/tr\/wp-json\/wp\/v2\/media\/7525"}],"wp:attachment":[{"href":"https:\/\/kwt.meiio.net\/tr\/wp-json\/wp\/v2\/media?parent=7524"}],"curies":[{"name":"wp","href":"https:\/\/api.w.org\/{rel}","templated":true}]}}