{"id":7521,"date":"2010-03-08T12:57:50","date_gmt":"2010-03-08T11:57:50","guid":{"rendered":"https:\/\/www.kinderwunschteam.berlin\/unsere-leistungsbereiche\/kinderwunsch-bei-endometriose\/"},"modified":"2019-04-04T19:47:42","modified_gmt":"2019-04-04T17:47:42","slug":"kinderwunsch-bei-endometriose","status":"publish","type":"page","link":"https:\/\/kwt.meiio.net\/tr\/uzun-omur\/kinderwunsch-bei-endometriose","title":{"rendered":"Endometriozis"},"content":{"rendered":"<h3>Say\u0131n Hastam\u0131z,<\/h3>\n<p style=\"text-align: justify;\">Berlin T\u00fcp Bebek ve Endometriozis Merkezi, Endometriozis Ara\u015ft\u0131rma Vakf\u0131 ve Endometriozis Birli\u011fi Almanya e.V. taraf\u0131ndan kabul g\u00f6rm\u00fc\u015f ve sertifikaland\u0131r\u0131lm\u0131\u015f bir endometriozis merkezidir. Verdi\u011fi y\u00fcksek kaliteli hizmet sayesinde Almanya&#8217;da 2. kademe merkez sertifikas\u0131 alm\u0131\u015f tek klinik biziz.<\/p>\n<p style=\"text-align: justify;\">D\u00fczenli kalite kontroller yapmay\u0131 kendimize g\u00f6rev addettik. Bu kontrollerin yap\u0131ld\u0131\u011f\u0131n\u0131n kan\u0131d\u0131 olarak, elimizdeki de\u011fer ve sonu\u00e7lar\u0131 Endometriozis Ara\u015ft\u0131rma Vakf\u0131&#8217;n\u0131n bilgisine sunuyoruz.<\/p>\n<p>2. kademe sertifikal\u0131 endometriozis merkezi olarak size sunduklar\u0131m\u0131z:<\/p>\n<ul>\n<li>\u00d6zel endometriozis hasta g\u00f6r\u00fc\u015fme saatleri<\/li>\n<li>Merkezimizde k\u0131s\u0131rl\u0131k te\u015fhis ve tedavisi<\/li>\n<li>Endoskopik ameliyatlar<\/li>\n<li>A\u011fr\u0131 te\u015fhis ve tedavisine ek olarak, kendi merkezimizde akupunktur, biyorezonans terapisi, homeopati, do\u011fal tedavi y\u00f6ntemleri, TCM gibi alternatif tedaviler uygulamaktay\u0131z.<\/li>\n<li>Charite\u2019nin a\u011fr\u0131 klini\u011fi ile i\u015fbirli\u011fi<\/li>\n<li>Yard\u0131m gruplar\u0131yla (\u00f6rne\u011fin endometriozis derne\u011fi ile) i\u015fbirli\u011fi<\/li>\n<li>Rehabilitasyon klinikleri ile birlikte \u00e7al\u0131\u015fma ve<\/li>\n<li>Rehabilitasyon \u00f6nlemleri ba\u015fvurusunda yard\u0131m<\/li>\n<li>Doktorlar ve hastalar i\u00e7in e\u011fitimler<\/li>\n<li>Kalite kontrol\u00fc i\u00e7in inceleme ve veri analizlerine aktif kat\u0131l\u0131m<\/li>\n<\/ul>\n<p>&nbsp;<\/p>\n<figure id=\"attachment_4678\" aria-describedby=\"caption-attachment-4678\" style=\"width: 800px\" class=\"wp-caption alignleft\"><img decoding=\"async\" class=\"size-full wp-image-4678\" src=\"https:\/\/kwt.meiio.net\/wp-content\/uploads\/Urkunde-Endometriosezentrum.jpg\" alt=\"Zertifikat des Endometriosezentrums der Stufe 2\" width=\"800\" height=\"534\" srcset=\"https:\/\/kwt.meiio.net\/wp-content\/uploads\/Urkunde-Endometriosezentrum.jpg 800w, https:\/\/kwt.meiio.net\/wp-content\/uploads\/Urkunde-Endometriosezentrum-300x200.jpg 300w, https:\/\/kwt.meiio.net\/wp-content\/uploads\/Urkunde-Endometriosezentrum-768x513.jpg 768w\" sizes=\"(max-width: 800px) 100vw, 800px\" \/><figcaption id=\"caption-attachment-4678\" class=\"wp-caption-text\">Zertifikat des Endometriosezentrums der Stufe 2<\/figcaption><\/figure>\n<p>&nbsp;<\/p>\n","protected":false},"excerpt":{"rendered":"<p>Say\u0131n Hastam\u0131z, Berlin T\u00fcp Bebek ve Endometriozis Merkezi, Endometriozis Ara\u015ft\u0131rma Vakf\u0131 ve Endometriozis Birli\u011fi Almanya e.V. taraf\u0131ndan kabul g\u00f6rm\u00fc\u015f ve [&hellip;]<\/p>\n","protected":false},"author":2,"featured_media":7522,"parent":7498,"menu_order":1,"comment_status":"closed","ping_status":"closed","template":"page-subnavi.php","meta":{"footnotes":""},"class_list":["post-7521","page","type-page","status-publish","has-post-thumbnail","hentry","page_category-startseitenteaser-tr"],"yoast_head":"<!-- This site is optimized with the Yoast SEO plugin v25.6 - https:\/\/yoast.com\/wordpress\/plugins\/seo\/ -->\n<title>Endometriozis &#8226; Kinderwunschteam Berlin<\/title>\n<meta name=\"description\" content=\"Say\u0131n Hastam\u0131z, Berlin T\u00fcp Bebek ve Endometriozis Merkezi, Endometriozis Ara\u015ft\u0131rma Vakf\u0131 ve Endometriozis Birli\u011fi Almanya e.V. taraf\u0131ndan kabul g\u00f6rm\u00fc\u015f ve\" \/>\n<meta name=\"robots\" content=\"noindex, follow, max-snippet:-1, max-image-preview:large, max-video-preview:-1\" \/>\n<meta property=\"og:locale\" content=\"tr_TR\" \/>\n<meta property=\"og:type\" content=\"article\" \/>\n<meta property=\"og:title\" content=\"Endometriozis &#8226; Kinderwunschteam Berlin\" \/>\n<meta property=\"og:description\" content=\"Say\u0131n Hastam\u0131z, Berlin T\u00fcp Bebek ve Endometriozis Merkezi, Endometriozis Ara\u015ft\u0131rma Vakf\u0131 ve Endometriozis Birli\u011fi Almanya e.V. taraf\u0131ndan kabul g\u00f6rm\u00fc\u015f ve\" \/>\n<meta property=\"og:url\" content=\"https:\/\/kwt.meiio.net\/tr\/uzun-omur\/kinderwunsch-bei-endometriose\" \/>\n<meta property=\"og:site_name\" content=\"Kinderwunschteam Berlin\" \/>\n<meta property=\"article:publisher\" content=\"https:\/\/www.facebook.com\/kinderwunschteam.berlin\/\" \/>\n<meta property=\"article:modified_time\" content=\"2019-04-04T17:47:42+00:00\" \/>\n<meta property=\"og:image\" content=\"https:\/\/kwt.meiio.net\/wp-content\/uploads\/KWT-9842-Diagnose.jpg\" \/>\n\t<meta property=\"og:image:width\" content=\"2000\" \/>\n\t<meta property=\"og:image:height\" content=\"670\" \/>\n\t<meta property=\"og:image:type\" content=\"image\/jpeg\" \/>\n<meta name=\"twitter:card\" content=\"summary_large_image\" \/>\n<script type=\"application\/ld+json\" class=\"yoast-schema-graph\">{\"@context\":\"https:\/\/schema.org\",\"@graph\":[{\"@type\":\"WebPage\",\"@id\":\"https:\/\/kwt.meiio.net\/tr\/uzun-omur\/kinderwunsch-bei-endometriose\",\"url\":\"https:\/\/kwt.meiio.net\/tr\/uzun-omur\/kinderwunsch-bei-endometriose\",\"name\":\"Endometriozis &#8226; Kinderwunschteam Berlin\",\"isPartOf\":{\"@id\":\"https:\/\/kwt.meiio.net\/tr#website\"},\"primaryImageOfPage\":{\"@id\":\"https:\/\/kwt.meiio.net\/tr\/uzun-omur\/kinderwunsch-bei-endometriose#primaryimage\"},\"image\":{\"@id\":\"https:\/\/kwt.meiio.net\/tr\/uzun-omur\/kinderwunsch-bei-endometriose#primaryimage\"},\"thumbnailUrl\":\"https:\/\/kwt.meiio.net\/wp-content\/uploads\/KWT-9842-Diagnose.jpg\",\"datePublished\":\"2010-03-08T11:57:50+00:00\",\"dateModified\":\"2019-04-04T17:47:42+00:00\",\"description\":\"Say\u0131n Hastam\u0131z, Berlin T\u00fcp Bebek ve Endometriozis Merkezi, Endometriozis Ara\u015ft\u0131rma Vakf\u0131 ve Endometriozis Birli\u011fi Almanya e.V. taraf\u0131ndan kabul g\u00f6rm\u00fc\u015f ve\",\"breadcrumb\":{\"@id\":\"https:\/\/kwt.meiio.net\/tr\/uzun-omur\/kinderwunsch-bei-endometriose#breadcrumb\"},\"inLanguage\":\"tr\",\"potentialAction\":[{\"@type\":\"ReadAction\",\"target\":[\"https:\/\/kwt.meiio.net\/tr\/uzun-omur\/kinderwunsch-bei-endometriose\"]}]},{\"@type\":\"ImageObject\",\"inLanguage\":\"tr\",\"@id\":\"https:\/\/kwt.meiio.net\/tr\/uzun-omur\/kinderwunsch-bei-endometriose#primaryimage\",\"url\":\"https:\/\/kwt.meiio.net\/wp-content\/uploads\/KWT-9842-Diagnose.jpg\",\"contentUrl\":\"https:\/\/kwt.meiio.net\/wp-content\/uploads\/KWT-9842-Diagnose.jpg\",\"width\":2000,\"height\":670},{\"@type\":\"BreadcrumbList\",\"@id\":\"https:\/\/kwt.meiio.net\/tr\/uzun-omur\/kinderwunsch-bei-endometriose#breadcrumb\",\"itemListElement\":[{\"@type\":\"ListItem\",\"position\":1,\"name\":\"Startseite\",\"item\":\"https:\/\/kwt.meiio.net\/tr\"},{\"@type\":\"ListItem\",\"position\":2,\"name\":\"Hizmet alanlar\u0131m\u0131z\",\"item\":\"https:\/\/kwt.meiio.net\/tr\/uzun-omur\"},{\"@type\":\"ListItem\",\"position\":3,\"name\":\"Endometriozis\"}]},{\"@type\":\"WebSite\",\"@id\":\"https:\/\/kwt.meiio.net\/tr#website\",\"url\":\"https:\/\/kwt.meiio.net\/tr\",\"name\":\"Kinderwunschteam Berlin\",\"description\":\"Kinderwunsch- und Endometriose-Zentrum\",\"publisher\":{\"@id\":\"https:\/\/kwt.meiio.net\/tr#organization\"},\"potentialAction\":[{\"@type\":\"SearchAction\",\"target\":{\"@type\":\"EntryPoint\",\"urlTemplate\":\"https:\/\/kwt.meiio.net\/tr?s={search_term_string}\"},\"query-input\":{\"@type\":\"PropertyValueSpecification\",\"valueRequired\":true,\"valueName\":\"search_term_string\"}}],\"inLanguage\":\"tr\"},{\"@type\":\"Organization\",\"@id\":\"https:\/\/kwt.meiio.net\/tr#organization\",\"name\":\"Kinderwunschteam Berlin\",\"url\":\"https:\/\/kwt.meiio.net\/tr\",\"logo\":{\"@type\":\"ImageObject\",\"inLanguage\":\"tr\",\"@id\":\"https:\/\/kwt.meiio.net\/tr#\/schema\/logo\/image\/\",\"url\":\"https:\/\/kwt.meiio.net\/wp-content\/uploads\/Logo-KinderwunschteamBerlin-NavBar@2.png\",\"contentUrl\":\"https:\/\/kwt.meiio.net\/wp-content\/uploads\/Logo-KinderwunschteamBerlin-NavBar@2.png\",\"width\":800,\"height\":200,\"caption\":\"Kinderwunschteam Berlin\"},\"image\":{\"@id\":\"https:\/\/kwt.meiio.net\/tr#\/schema\/logo\/image\/\"},\"sameAs\":[\"https:\/\/www.facebook.com\/kinderwunschteam.berlin\/\",\"https:\/\/www.instagram.com\/kinderwunschteamberlin\/\"]}]}<\/script>\n<!-- \/ Yoast SEO plugin. -->","yoast_head_json":{"title":"Endometriozis &#8226; Kinderwunschteam Berlin","description":"Say\u0131n Hastam\u0131z, Berlin T\u00fcp Bebek ve Endometriozis Merkezi, Endometriozis Ara\u015ft\u0131rma Vakf\u0131 ve Endometriozis Birli\u011fi Almanya e.V. taraf\u0131ndan kabul g\u00f6rm\u00fc\u015f ve","robots":{"index":"noindex","follow":"follow","max-snippet":"max-snippet:-1","max-image-preview":"max-image-preview:large","max-video-preview":"max-video-preview:-1"},"og_locale":"tr_TR","og_type":"article","og_title":"Endometriozis &#8226; Kinderwunschteam Berlin","og_description":"Say\u0131n Hastam\u0131z, Berlin T\u00fcp Bebek ve Endometriozis Merkezi, Endometriozis Ara\u015ft\u0131rma Vakf\u0131 ve Endometriozis Birli\u011fi Almanya e.V. taraf\u0131ndan kabul g\u00f6rm\u00fc\u015f ve","og_url":"https:\/\/kwt.meiio.net\/tr\/uzun-omur\/kinderwunsch-bei-endometriose","og_site_name":"Kinderwunschteam Berlin","article_publisher":"https:\/\/www.facebook.com\/kinderwunschteam.berlin\/","article_modified_time":"2019-04-04T17:47:42+00:00","og_image":[{"width":2000,"height":670,"url":"https:\/\/kwt.meiio.net\/wp-content\/uploads\/KWT-9842-Diagnose.jpg","type":"image\/jpeg"}],"twitter_card":"summary_large_image","schema":{"@context":"https:\/\/schema.org","@graph":[{"@type":"WebPage","@id":"https:\/\/kwt.meiio.net\/tr\/uzun-omur\/kinderwunsch-bei-endometriose","url":"https:\/\/kwt.meiio.net\/tr\/uzun-omur\/kinderwunsch-bei-endometriose","name":"Endometriozis &#8226; Kinderwunschteam Berlin","isPartOf":{"@id":"https:\/\/kwt.meiio.net\/tr#website"},"primaryImageOfPage":{"@id":"https:\/\/kwt.meiio.net\/tr\/uzun-omur\/kinderwunsch-bei-endometriose#primaryimage"},"image":{"@id":"https:\/\/kwt.meiio.net\/tr\/uzun-omur\/kinderwunsch-bei-endometriose#primaryimage"},"thumbnailUrl":"https:\/\/kwt.meiio.net\/wp-content\/uploads\/KWT-9842-Diagnose.jpg","datePublished":"2010-03-08T11:57:50+00:00","dateModified":"2019-04-04T17:47:42+00:00","description":"Say\u0131n Hastam\u0131z, Berlin T\u00fcp Bebek ve Endometriozis Merkezi, Endometriozis Ara\u015ft\u0131rma Vakf\u0131 ve Endometriozis Birli\u011fi Almanya e.V. taraf\u0131ndan kabul g\u00f6rm\u00fc\u015f ve","breadcrumb":{"@id":"https:\/\/kwt.meiio.net\/tr\/uzun-omur\/kinderwunsch-bei-endometriose#breadcrumb"},"inLanguage":"tr","potentialAction":[{"@type":"ReadAction","target":["https:\/\/kwt.meiio.net\/tr\/uzun-omur\/kinderwunsch-bei-endometriose"]}]},{"@type":"ImageObject","inLanguage":"tr","@id":"https:\/\/kwt.meiio.net\/tr\/uzun-omur\/kinderwunsch-bei-endometriose#primaryimage","url":"https:\/\/kwt.meiio.net\/wp-content\/uploads\/KWT-9842-Diagnose.jpg","contentUrl":"https:\/\/kwt.meiio.net\/wp-content\/uploads\/KWT-9842-Diagnose.jpg","width":2000,"height":670},{"@type":"BreadcrumbList","@id":"https:\/\/kwt.meiio.net\/tr\/uzun-omur\/kinderwunsch-bei-endometriose#breadcrumb","itemListElement":[{"@type":"ListItem","position":1,"name":"Startseite","item":"https:\/\/kwt.meiio.net\/tr"},{"@type":"ListItem","position":2,"name":"Hizmet alanlar\u0131m\u0131z","item":"https:\/\/kwt.meiio.net\/tr\/uzun-omur"},{"@type":"ListItem","position":3,"name":"Endometriozis"}]},{"@type":"WebSite","@id":"https:\/\/kwt.meiio.net\/tr#website","url":"https:\/\/kwt.meiio.net\/tr","name":"Kinderwunschteam Berlin","description":"Kinderwunsch- und Endometriose-Zentrum","publisher":{"@id":"https:\/\/kwt.meiio.net\/tr#organization"},"potentialAction":[{"@type":"SearchAction","target":{"@type":"EntryPoint","urlTemplate":"https:\/\/kwt.meiio.net\/tr?s={search_term_string}"},"query-input":{"@type":"PropertyValueSpecification","valueRequired":true,"valueName":"search_term_string"}}],"inLanguage":"tr"},{"@type":"Organization","@id":"https:\/\/kwt.meiio.net\/tr#organization","name":"Kinderwunschteam Berlin","url":"https:\/\/kwt.meiio.net\/tr","logo":{"@type":"ImageObject","inLanguage":"tr","@id":"https:\/\/kwt.meiio.net\/tr#\/schema\/logo\/image\/","url":"https:\/\/kwt.meiio.net\/wp-content\/uploads\/Logo-KinderwunschteamBerlin-NavBar@2.png","contentUrl":"https:\/\/kwt.meiio.net\/wp-content\/uploads\/Logo-KinderwunschteamBerlin-NavBar@2.png","width":800,"height":200,"caption":"Kinderwunschteam Berlin"},"image":{"@id":"https:\/\/kwt.meiio.net\/tr#\/schema\/logo\/image\/"},"sameAs":["https:\/\/www.facebook.com\/kinderwunschteam.berlin\/","https:\/\/www.instagram.com\/kinderwunschteamberlin\/"]}]}},"_links":{"self":[{"href":"https:\/\/kwt.meiio.net\/tr\/wp-json\/wp\/v2\/pages\/7521","targetHints":{"allow":["GET"]}}],"collection":[{"href":"https:\/\/kwt.meiio.net\/tr\/wp-json\/wp\/v2\/pages"}],"about":[{"href":"https:\/\/kwt.meiio.net\/tr\/wp-json\/wp\/v2\/types\/page"}],"author":[{"embeddable":true,"href":"https:\/\/kwt.meiio.net\/tr\/wp-json\/wp\/v2\/users\/2"}],"replies":[{"embeddable":true,"href":"https:\/\/kwt.meiio.net\/tr\/wp-json\/wp\/v2\/comments?post=7521"}],"version-history":[{"count":0,"href":"https:\/\/kwt.meiio.net\/tr\/wp-json\/wp\/v2\/pages\/7521\/revisions"}],"up":[{"embeddable":true,"href":"https:\/\/kwt.meiio.net\/tr\/wp-json\/wp\/v2\/pages\/7498"}],"wp:featuredmedia":[{"embeddable":true,"href":"https:\/\/kwt.meiio.net\/tr\/wp-json\/wp\/v2\/media\/7522"}],"wp:attachment":[{"href":"https:\/\/kwt.meiio.net\/tr\/wp-json\/wp\/v2\/media?parent=7521"}],"curies":[{"name":"wp","href":"https:\/\/api.w.org\/{rel}","templated":true}]}}