{"id":7515,"date":"2010-03-12T13:03:55","date_gmt":"2010-03-12T12:03:55","guid":{"rendered":"https:\/\/www.kinderwunschteam.berlin\/unsere-leistungsbereiche\/unerfuellter-kinderwunsch\/kosten\/pkv-patienten\/"},"modified":"2020-09-01T10:13:14","modified_gmt":"2020-09-01T08:13:14","slug":"pkv-patienten","status":"publish","type":"page","link":"https:\/\/kwt.meiio.net\/tr\/uzun-omur\/tuep-bebek-ve-kisirlik\/kosten\/pkv-patienten","title":{"rendered":"\u00d6zel sigorta hastalar\u0131 i\u00e7in fiyatlar (PKV)"},"content":{"rendered":"<h2><strong>\u00d6zel sigortadan yararlanan hastalar\u0131n giderleri<\/strong><\/h2>\n<h3>\u00d6zel sigorta hastalar\u0131 i\u00e7in olan fiyatlar<\/h3>\n<p>\u00d6zel sigortaya tabi hastalar \u00f6demelerini &#8221;Doktor \u00f6demeleri i\u00e7in \u00fccret y\u00f6netmeli\u011fi&#8221;nin (GO\u00c4) yasal uyar\u0131lar\u0131na uygun \u015fekilde yapmal\u0131d\u0131r. Bir hizmet kar\u015f\u0131l\u0131\u011f\u0131nda bir \u00f6deme yap\u0131l\u0131r. Normalde \u00f6zel sigorta hastalar\u0131na e\u015fik de\u011feri uygulan\u0131r. Bununla, s\u00f6z konusu servisin sigorta anla\u015fmas\u0131ndaki kar\u015f\u0131l\u0131\u011f\u0131na uyan miktar hastaya geri \u00f6denir. Genel t\u0131bbi hizmetler i\u00e7in bu e\u015fik de\u011feri 2,3; i\u015f\u00e7ilik i\u00e7in 1,8&#8217;dir.<\/p>\n<p>Bu e\u015fik de\u011ferinin \u00fczerinde \u00f6deme yap\u0131labilmesi i\u00e7in, hastan\u0131n \u00f6zel bir durumu olmas\u0131 gerekir. Bu de\u011fer, 1,0 fakt\u00f6r\u00fcn\u00fcn alt\u0131nda olmamal\u0131d\u0131r. Pe\u015fin \u00f6deme ve bedava hizmet yasakt\u0131r.<\/p>\n<p>Devlet sigortas\u0131ndan (GKV) yararlanan hastalarda oldu\u011fu gibi hastalar\u0131n, \u00e7ok gerekli olmasa da, tedavi \u00f6ncesinde sa\u011fl\u0131k sigortalar\u0131n\u0131 arayarak onlar\u0131n tedavi masraflar\u0131n\u0131 \u00f6deyeceklerinin teyidini almalar\u0131 tavsiye edilir.<\/p>\n<p>Devlet sigortas\u0131ndan (GKV) yararlanan hastalardan farkl\u0131 olarak hastalar\u0131n \u00fccretlerinin sa\u011fl\u0131k sigortalar\u0131 taraf\u0131ndan kar\u015f\u0131lanabilmesi i\u00e7in \u00e7iftin evli olmas\u0131, kad\u0131n\u0131n 40 ya\u015f\u0131n alt\u0131nda olmas\u0131 gibi kurallar yoktur.<\/p>\n<h3>Sa\u011fl\u0131k giderlerinin \u00f6denmesi i\u00e7in \u00f6n \u015fartlar \u015funlard\u0131r:<\/h3>\n<ul>\n<li>\u00d6zel sigorta hastal\u0131 e\u015fte, &#8221;k\u0131s\u0131rl\u0131kla ilgili bir probleminin&#8221; olmas\u0131 gerekmektedir. &#8221;K\u0131s\u0131rl\u0131\u011fa neden unsur prensibi&#8221; ge\u00e7erlidir.<\/li>\n<\/ul>\n<ul>\n<li>Kad\u0131n 40 ya\u015f veya \u00fczerindeyse, bu kad\u0131na herhangi bir k\u0131s\u0131rl\u0131k tedavisinin yap\u0131lmas\u0131n\u0131n &#8221;anlaml\u0131 olup \u00fcmit vaad etti\u011fini&#8221; kan\u0131tlayan farkl\u0131 verilere gereksinim duyulur. Kan\u0131t i\u00e7in hastan\u0131n siklus de\u011ferleri ve (AMH, Anti M\u00fcller Hormonu da dahil olmak \u00fczere) farkl\u0131 hormon de\u011ferleri istenilir. Normalde, 45 ya\u015f \u00fczerindeki (kad\u0131n) \u00f6zel sigorta hastalar\u0131na herhangi bir \u00f6deme teminat\u0131 verilmemektedir.<\/li>\n<\/ul>\n<h2><strong>Giderler<\/strong><\/h2>\n<ul>\n<li><strong>\u0130nseminasyon sikl\u00fcs\u00fc<\/strong> yakla\u015f\u0131k 400,00 &#8211; 600,00 avro ve buna ek olarak t\u0131bbi giderler (50,00 &#8211; 500,00 avro)<\/li>\n<\/ul>\n<ul>\n<li><a href=\"https:\/\/kwt.meiio.net\/spektrum\/kinderwunsch\/therapie-des-unerfuellten-kinderwunsches\/ivf-in-vitro-fertilisation\"><strong>IVF (konvansiyonel IVF) <\/strong><\/a> yakla\u015f\u0131k 2.000,00 &#8211; 3.000,00 avro ve buna ek olarak t\u0131bbi giderler (1.000,00 &#8211; 2.500,00 avro)<\/li>\n<\/ul>\n<ul>\n<li><a href=\"https:\/\/kwt.meiio.net\/spektrum\/kinderwunsch\/therapie-des-unerfuellten-kinderwunsches\/ivf-in-vitro-fertilisation\/mini-ivf\"><strong>MINI IVF <\/strong><\/a> yakla\u015f\u0131k 2.000,00 &#8211; 3.000,00 avro, buna ek olarak t\u0131bbi giderler (300,00 &#8211; 4.000,00 avro) ve gerekti\u011fi takdirde kriyo saklama \u00fccretleri de ilave edilir<\/li>\n<\/ul>\n<ul>\n<li><a href=\"https:\/\/kwt.meiio.net\/spektrum\/kinderwunsch\/therapie-des-unerfuellten-kinderwunsches\/icsi-intrazytoplasmatische-spermien-injektion\"><strong>ICSI (konvansiyonel ICSI) <\/strong><\/a> yakla\u015f\u0131k 3.500,00 -5.500,00 avro (5 yumurta h\u00fccresini temel alarak yap\u0131lan hesaplama), buna ek olarak t\u0131bbi giderler (300,00 &#8211; 4.000,00 avro), ayr\u0131ca gerekti\u011fi takdirde kriyo saklama \u00fccretleri de ilave edilir<\/li>\n<li><a href=\"https:\/\/kwt.meiio.net\/spektrum\/kinderwunsch\/therapie-des-unerfuellten-kinderwunsches\/icsi-intrazytoplasmatische-spermien-injektion\"><strong>Mini-ICSI <\/strong><\/a>yakla\u015f\u0131k 3.500,00 &#8211; 5.500,00 avro, buna ek olarak t\u0131bbi giderler (300,00 &#8211; 4.000,00 avro) ve gerekti\u011fi takdirde kriyo saklama \u00fccretleri de ilave edilir<\/li>\n<\/ul>\n<h3>Normalde, giderleri kar\u015f\u0131lanmayan ek hizmetler:<\/h3>\n<ul>\n<li><em>HALO sperm testi<\/em> (160,00 avro)<\/li>\n<\/ul>\n<ul>\n<li>D\u00f6llenmi\u015f yumurta h\u00fccrelerinin dondurularak <em>(kriyo) saklanmas\u0131<\/em> (yakla\u015f\u0131k 400,00 avro)<\/li>\n<\/ul>\n<ul>\n<li>Alt\u0131 ay depolama i\u00e7in kira \u00fccreti (125,00 avro)<\/li>\n<\/ul>\n<ul>\n<li>\u00d6nceden dondurulmu\u015f d\u00f6llenmi\u015f yumurta h\u00fccrelerinin transferini yapmak i\u00e7in <em>kriyo sikluslar<\/em>(yakla\u015f\u0131k 450,00 &#8211; 600,00 avro), ek t\u0131bbi giderler yakla\u015f\u0131k 100,00 &#8211; 500,00 avro aras\u0131ndad\u0131r<\/li>\n<\/ul>\n<ul>\n<li><em>Assisted Hatching<\/em> (Lazerle yumurtlatma) yakla\u015f\u0131k 170,- avro<\/li>\n<\/ul>\n<ul>\n<li><em>Polar h\u00fccre tan\u0131s\u0131<\/em> (900,00 ile 1600,00 avro aras\u0131ndad\u0131r)<\/li>\n<\/ul>\n<ul>\n<li><em>Don\u00f6rden al\u0131nan spermlerle tedavi<\/em> <a title=\"Don\u00f6rden al\u0131nan spermlerle tedavi\" href=\"https:\/\/www.berliner-samenbank.de\/patienten\/kosten.html\" target=\"_self\" rel=\"noopener noreferrer\">(\u00fccretleri orta\u011f\u0131m\u0131z Berlin Sperm Bankas\u0131ndan<\/a> \u00f6\u011frenebilirsiniz)<\/li>\n<\/ul>\n","protected":false},"excerpt":{"rendered":"<p>\u00d6zel sigorta (PKV) sahiplerinin, tedavi \u00f6ncesinde sigortalar\u0131ndan masraflar\u0131n \u00f6denece\u011fine dair yaz\u0131l\u0131 bir teyit alma zorunluluklar\u0131 yoktur. Fakat en az\u0131ndan daha masrafl\u0131 olan IVF ve ICSI tedavilerinde b\u00f6yle bir teyidin al\u0131nmas\u0131 tavsiye edilir.<\/p>\n","protected":false},"author":2,"featured_media":7511,"parent":7510,"menu_order":1,"comment_status":"closed","ping_status":"closed","template":"page-siblingnavi.php","meta":{"footnotes":""},"class_list":["post-7515","page","type-page","status-publish","has-post-thumbnail","hentry"],"yoast_head":"<!-- This site is optimized with the Yoast SEO plugin v25.6 - https:\/\/yoast.com\/wordpress\/plugins\/seo\/ -->\n<title>\u00d6zel sigorta hastalar\u0131 i\u00e7in fiyatlar (PKV) &#8226; Kinderwunschteam Berlin<\/title>\n<meta name=\"description\" content=\"\u00d6zel sigorta (PKV) sahiplerinin, tedavi \u00f6ncesinde sigortalar\u0131ndan masraflar\u0131n \u00f6denece\u011fine dair yaz\u0131l\u0131 bir teyit alma zorunluluklar\u0131 yoktur. Fakat en az\u0131ndan daha masrafl\u0131 olan IVF ve ICSI tedavilerinde b\u00f6yle bir teyidin al\u0131nmas\u0131 tavsiye edilir.\" \/>\n<meta name=\"robots\" content=\"noindex, follow, max-snippet:-1, max-image-preview:large, max-video-preview:-1\" \/>\n<meta property=\"og:locale\" content=\"tr_TR\" \/>\n<meta property=\"og:type\" content=\"article\" \/>\n<meta property=\"og:title\" content=\"\u00d6zel sigorta hastalar\u0131 i\u00e7in fiyatlar (PKV) &#8226; Kinderwunschteam Berlin\" \/>\n<meta property=\"og:description\" content=\"\u00d6zel sigorta (PKV) sahiplerinin, tedavi \u00f6ncesinde sigortalar\u0131ndan masraflar\u0131n \u00f6denece\u011fine dair yaz\u0131l\u0131 bir teyit alma zorunluluklar\u0131 yoktur. Fakat en az\u0131ndan daha masrafl\u0131 olan IVF ve ICSI tedavilerinde b\u00f6yle bir teyidin al\u0131nmas\u0131 tavsiye edilir.\" \/>\n<meta property=\"og:url\" content=\"https:\/\/kwt.meiio.net\/tr\/uzun-omur\/tuep-bebek-ve-kisirlik\/kosten\/pkv-patienten\" \/>\n<meta property=\"og:site_name\" content=\"Kinderwunschteam Berlin\" \/>\n<meta property=\"article:publisher\" content=\"https:\/\/www.facebook.com\/kinderwunschteam.berlin\/\" \/>\n<meta property=\"article:modified_time\" content=\"2020-09-01T08:13:14+00:00\" \/>\n<meta property=\"og:image\" content=\"https:\/\/kwt.meiio.net\/wp-content\/uploads\/KWT-9835-Diagnose.jpg\" \/>\n\t<meta property=\"og:image:width\" content=\"2000\" \/>\n\t<meta property=\"og:image:height\" content=\"670\" \/>\n\t<meta property=\"og:image:type\" content=\"image\/jpeg\" \/>\n<meta name=\"twitter:card\" content=\"summary_large_image\" \/>\n<script type=\"application\/ld+json\" class=\"yoast-schema-graph\">{\"@context\":\"https:\/\/schema.org\",\"@graph\":[{\"@type\":\"WebPage\",\"@id\":\"https:\/\/kwt.meiio.net\/tr\/uzun-omur\/tuep-bebek-ve-kisirlik\/kosten\/pkv-patienten\",\"url\":\"https:\/\/kwt.meiio.net\/tr\/uzun-omur\/tuep-bebek-ve-kisirlik\/kosten\/pkv-patienten\",\"name\":\"\u00d6zel sigorta hastalar\u0131 i\u00e7in fiyatlar (PKV) &#8226; Kinderwunschteam Berlin\",\"isPartOf\":{\"@id\":\"https:\/\/kwt.meiio.net\/tr#website\"},\"primaryImageOfPage\":{\"@id\":\"https:\/\/kwt.meiio.net\/tr\/uzun-omur\/tuep-bebek-ve-kisirlik\/kosten\/pkv-patienten#primaryimage\"},\"image\":{\"@id\":\"https:\/\/kwt.meiio.net\/tr\/uzun-omur\/tuep-bebek-ve-kisirlik\/kosten\/pkv-patienten#primaryimage\"},\"thumbnailUrl\":\"https:\/\/kwt.meiio.net\/wp-content\/uploads\/KWT-9835-Diagnose.jpg\",\"datePublished\":\"2010-03-12T12:03:55+00:00\",\"dateModified\":\"2020-09-01T08:13:14+00:00\",\"description\":\"\u00d6zel sigorta (PKV) sahiplerinin, tedavi \u00f6ncesinde sigortalar\u0131ndan masraflar\u0131n \u00f6denece\u011fine dair yaz\u0131l\u0131 bir teyit alma zorunluluklar\u0131 yoktur. Fakat en az\u0131ndan daha masrafl\u0131 olan IVF ve ICSI tedavilerinde b\u00f6yle bir teyidin al\u0131nmas\u0131 tavsiye edilir.\",\"breadcrumb\":{\"@id\":\"https:\/\/kwt.meiio.net\/tr\/uzun-omur\/tuep-bebek-ve-kisirlik\/kosten\/pkv-patienten#breadcrumb\"},\"inLanguage\":\"tr\",\"potentialAction\":[{\"@type\":\"ReadAction\",\"target\":[\"https:\/\/kwt.meiio.net\/tr\/uzun-omur\/tuep-bebek-ve-kisirlik\/kosten\/pkv-patienten\"]}]},{\"@type\":\"ImageObject\",\"inLanguage\":\"tr\",\"@id\":\"https:\/\/kwt.meiio.net\/tr\/uzun-omur\/tuep-bebek-ve-kisirlik\/kosten\/pkv-patienten#primaryimage\",\"url\":\"https:\/\/kwt.meiio.net\/wp-content\/uploads\/KWT-9835-Diagnose.jpg\",\"contentUrl\":\"https:\/\/kwt.meiio.net\/wp-content\/uploads\/KWT-9835-Diagnose.jpg\",\"width\":2000,\"height\":670},{\"@type\":\"BreadcrumbList\",\"@id\":\"https:\/\/kwt.meiio.net\/tr\/uzun-omur\/tuep-bebek-ve-kisirlik\/kosten\/pkv-patienten#breadcrumb\",\"itemListElement\":[{\"@type\":\"ListItem\",\"position\":1,\"name\":\"Startseite\",\"item\":\"https:\/\/kwt.meiio.net\/tr\"},{\"@type\":\"ListItem\",\"position\":2,\"name\":\"Hizmet alanlar\u0131m\u0131z\",\"item\":\"https:\/\/kwt.meiio.net\/tr\/uzun-omur\"},{\"@type\":\"ListItem\",\"position\":3,\"name\":\"T\u00fcp bebek ve k\u0131s\u0131rl\u0131k\",\"item\":\"https:\/\/kwt.meiio.net\/tr\/uzun-omur\/tuep-bebek-ve-kisirlik\"},{\"@type\":\"ListItem\",\"position\":4,\"name\":\"Giderler\",\"item\":\"https:\/\/kwt.meiio.net\/tr\/uzun-omur\/tuep-bebek-ve-kisirlik\/kosten\"},{\"@type\":\"ListItem\",\"position\":5,\"name\":\"\u00d6zel sigorta hastalar\u0131 i\u00e7in fiyatlar (PKV)\"}]},{\"@type\":\"WebSite\",\"@id\":\"https:\/\/kwt.meiio.net\/tr#website\",\"url\":\"https:\/\/kwt.meiio.net\/tr\",\"name\":\"Kinderwunschteam Berlin\",\"description\":\"Kinderwunsch- und Endometriose-Zentrum\",\"publisher\":{\"@id\":\"https:\/\/kwt.meiio.net\/tr#organization\"},\"potentialAction\":[{\"@type\":\"SearchAction\",\"target\":{\"@type\":\"EntryPoint\",\"urlTemplate\":\"https:\/\/kwt.meiio.net\/tr?s={search_term_string}\"},\"query-input\":{\"@type\":\"PropertyValueSpecification\",\"valueRequired\":true,\"valueName\":\"search_term_string\"}}],\"inLanguage\":\"tr\"},{\"@type\":\"Organization\",\"@id\":\"https:\/\/kwt.meiio.net\/tr#organization\",\"name\":\"Kinderwunschteam Berlin\",\"url\":\"https:\/\/kwt.meiio.net\/tr\",\"logo\":{\"@type\":\"ImageObject\",\"inLanguage\":\"tr\",\"@id\":\"https:\/\/kwt.meiio.net\/tr#\/schema\/logo\/image\/\",\"url\":\"https:\/\/kwt.meiio.net\/wp-content\/uploads\/Logo-KinderwunschteamBerlin-NavBar@2.png\",\"contentUrl\":\"https:\/\/kwt.meiio.net\/wp-content\/uploads\/Logo-KinderwunschteamBerlin-NavBar@2.png\",\"width\":800,\"height\":200,\"caption\":\"Kinderwunschteam Berlin\"},\"image\":{\"@id\":\"https:\/\/kwt.meiio.net\/tr#\/schema\/logo\/image\/\"},\"sameAs\":[\"https:\/\/www.facebook.com\/kinderwunschteam.berlin\/\",\"https:\/\/www.instagram.com\/kinderwunschteamberlin\/\"]}]}<\/script>\n<!-- \/ Yoast SEO plugin. -->","yoast_head_json":{"title":"\u00d6zel sigorta hastalar\u0131 i\u00e7in fiyatlar (PKV) &#8226; Kinderwunschteam Berlin","description":"\u00d6zel sigorta (PKV) sahiplerinin, tedavi \u00f6ncesinde sigortalar\u0131ndan masraflar\u0131n \u00f6denece\u011fine dair yaz\u0131l\u0131 bir teyit alma zorunluluklar\u0131 yoktur. Fakat en az\u0131ndan daha masrafl\u0131 olan IVF ve ICSI tedavilerinde b\u00f6yle bir teyidin al\u0131nmas\u0131 tavsiye edilir.","robots":{"index":"noindex","follow":"follow","max-snippet":"max-snippet:-1","max-image-preview":"max-image-preview:large","max-video-preview":"max-video-preview:-1"},"og_locale":"tr_TR","og_type":"article","og_title":"\u00d6zel sigorta hastalar\u0131 i\u00e7in fiyatlar (PKV) &#8226; Kinderwunschteam Berlin","og_description":"\u00d6zel sigorta (PKV) sahiplerinin, tedavi \u00f6ncesinde sigortalar\u0131ndan masraflar\u0131n \u00f6denece\u011fine dair yaz\u0131l\u0131 bir teyit alma zorunluluklar\u0131 yoktur. Fakat en az\u0131ndan daha masrafl\u0131 olan IVF ve ICSI tedavilerinde b\u00f6yle bir teyidin al\u0131nmas\u0131 tavsiye edilir.","og_url":"https:\/\/kwt.meiio.net\/tr\/uzun-omur\/tuep-bebek-ve-kisirlik\/kosten\/pkv-patienten","og_site_name":"Kinderwunschteam Berlin","article_publisher":"https:\/\/www.facebook.com\/kinderwunschteam.berlin\/","article_modified_time":"2020-09-01T08:13:14+00:00","og_image":[{"width":2000,"height":670,"url":"https:\/\/kwt.meiio.net\/wp-content\/uploads\/KWT-9835-Diagnose.jpg","type":"image\/jpeg"}],"twitter_card":"summary_large_image","schema":{"@context":"https:\/\/schema.org","@graph":[{"@type":"WebPage","@id":"https:\/\/kwt.meiio.net\/tr\/uzun-omur\/tuep-bebek-ve-kisirlik\/kosten\/pkv-patienten","url":"https:\/\/kwt.meiio.net\/tr\/uzun-omur\/tuep-bebek-ve-kisirlik\/kosten\/pkv-patienten","name":"\u00d6zel sigorta hastalar\u0131 i\u00e7in fiyatlar (PKV) &#8226; Kinderwunschteam Berlin","isPartOf":{"@id":"https:\/\/kwt.meiio.net\/tr#website"},"primaryImageOfPage":{"@id":"https:\/\/kwt.meiio.net\/tr\/uzun-omur\/tuep-bebek-ve-kisirlik\/kosten\/pkv-patienten#primaryimage"},"image":{"@id":"https:\/\/kwt.meiio.net\/tr\/uzun-omur\/tuep-bebek-ve-kisirlik\/kosten\/pkv-patienten#primaryimage"},"thumbnailUrl":"https:\/\/kwt.meiio.net\/wp-content\/uploads\/KWT-9835-Diagnose.jpg","datePublished":"2010-03-12T12:03:55+00:00","dateModified":"2020-09-01T08:13:14+00:00","description":"\u00d6zel sigorta (PKV) sahiplerinin, tedavi \u00f6ncesinde sigortalar\u0131ndan masraflar\u0131n \u00f6denece\u011fine dair yaz\u0131l\u0131 bir teyit alma zorunluluklar\u0131 yoktur. Fakat en az\u0131ndan daha masrafl\u0131 olan IVF ve ICSI tedavilerinde b\u00f6yle bir teyidin al\u0131nmas\u0131 tavsiye edilir.","breadcrumb":{"@id":"https:\/\/kwt.meiio.net\/tr\/uzun-omur\/tuep-bebek-ve-kisirlik\/kosten\/pkv-patienten#breadcrumb"},"inLanguage":"tr","potentialAction":[{"@type":"ReadAction","target":["https:\/\/kwt.meiio.net\/tr\/uzun-omur\/tuep-bebek-ve-kisirlik\/kosten\/pkv-patienten"]}]},{"@type":"ImageObject","inLanguage":"tr","@id":"https:\/\/kwt.meiio.net\/tr\/uzun-omur\/tuep-bebek-ve-kisirlik\/kosten\/pkv-patienten#primaryimage","url":"https:\/\/kwt.meiio.net\/wp-content\/uploads\/KWT-9835-Diagnose.jpg","contentUrl":"https:\/\/kwt.meiio.net\/wp-content\/uploads\/KWT-9835-Diagnose.jpg","width":2000,"height":670},{"@type":"BreadcrumbList","@id":"https:\/\/kwt.meiio.net\/tr\/uzun-omur\/tuep-bebek-ve-kisirlik\/kosten\/pkv-patienten#breadcrumb","itemListElement":[{"@type":"ListItem","position":1,"name":"Startseite","item":"https:\/\/kwt.meiio.net\/tr"},{"@type":"ListItem","position":2,"name":"Hizmet alanlar\u0131m\u0131z","item":"https:\/\/kwt.meiio.net\/tr\/uzun-omur"},{"@type":"ListItem","position":3,"name":"T\u00fcp bebek ve k\u0131s\u0131rl\u0131k","item":"https:\/\/kwt.meiio.net\/tr\/uzun-omur\/tuep-bebek-ve-kisirlik"},{"@type":"ListItem","position":4,"name":"Giderler","item":"https:\/\/kwt.meiio.net\/tr\/uzun-omur\/tuep-bebek-ve-kisirlik\/kosten"},{"@type":"ListItem","position":5,"name":"\u00d6zel sigorta hastalar\u0131 i\u00e7in fiyatlar (PKV)"}]},{"@type":"WebSite","@id":"https:\/\/kwt.meiio.net\/tr#website","url":"https:\/\/kwt.meiio.net\/tr","name":"Kinderwunschteam Berlin","description":"Kinderwunsch- und Endometriose-Zentrum","publisher":{"@id":"https:\/\/kwt.meiio.net\/tr#organization"},"potentialAction":[{"@type":"SearchAction","target":{"@type":"EntryPoint","urlTemplate":"https:\/\/kwt.meiio.net\/tr?s={search_term_string}"},"query-input":{"@type":"PropertyValueSpecification","valueRequired":true,"valueName":"search_term_string"}}],"inLanguage":"tr"},{"@type":"Organization","@id":"https:\/\/kwt.meiio.net\/tr#organization","name":"Kinderwunschteam Berlin","url":"https:\/\/kwt.meiio.net\/tr","logo":{"@type":"ImageObject","inLanguage":"tr","@id":"https:\/\/kwt.meiio.net\/tr#\/schema\/logo\/image\/","url":"https:\/\/kwt.meiio.net\/wp-content\/uploads\/Logo-KinderwunschteamBerlin-NavBar@2.png","contentUrl":"https:\/\/kwt.meiio.net\/wp-content\/uploads\/Logo-KinderwunschteamBerlin-NavBar@2.png","width":800,"height":200,"caption":"Kinderwunschteam Berlin"},"image":{"@id":"https:\/\/kwt.meiio.net\/tr#\/schema\/logo\/image\/"},"sameAs":["https:\/\/www.facebook.com\/kinderwunschteam.berlin\/","https:\/\/www.instagram.com\/kinderwunschteamberlin\/"]}]}},"_links":{"self":[{"href":"https:\/\/kwt.meiio.net\/tr\/wp-json\/wp\/v2\/pages\/7515","targetHints":{"allow":["GET"]}}],"collection":[{"href":"https:\/\/kwt.meiio.net\/tr\/wp-json\/wp\/v2\/pages"}],"about":[{"href":"https:\/\/kwt.meiio.net\/tr\/wp-json\/wp\/v2\/types\/page"}],"author":[{"embeddable":true,"href":"https:\/\/kwt.meiio.net\/tr\/wp-json\/wp\/v2\/users\/2"}],"replies":[{"embeddable":true,"href":"https:\/\/kwt.meiio.net\/tr\/wp-json\/wp\/v2\/comments?post=7515"}],"version-history":[{"count":0,"href":"https:\/\/kwt.meiio.net\/tr\/wp-json\/wp\/v2\/pages\/7515\/revisions"}],"up":[{"embeddable":true,"href":"https:\/\/kwt.meiio.net\/tr\/wp-json\/wp\/v2\/pages\/7510"}],"wp:featuredmedia":[{"embeddable":true,"href":"https:\/\/kwt.meiio.net\/tr\/wp-json\/wp\/v2\/media\/7511"}],"wp:attachment":[{"href":"https:\/\/kwt.meiio.net\/tr\/wp-json\/wp\/v2\/media?parent=7515"}],"curies":[{"name":"wp","href":"https:\/\/api.w.org\/{rel}","templated":true}]}}