{"id":7513,"date":"2010-03-08T12:56:01","date_gmt":"2010-03-08T11:56:01","guid":{"rendered":"https:\/\/www.kinderwunschteam.berlin\/unsere-leistungsbereiche\/unerfuellter-kinderwunsch\/kosten\/gkv-patienten\/"},"modified":"2020-09-03T09:47:17","modified_gmt":"2020-09-03T07:47:17","slug":"gkv-patienten","status":"publish","type":"page","link":"https:\/\/kwt.meiio.net\/tr\/uzun-omur\/tuep-bebek-ve-kisirlik\/kosten\/gkv-patienten","title":{"rendered":"Devlet (GKV) sigortas\u0131ndan yararlanan hastalar"},"content":{"rendered":"<h2>GKV&#8217;den sigortal\u0131 hastalar\u0131n masraflar\u0131<\/h2>\n<p>Normalde, yapay d\u00f6llenme uygulanmayacaksa, devlet (GKV) sigortal\u0131 hastalar i\u00e7in te\u015fhis ve tedavi \u00fccretsizdir. Buna, do\u011fal birle\u015fme i\u00e7in VZO (optimum i\u00e7in birle\u015fme)&#8217;ya haz\u0131rl\u0131k niteli\u011finde olan bir kereli\u011fine hormonal uyar\u0131m veya laparoskopi gibi te\u015fhise y\u00f6nelik tetkikler veya HSSG (kontrast s\u0131v\u0131 sonografisi) dahildir.<\/p>\n<h3>Yapay d\u00f6llenme<\/h3>\n<p>1 Ocak 2004&#8217;\u00fcnde sa\u011fl\u0131k reformu kapsam\u0131nda yap\u0131lan de\u011fi\u015fkliklerden itibaren, devlet sigortal\u0131lar i\u00e7in yapay d\u00f6llenmenin masraflar\u0131n\u0131n kar\u015f\u0131lanmas\u0131na dair ba\u011flay\u0131c\u0131 \u015fartlar mevcuttur.<\/p>\n<p>Tek ko\u015ful, tedavi merkezinin eyalet sa\u011fl\u0131k kurumunun onaylad\u0131\u011f\u0131 bir tedavi merkezi olmas\u0131d\u0131r.<\/p>\n<p>E\u011fer yapay d\u00f6llenme (inseminasyon, IVF, ICSI) planlanm\u0131\u015fsa, sigortadan masraflar\u0131 kar\u015f\u0131lamalar\u0131 istenmelidir.<\/p>\n<p>Sa\u011fl\u0131k sigortalar\u0131 a\u015fa\u011f\u0131daki masraflar\u0131n % 50&#8217;sini kar\u015f\u0131lar:<\/p>\n<ul>\n<li><strong>En fazla sekiz kere uyar\u0131ms\u0131z inseminasyonu <\/strong> (gerekti\u011finde klomifen verilse bile)<\/li>\n<li><strong>En fazla \u00fc\u00e7 adet hormon uyar\u0131ml\u0131 inseminasyon siklusunu<\/strong> (Gonal F, Puregon, Menogon)<\/li>\n<li>\u00fc\u00e7<strong> IVF- veya \u00fc\u00e7 ICSI-siklusu<\/strong><\/li>\n<\/ul>\n<h4>Ko\u015fullar \u015funlard\u0131r:<\/h4>\n<ul>\n<li>\u00c7iftlerin evli olmas\u0131 gerekmektedir.<\/li>\n<li>Kad\u0131n en az 25 en fazla 39 ya\u015f\u0131nda olmal\u0131d\u0131r.<\/li>\n<li>Erkek en fazla 49 ya\u015f\u0131nda olabilir.<\/li>\n<li>IVF ve ICSI<\/li>\n<\/ul>\n<p>Kullan\u0131lacak ila\u00e7lara g\u00f6re yakla\u015f\u0131k masraflar 1.100 &#8211; 2.200 avro tutar<\/p>\n<h3>Bu i\u015flemler, siklus ba\u015f\u0131na ne kadar tutar?<\/h3>\n<ul>\n<li>Gerekirse klomifenle uyar\u0131lmam\u0131\u015f siklustaki <a href=\"https:\/\/kwt.meiio.net\/spektrum\/kinderwunsch\/therapie-des-unerfuellten-kinderwunsches\/iui-intrauterine-insemination\">inseminasyonu<\/a> i\u00e7in gereken masraflar\u0131n toplam\u0131 (ila\u00e7 kullan\u0131m\u0131na g\u00f6re) 60,00 ila 120,00 avro aras\u0131nda de\u011fi\u015fir.<\/li>\n<\/ul>\n<ul>\n<li>Uyar\u0131lm\u0131\u015f siklustaki <a href=\"https:\/\/kwt.meiio.net\/spektrum\/kinderwunsch\/therapie-des-unerfuellten-kinderwunsches\/iui-intrauterine-insemination\">inseminasyonunda<\/a> , kullan\u0131lan ila\u00e7 miktar\u0131na g\u00f6re, masraflar 150,00 ila 500,00 avro aras\u0131nda de\u011fi\u015fir. Masraflar, hormonal stim\u00fclasyonun daha y\u00fcksek dozda veya daha uzun s\u00fcreli olmas\u0131 durumunda, artabilir.<\/li>\n<\/ul>\n<ul>\n<li><a href=\"https:\/\/kwt.meiio.net\/spektrum\/kinderwunsch\/therapie-des-unerfuellten-kinderwunsches\/ivf-in-vitro-fertilisation\">IVF<\/a> (konvansiyonel IVF) uygulanmas\u0131 durumunda hastan\u0131n \u00f6demesi gereken \u00fccret 1.500,00 avrodur.<\/li>\n<\/ul>\n<ul>\n<li><a href=\"https:\/\/kwt.meiio.net\/spektrum\/kinderwunsch\/therapie-des-unerfuellten-kinderwunsches\/icsi-intrazytoplasmatische-spermien-injektion\">ICSI<\/a> uygulanmas\u0131 durumunda hastan\u0131n \u00f6demesi gereken \u00fccret 1.700,00 avrodur.<\/li>\n<\/ul>\n<p>Bu \u00fccretler, hastan\u0131n kendi cebinden \u00e7\u0131kmas\u0131 gereken payd\u0131r (siklus ba\u015f\u0131na % 50&#8217;dir).<\/p>\n<h4>Sigortan\u0131n kar\u015f\u0131lamad\u0131\u011f\u0131 ek hizmetler:<\/h4>\n<ul>\n<li>HALO sperm testi (160,- avro)<\/li>\n<\/ul>\n<ul>\n<li>D\u00f6llenmi\u015f yumurta h\u00fccrelerinin dondurularak saklanmas\u0131 (yakla\u015f\u0131k 400,- avro)<\/li>\n<\/ul>\n<ul>\n<li>6 ay depolama i\u00e7in kira \u00fccreti (125,- avro)<\/li>\n<\/ul>\n<ul>\n<li>\u00d6nceden dondurulmu\u015f d\u00f6llenmi\u015f yumurta h\u00fccrelerinin transferini yapmak i\u00e7in kriyo siklular\u0131 (yakla\u015f\u0131k 450,00 &#8211; 600,00 avro), ek t\u0131bbi giderler yakla\u015f\u0131k 100,00 &#8211; 500 avro aras\u0131ndad\u0131r<\/li>\n<\/ul>\n<ul>\n<li>Assisted Hatching (lazerle yumurtlama) yakla\u015f\u0131k 170,- avro<\/li>\n<\/ul>\n<ul>\n<li>Polar h\u00fccre tan\u0131s\u0131 (900 ile 1600 avro aras\u0131ndad\u0131r)<\/li>\n<\/ul>\n<ul>\n<li>Don\u00f6r spermleriyle tedavi (<a title=\"Don\u00f6r spermleriyle tedavi \u00fccretleri \" href=\"https:\/\/www.berliner-samenbank.de\/patienten\/kosten.html\" target=\"_blank\" rel=\"noopener noreferrer\">i\u00e7in Berlin Sperm Bankas\u0131\u2019na bak\u0131n\u0131z<\/a>, <a title=\"Berlin Sperm Bankas\u0131\" href=\"https:\/\/www.berliner-samenbank.de\" target=\"_blank\" rel=\"noopener noreferrer\">Berlin Sperm Bankas\u0131<\/a>)<\/li>\n<\/ul>\n<p>Merkezin 27a maddesine g\u00f6re izin ba\u015fvurusu yap\u0131ld\u0131.<\/p>\n","protected":false},"excerpt":{"rendered":"<p>GKV (devlet sigortas\u0131)\u2019dan sigortal\u0131 olanlar, yapay d\u00f6llenme y\u00f6ntemine ba\u015flamadan \u00f6nce sigortalar\u0131ndan masraflar\u0131n \u00f6denece\u011fine dair yaz\u0131l\u0131 bir teyit almalar\u0131 gerekir. Normalde bu yaz\u0131l\u0131 belge, 1 sene boyunca ge\u00e7erlili\u011fini korur.<\/p>\n","protected":false},"author":2,"featured_media":7511,"parent":7510,"menu_order":0,"comment_status":"closed","ping_status":"closed","template":"page-siblingnavi.php","meta":{"footnotes":""},"class_list":["post-7513","page","type-page","status-publish","has-post-thumbnail","hentry"],"yoast_head":"<!-- This site is optimized with the Yoast SEO plugin v25.6 - https:\/\/yoast.com\/wordpress\/plugins\/seo\/ -->\n<title>Devlet (GKV) sigortas\u0131ndan yararlanan hastalar &#8226; Kinderwunschteam Berlin<\/title>\n<meta name=\"description\" content=\"GKV (devlet sigortas\u0131)\u2019dan sigortal\u0131 olanlar, yapay d\u00f6llenme y\u00f6ntemine ba\u015flamadan \u00f6nce sigortalar\u0131ndan masraflar\u0131n \u00f6denece\u011fine dair yaz\u0131l\u0131 bir teyit almalar\u0131 gerekir. Normalde bu yaz\u0131l\u0131 belge, 1 sene boyunca ge\u00e7erlili\u011fini korur.\" \/>\n<meta name=\"robots\" content=\"noindex, follow, max-snippet:-1, max-image-preview:large, max-video-preview:-1\" \/>\n<meta property=\"og:locale\" content=\"tr_TR\" \/>\n<meta property=\"og:type\" content=\"article\" \/>\n<meta property=\"og:title\" content=\"Devlet (GKV) sigortas\u0131ndan yararlanan hastalar &#8226; Kinderwunschteam Berlin\" \/>\n<meta property=\"og:description\" content=\"GKV (devlet sigortas\u0131)\u2019dan sigortal\u0131 olanlar, yapay d\u00f6llenme y\u00f6ntemine ba\u015flamadan \u00f6nce sigortalar\u0131ndan masraflar\u0131n \u00f6denece\u011fine dair yaz\u0131l\u0131 bir teyit almalar\u0131 gerekir. Normalde bu yaz\u0131l\u0131 belge, 1 sene boyunca ge\u00e7erlili\u011fini korur.\" \/>\n<meta property=\"og:url\" content=\"https:\/\/kwt.meiio.net\/tr\/uzun-omur\/tuep-bebek-ve-kisirlik\/kosten\/gkv-patienten\" \/>\n<meta property=\"og:site_name\" content=\"Kinderwunschteam Berlin\" \/>\n<meta property=\"article:publisher\" content=\"https:\/\/www.facebook.com\/kinderwunschteam.berlin\/\" \/>\n<meta property=\"article:modified_time\" content=\"2020-09-03T07:47:17+00:00\" \/>\n<meta property=\"og:image\" content=\"https:\/\/kwt.meiio.net\/wp-content\/uploads\/KWT-9835-Diagnose.jpg\" \/>\n\t<meta property=\"og:image:width\" content=\"2000\" \/>\n\t<meta property=\"og:image:height\" content=\"670\" \/>\n\t<meta property=\"og:image:type\" content=\"image\/jpeg\" \/>\n<meta name=\"twitter:card\" content=\"summary_large_image\" \/>\n<script type=\"application\/ld+json\" class=\"yoast-schema-graph\">{\"@context\":\"https:\/\/schema.org\",\"@graph\":[{\"@type\":\"WebPage\",\"@id\":\"https:\/\/kwt.meiio.net\/tr\/uzun-omur\/tuep-bebek-ve-kisirlik\/kosten\/gkv-patienten\",\"url\":\"https:\/\/kwt.meiio.net\/tr\/uzun-omur\/tuep-bebek-ve-kisirlik\/kosten\/gkv-patienten\",\"name\":\"Devlet (GKV) sigortas\u0131ndan yararlanan hastalar &#8226; Kinderwunschteam Berlin\",\"isPartOf\":{\"@id\":\"https:\/\/kwt.meiio.net\/tr#website\"},\"primaryImageOfPage\":{\"@id\":\"https:\/\/kwt.meiio.net\/tr\/uzun-omur\/tuep-bebek-ve-kisirlik\/kosten\/gkv-patienten#primaryimage\"},\"image\":{\"@id\":\"https:\/\/kwt.meiio.net\/tr\/uzun-omur\/tuep-bebek-ve-kisirlik\/kosten\/gkv-patienten#primaryimage\"},\"thumbnailUrl\":\"https:\/\/kwt.meiio.net\/wp-content\/uploads\/KWT-9835-Diagnose.jpg\",\"datePublished\":\"2010-03-08T11:56:01+00:00\",\"dateModified\":\"2020-09-03T07:47:17+00:00\",\"description\":\"GKV (devlet sigortas\u0131)\u2019dan sigortal\u0131 olanlar, yapay d\u00f6llenme y\u00f6ntemine ba\u015flamadan \u00f6nce sigortalar\u0131ndan masraflar\u0131n \u00f6denece\u011fine dair yaz\u0131l\u0131 bir teyit almalar\u0131 gerekir. Normalde bu yaz\u0131l\u0131 belge, 1 sene boyunca ge\u00e7erlili\u011fini korur.\",\"breadcrumb\":{\"@id\":\"https:\/\/kwt.meiio.net\/tr\/uzun-omur\/tuep-bebek-ve-kisirlik\/kosten\/gkv-patienten#breadcrumb\"},\"inLanguage\":\"tr\",\"potentialAction\":[{\"@type\":\"ReadAction\",\"target\":[\"https:\/\/kwt.meiio.net\/tr\/uzun-omur\/tuep-bebek-ve-kisirlik\/kosten\/gkv-patienten\"]}]},{\"@type\":\"ImageObject\",\"inLanguage\":\"tr\",\"@id\":\"https:\/\/kwt.meiio.net\/tr\/uzun-omur\/tuep-bebek-ve-kisirlik\/kosten\/gkv-patienten#primaryimage\",\"url\":\"https:\/\/kwt.meiio.net\/wp-content\/uploads\/KWT-9835-Diagnose.jpg\",\"contentUrl\":\"https:\/\/kwt.meiio.net\/wp-content\/uploads\/KWT-9835-Diagnose.jpg\",\"width\":2000,\"height\":670},{\"@type\":\"BreadcrumbList\",\"@id\":\"https:\/\/kwt.meiio.net\/tr\/uzun-omur\/tuep-bebek-ve-kisirlik\/kosten\/gkv-patienten#breadcrumb\",\"itemListElement\":[{\"@type\":\"ListItem\",\"position\":1,\"name\":\"Startseite\",\"item\":\"https:\/\/kwt.meiio.net\/tr\"},{\"@type\":\"ListItem\",\"position\":2,\"name\":\"Hizmet alanlar\u0131m\u0131z\",\"item\":\"https:\/\/kwt.meiio.net\/tr\/uzun-omur\"},{\"@type\":\"ListItem\",\"position\":3,\"name\":\"T\u00fcp bebek ve k\u0131s\u0131rl\u0131k\",\"item\":\"https:\/\/kwt.meiio.net\/tr\/uzun-omur\/tuep-bebek-ve-kisirlik\"},{\"@type\":\"ListItem\",\"position\":4,\"name\":\"Giderler\",\"item\":\"https:\/\/kwt.meiio.net\/tr\/uzun-omur\/tuep-bebek-ve-kisirlik\/kosten\"},{\"@type\":\"ListItem\",\"position\":5,\"name\":\"Devlet (GKV) sigortas\u0131ndan yararlanan hastalar\"}]},{\"@type\":\"WebSite\",\"@id\":\"https:\/\/kwt.meiio.net\/tr#website\",\"url\":\"https:\/\/kwt.meiio.net\/tr\",\"name\":\"Kinderwunschteam Berlin\",\"description\":\"Kinderwunsch- und Endometriose-Zentrum\",\"publisher\":{\"@id\":\"https:\/\/kwt.meiio.net\/tr#organization\"},\"potentialAction\":[{\"@type\":\"SearchAction\",\"target\":{\"@type\":\"EntryPoint\",\"urlTemplate\":\"https:\/\/kwt.meiio.net\/tr?s={search_term_string}\"},\"query-input\":{\"@type\":\"PropertyValueSpecification\",\"valueRequired\":true,\"valueName\":\"search_term_string\"}}],\"inLanguage\":\"tr\"},{\"@type\":\"Organization\",\"@id\":\"https:\/\/kwt.meiio.net\/tr#organization\",\"name\":\"Kinderwunschteam Berlin\",\"url\":\"https:\/\/kwt.meiio.net\/tr\",\"logo\":{\"@type\":\"ImageObject\",\"inLanguage\":\"tr\",\"@id\":\"https:\/\/kwt.meiio.net\/tr#\/schema\/logo\/image\/\",\"url\":\"https:\/\/kwt.meiio.net\/wp-content\/uploads\/Logo-KinderwunschteamBerlin-NavBar@2.png\",\"contentUrl\":\"https:\/\/kwt.meiio.net\/wp-content\/uploads\/Logo-KinderwunschteamBerlin-NavBar@2.png\",\"width\":800,\"height\":200,\"caption\":\"Kinderwunschteam Berlin\"},\"image\":{\"@id\":\"https:\/\/kwt.meiio.net\/tr#\/schema\/logo\/image\/\"},\"sameAs\":[\"https:\/\/www.facebook.com\/kinderwunschteam.berlin\/\",\"https:\/\/www.instagram.com\/kinderwunschteamberlin\/\"]}]}<\/script>\n<!-- \/ Yoast SEO plugin. -->","yoast_head_json":{"title":"Devlet (GKV) sigortas\u0131ndan yararlanan hastalar &#8226; Kinderwunschteam Berlin","description":"GKV (devlet sigortas\u0131)\u2019dan sigortal\u0131 olanlar, yapay d\u00f6llenme y\u00f6ntemine ba\u015flamadan \u00f6nce sigortalar\u0131ndan masraflar\u0131n \u00f6denece\u011fine dair yaz\u0131l\u0131 bir teyit almalar\u0131 gerekir. Normalde bu yaz\u0131l\u0131 belge, 1 sene boyunca ge\u00e7erlili\u011fini korur.","robots":{"index":"noindex","follow":"follow","max-snippet":"max-snippet:-1","max-image-preview":"max-image-preview:large","max-video-preview":"max-video-preview:-1"},"og_locale":"tr_TR","og_type":"article","og_title":"Devlet (GKV) sigortas\u0131ndan yararlanan hastalar &#8226; Kinderwunschteam Berlin","og_description":"GKV (devlet sigortas\u0131)\u2019dan sigortal\u0131 olanlar, yapay d\u00f6llenme y\u00f6ntemine ba\u015flamadan \u00f6nce sigortalar\u0131ndan masraflar\u0131n \u00f6denece\u011fine dair yaz\u0131l\u0131 bir teyit almalar\u0131 gerekir. Normalde bu yaz\u0131l\u0131 belge, 1 sene boyunca ge\u00e7erlili\u011fini korur.","og_url":"https:\/\/kwt.meiio.net\/tr\/uzun-omur\/tuep-bebek-ve-kisirlik\/kosten\/gkv-patienten","og_site_name":"Kinderwunschteam Berlin","article_publisher":"https:\/\/www.facebook.com\/kinderwunschteam.berlin\/","article_modified_time":"2020-09-03T07:47:17+00:00","og_image":[{"width":2000,"height":670,"url":"https:\/\/kwt.meiio.net\/wp-content\/uploads\/KWT-9835-Diagnose.jpg","type":"image\/jpeg"}],"twitter_card":"summary_large_image","schema":{"@context":"https:\/\/schema.org","@graph":[{"@type":"WebPage","@id":"https:\/\/kwt.meiio.net\/tr\/uzun-omur\/tuep-bebek-ve-kisirlik\/kosten\/gkv-patienten","url":"https:\/\/kwt.meiio.net\/tr\/uzun-omur\/tuep-bebek-ve-kisirlik\/kosten\/gkv-patienten","name":"Devlet (GKV) sigortas\u0131ndan yararlanan hastalar &#8226; Kinderwunschteam Berlin","isPartOf":{"@id":"https:\/\/kwt.meiio.net\/tr#website"},"primaryImageOfPage":{"@id":"https:\/\/kwt.meiio.net\/tr\/uzun-omur\/tuep-bebek-ve-kisirlik\/kosten\/gkv-patienten#primaryimage"},"image":{"@id":"https:\/\/kwt.meiio.net\/tr\/uzun-omur\/tuep-bebek-ve-kisirlik\/kosten\/gkv-patienten#primaryimage"},"thumbnailUrl":"https:\/\/kwt.meiio.net\/wp-content\/uploads\/KWT-9835-Diagnose.jpg","datePublished":"2010-03-08T11:56:01+00:00","dateModified":"2020-09-03T07:47:17+00:00","description":"GKV (devlet sigortas\u0131)\u2019dan sigortal\u0131 olanlar, yapay d\u00f6llenme y\u00f6ntemine ba\u015flamadan \u00f6nce sigortalar\u0131ndan masraflar\u0131n \u00f6denece\u011fine dair yaz\u0131l\u0131 bir teyit almalar\u0131 gerekir. Normalde bu yaz\u0131l\u0131 belge, 1 sene boyunca ge\u00e7erlili\u011fini korur.","breadcrumb":{"@id":"https:\/\/kwt.meiio.net\/tr\/uzun-omur\/tuep-bebek-ve-kisirlik\/kosten\/gkv-patienten#breadcrumb"},"inLanguage":"tr","potentialAction":[{"@type":"ReadAction","target":["https:\/\/kwt.meiio.net\/tr\/uzun-omur\/tuep-bebek-ve-kisirlik\/kosten\/gkv-patienten"]}]},{"@type":"ImageObject","inLanguage":"tr","@id":"https:\/\/kwt.meiio.net\/tr\/uzun-omur\/tuep-bebek-ve-kisirlik\/kosten\/gkv-patienten#primaryimage","url":"https:\/\/kwt.meiio.net\/wp-content\/uploads\/KWT-9835-Diagnose.jpg","contentUrl":"https:\/\/kwt.meiio.net\/wp-content\/uploads\/KWT-9835-Diagnose.jpg","width":2000,"height":670},{"@type":"BreadcrumbList","@id":"https:\/\/kwt.meiio.net\/tr\/uzun-omur\/tuep-bebek-ve-kisirlik\/kosten\/gkv-patienten#breadcrumb","itemListElement":[{"@type":"ListItem","position":1,"name":"Startseite","item":"https:\/\/kwt.meiio.net\/tr"},{"@type":"ListItem","position":2,"name":"Hizmet alanlar\u0131m\u0131z","item":"https:\/\/kwt.meiio.net\/tr\/uzun-omur"},{"@type":"ListItem","position":3,"name":"T\u00fcp bebek ve k\u0131s\u0131rl\u0131k","item":"https:\/\/kwt.meiio.net\/tr\/uzun-omur\/tuep-bebek-ve-kisirlik"},{"@type":"ListItem","position":4,"name":"Giderler","item":"https:\/\/kwt.meiio.net\/tr\/uzun-omur\/tuep-bebek-ve-kisirlik\/kosten"},{"@type":"ListItem","position":5,"name":"Devlet (GKV) sigortas\u0131ndan yararlanan hastalar"}]},{"@type":"WebSite","@id":"https:\/\/kwt.meiio.net\/tr#website","url":"https:\/\/kwt.meiio.net\/tr","name":"Kinderwunschteam Berlin","description":"Kinderwunsch- und Endometriose-Zentrum","publisher":{"@id":"https:\/\/kwt.meiio.net\/tr#organization"},"potentialAction":[{"@type":"SearchAction","target":{"@type":"EntryPoint","urlTemplate":"https:\/\/kwt.meiio.net\/tr?s={search_term_string}"},"query-input":{"@type":"PropertyValueSpecification","valueRequired":true,"valueName":"search_term_string"}}],"inLanguage":"tr"},{"@type":"Organization","@id":"https:\/\/kwt.meiio.net\/tr#organization","name":"Kinderwunschteam Berlin","url":"https:\/\/kwt.meiio.net\/tr","logo":{"@type":"ImageObject","inLanguage":"tr","@id":"https:\/\/kwt.meiio.net\/tr#\/schema\/logo\/image\/","url":"https:\/\/kwt.meiio.net\/wp-content\/uploads\/Logo-KinderwunschteamBerlin-NavBar@2.png","contentUrl":"https:\/\/kwt.meiio.net\/wp-content\/uploads\/Logo-KinderwunschteamBerlin-NavBar@2.png","width":800,"height":200,"caption":"Kinderwunschteam Berlin"},"image":{"@id":"https:\/\/kwt.meiio.net\/tr#\/schema\/logo\/image\/"},"sameAs":["https:\/\/www.facebook.com\/kinderwunschteam.berlin\/","https:\/\/www.instagram.com\/kinderwunschteamberlin\/"]}]}},"_links":{"self":[{"href":"https:\/\/kwt.meiio.net\/tr\/wp-json\/wp\/v2\/pages\/7513","targetHints":{"allow":["GET"]}}],"collection":[{"href":"https:\/\/kwt.meiio.net\/tr\/wp-json\/wp\/v2\/pages"}],"about":[{"href":"https:\/\/kwt.meiio.net\/tr\/wp-json\/wp\/v2\/types\/page"}],"author":[{"embeddable":true,"href":"https:\/\/kwt.meiio.net\/tr\/wp-json\/wp\/v2\/users\/2"}],"replies":[{"embeddable":true,"href":"https:\/\/kwt.meiio.net\/tr\/wp-json\/wp\/v2\/comments?post=7513"}],"version-history":[{"count":0,"href":"https:\/\/kwt.meiio.net\/tr\/wp-json\/wp\/v2\/pages\/7513\/revisions"}],"up":[{"embeddable":true,"href":"https:\/\/kwt.meiio.net\/tr\/wp-json\/wp\/v2\/pages\/7510"}],"wp:featuredmedia":[{"embeddable":true,"href":"https:\/\/kwt.meiio.net\/tr\/wp-json\/wp\/v2\/media\/7511"}],"wp:attachment":[{"href":"https:\/\/kwt.meiio.net\/tr\/wp-json\/wp\/v2\/media?parent=7513"}],"curies":[{"name":"wp","href":"https:\/\/api.w.org\/{rel}","templated":true}]}}