{"id":7508,"date":"2012-04-14T22:39:15","date_gmt":"2012-04-14T20:39:15","guid":{"rendered":"https:\/\/www.kinderwunschteam.berlin\/unsere-leistungsbereiche\/unerfuellter-kinderwunsch\/schwangerschaftsraten-statistiken\/"},"modified":"2020-09-04T00:34:49","modified_gmt":"2020-09-03T22:34:49","slug":"schwangerschaftsraten-statistiken","status":"publish","type":"page","link":"https:\/\/kwt.meiio.net\/tr\/uzun-omur\/tuep-bebek-ve-kisirlik\/schwangerschaftsraten-statistiken","title":{"rendered":"Schwangerschaftsraten"},"content":{"rendered":"<h2>Schwangerschaftsrate im Kinderwunschteam Berlin<br \/>\nf\u00fcr das Jahr 2015:<\/h2>\n<h2 style=\"font-size: 3.0rem;\">43,8 %<\/h2>\n<hr \/>\n<h3>Liebe Patientin, lieber Patient,<\/h3>\n<p>viele Zentren werben mit Ihren Schwangerschaftsraten.<\/p>\n<p>Wie die Ergebnisse berechnet wurden und ob das wirklich die Schwangerschaftsrate aller Patientinnen oder nur der sehr jungen Frauen ist, ist f\u00fcr den externen Betrachter manchmal schwer zu erkennen.<\/p>\n<p>Wir m\u00f6chten Ihnen unsere Ergebnisse transparent und offen darstellen und stellen Ihnen daher die f\u00fcr unser Zentrum von unabh\u00e4ngiger und offizieller Seite errechneten Schwangerschaftsraten zur Verf\u00fcgung \u2013 dem Deutschen IVF-Register (kurz DIR &#8211;<a href=\"https:\/\/www.deutsches-ivf-register.de\/\">https:\/\/www.deutsches-ivf-register.de\/<\/a> ).<\/p>\n<p>Das deutsche IVF-Register ist eine zentrale Institution, die von nahezu allen in Deutschland t\u00e4tigen reproduktionsmedizinischen Einrichtungen ihre Ergebnisse (u.a. Schwangerschaftsraten) erh\u00e4lt.<\/p>\n<p>Es ist somit ein Instrument der Qualit\u00e4tssicherung und ein Spiegelbild unserer eigenen Arbeit.<\/p>\n<p>Zusammenfassend geh\u00f6ren wir mit einer <strong>Schwangerschaftsrate von 43,8%<\/strong> \u00fcber alle Altersgruppen zu den <strong>Besten<\/strong> <strong>3% der in Deutschland t\u00e4tigen IVF-Praxen<\/strong>.<\/p>\n<figure id=\"attachment_4414\" aria-describedby=\"caption-attachment-4414\" style=\"width: 536px\" class=\"wp-caption alignnone\"><img decoding=\"async\" class=\"wp-image-4414 size-large\" src=\"https:\/\/kwt.meiio.net\/wp-content\/uploads\/\/Schwangerschaftsstatistik-Profil-Mai-2016-536x1024.jpg\" alt=\"Schwangerschaftsrate 2015\" width=\"536\" height=\"1024\" srcset=\"https:\/\/kwt.meiio.net\/wp-content\/uploads\/Schwangerschaftsstatistik-Profil-Mai-2016-536x1024.jpg 536w, https:\/\/kwt.meiio.net\/wp-content\/uploads\/Schwangerschaftsstatistik-Profil-Mai-2016-157x300.jpg 157w, https:\/\/kwt.meiio.net\/wp-content\/uploads\/Schwangerschaftsstatistik-Profil-Mai-2016-768x1468.jpg 768w, https:\/\/kwt.meiio.net\/wp-content\/uploads\/Schwangerschaftsstatistik-Profil-Mai-2016.jpg 800w\" sizes=\"(max-width: 536px) 100vw, 536px\" \/><figcaption id=\"caption-attachment-4414\" class=\"wp-caption-text\">Schwangerschaftsrate 2015<\/figcaption><\/figure>\n<p>Bemerkenswert daran ist zudem, dass wir dabei sehr h\u00e4ufig \u201enur\u201c die IVF durchf\u00fchren und nicht die viel invasivere und kostenintensivere ICSI-Therapie. Nur etwa 5% der in Deutschland t\u00e4tigen Zentren f\u00fchren so selten wie wir die ICSI durch. Damit liegen wir im Trend mit aktuellen Studien, die eher f\u00fcr die Nutzung der IVF pl\u00e4dieren, wenn die Spermienqualit\u00e4t es zul\u00e4sst (Bild 2).<\/p>\n<p><strong>Dies schont die Finanzen unserer Patienten bei gleichbleibend exzellenten Schwangerschaftsraten.<\/strong><\/p>\n<figure id=\"attachment_7129\" aria-describedby=\"caption-attachment-7129\" style=\"width: 540px\" class=\"wp-caption alignnone\"><img decoding=\"async\" class=\"wp-image-7129 size-large\" src=\"https:\/\/kwt.meiio.net\/wp-content\/uploads\/\/Schwangerschaftsstatistik-Profil-2-Mai-2016-540x1024.jpg\" alt=\"Schwangerschaftsrate 2015 #2\" width=\"540\" height=\"1024\" srcset=\"https:\/\/kwt.meiio.net\/wp-content\/uploads\/Schwangerschaftsstatistik-Profil-2-Mai-2016-540x1024.jpg 540w, https:\/\/kwt.meiio.net\/wp-content\/uploads\/Schwangerschaftsstatistik-Profil-2-Mai-2016-158x300.jpg 158w, https:\/\/kwt.meiio.net\/wp-content\/uploads\/Schwangerschaftsstatistik-Profil-2-Mai-2016-768x1455.jpg 768w, https:\/\/kwt.meiio.net\/wp-content\/uploads\/Schwangerschaftsstatistik-Profil-2-Mai-2016.jpg 800w\" sizes=\"(max-width: 540px) 100vw, 540px\" \/><figcaption id=\"caption-attachment-7129\" class=\"wp-caption-text\">Schwangerschaftsrate 2015 #2<\/figcaption><\/figure>\n<p>Die Graphik unten gibt Ihnen einen \u00dcberblick \u00fcber die Schwangerschaftsraten unterer Patientinnen nach IVF oder ICSI im letzten Jahr.<\/p>\n<p>Durchschnittlich sind die Schwangerschaftsraten in unserem Zentrum rund 7-8% h\u00f6her als im Bundesdurchschnitt aller Zentren in Deutschland. Bei den \u00fcber 40j\u00e4hrigen Patientinnen sind wir sogar \u00fcber 13% besser. Seit Jahren bem\u00fchen wir uns besonders um die Therapie von sogenannten \u201ePoor-Respondern\u201c, also Patientinnen, die nicht gut auf herk\u00f6mmliche Protokolle reagieren wie z.B. Endometriose-Patientinnen, oder eben \u201e\u00e4lteren\u201c Patientinnen.<\/p>\n<figure id=\"attachment_4415\" aria-describedby=\"caption-attachment-4415\" style=\"width: 800px\" class=\"wp-caption alignnone\"><img decoding=\"async\" class=\"wp-image-4415 size-full\" src=\"https:\/\/kwt.meiio.net\/wp-content\/uploads\/Schwangerschaftsstatistik-Raten-2015-2016.jpg\" alt=\"Schwangerschaftsrate 2016\" width=\"800\" height=\"630\" srcset=\"https:\/\/kwt.meiio.net\/wp-content\/uploads\/Schwangerschaftsstatistik-Raten-2015-2016.jpg 800w, https:\/\/kwt.meiio.net\/wp-content\/uploads\/Schwangerschaftsstatistik-Raten-2015-2016-300x236.jpg 300w, https:\/\/kwt.meiio.net\/wp-content\/uploads\/Schwangerschaftsstatistik-Raten-2015-2016-768x605.jpg 768w\" sizes=\"(max-width: 800px) 100vw, 800px\" \/><figcaption id=\"caption-attachment-4415\" class=\"wp-caption-text\">Schwangerschaftsrate 2016<\/figcaption><\/figure>\n","protected":false},"excerpt":{"rendered":"<p>Schwangerschaftsrate im Kinderwunschteam Berlin f\u00fcr das Jahr 2015: 43,8 % Liebe Patientin, lieber Patient, viele Zentren werben mit Ihren Schwangerschaftsraten. [&hellip;]<\/p>\n","protected":false},"author":2,"featured_media":7488,"parent":7487,"menu_order":4,"comment_status":"closed","ping_status":"closed","template":"page-siblingnavi.php","meta":{"footnotes":""},"class_list":["post-7508","page","type-page","status-publish","has-post-thumbnail","hentry"],"yoast_head":"<!-- This site is optimized with the Yoast SEO plugin v25.6 - https:\/\/yoast.com\/wordpress\/plugins\/seo\/ -->\n<title>Schwangerschaftsraten &#8226; Kinderwunschteam Berlin<\/title>\n<meta name=\"description\" content=\"Schwangerschaftsrate im Kinderwunschteam Berlin f\u00fcr das Jahr 2015: 43,8 % Liebe Patientin, lieber Patient, viele Zentren werben mit Ihren\" \/>\n<meta name=\"robots\" content=\"noindex, follow, max-snippet:-1, max-image-preview:large, max-video-preview:-1\" \/>\n<meta property=\"og:locale\" content=\"tr_TR\" \/>\n<meta property=\"og:type\" content=\"article\" \/>\n<meta property=\"og:title\" content=\"Schwangerschaftsraten &#8226; Kinderwunschteam Berlin\" \/>\n<meta property=\"og:description\" content=\"Schwangerschaftsrate im Kinderwunschteam Berlin f\u00fcr das Jahr 2015: 43,8 % Liebe Patientin, lieber Patient, viele Zentren werben mit Ihren\" \/>\n<meta property=\"og:url\" content=\"https:\/\/kwt.meiio.net\/tr\/uzun-omur\/tuep-bebek-ve-kisirlik\/schwangerschaftsraten-statistiken\" \/>\n<meta property=\"og:site_name\" content=\"Kinderwunschteam Berlin\" \/>\n<meta property=\"article:publisher\" content=\"https:\/\/www.facebook.com\/kinderwunschteam.berlin\/\" \/>\n<meta property=\"article:modified_time\" content=\"2020-09-03T22:34:49+00:00\" \/>\n<meta property=\"og:image\" content=\"https:\/\/kwt.meiio.net\/wp-content\/uploads\/KWT-8168-Storch.jpg\" \/>\n\t<meta property=\"og:image:width\" content=\"2000\" \/>\n\t<meta property=\"og:image:height\" content=\"670\" \/>\n\t<meta property=\"og:image:type\" content=\"image\/jpeg\" \/>\n<meta name=\"twitter:card\" content=\"summary_large_image\" \/>\n<script type=\"application\/ld+json\" class=\"yoast-schema-graph\">{\"@context\":\"https:\/\/schema.org\",\"@graph\":[{\"@type\":\"WebPage\",\"@id\":\"https:\/\/kwt.meiio.net\/tr\/uzun-omur\/tuep-bebek-ve-kisirlik\/schwangerschaftsraten-statistiken\",\"url\":\"https:\/\/kwt.meiio.net\/tr\/uzun-omur\/tuep-bebek-ve-kisirlik\/schwangerschaftsraten-statistiken\",\"name\":\"Schwangerschaftsraten &#8226; Kinderwunschteam Berlin\",\"isPartOf\":{\"@id\":\"https:\/\/kwt.meiio.net\/tr#website\"},\"primaryImageOfPage\":{\"@id\":\"https:\/\/kwt.meiio.net\/tr\/uzun-omur\/tuep-bebek-ve-kisirlik\/schwangerschaftsraten-statistiken#primaryimage\"},\"image\":{\"@id\":\"https:\/\/kwt.meiio.net\/tr\/uzun-omur\/tuep-bebek-ve-kisirlik\/schwangerschaftsraten-statistiken#primaryimage\"},\"thumbnailUrl\":\"https:\/\/kwt.meiio.net\/wp-content\/uploads\/KWT-8168-Storch.jpg\",\"datePublished\":\"2012-04-14T20:39:15+00:00\",\"dateModified\":\"2020-09-03T22:34:49+00:00\",\"description\":\"Schwangerschaftsrate im Kinderwunschteam Berlin f\u00fcr das Jahr 2015: 43,8 % Liebe Patientin, lieber Patient, viele Zentren werben mit Ihren\",\"breadcrumb\":{\"@id\":\"https:\/\/kwt.meiio.net\/tr\/uzun-omur\/tuep-bebek-ve-kisirlik\/schwangerschaftsraten-statistiken#breadcrumb\"},\"inLanguage\":\"tr\",\"potentialAction\":[{\"@type\":\"ReadAction\",\"target\":[\"https:\/\/kwt.meiio.net\/tr\/uzun-omur\/tuep-bebek-ve-kisirlik\/schwangerschaftsraten-statistiken\"]}]},{\"@type\":\"ImageObject\",\"inLanguage\":\"tr\",\"@id\":\"https:\/\/kwt.meiio.net\/tr\/uzun-omur\/tuep-bebek-ve-kisirlik\/schwangerschaftsraten-statistiken#primaryimage\",\"url\":\"https:\/\/kwt.meiio.net\/wp-content\/uploads\/KWT-8168-Storch.jpg\",\"contentUrl\":\"https:\/\/kwt.meiio.net\/wp-content\/uploads\/KWT-8168-Storch.jpg\",\"width\":2000,\"height\":670},{\"@type\":\"BreadcrumbList\",\"@id\":\"https:\/\/kwt.meiio.net\/tr\/uzun-omur\/tuep-bebek-ve-kisirlik\/schwangerschaftsraten-statistiken#breadcrumb\",\"itemListElement\":[{\"@type\":\"ListItem\",\"position\":1,\"name\":\"Startseite\",\"item\":\"https:\/\/kwt.meiio.net\/tr\"},{\"@type\":\"ListItem\",\"position\":2,\"name\":\"Hizmet alanlar\u0131m\u0131z\",\"item\":\"https:\/\/kwt.meiio.net\/tr\/uzun-omur\"},{\"@type\":\"ListItem\",\"position\":3,\"name\":\"T\u00fcp bebek ve k\u0131s\u0131rl\u0131k\",\"item\":\"https:\/\/kwt.meiio.net\/tr\/uzun-omur\/tuep-bebek-ve-kisirlik\"},{\"@type\":\"ListItem\",\"position\":4,\"name\":\"Schwangerschaftsraten\"}]},{\"@type\":\"WebSite\",\"@id\":\"https:\/\/kwt.meiio.net\/tr#website\",\"url\":\"https:\/\/kwt.meiio.net\/tr\",\"name\":\"Kinderwunschteam Berlin\",\"description\":\"Kinderwunsch- und Endometriose-Zentrum\",\"publisher\":{\"@id\":\"https:\/\/kwt.meiio.net\/tr#organization\"},\"potentialAction\":[{\"@type\":\"SearchAction\",\"target\":{\"@type\":\"EntryPoint\",\"urlTemplate\":\"https:\/\/kwt.meiio.net\/tr?s={search_term_string}\"},\"query-input\":{\"@type\":\"PropertyValueSpecification\",\"valueRequired\":true,\"valueName\":\"search_term_string\"}}],\"inLanguage\":\"tr\"},{\"@type\":\"Organization\",\"@id\":\"https:\/\/kwt.meiio.net\/tr#organization\",\"name\":\"Kinderwunschteam Berlin\",\"url\":\"https:\/\/kwt.meiio.net\/tr\",\"logo\":{\"@type\":\"ImageObject\",\"inLanguage\":\"tr\",\"@id\":\"https:\/\/kwt.meiio.net\/tr#\/schema\/logo\/image\/\",\"url\":\"https:\/\/kwt.meiio.net\/wp-content\/uploads\/Logo-KinderwunschteamBerlin-NavBar@2.png\",\"contentUrl\":\"https:\/\/kwt.meiio.net\/wp-content\/uploads\/Logo-KinderwunschteamBerlin-NavBar@2.png\",\"width\":800,\"height\":200,\"caption\":\"Kinderwunschteam Berlin\"},\"image\":{\"@id\":\"https:\/\/kwt.meiio.net\/tr#\/schema\/logo\/image\/\"},\"sameAs\":[\"https:\/\/www.facebook.com\/kinderwunschteam.berlin\/\",\"https:\/\/www.instagram.com\/kinderwunschteamberlin\/\"]}]}<\/script>\n<!-- \/ Yoast SEO plugin. -->","yoast_head_json":{"title":"Schwangerschaftsraten &#8226; Kinderwunschteam Berlin","description":"Schwangerschaftsrate im Kinderwunschteam Berlin f\u00fcr das Jahr 2015: 43,8 % Liebe Patientin, lieber Patient, viele Zentren werben mit Ihren","robots":{"index":"noindex","follow":"follow","max-snippet":"max-snippet:-1","max-image-preview":"max-image-preview:large","max-video-preview":"max-video-preview:-1"},"og_locale":"tr_TR","og_type":"article","og_title":"Schwangerschaftsraten &#8226; Kinderwunschteam Berlin","og_description":"Schwangerschaftsrate im Kinderwunschteam Berlin f\u00fcr das Jahr 2015: 43,8 % Liebe Patientin, lieber Patient, viele Zentren werben mit Ihren","og_url":"https:\/\/kwt.meiio.net\/tr\/uzun-omur\/tuep-bebek-ve-kisirlik\/schwangerschaftsraten-statistiken","og_site_name":"Kinderwunschteam Berlin","article_publisher":"https:\/\/www.facebook.com\/kinderwunschteam.berlin\/","article_modified_time":"2020-09-03T22:34:49+00:00","og_image":[{"width":2000,"height":670,"url":"https:\/\/kwt.meiio.net\/wp-content\/uploads\/KWT-8168-Storch.jpg","type":"image\/jpeg"}],"twitter_card":"summary_large_image","schema":{"@context":"https:\/\/schema.org","@graph":[{"@type":"WebPage","@id":"https:\/\/kwt.meiio.net\/tr\/uzun-omur\/tuep-bebek-ve-kisirlik\/schwangerschaftsraten-statistiken","url":"https:\/\/kwt.meiio.net\/tr\/uzun-omur\/tuep-bebek-ve-kisirlik\/schwangerschaftsraten-statistiken","name":"Schwangerschaftsraten &#8226; Kinderwunschteam Berlin","isPartOf":{"@id":"https:\/\/kwt.meiio.net\/tr#website"},"primaryImageOfPage":{"@id":"https:\/\/kwt.meiio.net\/tr\/uzun-omur\/tuep-bebek-ve-kisirlik\/schwangerschaftsraten-statistiken#primaryimage"},"image":{"@id":"https:\/\/kwt.meiio.net\/tr\/uzun-omur\/tuep-bebek-ve-kisirlik\/schwangerschaftsraten-statistiken#primaryimage"},"thumbnailUrl":"https:\/\/kwt.meiio.net\/wp-content\/uploads\/KWT-8168-Storch.jpg","datePublished":"2012-04-14T20:39:15+00:00","dateModified":"2020-09-03T22:34:49+00:00","description":"Schwangerschaftsrate im Kinderwunschteam Berlin f\u00fcr das Jahr 2015: 43,8 % Liebe Patientin, lieber Patient, viele Zentren werben mit Ihren","breadcrumb":{"@id":"https:\/\/kwt.meiio.net\/tr\/uzun-omur\/tuep-bebek-ve-kisirlik\/schwangerschaftsraten-statistiken#breadcrumb"},"inLanguage":"tr","potentialAction":[{"@type":"ReadAction","target":["https:\/\/kwt.meiio.net\/tr\/uzun-omur\/tuep-bebek-ve-kisirlik\/schwangerschaftsraten-statistiken"]}]},{"@type":"ImageObject","inLanguage":"tr","@id":"https:\/\/kwt.meiio.net\/tr\/uzun-omur\/tuep-bebek-ve-kisirlik\/schwangerschaftsraten-statistiken#primaryimage","url":"https:\/\/kwt.meiio.net\/wp-content\/uploads\/KWT-8168-Storch.jpg","contentUrl":"https:\/\/kwt.meiio.net\/wp-content\/uploads\/KWT-8168-Storch.jpg","width":2000,"height":670},{"@type":"BreadcrumbList","@id":"https:\/\/kwt.meiio.net\/tr\/uzun-omur\/tuep-bebek-ve-kisirlik\/schwangerschaftsraten-statistiken#breadcrumb","itemListElement":[{"@type":"ListItem","position":1,"name":"Startseite","item":"https:\/\/kwt.meiio.net\/tr"},{"@type":"ListItem","position":2,"name":"Hizmet alanlar\u0131m\u0131z","item":"https:\/\/kwt.meiio.net\/tr\/uzun-omur"},{"@type":"ListItem","position":3,"name":"T\u00fcp bebek ve k\u0131s\u0131rl\u0131k","item":"https:\/\/kwt.meiio.net\/tr\/uzun-omur\/tuep-bebek-ve-kisirlik"},{"@type":"ListItem","position":4,"name":"Schwangerschaftsraten"}]},{"@type":"WebSite","@id":"https:\/\/kwt.meiio.net\/tr#website","url":"https:\/\/kwt.meiio.net\/tr","name":"Kinderwunschteam Berlin","description":"Kinderwunsch- und Endometriose-Zentrum","publisher":{"@id":"https:\/\/kwt.meiio.net\/tr#organization"},"potentialAction":[{"@type":"SearchAction","target":{"@type":"EntryPoint","urlTemplate":"https:\/\/kwt.meiio.net\/tr?s={search_term_string}"},"query-input":{"@type":"PropertyValueSpecification","valueRequired":true,"valueName":"search_term_string"}}],"inLanguage":"tr"},{"@type":"Organization","@id":"https:\/\/kwt.meiio.net\/tr#organization","name":"Kinderwunschteam Berlin","url":"https:\/\/kwt.meiio.net\/tr","logo":{"@type":"ImageObject","inLanguage":"tr","@id":"https:\/\/kwt.meiio.net\/tr#\/schema\/logo\/image\/","url":"https:\/\/kwt.meiio.net\/wp-content\/uploads\/Logo-KinderwunschteamBerlin-NavBar@2.png","contentUrl":"https:\/\/kwt.meiio.net\/wp-content\/uploads\/Logo-KinderwunschteamBerlin-NavBar@2.png","width":800,"height":200,"caption":"Kinderwunschteam Berlin"},"image":{"@id":"https:\/\/kwt.meiio.net\/tr#\/schema\/logo\/image\/"},"sameAs":["https:\/\/www.facebook.com\/kinderwunschteam.berlin\/","https:\/\/www.instagram.com\/kinderwunschteamberlin\/"]}]}},"_links":{"self":[{"href":"https:\/\/kwt.meiio.net\/tr\/wp-json\/wp\/v2\/pages\/7508","targetHints":{"allow":["GET"]}}],"collection":[{"href":"https:\/\/kwt.meiio.net\/tr\/wp-json\/wp\/v2\/pages"}],"about":[{"href":"https:\/\/kwt.meiio.net\/tr\/wp-json\/wp\/v2\/types\/page"}],"author":[{"embeddable":true,"href":"https:\/\/kwt.meiio.net\/tr\/wp-json\/wp\/v2\/users\/2"}],"replies":[{"embeddable":true,"href":"https:\/\/kwt.meiio.net\/tr\/wp-json\/wp\/v2\/comments?post=7508"}],"version-history":[{"count":0,"href":"https:\/\/kwt.meiio.net\/tr\/wp-json\/wp\/v2\/pages\/7508\/revisions"}],"up":[{"embeddable":true,"href":"https:\/\/kwt.meiio.net\/tr\/wp-json\/wp\/v2\/pages\/7487"}],"wp:featuredmedia":[{"embeddable":true,"href":"https:\/\/kwt.meiio.net\/tr\/wp-json\/wp\/v2\/media\/7488"}],"wp:attachment":[{"href":"https:\/\/kwt.meiio.net\/tr\/wp-json\/wp\/v2\/media?parent=7508"}],"curies":[{"name":"wp","href":"https:\/\/api.w.org\/{rel}","templated":true}]}}